{"id":89,"date":"2020-07-30T14:48:36","date_gmt":"2020-07-30T18:48:36","guid":{"rendered":"https:\/\/cchim.ca\/?page_id=89"},"modified":"2024-09-14T15:55:15","modified_gmt":"2024-09-14T19:55:15","slug":"about-the-college","status":"publish","type":"page","link":"https:\/\/cchim.ca\/fr\/about-the-college\/","title":{"rendered":"\u00c0 propos du Coll\u00e8ge"},"content":{"rendered":"\n<div class=\"wp-block-cover alignfull is-light\"><span aria-hidden=\"true\" class=\"wp-block-cover__background has-background-dim\"><\/span><img fetchpriority=\"high\" decoding=\"async\" width=\"1920\" height=\"1080\" class=\"wp-block-cover__image-background wp-image-142\" alt=\"\" src=\"https:\/\/cchim.ca\/wp-content\/uploads\/2020\/08\/cchim-collaboration.webp\" style=\"object-position:62% 34%\" data-object-fit=\"cover\" data-object-position=\"62% 34%\" srcset=\"https:\/\/cchim.ca\/wp-content\/uploads\/2020\/08\/cchim-collaboration.webp 1920w, https:\/\/cchim.ca\/wp-content\/uploads\/2020\/08\/cchim-collaboration-650x366.webp 650w, https:\/\/cchim.ca\/wp-content\/uploads\/2020\/08\/cchim-collaboration-940x529.webp 940w, https:\/\/cchim.ca\/wp-content\/uploads\/2020\/08\/cchim-collaboration-768x432.webp 768w, https:\/\/cchim.ca\/wp-content\/uploads\/2020\/08\/cchim-collaboration-1536x864.webp 1536w\" sizes=\"(max-width: 1920px) 100vw, 1920px\" \/><div class=\"wp-block-cover__inner-container is-layout-flow wp-block-cover-is-layout-flow\">\n<h1 class=\"wp-block-heading\"><span class=\"is-style-slug\">\u00c0 propos du Coll\u00e8ge canadien de gestion de l\u2019information sur la sant\u00e9<\/span>Des renseignements de qualit\u00e9 sur la sant\u00e9 permettent un Canada en meilleure sant\u00e9<\/h1>\n<\/div><\/div>\n\n<div class=\"wp-block-pb-section alignfull is-style-white\"><div class=\"o-container\">\n<div class=\"o-row\">\n<div class=\"o-col u-8of12-md\">\n<h2 class=\"wp-block-heading\">Le Coll\u00e8ge canadien de gestion de l\u2019information sur la sant\u00e9 est une soci\u00e9t\u00e9 nationale sans but lucratif qui \u00e9tablit les normes d\u2019agr\u00e9ment des \u00e9tablissements d\u2019enseignement et les normes de certification pour les professionnels de l\u2019information sur la sant\u00e9 au Canada.<\/h2>\n\n\n\n<p class=\"has-text-align-left\">L\u2019Ordre, constitu\u00e9 en soci\u00e9t\u00e9 en 1972, prot\u00e8ge l\u2019int\u00e9r\u00eat public en gouvernant et en r\u00e9glementant la pratique professionnelle de plus de 4 600 inscrits certifi\u00e9s en mati\u00e8re de renseignements sur la sant\u00e9.\nEn rehaussant son statut d\u2019organisme de r\u00e9glementation, l\u2019Ordre fait progresser la professionnalisation de l\u2019industrie de l\u2019information sur la sant\u00e9 et la reconnaissance de ses professionnels comme un moteur cl\u00e9 des politiques, du financement et des soins que les Canadiens re\u00e7oivent. <\/p>\n\n\n\n<div style=\"height:20px\" aria-hidden=\"true\" class=\"wp-block-spacer\"><\/div>\n\n\n\n<div class=\"wp-block-buttons is-layout-flex wp-block-buttons-is-layout-flex\">\n<div class=\"wp-block-button\"><a class=\"wp-block-button__link\" href=\"https:\/\/cchim.ca\/fr\/membres\/\">En savoir plus sur l\u2019adh\u00e9sion<\/a><\/div>\n<\/div>\n<\/div>\n\n\n\n<div class=\"o-col u-2of12-md\"><\/div>\n<\/div>\n<\/div><\/div>\n\n<div class=\"wp-block-pb-section alignfull is-style-dark-pattern\"><div class=\"o-container\">\n<div class=\"o-block-grid u-justify-content-center o-block-grid-3-md o-block-grid-3-lg o-block-grid-4-xl\">\n<div class=\"o-block-grid__item\">\n<div class=\"wp-block-pb-card is-style-default\"><div class=\"wp-block-pb-card__content\">\n<h2 class=\"wp-block-heading\">Programmes agr\u00e9\u00e9s<\/h2>\n\n\n\n<ul class=\"is-style-ruled wp-block-list\"><li><a href=\"\/program-directory\/\"><\/a><a href=\"\/program-directory\/\">Voir tous les programmes<\/a><\/li><li><a href=\"\/about-the-college\/program-accreditation\/\"><\/a><a href=\"\/about-the-college\/program-accreditation\/\">Accr\u00e9ditation du programme<\/a><\/li><\/ul>\n<\/div><\/div>\n<\/div>\n\n\n\n<div class=\"o-block-grid__item\">\n<div class=\"wp-block-pb-card\"><div class=\"wp-block-pb-card__content\">\n<h2 class=\"wp-block-heading\">Certifications<\/h2>\n\n\n\n<ul class=\"is-style-ruled wp-block-list\"><li><a href=\"https:\/\/cchim.ca\/fr\/certification\/chim\/\"><\/a><a href=\"https:\/\/cchim.ca\/fr\/certification\/chim\/\">Certification de la gestion de l\u2019information sur la sant\u00e9<\/a><\/li><li><a href=\"https:\/\/cchim.ca\/fr\/certification\/le-cccs\/\"><\/a><a href=\"https:\/\/cchim.ca\/fr\/certification\/le-cccs\/\">Certification de classification et de codage<\/a><\/li><li><a href=\"https:\/\/cchim.ca\/fr\/certification\/ctss\/\"><\/a><a href=\"https:\/\/cchim.ca\/fr\/certification\/ctss\/\">Certification des normes terminologiques<\/a><\/li><li><a href=\"https:\/\/cchim.ca\/fr\/certification\/le-ccdis\/\"><\/a><a href=\"https:\/\/cchim.ca\/fr\/certification\/le-ccdis\/\">Certification de l\u2019am\u00e9lioration de la documentation clinique<\/a><\/li><\/ul>\n<\/div><\/div>\n<\/div>\n\n\n\n<div class=\"o-block-grid__item\">\n<div class=\"wp-block-pb-card\"><div class=\"wp-block-pb-card__content\">\n<h2 class=\"wp-block-heading\">Examens<\/h2>\n\n\n\n<ul class=\"is-style-ruled wp-block-list\"><li><a href=\"https:\/\/cchim.ca\/fr\/certification\/chim\/\"><\/a><a href=\"https:\/\/cchim.ca\/fr\/certification\/chim\/\">Gestion de l\u2019information sur la sant\u00e9 \u2013 CHIM NCE <\/a> <\/li><li><a href=\"https:\/\/cchim.ca\/fr\/certification\/le-cccs\/\"><\/a><a href=\"https:\/\/cchim.ca\/fr\/certification\/le-cccs\/\">Classification et codage \u2013 RCE du SCCE <\/a> <\/li><li><a href=\"https:\/\/cchim.ca\/fr\/certification\/le-ccdis\/\"><\/a><a href=\"https:\/\/cchim.ca\/fr\/certification\/le-ccdis\/\">Am\u00e9lioration de la documentation clinique \u2013 RCE du CCDIS<\/a> <\/li><\/ul>\n<\/div><\/div>\n<\/div>\n\n\n\n<div class=\"o-block-grid__item\">\n<div class=\"wp-block-pb-card is-style-white\"><div class=\"wp-block-pb-card__content\">\n<h2 class=\"wp-block-heading\">Liens rapides<\/h2>\n\n\n\n<p><a href=\"https:\/\/cchim.ca\/fr\/membres\/programme-de-formation-professionnelle-continue\/\">Programme de formation professionnelle continue<\/a><\/p>\n\n\n\n<p><a href=\"https:\/\/cchim.ca\/fr\/membres\/repertoire-des-professionnels\/\"><\/a><a href=\"https:\/\/cchim.ca\/fr\/membres\/repertoire-des-professionnels\/\">Registre des professionnels<\/a><\/p>\n<\/div><\/div>\n<\/div>\n<\/div>\n<\/div><\/div>\n","protected":false},"excerpt":{"rendered":"","protected":false},"author":10,"featured_media":92,"parent":0,"menu_order":5,"comment_status":"closed","ping_status":"closed","template":"","meta":{"footnotes":""},"class_list":["post-89","page","type-page","status-publish","has-post-thumbnail","hentry"],"yoast_head":"<!-- This site is optimized with the Yoast SEO Premium plugin v26.2 (Yoast SEO v27.3) - https:\/\/yoast.com\/product\/yoast-seo-premium-wordpress\/ -->\n<title>\u00c0 propos du Coll\u00e8ge - Canadian College of Health Information Management<\/title>\n<meta name=\"description\" content=\"\u00c0 propos du Coll\u00e8ge canadien de gestion de l\u2019information sur la sant\u00e9Des renseignements de qualit\u00e9 sur la sant\u00e9 permettent un Canada en meilleure sant\u00e9 Le\" \/>\n<meta name=\"robots\" content=\"index, follow, max-snippet:-1, max-image-preview:large, max-video-preview:-1\" \/>\n<link rel=\"canonical\" href=\"https:\/\/cchim.ca\/fr\/about-the-college\/\" \/>\n<meta property=\"og:locale\" content=\"fr_CA\" \/>\n<meta property=\"og:type\" content=\"article\" \/>\n<meta property=\"og:title\" content=\"\u00c0 propos du Coll\u00e8ge\" \/>\n<meta property=\"og:description\" content=\"\u00c0 propos du Coll\u00e8ge canadien de gestion de l\u2019information sur la sant\u00e9Des renseignements de qualit\u00e9 sur la sant\u00e9 permettent un Canada en meilleure sant\u00e9 Le\" \/>\n<meta property=\"og:url\" content=\"https:\/\/cchim.ca\/fr\/about-the-college\/\" \/>\n<meta property=\"og:site_name\" content=\"Canadian College of Health Information Management\" \/>\n<meta property=\"article:modified_time\" content=\"2024-09-14T19:55:15+00:00\" \/>\n<meta property=\"og:image\" content=\"https:\/\/cchim.ca\/wp-content\/uploads\/2020\/07\/christina-wocintechchat-com-glRqyWJgUeY-unsplash-scaled.jpg\" \/>\n\t<meta property=\"og:image:width\" content=\"2560\" \/>\n\t<meta property=\"og:image:height\" content=\"1709\" \/>\n\t<meta property=\"og:image:type\" content=\"image\/jpeg\" \/>\n<meta name=\"twitter:card\" content=\"summary_large_image\" \/>\n<meta name=\"twitter:label1\" content=\"Estimation du temps de lecture\" \/>\n\t<meta name=\"twitter:data1\" content=\"2 minutes\" \/>\n<script type=\"application\/ld+json\" class=\"yoast-schema-graph\">{\"@context\":\"https:\\\/\\\/schema.org\",\"@graph\":[{\"@type\":\"WebPage\",\"@id\":\"https:\\\/\\\/cchim.ca\\\/fr\\\/about-the-college\\\/\",\"url\":\"https:\\\/\\\/cchim.ca\\\/fr\\\/about-the-college\\\/\",\"name\":\"\u00c0 propos du Coll\u00e8ge - Canadian College of Health Information Management\",\"isPartOf\":{\"@id\":\"https:\\\/\\\/cchim.ca\\\/#website\"},\"primaryImageOfPage\":{\"@id\":\"https:\\\/\\\/cchim.ca\\\/fr\\\/about-the-college\\\/#primaryimage\"},\"image\":{\"@id\":\"https:\\\/\\\/cchim.ca\\\/fr\\\/about-the-college\\\/#primaryimage\"},\"thumbnailUrl\":\"https:\\\/\\\/cchim.ca\\\/wp-content\\\/uploads\\\/2020\\\/07\\\/christina-wocintechchat-com-glRqyWJgUeY-unsplash-scaled.jpg\",\"datePublished\":\"2020-07-30T18:48:36+00:00\",\"dateModified\":\"2024-09-14T19:55:15+00:00\",\"description\":\"\u00c0 propos du Coll\u00e8ge canadien de gestion de l\u2019information sur la sant\u00e9Des renseignements de qualit\u00e9 sur la sant\u00e9 permettent un Canada en meilleure sant\u00e9 Le\",\"breadcrumb\":{\"@id\":\"https:\\\/\\\/cchim.ca\\\/fr\\\/about-the-college\\\/#breadcrumb\"},\"inLanguage\":\"fr-CA\",\"potentialAction\":[{\"@type\":\"ReadAction\",\"target\":[\"https:\\\/\\\/cchim.ca\\\/fr\\\/about-the-college\\\/\"]}]},{\"@type\":\"ImageObject\",\"inLanguage\":\"fr-CA\",\"@id\":\"https:\\\/\\\/cchim.ca\\\/fr\\\/about-the-college\\\/#primaryimage\",\"url\":\"https:\\\/\\\/cchim.ca\\\/wp-content\\\/uploads\\\/2020\\\/07\\\/christina-wocintechchat-com-glRqyWJgUeY-unsplash-scaled.jpg\",\"contentUrl\":\"https:\\\/\\\/cchim.ca\\\/wp-content\\\/uploads\\\/2020\\\/07\\\/christina-wocintechchat-com-glRqyWJgUeY-unsplash-scaled.jpg\",\"width\":2560,\"height\":1709,\"caption\":\"femmes utilisant un ordinateur appuy\u00e9 contre un mur de verre\"},{\"@type\":\"BreadcrumbList\",\"@id\":\"https:\\\/\\\/cchim.ca\\\/fr\\\/about-the-college\\\/#breadcrumb\",\"itemListElement\":[{\"@type\":\"ListItem\",\"position\":1,\"name\":\"Home\",\"item\":\"https:\\\/\\\/cchim.ca\\\/\"},{\"@type\":\"ListItem\",\"position\":2,\"name\":\"\u00c0 propos du Coll\u00e8ge\"}]},{\"@type\":\"WebSite\",\"@id\":\"https:\\\/\\\/cchim.ca\\\/#website\",\"url\":\"https:\\\/\\\/cchim.ca\\\/\",\"name\":\"Canadian College of Health Information Management\",\"description\":\"Accrediting academic institutions and certifying health information professionals\",\"publisher\":{\"@id\":\"https:\\\/\\\/cchim.ca\\\/#organization\"},\"alternateName\":\"CCHIM\",\"potentialAction\":[{\"@type\":\"SearchAction\",\"target\":{\"@type\":\"EntryPoint\",\"urlTemplate\":\"https:\\\/\\\/cchim.ca\\\/?s={search_term_string}\"},\"query-input\":{\"@type\":\"PropertyValueSpecification\",\"valueRequired\":true,\"valueName\":\"search_term_string\"}}],\"inLanguage\":\"fr-CA\"},{\"@type\":\"Organization\",\"@id\":\"https:\\\/\\\/cchim.ca\\\/#organization\",\"name\":\"Canadian College of Health Information Management\",\"alternateName\":\"CCHIM\",\"url\":\"https:\\\/\\\/cchim.ca\\\/\",\"logo\":{\"@type\":\"ImageObject\",\"inLanguage\":\"fr-CA\",\"@id\":\"https:\\\/\\\/cchim.ca\\\/#\\\/schema\\\/logo\\\/image\\\/\",\"url\":\"https:\\\/\\\/cchim.ca\\\/wp-content\\\/uploads\\\/2020\\\/08\\\/cropped-favicon.webp\",\"contentUrl\":\"https:\\\/\\\/cchim.ca\\\/wp-content\\\/uploads\\\/2020\\\/08\\\/cropped-favicon.webp\",\"width\":512,\"height\":512,\"caption\":\"Canadian College of Health Information Management\"},\"image\":{\"@id\":\"https:\\\/\\\/cchim.ca\\\/#\\\/schema\\\/logo\\\/image\\\/\"},\"description\":\"Canadian College of Health Information Management\",\"email\":\"support@echima.ca\",\"legalName\":\"Canadian College of Health Information Management\",\"foundingDate\":\"1972-09-07\",\"numberOfEmployees\":{\"@type\":\"QuantitativeValue\",\"minValue\":\"11\",\"maxValue\":\"50\"}}]}<\/script>\n<!-- \/ Yoast SEO Premium plugin. -->","yoast_head_json":{"title":"\u00c0 propos du Coll\u00e8ge - Canadian College of Health Information Management","description":"\u00c0 propos du Coll\u00e8ge canadien de gestion de l\u2019information sur la sant\u00e9Des renseignements de qualit\u00e9 sur la sant\u00e9 permettent un Canada en meilleure sant\u00e9 Le","robots":{"index":"index","follow":"follow","max-snippet":"max-snippet:-1","max-image-preview":"max-image-preview:large","max-video-preview":"max-video-preview:-1"},"canonical":"https:\/\/cchim.ca\/fr\/about-the-college\/","og_locale":"fr_CA","og_type":"article","og_title":"\u00c0 propos du Coll\u00e8ge","og_description":"\u00c0 propos du Coll\u00e8ge canadien de gestion de l\u2019information sur la sant\u00e9Des renseignements de qualit\u00e9 sur la sant\u00e9 permettent un Canada en meilleure sant\u00e9 Le","og_url":"https:\/\/cchim.ca\/fr\/about-the-college\/","og_site_name":"Canadian College of Health Information Management","article_modified_time":"2024-09-14T19:55:15+00:00","og_image":[{"width":2560,"height":1709,"url":"https:\/\/cchim.ca\/wp-content\/uploads\/2020\/07\/christina-wocintechchat-com-glRqyWJgUeY-unsplash-scaled.jpg","type":"image\/jpeg"}],"twitter_card":"summary_large_image","twitter_misc":{"Estimation du temps de lecture":"2 minutes"},"schema":{"@context":"https:\/\/schema.org","@graph":[{"@type":"WebPage","@id":"https:\/\/cchim.ca\/fr\/about-the-college\/","url":"https:\/\/cchim.ca\/fr\/about-the-college\/","name":"\u00c0 propos du Coll\u00e8ge - Canadian College of Health Information Management","isPartOf":{"@id":"https:\/\/cchim.ca\/#website"},"primaryImageOfPage":{"@id":"https:\/\/cchim.ca\/fr\/about-the-college\/#primaryimage"},"image":{"@id":"https:\/\/cchim.ca\/fr\/about-the-college\/#primaryimage"},"thumbnailUrl":"https:\/\/cchim.ca\/wp-content\/uploads\/2020\/07\/christina-wocintechchat-com-glRqyWJgUeY-unsplash-scaled.jpg","datePublished":"2020-07-30T18:48:36+00:00","dateModified":"2024-09-14T19:55:15+00:00","description":"\u00c0 propos du Coll\u00e8ge canadien de gestion de l\u2019information sur la sant\u00e9Des renseignements de qualit\u00e9 sur la sant\u00e9 permettent un Canada en meilleure sant\u00e9 Le","breadcrumb":{"@id":"https:\/\/cchim.ca\/fr\/about-the-college\/#breadcrumb"},"inLanguage":"fr-CA","potentialAction":[{"@type":"ReadAction","target":["https:\/\/cchim.ca\/fr\/about-the-college\/"]}]},{"@type":"ImageObject","inLanguage":"fr-CA","@id":"https:\/\/cchim.ca\/fr\/about-the-college\/#primaryimage","url":"https:\/\/cchim.ca\/wp-content\/uploads\/2020\/07\/christina-wocintechchat-com-glRqyWJgUeY-unsplash-scaled.jpg","contentUrl":"https:\/\/cchim.ca\/wp-content\/uploads\/2020\/07\/christina-wocintechchat-com-glRqyWJgUeY-unsplash-scaled.jpg","width":2560,"height":1709,"caption":"femmes utilisant un ordinateur appuy\u00e9 contre un mur de verre"},{"@type":"BreadcrumbList","@id":"https:\/\/cchim.ca\/fr\/about-the-college\/#breadcrumb","itemListElement":[{"@type":"ListItem","position":1,"name":"Home","item":"https:\/\/cchim.ca\/"},{"@type":"ListItem","position":2,"name":"\u00c0 propos du Coll\u00e8ge"}]},{"@type":"WebSite","@id":"https:\/\/cchim.ca\/#website","url":"https:\/\/cchim.ca\/","name":"Canadian College of Health Information Management","description":"Accrediting academic institutions and certifying health information professionals","publisher":{"@id":"https:\/\/cchim.ca\/#organization"},"alternateName":"CCHIM","potentialAction":[{"@type":"SearchAction","target":{"@type":"EntryPoint","urlTemplate":"https:\/\/cchim.ca\/?s={search_term_string}"},"query-input":{"@type":"PropertyValueSpecification","valueRequired":true,"valueName":"search_term_string"}}],"inLanguage":"fr-CA"},{"@type":"Organization","@id":"https:\/\/cchim.ca\/#organization","name":"Canadian College of Health Information Management","alternateName":"CCHIM","url":"https:\/\/cchim.ca\/","logo":{"@type":"ImageObject","inLanguage":"fr-CA","@id":"https:\/\/cchim.ca\/#\/schema\/logo\/image\/","url":"https:\/\/cchim.ca\/wp-content\/uploads\/2020\/08\/cropped-favicon.webp","contentUrl":"https:\/\/cchim.ca\/wp-content\/uploads\/2020\/08\/cropped-favicon.webp","width":512,"height":512,"caption":"Canadian College of Health Information Management"},"image":{"@id":"https:\/\/cchim.ca\/#\/schema\/logo\/image\/"},"description":"Canadian College of Health Information Management","email":"support@echima.ca","legalName":"Canadian College of Health Information Management","foundingDate":"1972-09-07","numberOfEmployees":{"@type":"QuantitativeValue","minValue":"11","maxValue":"50"}}]}},"_links":{"self":[{"href":"https:\/\/cchim.ca\/fr\/wp-json\/wp\/v2\/pages\/89","targetHints":{"allow":["GET"]}}],"collection":[{"href":"https:\/\/cchim.ca\/fr\/wp-json\/wp\/v2\/pages"}],"about":[{"href":"https:\/\/cchim.ca\/fr\/wp-json\/wp\/v2\/types\/page"}],"author":[{"embeddable":true,"href":"https:\/\/cchim.ca\/fr\/wp-json\/wp\/v2\/users\/10"}],"replies":[{"embeddable":true,"href":"https:\/\/cchim.ca\/fr\/wp-json\/wp\/v2\/comments?post=89"}],"version-history":[{"count":0,"href":"https:\/\/cchim.ca\/fr\/wp-json\/wp\/v2\/pages\/89\/revisions"}],"wp:featuredmedia":[{"embeddable":true,"href":"https:\/\/cchim.ca\/fr\/wp-json\/wp\/v2\/media\/92"}],"wp:attachment":[{"href":"https:\/\/cchim.ca\/fr\/wp-json\/wp\/v2\/media?parent=89"}],"curies":[{"name":"wp","href":"https:\/\/api.w.org\/{rel}","templated":true}]}}