{"id":886106,"date":"2025-12-04T17:36:33","date_gmt":"2025-12-04T22:36:33","guid":{"rendered":"https:\/\/cchim.ca\/determination-des-credits-cpe\/"},"modified":"2025-12-04T17:55:26","modified_gmt":"2025-12-04T22:55:26","slug":"determination-des-credits-cpe","status":"publish","type":"page","link":"https:\/\/cchim.ca\/fr\/determination-des-credits-cpe\/","title":{"rendered":"D\u00e9termination des cr\u00e9dits CPE"},"content":{"rendered":"\t\t<div data-elementor-type=\"wp-page\" data-elementor-id=\"886106\" class=\"elementor elementor-886106 elementor-886076\" data-elementor-post-type=\"page\">\n\t\t\t\t<div data-particle_enable=\"false\" data-particle-mobile-disabled=\"false\" class=\"elementor-element elementor-element-5aa7908 e-flex e-con-boxed e-con e-parent\" data-id=\"5aa7908\" data-element_type=\"container\" data-e-type=\"container\">\n\t\t\t\t\t<div class=\"e-con-inner\">\n\t\t\t\t<div class=\"elementor-element elementor-element-9b7a27a elementor-widget elementor-widget-text-editor\" data-id=\"9b7a27a\" data-element_type=\"widget\" data-e-type=\"widget\" data-widget_type=\"text-editor.default\">\n\t\t\t\t<div class=\"elementor-widget-container\">\n\t\t\t\t\t\t\t\t\t<p style=\"font-weight: 400;\">Cr\u00e9dits CPE &#8211; Coll\u00e8ge canadien de gestion de l\u2019information en sant\u00e9<\/p>\t\t\t\t\t\t\t\t<\/div>\n\t\t\t\t<\/div>\n\t\t\t\t<div class=\"elementor-element elementor-element-14992c7 elementor-widget elementor-widget-text-editor\" data-id=\"14992c7\" data-element_type=\"widget\" data-e-type=\"widget\" data-widget_type=\"text-editor.default\">\n\t\t\t\t<div class=\"elementor-widget-container\">\n\t\t\t\t\t\t\t\t\t<h1 style=\"font-weight: 400;\"><strong>D\u00e9terminer les cr\u00e9dits de formation professionnelle continue (CPE)<\/strong><\/h1>\t\t\t\t\t\t\t\t<\/div>\n\t\t\t\t<\/div>\n\t\t\t\t<div class=\"elementor-element elementor-element-7166a1a elementor-widget elementor-widget-image\" data-id=\"7166a1a\" data-element_type=\"widget\" data-e-type=\"widget\" data-widget_type=\"image.default\">\n\t\t\t\t<div class=\"elementor-widget-container\">\n\t\t\t\t\t\t\t\t\t\t\t\t\t\t\t<img fetchpriority=\"high\" decoding=\"async\" width=\"528\" height=\"1536\" src=\"https:\/\/cchim.ca\/wp-content\/uploads\/2025\/12\/CPE-Map1.png\" class=\"attachment-1536x1536 size-1536x1536 wp-image-886108\" alt=\"\" \/>\t\t\t\t\t\t\t\t\t\t\t\t\t\t\t<\/div>\n\t\t\t\t<\/div>\n\t\t\t\t<div class=\"elementor-element elementor-element-7c71794 elementor-widget elementor-widget-spacer\" data-id=\"7c71794\" data-element_type=\"widget\" data-e-type=\"widget\" data-widget_type=\"spacer.default\">\n\t\t\t\t<div class=\"elementor-widget-container\">\n\t\t\t\t\t\t\t<div class=\"elementor-spacer\">\n\t\t\t<div class=\"elementor-spacer-inner\"><\/div>\n\t\t<\/div>\n\t\t\t\t\t\t<\/div>\n\t\t\t\t<\/div>\n\t\t\t\t\t<\/div>\n\t\t\t\t<\/div>\n\t\t<div data-particle_enable=\"false\" data-particle-mobile-disabled=\"false\" class=\"elementor-element elementor-element-98e3b75 e-flex e-con-boxed e-con e-parent\" data-id=\"98e3b75\" data-element_type=\"container\" data-e-type=\"container\">\n\t\t\t\t\t<div class=\"e-con-inner\">\n\t\t\t\t<div class=\"elementor-element elementor-element-00bffc6 elementor-widget elementor-widget-heading\" data-id=\"00bffc6\" data-element_type=\"widget\" data-e-type=\"widget\" data-widget_type=\"heading.default\">\n\t\t\t\t<div class=\"elementor-widget-container\">\n\t\t\t\t\t<h2 class=\"elementor-heading-title elementor-size-default\">Compl\u00e9tion de cours dans un \u00e9tablissement postsecondaire ou un fournisseur d\u2019\u00e9ducation<\/h2>\t\t\t\t<\/div>\n\t\t\t\t<\/div>\n\t\t\t\t<div class=\"elementor-element elementor-element-7c52f83 elementor-widget elementor-widget-image\" data-id=\"7c52f83\" data-element_type=\"widget\" data-e-type=\"widget\" data-widget_type=\"image.default\">\n\t\t\t\t<div class=\"elementor-widget-container\">\n\t\t\t\t\t\t\t\t\t\t\t\t\t\t\t<img decoding=\"async\" width=\"650\" height=\"355\" src=\"https:\/\/cchim.ca\/wp-content\/uploads\/2025\/12\/CPE-Map2-3-650x355.png\" class=\"attachment-medium size-medium wp-image-886099\" alt=\"\" srcset=\"https:\/\/cchim.ca\/wp-content\/uploads\/2025\/12\/CPE-Map2-3-650x355.png 650w, https:\/\/cchim.ca\/wp-content\/uploads\/2025\/12\/CPE-Map2-3-940x513.png 940w, https:\/\/cchim.ca\/wp-content\/uploads\/2025\/12\/CPE-Map2-3-768x419.png 768w, https:\/\/cchim.ca\/wp-content\/uploads\/2025\/12\/CPE-Map2-3-1536x838.png 1536w, https:\/\/cchim.ca\/wp-content\/uploads\/2025\/12\/CPE-Map2-3-2048x1117.png 2048w\" sizes=\"(max-width: 650px) 100vw, 650px\" \/>\t\t\t\t\t\t\t\t\t\t\t\t\t\t\t<\/div>\n\t\t\t\t<\/div>\n\t\t\t\t<div class=\"elementor-element elementor-element-56975b5 elementor-widget elementor-widget-spacer\" data-id=\"56975b5\" data-element_type=\"widget\" data-e-type=\"widget\" data-widget_type=\"spacer.default\">\n\t\t\t\t<div class=\"elementor-widget-container\">\n\t\t\t\t\t\t\t<div class=\"elementor-spacer\">\n\t\t\t<div class=\"elementor-spacer-inner\"><\/div>\n\t\t<\/div>\n\t\t\t\t\t\t<\/div>\n\t\t\t\t<\/div>\n\t\t\t\t\t<\/div>\n\t\t\t\t<\/div>\n\t\t<div data-particle_enable=\"false\" data-particle-mobile-disabled=\"false\" class=\"elementor-element elementor-element-4247ad5 e-flex e-con-boxed e-con e-parent\" data-id=\"4247ad5\" data-element_type=\"container\" data-e-type=\"container\">\n\t\t\t\t\t<div class=\"e-con-inner\">\n\t\t\t\t<div class=\"elementor-element elementor-element-cc671fc elementor-widget elementor-widget-heading\" data-id=\"cc671fc\" data-element_type=\"widget\" data-e-type=\"widget\" data-widget_type=\"heading.default\">\n\t\t\t\t<div class=\"elementor-widget-container\">\n\t\t\t\t\t<h2 class=\"elementor-heading-title elementor-size-default\">Conseils de gouvernance et consultatifs, comit\u00e9s, groupes\nde travail et groupes de travail de l\u2019HI<\/h2>\t\t\t\t<\/div>\n\t\t\t\t<\/div>\n\t\t\t\t<div class=\"elementor-element elementor-element-03b5158 elementor-widget elementor-widget-image\" data-id=\"03b5158\" data-element_type=\"widget\" data-e-type=\"widget\" data-widget_type=\"image.default\">\n\t\t\t\t<div class=\"elementor-widget-container\">\n\t\t\t\t\t\t\t\t\t\t\t\t\t\t\t<img decoding=\"async\" width=\"650\" height=\"355\" src=\"https:\/\/cchim.ca\/wp-content\/uploads\/2025\/12\/CPE-Map3-1-650x355.png\" class=\"attachment-medium size-medium wp-image-886101\" alt=\"\" srcset=\"https:\/\/cchim.ca\/wp-content\/uploads\/2025\/12\/CPE-Map3-1-650x355.png 650w, https:\/\/cchim.ca\/wp-content\/uploads\/2025\/12\/CPE-Map3-1-940x513.png 940w, https:\/\/cchim.ca\/wp-content\/uploads\/2025\/12\/CPE-Map3-1-768x419.png 768w, https:\/\/cchim.ca\/wp-content\/uploads\/2025\/12\/CPE-Map3-1-1536x838.png 1536w, https:\/\/cchim.ca\/wp-content\/uploads\/2025\/12\/CPE-Map3-1-2048x1117.png 2048w\" sizes=\"(max-width: 650px) 100vw, 650px\" \/>\t\t\t\t\t\t\t\t\t\t\t\t\t\t\t<\/div>\n\t\t\t\t<\/div>\n\t\t\t\t<div class=\"elementor-element elementor-element-246f7ae elementor-widget elementor-widget-spacer\" data-id=\"246f7ae\" data-element_type=\"widget\" data-e-type=\"widget\" data-widget_type=\"spacer.default\">\n\t\t\t\t<div class=\"elementor-widget-container\">\n\t\t\t\t\t\t\t<div class=\"elementor-spacer\">\n\t\t\t<div class=\"elementor-spacer-inner\"><\/div>\n\t\t<\/div>\n\t\t\t\t\t\t<\/div>\n\t\t\t\t<\/div>\n\t\t\t\t\t<\/div>\n\t\t\t\t<\/div>\n\t\t<div data-particle_enable=\"false\" data-particle-mobile-disabled=\"false\" class=\"elementor-element elementor-element-807087b e-flex e-con-boxed e-con e-parent\" data-id=\"807087b\" data-element_type=\"container\" data-e-type=\"container\">\n\t\t\t\t\t<div class=\"e-con-inner\">\n\t\t\t\t<div class=\"elementor-element elementor-element-888e523 elementor-widget elementor-widget-heading\" data-id=\"888e523\" data-element_type=\"widget\" data-e-type=\"widget\" data-widget_type=\"heading.default\">\n\t\t\t\t<div class=\"elementor-widget-container\">\n\t\t\t\t\t<h2 class=\"elementor-heading-title elementor-size-default\">Contribution aux publications<\/h2>\t\t\t\t<\/div>\n\t\t\t\t<\/div>\n\t\t\t\t<div class=\"elementor-element elementor-element-2790890 elementor-widget elementor-widget-heading\" data-id=\"2790890\" data-element_type=\"widget\" data-e-type=\"widget\" data-widget_type=\"heading.default\">\n\t\t\t\t<div class=\"elementor-widget-container\">\n\t\t\t\t\t<h3 class=\"elementor-heading-title elementor-size-default\">Auteur\/\u00c9diteur<\/h3>\t\t\t\t<\/div>\n\t\t\t\t<\/div>\n\t\t\t\t<div class=\"elementor-element elementor-element-bfea295 elementor-widget elementor-widget-image\" data-id=\"bfea295\" data-element_type=\"widget\" data-e-type=\"widget\" data-widget_type=\"image.default\">\n\t\t\t\t<div class=\"elementor-widget-container\">\n\t\t\t\t\t\t\t\t\t\t\t\t\t\t\t<img loading=\"lazy\" decoding=\"async\" width=\"650\" height=\"414\" src=\"https:\/\/cchim.ca\/wp-content\/uploads\/2025\/12\/CPE-Map4-650x414.png\" class=\"attachment-medium size-medium wp-image-886103\" alt=\"\" srcset=\"https:\/\/cchim.ca\/wp-content\/uploads\/2025\/12\/CPE-Map4-650x414.png 650w, https:\/\/cchim.ca\/wp-content\/uploads\/2025\/12\/CPE-Map4-940x598.png 940w, https:\/\/cchim.ca\/wp-content\/uploads\/2025\/12\/CPE-Map4-768x489.png 768w, https:\/\/cchim.ca\/wp-content\/uploads\/2025\/12\/CPE-Map4-1536x977.png 1536w, https:\/\/cchim.ca\/wp-content\/uploads\/2025\/12\/CPE-Map4-2048x1303.png 2048w\" sizes=\"(max-width: 650px) 100vw, 650px\" \/>\t\t\t\t\t\t\t\t\t\t\t\t\t\t\t<\/div>\n\t\t\t\t<\/div>\n\t\t\t\t<div class=\"elementor-element elementor-element-c741697 elementor-widget elementor-widget-spacer\" data-id=\"c741697\" data-element_type=\"widget\" data-e-type=\"widget\" data-widget_type=\"spacer.default\">\n\t\t\t\t<div class=\"elementor-widget-container\">\n\t\t\t\t\t\t\t<div class=\"elementor-spacer\">\n\t\t\t<div class=\"elementor-spacer-inner\"><\/div>\n\t\t<\/div>\n\t\t\t\t\t\t<\/div>\n\t\t\t\t<\/div>\n\t\t\t\t<div class=\"elementor-element elementor-element-015c3f6 elementor-widget elementor-widget-heading\" data-id=\"015c3f6\" data-element_type=\"widget\" data-e-type=\"widget\" data-widget_type=\"heading.default\">\n\t\t\t\t<div class=\"elementor-widget-container\">\n\t\t\t\t\t<h3 class=\"elementor-heading-title elementor-size-default\">Critique<\/h3>\t\t\t\t<\/div>\n\t\t\t\t<\/div>\n\t\t\t\t<div class=\"elementor-element elementor-element-4a1ca8b elementor-widget elementor-widget-image\" data-id=\"4a1ca8b\" data-element_type=\"widget\" data-e-type=\"widget\" data-widget_type=\"image.default\">\n\t\t\t\t<div class=\"elementor-widget-container\">\n\t\t\t\t\t\t\t\t\t\t\t\t\t\t\t<img loading=\"lazy\" decoding=\"async\" width=\"650\" height=\"118\" src=\"https:\/\/cchim.ca\/wp-content\/uploads\/2025\/12\/CPE-Map5-1-650x118.png\" class=\"attachment-medium size-medium wp-image-886105\" alt=\"\" srcset=\"https:\/\/cchim.ca\/wp-content\/uploads\/2025\/12\/CPE-Map5-1-650x118.png 650w, https:\/\/cchim.ca\/wp-content\/uploads\/2025\/12\/CPE-Map5-1-940x171.png 940w, https:\/\/cchim.ca\/wp-content\/uploads\/2025\/12\/CPE-Map5-1-768x140.png 768w, https:\/\/cchim.ca\/wp-content\/uploads\/2025\/12\/CPE-Map5-1-1536x279.png 1536w, https:\/\/cchim.ca\/wp-content\/uploads\/2025\/12\/CPE-Map5-1-2048x372.png 2048w\" sizes=\"(max-width: 650px) 100vw, 650px\" \/>\t\t\t\t\t\t\t\t\t\t\t\t\t\t\t<\/div>\n\t\t\t\t<\/div>\n\t\t\t\t<div class=\"elementor-element elementor-element-a0d499d elementor-widget elementor-widget-spacer\" data-id=\"a0d499d\" data-element_type=\"widget\" data-e-type=\"widget\" data-widget_type=\"spacer.default\">\n\t\t\t\t<div class=\"elementor-widget-container\">\n\t\t\t\t\t\t\t<div class=\"elementor-spacer\">\n\t\t\t<div class=\"elementor-spacer-inner\"><\/div>\n\t\t<\/div>\n\t\t\t\t\t\t<\/div>\n\t\t\t\t<\/div>\n\t\t\t\t\t<\/div>\n\t\t\t\t<\/div>\n\t\t<div data-particle_enable=\"false\" data-particle-mobile-disabled=\"false\" class=\"elementor-element elementor-element-5ad2db8 e-flex e-con-boxed e-con e-parent\" data-id=\"5ad2db8\" data-element_type=\"container\" data-e-type=\"container\">\n\t\t\t\t\t<div class=\"e-con-inner\">\n\t\t\t\t<div class=\"elementor-element elementor-element-d1ebde6 elementor-widget elementor-widget-text-editor\" data-id=\"d1ebde6\" data-element_type=\"widget\" data-e-type=\"widget\" data-widget_type=\"text-editor.default\">\n\t\t\t\t<div class=\"elementor-widget-container\">\n\t\t\t\t\t\t\t\t\t<p>Si vous n\u2019\u00eates toujours pas certain, envoyez les d\u00e9tails de votre activit\u00e9 \u00e0 general@echima.ca.<\/p>\t\t\t\t\t\t\t\t<\/div>\n\t\t\t\t<\/div>\n\t\t\t\t\t<\/div>\n\t\t\t\t<\/div>\n\t\t\t\t<\/div>\n\t\t","protected":false},"excerpt":{"rendered":"<p>Cr\u00e9dits CPE &#8211; Coll\u00e8ge canadien de gestion de l\u2019information en sant\u00e9 D\u00e9terminer les cr\u00e9dits de formation professionnelle continue (CPE) Compl\u00e9tion de cours dans un \u00e9tablissement postsecondaire ou un fournisseur d\u2019\u00e9ducation Conseils de gouvernance et consultatifs, comit\u00e9s, groupes de travail et groupes de travail de&#8230;<\/p>\n","protected":false},"author":321339,"featured_media":0,"parent":0,"menu_order":0,"comment_status":"closed","ping_status":"closed","template":"","meta":{"footnotes":""},"class_list":["post-886106","page","type-page","status-publish","hentry"],"yoast_head":"<!-- This site is optimized with the Yoast SEO Premium plugin v26.2 (Yoast SEO v27.3) - https:\/\/yoast.com\/product\/yoast-seo-premium-wordpress\/ -->\n<title>D\u00e9termination des cr\u00e9dits CPE - Canadian College of Health Information Management<\/title>\n<meta name=\"description\" content=\"Cr\u00e9dits CPE - Coll\u00e8ge canadien de gestion de l\u2019information en sant\u00e9D\u00e9terminer les cr\u00e9dits de formation professionnelle continue (CPE) Compl\u00e9tion de cours\" \/>\n<meta name=\"robots\" content=\"index, follow, max-snippet:-1, max-image-preview:large, max-video-preview:-1\" \/>\n<link rel=\"canonical\" href=\"https:\/\/cchim.ca\/determining-cpe-credits\/\" \/>\n<meta property=\"og:locale\" content=\"fr_CA\" \/>\n<meta property=\"og:type\" content=\"article\" \/>\n<meta property=\"og:title\" content=\"D\u00e9termination des cr\u00e9dits CPE\" \/>\n<meta property=\"og:description\" content=\"Cr\u00e9dits CPE - Coll\u00e8ge canadien de gestion de l\u2019information en sant\u00e9D\u00e9terminer les cr\u00e9dits de formation professionnelle continue (CPE) Compl\u00e9tion de cours\" \/>\n<meta property=\"og:url\" content=\"https:\/\/cchim.ca\/determining-cpe-credits\/\" \/>\n<meta property=\"og:site_name\" content=\"Canadian College of Health Information Management\" \/>\n<meta property=\"article:modified_time\" content=\"2025-12-04T22:55:26+00:00\" \/>\n<meta property=\"og:image\" content=\"https:\/\/cchim.ca\/wp-content\/uploads\/2025\/12\/CPE-Map1.png\" \/>\n\t<meta property=\"og:image:width\" content=\"6600\" \/>\n\t<meta property=\"og:image:height\" content=\"19200\" \/>\n\t<meta property=\"og:image:type\" content=\"image\/png\" \/>\n<meta name=\"twitter:card\" content=\"summary_large_image\" \/>\n<script type=\"application\/ld+json\" class=\"yoast-schema-graph\">{\"@context\":\"https:\\\/\\\/schema.org\",\"@graph\":[{\"@type\":\"WebPage\",\"@id\":\"https:\\\/\\\/cchim.ca\\\/determining-cpe-credits\\\/\",\"url\":\"https:\\\/\\\/cchim.ca\\\/determining-cpe-credits\\\/\",\"name\":\"D\u00e9termination des cr\u00e9dits CPE - Canadian College of Health Information Management\",\"isPartOf\":{\"@id\":\"https:\\\/\\\/cchim.ca\\\/#website\"},\"primaryImageOfPage\":{\"@id\":\"https:\\\/\\\/cchim.ca\\\/determining-cpe-credits\\\/#primaryimage\"},\"image\":{\"@id\":\"https:\\\/\\\/cchim.ca\\\/determining-cpe-credits\\\/#primaryimage\"},\"thumbnailUrl\":\"https:\\\/\\\/cchim.ca\\\/wp-content\\\/uploads\\\/2025\\\/12\\\/CPE-Map1.png\",\"datePublished\":\"2025-12-04T22:36:33+00:00\",\"dateModified\":\"2025-12-04T22:55:26+00:00\",\"description\":\"Cr\u00e9dits CPE - Coll\u00e8ge canadien de gestion de l\u2019information en sant\u00e9D\u00e9terminer les cr\u00e9dits de formation professionnelle continue (CPE) Compl\u00e9tion de cours\",\"breadcrumb\":{\"@id\":\"https:\\\/\\\/cchim.ca\\\/determining-cpe-credits\\\/#breadcrumb\"},\"inLanguage\":\"fr-CA\",\"potentialAction\":[{\"@type\":\"ReadAction\",\"target\":[\"https:\\\/\\\/cchim.ca\\\/determining-cpe-credits\\\/\"]}]},{\"@type\":\"ImageObject\",\"inLanguage\":\"fr-CA\",\"@id\":\"https:\\\/\\\/cchim.ca\\\/determining-cpe-credits\\\/#primaryimage\",\"url\":\"https:\\\/\\\/cchim.ca\\\/wp-content\\\/uploads\\\/2025\\\/12\\\/CPE-Map1.png\",\"contentUrl\":\"https:\\\/\\\/cchim.ca\\\/wp-content\\\/uploads\\\/2025\\\/12\\\/CPE-Map1.png\"},{\"@type\":\"BreadcrumbList\",\"@id\":\"https:\\\/\\\/cchim.ca\\\/determining-cpe-credits\\\/#breadcrumb\",\"itemListElement\":[{\"@type\":\"ListItem\",\"position\":1,\"name\":\"Home\",\"item\":\"https:\\\/\\\/cchim.ca\\\/\"},{\"@type\":\"ListItem\",\"position\":2,\"name\":\"D\u00e9termination des cr\u00e9dits CPE\"}]},{\"@type\":\"WebSite\",\"@id\":\"https:\\\/\\\/cchim.ca\\\/#website\",\"url\":\"https:\\\/\\\/cchim.ca\\\/\",\"name\":\"Canadian College of Health Information Management\",\"description\":\"Accrediting academic institutions and certifying health information professionals\",\"publisher\":{\"@id\":\"https:\\\/\\\/cchim.ca\\\/#organization\"},\"alternateName\":\"CCHIM\",\"potentialAction\":[{\"@type\":\"SearchAction\",\"target\":{\"@type\":\"EntryPoint\",\"urlTemplate\":\"https:\\\/\\\/cchim.ca\\\/?s={search_term_string}\"},\"query-input\":{\"@type\":\"PropertyValueSpecification\",\"valueRequired\":true,\"valueName\":\"search_term_string\"}}],\"inLanguage\":\"fr-CA\"},{\"@type\":\"Organization\",\"@id\":\"https:\\\/\\\/cchim.ca\\\/#organization\",\"name\":\"Canadian College of Health Information Management\",\"alternateName\":\"CCHIM\",\"url\":\"https:\\\/\\\/cchim.ca\\\/\",\"logo\":{\"@type\":\"ImageObject\",\"inLanguage\":\"fr-CA\",\"@id\":\"https:\\\/\\\/cchim.ca\\\/#\\\/schema\\\/logo\\\/image\\\/\",\"url\":\"https:\\\/\\\/cchim.ca\\\/wp-content\\\/uploads\\\/2020\\\/08\\\/cropped-favicon.webp\",\"contentUrl\":\"https:\\\/\\\/cchim.ca\\\/wp-content\\\/uploads\\\/2020\\\/08\\\/cropped-favicon.webp\",\"width\":512,\"height\":512,\"caption\":\"Canadian College of Health Information Management\"},\"image\":{\"@id\":\"https:\\\/\\\/cchim.ca\\\/#\\\/schema\\\/logo\\\/image\\\/\"},\"description\":\"Canadian College of Health Information Management\",\"email\":\"support@echima.ca\",\"legalName\":\"Canadian College of Health Information Management\",\"foundingDate\":\"1972-09-07\",\"numberOfEmployees\":{\"@type\":\"QuantitativeValue\",\"minValue\":\"11\",\"maxValue\":\"50\"}}]}<\/script>\n<!-- \/ Yoast SEO Premium plugin. -->","yoast_head_json":{"title":"D\u00e9termination des cr\u00e9dits CPE - Canadian College of Health Information Management","description":"Cr\u00e9dits CPE - Coll\u00e8ge canadien de gestion de l\u2019information en sant\u00e9D\u00e9terminer les cr\u00e9dits de formation professionnelle continue (CPE) Compl\u00e9tion de cours","robots":{"index":"index","follow":"follow","max-snippet":"max-snippet:-1","max-image-preview":"max-image-preview:large","max-video-preview":"max-video-preview:-1"},"canonical":"https:\/\/cchim.ca\/determining-cpe-credits\/","og_locale":"fr_CA","og_type":"article","og_title":"D\u00e9termination des cr\u00e9dits CPE","og_description":"Cr\u00e9dits CPE - Coll\u00e8ge canadien de gestion de l\u2019information en sant\u00e9D\u00e9terminer les cr\u00e9dits de formation professionnelle continue (CPE) Compl\u00e9tion de cours","og_url":"https:\/\/cchim.ca\/determining-cpe-credits\/","og_site_name":"Canadian College of Health Information Management","article_modified_time":"2025-12-04T22:55:26+00:00","og_image":[{"width":6600,"height":19200,"url":"https:\/\/cchim.ca\/wp-content\/uploads\/2025\/12\/CPE-Map1.png","type":"image\/png"}],"twitter_card":"summary_large_image","schema":{"@context":"https:\/\/schema.org","@graph":[{"@type":"WebPage","@id":"https:\/\/cchim.ca\/determining-cpe-credits\/","url":"https:\/\/cchim.ca\/determining-cpe-credits\/","name":"D\u00e9termination des cr\u00e9dits CPE - Canadian College of Health Information Management","isPartOf":{"@id":"https:\/\/cchim.ca\/#website"},"primaryImageOfPage":{"@id":"https:\/\/cchim.ca\/determining-cpe-credits\/#primaryimage"},"image":{"@id":"https:\/\/cchim.ca\/determining-cpe-credits\/#primaryimage"},"thumbnailUrl":"https:\/\/cchim.ca\/wp-content\/uploads\/2025\/12\/CPE-Map1.png","datePublished":"2025-12-04T22:36:33+00:00","dateModified":"2025-12-04T22:55:26+00:00","description":"Cr\u00e9dits CPE - Coll\u00e8ge canadien de gestion de l\u2019information en sant\u00e9D\u00e9terminer les cr\u00e9dits de formation professionnelle continue (CPE) Compl\u00e9tion de cours","breadcrumb":{"@id":"https:\/\/cchim.ca\/determining-cpe-credits\/#breadcrumb"},"inLanguage":"fr-CA","potentialAction":[{"@type":"ReadAction","target":["https:\/\/cchim.ca\/determining-cpe-credits\/"]}]},{"@type":"ImageObject","inLanguage":"fr-CA","@id":"https:\/\/cchim.ca\/determining-cpe-credits\/#primaryimage","url":"https:\/\/cchim.ca\/wp-content\/uploads\/2025\/12\/CPE-Map1.png","contentUrl":"https:\/\/cchim.ca\/wp-content\/uploads\/2025\/12\/CPE-Map1.png"},{"@type":"BreadcrumbList","@id":"https:\/\/cchim.ca\/determining-cpe-credits\/#breadcrumb","itemListElement":[{"@type":"ListItem","position":1,"name":"Home","item":"https:\/\/cchim.ca\/"},{"@type":"ListItem","position":2,"name":"D\u00e9termination des cr\u00e9dits CPE"}]},{"@type":"WebSite","@id":"https:\/\/cchim.ca\/#website","url":"https:\/\/cchim.ca\/","name":"Canadian College of Health Information Management","description":"Accrediting academic institutions and certifying health information professionals","publisher":{"@id":"https:\/\/cchim.ca\/#organization"},"alternateName":"CCHIM","potentialAction":[{"@type":"SearchAction","target":{"@type":"EntryPoint","urlTemplate":"https:\/\/cchim.ca\/?s={search_term_string}"},"query-input":{"@type":"PropertyValueSpecification","valueRequired":true,"valueName":"search_term_string"}}],"inLanguage":"fr-CA"},{"@type":"Organization","@id":"https:\/\/cchim.ca\/#organization","name":"Canadian College of Health Information Management","alternateName":"CCHIM","url":"https:\/\/cchim.ca\/","logo":{"@type":"ImageObject","inLanguage":"fr-CA","@id":"https:\/\/cchim.ca\/#\/schema\/logo\/image\/","url":"https:\/\/cchim.ca\/wp-content\/uploads\/2020\/08\/cropped-favicon.webp","contentUrl":"https:\/\/cchim.ca\/wp-content\/uploads\/2020\/08\/cropped-favicon.webp","width":512,"height":512,"caption":"Canadian College of Health Information Management"},"image":{"@id":"https:\/\/cchim.ca\/#\/schema\/logo\/image\/"},"description":"Canadian College of Health Information Management","email":"support@echima.ca","legalName":"Canadian College of Health Information Management","foundingDate":"1972-09-07","numberOfEmployees":{"@type":"QuantitativeValue","minValue":"11","maxValue":"50"}}]}},"_links":{"self":[{"href":"https:\/\/cchim.ca\/fr\/wp-json\/wp\/v2\/pages\/886106","targetHints":{"allow":["GET"]}}],"collection":[{"href":"https:\/\/cchim.ca\/fr\/wp-json\/wp\/v2\/pages"}],"about":[{"href":"https:\/\/cchim.ca\/fr\/wp-json\/wp\/v2\/types\/page"}],"author":[{"embeddable":true,"href":"https:\/\/cchim.ca\/fr\/wp-json\/wp\/v2\/users\/321339"}],"replies":[{"embeddable":true,"href":"https:\/\/cchim.ca\/fr\/wp-json\/wp\/v2\/comments?post=886106"}],"version-history":[{"count":0,"href":"https:\/\/cchim.ca\/fr\/wp-json\/wp\/v2\/pages\/886106\/revisions"}],"wp:attachment":[{"href":"https:\/\/cchim.ca\/fr\/wp-json\/wp\/v2\/media?parent=886106"}],"curies":[{"name":"wp","href":"https:\/\/api.w.org\/{rel}","templated":true}]}}