{"id":886047,"date":"2025-10-23T17:03:55","date_gmt":"2025-10-23T21:03:55","guid":{"rendered":"https:\/\/cchim.ca\/about-the-college\/glossaire-code-dethique-des-professionnels-de-linformation-en-sante\/"},"modified":"2025-10-23T17:08:09","modified_gmt":"2025-10-23T21:08:09","slug":"glossaire-code-dethique-des-professionnels-de-linformation-en-sante","status":"publish","type":"page","link":"https:\/\/cchim.ca\/fr\/about-the-college\/glossaire-code-dethique-des-professionnels-de-linformation-en-sante\/","title":{"rendered":"Glossaire &#8211; Code d\u2019\u00e9thique des professionnels de l\u2019information en sant\u00e9"},"content":{"rendered":"\t\t<div data-elementor-type=\"wp-page\" data-elementor-id=\"886047\" class=\"elementor elementor-886047 elementor-886045\" data-elementor-post-type=\"page\">\n\t\t\t\t<div data-particle_enable=\"false\" data-particle-mobile-disabled=\"false\" class=\"elementor-element elementor-element-55af8977 e-flex e-con-boxed e-con e-parent\" data-id=\"55af8977\" data-element_type=\"container\" data-e-type=\"container\">\n\t\t\t\t\t<div class=\"e-con-inner\">\n\t\t\t\t<div class=\"elementor-element elementor-element-7c3e8330 elementor-widget elementor-widget-text-editor\" data-id=\"7c3e8330\" data-element_type=\"widget\" data-e-type=\"widget\" data-widget_type=\"text-editor.default\">\n\t\t\t\t<div class=\"elementor-widget-container\">\n\t\t\t\t\t\t\t\t\t<p>Pratique professionnelle<\/p>\t\t\t\t\t\t\t\t<\/div>\n\t\t\t\t<\/div>\n\t\t\t\t<div class=\"elementor-element elementor-element-305d90a9 elementor-widget elementor-widget-heading\" data-id=\"305d90a9\" data-element_type=\"widget\" data-e-type=\"widget\" data-widget_type=\"heading.default\">\n\t\t\t\t<div class=\"elementor-widget-container\">\n\t\t\t\t\t<h1 class=\"elementor-heading-title elementor-size-default\">Glossaire\n<\/h1>\t\t\t\t<\/div>\n\t\t\t\t<\/div>\n\t\t\t\t<div class=\"elementor-element elementor-element-5667237 elementor-widget elementor-widget-text-editor\" data-id=\"5667237\" data-element_type=\"widget\" data-e-type=\"widget\" data-widget_type=\"text-editor.default\">\n\t\t\t\t<div class=\"elementor-widget-container\">\n\t\t\t\t\t\t\t\t\t<p>Code d\u2019\u00e9thique des professionnels de l\u2019information en sant\u00e9<\/p>\t\t\t\t\t\t\t\t<\/div>\n\t\t\t\t<\/div>\n\t\t\t\t<div class=\"elementor-element elementor-element-0bbef10 elementor-widget elementor-widget-spacer\" data-id=\"0bbef10\" data-element_type=\"widget\" data-e-type=\"widget\" data-widget_type=\"spacer.default\">\n\t\t\t\t<div class=\"elementor-widget-container\">\n\t\t\t\t\t\t\t<div class=\"elementor-spacer\">\n\t\t\t<div class=\"elementor-spacer-inner\"><\/div>\n\t\t<\/div>\n\t\t\t\t\t\t<\/div>\n\t\t\t\t<\/div>\n\t\t\t\t<div class=\"elementor-element elementor-element-6e8c37d elementor-widget elementor-widget-html\" data-id=\"6e8c37d\" data-element_type=\"widget\" data-e-type=\"widget\" data-widget_type=\"html.default\">\n\t\t\t\t<div class=\"elementor-widget-container\">\n\t\t\t\t\t\n\n  <div class=\"glossary-item\">\n    <h3>Comp\u00e9tence<\/h3>\n    <p>La capacit\u00e9 de pratiquer ad\u00e9quatement avec un sujet ayant suffisamment de connaissances, de formation et de qualifications pour le faire.<\/p>\n  <\/div>\n\n  <div class=\"glossary-item\">\n    <h3>Confidentialit\u00e9<\/h3>\n    <p>L\u2019obligation de prot\u00e9ger l\u2019information contre l\u2019acc\u00e8s non autoris\u00e9, l\u2019utilisation, la divulgation, la modification, la perte ou le vol.<\/p>\n  <\/div>\n\n  <div class=\"glossary-item\">\n    <h3>Dignit\u00e9<\/h3>\n    <p>Le droit d\u2019une personne \u00e0 \u00eatre valoris\u00e9e pour elle-m\u00eame.<\/p>\n  <\/div>\n\n  <div class=\"glossary-item\">\n    <h3>In\u00e9galit\u00e9s<\/h3>\n    <p>Des disparit\u00e9s entre populations ou individus consid\u00e9r\u00e9es comme injustes et injustes. Les disparit\u00e9s injustes peuvent se refl\u00e9ter dans les r\u00e9sultats (par exemple, les r\u00e9sultats en sant\u00e9), l\u2019acc\u00e8s aux soins ou \u00e0 l\u2019information, aux ressources et aux occasions d\u2019\u00eatre en sant\u00e9. Les in\u00e9galit\u00e9s peuvent aussi d\u00e9signer un traitement injuste (par exemple, la discrimination) ou des processus d\u00e9cisionnels injustes (par exemple, le manque de consultation sur des questions impliquant un int\u00e9r\u00eat).  <\/p>\n  <\/div>\n\n  <div class=\"glossary-item\">\n    <h3>Int\u00e9grit\u00e9<\/h3>\n    <p>Pratiquer de mani\u00e8re honn\u00eate, sinc\u00e8re et au-dessus de l\u2019int\u00e9r\u00eat personnel, d\u00e9montrant de la coh\u00e9rence entre ses intentions et ses actions, toujours en accord avec les attentes et normes professionnelles.<\/p>\n  <\/div>\n\n  <div class=\"glossary-item\">\n    <h3>Int\u00e9r\u00eats<\/h3>\n    <p>L\u2019int\u00e9r\u00eat de chacun dans le d\u00e9roulement des choses (par exemple, int\u00e9r\u00eats d\u2019affaires, int\u00e9r\u00eats personnels).<\/p>\n  <\/div>\n\n  <div class=\"glossary-item\">\n    <h3>Vie priv\u00e9e<\/h3>\n    <p>Le droit des personnes de contr\u00f4ler leurs informations personnelles.<\/p>\n  <\/div>\n\n  <div class=\"glossary-item\">\n    <h3>Professionnalisme<\/h3>\n    <p>L\u2019incarnation et la mise en \u0153uvre des responsabilit\u00e9s d\u00e9coulant des valeurs, des normes et des standards de sa profession.<\/p>\n  <\/div>\n\n  <div class=\"glossary-item\">\n    <h3>Qualit\u00e9 (donn\u00e9es)<\/h3>\n    <p>Dans quelle mesure les donn\u00e9es, ou un ensemble de donn\u00e9es, r\u00e9pondent aux crit\u00e8res de validit\u00e9, d\u2019exactitude et d\u2019aptitude \u00e0 l\u2019objectif.<\/p>\n  <\/div>\n\n  <div class=\"glossary-item\">\n    <h3>S\u00e9curit\u00e9<\/h3>\n    <p>Les mesures de protection prises pour prot\u00e9ger les donn\u00e9es et les syst\u00e8mes de donn\u00e9es contre les acc\u00e8s non autoris\u00e9s.<\/p>\n  <\/div>\n\n  <div class=\"glossary-item\">\n    <h3>Transparence<\/h3>\n    <p>Agir avec ouverture, honn\u00eatet\u00e9 et clart\u00e9, en veillant \u00e0 ce que les actions, d\u00e9cisions et informations soient facilement accessibles et compr\u00e9hensibles pour les personnes concern\u00e9es.<\/p>\n  <\/div>\n\n  <div class=\"glossary-item\">\n    <h3>Confiance<\/h3>\n    <p>Croire en la fiabilit\u00e9 d\u2019autrui.<\/p>\n  <\/div>\n\n  <div class=\"glossary-item\">\n    <h3>Fiabilit\u00e9<\/h3>\n    <p>La capacit\u00e9 \u00e0 \u00eatre consid\u00e9r\u00e9 comme honn\u00eate.<\/p>\n  <\/div>\n\n  <div class=\"glossary-item\">\n    <h3>Bien-\u00eatre<\/h3>\n    <p>L\u2019\u00e9tat d\u2019\u00eatre en sant\u00e9, heureux et prosp\u00e8re.<\/p>\n  <\/div>\n\n  <div class=\"glossary-item\">\n    <h3>Worth<\/h3>\n    <p>La valeur intrins\u00e8que fondamentale d\u2019une personne, peu importe ses capacit\u00e9s ou son utilit\u00e9.<\/p>\n  <\/div>\n<\/div>\n\n<style>\n  .glossary {\n    max-width: 800px;\n    margin: 0 auto;\n    font-family: \"Helvetica Neue\", Arial, sans-serif;\n  }\n  .glossary h2 {\n    text-align: center;\n    margin-bottom: 1.5rem;\n  }\n  .glossary-item {\n    border-bottom: 1px solid #e0e0e0;\n    padding: 1rem 0;\n  }\n  .glossary-item h3 {\n    color: #00313C;\n    font-size: 1.1rem;\n    margin-bottom: 0.5rem;\n  }\n  .glossary-item p {\n    margin: 0;\n    color: #333;\n    line-height: 1.6;\n  }\n<\/style>\n\t\t\t\t<\/div>\n\t\t\t\t<\/div>\n\t\t\t\t<div class=\"elementor-element elementor-element-f1d309d elementor-widget elementor-widget-spacer\" data-id=\"f1d309d\" data-element_type=\"widget\" data-e-type=\"widget\" data-widget_type=\"spacer.default\">\n\t\t\t\t<div class=\"elementor-widget-container\">\n\t\t\t\t\t\t\t<div class=\"elementor-spacer\">\n\t\t\t<div class=\"elementor-spacer-inner\"><\/div>\n\t\t<\/div>\n\t\t\t\t\t\t<\/div>\n\t\t\t\t<\/div>\n\t\t\t\t\t<\/div>\n\t\t\t\t<\/div>\n\t\t\t\t<\/div>\n\t\t","protected":false},"excerpt":{"rendered":"<p>Pratique professionnelle Glossaire Code d\u2019\u00e9thique des professionnels de l\u2019information en sant\u00e9 Comp\u00e9tence La capacit\u00e9 de pratiquer ad\u00e9quatement avec un sujet ayant suffisamment de connaissances, de formation et de qualifications pour le faire. Confidentialit\u00e9 L\u2019obligation de prot\u00e9ger l\u2019information contre l\u2019acc\u00e8s non autoris\u00e9, l\u2019utilisation, la divulgation,&#8230;<\/p>\n","protected":false},"author":321339,"featured_media":0,"parent":89,"menu_order":2,"comment_status":"closed","ping_status":"closed","template":"","meta":{"footnotes":""},"class_list":["post-886047","page","type-page","status-publish","hentry"],"yoast_head":"<!-- This site is optimized with the Yoast SEO Premium plugin v26.2 (Yoast SEO v27.3) - https:\/\/yoast.com\/product\/yoast-seo-premium-wordpress\/ -->\n<title>Glossaire - Code d\u2019\u00e9thique des professionnels de l\u2019information en sant\u00e9 - Canadian College of Health Information Management<\/title>\n<meta name=\"description\" content=\"Code d\u2019\u00e9thique des professionnels de l\u2019information en sant\u00e9. Le Code d\u2019\u00e9thique du CCHIM est une d\u00e9claration publique des valeurs fondamentales de ses membres certifi\u00e9s et de leurs engagements envers la profession, le public et les uns envers les autres. Le Code d\u2019\u00e9thique du CCHIM va au-del\u00e0 d\u2019un code de conduite typique en milieu de travail en \u00e9tablissant des normes \u00e9lev\u00e9es pour la prise de d\u00e9cisions \u00e9thiques pour les professionnels de la gestion de l\u2019information en sant\u00e9, peu importe leur lieu de travail. Il distingue non seulement les professionnels certifi\u00e9s des autres, mais sert aussi de ressource pr\u00e9cieuse pour l\u2019orientation et l\u2019\u00e9ducation. Plus important encore, le Code permet et favorise la reddition de comptes en \u00e9tablissant des normes transparentes par lesquelles le Coll\u00e8ge canadien de gestion de l\u2019information en sant\u00e9, ainsi que le public, peuvent \u00e9valuer la conduite professionnelle des membres. \u00c0 mesure que le paysage et la soci\u00e9t\u00e9 des soins de sant\u00e9 continuent d\u2019\u00e9voluer, ce Code d\u2019\u00e9thique \u00e9voluera \u00e9galement.\" \/>\n<meta name=\"robots\" content=\"index, follow, max-snippet:-1, max-image-preview:large, max-video-preview:-1\" \/>\n<link rel=\"canonical\" href=\"https:\/\/cchim.ca\/fr\/about-the-college\/glossaire-code-dethique-des-professionnels-de-linformation-en-sante\/\" \/>\n<meta property=\"og:locale\" content=\"fr_CA\" \/>\n<meta property=\"og:type\" content=\"article\" \/>\n<meta property=\"og:title\" content=\"Glossaire - Code d\u2019\u00e9thique des professionnels de l\u2019information en sant\u00e9\" \/>\n<meta property=\"og:description\" content=\"Code de d\u00e9ontologie professionnelle pour les professionnels certifi\u00e9s de l\u2019information sur la sant\u00e9.\" \/>\n<meta property=\"og:url\" content=\"https:\/\/cchim.ca\/fr\/about-the-college\/glossaire-code-dethique-des-professionnels-de-linformation-en-sante\/\" \/>\n<meta property=\"og:site_name\" content=\"Canadian College of Health Information Management\" \/>\n<meta property=\"article:modified_time\" content=\"2025-10-23T21:08:09+00:00\" \/>\n<meta name=\"twitter:card\" content=\"summary_large_image\" \/>\n<meta name=\"twitter:label1\" content=\"Estimation du temps de lecture\" \/>\n\t<meta name=\"twitter:data1\" content=\"2 minutes\" \/>\n<script type=\"application\/ld+json\" class=\"yoast-schema-graph\">{\"@context\":\"https:\\\/\\\/schema.org\",\"@graph\":[{\"@type\":\"WebPage\",\"@id\":\"https:\\\/\\\/cchim.ca\\\/fr\\\/about-the-college\\\/glossaire-code-dethique-des-professionnels-de-linformation-en-sante\\\/\",\"url\":\"https:\\\/\\\/cchim.ca\\\/fr\\\/about-the-college\\\/glossaire-code-dethique-des-professionnels-de-linformation-en-sante\\\/\",\"name\":\"Glossaire - Code d\u2019\u00e9thique des professionnels de l\u2019information en sant\u00e9 - Canadian College of Health Information Management\",\"isPartOf\":{\"@id\":\"https:\\\/\\\/cchim.ca\\\/#website\"},\"datePublished\":\"2025-10-23T21:03:55+00:00\",\"dateModified\":\"2025-10-23T21:08:09+00:00\",\"description\":\"Code d\u2019\u00e9thique des professionnels de l\u2019information en sant\u00e9. Le Code d\u2019\u00e9thique du CCHIM est une d\u00e9claration publique des valeurs fondamentales de ses membres certifi\u00e9s et de leurs engagements envers la profession, le public et les uns envers les autres. Le Code d\u2019\u00e9thique du CCHIM va au-del\u00e0 d\u2019un code de conduite typique en milieu de travail en \u00e9tablissant des normes \u00e9lev\u00e9es pour la prise de d\u00e9cisions \u00e9thiques pour les professionnels de la gestion de l\u2019information en sant\u00e9, peu importe leur lieu de travail. Il distingue non seulement les professionnels certifi\u00e9s des autres, mais sert aussi de ressource pr\u00e9cieuse pour l\u2019orientation et l\u2019\u00e9ducation. Plus important encore, le Code permet et favorise la reddition de comptes en \u00e9tablissant des normes transparentes par lesquelles le Coll\u00e8ge canadien de gestion de l\u2019information en sant\u00e9, ainsi que le public, peuvent \u00e9valuer la conduite professionnelle des membres. \u00c0 mesure que le paysage et la soci\u00e9t\u00e9 des soins de sant\u00e9 continuent d\u2019\u00e9voluer, ce Code d\u2019\u00e9thique \u00e9voluera \u00e9galement.\",\"breadcrumb\":{\"@id\":\"https:\\\/\\\/cchim.ca\\\/fr\\\/about-the-college\\\/glossaire-code-dethique-des-professionnels-de-linformation-en-sante\\\/#breadcrumb\"},\"inLanguage\":\"fr-CA\",\"potentialAction\":[{\"@type\":\"ReadAction\",\"target\":[\"https:\\\/\\\/cchim.ca\\\/fr\\\/about-the-college\\\/glossaire-code-dethique-des-professionnels-de-linformation-en-sante\\\/\"]}]},{\"@type\":\"BreadcrumbList\",\"@id\":\"https:\\\/\\\/cchim.ca\\\/fr\\\/about-the-college\\\/glossaire-code-dethique-des-professionnels-de-linformation-en-sante\\\/#breadcrumb\",\"itemListElement\":[{\"@type\":\"ListItem\",\"position\":1,\"name\":\"Home\",\"item\":\"https:\\\/\\\/cchim.ca\\\/\"},{\"@type\":\"ListItem\",\"position\":2,\"name\":\"\u00c0 propos du Coll\u00e8ge\",\"item\":\"https:\\\/\\\/cchim.ca\\\/fr\\\/about-the-college\\\/\"},{\"@type\":\"ListItem\",\"position\":3,\"name\":\"Glossaire &#8211; Code d\u2019\u00e9thique des professionnels de l\u2019information en sant\u00e9\"}]},{\"@type\":\"WebSite\",\"@id\":\"https:\\\/\\\/cchim.ca\\\/#website\",\"url\":\"https:\\\/\\\/cchim.ca\\\/\",\"name\":\"Canadian College of Health Information Management\",\"description\":\"Accrediting academic institutions and certifying health information professionals\",\"publisher\":{\"@id\":\"https:\\\/\\\/cchim.ca\\\/#organization\"},\"alternateName\":\"CCHIM\",\"potentialAction\":[{\"@type\":\"SearchAction\",\"target\":{\"@type\":\"EntryPoint\",\"urlTemplate\":\"https:\\\/\\\/cchim.ca\\\/?s={search_term_string}\"},\"query-input\":{\"@type\":\"PropertyValueSpecification\",\"valueRequired\":true,\"valueName\":\"search_term_string\"}}],\"inLanguage\":\"fr-CA\"},{\"@type\":\"Organization\",\"@id\":\"https:\\\/\\\/cchim.ca\\\/#organization\",\"name\":\"Canadian College of Health Information Management\",\"alternateName\":\"CCHIM\",\"url\":\"https:\\\/\\\/cchim.ca\\\/\",\"logo\":{\"@type\":\"ImageObject\",\"inLanguage\":\"fr-CA\",\"@id\":\"https:\\\/\\\/cchim.ca\\\/#\\\/schema\\\/logo\\\/image\\\/\",\"url\":\"https:\\\/\\\/cchim.ca\\\/wp-content\\\/uploads\\\/2020\\\/08\\\/cropped-favicon.webp\",\"contentUrl\":\"https:\\\/\\\/cchim.ca\\\/wp-content\\\/uploads\\\/2020\\\/08\\\/cropped-favicon.webp\",\"width\":512,\"height\":512,\"caption\":\"Canadian College of Health Information Management\"},\"image\":{\"@id\":\"https:\\\/\\\/cchim.ca\\\/#\\\/schema\\\/logo\\\/image\\\/\"},\"description\":\"Canadian College of Health Information Management\",\"email\":\"support@echima.ca\",\"legalName\":\"Canadian College of Health Information Management\",\"foundingDate\":\"1972-09-07\",\"numberOfEmployees\":{\"@type\":\"QuantitativeValue\",\"minValue\":\"11\",\"maxValue\":\"50\"}}]}<\/script>\n<!-- \/ Yoast SEO Premium plugin. -->","yoast_head_json":{"title":"Glossaire - Code d\u2019\u00e9thique des professionnels de l\u2019information en sant\u00e9 - Canadian College of Health Information Management","description":"Code d\u2019\u00e9thique des professionnels de l\u2019information en sant\u00e9. Le Code d\u2019\u00e9thique du CCHIM est une d\u00e9claration publique des valeurs fondamentales de ses membres certifi\u00e9s et de leurs engagements envers la profession, le public et les uns envers les autres. Le Code d\u2019\u00e9thique du CCHIM va au-del\u00e0 d\u2019un code de conduite typique en milieu de travail en \u00e9tablissant des normes \u00e9lev\u00e9es pour la prise de d\u00e9cisions \u00e9thiques pour les professionnels de la gestion de l\u2019information en sant\u00e9, peu importe leur lieu de travail. Il distingue non seulement les professionnels certifi\u00e9s des autres, mais sert aussi de ressource pr\u00e9cieuse pour l\u2019orientation et l\u2019\u00e9ducation. Plus important encore, le Code permet et favorise la reddition de comptes en \u00e9tablissant des normes transparentes par lesquelles le Coll\u00e8ge canadien de gestion de l\u2019information en sant\u00e9, ainsi que le public, peuvent \u00e9valuer la conduite professionnelle des membres. \u00c0 mesure que le paysage et la soci\u00e9t\u00e9 des soins de sant\u00e9 continuent d\u2019\u00e9voluer, ce Code d\u2019\u00e9thique \u00e9voluera \u00e9galement.","robots":{"index":"index","follow":"follow","max-snippet":"max-snippet:-1","max-image-preview":"max-image-preview:large","max-video-preview":"max-video-preview:-1"},"canonical":"https:\/\/cchim.ca\/fr\/about-the-college\/glossaire-code-dethique-des-professionnels-de-linformation-en-sante\/","og_locale":"fr_CA","og_type":"article","og_title":"Glossaire - Code d\u2019\u00e9thique des professionnels de l\u2019information en sant\u00e9","og_description":"Code de d\u00e9ontologie professionnelle pour les professionnels certifi\u00e9s de l\u2019information sur la sant\u00e9.","og_url":"https:\/\/cchim.ca\/fr\/about-the-college\/glossaire-code-dethique-des-professionnels-de-linformation-en-sante\/","og_site_name":"Canadian College of Health Information Management","article_modified_time":"2025-10-23T21:08:09+00:00","twitter_card":"summary_large_image","twitter_misc":{"Estimation du temps de lecture":"2 minutes"},"schema":{"@context":"https:\/\/schema.org","@graph":[{"@type":"WebPage","@id":"https:\/\/cchim.ca\/fr\/about-the-college\/glossaire-code-dethique-des-professionnels-de-linformation-en-sante\/","url":"https:\/\/cchim.ca\/fr\/about-the-college\/glossaire-code-dethique-des-professionnels-de-linformation-en-sante\/","name":"Glossaire - Code d\u2019\u00e9thique des professionnels de l\u2019information en sant\u00e9 - Canadian College of Health Information Management","isPartOf":{"@id":"https:\/\/cchim.ca\/#website"},"datePublished":"2025-10-23T21:03:55+00:00","dateModified":"2025-10-23T21:08:09+00:00","description":"Code d\u2019\u00e9thique des professionnels de l\u2019information en sant\u00e9. Le Code d\u2019\u00e9thique du CCHIM est une d\u00e9claration publique des valeurs fondamentales de ses membres certifi\u00e9s et de leurs engagements envers la profession, le public et les uns envers les autres. Le Code d\u2019\u00e9thique du CCHIM va au-del\u00e0 d\u2019un code de conduite typique en milieu de travail en \u00e9tablissant des normes \u00e9lev\u00e9es pour la prise de d\u00e9cisions \u00e9thiques pour les professionnels de la gestion de l\u2019information en sant\u00e9, peu importe leur lieu de travail. Il distingue non seulement les professionnels certifi\u00e9s des autres, mais sert aussi de ressource pr\u00e9cieuse pour l\u2019orientation et l\u2019\u00e9ducation. Plus important encore, le Code permet et favorise la reddition de comptes en \u00e9tablissant des normes transparentes par lesquelles le Coll\u00e8ge canadien de gestion de l\u2019information en sant\u00e9, ainsi que le public, peuvent \u00e9valuer la conduite professionnelle des membres. \u00c0 mesure que le paysage et la soci\u00e9t\u00e9 des soins de sant\u00e9 continuent d\u2019\u00e9voluer, ce Code d\u2019\u00e9thique \u00e9voluera \u00e9galement.","breadcrumb":{"@id":"https:\/\/cchim.ca\/fr\/about-the-college\/glossaire-code-dethique-des-professionnels-de-linformation-en-sante\/#breadcrumb"},"inLanguage":"fr-CA","potentialAction":[{"@type":"ReadAction","target":["https:\/\/cchim.ca\/fr\/about-the-college\/glossaire-code-dethique-des-professionnels-de-linformation-en-sante\/"]}]},{"@type":"BreadcrumbList","@id":"https:\/\/cchim.ca\/fr\/about-the-college\/glossaire-code-dethique-des-professionnels-de-linformation-en-sante\/#breadcrumb","itemListElement":[{"@type":"ListItem","position":1,"name":"Home","item":"https:\/\/cchim.ca\/"},{"@type":"ListItem","position":2,"name":"\u00c0 propos du Coll\u00e8ge","item":"https:\/\/cchim.ca\/fr\/about-the-college\/"},{"@type":"ListItem","position":3,"name":"Glossaire &#8211; Code d\u2019\u00e9thique des professionnels de l\u2019information en sant\u00e9"}]},{"@type":"WebSite","@id":"https:\/\/cchim.ca\/#website","url":"https:\/\/cchim.ca\/","name":"Canadian College of Health Information Management","description":"Accrediting academic institutions and certifying health information professionals","publisher":{"@id":"https:\/\/cchim.ca\/#organization"},"alternateName":"CCHIM","potentialAction":[{"@type":"SearchAction","target":{"@type":"EntryPoint","urlTemplate":"https:\/\/cchim.ca\/?s={search_term_string}"},"query-input":{"@type":"PropertyValueSpecification","valueRequired":true,"valueName":"search_term_string"}}],"inLanguage":"fr-CA"},{"@type":"Organization","@id":"https:\/\/cchim.ca\/#organization","name":"Canadian College of Health Information Management","alternateName":"CCHIM","url":"https:\/\/cchim.ca\/","logo":{"@type":"ImageObject","inLanguage":"fr-CA","@id":"https:\/\/cchim.ca\/#\/schema\/logo\/image\/","url":"https:\/\/cchim.ca\/wp-content\/uploads\/2020\/08\/cropped-favicon.webp","contentUrl":"https:\/\/cchim.ca\/wp-content\/uploads\/2020\/08\/cropped-favicon.webp","width":512,"height":512,"caption":"Canadian College of Health Information Management"},"image":{"@id":"https:\/\/cchim.ca\/#\/schema\/logo\/image\/"},"description":"Canadian College of Health Information Management","email":"support@echima.ca","legalName":"Canadian College of Health Information Management","foundingDate":"1972-09-07","numberOfEmployees":{"@type":"QuantitativeValue","minValue":"11","maxValue":"50"}}]}},"_links":{"self":[{"href":"https:\/\/cchim.ca\/fr\/wp-json\/wp\/v2\/pages\/886047","targetHints":{"allow":["GET"]}}],"collection":[{"href":"https:\/\/cchim.ca\/fr\/wp-json\/wp\/v2\/pages"}],"about":[{"href":"https:\/\/cchim.ca\/fr\/wp-json\/wp\/v2\/types\/page"}],"author":[{"embeddable":true,"href":"https:\/\/cchim.ca\/fr\/wp-json\/wp\/v2\/users\/321339"}],"replies":[{"embeddable":true,"href":"https:\/\/cchim.ca\/fr\/wp-json\/wp\/v2\/comments?post=886047"}],"version-history":[{"count":0,"href":"https:\/\/cchim.ca\/fr\/wp-json\/wp\/v2\/pages\/886047\/revisions"}],"up":[{"embeddable":true,"href":"https:\/\/cchim.ca\/fr\/wp-json\/wp\/v2\/pages\/89"}],"wp:attachment":[{"href":"https:\/\/cchim.ca\/fr\/wp-json\/wp\/v2\/media?parent=886047"}],"curies":[{"name":"wp","href":"https:\/\/api.w.org\/{rel}","templated":true}]}}