{"id":885734,"date":"2023-11-15T11:02:09","date_gmt":"2023-11-15T16:02:09","guid":{"rendered":"https:\/\/cchim.ca\/programme-de-ressources-educatives-des-colleges\/gregs-wings-pour-le-portail-de-lassurance-emploi\/"},"modified":"2024-09-14T11:42:30","modified_gmt":"2024-09-14T15:42:30","slug":"gregs-wings-pour-le-portail-de-lassurance-emploi","status":"publish","type":"page","link":"https:\/\/cchim.ca\/fr\/programme-de-ressources-educatives-des-colleges\/gregs-wings-pour-le-portail-de-lassurance-emploi\/","title":{"rendered":"Greg\u2019s Wings &#8211; pour le portail de l\u2019assurance-emploi"},"content":{"rendered":"\n<h1 class=\"wp-block-heading\">Les ailes de Greg<\/h1>\n\n<div class=\"o-row\">\n<div class=\"o-col u-8of12-md\">\n<p>Greg\u2019s Wings Projects est un organisme sans but lucratif cr\u00e9\u00e9 en l\u2019honneur de Greg Price.\nGreg continue de nous inspirer et notre objectif est de donner vie \u00e0 ce que Greg aurait pu faire.\nGreg \u00e9tait d\u2019un grand soutien et avait un v\u00e9ritable int\u00e9r\u00eat pour les aspirations des autres.\nIl avait un fort engagement envers ses racines rurales et voulait avoir un impact positif sur le monde pour les g\u00e9n\u00e9rations \u00e0 venir.\nIl lisait, apprenait et se posait toujours des questions par la discussion avec les autres.\nIl a activement essay\u00e9 de comprendre les diff\u00e9rentes perspectives, de mani\u00e8re positive, afin de d\u00e9velopper de meilleures solutions pour l\u2019avenir.\nLe sport a \u00e9galement toujours \u00e9t\u00e9 une grande partie de sa vie gr\u00e2ce \u00e0 l\u2019entra\u00eenement, au mentorat, au soutien et \u00e0 l\u2019encouragement de tous avec int\u00e9grit\u00e9 et engagement d\u00e9sint\u00e9ress\u00e9.      <\/p>\n\n\n\n<h3 class=\"wp-block-heading\">Tomber entre les mailles du filet<\/h3>\n\n\n\n<p>Cela fait plus de trois ans que nous n\u2019avons pas eu la version finale du film disponible pour partager et pendant ce temps, nous avons montr\u00e9 le film <a href=\"http:\/\/gregswings.ca\/fttc-gregsstory\"><em>Falling Through the Cracks\u00a0: Greg\u2019s Story<\/em><\/a><em> <\/em>\u00e0 plus de 450 publics.\nLe film continue d\u2019avoir un impact chaque fois que nous le montrons.\nLe film a suscit\u00e9 des conversations \u00e9tonnantes, pr\u00e9cieuses et importantes et nous continuerons \u00e0 soutenir et \u00e0 aider \u00e0 permettre un changement positif de toutes les mani\u00e8res possibles.  <\/p>\n\n\n\n<p>Les abonn\u00e9s au College Educational Resource Program (CERP) peuvent soumettre une demande \u00e0 Greg\u2019s Wings pour une projection de Falling through the Cracks\u00a0: Greg\u2019s Story.<\/p>\n<\/div>\n\n\n\n<div class=\"o-col u-4of12-md\">\n<figure class=\"wp-block-image size-large\"><img fetchpriority=\"high\" decoding=\"async\" width=\"821\" height=\"940\" src=\"https:\/\/cchim.ca\/wp-content\/uploads\/2024\/04\/GWLogo_v2-821x940.webp\" alt=\"\" class=\"wp-image-885409\" srcset=\"https:\/\/cchim.ca\/wp-content\/uploads\/2024\/04\/GWLogo_v2-821x940.webp 821w, https:\/\/cchim.ca\/wp-content\/uploads\/2024\/04\/GWLogo_v2-650x744.webp 650w, https:\/\/cchim.ca\/wp-content\/uploads\/2024\/04\/GWLogo_v2-768x879.webp 768w, https:\/\/cchim.ca\/wp-content\/uploads\/2024\/04\/GWLogo_v2.webp 893w\" sizes=\"(max-width: 821px) 100vw, 821px\" \/><\/figure>\n<\/div>\n<\/div>\n\n\n\n<p><em><strong>Falling Through the Cracks\u00a0: Greg\u2019s Story<\/strong><\/em> est un court m\u00e9trage sur le parcours de Greg Price dans le syst\u00e8me de sant\u00e9.\nLe film donne un aper\u00e7u de qui \u00e9tait Greg et se concentre sur les \u00e9v\u00e9nements de son parcours de soins de sant\u00e9 qui s\u2019est termin\u00e9 par sa mort inattendue et tragique.\nMalgr\u00e9 la tristesse de l\u2019histoire de Greg, le message du film vise \u00e0 inspirer un changement positif et une am\u00e9lioration du syst\u00e8me de sant\u00e9.\nNous pensons que le film r\u00e9sonnera avec le public et cr\u00e9era une plate-forme pour d\u2019autres dialogues.\nNous esp\u00e9rons que les gens se sentiront responsabilis\u00e9s et remettront en question le statu quo du syst\u00e8me de sant\u00e9 actuel afin que nous nous retrouvions tous avec de meilleurs soins et r\u00e9sultats.    <\/p>\n\n<div style=\"height:55px\" aria-hidden=\"true\" class=\"wp-block-spacer\"><\/div>\n\n<div class=\"wp-block-buttons is-layout-flex wp-block-buttons-is-layout-flex\">\n<div class=\"wp-block-button\"><a class=\"wp-block-button__link wp-element-button\" href=\"https:\/\/gregswings.ca\/fttc-trailer\/\">Regardez la bande-annonce<\/a><\/div>\n\n\n\n<div class=\"wp-block-button\"><a class=\"wp-block-button__link wp-element-button\" href=\"https:\/\/gregs-wings-store.square.site\">Faites un don<\/a><\/div>\n\n\n\n<div class=\"wp-block-button\"><a class=\"wp-block-button__link wp-element-button\" href=\"https:\/\/cchim.ca\/request-a-screening-of-gregs-wings\/\">Inscrivez-vous pour assister \u00e0 une projection<\/a><\/div>\n\n\n\n<div class=\"wp-block-button\"><a class=\"wp-block-button__link wp-element-button\" href=\"https:\/\/gregswings.ca\/contact-us\/\">Demande d\u2019accueil d\u2019une projection<\/a><\/div>\n<\/div>\n\n<div class=\"wp-block-buttons is-layout-flex wp-block-buttons-is-layout-flex\"><\/div>\n","protected":false},"excerpt":{"rendered":"<p>Les ailes de Greg Falling Through the Cracks\u00a0: Greg\u2019s Story est un court m\u00e9trage sur le parcours de Greg Price dans le syst\u00e8me de sant\u00e9. Le film donne un aper\u00e7u de qui \u00e9tait Greg et se concentre sur les \u00e9v\u00e9nements de son parcours de&#8230;<\/p>\n","protected":false},"author":10,"featured_media":0,"parent":885716,"menu_order":0,"comment_status":"closed","ping_status":"closed","template":"","meta":{"footnotes":""},"class_list":["post-885734","page","type-page","status-publish","hentry"],"yoast_head":"<!-- This site is optimized with the Yoast SEO Premium plugin v26.2 (Yoast SEO v27.3) - https:\/\/yoast.com\/product\/yoast-seo-premium-wordpress\/ -->\n<title>Greg\u2019s Wings - pour le portail de l\u2019assurance-emploi - Canadian College of Health Information Management<\/title>\n<meta name=\"description\" content=\"Les ailes de Greg Greg\u2019s Wings Projects est un organisme sans but lucratif cr\u00e9\u00e9 en l\u2019honneur de Greg Price. Greg continue de nous inspirer et notre\" \/>\n<meta name=\"robots\" content=\"index, follow, max-snippet:-1, max-image-preview:large, max-video-preview:-1\" \/>\n<link rel=\"canonical\" href=\"https:\/\/cchim.ca\/cerp\/gregs-wings\/\" \/>\n<meta property=\"og:locale\" content=\"fr_CA\" \/>\n<meta property=\"og:type\" content=\"article\" \/>\n<meta property=\"og:title\" content=\"Greg\u2019s Wings - pour le portail de l\u2019assurance-emploi\" \/>\n<meta property=\"og:description\" content=\"Les ailes de Greg Greg\u2019s Wings Projects est un organisme sans but lucratif cr\u00e9\u00e9 en l\u2019honneur de Greg Price. Greg continue de nous inspirer et notre\" \/>\n<meta property=\"og:url\" content=\"https:\/\/cchim.ca\/cerp\/gregs-wings\/\" \/>\n<meta property=\"og:site_name\" content=\"Canadian College of Health Information Management\" \/>\n<meta property=\"article:modified_time\" content=\"2024-09-14T15:42:30+00:00\" \/>\n<meta property=\"og:image\" content=\"https:\/\/cchim.ca\/wp-content\/uploads\/2024\/04\/GWLogo_v2-821x940.webp\" \/>\n<meta name=\"twitter:card\" content=\"summary_large_image\" \/>\n<meta name=\"twitter:label1\" content=\"Estimation du temps de lecture\" \/>\n\t<meta name=\"twitter:data1\" content=\"2 minutes\" \/>\n<script type=\"application\/ld+json\" class=\"yoast-schema-graph\">{\"@context\":\"https:\\\/\\\/schema.org\",\"@graph\":[{\"@type\":\"WebPage\",\"@id\":\"https:\\\/\\\/cchim.ca\\\/cerp\\\/gregs-wings\\\/\",\"url\":\"https:\\\/\\\/cchim.ca\\\/cerp\\\/gregs-wings\\\/\",\"name\":\"Greg\u2019s Wings - pour le portail de l\u2019assurance-emploi - Canadian College of Health Information Management\",\"isPartOf\":{\"@id\":\"https:\\\/\\\/cchim.ca\\\/#website\"},\"primaryImageOfPage\":{\"@id\":\"https:\\\/\\\/cchim.ca\\\/cerp\\\/gregs-wings\\\/#primaryimage\"},\"image\":{\"@id\":\"https:\\\/\\\/cchim.ca\\\/cerp\\\/gregs-wings\\\/#primaryimage\"},\"thumbnailUrl\":\"https:\\\/\\\/cchim.ca\\\/wp-content\\\/uploads\\\/2024\\\/04\\\/GWLogo_v2-821x940.webp\",\"datePublished\":\"2023-11-15T16:02:09+00:00\",\"dateModified\":\"2024-09-14T15:42:30+00:00\",\"description\":\"Les ailes de Greg Greg\u2019s Wings Projects est un organisme sans but lucratif cr\u00e9\u00e9 en l\u2019honneur de Greg Price. Greg continue de nous inspirer et notre\",\"breadcrumb\":{\"@id\":\"https:\\\/\\\/cchim.ca\\\/cerp\\\/gregs-wings\\\/#breadcrumb\"},\"inLanguage\":\"fr-CA\",\"potentialAction\":[{\"@type\":\"ReadAction\",\"target\":[\"https:\\\/\\\/cchim.ca\\\/cerp\\\/gregs-wings\\\/\"]}]},{\"@type\":\"ImageObject\",\"inLanguage\":\"fr-CA\",\"@id\":\"https:\\\/\\\/cchim.ca\\\/cerp\\\/gregs-wings\\\/#primaryimage\",\"url\":\"https:\\\/\\\/cchim.ca\\\/wp-content\\\/uploads\\\/2024\\\/04\\\/GWLogo_v2-821x940.webp\",\"contentUrl\":\"https:\\\/\\\/cchim.ca\\\/wp-content\\\/uploads\\\/2024\\\/04\\\/GWLogo_v2-821x940.webp\"},{\"@type\":\"BreadcrumbList\",\"@id\":\"https:\\\/\\\/cchim.ca\\\/cerp\\\/gregs-wings\\\/#breadcrumb\",\"itemListElement\":[{\"@type\":\"ListItem\",\"position\":1,\"name\":\"Home\",\"item\":\"https:\\\/\\\/cchim.ca\\\/\"},{\"@type\":\"ListItem\",\"position\":2,\"name\":\"Programme de ressources \u00e9ducatives des coll\u00e8ges\",\"item\":\"https:\\\/\\\/cchim.ca\\\/cerp\\\/\"},{\"@type\":\"ListItem\",\"position\":3,\"name\":\"Greg\u2019s Wings &#8211; pour le portail de l\u2019assurance-emploi\"}]},{\"@type\":\"WebSite\",\"@id\":\"https:\\\/\\\/cchim.ca\\\/#website\",\"url\":\"https:\\\/\\\/cchim.ca\\\/\",\"name\":\"Canadian College of Health Information Management\",\"description\":\"Accrediting academic institutions and certifying health information professionals\",\"publisher\":{\"@id\":\"https:\\\/\\\/cchim.ca\\\/#organization\"},\"alternateName\":\"CCHIM\",\"potentialAction\":[{\"@type\":\"SearchAction\",\"target\":{\"@type\":\"EntryPoint\",\"urlTemplate\":\"https:\\\/\\\/cchim.ca\\\/?s={search_term_string}\"},\"query-input\":{\"@type\":\"PropertyValueSpecification\",\"valueRequired\":true,\"valueName\":\"search_term_string\"}}],\"inLanguage\":\"fr-CA\"},{\"@type\":\"Organization\",\"@id\":\"https:\\\/\\\/cchim.ca\\\/#organization\",\"name\":\"Canadian College of Health Information Management\",\"alternateName\":\"CCHIM\",\"url\":\"https:\\\/\\\/cchim.ca\\\/\",\"logo\":{\"@type\":\"ImageObject\",\"inLanguage\":\"fr-CA\",\"@id\":\"https:\\\/\\\/cchim.ca\\\/#\\\/schema\\\/logo\\\/image\\\/\",\"url\":\"https:\\\/\\\/cchim.ca\\\/wp-content\\\/uploads\\\/2020\\\/08\\\/cropped-favicon.webp\",\"contentUrl\":\"https:\\\/\\\/cchim.ca\\\/wp-content\\\/uploads\\\/2020\\\/08\\\/cropped-favicon.webp\",\"width\":512,\"height\":512,\"caption\":\"Canadian College of Health Information Management\"},\"image\":{\"@id\":\"https:\\\/\\\/cchim.ca\\\/#\\\/schema\\\/logo\\\/image\\\/\"},\"description\":\"Canadian College of Health Information Management\",\"email\":\"support@echima.ca\",\"legalName\":\"Canadian College of Health Information Management\",\"foundingDate\":\"1972-09-07\",\"numberOfEmployees\":{\"@type\":\"QuantitativeValue\",\"minValue\":\"11\",\"maxValue\":\"50\"}}]}<\/script>\n<!-- \/ Yoast SEO Premium plugin. -->","yoast_head_json":{"title":"Greg\u2019s Wings - pour le portail de l\u2019assurance-emploi - Canadian College of Health Information Management","description":"Les ailes de Greg Greg\u2019s Wings Projects est un organisme sans but lucratif cr\u00e9\u00e9 en l\u2019honneur de Greg Price. Greg continue de nous inspirer et notre","robots":{"index":"index","follow":"follow","max-snippet":"max-snippet:-1","max-image-preview":"max-image-preview:large","max-video-preview":"max-video-preview:-1"},"canonical":"https:\/\/cchim.ca\/cerp\/gregs-wings\/","og_locale":"fr_CA","og_type":"article","og_title":"Greg\u2019s Wings - pour le portail de l\u2019assurance-emploi","og_description":"Les ailes de Greg Greg\u2019s Wings Projects est un organisme sans but lucratif cr\u00e9\u00e9 en l\u2019honneur de Greg Price. Greg continue de nous inspirer et notre","og_url":"https:\/\/cchim.ca\/cerp\/gregs-wings\/","og_site_name":"Canadian College of Health Information Management","article_modified_time":"2024-09-14T15:42:30+00:00","og_image":[{"url":"https:\/\/cchim.ca\/wp-content\/uploads\/2024\/04\/GWLogo_v2-821x940.webp","type":"","width":"","height":""}],"twitter_card":"summary_large_image","twitter_misc":{"Estimation du temps de lecture":"2 minutes"},"schema":{"@context":"https:\/\/schema.org","@graph":[{"@type":"WebPage","@id":"https:\/\/cchim.ca\/cerp\/gregs-wings\/","url":"https:\/\/cchim.ca\/cerp\/gregs-wings\/","name":"Greg\u2019s Wings - pour le portail de l\u2019assurance-emploi - Canadian College of Health Information Management","isPartOf":{"@id":"https:\/\/cchim.ca\/#website"},"primaryImageOfPage":{"@id":"https:\/\/cchim.ca\/cerp\/gregs-wings\/#primaryimage"},"image":{"@id":"https:\/\/cchim.ca\/cerp\/gregs-wings\/#primaryimage"},"thumbnailUrl":"https:\/\/cchim.ca\/wp-content\/uploads\/2024\/04\/GWLogo_v2-821x940.webp","datePublished":"2023-11-15T16:02:09+00:00","dateModified":"2024-09-14T15:42:30+00:00","description":"Les ailes de Greg Greg\u2019s Wings Projects est un organisme sans but lucratif cr\u00e9\u00e9 en l\u2019honneur de Greg Price. Greg continue de nous inspirer et notre","breadcrumb":{"@id":"https:\/\/cchim.ca\/cerp\/gregs-wings\/#breadcrumb"},"inLanguage":"fr-CA","potentialAction":[{"@type":"ReadAction","target":["https:\/\/cchim.ca\/cerp\/gregs-wings\/"]}]},{"@type":"ImageObject","inLanguage":"fr-CA","@id":"https:\/\/cchim.ca\/cerp\/gregs-wings\/#primaryimage","url":"https:\/\/cchim.ca\/wp-content\/uploads\/2024\/04\/GWLogo_v2-821x940.webp","contentUrl":"https:\/\/cchim.ca\/wp-content\/uploads\/2024\/04\/GWLogo_v2-821x940.webp"},{"@type":"BreadcrumbList","@id":"https:\/\/cchim.ca\/cerp\/gregs-wings\/#breadcrumb","itemListElement":[{"@type":"ListItem","position":1,"name":"Home","item":"https:\/\/cchim.ca\/"},{"@type":"ListItem","position":2,"name":"Programme de ressources \u00e9ducatives des coll\u00e8ges","item":"https:\/\/cchim.ca\/cerp\/"},{"@type":"ListItem","position":3,"name":"Greg\u2019s Wings &#8211; pour le portail de l\u2019assurance-emploi"}]},{"@type":"WebSite","@id":"https:\/\/cchim.ca\/#website","url":"https:\/\/cchim.ca\/","name":"Canadian College of Health Information Management","description":"Accrediting academic institutions and certifying health information professionals","publisher":{"@id":"https:\/\/cchim.ca\/#organization"},"alternateName":"CCHIM","potentialAction":[{"@type":"SearchAction","target":{"@type":"EntryPoint","urlTemplate":"https:\/\/cchim.ca\/?s={search_term_string}"},"query-input":{"@type":"PropertyValueSpecification","valueRequired":true,"valueName":"search_term_string"}}],"inLanguage":"fr-CA"},{"@type":"Organization","@id":"https:\/\/cchim.ca\/#organization","name":"Canadian College of Health Information Management","alternateName":"CCHIM","url":"https:\/\/cchim.ca\/","logo":{"@type":"ImageObject","inLanguage":"fr-CA","@id":"https:\/\/cchim.ca\/#\/schema\/logo\/image\/","url":"https:\/\/cchim.ca\/wp-content\/uploads\/2020\/08\/cropped-favicon.webp","contentUrl":"https:\/\/cchim.ca\/wp-content\/uploads\/2020\/08\/cropped-favicon.webp","width":512,"height":512,"caption":"Canadian College of Health Information Management"},"image":{"@id":"https:\/\/cchim.ca\/#\/schema\/logo\/image\/"},"description":"Canadian College of Health Information Management","email":"support@echima.ca","legalName":"Canadian College of Health Information Management","foundingDate":"1972-09-07","numberOfEmployees":{"@type":"QuantitativeValue","minValue":"11","maxValue":"50"}}]}},"_links":{"self":[{"href":"https:\/\/cchim.ca\/fr\/wp-json\/wp\/v2\/pages\/885734","targetHints":{"allow":["GET"]}}],"collection":[{"href":"https:\/\/cchim.ca\/fr\/wp-json\/wp\/v2\/pages"}],"about":[{"href":"https:\/\/cchim.ca\/fr\/wp-json\/wp\/v2\/types\/page"}],"author":[{"embeddable":true,"href":"https:\/\/cchim.ca\/fr\/wp-json\/wp\/v2\/users\/10"}],"replies":[{"embeddable":true,"href":"https:\/\/cchim.ca\/fr\/wp-json\/wp\/v2\/comments?post=885734"}],"version-history":[{"count":0,"href":"https:\/\/cchim.ca\/fr\/wp-json\/wp\/v2\/pages\/885734\/revisions"}],"up":[{"embeddable":true,"href":"https:\/\/cchim.ca\/fr\/wp-json\/wp\/v2\/pages\/885716"}],"wp:attachment":[{"href":"https:\/\/cchim.ca\/fr\/wp-json\/wp\/v2\/media?parent=885734"}],"curies":[{"name":"wp","href":"https:\/\/api.w.org\/{rel}","templated":true}]}}