{"id":885731,"date":"2023-09-25T10:55:25","date_gmt":"2023-09-25T14:55:25","guid":{"rendered":"https:\/\/cchim.ca\/esri-canada\/"},"modified":"2024-09-14T11:42:30","modified_gmt":"2024-09-14T15:42:30","slug":"esri-canada","status":"publish","type":"page","link":"https:\/\/cchim.ca\/fr\/esri-canada\/","title":{"rendered":"Esri Canada"},"content":{"rendered":"\n<h1 class=\"wp-block-heading\">Esri Canada<\/h1>\n\n<div class=\"wp-block-cover has-custom-content-position is-position-bottom-left\"><span aria-hidden=\"true\" class=\"wp-block-cover__background has-background-dim\"><\/span><img fetchpriority=\"high\" decoding=\"async\" width=\"1920\" height=\"1080\" class=\"wp-block-cover__image-background wp-image-885377\" alt=\"\" src=\"https:\/\/cchim.ca\/wp-content\/uploads\/2024\/02\/chimaBanner_1920x1080_v2.webp\" data-object-fit=\"cover\" srcset=\"https:\/\/cchim.ca\/wp-content\/uploads\/2024\/02\/chimaBanner_1920x1080_v2.webp 1920w, https:\/\/cchim.ca\/wp-content\/uploads\/2024\/02\/chimaBanner_1920x1080_v2-650x366.webp 650w, https:\/\/cchim.ca\/wp-content\/uploads\/2024\/02\/chimaBanner_1920x1080_v2-940x529.webp 940w, https:\/\/cchim.ca\/wp-content\/uploads\/2024\/02\/chimaBanner_1920x1080_v2-768x432.webp 768w, https:\/\/cchim.ca\/wp-content\/uploads\/2024\/02\/chimaBanner_1920x1080_v2-1536x864.webp 1536w\" sizes=\"(max-width: 1920px) 100vw, 1920px\" \/><div class=\"wp-block-cover__inner-container is-layout-flow wp-block-cover-is-layout-flow\"><div class=\"wp-block-image\">\n<figure class=\"alignleft size-large\"><img decoding=\"async\" width=\"940\" height=\"270\" src=\"https:\/\/cchim.ca\/wp-content\/uploads\/2024\/05\/Esri_Canada_Emblem_R_tag_1C_Transparent-940x270.webp\" alt=\"\" class=\"wp-image-885428\" srcset=\"https:\/\/cchim.ca\/wp-content\/uploads\/2024\/05\/Esri_Canada_Emblem_R_tag_1C_Transparent-940x270.webp 940w, https:\/\/cchim.ca\/wp-content\/uploads\/2024\/05\/Esri_Canada_Emblem_R_tag_1C_Transparent-650x187.webp 650w, https:\/\/cchim.ca\/wp-content\/uploads\/2024\/05\/Esri_Canada_Emblem_R_tag_1C_Transparent-768x221.webp 768w, https:\/\/cchim.ca\/wp-content\/uploads\/2024\/05\/Esri_Canada_Emblem_R_tag_1C_Transparent.webp 1165w\" sizes=\"(max-width: 940px) 100vw, 940px\" \/><\/figure><\/div>\n\n\n<p class=\"has-text-align-left is-style-intro\">Esri Canada fournit de la formation et des ressources sig au Programme de ressources \u00e9ducatives coll\u00e9giales (CERP).  <\/p>\n<\/div><\/div>\n\n<h2 class=\"wp-block-heading\"><\/h2>\n\n<div class=\"wp-block-pb-section alignfull is-style-dark-pattern\"><div class=\"o-container\">\n<h2 class=\"wp-block-heading has-text-align-center\">Ressources \u00e9ducatives<\/h2>\n\n\n\n<p class=\"has-text-align-center\">Dans le cadre d\u2019un <a href=\"https:\/\/cchim.ca\/fr\/partenariat-strategique-entre-linstitut-canadien-dinformation-sur-la-sante-le-college-canadien-des-professionnels-en-gestion-de-linformation-sur-la-sante-et-lassociation-canadienne-des-professionnels\/\">partenariat conjoint<\/a> avec Esri Canada et l\u2019ACIDS, <br\/>les ressources suivantes seront mises \u00e0 la disposition des abonn\u00e9s du CERP.<\/p>\n<\/div><\/div>\n\n<div style=\"height:57px\" aria-hidden=\"true\" class=\"wp-block-spacer\"><\/div>\n\n<div class=\"o-row\">\n<div class=\"o-col u-6of12-md\">\n<div class=\"wp-block-pb-card is-style-light-pattern\"><div class=\"wp-block-pb-card__content\">\n<h2 class=\"wp-block-heading\"><strong>CHIMA GeoHub<\/strong><\/h2>\n\n\n\n<div style=\"height:76px\" aria-hidden=\"true\" class=\"wp-block-spacer\"><\/div>\n\n\n\n<div class=\"wp-block-buttons is-layout-flex wp-block-buttons-is-layout-flex\">\n<div class=\"wp-block-button\"><a class=\"wp-block-button__link wp-element-button\" href=\"https:\/\/www.echima.ca\/member-page\/my-dashboard\/canadian-college-of-health-information-management\/educational-resources\/esri-resources\/\" target=\"_blank\" rel=\"noreferrer noopener\">En savoir plus et demander l\u2019acc\u00e8s<\/a><\/div>\n<\/div>\n<\/div><\/div>\n<\/div>\n\n\n\n<div class=\"o-col u-6of12-md\">\n<div class=\"wp-block-pb-card is-style-light-pattern\"><div class=\"wp-block-pb-card__content\">\n<h2 class=\"wp-block-heading\"><strong>Comment les SIG soutiennent-ils son programme d\u2019\u00e9tudes ?  <\/strong><\/h2>\n\n\n\n<div style=\"height:40px\" aria-hidden=\"true\" class=\"wp-block-spacer\"><\/div>\n\n\n\n<div class=\"wp-block-buttons is-layout-flex wp-block-buttons-is-layout-flex\">\n<div class=\"wp-block-button\"><a class=\"wp-block-button__link wp-element-button\" href=\"https:\/\/cchim.ca\/gis-tutorials-mapped-to-the-chima-curriculum\/\" target=\"_blank\" rel=\"noreferrer noopener\">Voir le SIG mis en correspondance avec les normes du programme d\u2019\u00e9tudes de l\u2019Ordre<\/a><\/div>\n<\/div>\n<\/div><\/div>\n<\/div>\n<\/div>\n\n<div class=\"o-row\">\n<div class=\"o-col u-6of12-md\">\n<div class=\"wp-block-pb-card is-style-light-pattern\"><div class=\"wp-block-pb-card__content\">\n<h2 class=\"wp-block-heading\"><strong>Ressources d\u2019apprentissage suppl\u00e9mentaires<\/strong><\/h2>\n\n\n\n<div style=\"height:38px\" aria-hidden=\"true\" class=\"wp-block-spacer\"><\/div>\n\n\n\n<div class=\"wp-block-buttons is-layout-flex wp-block-buttons-is-layout-flex\">\n<div class=\"wp-block-button\"><a class=\"wp-block-button__link wp-element-button\" href=\"https:\/\/cchim.ca\/additional-learning-resources-esri\/\" target=\"_blank\" rel=\"noreferrer noopener\">En savoir plus et acc\u00e9der aux ressources<\/a><\/div>\n<\/div>\n<\/div><\/div>\n<\/div>\n\n\n\n<div class=\"o-col u-6of12-md\">\n<iframe id=\"kmsembed-1_xugwij52\" width=\"100%\" height=\"100%\" src=\"https:\/\/mediaspace.esri.com\/embed\/secure\/iframe\/entryId\/1_xugwij52\/uiConfId\/49806163\/st\/0\" class=\"kmsembed\" allowfullscreen=\"\" webkitallowfullscreen=\"\" mozallowfullscreen=\"\" allow=\"autoplay *; fullscreen *; encrypted-media *\" referrerpolicy=\"no-referrer-when-downgrade\" sandbox=\"allow-downloads allow-forms allow-same-origin allow-scripts allow-top-navigation allow-pointer-lock allow-popups allow-modals allow-orientation-lock allow-popups-to-escape-sandbox allow-presentation allow-top-navigation-by-user-activation\" frameborder=\"0\" title=\"SIG de sant\u00e9\"><\/iframe>\n<\/div>\n<\/div>\n\n<div style=\"height:33px\" aria-hidden=\"true\" class=\"wp-block-spacer\"><\/div>\n\n<h2 class=\"wp-block-heading\" id=\"FAQ\">Foire aux questions<\/h2>\n\n<div class=\"wp-block-pb-accordion-item c-accordion__item js-accordion-item no-js\" data-initially-open=\"false\" data-click-to-close=\"true\" data-auto-close=\"true\" data-scroll=\"false\" data-scroll-offset=\"0\"><h2 id=\"at-8852110\" class=\"c-accordion__title js-accordion-controller\" role=\"button\"><strong>What is GIS?<\/strong><\/h2><div id=\"ac-8852110\" class=\"c-accordion__content\">\n<p>SIG signifie syst\u00e8me d\u2019information g\u00e9ographique.\nLe SIG est une technologie puissante qui int\u00e8gre des donn\u00e9es provenant de diverses sources en utilisant l\u2019emplacement comme facteur unificateur.\nVous pouvez utiliser le SIG pour collecter et g\u00e9rer des donn\u00e9es, les visualiser sous forme de carte et les partager avec d\u2019autres pour soutenir la collaboration et une meilleure prise de d\u00e9cision.  <\/p>\n<\/div><\/div>\n\n<div class=\"wp-block-pb-accordion-item c-accordion__item js-accordion-item no-js\" data-initially-open=\"false\" data-click-to-close=\"true\" data-auto-close=\"true\" data-scroll=\"false\" data-scroll-offset=\"0\"><h2 id=\"at-8852111\" class=\"c-accordion__title js-accordion-controller\" role=\"button\"><strong>Why is learning GIS important?<\/strong><\/h2><div id=\"ac-8852111\" class=\"c-accordion__content\">\n<p>La puissance de la technologie des syst\u00e8mes d\u2019information g\u00e9ographique (SIG) et de l\u2019intelligence de localisation est en train de changer la donne pour les syst\u00e8mes de sant\u00e9 ax\u00e9s sur la prestation de soins personnalis\u00e9s.\nComprendre \u00ab o\u00f9 \u00bb est au c\u0153ur de la fa\u00e7on dont nous priorisons les interventions de sant\u00e9 publique et pour nous assurer que les m\u00e9decins, les infirmi\u00e8res et les gestionnaires des op\u00e9rations des \u00e9tablissements peuvent se pr\u00e9parer de mani\u00e8re optimale et pr\u00e9parer leurs cliniques aux exigences uniques de leurs communaut\u00e9s en mati\u00e8re de sant\u00e9. <\/p>\n\n\n\n<p>Les donn\u00e9es g\u00e9od\u00e9siques et la technologie SIG peuvent souligner les lacunes de couverture dans les populations que nous esp\u00e9rons atteindre, planifier et att\u00e9nuer les \u00e9v\u00e9nements impr\u00e9vus, et am\u00e9liorer la fa\u00e7on dont nous g\u00e9rons et exploitons nos \u00e9tablissements de sant\u00e9.\nLes professionnels de la gestion de l\u2019informatique de la sant\u00e9 utilisent les SIG pour rationaliser et am\u00e9liorer l\u2019utilisation et l\u2019acc\u00e8s aux soins de sant\u00e9, la distribution des services, l\u2019allocation des ressources, les disparit\u00e9s dans les soins ou l\u2019acc\u00e8s et la planification strat\u00e9gique. <br\/><br\/><a href=\"https:\/\/www.esri.ca\/en-ca\/solutions\/industries\/health\/overview\" target=\"_blank\" rel=\"noreferrer noopener\"><\/a><a href=\"https:\/\/www.esri.ca\/en-ca\/solutions\/industries\/health\/overview\">Explorer la possibilit\u00e9 de b\u00e2tir des collectivit\u00e9s saines \u00e0 l\u2019aide des SIG<\/a><\/p>\n<\/div><\/div>\n\n<div class=\"wp-block-pb-accordion-item c-accordion__item js-accordion-item no-js\" data-initially-open=\"false\" data-click-to-close=\"true\" data-auto-close=\"true\" data-scroll=\"false\" data-scroll-offset=\"0\"><h2 id=\"at-8852112\" class=\"c-accordion__title js-accordion-controller\" role=\"button\"><strong>How long have CHIMA and Esri Canada worked together?<\/strong><\/h2><div id=\"ac-8852112\" class=\"c-accordion__content\">\n<p>L\u2019ACIDS et Esri Canada travaillent ensemble depuis 2020, ann\u00e9e du d\u00e9but de la pand\u00e9mie de COVID-19.\nLa technologie SIG d\u2019Esri a permis le <a href=\"https:\/\/coronavirus.jhu.edu\/map.html\">tableau de bord cartographique mondial de la COVID-19<\/a> de l\u2019Universit\u00e9 Johns Hopkins, le <a href=\"https:\/\/resources-covid19canada.hub.arcgis.com\/\">Centre de ressources covid-19 du Canada<\/a>, ainsi que de nombreuses autres applications pour surveiller et traiter la COVID-19.\nL\u2019ACIDS a d\u00e9termin\u00e9 que la cartographie et l\u2019analyse spatiale sont des comp\u00e9tences essentielles que les professionnels de l\u2019HIM peuvent acqu\u00e9rir et s\u2019est associ\u00e9e \u00e0 Esri Canada pour offrir plusieurs webinaires et pr\u00e9sentations sur les applications sig dans le domaine de la sant\u00e9 et fournir des ressources de formation aux membres par l\u2019interm\u00e9diaire du GeoHub de l\u2019ACIDS.  <\/p>\n<\/div><\/div>\n\n<div class=\"wp-block-pb-accordion-item c-accordion__item js-accordion-item no-js\" data-initially-open=\"false\" data-click-to-close=\"true\" data-auto-close=\"true\" data-scroll=\"false\" data-scroll-offset=\"0\"><h2 id=\"at-8852113\" class=\"c-accordion__title js-accordion-controller\" role=\"button\"><strong>How do I get access to GIS training resources?<\/strong><\/h2><div id=\"ac-8852113\" class=\"c-accordion__content\">\n<p>Le GeoHub de l\u2019ACIDS est le meilleur endroit o\u00f9 les membres de l\u2019ACIDS peuvent commencer \u00e0 apprendre les SIG.\nIl comprend plusieurs didacticiels SIG et ressources de formation, ainsi que l\u2019acc\u00e8s au logiciel SIG cloud d\u2019Esri, ArcGIS Online.\nApprenez-en plus et demandez l\u2019acc\u00e8s au <a href=\"https:\/\/www.echima.ca\/member-page\/my-dashboard\/canadian-college-of-health-information-management\/educational-resources\/esri-resources\/\">GeoHub de l\u2019ACIDS<\/a>.  <\/p>\n\n\n\n<p>Pour d\u2019autres ressources de formation sur les SIG dans la sant\u00e9, contactez Esri Canada \u00e0 <a href=\"mailto:chimagishelp@esri.ca\">chimagishelp@esri.ca<\/a>.<\/p>\n<\/div><\/div>\n","protected":false},"excerpt":{"rendered":"<p>Esri Canada Foire aux questions<\/p>\n","protected":false},"author":8,"featured_media":0,"parent":0,"menu_order":0,"comment_status":"closed","ping_status":"closed","template":"","meta":{"footnotes":""},"class_list":["post-885731","page","type-page","status-publish","hentry"],"yoast_head":"<!-- This site is optimized with the Yoast SEO Premium plugin v26.2 (Yoast SEO v27.4) - https:\/\/yoast.com\/product\/yoast-seo-premium-wordpress\/ -->\n<title>Esri Canada - Canadian College of Health Information Management<\/title>\n<meta name=\"description\" content=\"Esri Canada Esri Canada fournit de la formation et des ressources sig au Programme de ressources \u00e9ducatives coll\u00e9giales (CERP). Ressources \u00e9ducatives Dans\" \/>\n<meta name=\"robots\" content=\"index, follow, max-snippet:-1, max-image-preview:large, max-video-preview:-1\" \/>\n<link rel=\"canonical\" href=\"https:\/\/cchim.ca\/fr\/esri-canada\/\" \/>\n<meta property=\"og:locale\" content=\"fr_CA\" \/>\n<meta property=\"og:type\" content=\"article\" \/>\n<meta property=\"og:title\" content=\"Esri Canada\" \/>\n<meta property=\"og:description\" content=\"Esri Canada Esri Canada fournit de la formation et des ressources sig au Programme de ressources \u00e9ducatives coll\u00e9giales (CERP). Ressources \u00e9ducatives Dans\" \/>\n<meta property=\"og:url\" content=\"https:\/\/cchim.ca\/fr\/esri-canada\/\" \/>\n<meta property=\"og:site_name\" content=\"Canadian College of Health Information Management\" \/>\n<meta property=\"article:modified_time\" content=\"2024-09-14T15:42:30+00:00\" \/>\n<meta property=\"og:image\" content=\"https:\/\/cchim.ca\/wp-content\/uploads\/2024\/02\/chimaBanner_1920x1080_v2.webp\" \/>\n<meta name=\"twitter:card\" content=\"summary_large_image\" \/>\n<meta name=\"twitter:label1\" content=\"Estimation du temps de lecture\" \/>\n\t<meta name=\"twitter:data1\" content=\"3 minutes\" \/>\n<script type=\"application\/ld+json\" class=\"yoast-schema-graph\">{\"@context\":\"https:\\\/\\\/schema.org\",\"@graph\":[{\"@type\":\"WebPage\",\"@id\":\"https:\\\/\\\/cchim.ca\\\/fr\\\/esri-canada\\\/\",\"url\":\"https:\\\/\\\/cchim.ca\\\/fr\\\/esri-canada\\\/\",\"name\":\"Esri Canada - Canadian College of Health Information Management\",\"isPartOf\":{\"@id\":\"https:\\\/\\\/cchim.ca\\\/#website\"},\"primaryImageOfPage\":{\"@id\":\"https:\\\/\\\/cchim.ca\\\/fr\\\/esri-canada\\\/#primaryimage\"},\"image\":{\"@id\":\"https:\\\/\\\/cchim.ca\\\/fr\\\/esri-canada\\\/#primaryimage\"},\"thumbnailUrl\":\"https:\\\/\\\/cchim.ca\\\/wp-content\\\/uploads\\\/2024\\\/02\\\/chimaBanner_1920x1080_v2.webp\",\"datePublished\":\"2023-09-25T14:55:25+00:00\",\"dateModified\":\"2024-09-14T15:42:30+00:00\",\"description\":\"Esri Canada Esri Canada fournit de la formation et des ressources sig au Programme de ressources \u00e9ducatives coll\u00e9giales (CERP). Ressources \u00e9ducatives Dans\",\"breadcrumb\":{\"@id\":\"https:\\\/\\\/cchim.ca\\\/fr\\\/esri-canada\\\/#breadcrumb\"},\"inLanguage\":\"fr-CA\",\"potentialAction\":[{\"@type\":\"ReadAction\",\"target\":[\"https:\\\/\\\/cchim.ca\\\/fr\\\/esri-canada\\\/\"]}]},{\"@type\":\"ImageObject\",\"inLanguage\":\"fr-CA\",\"@id\":\"https:\\\/\\\/cchim.ca\\\/fr\\\/esri-canada\\\/#primaryimage\",\"url\":\"https:\\\/\\\/cchim.ca\\\/wp-content\\\/uploads\\\/2024\\\/02\\\/chimaBanner_1920x1080_v2.webp\",\"contentUrl\":\"https:\\\/\\\/cchim.ca\\\/wp-content\\\/uploads\\\/2024\\\/02\\\/chimaBanner_1920x1080_v2.webp\"},{\"@type\":\"BreadcrumbList\",\"@id\":\"https:\\\/\\\/cchim.ca\\\/fr\\\/esri-canada\\\/#breadcrumb\",\"itemListElement\":[{\"@type\":\"ListItem\",\"position\":1,\"name\":\"Home\",\"item\":\"https:\\\/\\\/cchim.ca\\\/\"},{\"@type\":\"ListItem\",\"position\":2,\"name\":\"Esri Canada\"}]},{\"@type\":\"WebSite\",\"@id\":\"https:\\\/\\\/cchim.ca\\\/#website\",\"url\":\"https:\\\/\\\/cchim.ca\\\/\",\"name\":\"Canadian College of Health Information Management\",\"description\":\"Accrediting academic institutions and certifying health information professionals\",\"publisher\":{\"@id\":\"https:\\\/\\\/cchim.ca\\\/#organization\"},\"alternateName\":\"CCHIM\",\"potentialAction\":[{\"@type\":\"SearchAction\",\"target\":{\"@type\":\"EntryPoint\",\"urlTemplate\":\"https:\\\/\\\/cchim.ca\\\/?s={search_term_string}\"},\"query-input\":{\"@type\":\"PropertyValueSpecification\",\"valueRequired\":true,\"valueName\":\"search_term_string\"}}],\"inLanguage\":\"fr-CA\"},{\"@type\":\"Organization\",\"@id\":\"https:\\\/\\\/cchim.ca\\\/#organization\",\"name\":\"Canadian College of Health Information Management\",\"alternateName\":\"CCHIM\",\"url\":\"https:\\\/\\\/cchim.ca\\\/\",\"logo\":{\"@type\":\"ImageObject\",\"inLanguage\":\"fr-CA\",\"@id\":\"https:\\\/\\\/cchim.ca\\\/#\\\/schema\\\/logo\\\/image\\\/\",\"url\":\"https:\\\/\\\/cchim.ca\\\/wp-content\\\/uploads\\\/2020\\\/08\\\/cropped-favicon.webp\",\"contentUrl\":\"https:\\\/\\\/cchim.ca\\\/wp-content\\\/uploads\\\/2020\\\/08\\\/cropped-favicon.webp\",\"width\":512,\"height\":512,\"caption\":\"Canadian College of Health Information Management\"},\"image\":{\"@id\":\"https:\\\/\\\/cchim.ca\\\/#\\\/schema\\\/logo\\\/image\\\/\"},\"description\":\"Canadian College of Health Information Management\",\"email\":\"support@echima.ca\",\"legalName\":\"Canadian College of Health Information Management\",\"foundingDate\":\"1972-09-07\",\"numberOfEmployees\":{\"@type\":\"QuantitativeValue\",\"minValue\":\"11\",\"maxValue\":\"50\"}}]}<\/script>\n<!-- \/ Yoast SEO Premium plugin. -->","yoast_head_json":{"title":"Esri Canada - Canadian College of Health Information Management","description":"Esri Canada Esri Canada fournit de la formation et des ressources sig au Programme de ressources \u00e9ducatives coll\u00e9giales (CERP). Ressources \u00e9ducatives Dans","robots":{"index":"index","follow":"follow","max-snippet":"max-snippet:-1","max-image-preview":"max-image-preview:large","max-video-preview":"max-video-preview:-1"},"canonical":"https:\/\/cchim.ca\/fr\/esri-canada\/","og_locale":"fr_CA","og_type":"article","og_title":"Esri Canada","og_description":"Esri Canada Esri Canada fournit de la formation et des ressources sig au Programme de ressources \u00e9ducatives coll\u00e9giales (CERP). Ressources \u00e9ducatives Dans","og_url":"https:\/\/cchim.ca\/fr\/esri-canada\/","og_site_name":"Canadian College of Health Information Management","article_modified_time":"2024-09-14T15:42:30+00:00","og_image":[{"url":"https:\/\/cchim.ca\/wp-content\/uploads\/2024\/02\/chimaBanner_1920x1080_v2.webp","type":"","width":"","height":""}],"twitter_card":"summary_large_image","twitter_misc":{"Estimation du temps de lecture":"3 minutes"},"schema":{"@context":"https:\/\/schema.org","@graph":[{"@type":"WebPage","@id":"https:\/\/cchim.ca\/fr\/esri-canada\/","url":"https:\/\/cchim.ca\/fr\/esri-canada\/","name":"Esri Canada - Canadian College of Health Information Management","isPartOf":{"@id":"https:\/\/cchim.ca\/#website"},"primaryImageOfPage":{"@id":"https:\/\/cchim.ca\/fr\/esri-canada\/#primaryimage"},"image":{"@id":"https:\/\/cchim.ca\/fr\/esri-canada\/#primaryimage"},"thumbnailUrl":"https:\/\/cchim.ca\/wp-content\/uploads\/2024\/02\/chimaBanner_1920x1080_v2.webp","datePublished":"2023-09-25T14:55:25+00:00","dateModified":"2024-09-14T15:42:30+00:00","description":"Esri Canada Esri Canada fournit de la formation et des ressources sig au Programme de ressources \u00e9ducatives coll\u00e9giales (CERP). Ressources \u00e9ducatives Dans","breadcrumb":{"@id":"https:\/\/cchim.ca\/fr\/esri-canada\/#breadcrumb"},"inLanguage":"fr-CA","potentialAction":[{"@type":"ReadAction","target":["https:\/\/cchim.ca\/fr\/esri-canada\/"]}]},{"@type":"ImageObject","inLanguage":"fr-CA","@id":"https:\/\/cchim.ca\/fr\/esri-canada\/#primaryimage","url":"https:\/\/cchim.ca\/wp-content\/uploads\/2024\/02\/chimaBanner_1920x1080_v2.webp","contentUrl":"https:\/\/cchim.ca\/wp-content\/uploads\/2024\/02\/chimaBanner_1920x1080_v2.webp"},{"@type":"BreadcrumbList","@id":"https:\/\/cchim.ca\/fr\/esri-canada\/#breadcrumb","itemListElement":[{"@type":"ListItem","position":1,"name":"Home","item":"https:\/\/cchim.ca\/"},{"@type":"ListItem","position":2,"name":"Esri Canada"}]},{"@type":"WebSite","@id":"https:\/\/cchim.ca\/#website","url":"https:\/\/cchim.ca\/","name":"Canadian College of Health Information Management","description":"Accrediting academic institutions and certifying health information professionals","publisher":{"@id":"https:\/\/cchim.ca\/#organization"},"alternateName":"CCHIM","potentialAction":[{"@type":"SearchAction","target":{"@type":"EntryPoint","urlTemplate":"https:\/\/cchim.ca\/?s={search_term_string}"},"query-input":{"@type":"PropertyValueSpecification","valueRequired":true,"valueName":"search_term_string"}}],"inLanguage":"fr-CA"},{"@type":"Organization","@id":"https:\/\/cchim.ca\/#organization","name":"Canadian College of Health Information Management","alternateName":"CCHIM","url":"https:\/\/cchim.ca\/","logo":{"@type":"ImageObject","inLanguage":"fr-CA","@id":"https:\/\/cchim.ca\/#\/schema\/logo\/image\/","url":"https:\/\/cchim.ca\/wp-content\/uploads\/2020\/08\/cropped-favicon.webp","contentUrl":"https:\/\/cchim.ca\/wp-content\/uploads\/2020\/08\/cropped-favicon.webp","width":512,"height":512,"caption":"Canadian College of Health Information Management"},"image":{"@id":"https:\/\/cchim.ca\/#\/schema\/logo\/image\/"},"description":"Canadian College of Health Information Management","email":"support@echima.ca","legalName":"Canadian College of Health Information Management","foundingDate":"1972-09-07","numberOfEmployees":{"@type":"QuantitativeValue","minValue":"11","maxValue":"50"}}]}},"_links":{"self":[{"href":"https:\/\/cchim.ca\/fr\/wp-json\/wp\/v2\/pages\/885731","targetHints":{"allow":["GET"]}}],"collection":[{"href":"https:\/\/cchim.ca\/fr\/wp-json\/wp\/v2\/pages"}],"about":[{"href":"https:\/\/cchim.ca\/fr\/wp-json\/wp\/v2\/types\/page"}],"author":[{"embeddable":true,"href":"https:\/\/cchim.ca\/fr\/wp-json\/wp\/v2\/users\/8"}],"replies":[{"embeddable":true,"href":"https:\/\/cchim.ca\/fr\/wp-json\/wp\/v2\/comments?post=885731"}],"version-history":[{"count":0,"href":"https:\/\/cchim.ca\/fr\/wp-json\/wp\/v2\/pages\/885731\/revisions"}],"wp:attachment":[{"href":"https:\/\/cchim.ca\/fr\/wp-json\/wp\/v2\/media?parent=885731"}],"curies":[{"name":"wp","href":"https:\/\/api.w.org\/{rel}","templated":true}]}}