{"id":885724,"date":"2023-02-03T11:28:58","date_gmt":"2023-02-03T16:28:58","guid":{"rendered":"https:\/\/cchim.ca\/certification\/aiis\/hica-pour-les-soins-actifs\/"},"modified":"2024-10-27T06:57:07","modified_gmt":"2024-10-27T10:57:07","slug":"hica-pour-les-soins-actifs","status":"publish","type":"page","link":"https:\/\/cchim.ca\/fr\/certification\/aiis\/hica-pour-les-soins-actifs\/","title":{"rendered":"HICA pour les soins actifs"},"content":{"rendered":"\n<div class=\"wp-block-pb-section alignfull\"><div class=\"o-container\">\n<div class=\"o-row u-justify-content-center\">\n<div class=\"o-col u-7of12-md\">\n<p class=\"has-text-align-center is-style-small\">D\u00e9signation d\u2019associ\u00e9 certifi\u00e9 en information sur la sant\u00e9 (ICCA)<\/p>\n\n\n\n<div style=\"height:10px\" aria-hidden=\"true\" class=\"wp-block-spacer\"><\/div>\n\n\n\n<h1 class=\"has-text-align-center wp-block-heading\">Assurer la <strong>cr\u00e9dibilit\u00e9<\/strong> et <strong>la visibilit\u00e9<\/strong> des premi\u00e8res lignes de l\u2019information sur la sant\u00e9<\/h1>\n\n\n\n<p class=\"has-text-align-center is-style-intro\">Certifiez vos assistants de bureau m\u00e9dical avec la d\u00e9signation HICA pour apporter plus d\u2019efficacit\u00e9, de fiabilit\u00e9 et de professionnalisme \u00e0 votre bureau.<\/p>\n<\/div>\n<\/div>\n\n\n\n<div style=\"height:20px\" aria-hidden=\"true\" class=\"wp-block-spacer\"><\/div>\n\n\n\n<div class=\"wp-block-buttons is-content-justification-center is-layout-flex wp-container-core-buttons-is-layout-16018d1d wp-block-buttons-is-layout-flex\">\n<div class=\"wp-block-button\"><a class=\"wp-block-button__link wp-element-button\" href=\"https:\/\/cchim.ca\/877402-2\/\">Certifier vos protocoles d\u2019entente<\/a><\/div>\n\n\n\n<div class=\"wp-block-button is-style-fill\"><a class=\"wp-block-button__link wp-element-button\" href=\"#benefits\">Explorez les avantages<\/a><\/div>\n<\/div>\n<\/div><\/div>\n\n<div class=\"wp-block-pb-section alignfull is-style-white\"><div class=\"o-container\">\n<div class=\"o-row u-justify-content-center\">\n<div class=\"o-col u-6of12-md\">\n<h2 class=\"has-text-align-center wp-block-heading\">Les professionnels de l\u2019ICCA connaissent bien les domaines de pratique les plus pertinents d\u2019aujourd\u2019hui<\/h2>\n<\/div>\n<\/div>\n\n\n\n<div style=\"height:50px\" aria-hidden=\"true\" class=\"wp-block-spacer\"><\/div>\n\n\n\n<div class=\"o-block-grid u-justify-content-center o-block-grid-2-md o-block-grid-3-lg\">\n<div class=\"o-block-grid__item\">\n<div class=\"wp-block-pb-card is-style-default\"><div class=\"wp-block-pb-card__content\">\n<h3 class=\"wp-block-heading\">Connaissances cliniques<\/h3>\n\n\n\n<p>Les connaissances cliniques se rapportent \u00e0 l\u2019\u00e9tude du corps humain, de la terminologie m\u00e9dicale, de l\u2019anatomie et de la physiologie.<\/p>\n<\/div><\/div>\n<\/div>\n\n\n\n<div class=\"o-block-grid__item\">\n<div class=\"wp-block-pb-card is-style-default\"><div class=\"wp-block-pb-card__content\">\n<h3 class=\"wp-block-heading\">Technologie des soins de sant\u00e9<\/h3>\n\n\n\n<p>La technologie des soins de sant\u00e9 exige la compr\u00e9hension de divers syst\u00e8mes \u00e9lectroniques d\u2019information sur la sant\u00e9 et les comp\u00e9tences n\u00e9cessaires pour naviguer dans le dossier m\u00e9dical \u00e9lectronique (DME) de mani\u00e8re efficace et efficiente.<\/p>\n<\/div><\/div>\n<\/div>\n\n\n\n<div class=\"o-block-grid__item\">\n<div class=\"wp-block-pb-card is-style-default\"><div class=\"wp-block-pb-card__content\">\n<h3 class=\"wp-block-heading\">Professionnalisme dans les soins de sant\u00e9<\/h3>\n\n\n\n<p>Le professionnalisme dans le domaine des soins de sant\u00e9 exige de solides comp\u00e9tences interpersonnelles et la capacit\u00e9 de communiquer efficacement en mettant l\u2019accent sur la protection de la vie priv\u00e9e, la confidentialit\u00e9 et le respect des attentes \u00e9thiques en mati\u00e8re de soins de sant\u00e9.<\/p>\n<\/div><\/div>\n<\/div>\n\n\n\n<div class=\"o-block-grid__item\">\n<div class=\"wp-block-pb-card is-style-default\"><div class=\"wp-block-pb-card__content\">\n<h3 class=\"wp-block-heading\">Syst\u00e8me de soins de sant\u00e9<\/h3>\n\n\n\n<p>La compr\u00e9hension des syst\u00e8mes de soins de sant\u00e9, du continuum des soins de sant\u00e9 et de l\u2019\u00e9volution de chacun est n\u00e9cessaire pour appr\u00e9cier la prestation des soins de sant\u00e9 au Canada aujourd\u2019hui, y compris le r\u00f4le de d\u00e9fense des droits des patients et les divers r\u00f4les de l\u2019\u00e9quipe de soins de sant\u00e9.<\/p>\n<\/div><\/div>\n<\/div>\n\n\n\n<div class=\"o-block-grid__item\">\n<div class=\"wp-block-pb-card is-style-default\"><div class=\"wp-block-pb-card__content\">\n<h3 class=\"wp-block-heading\">Gestion des bureaux de soins de sant\u00e9<\/h3>\n\n\n\n<p>Les principes, les cadres, les politiques et les processus de gestion des bureaux de soins de sant\u00e9 qui sont n\u00e9cessaires pour soutenir les op\u00e9rations quotidiennes et g\u00e9rer efficacement l\u2019information sur la sant\u00e9 dans tous les formats afin d\u2019assurer la qualit\u00e9 des donn\u00e9es.<\/p>\n<\/div><\/div>\n<\/div>\n<\/div>\n\n\n\n<div style=\"height:20px\" aria-hidden=\"true\" class=\"wp-block-spacer\"><\/div>\n\n\n\n<div class=\"wp-block-buttons is-content-justification-center is-layout-flex wp-container-core-buttons-is-layout-16018d1d wp-block-buttons-is-layout-flex\">\n<div class=\"wp-block-button\"><a class=\"wp-block-button__link wp-element-button\" href=\"https:\/\/cchim.ca\/fr\/hica-physicians-contact\/\">Certifier vos protocoles d\u2019entente<\/a><\/div>\n<\/div>\n\n\n\n<p class=\"has-text-align-center is-style-small\">Aucune scolarit\u00e9 suppl\u00e9mentaire ou temps loin du travail n\u2019est requis.<\/p>\n<\/div><\/div>\n\n<div class=\"wp-block-pb-section alignfull is-style-dark-pattern\"><div class=\"o-container\">\n<div class=\"o-row u-justify-content-center\">\n<div class=\"o-col u-8of12-md\"><div class=\"wp-block-image\">\n<figure class=\"aligncenter size-full is-resized\"><img decoding=\"async\" src=\"https:\/\/cchim.ca\/wp-content\/uploads\/2023\/02\/sha-logo.webp\" alt=\"\" class=\"wp-image-880097\" width=\"150\" height=\"40\"\/><\/figure><\/div>\n\n\n<div style=\"height:40px\" aria-hidden=\"true\" class=\"wp-block-spacer\"><\/div>\n\n\n\n<p class=\"has-text-align-center is-style-default\">\u00ab \u00c0 la Saskatchewan Health Authority, nous croyons que la nouvelle d\u00e9signation d\u2019associ\u00e9 certifi\u00e9 en information sur la sant\u00e9 (ICCA) du Coll\u00e8ge canadien de gestion de l\u2019information sur la sant\u00e9 apportera cr\u00e9dibilit\u00e9 et visibilit\u00e9 au personnel de notre province charg\u00e9 de l\u2019inscription et des dossiers. Les professionnels certifi\u00e9s sont tenus de r\u00e9pondre \u00e0 des exigences plus \u00e9lev\u00e9es en mati\u00e8re de pratique et de formation continue.<\/p>\n\n\n\n<div style=\"height:20px\" aria-hidden=\"true\" class=\"wp-block-spacer\"><\/div>\n\n\n\n<div class=\"o-row\">\n<div class=\"o-col u-6of12-md\">\n<p class=\"has-text-align-center is-style-small\"><strong>Darcy Blahut<br\/><\/strong>Directeur de la planification des programmes et du soutien Gestion de la protection des renseignements personnels et de la sant\u00e9<\/p>\n<\/div>\n\n\n\n<div class=\"o-col u-6of12-md\">\n<p class=\"has-text-align-center is-style-small\"><strong>Kathy Braaten, CHIM<br\/><\/strong>Gestion de la protection de la vie priv\u00e9e et de l\u2019information sur la sant\u00e9 de l\u2019A\/DE<\/p>\n<\/div>\n<\/div>\n<\/div>\n<\/div>\n<\/div><\/div>\n\n<div class=\"wp-block-pb-section alignfull is-style-default\"><div class=\"o-container\">\n<div class=\"o-row u-justify-content-center\">\n<div class=\"o-col u-8of12-md\">\n<p class=\"has-text-align-center is-style-intro\" id=\"benefits\">La d\u00e9signation HICA est con\u00e7ue pour les professionnels qui font partie int\u00e9grante du succ\u00e8s de votre bureau<\/p>\n<\/div>\n<\/div>\n\n\n\n<div style=\"height:40px\" aria-hidden=\"true\" class=\"wp-block-spacer\"><\/div>\n\n\n\n<div class=\"o-block-grid o-block-grid-2-sm o-block-grid-3-lg o-block-grid-3-xl\">\n<div class=\"o-block-grid__item\">\n<div class=\"wp-block-pb-card is-style-white\"><div class=\"wp-block-pb-card__content\">\n<h3 class=\"has-text-align-center is-style-intro wp-block-heading\">Diminuer les t\u00e2ches trait\u00e9es par les m\u00e9decins<\/h3>\n\n\n\n<p class=\"has-text-align-center\">Les professionnels de l\u2019ICCA apportent des soutiens quotidiens essentiels.<\/p>\n<\/div><\/div>\n<\/div>\n\n\n\n<div class=\"o-block-grid__item\">\n<div class=\"wp-block-pb-card is-style-white\"><div class=\"wp-block-pb-card__content\">\n<h3 class=\"has-text-align-center is-style-intro wp-block-heading\">R\u00e9duire l\u2019absent\u00e9isme des assistants m\u00e9dicaux de bureau<\/h3>\n\n\n\n<p class=\"has-text-align-center\">Les professionnels de l\u2019ICCA se consacrent aux r\u00e9sultats de leur organisation et de leurs patients.<\/p>\n<\/div><\/div>\n<\/div>\n\n\n\n<div class=\"o-block-grid__item\">\n<div class=\"wp-block-pb-card is-style-white\"><div class=\"wp-block-pb-card__content\">\n<h3 class=\"has-text-align-center is-style-intro wp-block-heading\">Rationalisez la gestion de votre bureau<\/h3>\n\n\n\n<p class=\"has-text-align-center\">Les professionnels de la HICA sont form\u00e9s au professionnalisme et \u00e0 la gestion de bureau.<\/p>\n<\/div><\/div>\n<\/div>\n\n\n\n<div class=\"o-block-grid__item\">\n<div class=\"wp-block-pb-card is-style-white\"><div class=\"wp-block-pb-card__content\">\n<h3 class=\"has-text-align-center is-style-intro wp-block-heading\">Am\u00e9liorer la r\u00e9tention des employ\u00e9s<\/h3>\n\n\n\n<p class=\"has-text-align-center\">La certification augmente la satisfaction au travail et contribue au maintien en poste des employ\u00e9s.<\/p>\n<\/div><\/div>\n<\/div>\n\n\n\n<div class=\"o-block-grid__item\">\n<div class=\"wp-block-pb-card is-style-white\"><div class=\"wp-block-pb-card__content\">\n<h3 class=\"has-text-align-center is-style-intro wp-block-heading\">Accro\u00eetre la reconnaissance des travailleurs essentiels<\/h3>\n\n\n\n<p class=\"has-text-align-center\">Apportez visibilit\u00e9 et reconnaissance aux professionnels essentiels de votre bureau.<\/p>\n<\/div><\/div>\n<\/div>\n\n\n\n<div class=\"o-block-grid__item\">\n<div class=\"wp-block-pb-card is-style-white\"><div class=\"wp-block-pb-card__content\">\n<h3 class=\"has-text-align-center is-style-intro wp-block-heading\">Am\u00e9liorer le professionnalisme<\/h3>\n\n\n\n<p class=\"has-text-align-center\">\u00c9levez le premier point de contact dans votre bureau en certifiant vos assistants de bureau m\u00e9dical.<\/p>\n<\/div><\/div>\n<\/div>\n<\/div>\n<\/div><\/div>\n\n<div class=\"wp-block-pb-section alignfull is-style-white\"><div class=\"o-container\">\n<div class=\"o-row u-justify-content-center\">\n<div class=\"o-col u-10of12-md\">\n<div class=\"wp-block-pb-card is-style-default\"><div class=\"wp-block-pb-card__content\">\n<div class=\"o-row u-justify-content-space-between u-align-items-center\">\n<div class=\"o-col u-4of12-md\">\n<figure class=\"wp-block-image size-full\"><img fetchpriority=\"high\" decoding=\"async\" width=\"540\" height=\"540\" src=\"https:\/\/cchim.ca\/wp-content\/uploads\/2022\/11\/certify-your-staff.webp\" alt=\"\" class=\"wp-image-877369\" srcset=\"https:\/\/cchim.ca\/wp-content\/uploads\/2022\/11\/certify-your-staff.webp 540w, https:\/\/cchim.ca\/wp-content\/uploads\/2022\/11\/certify-your-staff-225x225.webp 225w\" sizes=\"(max-width: 540px) 100vw, 540px\" \/><\/figure>\n<\/div>\n\n\n\n<div class=\"o-col u-8of12-md\">\n<h1 class=\"wp-block-heading\">Certifiez votre bureau avec la d\u00e9signation HICA<\/h1>\n\n\n\n<p>Les assistants de bureau m\u00e9dical \u00e9tablis sont \u00e9ligibles pour passer l\u2019examen de certification national HICA sans scolarit\u00e9 suppl\u00e9mentaire ni temps loin du travail.<\/p>\n\n\n\n<p>Communiquez avec le Coll\u00e8ge canadien de gestion de l\u2019information sur la sant\u00e9 pour discuter des avantages et du processus de la d\u00e9signation HICA.<\/p>\n\n\n\n<div style=\"height:10px\" aria-hidden=\"true\" class=\"wp-block-spacer\"><\/div>\n\n\n\n<div class=\"wp-block-buttons is-layout-flex wp-block-buttons-is-layout-flex\">\n<div class=\"wp-block-button is-style-outline is-style-outline--1\"><a class=\"wp-block-button__link wp-element-button\" href=\"https:\/\/cchim.ca\/fr\/hica-physicians-contact\/\">Communiquez avec le Coll\u00e8ge<\/a><\/div>\n<\/div>\n<\/div>\n<\/div>\n<\/div><\/div>\n<\/div>\n<\/div>\n<\/div><\/div>\n","protected":false},"excerpt":{"rendered":"","protected":false},"author":10,"featured_media":0,"parent":877185,"menu_order":0,"comment_status":"closed","ping_status":"closed","template":"","meta":{"footnotes":""},"class_list":["post-885724","page","type-page","status-publish","hentry"],"yoast_head":"<!-- This site is optimized with the Yoast SEO Premium plugin v26.2 (Yoast SEO v27.4) - https:\/\/yoast.com\/product\/yoast-seo-premium-wordpress\/ -->\n<title>HICA pour les soins actifs - Canadian College of Health Information Management<\/title>\n<meta name=\"description\" content=\"D\u00e9signation d\u2019associ\u00e9 certifi\u00e9 en information sur la sant\u00e9 (ICCA) Assurer la cr\u00e9dibilit\u00e9 et la visibilit\u00e9 des premi\u00e8res lignes de l\u2019information sur la\" \/>\n<meta name=\"robots\" content=\"index, follow, max-snippet:-1, max-image-preview:large, max-video-preview:-1\" \/>\n<link rel=\"canonical\" href=\"https:\/\/cchim.ca\/fr\/certification\/aiis\/hica-pour-les-soins-actifs\/\" \/>\n<meta property=\"og:locale\" content=\"fr_CA\" \/>\n<meta property=\"og:type\" content=\"article\" \/>\n<meta property=\"og:title\" content=\"HICA pour les soins actifs\" \/>\n<meta property=\"og:description\" content=\"D\u00e9signation d\u2019associ\u00e9 certifi\u00e9 en information sur la sant\u00e9 (ICCA) Assurer la cr\u00e9dibilit\u00e9 et la visibilit\u00e9 des premi\u00e8res lignes de l\u2019information sur la\" \/>\n<meta property=\"og:url\" content=\"https:\/\/cchim.ca\/fr\/certification\/aiis\/hica-pour-les-soins-actifs\/\" \/>\n<meta property=\"og:site_name\" content=\"Canadian College of Health Information Management\" \/>\n<meta property=\"article:modified_time\" content=\"2024-10-27T10:57:07+00:00\" \/>\n<meta property=\"og:image\" content=\"https:\/\/cchim.ca\/wp-content\/uploads\/2023\/02\/sha-logo.webp\" \/>\n\t<meta property=\"og:image:width\" content=\"300\" \/>\n\t<meta property=\"og:image:height\" content=\"80\" \/>\n\t<meta property=\"og:image:type\" content=\"image\/webp\" \/>\n<meta name=\"twitter:card\" content=\"summary_large_image\" \/>\n<meta name=\"twitter:label1\" content=\"Estimation du temps de lecture\" \/>\n\t<meta name=\"twitter:data1\" content=\"3 minutes\" \/>\n<script type=\"application\/ld+json\" class=\"yoast-schema-graph\">{\"@context\":\"https:\\\/\\\/schema.org\",\"@graph\":[{\"@type\":\"WebPage\",\"@id\":\"https:\\\/\\\/cchim.ca\\\/fr\\\/certification\\\/aiis\\\/hica-pour-les-soins-actifs\\\/\",\"url\":\"https:\\\/\\\/cchim.ca\\\/fr\\\/certification\\\/aiis\\\/hica-pour-les-soins-actifs\\\/\",\"name\":\"HICA pour les soins actifs - Canadian College of Health Information Management\",\"isPartOf\":{\"@id\":\"https:\\\/\\\/cchim.ca\\\/#website\"},\"primaryImageOfPage\":{\"@id\":\"https:\\\/\\\/cchim.ca\\\/fr\\\/certification\\\/aiis\\\/hica-pour-les-soins-actifs\\\/#primaryimage\"},\"image\":{\"@id\":\"https:\\\/\\\/cchim.ca\\\/fr\\\/certification\\\/aiis\\\/hica-pour-les-soins-actifs\\\/#primaryimage\"},\"thumbnailUrl\":\"https:\\\/\\\/cchim.ca\\\/wp-content\\\/uploads\\\/2023\\\/02\\\/sha-logo.webp\",\"datePublished\":\"2023-02-03T16:28:58+00:00\",\"dateModified\":\"2024-10-27T10:57:07+00:00\",\"description\":\"D\u00e9signation d\u2019associ\u00e9 certifi\u00e9 en information sur la sant\u00e9 (ICCA) Assurer la cr\u00e9dibilit\u00e9 et la visibilit\u00e9 des premi\u00e8res lignes de l\u2019information sur la\",\"breadcrumb\":{\"@id\":\"https:\\\/\\\/cchim.ca\\\/fr\\\/certification\\\/aiis\\\/hica-pour-les-soins-actifs\\\/#breadcrumb\"},\"inLanguage\":\"fr-CA\",\"potentialAction\":[{\"@type\":\"ReadAction\",\"target\":[\"https:\\\/\\\/cchim.ca\\\/fr\\\/certification\\\/aiis\\\/hica-pour-les-soins-actifs\\\/\"]}]},{\"@type\":\"ImageObject\",\"inLanguage\":\"fr-CA\",\"@id\":\"https:\\\/\\\/cchim.ca\\\/fr\\\/certification\\\/aiis\\\/hica-pour-les-soins-actifs\\\/#primaryimage\",\"url\":\"https:\\\/\\\/cchim.ca\\\/wp-content\\\/uploads\\\/2023\\\/02\\\/sha-logo.webp\",\"contentUrl\":\"https:\\\/\\\/cchim.ca\\\/wp-content\\\/uploads\\\/2023\\\/02\\\/sha-logo.webp\"},{\"@type\":\"BreadcrumbList\",\"@id\":\"https:\\\/\\\/cchim.ca\\\/fr\\\/certification\\\/aiis\\\/hica-pour-les-soins-actifs\\\/#breadcrumb\",\"itemListElement\":[{\"@type\":\"ListItem\",\"position\":1,\"name\":\"Home\",\"item\":\"https:\\\/\\\/cchim.ca\\\/\"},{\"@type\":\"ListItem\",\"position\":2,\"name\":\"La certification\",\"item\":\"https:\\\/\\\/cchim.ca\\\/fr\\\/certification\\\/\"},{\"@type\":\"ListItem\",\"position\":3,\"name\":\"HICA\",\"item\":\"https:\\\/\\\/cchim.ca\\\/fr\\\/certification\\\/aiis\\\/\"},{\"@type\":\"ListItem\",\"position\":4,\"name\":\"HICA pour les soins actifs\"}]},{\"@type\":\"WebSite\",\"@id\":\"https:\\\/\\\/cchim.ca\\\/#website\",\"url\":\"https:\\\/\\\/cchim.ca\\\/\",\"name\":\"Canadian College of Health Information Management\",\"description\":\"Accrediting academic institutions and certifying health information professionals\",\"publisher\":{\"@id\":\"https:\\\/\\\/cchim.ca\\\/#organization\"},\"alternateName\":\"CCHIM\",\"potentialAction\":[{\"@type\":\"SearchAction\",\"target\":{\"@type\":\"EntryPoint\",\"urlTemplate\":\"https:\\\/\\\/cchim.ca\\\/?s={search_term_string}\"},\"query-input\":{\"@type\":\"PropertyValueSpecification\",\"valueRequired\":true,\"valueName\":\"search_term_string\"}}],\"inLanguage\":\"fr-CA\"},{\"@type\":\"Organization\",\"@id\":\"https:\\\/\\\/cchim.ca\\\/#organization\",\"name\":\"Canadian College of Health Information Management\",\"alternateName\":\"CCHIM\",\"url\":\"https:\\\/\\\/cchim.ca\\\/\",\"logo\":{\"@type\":\"ImageObject\",\"inLanguage\":\"fr-CA\",\"@id\":\"https:\\\/\\\/cchim.ca\\\/#\\\/schema\\\/logo\\\/image\\\/\",\"url\":\"https:\\\/\\\/cchim.ca\\\/wp-content\\\/uploads\\\/2020\\\/08\\\/cropped-favicon.webp\",\"contentUrl\":\"https:\\\/\\\/cchim.ca\\\/wp-content\\\/uploads\\\/2020\\\/08\\\/cropped-favicon.webp\",\"width\":512,\"height\":512,\"caption\":\"Canadian College of Health Information Management\"},\"image\":{\"@id\":\"https:\\\/\\\/cchim.ca\\\/#\\\/schema\\\/logo\\\/image\\\/\"},\"description\":\"Canadian College of Health Information Management\",\"email\":\"support@echima.ca\",\"legalName\":\"Canadian College of Health Information Management\",\"foundingDate\":\"1972-09-07\",\"numberOfEmployees\":{\"@type\":\"QuantitativeValue\",\"minValue\":\"11\",\"maxValue\":\"50\"}}]}<\/script>\n<!-- \/ Yoast SEO Premium plugin. -->","yoast_head_json":{"title":"HICA pour les soins actifs - Canadian College of Health Information Management","description":"D\u00e9signation d\u2019associ\u00e9 certifi\u00e9 en information sur la sant\u00e9 (ICCA) Assurer la cr\u00e9dibilit\u00e9 et la visibilit\u00e9 des premi\u00e8res lignes de l\u2019information sur la","robots":{"index":"index","follow":"follow","max-snippet":"max-snippet:-1","max-image-preview":"max-image-preview:large","max-video-preview":"max-video-preview:-1"},"canonical":"https:\/\/cchim.ca\/fr\/certification\/aiis\/hica-pour-les-soins-actifs\/","og_locale":"fr_CA","og_type":"article","og_title":"HICA pour les soins actifs","og_description":"D\u00e9signation d\u2019associ\u00e9 certifi\u00e9 en information sur la sant\u00e9 (ICCA) Assurer la cr\u00e9dibilit\u00e9 et la visibilit\u00e9 des premi\u00e8res lignes de l\u2019information sur la","og_url":"https:\/\/cchim.ca\/fr\/certification\/aiis\/hica-pour-les-soins-actifs\/","og_site_name":"Canadian College of Health Information Management","article_modified_time":"2024-10-27T10:57:07+00:00","og_image":[{"width":300,"height":80,"url":"https:\/\/cchim.ca\/wp-content\/uploads\/2023\/02\/sha-logo.webp","type":"image\/webp"}],"twitter_card":"summary_large_image","twitter_misc":{"Estimation du temps de lecture":"3 minutes"},"schema":{"@context":"https:\/\/schema.org","@graph":[{"@type":"WebPage","@id":"https:\/\/cchim.ca\/fr\/certification\/aiis\/hica-pour-les-soins-actifs\/","url":"https:\/\/cchim.ca\/fr\/certification\/aiis\/hica-pour-les-soins-actifs\/","name":"HICA pour les soins actifs - Canadian College of Health Information Management","isPartOf":{"@id":"https:\/\/cchim.ca\/#website"},"primaryImageOfPage":{"@id":"https:\/\/cchim.ca\/fr\/certification\/aiis\/hica-pour-les-soins-actifs\/#primaryimage"},"image":{"@id":"https:\/\/cchim.ca\/fr\/certification\/aiis\/hica-pour-les-soins-actifs\/#primaryimage"},"thumbnailUrl":"https:\/\/cchim.ca\/wp-content\/uploads\/2023\/02\/sha-logo.webp","datePublished":"2023-02-03T16:28:58+00:00","dateModified":"2024-10-27T10:57:07+00:00","description":"D\u00e9signation d\u2019associ\u00e9 certifi\u00e9 en information sur la sant\u00e9 (ICCA) Assurer la cr\u00e9dibilit\u00e9 et la visibilit\u00e9 des premi\u00e8res lignes de l\u2019information sur la","breadcrumb":{"@id":"https:\/\/cchim.ca\/fr\/certification\/aiis\/hica-pour-les-soins-actifs\/#breadcrumb"},"inLanguage":"fr-CA","potentialAction":[{"@type":"ReadAction","target":["https:\/\/cchim.ca\/fr\/certification\/aiis\/hica-pour-les-soins-actifs\/"]}]},{"@type":"ImageObject","inLanguage":"fr-CA","@id":"https:\/\/cchim.ca\/fr\/certification\/aiis\/hica-pour-les-soins-actifs\/#primaryimage","url":"https:\/\/cchim.ca\/wp-content\/uploads\/2023\/02\/sha-logo.webp","contentUrl":"https:\/\/cchim.ca\/wp-content\/uploads\/2023\/02\/sha-logo.webp"},{"@type":"BreadcrumbList","@id":"https:\/\/cchim.ca\/fr\/certification\/aiis\/hica-pour-les-soins-actifs\/#breadcrumb","itemListElement":[{"@type":"ListItem","position":1,"name":"Home","item":"https:\/\/cchim.ca\/"},{"@type":"ListItem","position":2,"name":"La certification","item":"https:\/\/cchim.ca\/fr\/certification\/"},{"@type":"ListItem","position":3,"name":"HICA","item":"https:\/\/cchim.ca\/fr\/certification\/aiis\/"},{"@type":"ListItem","position":4,"name":"HICA pour les soins actifs"}]},{"@type":"WebSite","@id":"https:\/\/cchim.ca\/#website","url":"https:\/\/cchim.ca\/","name":"Canadian College of Health Information Management","description":"Accrediting academic institutions and certifying health information professionals","publisher":{"@id":"https:\/\/cchim.ca\/#organization"},"alternateName":"CCHIM","potentialAction":[{"@type":"SearchAction","target":{"@type":"EntryPoint","urlTemplate":"https:\/\/cchim.ca\/?s={search_term_string}"},"query-input":{"@type":"PropertyValueSpecification","valueRequired":true,"valueName":"search_term_string"}}],"inLanguage":"fr-CA"},{"@type":"Organization","@id":"https:\/\/cchim.ca\/#organization","name":"Canadian College of Health Information Management","alternateName":"CCHIM","url":"https:\/\/cchim.ca\/","logo":{"@type":"ImageObject","inLanguage":"fr-CA","@id":"https:\/\/cchim.ca\/#\/schema\/logo\/image\/","url":"https:\/\/cchim.ca\/wp-content\/uploads\/2020\/08\/cropped-favicon.webp","contentUrl":"https:\/\/cchim.ca\/wp-content\/uploads\/2020\/08\/cropped-favicon.webp","width":512,"height":512,"caption":"Canadian College of Health Information Management"},"image":{"@id":"https:\/\/cchim.ca\/#\/schema\/logo\/image\/"},"description":"Canadian College of Health Information Management","email":"support@echima.ca","legalName":"Canadian College of Health Information Management","foundingDate":"1972-09-07","numberOfEmployees":{"@type":"QuantitativeValue","minValue":"11","maxValue":"50"}}]}},"_links":{"self":[{"href":"https:\/\/cchim.ca\/fr\/wp-json\/wp\/v2\/pages\/885724","targetHints":{"allow":["GET"]}}],"collection":[{"href":"https:\/\/cchim.ca\/fr\/wp-json\/wp\/v2\/pages"}],"about":[{"href":"https:\/\/cchim.ca\/fr\/wp-json\/wp\/v2\/types\/page"}],"author":[{"embeddable":true,"href":"https:\/\/cchim.ca\/fr\/wp-json\/wp\/v2\/users\/10"}],"replies":[{"embeddable":true,"href":"https:\/\/cchim.ca\/fr\/wp-json\/wp\/v2\/comments?post=885724"}],"version-history":[{"count":0,"href":"https:\/\/cchim.ca\/fr\/wp-json\/wp\/v2\/pages\/885724\/revisions"}],"up":[{"embeddable":true,"href":"https:\/\/cchim.ca\/fr\/wp-json\/wp\/v2\/pages\/877185"}],"wp:attachment":[{"href":"https:\/\/cchim.ca\/fr\/wp-json\/wp\/v2\/media?parent=885724"}],"curies":[{"name":"wp","href":"https:\/\/api.w.org\/{rel}","templated":true}]}}