{"id":885716,"date":"2022-07-29T13:41:41","date_gmt":"2022-07-29T17:41:41","guid":{"rendered":"https:\/\/cchim.ca\/programme-de-ressources-educatives-des-colleges\/"},"modified":"2024-09-14T15:20:21","modified_gmt":"2024-09-14T19:20:21","slug":"programme-de-ressources-educatives-des-colleges","status":"publish","type":"page","link":"https:\/\/cchim.ca\/fr\/programme-de-ressources-educatives-des-colleges\/","title":{"rendered":"Programme de ressources \u00e9ducatives des coll\u00e8ges"},"content":{"rendered":"\t\t<div data-elementor-type=\"wp-page\" data-elementor-id=\"885716\" class=\"elementor elementor-885716 elementor-875915\" data-elementor-post-type=\"page\">\n\t\t\t\t<div data-particle_enable=\"false\" data-particle-mobile-disabled=\"false\" class=\"elementor-element elementor-element-2a0e5221 e-flex e-con-boxed e-con e-parent\" data-id=\"2a0e5221\" data-element_type=\"container\" data-e-type=\"container\">\n\t\t\t\t\t<div class=\"e-con-inner\">\n\t\t\t\t<div class=\"elementor-element elementor-element-12922f95 elementor-widget elementor-widget-text-editor\" data-id=\"12922f95\" data-element_type=\"widget\" data-e-type=\"widget\" data-widget_type=\"text-editor.default\">\n\t\t\t\t<div class=\"elementor-widget-container\">\n\t\t\t\t\t\t\t\t\t<p>Programme de ressources \u00e9ducatives des coll\u00e8ges<\/p>\n\t\t\t\t\t\t\t\t<\/div>\n\t\t\t\t<\/div>\n\t\t\t\t<div class=\"elementor-element elementor-element-bba0615 elementor-widget elementor-widget-heading\" data-id=\"bba0615\" data-element_type=\"widget\" data-e-type=\"widget\" data-widget_type=\"heading.default\">\n\t\t\t\t<div class=\"elementor-widget-container\">\n\t\t\t\t\t<h1 class=\"elementor-heading-title elementor-size-default\">Programme de ressources \u00e9ducatives des coll\u00e8ges<\/h1>\t\t\t\t<\/div>\n\t\t\t\t<\/div>\n\t\t\t\t<div class=\"elementor-element elementor-element-6c1a06ee elementor-widget elementor-widget-spacer\" data-id=\"6c1a06ee\" data-element_type=\"widget\" data-e-type=\"widget\" data-widget_type=\"spacer.default\">\n\t\t\t\t<div class=\"elementor-widget-container\">\n\t\t\t\t\t\t\t<div class=\"elementor-spacer\">\n\t\t\t<div class=\"elementor-spacer-inner\"><\/div>\n\t\t<\/div>\n\t\t\t\t\t\t<\/div>\n\t\t\t\t<\/div>\n\t\t\t\t<div class=\"elementor-element elementor-element-0178eee elementor-widget elementor-widget-image\" data-id=\"0178eee\" data-element_type=\"widget\" data-e-type=\"widget\" data-widget_type=\"image.default\">\n\t\t\t\t<div class=\"elementor-widget-container\">\n\t\t\t\t\t\t\t\t\t\t\t\t\t\t\t<img fetchpriority=\"high\" decoding=\"async\" width=\"940\" height=\"530\" src=\"https:\/\/cchim.ca\/wp-content\/uploads\/2022\/07\/mikael-kristenson-3aVlWP-7bg8-unsplash-copy-edited-940x530.jpg\" class=\"attachment-large size-large wp-image-875927\" alt=\"\" srcset=\"https:\/\/cchim.ca\/wp-content\/uploads\/2022\/07\/mikael-kristenson-3aVlWP-7bg8-unsplash-copy-edited-940x530.jpg 940w, https:\/\/cchim.ca\/wp-content\/uploads\/2022\/07\/mikael-kristenson-3aVlWP-7bg8-unsplash-copy-edited-650x366.jpg 650w, https:\/\/cchim.ca\/wp-content\/uploads\/2022\/07\/mikael-kristenson-3aVlWP-7bg8-unsplash-copy-edited-768x433.jpg 768w, https:\/\/cchim.ca\/wp-content\/uploads\/2022\/07\/mikael-kristenson-3aVlWP-7bg8-unsplash-copy-edited.jpg 1400w\" sizes=\"(max-width: 940px) 100vw, 940px\" \/>\t\t\t\t\t\t\t\t\t\t\t\t\t\t\t<\/div>\n\t\t\t\t<\/div>\n\t\t\t\t<div class=\"elementor-element elementor-element-7f173bad elementor-widget elementor-widget-text-editor\" data-id=\"7f173bad\" data-element_type=\"widget\" data-e-type=\"widget\" data-widget_type=\"text-editor.default\">\n\t\t\t\t<div class=\"elementor-widget-container\">\n\t\t\t\t\t\t\t\t\t<p>Le Programme de ressources \u00e9ducatives des coll\u00e8ges (CERP) donne acc\u00e8s \u00e0 un portefeuille sans cesse croissant de ressources \u00e9ducatives qui font progresser les connaissances de la profession de l\u2019information sur la sant\u00e9.<\/p>\n<p>Le Coll\u00e8ge canadien de gestion de l\u2019information sur la sant\u00e9 travaille avec des partenaires pour \u00e9largir l\u2019offre afin d\u2019approfondir les ressources disponibles pour les programmes d\u2019\u00e9tudes partout au pays.\nCe programme fournit au corps professoral et aux \u00e9tudiants des ressources pour l\u2019enseignement, l\u2019apprentissage et la recherche. <\/p>\n<p><strong><a href=\"https:\/\/healthinfocanada.ca\/for-institutions\/educational-resources-program\/\">Les organisations s\u2019abonnent<\/a><\/strong> et les particuliers ont besoin d\u2019une <strong><a href=\"https:\/\/healthinfocanada.ca\/membership\/\">adh\u00e9sion \u00e0 l\u2019ACIDS<\/a><\/strong> pour acc\u00e9der aux ressources.<\/p>\t\t\t\t\t\t\t\t<\/div>\n\t\t\t\t<\/div>\n\t\t<div data-particle_enable=\"false\" data-particle-mobile-disabled=\"false\" class=\"elementor-element elementor-element-5195121f e-con-full e-flex e-con e-child\" data-id=\"5195121f\" data-element_type=\"container\" data-e-type=\"container\">\n\t\t\t\t<div class=\"elementor-element elementor-element-5ee3fa9a elementor-widget elementor-widget-heading\" data-id=\"5ee3fa9a\" data-element_type=\"widget\" data-e-type=\"widget\" data-widget_type=\"heading.default\">\n\t\t\t\t<div class=\"elementor-widget-container\">\n\t\t\t\t\t<h2 class=\"elementor-heading-title elementor-size-default\">Contribuez ou abonnez-vous d\u00e8s aujourd\u2019hui<\/h2>\t\t\t\t<\/div>\n\t\t\t\t<\/div>\n\t\t\t\t<div class=\"elementor-element elementor-element-01c4aac elementor-widget elementor-widget-spacer\" data-id=\"01c4aac\" data-element_type=\"widget\" data-e-type=\"widget\" data-widget_type=\"spacer.default\">\n\t\t\t\t<div class=\"elementor-widget-container\">\n\t\t\t\t\t\t\t<div class=\"elementor-spacer\">\n\t\t\t<div class=\"elementor-spacer-inner\"><\/div>\n\t\t<\/div>\n\t\t\t\t\t\t<\/div>\n\t\t\t\t<\/div>\n\t\t\t\t<div class=\"elementor-element elementor-element-4eb8b87e elementor-align-center elementor-widget elementor-widget-button\" data-id=\"4eb8b87e\" data-element_type=\"widget\" data-e-type=\"widget\" data-widget_type=\"button.default\">\n\t\t\t\t<div class=\"elementor-widget-container\">\n\t\t\t\t\t\t\t\t\t<div class=\"elementor-button-wrapper\">\n\t\t\t\t\t<a class=\"elementor-button elementor-button-link elementor-size-sm\" href=\"https:\/\/healthinfocanada.ca\/for-institutions\/educational-resources-program\/\">\n\t\t\t\t\t\t<span class=\"elementor-button-content-wrapper\">\n\t\t\t\t\t\t<span class=\"elementor-button-icon\">\n\t\t\t\t<svg aria-hidden=\"true\" class=\"e-font-icon-svg e-fas-external-link-alt\" viewBox=\"0 0 512 512\" xmlns=\"http:\/\/www.w3.org\/2000\/svg\"><path d=\"M432,320H400a16,16,0,0,0-16,16V448H64V128H208a16,16,0,0,0,16-16V80a16,16,0,0,0-16-16H48A48,48,0,0,0,0,112V464a48,48,0,0,0,48,48H400a48,48,0,0,0,48-48V336A16,16,0,0,0,432,320ZM488,0h-128c-21.37,0-32.05,25.91-17,41l35.73,35.73L135,320.37a24,24,0,0,0,0,34L157.67,377a24,24,0,0,0,34,0L435.28,133.32,471,169c15,15,41,4.5,41-17V24A24,24,0,0,0,488,0Z\"><\/path><\/svg>\t\t\t<\/span>\n\t\t\t\t\t\t\t\t\t<span class=\"elementor-button-text\">En savoir plus<\/span>\n\t\t\t\t\t<\/span>\n\t\t\t\t\t<\/a>\n\t\t\t\t<\/div>\n\t\t\t\t\t\t\t\t<\/div>\n\t\t\t\t<\/div>\n\t\t\t\t<\/div>\n\t\t\t\t\t<\/div>\n\t\t\t\t<\/div>\n\t\t\t\t<\/div>\n\t\t","protected":false},"excerpt":{"rendered":"<p>Programme de ressources \u00e9ducatives des coll\u00e8ges Programme de ressources \u00e9ducatives des coll\u00e8ges Le Programme de ressources \u00e9ducatives des coll\u00e8ges (CERP) donne acc\u00e8s \u00e0 un portefeuille sans cesse croissant de ressources \u00e9ducatives qui font progresser les connaissances de la profession de l\u2019information sur la sant\u00e9.&#8230;<\/p>\n","protected":false},"author":8,"featured_media":875927,"parent":0,"menu_order":0,"comment_status":"closed","ping_status":"closed","template":"","meta":{"footnotes":""},"class_list":["post-885716","page","type-page","status-publish","has-post-thumbnail","hentry"],"yoast_head":"<!-- This site is optimized with the Yoast SEO Premium plugin v26.2 (Yoast SEO v27.5) - https:\/\/yoast.com\/product\/yoast-seo-premium-wordpress\/ -->\n<title>Programme de ressources \u00e9ducatives des coll\u00e8ges - Canadian College of Health Information Management<\/title>\n<meta name=\"description\" content=\"Programme de ressources \u00e9ducatives des coll\u00e8ges Programme de ressources \u00e9ducatives des coll\u00e8ges Le Programme de ressources \u00e9ducatives des coll\u00e8ges (CERP)\" \/>\n<meta name=\"robots\" content=\"index, follow, max-snippet:-1, max-image-preview:large, max-video-preview:-1\" \/>\n<link rel=\"canonical\" href=\"https:\/\/cchim.ca\/cerp\/\" \/>\n<meta property=\"og:locale\" content=\"fr_CA\" \/>\n<meta property=\"og:type\" content=\"article\" \/>\n<meta property=\"og:title\" content=\"Programme de ressources \u00e9ducatives des coll\u00e8ges\" \/>\n<meta property=\"og:description\" content=\"Ce programme fournit au corps professoral et aux \u00e9tudiants des ressources pour l\u2019enseignement, l\u2019apprentissage et la recherche.\" \/>\n<meta property=\"og:url\" content=\"https:\/\/cchim.ca\/cerp\/\" \/>\n<meta property=\"og:site_name\" content=\"Canadian College of Health Information Management\" \/>\n<meta property=\"article:modified_time\" content=\"2024-09-14T19:20:21+00:00\" \/>\n<meta property=\"og:image\" content=\"https:\/\/cchim.ca\/wp-content\/uploads\/2022\/07\/mikael-kristenson-3aVlWP-7bg8-unsplash-copy-edited.webp\" \/>\n\t<meta property=\"og:image:width\" content=\"1400\" \/>\n\t<meta property=\"og:image:height\" content=\"789\" \/>\n\t<meta property=\"og:image:type\" content=\"image\/jpeg\" \/>\n<meta name=\"twitter:card\" content=\"summary_large_image\" \/>\n<meta name=\"twitter:label1\" content=\"Estimation du temps de lecture\" \/>\n\t<meta name=\"twitter:data1\" content=\"1 minute\" \/>\n<script type=\"application\/ld+json\" class=\"yoast-schema-graph\">{\"@context\":\"https:\\\/\\\/schema.org\",\"@graph\":[{\"@type\":\"WebPage\",\"@id\":\"https:\\\/\\\/cchim.ca\\\/cerp\\\/\",\"url\":\"https:\\\/\\\/cchim.ca\\\/cerp\\\/\",\"name\":\"Programme de ressources \u00e9ducatives des coll\u00e8ges - Canadian College of Health Information Management\",\"isPartOf\":{\"@id\":\"https:\\\/\\\/cchim.ca\\\/#website\"},\"primaryImageOfPage\":{\"@id\":\"https:\\\/\\\/cchim.ca\\\/cerp\\\/#primaryimage\"},\"image\":{\"@id\":\"https:\\\/\\\/cchim.ca\\\/cerp\\\/#primaryimage\"},\"thumbnailUrl\":\"https:\\\/\\\/cchim.ca\\\/wp-content\\\/uploads\\\/2022\\\/07\\\/mikael-kristenson-3aVlWP-7bg8-unsplash-copy-edited.webp\",\"datePublished\":\"2022-07-29T17:41:41+00:00\",\"dateModified\":\"2024-09-14T19:20:21+00:00\",\"description\":\"Programme de ressources \u00e9ducatives des coll\u00e8ges Programme de ressources \u00e9ducatives des coll\u00e8ges Le Programme de ressources \u00e9ducatives des coll\u00e8ges (CERP)\",\"breadcrumb\":{\"@id\":\"https:\\\/\\\/cchim.ca\\\/cerp\\\/#breadcrumb\"},\"inLanguage\":\"fr-CA\",\"potentialAction\":[{\"@type\":\"ReadAction\",\"target\":[\"https:\\\/\\\/cchim.ca\\\/cerp\\\/\"]}]},{\"@type\":\"ImageObject\",\"inLanguage\":\"fr-CA\",\"@id\":\"https:\\\/\\\/cchim.ca\\\/cerp\\\/#primaryimage\",\"url\":\"https:\\\/\\\/cchim.ca\\\/wp-content\\\/uploads\\\/2022\\\/07\\\/mikael-kristenson-3aVlWP-7bg8-unsplash-copy-edited.webp\",\"contentUrl\":\"https:\\\/\\\/cchim.ca\\\/wp-content\\\/uploads\\\/2022\\\/07\\\/mikael-kristenson-3aVlWP-7bg8-unsplash-copy-edited.webp\",\"width\":1400,\"height\":789,\"caption\":\"Class room\"},{\"@type\":\"BreadcrumbList\",\"@id\":\"https:\\\/\\\/cchim.ca\\\/cerp\\\/#breadcrumb\",\"itemListElement\":[{\"@type\":\"ListItem\",\"position\":1,\"name\":\"Home\",\"item\":\"https:\\\/\\\/cchim.ca\\\/\"},{\"@type\":\"ListItem\",\"position\":2,\"name\":\"Programme de ressources \u00e9ducatives des coll\u00e8ges\"}]},{\"@type\":\"WebSite\",\"@id\":\"https:\\\/\\\/cchim.ca\\\/#website\",\"url\":\"https:\\\/\\\/cchim.ca\\\/\",\"name\":\"Canadian College of Health Information Management\",\"description\":\"Accrediting academic institutions and certifying health information professionals\",\"publisher\":{\"@id\":\"https:\\\/\\\/cchim.ca\\\/#organization\"},\"alternateName\":\"CCHIM\",\"potentialAction\":[{\"@type\":\"SearchAction\",\"target\":{\"@type\":\"EntryPoint\",\"urlTemplate\":\"https:\\\/\\\/cchim.ca\\\/?s={search_term_string}\"},\"query-input\":{\"@type\":\"PropertyValueSpecification\",\"valueRequired\":true,\"valueName\":\"search_term_string\"}}],\"inLanguage\":\"fr-CA\"},{\"@type\":\"Organization\",\"@id\":\"https:\\\/\\\/cchim.ca\\\/#organization\",\"name\":\"Canadian College of Health Information Management\",\"alternateName\":\"CCHIM\",\"url\":\"https:\\\/\\\/cchim.ca\\\/\",\"logo\":{\"@type\":\"ImageObject\",\"inLanguage\":\"fr-CA\",\"@id\":\"https:\\\/\\\/cchim.ca\\\/#\\\/schema\\\/logo\\\/image\\\/\",\"url\":\"https:\\\/\\\/cchim.ca\\\/wp-content\\\/uploads\\\/2020\\\/08\\\/cropped-favicon.webp\",\"contentUrl\":\"https:\\\/\\\/cchim.ca\\\/wp-content\\\/uploads\\\/2020\\\/08\\\/cropped-favicon.webp\",\"width\":512,\"height\":512,\"caption\":\"Canadian College of Health Information Management\"},\"image\":{\"@id\":\"https:\\\/\\\/cchim.ca\\\/#\\\/schema\\\/logo\\\/image\\\/\"},\"description\":\"Canadian College of Health Information Management\",\"email\":\"support@echima.ca\",\"legalName\":\"Canadian College of Health Information Management\",\"foundingDate\":\"1972-09-07\",\"numberOfEmployees\":{\"@type\":\"QuantitativeValue\",\"minValue\":\"11\",\"maxValue\":\"50\"}}]}<\/script>\n<!-- \/ Yoast SEO Premium plugin. -->","yoast_head_json":{"title":"Programme de ressources \u00e9ducatives des coll\u00e8ges - Canadian College of Health Information Management","description":"Programme de ressources \u00e9ducatives des coll\u00e8ges Programme de ressources \u00e9ducatives des coll\u00e8ges Le Programme de ressources \u00e9ducatives des coll\u00e8ges (CERP)","robots":{"index":"index","follow":"follow","max-snippet":"max-snippet:-1","max-image-preview":"max-image-preview:large","max-video-preview":"max-video-preview:-1"},"canonical":"https:\/\/cchim.ca\/cerp\/","og_locale":"fr_CA","og_type":"article","og_title":"Programme de ressources \u00e9ducatives des coll\u00e8ges","og_description":"Ce programme fournit au corps professoral et aux \u00e9tudiants des ressources pour l\u2019enseignement, l\u2019apprentissage et la recherche.","og_url":"https:\/\/cchim.ca\/cerp\/","og_site_name":"Canadian College of Health Information Management","article_modified_time":"2024-09-14T19:20:21+00:00","og_image":[{"width":1400,"height":789,"url":"https:\/\/cchim.ca\/wp-content\/uploads\/2022\/07\/mikael-kristenson-3aVlWP-7bg8-unsplash-copy-edited.webp","type":"image\/jpeg"}],"twitter_card":"summary_large_image","twitter_misc":{"Estimation du temps de lecture":"1 minute"},"schema":{"@context":"https:\/\/schema.org","@graph":[{"@type":"WebPage","@id":"https:\/\/cchim.ca\/cerp\/","url":"https:\/\/cchim.ca\/cerp\/","name":"Programme de ressources \u00e9ducatives des coll\u00e8ges - Canadian College of Health Information Management","isPartOf":{"@id":"https:\/\/cchim.ca\/#website"},"primaryImageOfPage":{"@id":"https:\/\/cchim.ca\/cerp\/#primaryimage"},"image":{"@id":"https:\/\/cchim.ca\/cerp\/#primaryimage"},"thumbnailUrl":"https:\/\/cchim.ca\/wp-content\/uploads\/2022\/07\/mikael-kristenson-3aVlWP-7bg8-unsplash-copy-edited.webp","datePublished":"2022-07-29T17:41:41+00:00","dateModified":"2024-09-14T19:20:21+00:00","description":"Programme de ressources \u00e9ducatives des coll\u00e8ges Programme de ressources \u00e9ducatives des coll\u00e8ges Le Programme de ressources \u00e9ducatives des coll\u00e8ges (CERP)","breadcrumb":{"@id":"https:\/\/cchim.ca\/cerp\/#breadcrumb"},"inLanguage":"fr-CA","potentialAction":[{"@type":"ReadAction","target":["https:\/\/cchim.ca\/cerp\/"]}]},{"@type":"ImageObject","inLanguage":"fr-CA","@id":"https:\/\/cchim.ca\/cerp\/#primaryimage","url":"https:\/\/cchim.ca\/wp-content\/uploads\/2022\/07\/mikael-kristenson-3aVlWP-7bg8-unsplash-copy-edited.webp","contentUrl":"https:\/\/cchim.ca\/wp-content\/uploads\/2022\/07\/mikael-kristenson-3aVlWP-7bg8-unsplash-copy-edited.webp","width":1400,"height":789,"caption":"Class room"},{"@type":"BreadcrumbList","@id":"https:\/\/cchim.ca\/cerp\/#breadcrumb","itemListElement":[{"@type":"ListItem","position":1,"name":"Home","item":"https:\/\/cchim.ca\/"},{"@type":"ListItem","position":2,"name":"Programme de ressources \u00e9ducatives des coll\u00e8ges"}]},{"@type":"WebSite","@id":"https:\/\/cchim.ca\/#website","url":"https:\/\/cchim.ca\/","name":"Canadian College of Health Information Management","description":"Accrediting academic institutions and certifying health information professionals","publisher":{"@id":"https:\/\/cchim.ca\/#organization"},"alternateName":"CCHIM","potentialAction":[{"@type":"SearchAction","target":{"@type":"EntryPoint","urlTemplate":"https:\/\/cchim.ca\/?s={search_term_string}"},"query-input":{"@type":"PropertyValueSpecification","valueRequired":true,"valueName":"search_term_string"}}],"inLanguage":"fr-CA"},{"@type":"Organization","@id":"https:\/\/cchim.ca\/#organization","name":"Canadian College of Health Information Management","alternateName":"CCHIM","url":"https:\/\/cchim.ca\/","logo":{"@type":"ImageObject","inLanguage":"fr-CA","@id":"https:\/\/cchim.ca\/#\/schema\/logo\/image\/","url":"https:\/\/cchim.ca\/wp-content\/uploads\/2020\/08\/cropped-favicon.webp","contentUrl":"https:\/\/cchim.ca\/wp-content\/uploads\/2020\/08\/cropped-favicon.webp","width":512,"height":512,"caption":"Canadian College of Health Information Management"},"image":{"@id":"https:\/\/cchim.ca\/#\/schema\/logo\/image\/"},"description":"Canadian College of Health Information Management","email":"support@echima.ca","legalName":"Canadian College of Health Information Management","foundingDate":"1972-09-07","numberOfEmployees":{"@type":"QuantitativeValue","minValue":"11","maxValue":"50"}}]}},"_links":{"self":[{"href":"https:\/\/cchim.ca\/fr\/wp-json\/wp\/v2\/pages\/885716","targetHints":{"allow":["GET"]}}],"collection":[{"href":"https:\/\/cchim.ca\/fr\/wp-json\/wp\/v2\/pages"}],"about":[{"href":"https:\/\/cchim.ca\/fr\/wp-json\/wp\/v2\/types\/page"}],"author":[{"embeddable":true,"href":"https:\/\/cchim.ca\/fr\/wp-json\/wp\/v2\/users\/8"}],"replies":[{"embeddable":true,"href":"https:\/\/cchim.ca\/fr\/wp-json\/wp\/v2\/comments?post=885716"}],"version-history":[{"count":0,"href":"https:\/\/cchim.ca\/fr\/wp-json\/wp\/v2\/pages\/885716\/revisions"}],"wp:featuredmedia":[{"embeddable":true,"href":"https:\/\/cchim.ca\/fr\/wp-json\/wp\/v2\/media\/875927"}],"wp:attachment":[{"href":"https:\/\/cchim.ca\/fr\/wp-json\/wp\/v2\/media?parent=885716"}],"curies":[{"name":"wp","href":"https:\/\/api.w.org\/{rel}","templated":true}]}}