{"id":885711,"date":"2021-10-07T14:32:14","date_gmt":"2021-10-07T18:32:14","guid":{"rendered":"https:\/\/cchim.ca\/portail-de-lassurance-emploi\/portail-de-lie-ressources-daccreditation\/accreditation-maintien-de-lagrement-du-programme\/"},"modified":"2024-11-05T16:57:33","modified_gmt":"2024-11-05T21:57:33","slug":"accreditation-maintien-de-lagrement-du-programme","status":"publish","type":"page","link":"https:\/\/cchim.ca\/fr\/portail-de-lassurance-emploi\/portail-de-lie-ressources-daccreditation\/accreditation-maintien-de-lagrement-du-programme\/","title":{"rendered":"Accr\u00e9ditation &#8211; Maintien de l\u2019agr\u00e9ment du programme"},"content":{"rendered":"<p><a class=\"wp-block-button__link\" href=\"https:\/\/cchim.ca\/fr\/portail-de-lassurance-emploi\/portail-de-lie-ressources-daccreditation\/\">Retour aux ressources d\u2019accr\u00e9ditation<\/a><\/p>\n\n<h1 class=\"wp-block-heading\" id=\"h-program-accreditation-maintenance\">Maintien de l\u2019agr\u00e9ment du programme<\/h1>\n\n<div class=\"wp-block-pb-card is-style-dark-pattern\" id=\"maintenance\"><div class=\"wp-block-pb-card__content\">\n<a class=\"wp-block-pb-card is-style-light-pattern\" href=\"https:\/\/cchim.ca\/ei-portal\/ei-portal-accreditation-resources\/accreditation-program-accreditation-maintenance\/accreditation-submit-ongoing-important-updates-to-the-college\/\"><div class=\"wp-block-pb-card__content\">\n<h3 class=\"wp-block-heading has-text-align-center\" id=\"h-submit-ongoing-program-changes-and-updates-to-the-college\">Soumettre les changements et les mises \u00e0 jour en cours au Programme \u00e0 l\u2019Ordre<\/h3>\n<\/div><\/a>\n\n\n\n<a class=\"wp-block-pb-card is-style-light-pattern\" href=\"https:\/\/cchim.ca\/accreditation-submit-the-annual-report\/\"><div class=\"wp-block-pb-card__content\">\n<h3 class=\"wp-block-heading has-text-align-center\" id=\"h-submit-annual-report\">  Soumettre le rapport annuel<\/h3>\n<\/div><\/a>\n<\/div><\/div>\n","protected":false},"excerpt":{"rendered":"<p>Retour aux ressources d\u2019accr\u00e9ditation Maintien de l\u2019agr\u00e9ment du programme<\/p>\n","protected":false},"author":8,"featured_media":0,"parent":885645,"menu_order":0,"comment_status":"closed","ping_status":"closed","template":"","meta":{"footnotes":""},"class_list":["post-885711","page","type-page","status-publish","hentry"],"yoast_head":"<!-- This site is optimized with the Yoast SEO Premium plugin v26.2 (Yoast SEO v27.3) - https:\/\/yoast.com\/product\/yoast-seo-premium-wordpress\/ -->\n<title>Accr\u00e9ditation - Maintien de l\u2019agr\u00e9ment du programme - Canadian College of Health Information Management<\/title>\n<meta name=\"description\" content=\"Retour aux ressources d\u2019accr\u00e9ditation Maintien de l\u2019agr\u00e9ment du programme Soumettre les changements et les mises \u00e0 jour en cours au Programme \u00e0 l\u2019Ordre\" \/>\n<meta name=\"robots\" content=\"index, follow, max-snippet:-1, max-image-preview:large, max-video-preview:-1\" \/>\n<link rel=\"canonical\" href=\"https:\/\/cchim.ca\/fr\/portail-de-lassurance-emploi\/portail-de-lie-ressources-daccreditation\/accreditation-maintien-de-lagrement-du-programme\/\" \/>\n<meta property=\"og:locale\" content=\"fr_CA\" \/>\n<meta property=\"og:type\" content=\"article\" \/>\n<meta property=\"og:title\" content=\"Accr\u00e9ditation - Maintien de l\u2019agr\u00e9ment du programme\" \/>\n<meta property=\"og:description\" content=\"Retour aux ressources d\u2019accr\u00e9ditation Maintien de l\u2019agr\u00e9ment du programme Soumettre les changements et les mises \u00e0 jour en cours au Programme \u00e0 l\u2019Ordre\" \/>\n<meta property=\"og:url\" content=\"https:\/\/cchim.ca\/fr\/portail-de-lassurance-emploi\/portail-de-lie-ressources-daccreditation\/accreditation-maintien-de-lagrement-du-programme\/\" \/>\n<meta property=\"og:site_name\" content=\"Canadian College of Health Information Management\" \/>\n<meta property=\"article:modified_time\" content=\"2024-11-05T21:57:33+00:00\" \/>\n<meta name=\"twitter:card\" content=\"summary_large_image\" \/>\n<script type=\"application\/ld+json\" class=\"yoast-schema-graph\">{\"@context\":\"https:\\\/\\\/schema.org\",\"@graph\":[{\"@type\":\"WebPage\",\"@id\":\"https:\\\/\\\/cchim.ca\\\/fr\\\/portail-de-lassurance-emploi\\\/portail-de-lie-ressources-daccreditation\\\/accreditation-maintien-de-lagrement-du-programme\\\/\",\"url\":\"https:\\\/\\\/cchim.ca\\\/fr\\\/portail-de-lassurance-emploi\\\/portail-de-lie-ressources-daccreditation\\\/accreditation-maintien-de-lagrement-du-programme\\\/\",\"name\":\"Accr\u00e9ditation - Maintien de l\u2019agr\u00e9ment du programme - Canadian College of Health Information Management\",\"isPartOf\":{\"@id\":\"https:\\\/\\\/cchim.ca\\\/#website\"},\"datePublished\":\"2021-10-07T18:32:14+00:00\",\"dateModified\":\"2024-11-05T21:57:33+00:00\",\"description\":\"Retour aux ressources d\u2019accr\u00e9ditation Maintien de l\u2019agr\u00e9ment du programme Soumettre les changements et les mises \u00e0 jour en cours au Programme \u00e0 l\u2019Ordre\",\"breadcrumb\":{\"@id\":\"https:\\\/\\\/cchim.ca\\\/fr\\\/portail-de-lassurance-emploi\\\/portail-de-lie-ressources-daccreditation\\\/accreditation-maintien-de-lagrement-du-programme\\\/#breadcrumb\"},\"inLanguage\":\"fr-CA\",\"potentialAction\":[{\"@type\":\"ReadAction\",\"target\":[\"https:\\\/\\\/cchim.ca\\\/fr\\\/portail-de-lassurance-emploi\\\/portail-de-lie-ressources-daccreditation\\\/accreditation-maintien-de-lagrement-du-programme\\\/\"]}]},{\"@type\":\"BreadcrumbList\",\"@id\":\"https:\\\/\\\/cchim.ca\\\/fr\\\/portail-de-lassurance-emploi\\\/portail-de-lie-ressources-daccreditation\\\/accreditation-maintien-de-lagrement-du-programme\\\/#breadcrumb\",\"itemListElement\":[{\"@type\":\"ListItem\",\"position\":1,\"name\":\"Home\",\"item\":\"https:\\\/\\\/cchim.ca\\\/\"},{\"@type\":\"ListItem\",\"position\":2,\"name\":\"Portail de l\u2019assurance-emploi\",\"item\":\"https:\\\/\\\/cchim.ca\\\/fr\\\/portail-de-lassurance-emploi\\\/\"},{\"@type\":\"ListItem\",\"position\":3,\"name\":\"Portail de l\u2019IE &#8211; Ressources d\u2019accr\u00e9ditation\",\"item\":\"https:\\\/\\\/cchim.ca\\\/fr\\\/portail-de-lassurance-emploi\\\/portail-de-lie-ressources-daccreditation\\\/\"},{\"@type\":\"ListItem\",\"position\":4,\"name\":\"Accr\u00e9ditation &#8211; Maintien de l\u2019agr\u00e9ment du programme\"}]},{\"@type\":\"WebSite\",\"@id\":\"https:\\\/\\\/cchim.ca\\\/#website\",\"url\":\"https:\\\/\\\/cchim.ca\\\/\",\"name\":\"Canadian College of Health Information Management\",\"description\":\"Accrediting academic institutions and certifying health information professionals\",\"publisher\":{\"@id\":\"https:\\\/\\\/cchim.ca\\\/#organization\"},\"alternateName\":\"CCHIM\",\"potentialAction\":[{\"@type\":\"SearchAction\",\"target\":{\"@type\":\"EntryPoint\",\"urlTemplate\":\"https:\\\/\\\/cchim.ca\\\/?s={search_term_string}\"},\"query-input\":{\"@type\":\"PropertyValueSpecification\",\"valueRequired\":true,\"valueName\":\"search_term_string\"}}],\"inLanguage\":\"fr-CA\"},{\"@type\":\"Organization\",\"@id\":\"https:\\\/\\\/cchim.ca\\\/#organization\",\"name\":\"Canadian College of Health Information Management\",\"alternateName\":\"CCHIM\",\"url\":\"https:\\\/\\\/cchim.ca\\\/\",\"logo\":{\"@type\":\"ImageObject\",\"inLanguage\":\"fr-CA\",\"@id\":\"https:\\\/\\\/cchim.ca\\\/#\\\/schema\\\/logo\\\/image\\\/\",\"url\":\"https:\\\/\\\/cchim.ca\\\/wp-content\\\/uploads\\\/2020\\\/08\\\/cropped-favicon.webp\",\"contentUrl\":\"https:\\\/\\\/cchim.ca\\\/wp-content\\\/uploads\\\/2020\\\/08\\\/cropped-favicon.webp\",\"width\":512,\"height\":512,\"caption\":\"Canadian College of Health Information Management\"},\"image\":{\"@id\":\"https:\\\/\\\/cchim.ca\\\/#\\\/schema\\\/logo\\\/image\\\/\"},\"description\":\"Canadian College of Health Information Management\",\"email\":\"support@echima.ca\",\"legalName\":\"Canadian College of Health Information Management\",\"foundingDate\":\"1972-09-07\",\"numberOfEmployees\":{\"@type\":\"QuantitativeValue\",\"minValue\":\"11\",\"maxValue\":\"50\"}}]}<\/script>\n<!-- \/ Yoast SEO Premium plugin. -->","yoast_head_json":{"title":"Accr\u00e9ditation - Maintien de l\u2019agr\u00e9ment du programme - Canadian College of Health Information Management","description":"Retour aux ressources d\u2019accr\u00e9ditation Maintien de l\u2019agr\u00e9ment du programme Soumettre les changements et les mises \u00e0 jour en cours au Programme \u00e0 l\u2019Ordre","robots":{"index":"index","follow":"follow","max-snippet":"max-snippet:-1","max-image-preview":"max-image-preview:large","max-video-preview":"max-video-preview:-1"},"canonical":"https:\/\/cchim.ca\/fr\/portail-de-lassurance-emploi\/portail-de-lie-ressources-daccreditation\/accreditation-maintien-de-lagrement-du-programme\/","og_locale":"fr_CA","og_type":"article","og_title":"Accr\u00e9ditation - Maintien de l\u2019agr\u00e9ment du programme","og_description":"Retour aux ressources d\u2019accr\u00e9ditation Maintien de l\u2019agr\u00e9ment du programme Soumettre les changements et les mises \u00e0 jour en cours au Programme \u00e0 l\u2019Ordre","og_url":"https:\/\/cchim.ca\/fr\/portail-de-lassurance-emploi\/portail-de-lie-ressources-daccreditation\/accreditation-maintien-de-lagrement-du-programme\/","og_site_name":"Canadian College of Health Information Management","article_modified_time":"2024-11-05T21:57:33+00:00","twitter_card":"summary_large_image","schema":{"@context":"https:\/\/schema.org","@graph":[{"@type":"WebPage","@id":"https:\/\/cchim.ca\/fr\/portail-de-lassurance-emploi\/portail-de-lie-ressources-daccreditation\/accreditation-maintien-de-lagrement-du-programme\/","url":"https:\/\/cchim.ca\/fr\/portail-de-lassurance-emploi\/portail-de-lie-ressources-daccreditation\/accreditation-maintien-de-lagrement-du-programme\/","name":"Accr\u00e9ditation - Maintien de l\u2019agr\u00e9ment du programme - Canadian College of Health Information Management","isPartOf":{"@id":"https:\/\/cchim.ca\/#website"},"datePublished":"2021-10-07T18:32:14+00:00","dateModified":"2024-11-05T21:57:33+00:00","description":"Retour aux ressources d\u2019accr\u00e9ditation Maintien de l\u2019agr\u00e9ment du programme Soumettre les changements et les mises \u00e0 jour en cours au Programme \u00e0 l\u2019Ordre","breadcrumb":{"@id":"https:\/\/cchim.ca\/fr\/portail-de-lassurance-emploi\/portail-de-lie-ressources-daccreditation\/accreditation-maintien-de-lagrement-du-programme\/#breadcrumb"},"inLanguage":"fr-CA","potentialAction":[{"@type":"ReadAction","target":["https:\/\/cchim.ca\/fr\/portail-de-lassurance-emploi\/portail-de-lie-ressources-daccreditation\/accreditation-maintien-de-lagrement-du-programme\/"]}]},{"@type":"BreadcrumbList","@id":"https:\/\/cchim.ca\/fr\/portail-de-lassurance-emploi\/portail-de-lie-ressources-daccreditation\/accreditation-maintien-de-lagrement-du-programme\/#breadcrumb","itemListElement":[{"@type":"ListItem","position":1,"name":"Home","item":"https:\/\/cchim.ca\/"},{"@type":"ListItem","position":2,"name":"Portail de l\u2019assurance-emploi","item":"https:\/\/cchim.ca\/fr\/portail-de-lassurance-emploi\/"},{"@type":"ListItem","position":3,"name":"Portail de l\u2019IE &#8211; Ressources d\u2019accr\u00e9ditation","item":"https:\/\/cchim.ca\/fr\/portail-de-lassurance-emploi\/portail-de-lie-ressources-daccreditation\/"},{"@type":"ListItem","position":4,"name":"Accr\u00e9ditation &#8211; Maintien de l\u2019agr\u00e9ment du programme"}]},{"@type":"WebSite","@id":"https:\/\/cchim.ca\/#website","url":"https:\/\/cchim.ca\/","name":"Canadian College of Health Information Management","description":"Accrediting academic institutions and certifying health information professionals","publisher":{"@id":"https:\/\/cchim.ca\/#organization"},"alternateName":"CCHIM","potentialAction":[{"@type":"SearchAction","target":{"@type":"EntryPoint","urlTemplate":"https:\/\/cchim.ca\/?s={search_term_string}"},"query-input":{"@type":"PropertyValueSpecification","valueRequired":true,"valueName":"search_term_string"}}],"inLanguage":"fr-CA"},{"@type":"Organization","@id":"https:\/\/cchim.ca\/#organization","name":"Canadian College of Health Information Management","alternateName":"CCHIM","url":"https:\/\/cchim.ca\/","logo":{"@type":"ImageObject","inLanguage":"fr-CA","@id":"https:\/\/cchim.ca\/#\/schema\/logo\/image\/","url":"https:\/\/cchim.ca\/wp-content\/uploads\/2020\/08\/cropped-favicon.webp","contentUrl":"https:\/\/cchim.ca\/wp-content\/uploads\/2020\/08\/cropped-favicon.webp","width":512,"height":512,"caption":"Canadian College of Health Information Management"},"image":{"@id":"https:\/\/cchim.ca\/#\/schema\/logo\/image\/"},"description":"Canadian College of Health Information Management","email":"support@echima.ca","legalName":"Canadian College of Health Information Management","foundingDate":"1972-09-07","numberOfEmployees":{"@type":"QuantitativeValue","minValue":"11","maxValue":"50"}}]}},"_links":{"self":[{"href":"https:\/\/cchim.ca\/fr\/wp-json\/wp\/v2\/pages\/885711","targetHints":{"allow":["GET"]}}],"collection":[{"href":"https:\/\/cchim.ca\/fr\/wp-json\/wp\/v2\/pages"}],"about":[{"href":"https:\/\/cchim.ca\/fr\/wp-json\/wp\/v2\/types\/page"}],"author":[{"embeddable":true,"href":"https:\/\/cchim.ca\/fr\/wp-json\/wp\/v2\/users\/8"}],"replies":[{"embeddable":true,"href":"https:\/\/cchim.ca\/fr\/wp-json\/wp\/v2\/comments?post=885711"}],"version-history":[{"count":0,"href":"https:\/\/cchim.ca\/fr\/wp-json\/wp\/v2\/pages\/885711\/revisions"}],"up":[{"embeddable":true,"href":"https:\/\/cchim.ca\/fr\/wp-json\/wp\/v2\/pages\/885645"}],"wp:attachment":[{"href":"https:\/\/cchim.ca\/fr\/wp-json\/wp\/v2\/media?parent=885711"}],"curies":[{"name":"wp","href":"https:\/\/api.w.org\/{rel}","templated":true}]}}