{"id":885658,"date":"2021-05-12T16:24:38","date_gmt":"2021-05-12T20:24:38","guid":{"rendered":"https:\/\/cchim.ca\/portail-de-lassurance-emploi\/"},"modified":"2025-02-26T15:47:35","modified_gmt":"2025-02-26T20:47:35","slug":"portail-de-lassurance-emploi","status":"publish","type":"page","link":"https:\/\/cchim.ca\/fr\/portail-de-lassurance-emploi\/","title":{"rendered":"Portail de l\u2019assurance-emploi"},"content":{"rendered":"\n<h1 class=\"wp-block-heading has-text-align-center\" id=\"h-educational-institution-portal\">Portail des \u00e9tablissements d\u2019enseignement<\/h1>\n\n<div class=\"o-row u-justify-content-center\">\n<div class=\"o-col u-8of12-md\">\n<p class=\"has-text-align-center\">Le Coll\u00e8ge canadien de gestion de l\u2019information sur la sant\u00e9 a con\u00e7u ce portail pour les \u00e9tablissements d\u2019enseignement afin d\u2019offrir un acc\u00e8s pratique au Programme de ressources \u00e9ducatives des coll\u00e8ges (PIU) et aux ressources d\u2019agr\u00e9ment.<\/p>\n<\/div>\n<\/div>\n\n<div class=\"wp-block-pb-section alignfull is-style-white\"><div class=\"o-container\">\n<div class=\"o-block-grid o-block-grid-2-md o-block-grid-3-lg\">\n<div class=\"o-block-grid__item\">\n<a class=\"wp-block-pb-card is-style-default\" href=\"https:\/\/cchim.ca\/ei-portal\/cerp-access\/\"><div class=\"wp-block-pb-card__content\">\n<h2 class=\"wp-block-heading\" id=\"h-college-educational-resources-program-nbsp\">Programme de ressources \u00e9ducatives des coll\u00e8ges  <\/h2>\n\n\n\n<ul class=\"wp-block-list\">\n<li>Reconnaissance de la marque<\/li>\n\n\n\n<li>Ressources \u00e9ducatives approuv\u00e9es par le Coll\u00e8ge<\/li>\n<\/ul>\n<\/div><\/a>\n<\/div>\n\n\n\n<div class=\"o-block-grid__item\">\n<a class=\"wp-block-pb-card is-style-default\" href=\"https:\/\/cchim.ca\/ei-portal\/ei-portal-accreditation-resources\/\"><div class=\"wp-block-pb-card__content\">\n<h2 class=\"wp-block-heading\" id=\"h-accreditation-resources\">Ressources d\u2019accr\u00e9ditation<\/h2>\n\n\n\n<ul class=\"wp-block-list\">\n<li>Processus d\u2019agr\u00e9ment des programmes<\/li>\n\n\n\n<li>Maintien de l\u2019agr\u00e9ment du programme<\/li>\n<\/ul>\n<\/div><\/a>\n<\/div>\n\n\n\n<div class=\"o-block-grid__item\">\n<a class=\"wp-block-pb-card is-style-dark-pattern\" href=\"https:\/\/www.echima.ca\/submit-your-nominee-for-the-future-of-health-information-chima-award\/\"><div class=\"wp-block-pb-card__content\">\n<p class=\"is-style-small\">NOUVEAU!<\/p>\n\n\n\n<h2 class=\"wp-block-heading\" id=\"h-future-of-health-information-awards\">Prix de l\u2019avenir de l\u2019information sur la sant\u00e9<\/h2>\n\n\n\n<p>Proposez la candidature d\u2019un \u00e9tudiant qui fait preuve d\u2019excellence acad\u00e9mique et d\u2019une passion pour la profession de l\u2019information sur la sant\u00e9.  <\/p>\n\n\n\n<p class=\"is-style-small\">(Vous serez redirig\u00e9 vers echima.ca)<\/p>\n<\/div><\/a>\n<\/div>\n<\/div>\n<\/div><\/div>\n\n<div class=\"wp-block-pb-section alignfull\"><div class=\"o-container\">\n<div class=\"o-row\">\n<div class=\"o-col u-6of12-md\">\n<div class=\"wp-block-buttons is-content-justification-center is-layout-flex wp-container-core-buttons-is-layout-16018d1d wp-block-buttons-is-layout-flex\">\n<div class=\"wp-block-button\"><a class=\"wp-block-button__link wp-element-button\" href=\"https:\/\/healthinfocanada.ca\/knowledge-base\/\" target=\"_blank\" rel=\"noreferrer noopener\">Foire aux questions<\/a><\/div>\n<\/div>\n<\/div>\n\n\n\n<div class=\"o-col u-6of12-md\">\n<div class=\"wp-block-buttons is-content-justification-center is-layout-flex wp-container-core-buttons-is-layout-16018d1d wp-block-buttons-is-layout-flex\">\n<div class=\"wp-block-button\"><a class=\"wp-block-button__link wp-element-button\" href=\"https:\/\/cchim.ca\/partnerships-external-relations-contact-director-of-the-college\/\">Communiquez avec le directeur de l\u2019Ordre<\/a><\/div>\n<\/div>\n<\/div>\n<\/div>\n<\/div><\/div>\n\n<div class=\"wp-block-buttons is-layout-flex wp-block-buttons-is-layout-flex\"><\/div>\n\n\n","protected":false},"excerpt":{"rendered":"<p>Portail des \u00e9tablissements d\u2019enseignement<\/p>\n","protected":false},"author":8,"featured_media":0,"parent":0,"menu_order":0,"comment_status":"closed","ping_status":"closed","template":"","meta":{"footnotes":""},"class_list":["post-885658","page","type-page","status-publish","hentry"],"yoast_head":"<!-- This site is optimized with the Yoast SEO Premium plugin v26.2 (Yoast SEO v27.3) - https:\/\/yoast.com\/product\/yoast-seo-premium-wordpress\/ -->\n<title>Portail de l\u2019assurance-emploi - Canadian College of Health Information Management<\/title>\n<meta name=\"description\" content=\"Portail des \u00e9tablissements d\u2019enseignement Le Coll\u00e8ge canadien de gestion de l\u2019information sur la sant\u00e9 a con\u00e7u ce portail pour les \u00e9tablissements\" \/>\n<meta name=\"robots\" content=\"index, follow, max-snippet:-1, max-image-preview:large, max-video-preview:-1\" \/>\n<link rel=\"canonical\" href=\"https:\/\/cchim.ca\/fr\/portail-de-lassurance-emploi\/\" \/>\n<meta property=\"og:locale\" content=\"fr_CA\" \/>\n<meta property=\"og:type\" content=\"article\" \/>\n<meta property=\"og:title\" content=\"Portail de l\u2019assurance-emploi\" \/>\n<meta property=\"og:description\" content=\"Portail des \u00e9tablissements d\u2019enseignement Le Coll\u00e8ge canadien de gestion de l\u2019information sur la sant\u00e9 a con\u00e7u ce portail pour les \u00e9tablissements\" \/>\n<meta property=\"og:url\" content=\"https:\/\/cchim.ca\/fr\/portail-de-lassurance-emploi\/\" \/>\n<meta property=\"og:site_name\" content=\"Canadian College of Health Information Management\" \/>\n<meta property=\"article:modified_time\" content=\"2025-02-26T20:47:35+00:00\" \/>\n<meta name=\"twitter:card\" content=\"summary_large_image\" \/>\n<meta name=\"twitter:label1\" content=\"Estimation du temps de lecture\" \/>\n\t<meta name=\"twitter:data1\" content=\"1 minute\" \/>\n<script type=\"application\/ld+json\" class=\"yoast-schema-graph\">{\"@context\":\"https:\\\/\\\/schema.org\",\"@graph\":[{\"@type\":\"WebPage\",\"@id\":\"https:\\\/\\\/cchim.ca\\\/fr\\\/portail-de-lassurance-emploi\\\/\",\"url\":\"https:\\\/\\\/cchim.ca\\\/fr\\\/portail-de-lassurance-emploi\\\/\",\"name\":\"Portail de l\u2019assurance-emploi - Canadian College of Health Information Management\",\"isPartOf\":{\"@id\":\"https:\\\/\\\/cchim.ca\\\/#website\"},\"datePublished\":\"2021-05-12T20:24:38+00:00\",\"dateModified\":\"2025-02-26T20:47:35+00:00\",\"description\":\"Portail des \u00e9tablissements d\u2019enseignement Le Coll\u00e8ge canadien de gestion de l\u2019information sur la sant\u00e9 a con\u00e7u ce portail pour les \u00e9tablissements\",\"breadcrumb\":{\"@id\":\"https:\\\/\\\/cchim.ca\\\/fr\\\/portail-de-lassurance-emploi\\\/#breadcrumb\"},\"inLanguage\":\"fr-CA\",\"potentialAction\":[{\"@type\":\"ReadAction\",\"target\":[\"https:\\\/\\\/cchim.ca\\\/fr\\\/portail-de-lassurance-emploi\\\/\"]}]},{\"@type\":\"BreadcrumbList\",\"@id\":\"https:\\\/\\\/cchim.ca\\\/fr\\\/portail-de-lassurance-emploi\\\/#breadcrumb\",\"itemListElement\":[{\"@type\":\"ListItem\",\"position\":1,\"name\":\"Home\",\"item\":\"https:\\\/\\\/cchim.ca\\\/\"},{\"@type\":\"ListItem\",\"position\":2,\"name\":\"Portail de l\u2019assurance-emploi\"}]},{\"@type\":\"WebSite\",\"@id\":\"https:\\\/\\\/cchim.ca\\\/#website\",\"url\":\"https:\\\/\\\/cchim.ca\\\/\",\"name\":\"Canadian College of Health Information Management\",\"description\":\"Accrediting academic institutions and certifying health information professionals\",\"publisher\":{\"@id\":\"https:\\\/\\\/cchim.ca\\\/#organization\"},\"alternateName\":\"CCHIM\",\"potentialAction\":[{\"@type\":\"SearchAction\",\"target\":{\"@type\":\"EntryPoint\",\"urlTemplate\":\"https:\\\/\\\/cchim.ca\\\/?s={search_term_string}\"},\"query-input\":{\"@type\":\"PropertyValueSpecification\",\"valueRequired\":true,\"valueName\":\"search_term_string\"}}],\"inLanguage\":\"fr-CA\"},{\"@type\":\"Organization\",\"@id\":\"https:\\\/\\\/cchim.ca\\\/#organization\",\"name\":\"Canadian College of Health Information Management\",\"alternateName\":\"CCHIM\",\"url\":\"https:\\\/\\\/cchim.ca\\\/\",\"logo\":{\"@type\":\"ImageObject\",\"inLanguage\":\"fr-CA\",\"@id\":\"https:\\\/\\\/cchim.ca\\\/#\\\/schema\\\/logo\\\/image\\\/\",\"url\":\"https:\\\/\\\/cchim.ca\\\/wp-content\\\/uploads\\\/2020\\\/08\\\/cropped-favicon.webp\",\"contentUrl\":\"https:\\\/\\\/cchim.ca\\\/wp-content\\\/uploads\\\/2020\\\/08\\\/cropped-favicon.webp\",\"width\":512,\"height\":512,\"caption\":\"Canadian College of Health Information Management\"},\"image\":{\"@id\":\"https:\\\/\\\/cchim.ca\\\/#\\\/schema\\\/logo\\\/image\\\/\"},\"description\":\"Canadian College of Health Information Management\",\"email\":\"support@echima.ca\",\"legalName\":\"Canadian College of Health Information Management\",\"foundingDate\":\"1972-09-07\",\"numberOfEmployees\":{\"@type\":\"QuantitativeValue\",\"minValue\":\"11\",\"maxValue\":\"50\"}}]}<\/script>\n<!-- \/ Yoast SEO Premium plugin. -->","yoast_head_json":{"title":"Portail de l\u2019assurance-emploi - Canadian College of Health Information Management","description":"Portail des \u00e9tablissements d\u2019enseignement Le Coll\u00e8ge canadien de gestion de l\u2019information sur la sant\u00e9 a con\u00e7u ce portail pour les \u00e9tablissements","robots":{"index":"index","follow":"follow","max-snippet":"max-snippet:-1","max-image-preview":"max-image-preview:large","max-video-preview":"max-video-preview:-1"},"canonical":"https:\/\/cchim.ca\/fr\/portail-de-lassurance-emploi\/","og_locale":"fr_CA","og_type":"article","og_title":"Portail de l\u2019assurance-emploi","og_description":"Portail des \u00e9tablissements d\u2019enseignement Le Coll\u00e8ge canadien de gestion de l\u2019information sur la sant\u00e9 a con\u00e7u ce portail pour les \u00e9tablissements","og_url":"https:\/\/cchim.ca\/fr\/portail-de-lassurance-emploi\/","og_site_name":"Canadian College of Health Information Management","article_modified_time":"2025-02-26T20:47:35+00:00","twitter_card":"summary_large_image","twitter_misc":{"Estimation du temps de lecture":"1 minute"},"schema":{"@context":"https:\/\/schema.org","@graph":[{"@type":"WebPage","@id":"https:\/\/cchim.ca\/fr\/portail-de-lassurance-emploi\/","url":"https:\/\/cchim.ca\/fr\/portail-de-lassurance-emploi\/","name":"Portail de l\u2019assurance-emploi - Canadian College of Health Information Management","isPartOf":{"@id":"https:\/\/cchim.ca\/#website"},"datePublished":"2021-05-12T20:24:38+00:00","dateModified":"2025-02-26T20:47:35+00:00","description":"Portail des \u00e9tablissements d\u2019enseignement Le Coll\u00e8ge canadien de gestion de l\u2019information sur la sant\u00e9 a con\u00e7u ce portail pour les \u00e9tablissements","breadcrumb":{"@id":"https:\/\/cchim.ca\/fr\/portail-de-lassurance-emploi\/#breadcrumb"},"inLanguage":"fr-CA","potentialAction":[{"@type":"ReadAction","target":["https:\/\/cchim.ca\/fr\/portail-de-lassurance-emploi\/"]}]},{"@type":"BreadcrumbList","@id":"https:\/\/cchim.ca\/fr\/portail-de-lassurance-emploi\/#breadcrumb","itemListElement":[{"@type":"ListItem","position":1,"name":"Home","item":"https:\/\/cchim.ca\/"},{"@type":"ListItem","position":2,"name":"Portail de l\u2019assurance-emploi"}]},{"@type":"WebSite","@id":"https:\/\/cchim.ca\/#website","url":"https:\/\/cchim.ca\/","name":"Canadian College of Health Information Management","description":"Accrediting academic institutions and certifying health information professionals","publisher":{"@id":"https:\/\/cchim.ca\/#organization"},"alternateName":"CCHIM","potentialAction":[{"@type":"SearchAction","target":{"@type":"EntryPoint","urlTemplate":"https:\/\/cchim.ca\/?s={search_term_string}"},"query-input":{"@type":"PropertyValueSpecification","valueRequired":true,"valueName":"search_term_string"}}],"inLanguage":"fr-CA"},{"@type":"Organization","@id":"https:\/\/cchim.ca\/#organization","name":"Canadian College of Health Information Management","alternateName":"CCHIM","url":"https:\/\/cchim.ca\/","logo":{"@type":"ImageObject","inLanguage":"fr-CA","@id":"https:\/\/cchim.ca\/#\/schema\/logo\/image\/","url":"https:\/\/cchim.ca\/wp-content\/uploads\/2020\/08\/cropped-favicon.webp","contentUrl":"https:\/\/cchim.ca\/wp-content\/uploads\/2020\/08\/cropped-favicon.webp","width":512,"height":512,"caption":"Canadian College of Health Information Management"},"image":{"@id":"https:\/\/cchim.ca\/#\/schema\/logo\/image\/"},"description":"Canadian College of Health Information Management","email":"support@echima.ca","legalName":"Canadian College of Health Information Management","foundingDate":"1972-09-07","numberOfEmployees":{"@type":"QuantitativeValue","minValue":"11","maxValue":"50"}}]}},"_links":{"self":[{"href":"https:\/\/cchim.ca\/fr\/wp-json\/wp\/v2\/pages\/885658","targetHints":{"allow":["GET"]}}],"collection":[{"href":"https:\/\/cchim.ca\/fr\/wp-json\/wp\/v2\/pages"}],"about":[{"href":"https:\/\/cchim.ca\/fr\/wp-json\/wp\/v2\/types\/page"}],"author":[{"embeddable":true,"href":"https:\/\/cchim.ca\/fr\/wp-json\/wp\/v2\/users\/8"}],"replies":[{"embeddable":true,"href":"https:\/\/cchim.ca\/fr\/wp-json\/wp\/v2\/comments?post=885658"}],"version-history":[{"count":0,"href":"https:\/\/cchim.ca\/fr\/wp-json\/wp\/v2\/pages\/885658\/revisions"}],"wp:attachment":[{"href":"https:\/\/cchim.ca\/fr\/wp-json\/wp\/v2\/media?parent=885658"}],"curies":[{"name":"wp","href":"https:\/\/api.w.org\/{rel}","templated":true}]}}