{"id":885656,"date":"2020-09-22T12:46:37","date_gmt":"2020-09-22T16:46:37","guid":{"rendered":"https:\/\/cchim.ca\/certification\/ctss\/ctss-nce-foire-aux-questions\/"},"modified":"2020-09-22T12:46:37","modified_gmt":"2020-09-22T16:46:37","slug":"ctss-nce-foire-aux-questions","status":"publish","type":"page","link":"https:\/\/cchim.ca\/fr\/certification\/ctss\/ctss-nce-foire-aux-questions\/","title":{"rendered":"CTSS NCE Foire aux questions"},"content":{"rendered":"\n<h1 class=\"wp-block-heading\" id=\"block-2fa1e701-fe7c-480d-9876-7c0f386bdef5\"><span class=\"is-style-slug\">CTSS<\/span>Foire aux questions<\/h1>\n\n\n\n<div class=\"wp-block-pb-accordion-item c-accordion__item js-accordion-item no-js\" data-initially-open=\"false\" data-click-to-close=\"true\" data-auto-close=\"true\" data-scroll=\"false\" data-scroll-offset=\"0\"><h2 id=\"at-52453\" class=\"c-accordion__title js-accordion-controller\" role=\"button\">Quels sont les moteurs des normes de terminologie de la sant\u00e9&nbsp;?<\/h2><div id=\"ac-52453\" class=\"c-accordion__content\">\n<ul class=\"wp-block-list\"><li>Demandes accrues d\u2019accessibilit\u00e9 des donn\u00e9es (p. ex. transitions entre les soins, aide \u00e0 la d\u00e9cision clinique, etc.)<\/li><li>\u00c9largir les priorit\u00e9s cliniques pour r\u00e9pondre au vieillissement de la population avec des ressources limit\u00e9es<\/li><li>\u00c0 l\u2019heure actuelle, la normalisation et l\u2019utilisation des normes pour le contenu des dossiers de sant\u00e9 sont limit\u00e9es de mani\u00e8re coordonn\u00e9e et collaborative<\/li><li>L\u2019\u00e9change d\u2019information est complexe et exige beaucoup de ressources, car de multiples normes sont utilis\u00e9es au sein de multiples secteurs et entre eux<\/li><li>Possibilit\u00e9s d\u2019am\u00e9liorer la gouvernance de l\u2019information et la gouvernance des donn\u00e9es gr\u00e2ce \u00e0 un partage accru de l\u2019information num\u00e9rique sur la sant\u00e9 entre les organisations et les fournisseurs de soins de sant\u00e9 en g\u00e9n\u00e9ral<\/li><\/ul>\n<\/div><\/div>\n\n\n\n<div class=\"wp-block-pb-accordion-item c-accordion__item js-accordion-item no-js\" data-initially-open=\"false\" data-click-to-close=\"true\" data-auto-close=\"true\" data-scroll=\"false\" data-scroll-offset=\"0\"><h2 id=\"at-67009\" class=\"c-accordion__title js-accordion-controller\" role=\"button\">Qui devrait obtenir un certificat en mati\u00e8re de normes terminologiques&nbsp;?<\/h2><div id=\"ac-67009\" class=\"c-accordion__content\">\n<p>La d\u00e9signation de normes terminologiques s\u2019adresse aux professionnels de la sant\u00e9 qui sont passionn\u00e9s par les d\u00e9finitions, les classifications et le codage des donn\u00e9es, l\u2019interop\u00e9rabilit\u00e9 des DSE, l\u2019\u00e9change de donn\u00e9es et les normes terminologiques, la terminologie des r\u00e9f\u00e9rences, ainsi que la confidentialit\u00e9 et la s\u00e9curit\u00e9.\nLes professionnels him qui travaillent actuellement dans des r\u00f4les de normes terminologiques b\u00e9n\u00e9ficieraient de l\u2019obtention de cette d\u00e9signation et seraient reconnus par les employeurs potentiels et actuels comme des professionnels qualifi\u00e9s et comp\u00e9tents dans le domaine des normes terminologiques. <\/p>\n<\/div><\/div>\n\n\n\n<div class=\"wp-block-pb-accordion-item c-accordion__item js-accordion-item no-js\" data-initially-open=\"false\" data-click-to-close=\"true\" data-auto-close=\"true\" data-scroll=\"false\" data-scroll-offset=\"0\"><h2 id=\"at-51144\" class=\"c-accordion__title js-accordion-controller\" role=\"button\">Quelles sont les possibilit\u00e9s d\u2019emploi dans les normes terminologiques&nbsp;?<\/h2><div id=\"ac-51144\" class=\"c-accordion__content\">\n<p>Les r\u00f4les li\u00e9s aux normes terminologiques ont augment\u00e9 en importance depuis la mise en \u0153uvre des syst\u00e8mes et des applications de sant\u00e9 num\u00e9riques.\nL\u2019importance de donn\u00e9es pertinentes et exactes dans un syst\u00e8me de sant\u00e9 num\u00e9rique refl\u00e8te l\u2019importance accrue des r\u00f4les des normes terminologiques.\nL\u2019utilisation accrue des normes terminologiques dans les solutions de sant\u00e9 num\u00e9riques a entra\u00een\u00e9 des r\u00f4les \u00e9volutifs, notamment ceux d\u2019analyste principal des normes, de sp\u00e9cialiste de la terminologie, de sp\u00e9cialiste des normes de terminologie clinique et bien d\u2019autres.  <\/p>\n<\/div><\/div>\n\n\n\n<div class=\"wp-block-pb-accordion-item c-accordion__item js-accordion-item no-js\" data-initially-open=\"false\" data-click-to-close=\"true\" data-auto-close=\"true\" data-scroll=\"false\" data-scroll-offset=\"0\"><h2 id=\"at-90683\" class=\"c-accordion__title js-accordion-controller\" role=\"button\">Qui emploie des sp\u00e9cialistes certifi\u00e9s des normes terminologiques&nbsp;?<\/h2><div id=\"ac-90683\" class=\"c-accordion__content\">\n<p>Les sp\u00e9cialistes certifi\u00e9s des normes terminologiques ont des possibilit\u00e9s d\u2019emploi dans des organisations de cybersant\u00e9 partout au Canada, des soci\u00e9t\u00e9s d\u2019experts-conseils priv\u00e9es, des minist\u00e8res, des organismes et des minist\u00e8res de la Sant\u00e9, des h\u00f4pitaux et bien d\u2019autres organisations.<\/p>\n<\/div><\/div>\n","protected":false},"excerpt":{"rendered":"<p>CTSSFoire aux questions<\/p>\n","protected":false},"author":8,"featured_media":0,"parent":885594,"menu_order":0,"comment_status":"closed","ping_status":"closed","template":"","meta":{"footnotes":""},"class_list":["post-885656","page","type-page","status-publish","hentry"],"yoast_head":"<!-- This site is optimized with the Yoast SEO Premium plugin v26.2 (Yoast SEO v27.4) - https:\/\/yoast.com\/product\/yoast-seo-premium-wordpress\/ -->\n<title>CTSS NCE Foire aux questions - Canadian College of Health Information Management<\/title>\n<meta name=\"description\" content=\"CTSSFoire aux questions Quels sont les moteurs des normes de terminologie de la sant\u00e9&nbsp;? Demandes accrues d\u2019accessibilit\u00e9 des donn\u00e9es (p. ex.\" \/>\n<meta name=\"robots\" content=\"index, follow, max-snippet:-1, max-image-preview:large, max-video-preview:-1\" \/>\n<link rel=\"canonical\" href=\"https:\/\/cchim.ca\/certification\/ctss\/ctss-nce-foire-aux-questions\/\" \/>\n<meta property=\"og:locale\" content=\"fr_CA\" \/>\n<meta property=\"og:type\" content=\"article\" \/>\n<meta property=\"og:title\" content=\"CTSS NCE Foire aux questions\" \/>\n<meta property=\"og:description\" content=\"CTSSFoire aux questions Quels sont les moteurs des normes de terminologie de la sant\u00e9&nbsp;? Demandes accrues d\u2019accessibilit\u00e9 des donn\u00e9es (p. ex.\" \/>\n<meta property=\"og:url\" content=\"https:\/\/cchim.ca\/certification\/ctss\/ctss-nce-foire-aux-questions\/\" \/>\n<meta property=\"og:site_name\" content=\"Canadian College of Health Information Management\" \/>\n<meta name=\"twitter:card\" content=\"summary_large_image\" \/>\n<meta name=\"twitter:label1\" content=\"Estimation du temps de lecture\" \/>\n\t<meta name=\"twitter:data1\" content=\"2 minutes\" \/>\n<script type=\"application\/ld+json\" class=\"yoast-schema-graph\">{\"@context\":\"https:\\\/\\\/schema.org\",\"@graph\":[{\"@type\":\"WebPage\",\"@id\":\"https:\\\/\\\/cchim.ca\\\/certification\\\/ctss\\\/ctss-nce-foire-aux-questions\\\/\",\"url\":\"https:\\\/\\\/cchim.ca\\\/certification\\\/ctss\\\/ctss-nce-foire-aux-questions\\\/\",\"name\":\"CTSS NCE Foire aux questions - Canadian College of Health Information Management\",\"isPartOf\":{\"@id\":\"https:\\\/\\\/cchim.ca\\\/#website\"},\"datePublished\":\"2020-09-22T16:46:37+00:00\",\"description\":\"CTSSFoire aux questions Quels sont les moteurs des normes de terminologie de la sant\u00e9&nbsp;? Demandes accrues d\u2019accessibilit\u00e9 des donn\u00e9es (p. ex.\",\"breadcrumb\":{\"@id\":\"https:\\\/\\\/cchim.ca\\\/certification\\\/ctss\\\/ctss-nce-foire-aux-questions\\\/#breadcrumb\"},\"inLanguage\":\"fr-CA\",\"potentialAction\":[{\"@type\":\"ReadAction\",\"target\":[\"https:\\\/\\\/cchim.ca\\\/certification\\\/ctss\\\/ctss-nce-foire-aux-questions\\\/\"]}]},{\"@type\":\"BreadcrumbList\",\"@id\":\"https:\\\/\\\/cchim.ca\\\/certification\\\/ctss\\\/ctss-nce-foire-aux-questions\\\/#breadcrumb\",\"itemListElement\":[{\"@type\":\"ListItem\",\"position\":1,\"name\":\"Home\",\"item\":\"https:\\\/\\\/cchim.ca\\\/\"},{\"@type\":\"ListItem\",\"position\":2,\"name\":\"La certification\",\"item\":\"https:\\\/\\\/cchim.ca\\\/fr\\\/certification\\\/\"},{\"@type\":\"ListItem\",\"position\":3,\"name\":\"CTSS\",\"item\":\"https:\\\/\\\/cchim.ca\\\/certification\\\/ctss\\\/\"},{\"@type\":\"ListItem\",\"position\":4,\"name\":\"CTSS NCE Foire aux questions\"}]},{\"@type\":\"WebSite\",\"@id\":\"https:\\\/\\\/cchim.ca\\\/#website\",\"url\":\"https:\\\/\\\/cchim.ca\\\/\",\"name\":\"Canadian College of Health Information Management\",\"description\":\"Accrediting academic institutions and certifying health information professionals\",\"publisher\":{\"@id\":\"https:\\\/\\\/cchim.ca\\\/#organization\"},\"alternateName\":\"CCHIM\",\"potentialAction\":[{\"@type\":\"SearchAction\",\"target\":{\"@type\":\"EntryPoint\",\"urlTemplate\":\"https:\\\/\\\/cchim.ca\\\/?s={search_term_string}\"},\"query-input\":{\"@type\":\"PropertyValueSpecification\",\"valueRequired\":true,\"valueName\":\"search_term_string\"}}],\"inLanguage\":\"fr-CA\"},{\"@type\":\"Organization\",\"@id\":\"https:\\\/\\\/cchim.ca\\\/#organization\",\"name\":\"Canadian College of Health Information Management\",\"alternateName\":\"CCHIM\",\"url\":\"https:\\\/\\\/cchim.ca\\\/\",\"logo\":{\"@type\":\"ImageObject\",\"inLanguage\":\"fr-CA\",\"@id\":\"https:\\\/\\\/cchim.ca\\\/#\\\/schema\\\/logo\\\/image\\\/\",\"url\":\"https:\\\/\\\/cchim.ca\\\/wp-content\\\/uploads\\\/2020\\\/08\\\/cropped-favicon.webp\",\"contentUrl\":\"https:\\\/\\\/cchim.ca\\\/wp-content\\\/uploads\\\/2020\\\/08\\\/cropped-favicon.webp\",\"width\":512,\"height\":512,\"caption\":\"Canadian College of Health Information Management\"},\"image\":{\"@id\":\"https:\\\/\\\/cchim.ca\\\/#\\\/schema\\\/logo\\\/image\\\/\"},\"description\":\"Canadian College of Health Information Management\",\"email\":\"support@echima.ca\",\"legalName\":\"Canadian College of Health Information Management\",\"foundingDate\":\"1972-09-07\",\"numberOfEmployees\":{\"@type\":\"QuantitativeValue\",\"minValue\":\"11\",\"maxValue\":\"50\"}}]}<\/script>\n<!-- \/ Yoast SEO Premium plugin. -->","yoast_head_json":{"title":"CTSS NCE Foire aux questions - Canadian College of Health Information Management","description":"CTSSFoire aux questions Quels sont les moteurs des normes de terminologie de la sant\u00e9&nbsp;? Demandes accrues d\u2019accessibilit\u00e9 des donn\u00e9es (p. ex.","robots":{"index":"index","follow":"follow","max-snippet":"max-snippet:-1","max-image-preview":"max-image-preview:large","max-video-preview":"max-video-preview:-1"},"canonical":"https:\/\/cchim.ca\/certification\/ctss\/ctss-nce-foire-aux-questions\/","og_locale":"fr_CA","og_type":"article","og_title":"CTSS NCE Foire aux questions","og_description":"CTSSFoire aux questions Quels sont les moteurs des normes de terminologie de la sant\u00e9&nbsp;? Demandes accrues d\u2019accessibilit\u00e9 des donn\u00e9es (p. ex.","og_url":"https:\/\/cchim.ca\/certification\/ctss\/ctss-nce-foire-aux-questions\/","og_site_name":"Canadian College of Health Information Management","twitter_card":"summary_large_image","twitter_misc":{"Estimation du temps de lecture":"2 minutes"},"schema":{"@context":"https:\/\/schema.org","@graph":[{"@type":"WebPage","@id":"https:\/\/cchim.ca\/certification\/ctss\/ctss-nce-foire-aux-questions\/","url":"https:\/\/cchim.ca\/certification\/ctss\/ctss-nce-foire-aux-questions\/","name":"CTSS NCE Foire aux questions - Canadian College of Health Information Management","isPartOf":{"@id":"https:\/\/cchim.ca\/#website"},"datePublished":"2020-09-22T16:46:37+00:00","description":"CTSSFoire aux questions Quels sont les moteurs des normes de terminologie de la sant\u00e9&nbsp;? Demandes accrues d\u2019accessibilit\u00e9 des donn\u00e9es (p. ex.","breadcrumb":{"@id":"https:\/\/cchim.ca\/certification\/ctss\/ctss-nce-foire-aux-questions\/#breadcrumb"},"inLanguage":"fr-CA","potentialAction":[{"@type":"ReadAction","target":["https:\/\/cchim.ca\/certification\/ctss\/ctss-nce-foire-aux-questions\/"]}]},{"@type":"BreadcrumbList","@id":"https:\/\/cchim.ca\/certification\/ctss\/ctss-nce-foire-aux-questions\/#breadcrumb","itemListElement":[{"@type":"ListItem","position":1,"name":"Home","item":"https:\/\/cchim.ca\/"},{"@type":"ListItem","position":2,"name":"La certification","item":"https:\/\/cchim.ca\/fr\/certification\/"},{"@type":"ListItem","position":3,"name":"CTSS","item":"https:\/\/cchim.ca\/certification\/ctss\/"},{"@type":"ListItem","position":4,"name":"CTSS NCE Foire aux questions"}]},{"@type":"WebSite","@id":"https:\/\/cchim.ca\/#website","url":"https:\/\/cchim.ca\/","name":"Canadian College of Health Information Management","description":"Accrediting academic institutions and certifying health information professionals","publisher":{"@id":"https:\/\/cchim.ca\/#organization"},"alternateName":"CCHIM","potentialAction":[{"@type":"SearchAction","target":{"@type":"EntryPoint","urlTemplate":"https:\/\/cchim.ca\/?s={search_term_string}"},"query-input":{"@type":"PropertyValueSpecification","valueRequired":true,"valueName":"search_term_string"}}],"inLanguage":"fr-CA"},{"@type":"Organization","@id":"https:\/\/cchim.ca\/#organization","name":"Canadian College of Health Information Management","alternateName":"CCHIM","url":"https:\/\/cchim.ca\/","logo":{"@type":"ImageObject","inLanguage":"fr-CA","@id":"https:\/\/cchim.ca\/#\/schema\/logo\/image\/","url":"https:\/\/cchim.ca\/wp-content\/uploads\/2020\/08\/cropped-favicon.webp","contentUrl":"https:\/\/cchim.ca\/wp-content\/uploads\/2020\/08\/cropped-favicon.webp","width":512,"height":512,"caption":"Canadian College of Health Information Management"},"image":{"@id":"https:\/\/cchim.ca\/#\/schema\/logo\/image\/"},"description":"Canadian College of Health Information Management","email":"support@echima.ca","legalName":"Canadian College of Health Information Management","foundingDate":"1972-09-07","numberOfEmployees":{"@type":"QuantitativeValue","minValue":"11","maxValue":"50"}}]}},"_links":{"self":[{"href":"https:\/\/cchim.ca\/fr\/wp-json\/wp\/v2\/pages\/885656","targetHints":{"allow":["GET"]}}],"collection":[{"href":"https:\/\/cchim.ca\/fr\/wp-json\/wp\/v2\/pages"}],"about":[{"href":"https:\/\/cchim.ca\/fr\/wp-json\/wp\/v2\/types\/page"}],"author":[{"embeddable":true,"href":"https:\/\/cchim.ca\/fr\/wp-json\/wp\/v2\/users\/8"}],"replies":[{"embeddable":true,"href":"https:\/\/cchim.ca\/fr\/wp-json\/wp\/v2\/comments?post=885656"}],"version-history":[{"count":0,"href":"https:\/\/cchim.ca\/fr\/wp-json\/wp\/v2\/pages\/885656\/revisions"}],"up":[{"embeddable":true,"href":"https:\/\/cchim.ca\/fr\/wp-json\/wp\/v2\/pages\/885594"}],"wp:attachment":[{"href":"https:\/\/cchim.ca\/fr\/wp-json\/wp\/v2\/media?parent=885656"}],"curies":[{"name":"wp","href":"https:\/\/api.w.org\/{rel}","templated":true}]}}