{"id":885654,"date":"2020-09-22T13:37:20","date_gmt":"2020-09-22T17:37:20","guid":{"rendered":"https:\/\/cchim.ca\/certification\/le-cccs\/admissibilite-au-ccsc-et-dates\/"},"modified":"2026-01-21T17:54:45","modified_gmt":"2026-01-21T22:54:45","slug":"admissibilite-au-ccsc-et-dates","status":"publish","type":"page","link":"https:\/\/cchim.ca\/fr\/certification\/le-cccs\/admissibilite-au-ccsc-et-dates\/","title":{"rendered":"Admissibilit\u00e9 au CCSC et dates"},"content":{"rendered":"\n<p><span class=\"is-style-slug\">Admissibilit\u00e9 et dates<\/span><\/p>\n\n<h1 class=\"wp-block-heading\">RCE DU CCCS<\/h1>\n\n<div class=\"o-block-grid o-block-grid-1-md\">\n<div class=\"o-block-grid__item\">\n<div class=\"wp-block-pb-card\"><div class=\"wp-block-pb-card__content\">\n<h2 class=\"wp-block-heading\">Conditions d\u2019admissibilit\u00e9<\/h2>\n\n\n\n<p>Un candidat doit \u00eatre dipl\u00f4m\u00e9 d\u2019un programme HIM accr\u00e9dit\u00e9 par le Coll\u00e8ge canadien de gestion de l\u2019information sur la sant\u00e9, d\u00e9tenir un titre professionnel CHIM actif <em>et<\/em> appartener \u00e0 l\u2019une des cat\u00e9gories suivantes :<\/p>\n\n\n\n<ol class=\"wp-block-list\">\n<li>Professionnel exp\u00e9riment\u00e9\u00a0: Travailler actuellement dans le domaine de la classification et du codage avec 5 ans ou plus d\u2019exp\u00e9rience dans le codage des patients hospitalis\u00e9s aigus\u00a0; ou<\/li>\n\n\n\n<li>Dipl\u00f4m\u00e9 du cours : \u00catre dipl\u00f4m\u00e9 d\u2019un programme pr\u00e9paratoire sp\u00e9cialis\u00e9 en <a href=\"https:\/\/cchim.ca\/program-directory\/?education=&amp;program_type=classification-and-coding&amp;program_location=&amp;program_delivery=&amp;college_status=&amp;institution=\">classification et codage<\/a> reconnu par le Coll\u00e8ge canadien de gestion de l\u2019information sur la sant\u00e9.<\/li>\n<\/ol>\n<\/div><\/div>\n<\/div>\n<\/div>\n\n<div class=\"o-block-grid o-block-grid-2-md\">\n<div class=\"o-block-grid__item\">\n<div class=\"wp-block-pb-card\"><div class=\"wp-block-pb-card__content\">\n<h2 class=\"wp-block-heading\" id=\"cccs-dates\">Dates d\u2019examen \u00e0 venir<\/h2>\n\n\n\n<p>L\u2019Ordre offre un tarif d\u2019adoption pr\u00e9coce pour c\u00e9l\u00e9brer le lancement de cette nouvelle certification.  <\/p>\n\n\n\n<p>Les prochaines dates des RCE du CCSC sont les suivantes :<\/p>\n\n\n\n<figure class=\"wp-block-table\"><table><thead><tr><th>P\u00e9riode d\u2019examen*<\/th><th>Date limite de pr\u00e9sentation des demandes<\/th><th>Prix r\u00e9guliers<\/th><th>Prix actuels<\/th><\/tr><\/thead><tbody><tr><td>Du 27 au 31 octobre 2025<\/td><td>Le 6 octobre 2025<\/td><td>  349 $ + taxes  <\/td><td>199,00 $ + taxes<\/td><\/tr><tr><td>Du 24 au 28 novembre 2025<\/td><td>Le 7 novembre 2025<\/td><td>  349 $ + taxes  <\/td><td>199,00 $ + taxes<\/td><\/tr><tr><td>19-23 janvier 2026<\/td><td>2 janvier 2026<\/td><td>349 $ + taxes  <\/td><td>199,00 $ + taxes<\/td><\/tr><tr><td>20-24 avril 2026<\/td><td>1er avril 2026<\/td><td>349 $ + taxes  <\/td><td>199,00 $ + taxes<\/td><\/tr><tr><td>22-26 juin 2026<\/td><td>1er juin 2026<\/td><td>349 $ + taxes  <\/td><td>199,00 $ + taxes<\/td><\/tr><tr><td>20-24 juillet 2026<\/td><td>3 juillet 2026<\/td><td>349 $ + taxes  <\/td><td>199,00 $ + taxes<\/td><\/tr><tr><td>21-25 septembre 2026<\/td><td>2 septembre 2026<\/td><td>349 $ + taxes  <\/td><td>199,00 $ + taxes<\/td><\/tr><tr><td>23-27 novembre 2026<\/td><td>2 novembre 2026<\/td><td>349 $ + taxes  <\/td><td>199,00 $ + taxes<\/td><\/tr><\/tbody><\/table><figcaption class=\"wp-element-caption\">* Une p\u00e9riode d\u2019examen peut \u00eatre prolong\u00e9e pour offrir plus d\u2019options de dates aux candidats en fonction du volume de demandes re\u00e7ues par l\u2019Ordre. Des dates et des heures suppl\u00e9mentaires seront ajout\u00e9es au besoin.   <\/figcaption><\/figure>\n<\/div><\/div>\n<\/div>\n\n\n\n<div class=\"o-block-grid__item\">\n<div class=\"wp-block-pb-card\"><div class=\"wp-block-pb-card__content\">\n<h2 class=\"wp-block-heading\" id=\"h-request-to-defer-or-withdraw\">Demande de report ou de retrait<\/h2>\n\n\n\n<p>Report : Un candidat peut reporter sa demande \u00e0 une prochaine s\u00e9ance des RCE. Le candidat est tenu d\u2019aviser l\u2019\u00e9quipe d\u2019examen au moyen d\u2019une demande de report au moins 10 jours ouvrables avant la s\u00e9ance d\u2019examen.   <strong>Veuillez noter qu\u2019une demande ne peut \u00eatre diff\u00e9r\u00e9e que trois fois au total.<\/strong><\/p>\n\n\n\n<p>Retrait : La demande d\u2019abandon d\u2019un examen doit \u00eatre re\u00e7ue par \u00e9crit dans les d\u00e9lais indiqu\u00e9s ci-dessous. Un remboursement de 100% des frais d\u2019examen sera accord\u00e9. Aucun remboursement ne sera effectu\u00e9 apr\u00e8s ces d\u00e9lais.  <\/p>\n\n\n\n<div class=\"wp-block-buttons is-layout-flex wp-block-buttons-is-layout-flex\">\n<div class=\"wp-block-button\"><a class=\"wp-block-button__link wp-element-button\" href=\"https:\/\/www.echima.ca\/request-to-withdraw-or-defer-form\/\" target=\"_blank\" rel=\"noreferrer noopener\">Pr\u00e9senter une demande de report ou de retrait<\/a><\/div>\n<\/div>\n\n\n\n<figure class=\"wp-block-table\"><table><thead><tr><th>P\u00e9riode d\u2019examen<\/th><th>Date limite de retrait<\/th><th>Date limite pour le report<\/th><\/tr><\/thead><tbody><tr><td>Du 27 au 31 octobre 2025<\/td><td>Le 6 octobre 2025<\/td><td>13 octobre 2025<\/td><\/tr><tr><td>Du 24 au 28 novembre 2025<\/td><td>Le 7 novembre 2025<\/td><td>10 novembre 2025<\/td><\/tr><tr><td>19-23 janvier 2026<\/td><td>5 janvier 2026<\/td><td>5 janvier 2026<\/td><\/tr><tr><td>20-24 avril 2026<\/td><td>1er avril 2026<\/td><td>6 avril 2026<\/td><\/tr><tr><td>22-26 juin 2026<\/td><td>1er juin 2026<\/td><td>8 juin 2026<\/td><\/tr><tr><td>20-24 juillet 2026<\/td><td>3 juillet 2026<\/td><td>6 juillet 2026<\/td><\/tr><tr><td>21-25 septembre 2026<\/td><td>2 septembre 2026<\/td><td>7 septembre 2026<\/td><\/tr><tr><td>23-27 novembre 2026<\/td><td>2 novembre 2026<\/td><td>9 novembre 2026<\/td><\/tr><\/tbody><\/table><\/figure>\n<\/div><\/div>\n<\/div>\n<\/div>\n\n\n\n\n","protected":false},"excerpt":{"rendered":"<p>Admissibilit\u00e9 et dates RCE DU CCCS<\/p>\n","protected":false},"author":8,"featured_media":0,"parent":885649,"menu_order":3,"comment_status":"closed","ping_status":"closed","template":"","meta":{"footnotes":""},"class_list":["post-885654","page","type-page","status-publish","hentry"],"yoast_head":"<!-- This site is optimized with the Yoast SEO Premium plugin v26.2 (Yoast SEO v27.3) - https:\/\/yoast.com\/product\/yoast-seo-premium-wordpress\/ -->\n<title>Admissibilit\u00e9 au CCSC et dates - Canadian College of Health Information Management<\/title>\n<meta name=\"description\" content=\"Admissibilit\u00e9 et dates RCE DU CCCS Conditions d\u2019admissibilit\u00e9 Un candidat doit \u00eatre dipl\u00f4m\u00e9 d\u2019un programme HIM accr\u00e9dit\u00e9 par le Coll\u00e8ge canadien de\" \/>\n<meta name=\"robots\" content=\"index, follow, max-snippet:-1, max-image-preview:large, max-video-preview:-1\" \/>\n<link rel=\"canonical\" href=\"https:\/\/cchim.ca\/fr\/certification\/le-cccs\/admissibilite-au-ccsc-et-dates\/\" \/>\n<meta property=\"og:locale\" content=\"fr_CA\" \/>\n<meta property=\"og:type\" content=\"article\" \/>\n<meta property=\"og:title\" content=\"Admissibilit\u00e9 au CCSC et dates\" \/>\n<meta property=\"og:description\" content=\"Admissibilit\u00e9 et dates RCE DU CCCS Conditions d\u2019admissibilit\u00e9 Un candidat doit \u00eatre dipl\u00f4m\u00e9 d\u2019un programme HIM accr\u00e9dit\u00e9 par le Coll\u00e8ge canadien de\" \/>\n<meta property=\"og:url\" content=\"https:\/\/cchim.ca\/fr\/certification\/le-cccs\/admissibilite-au-ccsc-et-dates\/\" \/>\n<meta property=\"og:site_name\" content=\"Canadian College of Health Information Management\" \/>\n<meta property=\"article:modified_time\" content=\"2026-01-21T22:54:45+00:00\" \/>\n<meta name=\"twitter:card\" content=\"summary_large_image\" \/>\n<meta name=\"twitter:label1\" content=\"Estimation du temps de lecture\" \/>\n\t<meta name=\"twitter:data1\" content=\"2 minutes\" \/>\n<script type=\"application\/ld+json\" class=\"yoast-schema-graph\">{\"@context\":\"https:\\\/\\\/schema.org\",\"@graph\":[{\"@type\":\"WebPage\",\"@id\":\"https:\\\/\\\/cchim.ca\\\/fr\\\/certification\\\/le-cccs\\\/admissibilite-au-ccsc-et-dates\\\/\",\"url\":\"https:\\\/\\\/cchim.ca\\\/fr\\\/certification\\\/le-cccs\\\/admissibilite-au-ccsc-et-dates\\\/\",\"name\":\"Admissibilit\u00e9 au CCSC et dates - Canadian College of Health Information Management\",\"isPartOf\":{\"@id\":\"https:\\\/\\\/cchim.ca\\\/#website\"},\"datePublished\":\"2020-09-22T17:37:20+00:00\",\"dateModified\":\"2026-01-21T22:54:45+00:00\",\"description\":\"Admissibilit\u00e9 et dates RCE DU CCCS Conditions d\u2019admissibilit\u00e9 Un candidat doit \u00eatre dipl\u00f4m\u00e9 d\u2019un programme HIM accr\u00e9dit\u00e9 par le Coll\u00e8ge canadien de\",\"breadcrumb\":{\"@id\":\"https:\\\/\\\/cchim.ca\\\/fr\\\/certification\\\/le-cccs\\\/admissibilite-au-ccsc-et-dates\\\/#breadcrumb\"},\"inLanguage\":\"fr-CA\",\"potentialAction\":[{\"@type\":\"ReadAction\",\"target\":[\"https:\\\/\\\/cchim.ca\\\/fr\\\/certification\\\/le-cccs\\\/admissibilite-au-ccsc-et-dates\\\/\"]}]},{\"@type\":\"BreadcrumbList\",\"@id\":\"https:\\\/\\\/cchim.ca\\\/fr\\\/certification\\\/le-cccs\\\/admissibilite-au-ccsc-et-dates\\\/#breadcrumb\",\"itemListElement\":[{\"@type\":\"ListItem\",\"position\":1,\"name\":\"Home\",\"item\":\"https:\\\/\\\/cchim.ca\\\/fr\\\/accueil\\\/\"},{\"@type\":\"ListItem\",\"position\":2,\"name\":\"La certification\",\"item\":\"https:\\\/\\\/cchim.ca\\\/fr\\\/certification\\\/\"},{\"@type\":\"ListItem\",\"position\":3,\"name\":\"LE CCCS\",\"item\":\"https:\\\/\\\/cchim.ca\\\/fr\\\/certification\\\/le-cccs\\\/\"},{\"@type\":\"ListItem\",\"position\":4,\"name\":\"Admissibilit\u00e9 au CCSC et dates\"}]},{\"@type\":\"WebSite\",\"@id\":\"https:\\\/\\\/cchim.ca\\\/#website\",\"url\":\"https:\\\/\\\/cchim.ca\\\/\",\"name\":\"Canadian College of Health Information Management\",\"description\":\"Accrediting academic institutions and certifying health information professionals\",\"publisher\":{\"@id\":\"https:\\\/\\\/cchim.ca\\\/#organization\"},\"alternateName\":\"CCHIM\",\"potentialAction\":[{\"@type\":\"SearchAction\",\"target\":{\"@type\":\"EntryPoint\",\"urlTemplate\":\"https:\\\/\\\/cchim.ca\\\/?s={search_term_string}\"},\"query-input\":{\"@type\":\"PropertyValueSpecification\",\"valueRequired\":true,\"valueName\":\"search_term_string\"}}],\"inLanguage\":\"fr-CA\"},{\"@type\":\"Organization\",\"@id\":\"https:\\\/\\\/cchim.ca\\\/#organization\",\"name\":\"Canadian College of Health Information Management\",\"alternateName\":\"CCHIM\",\"url\":\"https:\\\/\\\/cchim.ca\\\/\",\"logo\":{\"@type\":\"ImageObject\",\"inLanguage\":\"fr-CA\",\"@id\":\"https:\\\/\\\/cchim.ca\\\/#\\\/schema\\\/logo\\\/image\\\/\",\"url\":\"https:\\\/\\\/cchim.ca\\\/wp-content\\\/uploads\\\/2020\\\/08\\\/cropped-favicon.webp\",\"contentUrl\":\"https:\\\/\\\/cchim.ca\\\/wp-content\\\/uploads\\\/2020\\\/08\\\/cropped-favicon.webp\",\"width\":512,\"height\":512,\"caption\":\"Canadian College of Health Information Management\"},\"image\":{\"@id\":\"https:\\\/\\\/cchim.ca\\\/#\\\/schema\\\/logo\\\/image\\\/\"},\"description\":\"Canadian College of Health Information Management\",\"email\":\"support@echima.ca\",\"legalName\":\"Canadian College of Health Information Management\",\"foundingDate\":\"1972-09-07\",\"numberOfEmployees\":{\"@type\":\"QuantitativeValue\",\"minValue\":\"11\",\"maxValue\":\"50\"}}]}<\/script>\n<!-- \/ Yoast SEO Premium plugin. -->","yoast_head_json":{"title":"Admissibilit\u00e9 au CCSC et dates - Canadian College of Health Information Management","description":"Admissibilit\u00e9 et dates RCE DU CCCS Conditions d\u2019admissibilit\u00e9 Un candidat doit \u00eatre dipl\u00f4m\u00e9 d\u2019un programme HIM accr\u00e9dit\u00e9 par le Coll\u00e8ge canadien de","robots":{"index":"index","follow":"follow","max-snippet":"max-snippet:-1","max-image-preview":"max-image-preview:large","max-video-preview":"max-video-preview:-1"},"canonical":"https:\/\/cchim.ca\/fr\/certification\/le-cccs\/admissibilite-au-ccsc-et-dates\/","og_locale":"fr_CA","og_type":"article","og_title":"Admissibilit\u00e9 au CCSC et dates","og_description":"Admissibilit\u00e9 et dates RCE DU CCCS Conditions d\u2019admissibilit\u00e9 Un candidat doit \u00eatre dipl\u00f4m\u00e9 d\u2019un programme HIM accr\u00e9dit\u00e9 par le Coll\u00e8ge canadien de","og_url":"https:\/\/cchim.ca\/fr\/certification\/le-cccs\/admissibilite-au-ccsc-et-dates\/","og_site_name":"Canadian College of Health Information Management","article_modified_time":"2026-01-21T22:54:45+00:00","twitter_card":"summary_large_image","twitter_misc":{"Estimation du temps de lecture":"2 minutes"},"schema":{"@context":"https:\/\/schema.org","@graph":[{"@type":"WebPage","@id":"https:\/\/cchim.ca\/fr\/certification\/le-cccs\/admissibilite-au-ccsc-et-dates\/","url":"https:\/\/cchim.ca\/fr\/certification\/le-cccs\/admissibilite-au-ccsc-et-dates\/","name":"Admissibilit\u00e9 au CCSC et dates - Canadian College of Health Information Management","isPartOf":{"@id":"https:\/\/cchim.ca\/#website"},"datePublished":"2020-09-22T17:37:20+00:00","dateModified":"2026-01-21T22:54:45+00:00","description":"Admissibilit\u00e9 et dates RCE DU CCCS Conditions d\u2019admissibilit\u00e9 Un candidat doit \u00eatre dipl\u00f4m\u00e9 d\u2019un programme HIM accr\u00e9dit\u00e9 par le Coll\u00e8ge canadien de","breadcrumb":{"@id":"https:\/\/cchim.ca\/fr\/certification\/le-cccs\/admissibilite-au-ccsc-et-dates\/#breadcrumb"},"inLanguage":"fr-CA","potentialAction":[{"@type":"ReadAction","target":["https:\/\/cchim.ca\/fr\/certification\/le-cccs\/admissibilite-au-ccsc-et-dates\/"]}]},{"@type":"BreadcrumbList","@id":"https:\/\/cchim.ca\/fr\/certification\/le-cccs\/admissibilite-au-ccsc-et-dates\/#breadcrumb","itemListElement":[{"@type":"ListItem","position":1,"name":"Home","item":"https:\/\/cchim.ca\/fr\/accueil\/"},{"@type":"ListItem","position":2,"name":"La certification","item":"https:\/\/cchim.ca\/fr\/certification\/"},{"@type":"ListItem","position":3,"name":"LE CCCS","item":"https:\/\/cchim.ca\/fr\/certification\/le-cccs\/"},{"@type":"ListItem","position":4,"name":"Admissibilit\u00e9 au CCSC et dates"}]},{"@type":"WebSite","@id":"https:\/\/cchim.ca\/#website","url":"https:\/\/cchim.ca\/","name":"Canadian College of Health Information Management","description":"Accrediting academic institutions and certifying health information professionals","publisher":{"@id":"https:\/\/cchim.ca\/#organization"},"alternateName":"CCHIM","potentialAction":[{"@type":"SearchAction","target":{"@type":"EntryPoint","urlTemplate":"https:\/\/cchim.ca\/?s={search_term_string}"},"query-input":{"@type":"PropertyValueSpecification","valueRequired":true,"valueName":"search_term_string"}}],"inLanguage":"fr-CA"},{"@type":"Organization","@id":"https:\/\/cchim.ca\/#organization","name":"Canadian College of Health Information Management","alternateName":"CCHIM","url":"https:\/\/cchim.ca\/","logo":{"@type":"ImageObject","inLanguage":"fr-CA","@id":"https:\/\/cchim.ca\/#\/schema\/logo\/image\/","url":"https:\/\/cchim.ca\/wp-content\/uploads\/2020\/08\/cropped-favicon.webp","contentUrl":"https:\/\/cchim.ca\/wp-content\/uploads\/2020\/08\/cropped-favicon.webp","width":512,"height":512,"caption":"Canadian College of Health Information Management"},"image":{"@id":"https:\/\/cchim.ca\/#\/schema\/logo\/image\/"},"description":"Canadian College of Health Information Management","email":"support@echima.ca","legalName":"Canadian College of Health Information Management","foundingDate":"1972-09-07","numberOfEmployees":{"@type":"QuantitativeValue","minValue":"11","maxValue":"50"}}]}},"_links":{"self":[{"href":"https:\/\/cchim.ca\/fr\/wp-json\/wp\/v2\/pages\/885654","targetHints":{"allow":["GET"]}}],"collection":[{"href":"https:\/\/cchim.ca\/fr\/wp-json\/wp\/v2\/pages"}],"about":[{"href":"https:\/\/cchim.ca\/fr\/wp-json\/wp\/v2\/types\/page"}],"author":[{"embeddable":true,"href":"https:\/\/cchim.ca\/fr\/wp-json\/wp\/v2\/users\/8"}],"replies":[{"embeddable":true,"href":"https:\/\/cchim.ca\/fr\/wp-json\/wp\/v2\/comments?post=885654"}],"version-history":[{"count":0,"href":"https:\/\/cchim.ca\/fr\/wp-json\/wp\/v2\/pages\/885654\/revisions"}],"up":[{"embeddable":true,"href":"https:\/\/cchim.ca\/fr\/wp-json\/wp\/v2\/pages\/885649"}],"wp:attachment":[{"href":"https:\/\/cchim.ca\/fr\/wp-json\/wp\/v2\/media?parent=885654"}],"curies":[{"name":"wp","href":"https:\/\/api.w.org\/{rel}","templated":true}]}}