{"id":885653,"date":"2020-09-22T14:10:30","date_gmt":"2020-09-22T18:10:30","guid":{"rendered":"https:\/\/cchim.ca\/certification\/le-ccdis\/foire-aux-questions-du-ccdis\/"},"modified":"2020-09-22T14:10:30","modified_gmt":"2020-09-22T18:10:30","slug":"foire-aux-questions-du-ccdis","status":"publish","type":"page","link":"https:\/\/cchim.ca\/fr\/certification\/le-ccdis\/foire-aux-questions-du-ccdis\/","title":{"rendered":"Foire aux questions du CCDIS"},"content":{"rendered":"\n<h1 class=\"wp-block-heading\"><span class=\"is-style-slug\">RCE du CCDIS<\/span>Foire aux questions<\/h1>\n\n\n\n<div class=\"wp-block-pb-accordion-item c-accordion__item js-accordion-item no-js\" data-initially-open=\"false\" data-click-to-close=\"true\" data-auto-close=\"true\" data-scroll=\"false\" data-scroll-offset=\"0\"><h2 id=\"at-61420\" class=\"c-accordion__title js-accordion-controller\" role=\"button\">Quels sont les moteurs de l\u2019am\u00e9lioration de la documentation clinique&nbsp;?<\/h2><div id=\"ac-61420\" class=\"c-accordion__content\">\n<p>L\u2019ICD consiste \u00e0 effectuer des examens des dossiers de sant\u00e9 pour d\u00e9cel\u00e9riser des documents contradictoires, incomplets et\/ou non sp\u00e9cifiques du fournisseur li\u00e9s aux diagnostics et aux interventions.\nLes objectifs g\u00e9n\u00e9raux d\u2019un programme d\u2019IDC sont multiformes et se rapportent \u00e0 tous les domaines que le graphique prend en charge, y compris : &nbsp;<\/p>\n\n\n\n<ul class=\"wp-block-list\"><li>Mentions l\u00e9gales&nbsp;<\/li><li>Clinique&nbsp;<\/li><li>Continuit\u00e9 des soins&nbsp;<\/li><li>Recherche&nbsp;<\/li><li>L\u2019\u00e9ducation&nbsp;<\/li><li>Utilisation : utilisation des ressources, base de financement, charge de travail, volume de cas, planification, recherche et \u00e9ducation<\/li><\/ul>\n<\/div><\/div>\n\n\n\n<div class=\"wp-block-pb-accordion-item c-accordion__item js-accordion-item no-js\" data-initially-open=\"false\" data-click-to-close=\"true\" data-auto-close=\"true\" data-scroll=\"false\" data-scroll-offset=\"0\"><h2 id=\"at-47742\" class=\"c-accordion__title js-accordion-controller\" role=\"button\">Qui devrait obtenir la certification en am\u00e9lioration de la documentation clinique&nbsp;?<\/h2><div id=\"ac-47742\" class=\"c-accordion__content\">\n<p>La d\u00e9signation d\u2019am\u00e9lioration de la documentation clinique s\u2019adresse aux professionnels de la sant\u00e9 qui ont une solide exp\u00e9rience clinique et qui sont passionn\u00e9s par la capture d\u2019une image compl\u00e8te de l\u2019exp\u00e9rience des soins aux patients.\nLes infirmi\u00e8res et les professionnels him qui travaillent actuellement dans des r\u00f4les d\u2019am\u00e9lioration de la documentation clinique, ou ceux qui s\u2019int\u00e9ressent \u00e0 ces r\u00f4les, b\u00e9n\u00e9ficieraient de l\u2019obtention de cette d\u00e9signation et seraient reconnus par les employeurs potentiels et actuels comme des professionnels qualifi\u00e9s et comp\u00e9tents dans le domaine de l\u2019am\u00e9lioration de la documentation clinique. <\/p>\n<\/div><\/div>\n\n\n\n<div class=\"wp-block-pb-accordion-item c-accordion__item js-accordion-item no-js\" data-initially-open=\"false\" data-click-to-close=\"true\" data-auto-close=\"true\" data-scroll=\"false\" data-scroll-offset=\"0\"><h2 id=\"at-58667\" class=\"c-accordion__title js-accordion-controller\" role=\"button\">Quelles sont les possibilit\u00e9s d\u2019emploi dans l\u2019am\u00e9lioration de la documentation clinique&nbsp;?<\/h2><div id=\"ac-58667\" class=\"c-accordion__content\">\n<p>Les r\u00f4les d\u2019am\u00e9lioration de la documentation clinique ont pris de l\u2019importance, car de nombreuses organisations ont r\u00e9alis\u00e9 que les donn\u00e9es sur la sant\u00e9 sont tout aussi importantes que les donn\u00e9es financi\u00e8res.\nL\u2019importance de donn\u00e9es pertinentes et exactes dans les soins de sant\u00e9 refl\u00e8te l\u2019importance accrue des r\u00f4les d\u2019am\u00e9lioration de la documentation clinique.\nDivers r\u00f4les de CDI peuvent \u00eatre disponibles dans les \u00e9tablissements de soins de sant\u00e9, les fournisseurs et les \u00e9tablissements d\u2019enseignement qui offrent un programme CDI, y compris le sp\u00e9cialiste des soins infirmiers cliniques et le sp\u00e9cialiste de l\u2019am\u00e9lioration de la documentation clinique.  <\/p>\n<\/div><\/div>\n\n\n\n<div class=\"wp-block-pb-accordion-item c-accordion__item js-accordion-item no-js\" data-initially-open=\"false\" data-click-to-close=\"true\" data-auto-close=\"true\" data-scroll=\"false\" data-scroll-offset=\"0\"><h2 id=\"at-62910\" class=\"c-accordion__title js-accordion-controller\" role=\"button\">Qui emploie des sp\u00e9cialistes certifi\u00e9s de l\u2019am\u00e9lioration de la documentation clinique&nbsp;?<\/h2><div id=\"ac-62910\" class=\"c-accordion__content\">\n<p>Des sp\u00e9cialistes certifi\u00e9s de l\u2019am\u00e9lioration de la documentation clinique peuvent \u00eatre employ\u00e9s par des \u00e9tablissements d\u2019enseignement enseignant CDI, des minist\u00e8res \/ agences \/ d\u00e9partements de la sant\u00e9, des h\u00f4pitaux, des fournisseurs dans l\u2019espace CDI, et plus encore.&nbsp;<\/p>\n<\/div><\/div>\n","protected":false},"excerpt":{"rendered":"<p>RCE du CCDISFoire aux questions<\/p>\n","protected":false},"author":8,"featured_media":0,"parent":885593,"menu_order":0,"comment_status":"closed","ping_status":"closed","template":"","meta":{"footnotes":""},"class_list":["post-885653","page","type-page","status-publish","hentry"],"yoast_head":"<!-- This site is optimized with the Yoast SEO Premium plugin v26.2 (Yoast SEO v27.3) - https:\/\/yoast.com\/product\/yoast-seo-premium-wordpress\/ -->\n<title>Foire aux questions du CCDIS - Canadian College of Health Information Management<\/title>\n<meta name=\"description\" content=\"RCE du CCDISFoire aux questions Quels sont les moteurs de l\u2019am\u00e9lioration de la documentation clinique&nbsp;? L\u2019ICD consiste \u00e0 effectuer des examens des\" \/>\n<meta name=\"robots\" content=\"index, follow, max-snippet:-1, max-image-preview:large, max-video-preview:-1\" \/>\n<link rel=\"canonical\" href=\"https:\/\/cchim.ca\/fr\/certification\/le-ccdis\/foire-aux-questions-du-ccdis\/\" \/>\n<meta property=\"og:locale\" content=\"fr_CA\" \/>\n<meta property=\"og:type\" content=\"article\" \/>\n<meta property=\"og:title\" content=\"Foire aux questions du CCDIS\" \/>\n<meta property=\"og:description\" content=\"RCE du CCDISFoire aux questions Quels sont les moteurs de l\u2019am\u00e9lioration de la documentation clinique&nbsp;? L\u2019ICD consiste \u00e0 effectuer des examens des\" \/>\n<meta property=\"og:url\" content=\"https:\/\/cchim.ca\/fr\/certification\/le-ccdis\/foire-aux-questions-du-ccdis\/\" \/>\n<meta property=\"og:site_name\" content=\"Canadian College of Health Information Management\" \/>\n<meta name=\"twitter:card\" content=\"summary_large_image\" \/>\n<meta name=\"twitter:label1\" content=\"Estimation du temps de lecture\" \/>\n\t<meta name=\"twitter:data1\" content=\"2 minutes\" \/>\n<script type=\"application\/ld+json\" class=\"yoast-schema-graph\">{\"@context\":\"https:\\\/\\\/schema.org\",\"@graph\":[{\"@type\":\"WebPage\",\"@id\":\"https:\\\/\\\/cchim.ca\\\/fr\\\/certification\\\/le-ccdis\\\/foire-aux-questions-du-ccdis\\\/\",\"url\":\"https:\\\/\\\/cchim.ca\\\/fr\\\/certification\\\/le-ccdis\\\/foire-aux-questions-du-ccdis\\\/\",\"name\":\"Foire aux questions du CCDIS - Canadian College of Health Information Management\",\"isPartOf\":{\"@id\":\"https:\\\/\\\/cchim.ca\\\/#website\"},\"datePublished\":\"2020-09-22T18:10:30+00:00\",\"description\":\"RCE du CCDISFoire aux questions Quels sont les moteurs de l\u2019am\u00e9lioration de la documentation clinique&nbsp;? L\u2019ICD consiste \u00e0 effectuer des examens des\",\"breadcrumb\":{\"@id\":\"https:\\\/\\\/cchim.ca\\\/fr\\\/certification\\\/le-ccdis\\\/foire-aux-questions-du-ccdis\\\/#breadcrumb\"},\"inLanguage\":\"fr-CA\",\"potentialAction\":[{\"@type\":\"ReadAction\",\"target\":[\"https:\\\/\\\/cchim.ca\\\/fr\\\/certification\\\/le-ccdis\\\/foire-aux-questions-du-ccdis\\\/\"]}]},{\"@type\":\"BreadcrumbList\",\"@id\":\"https:\\\/\\\/cchim.ca\\\/fr\\\/certification\\\/le-ccdis\\\/foire-aux-questions-du-ccdis\\\/#breadcrumb\",\"itemListElement\":[{\"@type\":\"ListItem\",\"position\":1,\"name\":\"Home\",\"item\":\"https:\\\/\\\/cchim.ca\\\/\"},{\"@type\":\"ListItem\",\"position\":2,\"name\":\"La certification\",\"item\":\"https:\\\/\\\/cchim.ca\\\/fr\\\/certification\\\/\"},{\"@type\":\"ListItem\",\"position\":3,\"name\":\"L\u2019ICCDIS\",\"item\":\"https:\\\/\\\/cchim.ca\\\/fr\\\/certification\\\/le-ccdis\\\/\"},{\"@type\":\"ListItem\",\"position\":4,\"name\":\"Foire aux questions du CCDIS\"}]},{\"@type\":\"WebSite\",\"@id\":\"https:\\\/\\\/cchim.ca\\\/#website\",\"url\":\"https:\\\/\\\/cchim.ca\\\/\",\"name\":\"Canadian College of Health Information Management\",\"description\":\"Accrediting academic institutions and certifying health information professionals\",\"publisher\":{\"@id\":\"https:\\\/\\\/cchim.ca\\\/#organization\"},\"alternateName\":\"CCHIM\",\"potentialAction\":[{\"@type\":\"SearchAction\",\"target\":{\"@type\":\"EntryPoint\",\"urlTemplate\":\"https:\\\/\\\/cchim.ca\\\/?s={search_term_string}\"},\"query-input\":{\"@type\":\"PropertyValueSpecification\",\"valueRequired\":true,\"valueName\":\"search_term_string\"}}],\"inLanguage\":\"fr-CA\"},{\"@type\":\"Organization\",\"@id\":\"https:\\\/\\\/cchim.ca\\\/#organization\",\"name\":\"Canadian College of Health Information Management\",\"alternateName\":\"CCHIM\",\"url\":\"https:\\\/\\\/cchim.ca\\\/\",\"logo\":{\"@type\":\"ImageObject\",\"inLanguage\":\"fr-CA\",\"@id\":\"https:\\\/\\\/cchim.ca\\\/#\\\/schema\\\/logo\\\/image\\\/\",\"url\":\"https:\\\/\\\/cchim.ca\\\/wp-content\\\/uploads\\\/2020\\\/08\\\/cropped-favicon.webp\",\"contentUrl\":\"https:\\\/\\\/cchim.ca\\\/wp-content\\\/uploads\\\/2020\\\/08\\\/cropped-favicon.webp\",\"width\":512,\"height\":512,\"caption\":\"Canadian College of Health Information Management\"},\"image\":{\"@id\":\"https:\\\/\\\/cchim.ca\\\/#\\\/schema\\\/logo\\\/image\\\/\"},\"description\":\"Canadian College of Health Information Management\",\"email\":\"support@echima.ca\",\"legalName\":\"Canadian College of Health Information Management\",\"foundingDate\":\"1972-09-07\",\"numberOfEmployees\":{\"@type\":\"QuantitativeValue\",\"minValue\":\"11\",\"maxValue\":\"50\"}}]}<\/script>\n<!-- \/ Yoast SEO Premium plugin. -->","yoast_head_json":{"title":"Foire aux questions du CCDIS - Canadian College of Health Information Management","description":"RCE du CCDISFoire aux questions Quels sont les moteurs de l\u2019am\u00e9lioration de la documentation clinique&nbsp;? L\u2019ICD consiste \u00e0 effectuer des examens des","robots":{"index":"index","follow":"follow","max-snippet":"max-snippet:-1","max-image-preview":"max-image-preview:large","max-video-preview":"max-video-preview:-1"},"canonical":"https:\/\/cchim.ca\/fr\/certification\/le-ccdis\/foire-aux-questions-du-ccdis\/","og_locale":"fr_CA","og_type":"article","og_title":"Foire aux questions du CCDIS","og_description":"RCE du CCDISFoire aux questions Quels sont les moteurs de l\u2019am\u00e9lioration de la documentation clinique&nbsp;? L\u2019ICD consiste \u00e0 effectuer des examens des","og_url":"https:\/\/cchim.ca\/fr\/certification\/le-ccdis\/foire-aux-questions-du-ccdis\/","og_site_name":"Canadian College of Health Information Management","twitter_card":"summary_large_image","twitter_misc":{"Estimation du temps de lecture":"2 minutes"},"schema":{"@context":"https:\/\/schema.org","@graph":[{"@type":"WebPage","@id":"https:\/\/cchim.ca\/fr\/certification\/le-ccdis\/foire-aux-questions-du-ccdis\/","url":"https:\/\/cchim.ca\/fr\/certification\/le-ccdis\/foire-aux-questions-du-ccdis\/","name":"Foire aux questions du CCDIS - Canadian College of Health Information Management","isPartOf":{"@id":"https:\/\/cchim.ca\/#website"},"datePublished":"2020-09-22T18:10:30+00:00","description":"RCE du CCDISFoire aux questions Quels sont les moteurs de l\u2019am\u00e9lioration de la documentation clinique&nbsp;? L\u2019ICD consiste \u00e0 effectuer des examens des","breadcrumb":{"@id":"https:\/\/cchim.ca\/fr\/certification\/le-ccdis\/foire-aux-questions-du-ccdis\/#breadcrumb"},"inLanguage":"fr-CA","potentialAction":[{"@type":"ReadAction","target":["https:\/\/cchim.ca\/fr\/certification\/le-ccdis\/foire-aux-questions-du-ccdis\/"]}]},{"@type":"BreadcrumbList","@id":"https:\/\/cchim.ca\/fr\/certification\/le-ccdis\/foire-aux-questions-du-ccdis\/#breadcrumb","itemListElement":[{"@type":"ListItem","position":1,"name":"Home","item":"https:\/\/cchim.ca\/"},{"@type":"ListItem","position":2,"name":"La certification","item":"https:\/\/cchim.ca\/fr\/certification\/"},{"@type":"ListItem","position":3,"name":"L\u2019ICCDIS","item":"https:\/\/cchim.ca\/fr\/certification\/le-ccdis\/"},{"@type":"ListItem","position":4,"name":"Foire aux questions du CCDIS"}]},{"@type":"WebSite","@id":"https:\/\/cchim.ca\/#website","url":"https:\/\/cchim.ca\/","name":"Canadian College of Health Information Management","description":"Accrediting academic institutions and certifying health information professionals","publisher":{"@id":"https:\/\/cchim.ca\/#organization"},"alternateName":"CCHIM","potentialAction":[{"@type":"SearchAction","target":{"@type":"EntryPoint","urlTemplate":"https:\/\/cchim.ca\/?s={search_term_string}"},"query-input":{"@type":"PropertyValueSpecification","valueRequired":true,"valueName":"search_term_string"}}],"inLanguage":"fr-CA"},{"@type":"Organization","@id":"https:\/\/cchim.ca\/#organization","name":"Canadian College of Health Information Management","alternateName":"CCHIM","url":"https:\/\/cchim.ca\/","logo":{"@type":"ImageObject","inLanguage":"fr-CA","@id":"https:\/\/cchim.ca\/#\/schema\/logo\/image\/","url":"https:\/\/cchim.ca\/wp-content\/uploads\/2020\/08\/cropped-favicon.webp","contentUrl":"https:\/\/cchim.ca\/wp-content\/uploads\/2020\/08\/cropped-favicon.webp","width":512,"height":512,"caption":"Canadian College of Health Information Management"},"image":{"@id":"https:\/\/cchim.ca\/#\/schema\/logo\/image\/"},"description":"Canadian College of Health Information Management","email":"support@echima.ca","legalName":"Canadian College of Health Information Management","foundingDate":"1972-09-07","numberOfEmployees":{"@type":"QuantitativeValue","minValue":"11","maxValue":"50"}}]}},"_links":{"self":[{"href":"https:\/\/cchim.ca\/fr\/wp-json\/wp\/v2\/pages\/885653","targetHints":{"allow":["GET"]}}],"collection":[{"href":"https:\/\/cchim.ca\/fr\/wp-json\/wp\/v2\/pages"}],"about":[{"href":"https:\/\/cchim.ca\/fr\/wp-json\/wp\/v2\/types\/page"}],"author":[{"embeddable":true,"href":"https:\/\/cchim.ca\/fr\/wp-json\/wp\/v2\/users\/8"}],"replies":[{"embeddable":true,"href":"https:\/\/cchim.ca\/fr\/wp-json\/wp\/v2\/comments?post=885653"}],"version-history":[{"count":0,"href":"https:\/\/cchim.ca\/fr\/wp-json\/wp\/v2\/pages\/885653\/revisions"}],"up":[{"embeddable":true,"href":"https:\/\/cchim.ca\/fr\/wp-json\/wp\/v2\/pages\/885593"}],"wp:attachment":[{"href":"https:\/\/cchim.ca\/fr\/wp-json\/wp\/v2\/media?parent=885653"}],"curies":[{"name":"wp","href":"https:\/\/api.w.org\/{rel}","templated":true}]}}