{"id":885651,"date":"2021-04-13T16:54:24","date_gmt":"2021-04-13T20:54:24","guid":{"rendered":"https:\/\/cchim.ca\/certification\/le-ccdis\/guide-du-ccdis-sur-les-rce\/"},"modified":"2024-11-01T10:19:38","modified_gmt":"2024-11-01T14:19:38","slug":"guide-du-ccdis-sur-les-rce","status":"publish","type":"page","link":"https:\/\/cchim.ca\/fr\/certification\/le-ccdis\/guide-du-ccdis-sur-les-rce\/","title":{"rendered":"Guide des RCE du CCDIS"},"content":{"rendered":"\n<h1 class=\"wp-block-heading\">Guide des RCE du CCDIS<\/h1>\n\n<p>Le Coll\u00e8ge canadien de gestion de l\u2019information sur la sant\u00e9 est l\u2019organisme de certification pour les examens de certification nationaux d\u2019information sur la sant\u00e9 au Canada.\nL\u2019ACIDS, l\u2019association canadienne de gestion de l\u2019information sur la sant\u00e9, est l\u2019h\u00f4te de l\u2019examen et est responsable de la prestation d\u2019un service de surveillance en ligne \u00e0 tous les candidats. <\/p>\n\n<p>Veuillez lire ce guide d\u2019examen national de certification (RCE) du sp\u00e9cialiste certifi\u00e9 en am\u00e9lioration de la documentation clinique (CCDIS) dans son int\u00e9gralit\u00e9 avant de postuler.  <\/p>\n\n<h2 class=\"wp-block-heading\" id=\"section-1-about-the-ccdis-nce\">Section 1 : \u00c0 propos des RCE-CCDIS<\/h2>\n\n<p>Les RCE du CCDIS se composent de 75 questions randomis\u00e9es \u00e0 choix multiples et d\u2019une dur\u00e9e de 120 minutes.\nChaque question correcte \u00e0 choix multiples vaut une note.   <\/p>\n\n<p>Une note de passage est bas\u00e9e sur l\u2019exigence suivante\u00a0:<\/p>\n\n<ul class=\"wp-block-list\">\n<li>Une note globale de 80 % ou plus<\/li>\n<\/ul>\n\n<p>L\u2019examen couvre cinq domaines de pratique :<\/p>\n\n<figure class=\"wp-block-table is-style-stripes\"><table><thead><tr><th>Domaine de pratique<\/th><\/tr><\/thead><tbody><tr><td>Anatomie et physiologie, pathologie clinique et pharmacologie<\/td><\/tr><tr><td>Comp\u00e9tences en codage clinique<\/td><\/tr><tr><td>Am\u00e9lioration de la documentation<\/td><\/tr><tr><td>Comp\u00e9tences en leadership, en communication et en \u00e9ducation<\/td><\/tr><tr><td>Mesures et analyse du programme de l\u2019IDC<\/td><\/tr><\/tbody><\/table><\/figure>\n\n<p><strong>R\u00e9examen<\/strong><\/p>\n\n<p>Un candidat qui n\u2019est pas r\u00e9ussi \u00e0 r\u00e9diger les RCE du CCDIS \u00e0 la premi\u00e8re tentative peut passer l\u2019examen deux fois de plus (pour un total de trois fois).\nDes prix r\u00e9guliers s\u2019appliquent pour les tentatives ult\u00e9rieures.\nLe candidat \u00e0 l\u2019examen doit passer l\u2019int\u00e9gralit\u00e9 de l\u2019examen \u00e0 chaque fois.\nSi un candidat a \u00e9chou\u00e9 dans les trois tentatives, un examen plus approfondi sera effectu\u00e9.   <\/p>\n\n<h2 class=\"wp-block-heading\" id=\"section-2-examination-application\">Section 2 : Demande d\u2019examen<\/h2>\n\n<h3 class=\"wp-block-heading\" id=\"quick-links\">Liens rapides  <\/h3>\n\n<p>Veuillez consulter les renseignements suivants avant de pr\u00e9senter une demande de RCE CHIM :<\/p>\n\n<ul class=\"wp-block-list\">\n<li><a href=\"https:\/\/cchim.ca\/certification\/\">About certification with the Canadian College of Health Information Management<\/a><\/li>\n\n\n\n<li><a href=\"https:\/\/cchim.ca\/nce-help-centre\/\">NCE help centre<\/a><\/li>\n\n\n\n<li><a href=\"https:\/\/cchim.ca\/certification\/why-certification-matters\/\">Why certification matters<\/a><\/li>\n\n\n\n<li><a href=\"https:\/\/cchim.ca\/certification\/ccdis\/\">CCDIS certification<\/a><\/li>\n\n\n\n<li><a href=\"https:\/\/cchim.ca\/certification\/national-certification-examinations\/nce-policies\/\">National certification examination policies, rules &amp; regulations<\/a><\/li>\n\n\n\n<li><a href=\"https:\/\/cchim.ca\/about-the-college\/code-of-ethics\/\">Canadian College of Health Information Management code of ethics<\/a><\/li>\n\n\n\n<li><a href=\"https:\/\/cchim.ca\/certification\/ccdis\/ccdis-nce-eligibility-and-dates\/\">CCDIS NCE eligibility and dates<\/a><\/li>\n\n\n\n<li><a href=\"https:\/\/cchim.ca\/certification\/ccdis\/ccdis-nce-frequently-asked-questions\/\">CCDIS NCE frequently asked questions<\/a><\/li>\n<\/ul>\n\n\n\n<h3 class=\"wp-block-heading\" id=\"ensure-chima-membership-is-active\"><strong>S\u2019assurer que l\u2019adh\u00e9sion \u00e0 l\u2019ACIDS est active<\/strong><\/h3>\n\n<p>Une adh\u00e9sion active \u00e0 l\u2019ACIDS est requise pendant le processus de demande et lors de la r\u00e9daction des RCE-CCDIS.  <\/p>\n\n<div class=\"wp-block-buttons is-layout-flex wp-block-buttons-is-layout-flex\">\n<div class=\"wp-block-button\"><a class=\"wp-block-button__link wp-element-button\" href=\"https:\/\/www.echima.ca\/membership\/\" target=\"_blank\" rel=\"noreferrer noopener\">Achetez un abonnement \u00e0 l\u2019ACIDS<\/a><\/div>\n<\/div>\n\n<h3 class=\"wp-block-heading\" id=\"submit-application-and-payment\"><strong>Soumettre la demande et le paiement<\/strong><\/h3>\n\n<p>Pour s\u2019inscrire aux RCE de l\u2019ICCA de l\u2019ICCA, les candidats doivent pr\u00e9senter une demande et fournir un paiement. Le paiement devra \u00eatre re\u00e7u au plus tard \u00e0 la date limite de pr\u00e9sentation des demandes. Pour acc\u00e9der \u00e0 la demande de certification nationale du CCDIS, veuillez suivre ces \u00e9tapes :    <\/p>\n\n<ol class=\"wp-block-list\">\n<li>Connectez-vous \u00e0 votre compte ACES, accessible dans le coin sup\u00e9rieur droit de l\u2019\u00e9cran  <\/li>\n\n\n\n<li>Cliquez sur votre nom pour acc\u00e9der \u00e0 votre tableau de bord  <\/li>\n\n\n\n<li>Faites d\u00e9filer vers le bas jusqu\u2019\u00e0 \u00ab Coll\u00e8ge canadien de gestion de l\u2019information sur la sant\u00e9 \u00bb et s\u00e9lectionnez \u00ab G\u00e9rer \u00bb  <\/li>\n\n\n\n<li>Acc\u00e9dez \u00e0 \u00ab\u00a0Demandes de certification nationales\u00a0\u00bb et cliquez sur En savoir plus  <\/li>\n\n\n\n<li>Acc\u00e9dez \u00e0 \u00ab CCDIS \u00bb et s\u00e9lectionnez \u00ab Appliquer ici \u00bb  <\/li>\n<\/ol>\n\n<p>Il incombe aux candidats d\u2019examiner tous les renseignements pour s\u2019assurer qu\u2019ils sont exacts dans la demande et dans le profil des membres de l\u2019ACIDS.  <\/p>\n\n<h3 class=\"wp-block-heading\" id=\"documentation-requirement\"><strong>Exigence en mati\u00e8re de documentation<\/strong><\/h3>\n\n<p>Les documents doivent \u00eatre re\u00e7us au plus tard \u00e0 la date limite de pr\u00e9sentation des demandes. L\u2019ACIDS n\u2019est pas en mesure de demander les documents d\u2019un candidat \u00e0 une institution, car ils contiennent des renseignements personnels. Il est sugg\u00e9r\u00e9 que les candidats confirment la politique de leur programme pour soumettre de la documentation \u00e0 l\u2019ACIDS. Les candidats <strong>ne seront pas<\/strong> avis\u00e9s de la r\u00e9ception de leurs documents.     <\/p>\n\n<p><em>Il s\u2019agit d\u2019une soumission unique au Coll\u00e8ge canadien de gestion de l\u2019information sur la sant\u00e9.<\/em><\/p>\n\n<figure class=\"wp-block-table is-style-stripes\"><table><thead><tr><th>Parcours d\u2019admissibilit\u00e9<\/th><th>Documentation requise<\/th><\/tr><\/thead><tbody><tr><td>Dipl\u00f4m\u00e9 d\u2019un programme de sp\u00e9cialit\u00e9 CDI agr\u00e9\u00e9 par le Coll\u00e8ge<\/td><td>Transcription<br\/>Veuillez soumettre la documentation \u00e0 <a href=\"mailto:exam@echima.ca\">exam@echima.ca<\/a><\/td><\/tr><\/tbody><\/table><\/figure>\n\n<p>Pour la soumission des relev\u00e9s de notes, choisissez l\u2019une des m\u00e9thodes suivantes (veuillez noter que les relev\u00e9s de notes \u00e9lectroniques sont pr\u00e9f\u00e9rables) :  <\/p>\n\n<div class=\"o-row\">\n<div class=\"o-col u-6of12-md\">\n<div class=\"wp-block-pb-card\"><div class=\"wp-block-pb-card__content\">\n<h4 class=\"wp-block-heading\">\u00c9lectronique<\/h4>\n\n\n\n<p>Les relev\u00e9s de notes \u00e9lectroniques ne sont accept\u00e9s que lorsqu\u2019ils sont re\u00e7us directement d\u2019un \u00e9tablissement.\nIls doivent \u00eatre num\u00e9ris\u00e9s individuellement au format PDF, enregistr\u00e9s en tant que \u00ab\u00a0lastname_firstname_institution\u00a0\u00bb et envoy\u00e9s par e-mail \u00e0 <a href=\"\">exam@echima.ca<\/a>.   <\/p>\n\n\n\n<div style=\"height:96px\" aria-hidden=\"true\" class=\"wp-block-spacer\"><\/div>\n<\/div><\/div>\n<\/div>\n\n\n\n<div class=\"o-col u-6of12-md\">\n<div class=\"wp-block-pb-card is-style-light-pattern\"><div class=\"wp-block-pb-card__content\">\n<h4 class=\"wp-block-heading\">Envoi par la poste  <\/h4>\n\n\n\n<p>Un \u00e9tablissement et un candidat \u00e0 l\u2019examen peuvent tous deux envoyer par la poste une copie originale scell\u00e9e \u00e0 l\u2019adresse suivante :<\/p>\n\n\n\n<p>CHIM\u00c8RE<br\/><em>\u00c0 l\u2019ins\u00a0: Examens <br\/><\/em>301-50, rue Ottawa Sud<br\/>Kitchener (Ontario)<br\/>N2G 3S7<\/p>\n<\/div><\/div>\n<\/div>\n<\/div>\n\n<h2 class=\"wp-block-heading\" id=\"section-3-preparing-for-the-examination\">Section 3 : Pr\u00e9paration \u00e0 l\u2019examen<\/h2>\n\n<h3 class=\"wp-block-heading\" id=\"studying\">Etudier<\/h3>\n\n<p>Les ressources suivantes peuvent aider \u00e0 pr\u00e9parer les candidats \u00e0 r\u00e9diger les RCE du CISSC :<\/p>\n\n<div class=\"wp-block-buttons is-layout-flex wp-block-buttons-is-layout-flex\">\n<div class=\"wp-block-button\"><a class=\"wp-block-button__link wp-element-button\" href=\"https:\/\/www.echima.ca\/product\/ccdis-nce-primer\/\">Amorce des RCE du CCDIS<\/a><\/div>\n\n\n\n<div class=\"wp-block-button\"><a class=\"wp-block-button__link wp-element-button\" href=\"https:\/\/cchim.ca\/nce-help-centre\/\">Centre d\u2019aide des RCE<\/a><\/div>\n<\/div>\n\n<h3 class=\"wp-block-heading\" id=\"meeting-technology-requirements\">R\u00e9pondre aux exigences technologiques  <\/h3>\n\n<div class=\"wp-block-buttons is-layout-flex wp-block-buttons-is-layout-flex\">\n<div class=\"wp-block-button\"><a class=\"wp-block-button__link wp-element-button\" href=\"https:\/\/www.echima.ca\/nce-online-proctoring-guidelines\/\">Lignes directrices sur la surveillance en ligne des RCE<\/a><\/div>\n<\/div>\n\n<h2 class=\"wp-block-heading\" id=\"section-4-writing-the-examination\">Section 4 : Passer l\u2019examen<\/h2>\n\n<p><strong>R\u00e9servation d\u2019une date et d\u2019une heure d\u2019examen<\/strong> <\/p>\n\n<p>Les candidats \u00e0 l\u2019examen recevront un courriel de l\u2019ACIDS pour fixer une date et une heure d\u2019examen.\nLes plages horaires seront bas\u00e9es sur la disponibilit\u00e9 pendant les heures normales d\u2019ouverture de l\u2019Est (du lundi au vendredi, \u00e0 l\u2019exception des jours f\u00e9ri\u00e9s). <strong>Ce courriel est envoy\u00e9 \u00e0 tous les candidats avant la date limite de pr\u00e9sentation des demandes.<\/strong>* <\/p>\n\n<p>Une fois que les candidats ont r\u00e9serv\u00e9 leur cr\u00e9neau horaire, un courriel sera envoy\u00e9 avec des d\u00e9tails et des rappels suppl\u00e9mentaires lors de la pr\u00e9paration de la journ\u00e9e d\u2019examen.\nS\u2019il vous pla\u00eet v\u00e9rifier les dossiers de spam \/ ind\u00e9sirable pour cet e-mail. <\/p>\n\n<p>* Parfois, le Coll\u00e8ge pouvait fonctionner en dehors de ces accords de niveau de service en raison de circonstances att\u00e9nuantes.  <\/p>\n\n<h3 class=\"wp-block-heading\" id=\"what-to-bring\">Ce qu\u2019il faut apporter<\/h3>\n\n<div class=\"wp-block-pb-card is-style-light-pattern\"><div class=\"wp-block-pb-card__content\">\n<h3 class=\"wp-block-heading\" id=\"paper\"><strong>REMARQUE IMPORTANTE :<\/strong><\/h3>\n\n\n\n<p>Il n\u2019est plus permis d\u2019apporter un morceau de papier et un outil d\u2019\u00e9criture (p. ex., un stylo ou un crayon). Les candidats pourront utiliser la fonction de bloc-notes int\u00e9gr\u00e9 lors de la r\u00e9daction de l\u2019examen. Cette fonction permettra aux r\u00e9dacteurs de r\u00e9pondre aux questions directement dans la plateforme des RCE.  <\/p>\n<\/div><\/div>\n\n<h2 class=\"wp-block-heading\" id=\"section-5-receiving-results\">Section 5 : R\u00e9ception des r\u00e9sultats<\/h2>\n\n<p>Les candidats pourront voir leurs notes en se connectant \u00e0 leur tableau de bord DE L\u2019ACIDS.\nVeuillez s\u00e9lectionner \u00ab\u00a0Examens nationaux de certification\u00a0\u00bb et acc\u00e9der \u00e0 \u00ab\u00a0Historique des examens\u00a0\u00bb.\nLes notes sont affich\u00e9es environ 20 jours ouvrables* apr\u00e8s la fin de la p\u00e9riode d\u2019examen.\nLes candidats qui ont r\u00e9ussi recevront un certificat officiel du Coll\u00e8ge canadien de gestion de l\u2019information sur la sant\u00e9 et une lettre de bienvenue par la poste dans les 45 jours ouvrables*.   <\/p>\n\n<p>* Parfois, le Coll\u00e8ge pouvait fonctionner en dehors de ces accords de niveau de service en raison de circonstances att\u00e9nuantes.  <\/p>\n\n<p>Pour ceux qui r\u00e9ussissent, <a href=\"https:\/\/www.echima.ca\/my-account\/subscriptions-overview\/\" target=\"_blank\" rel=\"noreferrer noopener\">cliquez ici<\/a> pour voir quand vous \u00eates tenu de payer vos cotisations d\u2019adh\u00e9sion \u00e0 venir avec l\u2019ACIDS. <br\/>Pour ceux qui ne r\u00e9ussissent pas, votre adh\u00e9sion actuelle \u00e0 l\u2019ACIDS restera la m\u00eame.  <\/p>\n\n<hr class=\"wp-block-separator has-css-opacity\"\/>\n\n<p>Derni\u00e8re mise \u00e0 jour 2022-04-07<\/p>\n","protected":false},"excerpt":{"rendered":"<p>Guide des RCE du CCDIS Le Coll\u00e8ge canadien de gestion de l\u2019information sur la sant\u00e9 est l\u2019organisme de certification pour les examens de certification nationaux d\u2019information sur la sant\u00e9 au Canada. L\u2019ACIDS, l\u2019association canadienne de gestion de l\u2019information sur la sant\u00e9, est l\u2019h\u00f4te de&#8230;<\/p>\n","protected":false},"author":10,"featured_media":0,"parent":885593,"menu_order":0,"comment_status":"closed","ping_status":"closed","template":"","meta":{"footnotes":""},"class_list":["post-885651","page","type-page","status-publish","hentry"],"yoast_head":"<!-- This site is optimized with the Yoast SEO Premium plugin v26.2 (Yoast SEO v27.3) - https:\/\/yoast.com\/product\/yoast-seo-premium-wordpress\/ -->\n<title>Guide des RCE du CCDIS - Canadian College of Health Information Management<\/title>\n<meta name=\"description\" content=\"Guide des RCE du CCDIS Le Coll\u00e8ge canadien de gestion de l\u2019information sur la sant\u00e9 est l\u2019organisme de certification pour les examens de certification\" \/>\n<meta name=\"robots\" content=\"index, follow, max-snippet:-1, max-image-preview:large, max-video-preview:-1\" \/>\n<link rel=\"canonical\" href=\"https:\/\/cchim.ca\/fr\/certification\/le-ccdis\/guide-du-ccdis-sur-les-rce\/\" \/>\n<meta property=\"og:locale\" content=\"fr_CA\" \/>\n<meta property=\"og:type\" content=\"article\" \/>\n<meta property=\"og:title\" content=\"Guide des RCE du CCDIS\" \/>\n<meta property=\"og:description\" content=\"Guide des RCE du CCDIS Le Coll\u00e8ge canadien de gestion de l\u2019information sur la sant\u00e9 est l\u2019organisme de certification pour les examens de certification\" \/>\n<meta property=\"og:url\" content=\"https:\/\/cchim.ca\/fr\/certification\/le-ccdis\/guide-du-ccdis-sur-les-rce\/\" \/>\n<meta property=\"og:site_name\" content=\"Canadian College of Health Information Management\" \/>\n<meta property=\"article:modified_time\" content=\"2024-11-01T14:19:38+00:00\" \/>\n<meta name=\"twitter:card\" content=\"summary_large_image\" \/>\n<meta name=\"twitter:label1\" content=\"Estimation du temps de lecture\" \/>\n\t<meta name=\"twitter:data1\" content=\"6 minutes\" \/>\n<script type=\"application\/ld+json\" class=\"yoast-schema-graph\">{\"@context\":\"https:\\\/\\\/schema.org\",\"@graph\":[{\"@type\":\"WebPage\",\"@id\":\"https:\\\/\\\/cchim.ca\\\/fr\\\/certification\\\/le-ccdis\\\/guide-du-ccdis-sur-les-rce\\\/\",\"url\":\"https:\\\/\\\/cchim.ca\\\/fr\\\/certification\\\/le-ccdis\\\/guide-du-ccdis-sur-les-rce\\\/\",\"name\":\"Guide des RCE du CCDIS - Canadian College of Health Information Management\",\"isPartOf\":{\"@id\":\"https:\\\/\\\/cchim.ca\\\/#website\"},\"datePublished\":\"2021-04-13T20:54:24+00:00\",\"dateModified\":\"2024-11-01T14:19:38+00:00\",\"description\":\"Guide des RCE du CCDIS Le Coll\u00e8ge canadien de gestion de l\u2019information sur la sant\u00e9 est l\u2019organisme de certification pour les examens de certification\",\"breadcrumb\":{\"@id\":\"https:\\\/\\\/cchim.ca\\\/fr\\\/certification\\\/le-ccdis\\\/guide-du-ccdis-sur-les-rce\\\/#breadcrumb\"},\"inLanguage\":\"fr-CA\",\"potentialAction\":[{\"@type\":\"ReadAction\",\"target\":[\"https:\\\/\\\/cchim.ca\\\/fr\\\/certification\\\/le-ccdis\\\/guide-du-ccdis-sur-les-rce\\\/\"]}]},{\"@type\":\"BreadcrumbList\",\"@id\":\"https:\\\/\\\/cchim.ca\\\/fr\\\/certification\\\/le-ccdis\\\/guide-du-ccdis-sur-les-rce\\\/#breadcrumb\",\"itemListElement\":[{\"@type\":\"ListItem\",\"position\":1,\"name\":\"Home\",\"item\":\"https:\\\/\\\/cchim.ca\\\/fr\\\/accueil\\\/\"},{\"@type\":\"ListItem\",\"position\":2,\"name\":\"La certification\",\"item\":\"https:\\\/\\\/cchim.ca\\\/fr\\\/certification\\\/\"},{\"@type\":\"ListItem\",\"position\":3,\"name\":\"L\u2019ICCDIS\",\"item\":\"https:\\\/\\\/cchim.ca\\\/fr\\\/certification\\\/le-ccdis\\\/\"},{\"@type\":\"ListItem\",\"position\":4,\"name\":\"Guide des RCE du CCDIS\"}]},{\"@type\":\"WebSite\",\"@id\":\"https:\\\/\\\/cchim.ca\\\/#website\",\"url\":\"https:\\\/\\\/cchim.ca\\\/\",\"name\":\"Canadian College of Health Information Management\",\"description\":\"Accrediting academic institutions and certifying health information professionals\",\"publisher\":{\"@id\":\"https:\\\/\\\/cchim.ca\\\/#organization\"},\"alternateName\":\"CCHIM\",\"potentialAction\":[{\"@type\":\"SearchAction\",\"target\":{\"@type\":\"EntryPoint\",\"urlTemplate\":\"https:\\\/\\\/cchim.ca\\\/?s={search_term_string}\"},\"query-input\":{\"@type\":\"PropertyValueSpecification\",\"valueRequired\":true,\"valueName\":\"search_term_string\"}}],\"inLanguage\":\"fr-CA\"},{\"@type\":\"Organization\",\"@id\":\"https:\\\/\\\/cchim.ca\\\/#organization\",\"name\":\"Canadian College of Health Information Management\",\"alternateName\":\"CCHIM\",\"url\":\"https:\\\/\\\/cchim.ca\\\/\",\"logo\":{\"@type\":\"ImageObject\",\"inLanguage\":\"fr-CA\",\"@id\":\"https:\\\/\\\/cchim.ca\\\/#\\\/schema\\\/logo\\\/image\\\/\",\"url\":\"https:\\\/\\\/cchim.ca\\\/wp-content\\\/uploads\\\/2020\\\/08\\\/cropped-favicon.webp\",\"contentUrl\":\"https:\\\/\\\/cchim.ca\\\/wp-content\\\/uploads\\\/2020\\\/08\\\/cropped-favicon.webp\",\"width\":512,\"height\":512,\"caption\":\"Canadian College of Health Information Management\"},\"image\":{\"@id\":\"https:\\\/\\\/cchim.ca\\\/#\\\/schema\\\/logo\\\/image\\\/\"},\"description\":\"Canadian College of Health Information Management\",\"email\":\"support@echima.ca\",\"legalName\":\"Canadian College of Health Information Management\",\"foundingDate\":\"1972-09-07\",\"numberOfEmployees\":{\"@type\":\"QuantitativeValue\",\"minValue\":\"11\",\"maxValue\":\"50\"}}]}<\/script>\n<!-- \/ Yoast SEO Premium plugin. -->","yoast_head_json":{"title":"Guide des RCE du CCDIS - Canadian College of Health Information Management","description":"Guide des RCE du CCDIS Le Coll\u00e8ge canadien de gestion de l\u2019information sur la sant\u00e9 est l\u2019organisme de certification pour les examens de certification","robots":{"index":"index","follow":"follow","max-snippet":"max-snippet:-1","max-image-preview":"max-image-preview:large","max-video-preview":"max-video-preview:-1"},"canonical":"https:\/\/cchim.ca\/fr\/certification\/le-ccdis\/guide-du-ccdis-sur-les-rce\/","og_locale":"fr_CA","og_type":"article","og_title":"Guide des RCE du CCDIS","og_description":"Guide des RCE du CCDIS Le Coll\u00e8ge canadien de gestion de l\u2019information sur la sant\u00e9 est l\u2019organisme de certification pour les examens de certification","og_url":"https:\/\/cchim.ca\/fr\/certification\/le-ccdis\/guide-du-ccdis-sur-les-rce\/","og_site_name":"Canadian College of Health Information Management","article_modified_time":"2024-11-01T14:19:38+00:00","twitter_card":"summary_large_image","twitter_misc":{"Estimation du temps de lecture":"6 minutes"},"schema":{"@context":"https:\/\/schema.org","@graph":[{"@type":"WebPage","@id":"https:\/\/cchim.ca\/fr\/certification\/le-ccdis\/guide-du-ccdis-sur-les-rce\/","url":"https:\/\/cchim.ca\/fr\/certification\/le-ccdis\/guide-du-ccdis-sur-les-rce\/","name":"Guide des RCE du CCDIS - Canadian College of Health Information Management","isPartOf":{"@id":"https:\/\/cchim.ca\/#website"},"datePublished":"2021-04-13T20:54:24+00:00","dateModified":"2024-11-01T14:19:38+00:00","description":"Guide des RCE du CCDIS Le Coll\u00e8ge canadien de gestion de l\u2019information sur la sant\u00e9 est l\u2019organisme de certification pour les examens de certification","breadcrumb":{"@id":"https:\/\/cchim.ca\/fr\/certification\/le-ccdis\/guide-du-ccdis-sur-les-rce\/#breadcrumb"},"inLanguage":"fr-CA","potentialAction":[{"@type":"ReadAction","target":["https:\/\/cchim.ca\/fr\/certification\/le-ccdis\/guide-du-ccdis-sur-les-rce\/"]}]},{"@type":"BreadcrumbList","@id":"https:\/\/cchim.ca\/fr\/certification\/le-ccdis\/guide-du-ccdis-sur-les-rce\/#breadcrumb","itemListElement":[{"@type":"ListItem","position":1,"name":"Home","item":"https:\/\/cchim.ca\/fr\/accueil\/"},{"@type":"ListItem","position":2,"name":"La certification","item":"https:\/\/cchim.ca\/fr\/certification\/"},{"@type":"ListItem","position":3,"name":"L\u2019ICCDIS","item":"https:\/\/cchim.ca\/fr\/certification\/le-ccdis\/"},{"@type":"ListItem","position":4,"name":"Guide des RCE du CCDIS"}]},{"@type":"WebSite","@id":"https:\/\/cchim.ca\/#website","url":"https:\/\/cchim.ca\/","name":"Canadian College of Health Information Management","description":"Accrediting academic institutions and certifying health information professionals","publisher":{"@id":"https:\/\/cchim.ca\/#organization"},"alternateName":"CCHIM","potentialAction":[{"@type":"SearchAction","target":{"@type":"EntryPoint","urlTemplate":"https:\/\/cchim.ca\/?s={search_term_string}"},"query-input":{"@type":"PropertyValueSpecification","valueRequired":true,"valueName":"search_term_string"}}],"inLanguage":"fr-CA"},{"@type":"Organization","@id":"https:\/\/cchim.ca\/#organization","name":"Canadian College of Health Information Management","alternateName":"CCHIM","url":"https:\/\/cchim.ca\/","logo":{"@type":"ImageObject","inLanguage":"fr-CA","@id":"https:\/\/cchim.ca\/#\/schema\/logo\/image\/","url":"https:\/\/cchim.ca\/wp-content\/uploads\/2020\/08\/cropped-favicon.webp","contentUrl":"https:\/\/cchim.ca\/wp-content\/uploads\/2020\/08\/cropped-favicon.webp","width":512,"height":512,"caption":"Canadian College of Health Information Management"},"image":{"@id":"https:\/\/cchim.ca\/#\/schema\/logo\/image\/"},"description":"Canadian College of Health Information Management","email":"support@echima.ca","legalName":"Canadian College of Health Information Management","foundingDate":"1972-09-07","numberOfEmployees":{"@type":"QuantitativeValue","minValue":"11","maxValue":"50"}}]}},"_links":{"self":[{"href":"https:\/\/cchim.ca\/fr\/wp-json\/wp\/v2\/pages\/885651","targetHints":{"allow":["GET"]}}],"collection":[{"href":"https:\/\/cchim.ca\/fr\/wp-json\/wp\/v2\/pages"}],"about":[{"href":"https:\/\/cchim.ca\/fr\/wp-json\/wp\/v2\/types\/page"}],"author":[{"embeddable":true,"href":"https:\/\/cchim.ca\/fr\/wp-json\/wp\/v2\/users\/10"}],"replies":[{"embeddable":true,"href":"https:\/\/cchim.ca\/fr\/wp-json\/wp\/v2\/comments?post=885651"}],"version-history":[{"count":0,"href":"https:\/\/cchim.ca\/fr\/wp-json\/wp\/v2\/pages\/885651\/revisions"}],"up":[{"embeddable":true,"href":"https:\/\/cchim.ca\/fr\/wp-json\/wp\/v2\/pages\/885593"}],"wp:attachment":[{"href":"https:\/\/cchim.ca\/fr\/wp-json\/wp\/v2\/media?parent=885651"}],"curies":[{"name":"wp","href":"https:\/\/api.w.org\/{rel}","templated":true}]}}