{"id":885650,"date":"2020-09-22T15:17:24","date_gmt":"2020-09-22T19:17:24","guid":{"rendered":"https:\/\/cchim.ca\/certification\/ctss\/processus-de-demande-de-ctss\/"},"modified":"2020-09-22T15:17:24","modified_gmt":"2020-09-22T19:17:24","slug":"processus-de-demande-de-ctss","status":"publish","type":"page","link":"https:\/\/cchim.ca\/fr\/certification\/ctss\/processus-de-demande-de-ctss\/","title":{"rendered":"Processus de demande de CTSS"},"content":{"rendered":"\n<h1 class=\"wp-block-heading\"><span class=\"is-style-slug\">CTSS<\/span>Processus de demande<\/h1>\n\n\n\n<p>Ceux qui souhaitent \u00eatre certifi\u00e9s en tant que sp\u00e9cialiste des normes terminologiques doivent postuler en utilisant le processus suivant&nbsp;:<\/p>\n\n\n\n<p><strong>1. Soumettre une demande et payer les frais<\/strong><\/p>\n\n\n\n<ul class=\"wp-block-list\"><li>Les candidats seront invit\u00e9s \u00e0 cr\u00e9er un compte \u00e0 la caisse.<\/li><li>Les membres actuels de l\u2019ACIDS doivent s\u2019inscrire avant de pr\u00e9senter une demande.<\/li><\/ul>\n\n\n\n<p><strong>2. Demande en attente<\/strong><\/p>\n\n\n\n<p>Le Coll\u00e8ge canadien de gestion de l\u2019information sur la sant\u00e9 v\u00e9rifie le statut d\u2019obtention du dipl\u00f4me de chaque candidat dans le cadre d\u2019un programme agr\u00e9\u00e9 de normes terminologiques.<\/p>\n\n\n\n<p><strong>3. Courriel d\u2019approbation<\/strong><\/p>\n\n\n\n<p>Les candidats approuv\u00e9s recevront :<\/p>\n\n\n\n<ul class=\"wp-block-list\"><li>Une mise \u00e0 niveau de l\u2019adh\u00e9sion professionnelle \u00e0 l\u2019ACIDS<\/li><li>Un titre professionnel (CTSS) autoris\u00e9 par le Coll\u00e8ge canadien de gestion de l\u2019information sur la sant\u00e9 \u00e0 utiliser dans l\u2019industrie (p. ex. Mary Smith, CTSS)<\/li><li>Une trousse de publipostage comprenant un certificat officiel et une lettre de bienvenue de l\u2019ACIDS<\/li><\/ul>\n\n\n\n<p>Les candidats qui n\u2019ont&nbsp;<em>pas<\/em>&nbsp;\u00e9t\u00e9 approuv\u00e9s seront avis\u00e9s par courriel.<\/p>\n\n\n\n<div class=\"wp-block-buttons is-layout-flex wp-block-buttons-is-layout-flex\"><\/div>\n","protected":false},"excerpt":{"rendered":"<p>CTSSProcessus de demande Ceux qui souhaitent \u00eatre certifi\u00e9s en tant que sp\u00e9cialiste des normes terminologiques doivent postuler en utilisant le processus suivant&nbsp;: 1. Soumettre une demande et payer les frais Les candidats seront invit\u00e9s \u00e0 cr\u00e9er un compte \u00e0 la caisse. Les membres actuels&#8230;<\/p>\n","protected":false},"author":8,"featured_media":0,"parent":885594,"menu_order":0,"comment_status":"closed","ping_status":"closed","template":"","meta":{"footnotes":""},"class_list":["post-885650","page","type-page","status-publish","hentry"],"yoast_head":"<!-- This site is optimized with the Yoast SEO Premium plugin v26.2 (Yoast SEO v27.4) - https:\/\/yoast.com\/product\/yoast-seo-premium-wordpress\/ -->\n<title>Processus de demande de CTSS - Canadian College of Health Information Management<\/title>\n<meta name=\"description\" content=\"CTSSProcessus de demande Ceux qui souhaitent \u00eatre certifi\u00e9s en tant que sp\u00e9cialiste des normes terminologiques doivent postuler en utilisant le processus\" \/>\n<meta name=\"robots\" content=\"index, follow, max-snippet:-1, max-image-preview:large, max-video-preview:-1\" \/>\n<link rel=\"canonical\" href=\"https:\/\/cchim.ca\/certification\/ctss\/processus-de-demande-de-ctss\/\" \/>\n<meta property=\"og:locale\" content=\"fr_CA\" \/>\n<meta property=\"og:type\" content=\"article\" \/>\n<meta property=\"og:title\" content=\"Processus de demande de CTSS\" \/>\n<meta property=\"og:description\" content=\"CTSSProcessus de demande Ceux qui souhaitent \u00eatre certifi\u00e9s en tant que sp\u00e9cialiste des normes terminologiques doivent postuler en utilisant le processus\" \/>\n<meta property=\"og:url\" content=\"https:\/\/cchim.ca\/certification\/ctss\/processus-de-demande-de-ctss\/\" \/>\n<meta property=\"og:site_name\" content=\"Canadian College of Health Information Management\" \/>\n<meta name=\"twitter:card\" content=\"summary_large_image\" \/>\n<meta name=\"twitter:label1\" content=\"Estimation du temps de lecture\" \/>\n\t<meta name=\"twitter:data1\" content=\"1 minute\" \/>\n<script type=\"application\/ld+json\" class=\"yoast-schema-graph\">{\"@context\":\"https:\\\/\\\/schema.org\",\"@graph\":[{\"@type\":\"WebPage\",\"@id\":\"https:\\\/\\\/cchim.ca\\\/certification\\\/ctss\\\/processus-de-demande-de-ctss\\\/\",\"url\":\"https:\\\/\\\/cchim.ca\\\/certification\\\/ctss\\\/processus-de-demande-de-ctss\\\/\",\"name\":\"Processus de demande de CTSS - Canadian College of Health Information Management\",\"isPartOf\":{\"@id\":\"https:\\\/\\\/cchim.ca\\\/#website\"},\"datePublished\":\"2020-09-22T19:17:24+00:00\",\"description\":\"CTSSProcessus de demande Ceux qui souhaitent \u00eatre certifi\u00e9s en tant que sp\u00e9cialiste des normes terminologiques doivent postuler en utilisant le processus\",\"breadcrumb\":{\"@id\":\"https:\\\/\\\/cchim.ca\\\/certification\\\/ctss\\\/processus-de-demande-de-ctss\\\/#breadcrumb\"},\"inLanguage\":\"fr-CA\",\"potentialAction\":[{\"@type\":\"ReadAction\",\"target\":[\"https:\\\/\\\/cchim.ca\\\/certification\\\/ctss\\\/processus-de-demande-de-ctss\\\/\"]}]},{\"@type\":\"BreadcrumbList\",\"@id\":\"https:\\\/\\\/cchim.ca\\\/certification\\\/ctss\\\/processus-de-demande-de-ctss\\\/#breadcrumb\",\"itemListElement\":[{\"@type\":\"ListItem\",\"position\":1,\"name\":\"Home\",\"item\":\"https:\\\/\\\/cchim.ca\\\/\"},{\"@type\":\"ListItem\",\"position\":2,\"name\":\"La certification\",\"item\":\"https:\\\/\\\/cchim.ca\\\/fr\\\/certification\\\/\"},{\"@type\":\"ListItem\",\"position\":3,\"name\":\"CTSS\",\"item\":\"https:\\\/\\\/cchim.ca\\\/certification\\\/ctss\\\/\"},{\"@type\":\"ListItem\",\"position\":4,\"name\":\"Processus de demande de CTSS\"}]},{\"@type\":\"WebSite\",\"@id\":\"https:\\\/\\\/cchim.ca\\\/#website\",\"url\":\"https:\\\/\\\/cchim.ca\\\/\",\"name\":\"Canadian College of Health Information Management\",\"description\":\"Accrediting academic institutions and certifying health information professionals\",\"publisher\":{\"@id\":\"https:\\\/\\\/cchim.ca\\\/#organization\"},\"alternateName\":\"CCHIM\",\"potentialAction\":[{\"@type\":\"SearchAction\",\"target\":{\"@type\":\"EntryPoint\",\"urlTemplate\":\"https:\\\/\\\/cchim.ca\\\/?s={search_term_string}\"},\"query-input\":{\"@type\":\"PropertyValueSpecification\",\"valueRequired\":true,\"valueName\":\"search_term_string\"}}],\"inLanguage\":\"fr-CA\"},{\"@type\":\"Organization\",\"@id\":\"https:\\\/\\\/cchim.ca\\\/#organization\",\"name\":\"Canadian College of Health Information Management\",\"alternateName\":\"CCHIM\",\"url\":\"https:\\\/\\\/cchim.ca\\\/\",\"logo\":{\"@type\":\"ImageObject\",\"inLanguage\":\"fr-CA\",\"@id\":\"https:\\\/\\\/cchim.ca\\\/#\\\/schema\\\/logo\\\/image\\\/\",\"url\":\"https:\\\/\\\/cchim.ca\\\/wp-content\\\/uploads\\\/2020\\\/08\\\/cropped-favicon.webp\",\"contentUrl\":\"https:\\\/\\\/cchim.ca\\\/wp-content\\\/uploads\\\/2020\\\/08\\\/cropped-favicon.webp\",\"width\":512,\"height\":512,\"caption\":\"Canadian College of Health Information Management\"},\"image\":{\"@id\":\"https:\\\/\\\/cchim.ca\\\/#\\\/schema\\\/logo\\\/image\\\/\"},\"description\":\"Canadian College of Health Information Management\",\"email\":\"support@echima.ca\",\"legalName\":\"Canadian College of Health Information Management\",\"foundingDate\":\"1972-09-07\",\"numberOfEmployees\":{\"@type\":\"QuantitativeValue\",\"minValue\":\"11\",\"maxValue\":\"50\"}}]}<\/script>\n<!-- \/ Yoast SEO Premium plugin. -->","yoast_head_json":{"title":"Processus de demande de CTSS - Canadian College of Health Information Management","description":"CTSSProcessus de demande Ceux qui souhaitent \u00eatre certifi\u00e9s en tant que sp\u00e9cialiste des normes terminologiques doivent postuler en utilisant le processus","robots":{"index":"index","follow":"follow","max-snippet":"max-snippet:-1","max-image-preview":"max-image-preview:large","max-video-preview":"max-video-preview:-1"},"canonical":"https:\/\/cchim.ca\/certification\/ctss\/processus-de-demande-de-ctss\/","og_locale":"fr_CA","og_type":"article","og_title":"Processus de demande de CTSS","og_description":"CTSSProcessus de demande Ceux qui souhaitent \u00eatre certifi\u00e9s en tant que sp\u00e9cialiste des normes terminologiques doivent postuler en utilisant le processus","og_url":"https:\/\/cchim.ca\/certification\/ctss\/processus-de-demande-de-ctss\/","og_site_name":"Canadian College of Health Information Management","twitter_card":"summary_large_image","twitter_misc":{"Estimation du temps de lecture":"1 minute"},"schema":{"@context":"https:\/\/schema.org","@graph":[{"@type":"WebPage","@id":"https:\/\/cchim.ca\/certification\/ctss\/processus-de-demande-de-ctss\/","url":"https:\/\/cchim.ca\/certification\/ctss\/processus-de-demande-de-ctss\/","name":"Processus de demande de CTSS - Canadian College of Health Information Management","isPartOf":{"@id":"https:\/\/cchim.ca\/#website"},"datePublished":"2020-09-22T19:17:24+00:00","description":"CTSSProcessus de demande Ceux qui souhaitent \u00eatre certifi\u00e9s en tant que sp\u00e9cialiste des normes terminologiques doivent postuler en utilisant le processus","breadcrumb":{"@id":"https:\/\/cchim.ca\/certification\/ctss\/processus-de-demande-de-ctss\/#breadcrumb"},"inLanguage":"fr-CA","potentialAction":[{"@type":"ReadAction","target":["https:\/\/cchim.ca\/certification\/ctss\/processus-de-demande-de-ctss\/"]}]},{"@type":"BreadcrumbList","@id":"https:\/\/cchim.ca\/certification\/ctss\/processus-de-demande-de-ctss\/#breadcrumb","itemListElement":[{"@type":"ListItem","position":1,"name":"Home","item":"https:\/\/cchim.ca\/"},{"@type":"ListItem","position":2,"name":"La certification","item":"https:\/\/cchim.ca\/fr\/certification\/"},{"@type":"ListItem","position":3,"name":"CTSS","item":"https:\/\/cchim.ca\/certification\/ctss\/"},{"@type":"ListItem","position":4,"name":"Processus de demande de CTSS"}]},{"@type":"WebSite","@id":"https:\/\/cchim.ca\/#website","url":"https:\/\/cchim.ca\/","name":"Canadian College of Health Information Management","description":"Accrediting academic institutions and certifying health information professionals","publisher":{"@id":"https:\/\/cchim.ca\/#organization"},"alternateName":"CCHIM","potentialAction":[{"@type":"SearchAction","target":{"@type":"EntryPoint","urlTemplate":"https:\/\/cchim.ca\/?s={search_term_string}"},"query-input":{"@type":"PropertyValueSpecification","valueRequired":true,"valueName":"search_term_string"}}],"inLanguage":"fr-CA"},{"@type":"Organization","@id":"https:\/\/cchim.ca\/#organization","name":"Canadian College of Health Information Management","alternateName":"CCHIM","url":"https:\/\/cchim.ca\/","logo":{"@type":"ImageObject","inLanguage":"fr-CA","@id":"https:\/\/cchim.ca\/#\/schema\/logo\/image\/","url":"https:\/\/cchim.ca\/wp-content\/uploads\/2020\/08\/cropped-favicon.webp","contentUrl":"https:\/\/cchim.ca\/wp-content\/uploads\/2020\/08\/cropped-favicon.webp","width":512,"height":512,"caption":"Canadian College of Health Information Management"},"image":{"@id":"https:\/\/cchim.ca\/#\/schema\/logo\/image\/"},"description":"Canadian College of Health Information Management","email":"support@echima.ca","legalName":"Canadian College of Health Information Management","foundingDate":"1972-09-07","numberOfEmployees":{"@type":"QuantitativeValue","minValue":"11","maxValue":"50"}}]}},"_links":{"self":[{"href":"https:\/\/cchim.ca\/fr\/wp-json\/wp\/v2\/pages\/885650","targetHints":{"allow":["GET"]}}],"collection":[{"href":"https:\/\/cchim.ca\/fr\/wp-json\/wp\/v2\/pages"}],"about":[{"href":"https:\/\/cchim.ca\/fr\/wp-json\/wp\/v2\/types\/page"}],"author":[{"embeddable":true,"href":"https:\/\/cchim.ca\/fr\/wp-json\/wp\/v2\/users\/8"}],"replies":[{"embeddable":true,"href":"https:\/\/cchim.ca\/fr\/wp-json\/wp\/v2\/comments?post=885650"}],"version-history":[{"count":0,"href":"https:\/\/cchim.ca\/fr\/wp-json\/wp\/v2\/pages\/885650\/revisions"}],"up":[{"embeddable":true,"href":"https:\/\/cchim.ca\/fr\/wp-json\/wp\/v2\/pages\/885594"}],"wp:attachment":[{"href":"https:\/\/cchim.ca\/fr\/wp-json\/wp\/v2\/media?parent=885650"}],"curies":[{"name":"wp","href":"https:\/\/api.w.org\/{rel}","templated":true}]}}