{"id":885649,"date":"2021-06-07T13:44:11","date_gmt":"2021-06-07T17:44:11","guid":{"rendered":"https:\/\/cchim.ca\/certification\/le-cccs\/"},"modified":"2025-09-05T15:03:27","modified_gmt":"2025-09-05T19:03:27","slug":"le-cccs","status":"publish","type":"page","link":"https:\/\/cchim.ca\/fr\/certification\/le-cccs\/","title":{"rendered":"LE CCCS"},"content":{"rendered":"\n<div class=\"o-row\">\n<div class=\"o-col u-6of12-md\">\n<h1 class=\"wp-block-heading\" id=\"h-cccs\">LE CCCS<\/h1>\n\n\n\n<p class=\"is-style-intro\">Les sp\u00e9cialistes de la classification et du codage d\u00e9chiffrent la documentation clinique, influencent la prise de d\u00e9cision et saisissent des donn\u00e9es percutantes.<\/p>\n\n\n\n<p>Ils font partie int\u00e9grante du parcours d\u2019un patient dans le syst\u00e8me de soins de sant\u00e9.<\/p>\n\n\n\n<p>Le processus de classification et de codage des donn\u00e9es sur les soins de sant\u00e9 est une fonction d\u00e9j\u00e0 complexe qui ne fera que cro\u00eetre en complexit\u00e9. La classification et le codage des donn\u00e9es sur les soins de sant\u00e9 dans un format normalis\u00e9 facilitent le stockage, l\u2019extraction et le catalogage \u00e0 des fins statistiques et individuelles sur une base agr\u00e9g\u00e9e ou granulaire. L\u2019exactitude des donn\u00e9es cod\u00e9es influe sur les d\u00e9cisions en mati\u00e8re de soins de sant\u00e9, la planification, le financement, la recherche et plus encore. Les donn\u00e9es sont transform\u00e9es en informations significatives pour acc\u00e9l\u00e9rer l\u2019am\u00e9lioration des soins de sant\u00e9, du rendement du syst\u00e8me et de la sant\u00e9 de la population dans de nombreuses administrations. Les d\u00e9cideurs gouvernementaux utilisent des donn\u00e9es cod\u00e9es pour prendre des d\u00e9cisions strat\u00e9giques concernant nos syst\u00e8mes de sant\u00e9 et les soins qu\u2019ils contiennent.    <\/p>\n<\/div>\n\n\n\n<div class=\"o-col u-6of12-md\">\n<h2 class=\"wp-block-heading\" id=\"h-certification\">La certification<\/h2>\n\n\n\n<p>Le titre de sp\u00e9cialiste certifi\u00e9 en classification et en codage (CCCS) a \u00e9t\u00e9 d\u00e9velopp\u00e9 pour les professionnels du CHIM ayant 5+ ans d\u2019exp\u00e9rience en classification et en codage en milieu hospitalier de courte dur\u00e9e.  <\/p>\n\n\n\n<p>Cette certification donnera aux professionnels du CHIM qui souhaitent poursuivre leurs \u00e9tudes un avantage concurrentiel dans leur recherche d\u2019emploi, ainsi qu\u2019une plus grande satisfaction au travail. Il cr\u00e9e une plus grande assurance pour un codage de haute qualit\u00e9 et pr\u00e9cis qui encourage l\u2019am\u00e9lioration continue de la qualit\u00e9. Cette d\u00e9signation professionnelle, ainsi que l\u2019exp\u00e9rience, peuvent \u00eatre un catalyseur pour faire progresser votre carri\u00e8re vers des postes tels que, mais sans s\u2019y limiter, les auditeurs, les analystes et les postes de direction.  <\/p>\n\n\n\n<h2 class=\"wp-block-heading\" id=\"h-maintenance-of-certification\">Maintien de la certification<\/h2>\n\n\n\n<p>Les exigences relatives au maintien et au maintien de cette d\u00e9signation professionnelle sont les suivantes :<\/p>\n\n\n\n<ol class=\"wp-block-list\">\n<li>Renouvellement annuel de l\u2019adh\u00e9sion \u00e0 l\u2019Association canadienne de gestion de l\u2019information sur la sant\u00e9 (ACIDS)  <\/li>\n\n\n\n<li>Respect du <a href=\"https:\/\/cchim.ca\/fr\/about-the-college\/code-de-deontologie\/\">code de d\u00e9ontologie<\/a> professionnelle<\/li>\n\n\n\n<li>Ach\u00e8vement des cr\u00e9dits de formation professionnelle continue (D\u00c9C) requis conform\u00e9ment au d\u00e9lai \u00e9tabli dans la politique sur les <a href=\"https:\/\/cchim.ca\/fr\/membres\/programme-de-formation-professionnelle-continue\/continuing-professional-education-program-policy\/\">D\u00c9C<\/a><\/li>\n<\/ol>\n\n\n\n<p class=\"is-style-small\">Le non-respect de l\u2019un ou l\u2019autre de ces crit\u00e8res peut entra\u00eener le retrait de l\u2019accr\u00e9ditation.<\/p>\n<\/div>\n<\/div>\n\n<div style=\"height:20px\" aria-hidden=\"true\" class=\"wp-block-spacer\"><\/div>\n\n<h2 class=\"wp-block-heading\" id=\"h-learn-about-the-cccs-nbsp-national-certification-examination-nbsp\">Renseignez-vous sur l\u2019examen national de certification du CCC  <\/h2>\n\n<p>Dans le guide des RCE du CCCS, les sections suivantes sont pr\u00e9sent\u00e9es :  <\/p>\n\n<ul class=\"wp-block-list\">\n<li>Section 1 : \u00c0 propos des RCE du CCC<\/li>\n\n\n\n<li>Section 2 : Demande d\u2019examen<\/li>\n\n\n\n<li>Section 3 : Pr\u00e9paration \u00e0 l\u2019examen<\/li>\n\n\n\n<li>Section 4 : Passer l\u2019examen<\/li>\n\n\n\n<li>Section 5 : R\u00e9ception des r\u00e9sultats<\/li>\n<\/ul>\n\n<div class=\"o-row u-justify-content-center\">\n<div class=\"o-col u-6of12-md\">\n<a class=\"wp-block-pb-card is-style-dark-pattern\" href=\"https:\/\/cchim.ca\/certification\/cccs\/cccs-nce-guide\/\"><div class=\"wp-block-pb-card__content\">\n<p class=\"has-text-align-center\">Guide des RCE du CCC<\/p>\n<\/div><\/a>\n<\/div>\n\n\n\n<div class=\"o-col u-6of12-md\"><\/div>\n<\/div>\n\n<h2 class=\"wp-block-heading\" id=\"h-resources\">Ressources<\/h2>\n\n<div class=\"o-block-grid o-block-grid-2-sm o-block-grid-3-lg o-block-grid-4-xl\">\n<div class=\"o-block-grid__item\">\n<a class=\"wp-block-pb-card is-style-dark-pattern\" href=\"https:\/\/cchim.ca\/certification\/national-certification-examinations\/nce-policies\/\"><div class=\"wp-block-pb-card__content\">\n<p class=\"has-text-align-center\">Politiques, r\u00e8gles et r\u00e8glements des examens nationaux<\/p>\n<\/div><\/a>\n<\/div>\n\n\n\n<div class=\"o-block-grid__item\">\n<a class=\"wp-block-pb-card is-style-dark-pattern\" href=\"https:\/\/cchim.ca\/certification\/cccs\/cccs-nce-eligibility-and-dates\/\"><div class=\"wp-block-pb-card__content\">\n<p class=\"has-text-align-center\">Admissibilit\u00e9 et dates des RCE du CCC<\/p>\n<\/div><\/a>\n<\/div>\n\n\n\n<div class=\"o-block-grid__item\">\n<a class=\"wp-block-pb-card is-style-dark-pattern\" href=\"https:\/\/cchim.ca\/nce-help-centre\/\"><div class=\"wp-block-pb-card__content\">\n<p>Centre d\u2019aide aux examens nationaux<\/p>\n<\/div><\/a>\n<\/div>\n\n\n\n<div class=\"o-block-grid__item\"><\/div>\n<\/div>\n\n\n","protected":false},"excerpt":{"rendered":"<p>Renseignez-vous sur l\u2019examen national de certification du CCC Dans le guide des RCE du CCCS, les sections suivantes sont pr\u00e9sent\u00e9es : Ressources<\/p>\n","protected":false},"author":10,"featured_media":0,"parent":105,"menu_order":1,"comment_status":"closed","ping_status":"closed","template":"","meta":{"footnotes":""},"class_list":["post-885649","page","type-page","status-publish","hentry"],"yoast_head":"<!-- This site is optimized with the Yoast SEO Premium plugin v26.2 (Yoast SEO v27.3) - https:\/\/yoast.com\/product\/yoast-seo-premium-wordpress\/ -->\n<title>LE CCCS - Canadian College of Health Information Management<\/title>\n<meta name=\"description\" content=\"LE CCCS Les sp\u00e9cialistes de la classification et du codage d\u00e9chiffrent la documentation clinique, influencent la prise de d\u00e9cision et saisissent des\" \/>\n<meta name=\"robots\" content=\"index, follow, max-snippet:-1, max-image-preview:large, max-video-preview:-1\" \/>\n<link rel=\"canonical\" href=\"https:\/\/cchim.ca\/fr\/certification\/le-cccs\/\" \/>\n<meta property=\"og:locale\" content=\"fr_CA\" \/>\n<meta property=\"og:type\" content=\"article\" \/>\n<meta property=\"og:title\" content=\"LE CCCS\" \/>\n<meta property=\"og:description\" content=\"LE CCCS Les sp\u00e9cialistes de la classification et du codage d\u00e9chiffrent la documentation clinique, influencent la prise de d\u00e9cision et saisissent des\" \/>\n<meta property=\"og:url\" content=\"https:\/\/cchim.ca\/fr\/certification\/le-cccs\/\" \/>\n<meta property=\"og:site_name\" content=\"Canadian College of Health Information Management\" \/>\n<meta property=\"article:modified_time\" content=\"2025-09-05T19:03:27+00:00\" \/>\n<meta name=\"twitter:card\" content=\"summary_large_image\" \/>\n<meta name=\"twitter:label1\" content=\"Estimation du temps de lecture\" \/>\n\t<meta name=\"twitter:data1\" content=\"3 minutes\" \/>\n<script type=\"application\/ld+json\" class=\"yoast-schema-graph\">{\"@context\":\"https:\\\/\\\/schema.org\",\"@graph\":[{\"@type\":\"WebPage\",\"@id\":\"https:\\\/\\\/cchim.ca\\\/fr\\\/certification\\\/le-cccs\\\/\",\"url\":\"https:\\\/\\\/cchim.ca\\\/fr\\\/certification\\\/le-cccs\\\/\",\"name\":\"LE CCCS - Canadian College of Health Information Management\",\"isPartOf\":{\"@id\":\"https:\\\/\\\/cchim.ca\\\/#website\"},\"datePublished\":\"2021-06-07T17:44:11+00:00\",\"dateModified\":\"2025-09-05T19:03:27+00:00\",\"description\":\"LE CCCS Les sp\u00e9cialistes de la classification et du codage d\u00e9chiffrent la documentation clinique, influencent la prise de d\u00e9cision et saisissent des\",\"breadcrumb\":{\"@id\":\"https:\\\/\\\/cchim.ca\\\/fr\\\/certification\\\/le-cccs\\\/#breadcrumb\"},\"inLanguage\":\"fr-CA\",\"potentialAction\":[{\"@type\":\"ReadAction\",\"target\":[\"https:\\\/\\\/cchim.ca\\\/fr\\\/certification\\\/le-cccs\\\/\"]}]},{\"@type\":\"BreadcrumbList\",\"@id\":\"https:\\\/\\\/cchim.ca\\\/fr\\\/certification\\\/le-cccs\\\/#breadcrumb\",\"itemListElement\":[{\"@type\":\"ListItem\",\"position\":1,\"name\":\"Home\",\"item\":\"https:\\\/\\\/cchim.ca\\\/fr\\\/accueil\\\/\"},{\"@type\":\"ListItem\",\"position\":2,\"name\":\"La certification\",\"item\":\"https:\\\/\\\/cchim.ca\\\/fr\\\/certification\\\/\"},{\"@type\":\"ListItem\",\"position\":3,\"name\":\"LE CCCS\"}]},{\"@type\":\"WebSite\",\"@id\":\"https:\\\/\\\/cchim.ca\\\/#website\",\"url\":\"https:\\\/\\\/cchim.ca\\\/\",\"name\":\"Canadian College of Health Information Management\",\"description\":\"Accrediting academic institutions and certifying health information professionals\",\"publisher\":{\"@id\":\"https:\\\/\\\/cchim.ca\\\/#organization\"},\"alternateName\":\"CCHIM\",\"potentialAction\":[{\"@type\":\"SearchAction\",\"target\":{\"@type\":\"EntryPoint\",\"urlTemplate\":\"https:\\\/\\\/cchim.ca\\\/?s={search_term_string}\"},\"query-input\":{\"@type\":\"PropertyValueSpecification\",\"valueRequired\":true,\"valueName\":\"search_term_string\"}}],\"inLanguage\":\"fr-CA\"},{\"@type\":\"Organization\",\"@id\":\"https:\\\/\\\/cchim.ca\\\/#organization\",\"name\":\"Canadian College of Health Information Management\",\"alternateName\":\"CCHIM\",\"url\":\"https:\\\/\\\/cchim.ca\\\/\",\"logo\":{\"@type\":\"ImageObject\",\"inLanguage\":\"fr-CA\",\"@id\":\"https:\\\/\\\/cchim.ca\\\/#\\\/schema\\\/logo\\\/image\\\/\",\"url\":\"https:\\\/\\\/cchim.ca\\\/wp-content\\\/uploads\\\/2020\\\/08\\\/cropped-favicon.webp\",\"contentUrl\":\"https:\\\/\\\/cchim.ca\\\/wp-content\\\/uploads\\\/2020\\\/08\\\/cropped-favicon.webp\",\"width\":512,\"height\":512,\"caption\":\"Canadian College of Health Information Management\"},\"image\":{\"@id\":\"https:\\\/\\\/cchim.ca\\\/#\\\/schema\\\/logo\\\/image\\\/\"},\"description\":\"Canadian College of Health Information Management\",\"email\":\"support@echima.ca\",\"legalName\":\"Canadian College of Health Information Management\",\"foundingDate\":\"1972-09-07\",\"numberOfEmployees\":{\"@type\":\"QuantitativeValue\",\"minValue\":\"11\",\"maxValue\":\"50\"}}]}<\/script>\n<!-- \/ Yoast SEO Premium plugin. -->","yoast_head_json":{"title":"LE CCCS - Canadian College of Health Information Management","description":"LE CCCS Les sp\u00e9cialistes de la classification et du codage d\u00e9chiffrent la documentation clinique, influencent la prise de d\u00e9cision et saisissent des","robots":{"index":"index","follow":"follow","max-snippet":"max-snippet:-1","max-image-preview":"max-image-preview:large","max-video-preview":"max-video-preview:-1"},"canonical":"https:\/\/cchim.ca\/fr\/certification\/le-cccs\/","og_locale":"fr_CA","og_type":"article","og_title":"LE CCCS","og_description":"LE CCCS Les sp\u00e9cialistes de la classification et du codage d\u00e9chiffrent la documentation clinique, influencent la prise de d\u00e9cision et saisissent des","og_url":"https:\/\/cchim.ca\/fr\/certification\/le-cccs\/","og_site_name":"Canadian College of Health Information Management","article_modified_time":"2025-09-05T19:03:27+00:00","twitter_card":"summary_large_image","twitter_misc":{"Estimation du temps de lecture":"3 minutes"},"schema":{"@context":"https:\/\/schema.org","@graph":[{"@type":"WebPage","@id":"https:\/\/cchim.ca\/fr\/certification\/le-cccs\/","url":"https:\/\/cchim.ca\/fr\/certification\/le-cccs\/","name":"LE CCCS - Canadian College of Health Information Management","isPartOf":{"@id":"https:\/\/cchim.ca\/#website"},"datePublished":"2021-06-07T17:44:11+00:00","dateModified":"2025-09-05T19:03:27+00:00","description":"LE CCCS Les sp\u00e9cialistes de la classification et du codage d\u00e9chiffrent la documentation clinique, influencent la prise de d\u00e9cision et saisissent des","breadcrumb":{"@id":"https:\/\/cchim.ca\/fr\/certification\/le-cccs\/#breadcrumb"},"inLanguage":"fr-CA","potentialAction":[{"@type":"ReadAction","target":["https:\/\/cchim.ca\/fr\/certification\/le-cccs\/"]}]},{"@type":"BreadcrumbList","@id":"https:\/\/cchim.ca\/fr\/certification\/le-cccs\/#breadcrumb","itemListElement":[{"@type":"ListItem","position":1,"name":"Home","item":"https:\/\/cchim.ca\/fr\/accueil\/"},{"@type":"ListItem","position":2,"name":"La certification","item":"https:\/\/cchim.ca\/fr\/certification\/"},{"@type":"ListItem","position":3,"name":"LE CCCS"}]},{"@type":"WebSite","@id":"https:\/\/cchim.ca\/#website","url":"https:\/\/cchim.ca\/","name":"Canadian College of Health Information Management","description":"Accrediting academic institutions and certifying health information professionals","publisher":{"@id":"https:\/\/cchim.ca\/#organization"},"alternateName":"CCHIM","potentialAction":[{"@type":"SearchAction","target":{"@type":"EntryPoint","urlTemplate":"https:\/\/cchim.ca\/?s={search_term_string}"},"query-input":{"@type":"PropertyValueSpecification","valueRequired":true,"valueName":"search_term_string"}}],"inLanguage":"fr-CA"},{"@type":"Organization","@id":"https:\/\/cchim.ca\/#organization","name":"Canadian College of Health Information Management","alternateName":"CCHIM","url":"https:\/\/cchim.ca\/","logo":{"@type":"ImageObject","inLanguage":"fr-CA","@id":"https:\/\/cchim.ca\/#\/schema\/logo\/image\/","url":"https:\/\/cchim.ca\/wp-content\/uploads\/2020\/08\/cropped-favicon.webp","contentUrl":"https:\/\/cchim.ca\/wp-content\/uploads\/2020\/08\/cropped-favicon.webp","width":512,"height":512,"caption":"Canadian College of Health Information Management"},"image":{"@id":"https:\/\/cchim.ca\/#\/schema\/logo\/image\/"},"description":"Canadian College of Health Information Management","email":"support@echima.ca","legalName":"Canadian College of Health Information Management","foundingDate":"1972-09-07","numberOfEmployees":{"@type":"QuantitativeValue","minValue":"11","maxValue":"50"}}]}},"_links":{"self":[{"href":"https:\/\/cchim.ca\/fr\/wp-json\/wp\/v2\/pages\/885649","targetHints":{"allow":["GET"]}}],"collection":[{"href":"https:\/\/cchim.ca\/fr\/wp-json\/wp\/v2\/pages"}],"about":[{"href":"https:\/\/cchim.ca\/fr\/wp-json\/wp\/v2\/types\/page"}],"author":[{"embeddable":true,"href":"https:\/\/cchim.ca\/fr\/wp-json\/wp\/v2\/users\/10"}],"replies":[{"embeddable":true,"href":"https:\/\/cchim.ca\/fr\/wp-json\/wp\/v2\/comments?post=885649"}],"version-history":[{"count":0,"href":"https:\/\/cchim.ca\/fr\/wp-json\/wp\/v2\/pages\/885649\/revisions"}],"up":[{"embeddable":true,"href":"https:\/\/cchim.ca\/fr\/wp-json\/wp\/v2\/pages\/105"}],"wp:attachment":[{"href":"https:\/\/cchim.ca\/fr\/wp-json\/wp\/v2\/media?parent=885649"}],"curies":[{"name":"wp","href":"https:\/\/api.w.org\/{rel}","templated":true}]}}