{"id":885648,"date":"2021-06-07T13:43:25","date_gmt":"2021-06-07T17:43:25","guid":{"rendered":"https:\/\/cchim.ca\/guide-des-rce-du-cccs\/"},"modified":"2024-09-07T18:25:55","modified_gmt":"2024-09-07T22:25:55","slug":"guide-des-rce-du-cccs","status":"publish","type":"page","link":"https:\/\/cchim.ca\/fr\/certification\/le-cccs\/guide-des-rce-du-cccs\/","title":{"rendered":"Guide des RCE du CCCS"},"content":{"rendered":"\n<h1 class=\"wp-block-heading\" id=\"cccs-nce-guide\">Guide des RCE du CCCS<\/h1>\n\n\n\n<p>Veuillez lire ce guide de l\u2019examen national de certification (RCE) certifi\u00e9&nbsp;en&nbsp; classification et codage (CCCS) dans son int\u00e9gralit\u00e9 avant de postuler.&nbsp;<\/p>\n\n\n\n<h2 class=\"wp-block-heading\" id=\"section-1-about-the-cccs-nce\">Section 1 : \u00c0 propos des RCE du CCSC&nbsp;&nbsp;<\/h2>\n\n\n\n<p>Le&nbsp;RCE du CCSC&nbsp;comprend&nbsp;45&nbsp;questions*&nbsp; et dure&nbsp;132&nbsp;minutes.\nChaque question correcte vaut une note. &nbsp;<\/p>\n\n\n\n<p>Une note de passage est bas\u00e9e sur l\u2019exigence suivante&nbsp;:&nbsp;<\/p>\n\n\n\n<ul class=\"wp-block-list\">\n<li>Une note globale de&nbsp;70 % ou plus&nbsp;<\/li>\n<\/ul>\n\n\n\n<p>L\u2019examen couvre&nbsp;six&nbsp;domaines de pratique :&nbsp;<\/p>\n\n\n\n<figure class=\"wp-block-table\"><table><thead><tr><th>Domaine de pratique<\/th><\/tr><\/thead><tbody><tr><td>Principes de base<\/td><\/tr><tr><td>M\u00e9decine g\u00e9n\u00e9rale<\/td><\/tr><tr><td>Tumeurs<\/td><\/tr><tr><td>Interventions<\/td><\/tr><tr><td>Obst\u00e9trique et nouveau-n\u00e9s&nbsp;<\/td><\/tr><tr><td>Troubles iatrog\u00e8nes, traumatismes et autres conditions et troubles connexes&nbsp;<\/td><\/tr><\/tbody><\/table><\/figure>\n\n\n\n<p>*L\u2019examen comprend 45 questions multiples au total, y compris 3 sc\u00e9narios de cas avec 3 questions \u00e0 choix multiples par sc\u00e9nario de cas.<\/p>\n\n\n\n<p><strong>R\u00e9examen<\/strong>&nbsp;<\/p>\n\n\n\n<p>Un candidat qui n\u2019est pas r\u00e9ussi \u00e0 \u00e9crire le&nbsp;CCCS&nbsp;NCE \u00e0 la premi\u00e8re tentative peut r\u00e9\u00e9crire l\u2019examen deux fois&nbsp;de plus (pour un total de trois fois).\nDes prix r\u00e9guliers s\u2019appliquent pour&nbsp;les tentatives ult\u00e9rieures.\nLe candidat \u00e0 l\u2019examen doit passer l\u2019int\u00e9gralit\u00e9 de&nbsp;l\u2019examen \u00e0 chaque fois.\nSi un candidat a \u00e9chou\u00e9 dans les trois tentatives, un examen plus approfondi sera effectu\u00e9.   <\/p>\n\n\n\n<h2 class=\"wp-block-heading\" id=\"section-2-examination-application\">Section 2 : Demande d\u2019examen&nbsp;&nbsp;<\/h2>\n\n\n\n<p><strong>Liens rapides<\/strong>&nbsp;<\/p>\n\n\n\n<p>Veuillez consulter les renseignements suivants avant de pr\u00e9senter une demande au&nbsp;CCSC&nbsp;:&nbsp;<\/p>\n\n\n\n<ul class=\"wp-block-list\">\n<li><a href=\"https:\/\/cchim.ca\/certification\/\" target=\"_blank\" rel=\"noreferrer noopener\"><a href=\"https:\/\/cchim.ca\/certification\/\">\u00c0 propos de la certification du Coll\u00e8ge canadien de gestion de l\u2019information sur la sant\u00e9<\/a><\/a> <\/li>\n\n\n\n<li><a href=\"https:\/\/cchim.ca\/nce-help-centre\/\">Centre d\u2019aide des RCE<\/a><\/li>\n\n\n\n<li><a href=\"https:\/\/cchim.ca\/certification\/why-certification-matters\/\" target=\"_blank\" rel=\"noreferrer noopener\">Pourquoi la certification est-elle importante ?<\/a>&nbsp;<\/li>\n\n\n\n<li><a href=\"https:\/\/cchim.ca\/certification\/cccs\/\" target=\"_blank\" rel=\"noreferrer noopener\"><a href=\"https:\/\/cchim.ca\/certification\/cccs\/\">Certification CCCS<\/a><\/a>&nbsp;<\/li>\n\n\n\n<li><a href=\"https:\/\/cchim.ca\/certification\/national-certification-examinations\/nce-policies\/\" target=\"_blank\" rel=\"noreferrer noopener\"><a href=\"https:\/\/cchim.ca\/certification\/national-certification-examinations\/nce-policies\/\">Politiques, r\u00e8gles et r\u00e8glements nationaux d\u2019examen de certification<\/a><\/a>&nbsp;<\/li>\n\n\n\n<li><a href=\"https:\/\/cchim.ca\/about-the-college\/code-of-ethics\/\" target=\"_blank\" rel=\"noreferrer noopener\"><a href=\"https:\/\/cchim.ca\/about-the-college\/code-of-ethics\/\">Code de d\u00e9ontologie du Coll\u00e8ge canadien de gestion de l\u2019information sur la sant\u00e9<\/a><\/a>&nbsp;<\/li>\n\n\n\n<li><a href=\"https:\/\/cchim.ca\/certification\/cccs\/cccs-nce-eligibility-and-dates\/\" target=\"_blank\" rel=\"noreferrer noopener\"><a href=\"https:\/\/cchim.ca\/certification\/cccs\/cccs-nce-eligibility-and-dates\/\">Admissibilit\u00e9 et dates des RCE du CCSC<\/a><\/a>&nbsp;<\/li>\n<\/ul>\n\n\n\n<p><strong>Soumettre la demande et le paiement<\/strong>&nbsp;<\/p>\n\n\n\n<p>Afin de s\u2019inscrire au CCCS&nbsp;NCE, les candidats doivent soumettre une demande et fournir un paiement.\nLe paiement&nbsp;doit&nbsp;\u00eatre re\u00e7u au plus tard \u00e0 la date limite de pr\u00e9sentation des demandes. Pour acc\u00e9der \u00e0 la demande de certification nationale cccs&nbsp;, veuillez suivre ces \u00e9tapes&nbsp;: &nbsp;<\/p>\n\n\n\n<ol class=\"wp-block-list\">\n<li>Connectez-vous \u00e0 votre compte ACES, accessible dans le coin sup\u00e9rieur droit de l\u2019\u00e9cran<\/li>\n\n\n\n<li>Cliquez sur votre nom pour acc\u00e9der \u00e0 votre tableau de bord<\/li>\n\n\n\n<li>Faites d\u00e9filer vers le bas jusqu\u2019\u00e0 \u00ab Coll\u00e8ge canadien de gestion de l\u2019information sur la sant\u00e9 \u00bb et s\u00e9lectionnez \u00ab G\u00e9rer \u00bb<\/li>\n\n\n\n<li>Acc\u00e9dez \u00e0 \u00ab&nbsp;Demandes de certification nationales&nbsp;\u00bb et cliquez sur En savoir plus<\/li>\n\n\n\n<li>Acc\u00e9dez \u00e0 \u00ab&nbsp;CCCS&nbsp;\u00bb et s\u00e9lectionnez \u00ab&nbsp;Appliquer ici&nbsp;\u00bb<\/li>\n<\/ol>\n\n\n\n<p>Il incombe aux candidats d\u2019examiner tous les renseignements pour s\u2019assurer qu\u2019ils sont exacts dans la demande et dans le profil des membres de l\u2019ACIDS.&nbsp;<\/p>\n\n\n\n<p><strong>Exigence relative \u00e0 la documentation \u00e0 l\u2019appui de&nbsp;la demande<\/strong>&nbsp;<\/p>\n\n\n\n<p><em>Il s\u2019agit d\u2019une soumission unique au Coll\u00e8ge canadien de gestion de l\u2019information sur la sant\u00e9.<\/em>&nbsp;<\/p>\n\n\n\n<p>Les documents \u00e0 l\u2019appui&nbsp;de la demande doivent \u00eatre re\u00e7us au plus tard \u00e0 la date limite de pr\u00e9sentation des demandes.&nbsp;<\/p>\n\n\n\n<figure class=\"wp-block-table\"><table><thead><tr><th>Professionnel exp\u00e9riment\u00e9<\/th><th>Sp\u00e9cialit\u00e9 de classification et de codage<br>dipl\u00f4m\u00e9 du programme<\/th><\/tr><\/thead><tbody><tr><td>Transcription du curriculum vitae actuel<\/td><td><\/td><\/tr><tr><td>Lettre de recommandation de l\u2019employeur actuel d\u00e9crivant l&rsquo;<br>l\u2019exp\u00e9rience de travail de classification et de codage du candidat<\/td><td><\/td><\/tr><tr><td>Soumettre la documentation \u00e0&nbsp;<a href=\"mailto:exam@echima.ca\" target=\"_blank\" rel=\"noreferrer noopener\">exam@echima.ca<\/a><\/td><td><\/td><\/tr><\/tbody><\/table><\/figure>\n\n\n\n<p>Pour la soumission des relev\u00e9s de notes, choisissez l\u2019une des m\u00e9thodes suivantes (veuillez noter que les relev\u00e9s de notes \u00e9lectroniques sont pr\u00e9f\u00e9rables) :&nbsp;<\/p>\n\n\n\n<div class=\"o-row\">\n<div class=\"o-col u-6of12-md\">\n<div class=\"wp-block-pb-card\"><div class=\"wp-block-pb-card__content\">\n<p><strong>\u00c9lectronique<\/strong>&nbsp;<\/p>\n\n\n\n<p>Les relev\u00e9s de notes \u00e9lectroniques ne sont accept\u00e9s que lorsqu\u2019ils sont re\u00e7us directement d\u2019un \u00e9tablissement.\nIls doivent \u00eatre num\u00e9ris\u00e9s individuellement au format PDF, enregistr\u00e9s en tant que \u00ab&nbsp;lastname_firstname_institution&nbsp;\u00bb et envoy\u00e9s par e-mail \u00e0 <a href=\"mailto:exam@echima.ca\" target=\"_blank\" rel=\"noreferrer noopener\">exam@echima.ca<\/a>. &nbsp;<\/p>\n\n\n\n<div style=\"height:100px\" aria-hidden=\"true\" class=\"wp-block-spacer\"><\/div>\n<\/div><\/div>\n<\/div>\n\n\n\n<div class=\"o-col u-6of12-md\">\n<div class=\"wp-block-pb-card is-style-light-pattern\"><div class=\"wp-block-pb-card__content\">\n<p><strong>Envoi par la poste<\/strong>&nbsp;<\/p>\n\n\n\n<p>Un \u00e9tablissement et un candidat \u00e0 l\u2019examen peuvent tous deux envoyer par la poste une copie originale scell\u00e9e \u00e0 l\u2019adresse suivante :&nbsp;<\/p>\n\n\n\n<p>CHIM\u00c8RE&nbsp;<br><em>\u00c0 l\u2019ins&nbsp;: Examens<\/em>&nbsp;<br>301-50, rue Ottawa Sud<br>Kitchener (Ontario)<br>N2G 3S7<\/p>\n<\/div><\/div>\n<\/div>\n<\/div>\n\n\n\n<p>L\u2019ACIDS&nbsp;n\u2019est pas en mesure de demander le relev\u00e9 de notes d\u2019un candidat \u00e0 un \u00e9tablissement, car il contient des renseignements personnels.\nIl est sugg\u00e9r\u00e9 que les candidats confirment la politique de leur programme pour soumettre des relev\u00e9s de notes \u00e0 l\u2019ACIDS.\nLes candidats <strong>ne seront pas<\/strong> avis\u00e9s de la r\u00e9ception de leur relev\u00e9 de notes.  &nbsp;<\/p>\n\n\n\n<h2 class=\"wp-block-heading\" id=\"section-3-preparing-for-the-examination\">Section 3 : Pr\u00e9paration \u00e0 l\u2019examen<\/h2>\n\n\n\n<h3 class=\"wp-block-heading\" id=\"studying\">Etudier<\/h3>\n\n\n\n<p>Les ressources suivantes peuvent aider \u00e0 pr\u00e9parer les candidats \u00e0 r\u00e9diger le CHIM NCE :<\/p>\n\n\n\n<div class=\"o-row\">\n<div class=\"o-col u-6of12-md\">\n<div class=\"wp-block-buttons is-layout-flex wp-block-buttons-is-layout-flex\">\n\n\n<div class=\"wp-block-button\"><a class=\"wp-block-button__link wp-element-button\" href=\"https:\/\/cchim.ca\/nce-help-centre\/\">Centre d\u2019aide des RCE<\/a><\/div>\n<\/div>\n<\/div>\n\n\n\n<div class=\"o-col u-6of12-md\"><\/div>\n<\/div>\n\n\n\n<p><strong>Autres ressources d\u2019\u00e9tude<\/strong>&nbsp;<\/p>\n\n\n\n<ul class=\"wp-block-list\">\n<li>L\u2019ab\u00e9c\u00e9daire de classification de la CIM-10-CA\/ICC de Joy Fletcher comporte des questions de pratique avec une cl\u00e9 de r\u00e9ponse et met en \u00e9vidence les principes de codage tout au long des chapitres&nbsp;<\/li>\n\n\n\n<li>L\u2019Institut canadien d\u2019information sur la sant\u00e9 (ICIS) offre des ressources d\u2019information et d\u2019\u00e9ducation sur son site Web pour aider les codeurs<\/li>\n<\/ul>\n\n\n\n\n\n\n\n<p><strong>R\u00e9pondre aux exigences technologiques<\/strong>&nbsp;<\/p>\n\n\n\n<p>Veuillez lire les lignes directrices de surveillance en ligne des RCE pour vous assurer que les exigences en mati\u00e8re de technologie et d\u2019environnement d\u2019essai utilis\u00e9es pendant l\u2019examen sont respect\u00e9es avant votre rendez-vous pr\u00e9vu.<\/p>\n\n\n\n<div class=\"wp-block-buttons is-layout-flex wp-block-buttons-is-layout-flex\"><\/div>\n\n\n\n<h2 class=\"wp-block-heading\" id=\"section-4-writing-the-examination\">Section 4 : Passation de l\u2019examen&nbsp;<\/h2>\n\n\n\n<p><strong>Ressources requises<\/strong><\/p>\n\n\n\n<ol class=\"wp-block-list\" type=\"1\">\n<li><strong>Normes canadiennes de codage c. 2022<\/strong> : Les Normes canadiennes de codage seront accessibles dans la plateforme d\u2019examen.\nUne fois que vous commencez le RCE CCCS, le document sera accessible pendant toute la dur\u00e9e de l\u2019examen.   <strong>Les versions externes ne sont plus autoris\u00e9es.<\/strong><\/li>\n\n\n\n<li><strong>CIM-10-CA\/CCI Folio (v. 2022) logiciel<\/strong>&nbsp;:<strong>\u202f<\/strong>Les candidats \u00e0 l\u2019examen sont responsables de l\u2019achat ou de l\u2019organisation de l\u2019acc\u00e8s au logiciel CIM-10-CA\/CCI Folio.\nLes normes du logiciel Folio doivent \u00eatre&nbsp;pr\u00e9install\u00e9es sur l\u2019ordinateur utilis\u00e9 pour acc\u00e9der \u00e0 l\u2019examen.\nLes candidats \u00e0 l\u2019examen ne doivent pas acc\u00e9der \u00e0 d\u2019autres sites Web ou documents pendant toute la dur\u00e9e de l\u2019examen.  &nbsp;<\/li>\n<\/ol>\n\n\n\n<p><strong>R\u00e9servation d\u2019une date et d\u2019une heure d\u2019examen<\/strong>&nbsp;<\/p>\n\n\n\n<p>Les candidats \u00e0 l\u2019examen recevront un courriel de l\u2019ACIDS pour fixer une date et une heure d\u2019examen.\nLes plages horaires seront bas\u00e9es sur la disponibilit\u00e9 pendant les heures normales d\u2019ouverture de l\u2019Est (du lundi au vendredi, \u00e0 l\u2019exception des jours f\u00e9ri\u00e9s). <strong>Ce courriel est envoy\u00e9 \u00e0 tous les candidats avant la date limite de pr\u00e9sentation des demandes.<\/strong>* <\/p>\n\n\n\n<p>Une fois que les candidats ont r\u00e9serv\u00e9 leur cr\u00e9neau horaire, un courriel sera envoy\u00e9 avec des d\u00e9tails et des rappels suppl\u00e9mentaires lors de la pr\u00e9paration de la journ\u00e9e d\u2019examen.\nS\u2019il vous pla\u00eet v\u00e9rifier les dossiers de spam \/ ind\u00e9sirable pour cet e-mail. <\/p>\n\n\n\n<p>* Parfois, le Coll\u00e8ge pouvait fonctionner en dehors de ces accords de niveau de service en raison de circonstances att\u00e9nuantes.&nbsp;<\/p>\n\n\n\n<h2 class=\"wp-block-heading\" id=\"section-5-receiving-results\">Section 5 : R\u00e9ception des r\u00e9sultats&nbsp;<\/h2>\n\n\n\n<p>Les candidats seront avis\u00e9s par courriel que leurs notes ont \u00e9t\u00e9 affich\u00e9es.\nLes notes sont affich\u00e9es environ 20 jours ouvrables* apr\u00e8s la fin de la p\u00e9riode d\u2019examen.\nLes candidats qui ont r\u00e9ussi recevront un certificat officiel du Coll\u00e8ge canadien de gestion de l\u2019information sur la sant\u00e9 et une lettre de bienvenue par la poste dans les 45 jours ouvrables*.&nbsp;Les candidats retenus seront inscrits au registre des professionnels certifi\u00e9s avec leur nouveau titre professionnel.  <\/p>\n\n\n\n<p>* Parfois, le Coll\u00e8ge pouvait fonctionner en dehors de ces accords de niveau de service en raison de circonstances att\u00e9nuantes.&nbsp;<\/p>\n\n\n\n<hr class=\"wp-block-separator has-css-opacity\">\n\n\n\n<p>Derni\u00e8re mise \u00e0 jour 2023-05-12<\/p>\n","protected":false},"excerpt":{"rendered":"<p>Guide des RCE du CCCS Veuillez lire ce guide de l\u2019examen national de certification (RCE) certifi\u00e9&nbsp;en&nbsp; classification et codage (CCCS) dans son int\u00e9gralit\u00e9 avant de postuler.&nbsp; Section 1 : \u00c0 propos des RCE du CCSC&nbsp;&nbsp; Le&nbsp;RCE du CCSC&nbsp;comprend&nbsp;45&nbsp;questions*&nbsp; et dure&nbsp;132&nbsp;minutes. Chaque question correcte vaut&#8230;<\/p>\n","protected":false},"author":10,"featured_media":0,"parent":885649,"menu_order":2,"comment_status":"closed","ping_status":"closed","template":"","meta":{"footnotes":""},"class_list":["post-885648","page","type-page","status-publish","hentry"],"yoast_head":"<!-- This site is optimized with the Yoast SEO Premium plugin v26.2 (Yoast SEO v27.3) - https:\/\/yoast.com\/product\/yoast-seo-premium-wordpress\/ -->\n<title>Guide des RCE du CCCS - Canadian College of Health Information Management<\/title>\n<meta name=\"description\" content=\"Guide des RCE du CCCS Veuillez lire ce guide de l\u2019examen national de certification (RCE) certifi\u00e9&nbsp;en&nbsp; classification et codage (CCCS) dans son\" \/>\n<meta name=\"robots\" content=\"index, follow, max-snippet:-1, max-image-preview:large, max-video-preview:-1\" \/>\n<link rel=\"canonical\" href=\"https:\/\/cchim.ca\/fr\/certification\/le-cccs\/guide-des-rce-du-cccs\/\" \/>\n<meta property=\"og:locale\" content=\"fr_CA\" \/>\n<meta property=\"og:type\" content=\"article\" \/>\n<meta property=\"og:title\" content=\"Guide des RCE du CCCS\" \/>\n<meta property=\"og:description\" content=\"Guide des RCE du CCCS Veuillez lire ce guide de l\u2019examen national de certification (RCE) certifi\u00e9&nbsp;en&nbsp; classification et codage (CCCS) dans son\" \/>\n<meta property=\"og:url\" content=\"https:\/\/cchim.ca\/fr\/certification\/le-cccs\/guide-des-rce-du-cccs\/\" \/>\n<meta property=\"og:site_name\" content=\"Canadian College of Health Information Management\" \/>\n<meta property=\"article:modified_time\" content=\"2024-09-07T22:25:55+00:00\" \/>\n<meta name=\"twitter:card\" content=\"summary_large_image\" \/>\n<meta name=\"twitter:label1\" content=\"Estimation du temps de lecture\" \/>\n\t<meta name=\"twitter:data1\" content=\"7 minutes\" \/>\n<script type=\"application\/ld+json\" class=\"yoast-schema-graph\">{\"@context\":\"https:\\\/\\\/schema.org\",\"@graph\":[{\"@type\":\"WebPage\",\"@id\":\"https:\\\/\\\/cchim.ca\\\/fr\\\/certification\\\/le-cccs\\\/guide-des-rce-du-cccs\\\/\",\"url\":\"https:\\\/\\\/cchim.ca\\\/fr\\\/certification\\\/le-cccs\\\/guide-des-rce-du-cccs\\\/\",\"name\":\"Guide des RCE du CCCS - Canadian College of Health Information Management\",\"isPartOf\":{\"@id\":\"https:\\\/\\\/cchim.ca\\\/#website\"},\"datePublished\":\"2021-06-07T17:43:25+00:00\",\"dateModified\":\"2024-09-07T22:25:55+00:00\",\"description\":\"Guide des RCE du CCCS Veuillez lire ce guide de l\u2019examen national de certification (RCE) certifi\u00e9&nbsp;en&nbsp; classification et codage (CCCS) dans son\",\"breadcrumb\":{\"@id\":\"https:\\\/\\\/cchim.ca\\\/fr\\\/certification\\\/le-cccs\\\/guide-des-rce-du-cccs\\\/#breadcrumb\"},\"inLanguage\":\"fr-CA\",\"potentialAction\":[{\"@type\":\"ReadAction\",\"target\":[\"https:\\\/\\\/cchim.ca\\\/fr\\\/certification\\\/le-cccs\\\/guide-des-rce-du-cccs\\\/\"]}]},{\"@type\":\"BreadcrumbList\",\"@id\":\"https:\\\/\\\/cchim.ca\\\/fr\\\/certification\\\/le-cccs\\\/guide-des-rce-du-cccs\\\/#breadcrumb\",\"itemListElement\":[{\"@type\":\"ListItem\",\"position\":1,\"name\":\"Home\",\"item\":\"https:\\\/\\\/cchim.ca\\\/\"},{\"@type\":\"ListItem\",\"position\":2,\"name\":\"Guide des RCE du CCCS\"}]},{\"@type\":\"WebSite\",\"@id\":\"https:\\\/\\\/cchim.ca\\\/#website\",\"url\":\"https:\\\/\\\/cchim.ca\\\/\",\"name\":\"Canadian College of Health Information Management\",\"description\":\"Accrediting academic institutions and certifying health information professionals\",\"publisher\":{\"@id\":\"https:\\\/\\\/cchim.ca\\\/#organization\"},\"alternateName\":\"CCHIM\",\"potentialAction\":[{\"@type\":\"SearchAction\",\"target\":{\"@type\":\"EntryPoint\",\"urlTemplate\":\"https:\\\/\\\/cchim.ca\\\/?s={search_term_string}\"},\"query-input\":{\"@type\":\"PropertyValueSpecification\",\"valueRequired\":true,\"valueName\":\"search_term_string\"}}],\"inLanguage\":\"fr-CA\"},{\"@type\":\"Organization\",\"@id\":\"https:\\\/\\\/cchim.ca\\\/#organization\",\"name\":\"Canadian College of Health Information Management\",\"alternateName\":\"CCHIM\",\"url\":\"https:\\\/\\\/cchim.ca\\\/\",\"logo\":{\"@type\":\"ImageObject\",\"inLanguage\":\"fr-CA\",\"@id\":\"https:\\\/\\\/cchim.ca\\\/#\\\/schema\\\/logo\\\/image\\\/\",\"url\":\"https:\\\/\\\/cchim.ca\\\/wp-content\\\/uploads\\\/2020\\\/08\\\/cropped-favicon.webp\",\"contentUrl\":\"https:\\\/\\\/cchim.ca\\\/wp-content\\\/uploads\\\/2020\\\/08\\\/cropped-favicon.webp\",\"width\":512,\"height\":512,\"caption\":\"Canadian College of Health Information Management\"},\"image\":{\"@id\":\"https:\\\/\\\/cchim.ca\\\/#\\\/schema\\\/logo\\\/image\\\/\"},\"description\":\"Canadian College of Health Information Management\",\"email\":\"support@echima.ca\",\"legalName\":\"Canadian College of Health Information Management\",\"foundingDate\":\"1972-09-07\",\"numberOfEmployees\":{\"@type\":\"QuantitativeValue\",\"minValue\":\"11\",\"maxValue\":\"50\"}}]}<\/script>\n<!-- \/ Yoast SEO Premium plugin. -->","yoast_head_json":{"title":"Guide des RCE du CCCS - Canadian College of Health Information Management","description":"Guide des RCE du CCCS Veuillez lire ce guide de l\u2019examen national de certification (RCE) certifi\u00e9&nbsp;en&nbsp; classification et codage (CCCS) dans son","robots":{"index":"index","follow":"follow","max-snippet":"max-snippet:-1","max-image-preview":"max-image-preview:large","max-video-preview":"max-video-preview:-1"},"canonical":"https:\/\/cchim.ca\/fr\/certification\/le-cccs\/guide-des-rce-du-cccs\/","og_locale":"fr_CA","og_type":"article","og_title":"Guide des RCE du CCCS","og_description":"Guide des RCE du CCCS Veuillez lire ce guide de l\u2019examen national de certification (RCE) certifi\u00e9&nbsp;en&nbsp; classification et codage (CCCS) dans son","og_url":"https:\/\/cchim.ca\/fr\/certification\/le-cccs\/guide-des-rce-du-cccs\/","og_site_name":"Canadian College of Health Information Management","article_modified_time":"2024-09-07T22:25:55+00:00","twitter_card":"summary_large_image","twitter_misc":{"Estimation du temps de lecture":"7 minutes"},"schema":{"@context":"https:\/\/schema.org","@graph":[{"@type":"WebPage","@id":"https:\/\/cchim.ca\/fr\/certification\/le-cccs\/guide-des-rce-du-cccs\/","url":"https:\/\/cchim.ca\/fr\/certification\/le-cccs\/guide-des-rce-du-cccs\/","name":"Guide des RCE du CCCS - Canadian College of Health Information Management","isPartOf":{"@id":"https:\/\/cchim.ca\/#website"},"datePublished":"2021-06-07T17:43:25+00:00","dateModified":"2024-09-07T22:25:55+00:00","description":"Guide des RCE du CCCS Veuillez lire ce guide de l\u2019examen national de certification (RCE) certifi\u00e9&nbsp;en&nbsp; classification et codage (CCCS) dans son","breadcrumb":{"@id":"https:\/\/cchim.ca\/fr\/certification\/le-cccs\/guide-des-rce-du-cccs\/#breadcrumb"},"inLanguage":"fr-CA","potentialAction":[{"@type":"ReadAction","target":["https:\/\/cchim.ca\/fr\/certification\/le-cccs\/guide-des-rce-du-cccs\/"]}]},{"@type":"BreadcrumbList","@id":"https:\/\/cchim.ca\/fr\/certification\/le-cccs\/guide-des-rce-du-cccs\/#breadcrumb","itemListElement":[{"@type":"ListItem","position":1,"name":"Home","item":"https:\/\/cchim.ca\/"},{"@type":"ListItem","position":2,"name":"Guide des RCE du CCCS"}]},{"@type":"WebSite","@id":"https:\/\/cchim.ca\/#website","url":"https:\/\/cchim.ca\/","name":"Canadian College of Health Information Management","description":"Accrediting academic institutions and certifying health information professionals","publisher":{"@id":"https:\/\/cchim.ca\/#organization"},"alternateName":"CCHIM","potentialAction":[{"@type":"SearchAction","target":{"@type":"EntryPoint","urlTemplate":"https:\/\/cchim.ca\/?s={search_term_string}"},"query-input":{"@type":"PropertyValueSpecification","valueRequired":true,"valueName":"search_term_string"}}],"inLanguage":"fr-CA"},{"@type":"Organization","@id":"https:\/\/cchim.ca\/#organization","name":"Canadian College of Health Information Management","alternateName":"CCHIM","url":"https:\/\/cchim.ca\/","logo":{"@type":"ImageObject","inLanguage":"fr-CA","@id":"https:\/\/cchim.ca\/#\/schema\/logo\/image\/","url":"https:\/\/cchim.ca\/wp-content\/uploads\/2020\/08\/cropped-favicon.webp","contentUrl":"https:\/\/cchim.ca\/wp-content\/uploads\/2020\/08\/cropped-favicon.webp","width":512,"height":512,"caption":"Canadian College of Health Information Management"},"image":{"@id":"https:\/\/cchim.ca\/#\/schema\/logo\/image\/"},"description":"Canadian College of Health Information Management","email":"support@echima.ca","legalName":"Canadian College of Health Information Management","foundingDate":"1972-09-07","numberOfEmployees":{"@type":"QuantitativeValue","minValue":"11","maxValue":"50"}}]}},"_links":{"self":[{"href":"https:\/\/cchim.ca\/fr\/wp-json\/wp\/v2\/pages\/885648","targetHints":{"allow":["GET"]}}],"collection":[{"href":"https:\/\/cchim.ca\/fr\/wp-json\/wp\/v2\/pages"}],"about":[{"href":"https:\/\/cchim.ca\/fr\/wp-json\/wp\/v2\/types\/page"}],"author":[{"embeddable":true,"href":"https:\/\/cchim.ca\/fr\/wp-json\/wp\/v2\/users\/10"}],"replies":[{"embeddable":true,"href":"https:\/\/cchim.ca\/fr\/wp-json\/wp\/v2\/comments?post=885648"}],"version-history":[{"count":0,"href":"https:\/\/cchim.ca\/fr\/wp-json\/wp\/v2\/pages\/885648\/revisions"}],"up":[{"embeddable":true,"href":"https:\/\/cchim.ca\/fr\/wp-json\/wp\/v2\/pages\/885649"}],"wp:attachment":[{"href":"https:\/\/cchim.ca\/fr\/wp-json\/wp\/v2\/media?parent=885648"}],"curies":[{"name":"wp","href":"https:\/\/api.w.org\/{rel}","templated":true}]}}