{"id":885647,"date":"2021-06-21T18:27:25","date_gmt":"2021-06-21T22:27:25","guid":{"rendered":"https:\/\/cchim.ca\/confirmation-de-la-soumission-du-formulaire\/"},"modified":"2021-06-21T18:27:25","modified_gmt":"2021-06-21T22:27:25","slug":"confirmation-de-la-soumission-du-formulaire","status":"publish","type":"page","link":"https:\/\/cchim.ca\/fr\/confirmation-de-la-soumission-du-formulaire\/","title":{"rendered":"Confirmation de la soumission du formulaire"},"content":{"rendered":"\n<h1 class=\"wp-block-heading\">Confirmation de la soumission du formulaire<\/h1>\n\n\n\n<p>Votre formulaire a \u00e9t\u00e9 soumis.\nMerci. <\/p>\n\n\n\n<p>Veuillez v\u00e9rifier votre e-mail (y compris le dossier de courrier ind\u00e9sirable) pour la confirmation de votre soumission.  <\/p>\n\n\n\n<div class=\"wp-block-buttons is-layout-flex wp-block-buttons-is-layout-flex\">\n<div class=\"wp-block-button\"><a class=\"wp-block-button__link\" href=\"https:\/\/cchim.ca\/members\/contact-the-college\/\" target=\"_blank\" rel=\"noreferrer noopener\">Communiquer avec l\u2019Ordre<\/a><\/div>\n<\/div>\n","protected":false},"excerpt":{"rendered":"<p>Confirmation de la soumission du formulaire Votre formulaire a \u00e9t\u00e9 soumis. Merci. Veuillez v\u00e9rifier votre e-mail (y compris le dossier de courrier ind\u00e9sirable) pour la confirmation de votre soumission.<\/p>\n","protected":false},"author":8,"featured_media":0,"parent":0,"menu_order":0,"comment_status":"closed","ping_status":"closed","template":"","meta":{"footnotes":""},"class_list":["post-885647","page","type-page","status-publish","hentry"],"yoast_head":"<!-- This site is optimized with the Yoast SEO Premium plugin v26.2 (Yoast SEO v27.3) - https:\/\/yoast.com\/product\/yoast-seo-premium-wordpress\/ -->\n<title>Confirmation de la soumission du formulaire - Canadian College of Health Information Management<\/title>\n<meta name=\"description\" content=\"Confirmation de la soumission du formulaire Votre formulaire a \u00e9t\u00e9 soumis. Merci. Veuillez v\u00e9rifier votre e-mail (y compris le dossier de courrier\" \/>\n<meta name=\"robots\" content=\"index, follow, max-snippet:-1, max-image-preview:large, max-video-preview:-1\" \/>\n<link rel=\"canonical\" href=\"https:\/\/cchim.ca\/confirmation-de-la-soumission-du-formulaire\/\" \/>\n<meta property=\"og:locale\" content=\"fr_CA\" \/>\n<meta property=\"og:type\" content=\"article\" \/>\n<meta property=\"og:title\" content=\"Confirmation de la soumission du formulaire\" \/>\n<meta property=\"og:description\" content=\"Confirmation de la soumission du formulaire Votre formulaire a \u00e9t\u00e9 soumis. Merci. Veuillez v\u00e9rifier votre e-mail (y compris le dossier de courrier\" \/>\n<meta property=\"og:url\" content=\"https:\/\/cchim.ca\/confirmation-de-la-soumission-du-formulaire\/\" \/>\n<meta property=\"og:site_name\" content=\"Canadian College of Health Information Management\" \/>\n<meta name=\"twitter:card\" content=\"summary_large_image\" \/>\n<script type=\"application\/ld+json\" class=\"yoast-schema-graph\">{\"@context\":\"https:\\\/\\\/schema.org\",\"@graph\":[{\"@type\":\"WebPage\",\"@id\":\"https:\\\/\\\/cchim.ca\\\/confirmation-de-la-soumission-du-formulaire\\\/\",\"url\":\"https:\\\/\\\/cchim.ca\\\/confirmation-de-la-soumission-du-formulaire\\\/\",\"name\":\"Confirmation de la soumission du formulaire - Canadian College of Health Information Management\",\"isPartOf\":{\"@id\":\"https:\\\/\\\/cchim.ca\\\/#website\"},\"datePublished\":\"2021-06-21T22:27:25+00:00\",\"description\":\"Confirmation de la soumission du formulaire Votre formulaire a \u00e9t\u00e9 soumis. Merci. Veuillez v\u00e9rifier votre e-mail (y compris le dossier de courrier\",\"breadcrumb\":{\"@id\":\"https:\\\/\\\/cchim.ca\\\/confirmation-de-la-soumission-du-formulaire\\\/#breadcrumb\"},\"inLanguage\":\"fr-CA\",\"potentialAction\":[{\"@type\":\"ReadAction\",\"target\":[\"https:\\\/\\\/cchim.ca\\\/confirmation-de-la-soumission-du-formulaire\\\/\"]}]},{\"@type\":\"BreadcrumbList\",\"@id\":\"https:\\\/\\\/cchim.ca\\\/confirmation-de-la-soumission-du-formulaire\\\/#breadcrumb\",\"itemListElement\":[{\"@type\":\"ListItem\",\"position\":1,\"name\":\"Home\",\"item\":\"https:\\\/\\\/cchim.ca\\\/\"},{\"@type\":\"ListItem\",\"position\":2,\"name\":\"Confirmation de la soumission du formulaire\"}]},{\"@type\":\"WebSite\",\"@id\":\"https:\\\/\\\/cchim.ca\\\/#website\",\"url\":\"https:\\\/\\\/cchim.ca\\\/\",\"name\":\"Canadian College of Health Information Management\",\"description\":\"Accrediting academic institutions and certifying health information professionals\",\"publisher\":{\"@id\":\"https:\\\/\\\/cchim.ca\\\/#organization\"},\"alternateName\":\"CCHIM\",\"potentialAction\":[{\"@type\":\"SearchAction\",\"target\":{\"@type\":\"EntryPoint\",\"urlTemplate\":\"https:\\\/\\\/cchim.ca\\\/?s={search_term_string}\"},\"query-input\":{\"@type\":\"PropertyValueSpecification\",\"valueRequired\":true,\"valueName\":\"search_term_string\"}}],\"inLanguage\":\"fr-CA\"},{\"@type\":\"Organization\",\"@id\":\"https:\\\/\\\/cchim.ca\\\/#organization\",\"name\":\"Canadian College of Health Information Management\",\"alternateName\":\"CCHIM\",\"url\":\"https:\\\/\\\/cchim.ca\\\/\",\"logo\":{\"@type\":\"ImageObject\",\"inLanguage\":\"fr-CA\",\"@id\":\"https:\\\/\\\/cchim.ca\\\/#\\\/schema\\\/logo\\\/image\\\/\",\"url\":\"https:\\\/\\\/cchim.ca\\\/wp-content\\\/uploads\\\/2020\\\/08\\\/cropped-favicon.webp\",\"contentUrl\":\"https:\\\/\\\/cchim.ca\\\/wp-content\\\/uploads\\\/2020\\\/08\\\/cropped-favicon.webp\",\"width\":512,\"height\":512,\"caption\":\"Canadian College of Health Information Management\"},\"image\":{\"@id\":\"https:\\\/\\\/cchim.ca\\\/#\\\/schema\\\/logo\\\/image\\\/\"},\"description\":\"Canadian College of Health Information Management\",\"email\":\"support@echima.ca\",\"legalName\":\"Canadian College of Health Information Management\",\"foundingDate\":\"1972-09-07\",\"numberOfEmployees\":{\"@type\":\"QuantitativeValue\",\"minValue\":\"11\",\"maxValue\":\"50\"}}]}<\/script>\n<!-- \/ Yoast SEO Premium plugin. -->","yoast_head_json":{"title":"Confirmation de la soumission du formulaire - Canadian College of Health Information Management","description":"Confirmation de la soumission du formulaire Votre formulaire a \u00e9t\u00e9 soumis. Merci. Veuillez v\u00e9rifier votre e-mail (y compris le dossier de courrier","robots":{"index":"index","follow":"follow","max-snippet":"max-snippet:-1","max-image-preview":"max-image-preview:large","max-video-preview":"max-video-preview:-1"},"canonical":"https:\/\/cchim.ca\/confirmation-de-la-soumission-du-formulaire\/","og_locale":"fr_CA","og_type":"article","og_title":"Confirmation de la soumission du formulaire","og_description":"Confirmation de la soumission du formulaire Votre formulaire a \u00e9t\u00e9 soumis. Merci. Veuillez v\u00e9rifier votre e-mail (y compris le dossier de courrier","og_url":"https:\/\/cchim.ca\/confirmation-de-la-soumission-du-formulaire\/","og_site_name":"Canadian College of Health Information Management","twitter_card":"summary_large_image","schema":{"@context":"https:\/\/schema.org","@graph":[{"@type":"WebPage","@id":"https:\/\/cchim.ca\/confirmation-de-la-soumission-du-formulaire\/","url":"https:\/\/cchim.ca\/confirmation-de-la-soumission-du-formulaire\/","name":"Confirmation de la soumission du formulaire - Canadian College of Health Information Management","isPartOf":{"@id":"https:\/\/cchim.ca\/#website"},"datePublished":"2021-06-21T22:27:25+00:00","description":"Confirmation de la soumission du formulaire Votre formulaire a \u00e9t\u00e9 soumis. Merci. Veuillez v\u00e9rifier votre e-mail (y compris le dossier de courrier","breadcrumb":{"@id":"https:\/\/cchim.ca\/confirmation-de-la-soumission-du-formulaire\/#breadcrumb"},"inLanguage":"fr-CA","potentialAction":[{"@type":"ReadAction","target":["https:\/\/cchim.ca\/confirmation-de-la-soumission-du-formulaire\/"]}]},{"@type":"BreadcrumbList","@id":"https:\/\/cchim.ca\/confirmation-de-la-soumission-du-formulaire\/#breadcrumb","itemListElement":[{"@type":"ListItem","position":1,"name":"Home","item":"https:\/\/cchim.ca\/"},{"@type":"ListItem","position":2,"name":"Confirmation de la soumission du formulaire"}]},{"@type":"WebSite","@id":"https:\/\/cchim.ca\/#website","url":"https:\/\/cchim.ca\/","name":"Canadian College of Health Information Management","description":"Accrediting academic institutions and certifying health information professionals","publisher":{"@id":"https:\/\/cchim.ca\/#organization"},"alternateName":"CCHIM","potentialAction":[{"@type":"SearchAction","target":{"@type":"EntryPoint","urlTemplate":"https:\/\/cchim.ca\/?s={search_term_string}"},"query-input":{"@type":"PropertyValueSpecification","valueRequired":true,"valueName":"search_term_string"}}],"inLanguage":"fr-CA"},{"@type":"Organization","@id":"https:\/\/cchim.ca\/#organization","name":"Canadian College of Health Information Management","alternateName":"CCHIM","url":"https:\/\/cchim.ca\/","logo":{"@type":"ImageObject","inLanguage":"fr-CA","@id":"https:\/\/cchim.ca\/#\/schema\/logo\/image\/","url":"https:\/\/cchim.ca\/wp-content\/uploads\/2020\/08\/cropped-favicon.webp","contentUrl":"https:\/\/cchim.ca\/wp-content\/uploads\/2020\/08\/cropped-favicon.webp","width":512,"height":512,"caption":"Canadian College of Health Information Management"},"image":{"@id":"https:\/\/cchim.ca\/#\/schema\/logo\/image\/"},"description":"Canadian College of Health Information Management","email":"support@echima.ca","legalName":"Canadian College of Health Information Management","foundingDate":"1972-09-07","numberOfEmployees":{"@type":"QuantitativeValue","minValue":"11","maxValue":"50"}}]}},"_links":{"self":[{"href":"https:\/\/cchim.ca\/fr\/wp-json\/wp\/v2\/pages\/885647","targetHints":{"allow":["GET"]}}],"collection":[{"href":"https:\/\/cchim.ca\/fr\/wp-json\/wp\/v2\/pages"}],"about":[{"href":"https:\/\/cchim.ca\/fr\/wp-json\/wp\/v2\/types\/page"}],"author":[{"embeddable":true,"href":"https:\/\/cchim.ca\/fr\/wp-json\/wp\/v2\/users\/8"}],"replies":[{"embeddable":true,"href":"https:\/\/cchim.ca\/fr\/wp-json\/wp\/v2\/comments?post=885647"}],"version-history":[{"count":0,"href":"https:\/\/cchim.ca\/fr\/wp-json\/wp\/v2\/pages\/885647\/revisions"}],"wp:attachment":[{"href":"https:\/\/cchim.ca\/fr\/wp-json\/wp\/v2\/media?parent=885647"}],"curies":[{"name":"wp","href":"https:\/\/api.w.org\/{rel}","templated":true}]}}