{"id":885642,"date":"2021-10-07T14:25:04","date_gmt":"2021-10-07T18:25:04","guid":{"rendered":"https:\/\/cchim.ca\/portail-de-lassurance-emploi-acces-au-cerp\/"},"modified":"2025-01-13T12:13:13","modified_gmt":"2025-01-13T17:13:13","slug":"portail-de-lassurance-emploi-acces-au-cerp","status":"publish","type":"page","link":"https:\/\/cchim.ca\/fr\/portail-de-lassurance-emploi\/portail-de-lassurance-emploi-acces-au-cerp\/","title":{"rendered":"Portail de l\u2019assurance-emploi &#8211; Acc\u00e8s au CERP"},"content":{"rendered":"<p><a class=\"wp-block-button__link\" href=\"https:\/\/cchim.ca\/fr\/portail-de-lassurance-emploi\/\">Retour au portail de l\u2019assurance-emploi<\/a><\/p>\n\n<h1 class=\"wp-block-heading\" id=\"h-college-educational-resources-program-access\">Acc\u00e8s au Programme de ressources \u00e9ducatives des coll\u00e8ges<\/h1>\n\n<div class=\"wp-block-pb-section alignfull is-style-dark-pattern\"><div class=\"o-container\">\n<p>L\u2019acc\u00e8s au CERP est limit\u00e9 aux abonn\u00e9s seulement.\nLes institutions int\u00e9ress\u00e9es peuvent <a href=\"\">s\u2019abonner d\u00e8s aujourd\u2019hui<\/a>. <\/p>\n<\/div><\/div>\n\n<h2 class=\"wp-block-heading\" id=\"h-access-to-cerp-offerings\">Acc\u00e8s aux offres du CERP<\/h2>\n\n<div class=\"o-row\">\n<div class=\"o-col u-6of12-md\">\n<p>Une fois qu\u2019un \u00e9tablissement d\u2019enseignement est devenu un abonn\u00e9 au Programme de ressources \u00e9ducatives coll\u00e9giales (CERP), le corps professoral et les \u00e9tudiants ont acc\u00e8s \u00e0 de pr\u00e9cieuses ressources \u00e9ducatives.\nVeuillez suivre les \u00e9tapes appropri\u00e9es pour chaque offre.   <\/p>\n<\/div>\n\n\n\n<div class=\"o-col u-6of12-md\">\n<h2 class=\"wp-block-heading\" id=\"h-quick-links\">Liens rapides  <\/h2>\n\n\n\n<ul class=\"wp-block-list\">\n<li><a href=\"https:\/\/healthinfocanada.ca\/about\/partners\/\" target=\"_blank\" rel=\"noreferrer noopener\">En savoir plus sur le CERP<\/a><\/li>\n\n\n\n<li><a href=\"https:\/\/cchim.ca\/fr\/ressources-de-marque-du-college-pour-les-partenaires\/\">Documents de marketing du Coll\u00e8ge d\u2019acc\u00e8s<\/a><\/li>\n\n\n\n<li><a href=\"https:\/\/cchim.ca\/fr\/portail-de-lassurance-emploi\/portail-de-lassurance-emploi-acces-au-cerp\/partenariats-et-relations-externes-reconnaissance-de-la-marque\/\">Logo de l\u2019\u00e9tablissement de soumission<\/a><\/li>\n<\/ul>\n<\/div>\n<\/div>\n\n<div class=\"wp-block-pb-accordion-item c-accordion__item js-accordion-item no-js\" data-initially-open=\"false\" data-click-to-close=\"true\" data-auto-close=\"true\" data-scroll=\"false\" data-scroll-offset=\"0\"><h2 id=\"at-8710860\" class=\"c-accordion__title js-accordion-controller\" role=\"button\">CIHI\u2019s eStore, Learning Centre, and eQuery<\/h2><div id=\"ac-8710860\" class=\"c-accordion__content\">\n<p><strong><em>IMPORTANT :<\/em><\/strong><\/p>\n\n\n\n<p><em>Ne partagez pas ces informations.\nL\u2019acc\u00e8s aux produits de l\u2019ICIS est limit\u00e9 aux \u00e9tudiants et aux membres du personnel de l\u2019\u00e9tablissement ayant une adh\u00e9sion valide \u00e0 l\u2019ACIDS.\nUn acc\u00e8s inappropri\u00e9 entra\u00eenera une suspension imm\u00e9diate de l\u2019acc\u00e8s \u00e0 l\u2019ICIS.  <\/em><\/p>\n\n\n\n<ol class=\"wp-block-list\">\n<li>Assurez-vous d\u2019avoir une <a href=\"https:\/\/www.echima.ca\/membership\/\" target=\"_blank\" rel=\"noreferrer noopener\">adh\u00e9sion \u00e0 la CHIMA<\/a> (p. ex., professionnel, \u00e9tudiant, affili\u00e9 ou retrait\u00e9)<\/li>\n\n\n\n<li>Connectez-vous \u00e0 votre compte CHIMA (le nom devrait appara\u00eetre, un indicateur que la connexion a r\u00e9ussi)<\/li>\n\n\n\n<li>S\u00e9lectionnez la fl\u00e8che \u00e0 c\u00f4t\u00e9 de votre nom et choisissez \u00ab\u00a0Mon tableau de bord\u00a0\u00bb<\/li>\n\n\n\n<li>Acc\u00e9dez \u00e0 \u00ab Coll\u00e8ge canadien de gestion de l\u2019information sur la sant\u00e9 \u00bb<\/li>\n\n\n\n<li>Cliquez sur la carte \u00ab\u00a0Ressources \u00e9ducatives\u00a0\u00bb pour tout voir<\/li>\n\n\n\n<li>Cliquez sur la carte \u00ab Ressources de l\u2019ICIS \u00bb pour en savoir plus<\/li>\n\n\n\n<li>Remplissez le \u00ab Formulaire de demande d\u2019acc\u00e8s aux ressources de l\u2019ICIS \u00bb<\/li>\n\n\n\n<li>Consultez votre courriel pour obtenir des instructions pour acc\u00e9der \u00e0 la boutique en ligne, au Centre d\u2019apprentissage et \u00e0 la recherche \u00e9lectronique par l\u2019entremise d\u2019une page Web prot\u00e9g\u00e9e par mot de passe (veuillez consulter votre dossier de courrier ind\u00e9sirable)<\/li>\n<\/ol>\n<\/div><\/div>\n\n<div class=\"wp-block-pb-accordion-item c-accordion__item js-accordion-item no-js\" data-initially-open=\"false\" data-click-to-close=\"true\" data-auto-close=\"true\" data-scroll=\"false\" data-scroll-offset=\"0\"><h2 id=\"at-8710861\" class=\"c-accordion__title js-accordion-controller\" role=\"button\">NEW CIHI Discharge Abstract Database (DAD) data sets<\/h2><div id=\"ac-8710861\" class=\"c-accordion__content\">\n<p><strong><em>IMPORTANT :<\/em><\/strong><\/p>\n\n\n\n<p><em>Ne partagez pas ces informations.\nL\u2019acc\u00e8s aux produits de l\u2019ICIS est limit\u00e9 aux \u00e9tudiants et aux membres du personnel de l\u2019\u00e9tablissement ayant une adh\u00e9sion valide \u00e0 l\u2019ACIDS.\nUn acc\u00e8s inappropri\u00e9 entra\u00eenera une suspension imm\u00e9diate de l\u2019acc\u00e8s \u00e0 l\u2019ICIS.  <\/em><\/p>\n\n\n\n<ul class=\"wp-block-list\">\n<li>Visitez <a href=\"https:\/\/www.cchim.ca\/access-dad-data-sets\">cchim.ca\/access-dad-data-sets<\/a> et compl\u00e9tez la premi\u00e8re \u00e9tape pour acc\u00e9der \u00e0 l\u2019accord\n<ul class=\"wp-block-list\">\n<li>Veuillez noter que :  <em>Une institution devra s\u2019assurer que les fichiers de l\u2019ICIS seront h\u00e9berg\u00e9s de fa\u00e7on centralis\u00e9e et prot\u00e9g\u00e9s par mot de passe dans un environnement s\u00e9curis\u00e9 pour utilisation.\nIl est entendu qu\u2019un environnement central comme un environnement de service terminal serait pr\u00e9f\u00e9rable. <\/em><\/li>\n<\/ul>\n<\/li>\n\n\n\n<li>Revenez \u00e0 <a href=\"https:\/\/www.cchim.ca\/access-dad-data-sets\">cchim.ca\/access-dad-data-sets<\/a> et terminez la deuxi\u00e8me \u00e9tape pour t\u00e9l\u00e9charger l\u2019accord.  <\/li>\n\n\n\n<li>L\u2019ACIDS donnera acc\u00e8s \u00e0 un dossier SharePoint s\u00e9curis\u00e9 pour t\u00e9l\u00e9charger les ensembles de donn\u00e9es.\n<ul class=\"wp-block-list\">\n<li>Remarque : L\u2019acc\u00e8s au dossier SharePoint sera valide pendant sept jours ouvrables.\nVeuillez planifier la date d\u2019acc\u00e8s en cons\u00e9quence avec l\u2019ACIDS.   <\/li>\n<\/ul>\n<\/li>\n<\/ul>\n<\/div><\/div>\n","protected":false},"excerpt":{"rendered":"<p>Retour au portail de l\u2019assurance-emploi Acc\u00e8s au Programme de ressources \u00e9ducatives des coll\u00e8ges Acc\u00e8s aux offres du CERP<\/p>\n","protected":false},"author":8,"featured_media":0,"parent":885658,"menu_order":0,"comment_status":"closed","ping_status":"closed","template":"","meta":{"footnotes":""},"class_list":["post-885642","page","type-page","status-publish","hentry"],"yoast_head":"<!-- This site is optimized with the Yoast SEO Premium plugin v26.2 (Yoast SEO v27.3) - https:\/\/yoast.com\/product\/yoast-seo-premium-wordpress\/ -->\n<title>Portail de l\u2019assurance-emploi - Acc\u00e8s au CERP - Canadian College of Health Information Management<\/title>\n<meta name=\"description\" content=\"Retour au portail de l\u2019assurance-emploi Acc\u00e8s au Programme de ressources \u00e9ducatives des coll\u00e8ges L\u2019acc\u00e8s au CERP est limit\u00e9 aux abonn\u00e9s seulement. Les\" \/>\n<meta name=\"robots\" content=\"index, follow, max-snippet:-1, max-image-preview:large, max-video-preview:-1\" \/>\n<link rel=\"canonical\" href=\"https:\/\/cchim.ca\/fr\/portail-de-lassurance-emploi\/portail-de-lassurance-emploi-acces-au-cerp\/\" \/>\n<meta property=\"og:locale\" content=\"fr_CA\" \/>\n<meta property=\"og:type\" content=\"article\" \/>\n<meta property=\"og:title\" content=\"Portail de l\u2019assurance-emploi - Acc\u00e8s au CERP\" \/>\n<meta property=\"og:description\" content=\"Retour au portail de l\u2019assurance-emploi Acc\u00e8s au Programme de ressources \u00e9ducatives des coll\u00e8ges L\u2019acc\u00e8s au CERP est limit\u00e9 aux abonn\u00e9s seulement. Les\" \/>\n<meta property=\"og:url\" content=\"https:\/\/cchim.ca\/fr\/portail-de-lassurance-emploi\/portail-de-lassurance-emploi-acces-au-cerp\/\" \/>\n<meta property=\"og:site_name\" content=\"Canadian College of Health Information Management\" \/>\n<meta property=\"article:modified_time\" content=\"2025-01-13T17:13:13+00:00\" \/>\n<meta name=\"twitter:card\" content=\"summary_large_image\" \/>\n<meta name=\"twitter:label1\" content=\"Estimation du temps de lecture\" \/>\n\t<meta name=\"twitter:data1\" content=\"2 minutes\" \/>\n<script type=\"application\/ld+json\" class=\"yoast-schema-graph\">{\"@context\":\"https:\\\/\\\/schema.org\",\"@graph\":[{\"@type\":\"WebPage\",\"@id\":\"https:\\\/\\\/cchim.ca\\\/fr\\\/portail-de-lassurance-emploi\\\/portail-de-lassurance-emploi-acces-au-cerp\\\/\",\"url\":\"https:\\\/\\\/cchim.ca\\\/fr\\\/portail-de-lassurance-emploi\\\/portail-de-lassurance-emploi-acces-au-cerp\\\/\",\"name\":\"Portail de l\u2019assurance-emploi - Acc\u00e8s au CERP - Canadian College of Health Information Management\",\"isPartOf\":{\"@id\":\"https:\\\/\\\/cchim.ca\\\/#website\"},\"datePublished\":\"2021-10-07T18:25:04+00:00\",\"dateModified\":\"2025-01-13T17:13:13+00:00\",\"description\":\"Retour au portail de l\u2019assurance-emploi Acc\u00e8s au Programme de ressources \u00e9ducatives des coll\u00e8ges L\u2019acc\u00e8s au CERP est limit\u00e9 aux abonn\u00e9s seulement. Les\",\"breadcrumb\":{\"@id\":\"https:\\\/\\\/cchim.ca\\\/fr\\\/portail-de-lassurance-emploi\\\/portail-de-lassurance-emploi-acces-au-cerp\\\/#breadcrumb\"},\"inLanguage\":\"fr-CA\",\"potentialAction\":[{\"@type\":\"ReadAction\",\"target\":[\"https:\\\/\\\/cchim.ca\\\/fr\\\/portail-de-lassurance-emploi\\\/portail-de-lassurance-emploi-acces-au-cerp\\\/\"]}]},{\"@type\":\"BreadcrumbList\",\"@id\":\"https:\\\/\\\/cchim.ca\\\/fr\\\/portail-de-lassurance-emploi\\\/portail-de-lassurance-emploi-acces-au-cerp\\\/#breadcrumb\",\"itemListElement\":[{\"@type\":\"ListItem\",\"position\":1,\"name\":\"Home\",\"item\":\"https:\\\/\\\/cchim.ca\\\/\"},{\"@type\":\"ListItem\",\"position\":2,\"name\":\"Portail de l\u2019assurance-emploi\",\"item\":\"https:\\\/\\\/cchim.ca\\\/fr\\\/portail-de-lassurance-emploi\\\/\"},{\"@type\":\"ListItem\",\"position\":3,\"name\":\"Portail de l\u2019assurance-emploi &#8211; Acc\u00e8s au CERP\"}]},{\"@type\":\"WebSite\",\"@id\":\"https:\\\/\\\/cchim.ca\\\/#website\",\"url\":\"https:\\\/\\\/cchim.ca\\\/\",\"name\":\"Canadian College of Health Information Management\",\"description\":\"Accrediting academic institutions and certifying health information professionals\",\"publisher\":{\"@id\":\"https:\\\/\\\/cchim.ca\\\/#organization\"},\"alternateName\":\"CCHIM\",\"potentialAction\":[{\"@type\":\"SearchAction\",\"target\":{\"@type\":\"EntryPoint\",\"urlTemplate\":\"https:\\\/\\\/cchim.ca\\\/?s={search_term_string}\"},\"query-input\":{\"@type\":\"PropertyValueSpecification\",\"valueRequired\":true,\"valueName\":\"search_term_string\"}}],\"inLanguage\":\"fr-CA\"},{\"@type\":\"Organization\",\"@id\":\"https:\\\/\\\/cchim.ca\\\/#organization\",\"name\":\"Canadian College of Health Information Management\",\"alternateName\":\"CCHIM\",\"url\":\"https:\\\/\\\/cchim.ca\\\/\",\"logo\":{\"@type\":\"ImageObject\",\"inLanguage\":\"fr-CA\",\"@id\":\"https:\\\/\\\/cchim.ca\\\/#\\\/schema\\\/logo\\\/image\\\/\",\"url\":\"https:\\\/\\\/cchim.ca\\\/wp-content\\\/uploads\\\/2020\\\/08\\\/cropped-favicon.webp\",\"contentUrl\":\"https:\\\/\\\/cchim.ca\\\/wp-content\\\/uploads\\\/2020\\\/08\\\/cropped-favicon.webp\",\"width\":512,\"height\":512,\"caption\":\"Canadian College of Health Information Management\"},\"image\":{\"@id\":\"https:\\\/\\\/cchim.ca\\\/#\\\/schema\\\/logo\\\/image\\\/\"},\"description\":\"Canadian College of Health Information Management\",\"email\":\"support@echima.ca\",\"legalName\":\"Canadian College of Health Information Management\",\"foundingDate\":\"1972-09-07\",\"numberOfEmployees\":{\"@type\":\"QuantitativeValue\",\"minValue\":\"11\",\"maxValue\":\"50\"}}]}<\/script>\n<!-- \/ Yoast SEO Premium plugin. -->","yoast_head_json":{"title":"Portail de l\u2019assurance-emploi - Acc\u00e8s au CERP - Canadian College of Health Information Management","description":"Retour au portail de l\u2019assurance-emploi Acc\u00e8s au Programme de ressources \u00e9ducatives des coll\u00e8ges L\u2019acc\u00e8s au CERP est limit\u00e9 aux abonn\u00e9s seulement. Les","robots":{"index":"index","follow":"follow","max-snippet":"max-snippet:-1","max-image-preview":"max-image-preview:large","max-video-preview":"max-video-preview:-1"},"canonical":"https:\/\/cchim.ca\/fr\/portail-de-lassurance-emploi\/portail-de-lassurance-emploi-acces-au-cerp\/","og_locale":"fr_CA","og_type":"article","og_title":"Portail de l\u2019assurance-emploi - Acc\u00e8s au CERP","og_description":"Retour au portail de l\u2019assurance-emploi Acc\u00e8s au Programme de ressources \u00e9ducatives des coll\u00e8ges L\u2019acc\u00e8s au CERP est limit\u00e9 aux abonn\u00e9s seulement. Les","og_url":"https:\/\/cchim.ca\/fr\/portail-de-lassurance-emploi\/portail-de-lassurance-emploi-acces-au-cerp\/","og_site_name":"Canadian College of Health Information Management","article_modified_time":"2025-01-13T17:13:13+00:00","twitter_card":"summary_large_image","twitter_misc":{"Estimation du temps de lecture":"2 minutes"},"schema":{"@context":"https:\/\/schema.org","@graph":[{"@type":"WebPage","@id":"https:\/\/cchim.ca\/fr\/portail-de-lassurance-emploi\/portail-de-lassurance-emploi-acces-au-cerp\/","url":"https:\/\/cchim.ca\/fr\/portail-de-lassurance-emploi\/portail-de-lassurance-emploi-acces-au-cerp\/","name":"Portail de l\u2019assurance-emploi - Acc\u00e8s au CERP - Canadian College of Health Information Management","isPartOf":{"@id":"https:\/\/cchim.ca\/#website"},"datePublished":"2021-10-07T18:25:04+00:00","dateModified":"2025-01-13T17:13:13+00:00","description":"Retour au portail de l\u2019assurance-emploi Acc\u00e8s au Programme de ressources \u00e9ducatives des coll\u00e8ges L\u2019acc\u00e8s au CERP est limit\u00e9 aux abonn\u00e9s seulement. Les","breadcrumb":{"@id":"https:\/\/cchim.ca\/fr\/portail-de-lassurance-emploi\/portail-de-lassurance-emploi-acces-au-cerp\/#breadcrumb"},"inLanguage":"fr-CA","potentialAction":[{"@type":"ReadAction","target":["https:\/\/cchim.ca\/fr\/portail-de-lassurance-emploi\/portail-de-lassurance-emploi-acces-au-cerp\/"]}]},{"@type":"BreadcrumbList","@id":"https:\/\/cchim.ca\/fr\/portail-de-lassurance-emploi\/portail-de-lassurance-emploi-acces-au-cerp\/#breadcrumb","itemListElement":[{"@type":"ListItem","position":1,"name":"Home","item":"https:\/\/cchim.ca\/"},{"@type":"ListItem","position":2,"name":"Portail de l\u2019assurance-emploi","item":"https:\/\/cchim.ca\/fr\/portail-de-lassurance-emploi\/"},{"@type":"ListItem","position":3,"name":"Portail de l\u2019assurance-emploi &#8211; Acc\u00e8s au CERP"}]},{"@type":"WebSite","@id":"https:\/\/cchim.ca\/#website","url":"https:\/\/cchim.ca\/","name":"Canadian College of Health Information Management","description":"Accrediting academic institutions and certifying health information professionals","publisher":{"@id":"https:\/\/cchim.ca\/#organization"},"alternateName":"CCHIM","potentialAction":[{"@type":"SearchAction","target":{"@type":"EntryPoint","urlTemplate":"https:\/\/cchim.ca\/?s={search_term_string}"},"query-input":{"@type":"PropertyValueSpecification","valueRequired":true,"valueName":"search_term_string"}}],"inLanguage":"fr-CA"},{"@type":"Organization","@id":"https:\/\/cchim.ca\/#organization","name":"Canadian College of Health Information Management","alternateName":"CCHIM","url":"https:\/\/cchim.ca\/","logo":{"@type":"ImageObject","inLanguage":"fr-CA","@id":"https:\/\/cchim.ca\/#\/schema\/logo\/image\/","url":"https:\/\/cchim.ca\/wp-content\/uploads\/2020\/08\/cropped-favicon.webp","contentUrl":"https:\/\/cchim.ca\/wp-content\/uploads\/2020\/08\/cropped-favicon.webp","width":512,"height":512,"caption":"Canadian College of Health Information Management"},"image":{"@id":"https:\/\/cchim.ca\/#\/schema\/logo\/image\/"},"description":"Canadian College of Health Information Management","email":"support@echima.ca","legalName":"Canadian College of Health Information Management","foundingDate":"1972-09-07","numberOfEmployees":{"@type":"QuantitativeValue","minValue":"11","maxValue":"50"}}]}},"_links":{"self":[{"href":"https:\/\/cchim.ca\/fr\/wp-json\/wp\/v2\/pages\/885642","targetHints":{"allow":["GET"]}}],"collection":[{"href":"https:\/\/cchim.ca\/fr\/wp-json\/wp\/v2\/pages"}],"about":[{"href":"https:\/\/cchim.ca\/fr\/wp-json\/wp\/v2\/types\/page"}],"author":[{"embeddable":true,"href":"https:\/\/cchim.ca\/fr\/wp-json\/wp\/v2\/users\/8"}],"replies":[{"embeddable":true,"href":"https:\/\/cchim.ca\/fr\/wp-json\/wp\/v2\/comments?post=885642"}],"version-history":[{"count":0,"href":"https:\/\/cchim.ca\/fr\/wp-json\/wp\/v2\/pages\/885642\/revisions"}],"up":[{"embeddable":true,"href":"https:\/\/cchim.ca\/fr\/wp-json\/wp\/v2\/pages\/885658"}],"wp:attachment":[{"href":"https:\/\/cchim.ca\/fr\/wp-json\/wp\/v2\/media?parent=885642"}],"curies":[{"name":"wp","href":"https:\/\/api.w.org\/{rel}","templated":true}]}}