{"id":885639,"date":"2021-09-16T17:51:41","date_gmt":"2021-09-16T21:51:41","guid":{"rendered":"https:\/\/cchim.ca\/partenariats-et-relations-externes-partage-des-connaissances\/"},"modified":"2024-09-07T18:25:52","modified_gmt":"2024-09-07T22:25:52","slug":"partenariats-et-relations-externes-partage-des-connaissances","status":"publish","type":"page","link":"https:\/\/cchim.ca\/fr\/portail-de-lassurance-emploi\/portail-de-lassurance-emploi-acces-au-cerp\/partenariats-et-relations-externes-partage-des-connaissances\/","title":{"rendered":"Partenariats et relations externes &#8211; Partage des connaissances"},"content":{"rendered":"\n<h1 class=\"wp-block-heading\">Soumettre une demande \u00e0 l\u2019Ordre pour examiner un bien<\/h1>\n\n\n\n<p>Lorsqu\u2019une organisation devient un partenaire abonn\u00e9 de l\u2019Ordre, elle a acc\u00e8s \u00e0 la biblioth\u00e8que publique open source de l\u2019Ordre pour partager des connaissances telles que des recherches, des m\u00e9moires, des cadres, des mod\u00e8les ou des normes.\nLes partenaires peuvent \u00e9galement ajouter des articles de leadership \u00e9clair\u00e9 \u00e0 la section des nouvelles de cchim.ca. <\/p>\n\n\n\n<div class=\"wp-block-pb-accordion-item c-accordion__item js-accordion-item no-js\" data-initially-open=\"false\" data-click-to-close=\"true\" data-auto-close=\"true\" data-scroll=\"false\" data-scroll-offset=\"0\"><h2 id=\"at-8714310\" class=\"c-accordion__title js-accordion-controller\" role=\"button\">Le processus<\/h2><div id=\"ac-8714310\" class=\"c-accordion__content\">\n<p>Une entente sera conclue entre l\u2019Ordre et son partenaire afin de d\u00e9terminer les biens mutuellement avantageux* qui m\u00e9ritent d\u2019\u00eatre partag\u00e9s avec les Canadiens.<\/p>\n\n\n\n<h4 class=\"wp-block-heading\">Publication de contenu sur la biblioth\u00e8que de l\u2019Ordre<\/h4>\n\n\n\n<div class=\"o-row\">\n<div class=\"o-col\">\n<div class=\"o-block-grid o-block-grid-2-md o-block-grid-3-lg\">\n<div class=\"o-block-grid__item\">\n<div class=\"wp-block-pb-card is-style-dark-pattern\"><div class=\"wp-block-pb-card__content\">\n<p class=\"has-text-align-center\">\u00c9tape 1 : Soumettre une demande \u00e0 l\u2019Ordre pour examiner un bien<\/p>\n<\/div><\/div>\n<\/div>\n\n\n\n<div class=\"o-block-grid__item\">\n<div class=\"wp-block-pb-card is-style-dark-pattern\"><div class=\"wp-block-pb-card__content\">\n<p class=\"has-text-align-center\">\u00c9tape 2 : D\u00e9terminer les biens mutuellement avantageux qui valent la peine d\u2019\u00eatre partag\u00e9s dans la biblioth\u00e8que<\/p>\n<\/div><\/div>\n<\/div>\n\n\n\n<div class=\"o-block-grid__item\">\n<div class=\"wp-block-pb-card is-style-dark-pattern\"><div class=\"wp-block-pb-card__content\">\n<p class=\"has-text-align-center\">\u00c9tape 3 : Fournir un hyperlien publi\u00e9 et une br\u00e8ve description \u00e0 l\u2019Ordre pour la republier<\/p>\n<\/div><\/div>\n<\/div>\n<\/div>\n<\/div>\n<\/div>\n\n\n\n<h4 class=\"wp-block-heading\">Publication de contenu sur les nouvelles de l\u2019Ordre<\/h4>\n\n\n\n<div class=\"wp-block-group\"><div class=\"wp-block-group__inner-container is-layout-flow wp-block-group-is-layout-flow\">\n<div class=\"o-block-grid o-block-grid-2-md o-block-grid-3-lg\">\n<div class=\"o-block-grid__item\">\n<div class=\"wp-block-pb-card is-style-dark-pattern\"><div class=\"wp-block-pb-card__content\">\n<p class=\"has-text-align-center\">\u00c9tape 1 : Soumettre une demande \u00e0 l\u2019Ordre pour examiner un bien<\/p>\n<\/div><\/div>\n<\/div>\n\n\n\n<div class=\"o-block-grid__item\">\n<div class=\"wp-block-pb-card is-style-dark-pattern\"><div class=\"wp-block-pb-card__content\">\n<p class=\"has-text-align-center\">\u00c9tape 2 : D\u00e9terminer les articles sur le leadership \u00e9clair\u00e9 qui valent la peine d\u2019\u00eatre partag\u00e9s  <\/p>\n<\/div><\/div>\n<\/div>\n\n\n\n<div class=\"o-block-grid__item\">\n<div class=\"wp-block-pb-card is-style-dark-pattern\"><div class=\"wp-block-pb-card__content\">\n<p class=\"has-text-align-center\">\u00c9tape 3 : Fournir une copie, des graphiques, des hyperliens, etc. \u00e0 l\u2019Ordre pour examen et publication<\/p>\n<\/div><\/div>\n<\/div>\n<\/div>\n<\/div><\/div>\n\n\n\n<p>*Les biens partag\u00e9s par le Coll\u00e8ge canadien de gestion de l\u2019information sur la sant\u00e9 sont fond\u00e9s sur la disponibilit\u00e9 et la capacit\u00e9.<\/p>\n<\/div><\/div>\n\n\n\n<div class=\"wp-block-pb-accordion-item c-accordion__item js-accordion-item no-js\" data-initially-open=\"false\" data-click-to-close=\"true\" data-auto-close=\"true\" data-scroll=\"false\" data-scroll-offset=\"0\"><h2 id=\"at-8714311\" class=\"c-accordion__title js-accordion-controller\" role=\"button\">Soumettre une demande \u00e0 l\u2019Ordre<\/h2><div id=\"ac-8714311\" class=\"c-accordion__content\"><\/div><\/div>\n\n\n\n\n","protected":false},"excerpt":{"rendered":"<p>Soumettre une demande \u00e0 l\u2019Ordre pour examiner un bien Lorsqu\u2019une organisation devient un partenaire abonn\u00e9 de l\u2019Ordre, elle a acc\u00e8s \u00e0 la biblioth\u00e8que publique open source de l\u2019Ordre pour partager des connaissances telles que des recherches, des m\u00e9moires, des cadres, des mod\u00e8les ou des&#8230;<\/p>\n","protected":false},"author":8,"featured_media":0,"parent":885642,"menu_order":0,"comment_status":"closed","ping_status":"closed","template":"","meta":{"footnotes":""},"class_list":["post-885639","page","type-page","status-publish","hentry"],"yoast_head":"<!-- This site is optimized with the Yoast SEO Premium plugin v26.2 (Yoast SEO v27.3) - https:\/\/yoast.com\/product\/yoast-seo-premium-wordpress\/ -->\n<title>Partenariats et relations externes - Partage des connaissances - Canadian College of Health Information Management<\/title>\n<meta name=\"description\" content=\"Soumettre une demande \u00e0 l\u2019Ordre pour examiner un bien Lorsqu\u2019une organisation devient un partenaire abonn\u00e9 de l\u2019Ordre, elle a acc\u00e8s \u00e0 la biblioth\u00e8que\" \/>\n<meta name=\"robots\" content=\"index, follow, max-snippet:-1, max-image-preview:large, max-video-preview:-1\" \/>\n<link rel=\"canonical\" href=\"https:\/\/cchim.ca\/fr\/portail-de-lassurance-emploi\/portail-de-lassurance-emploi-acces-au-cerp\/partenariats-et-relations-externes-partage-des-connaissances\/\" \/>\n<meta property=\"og:locale\" content=\"fr_CA\" \/>\n<meta property=\"og:type\" content=\"article\" \/>\n<meta property=\"og:title\" content=\"Partenariats et relations externes - Partage des connaissances\" \/>\n<meta property=\"og:description\" content=\"Soumettre une demande \u00e0 l\u2019Ordre pour examiner un bien Lorsqu\u2019une organisation devient un partenaire abonn\u00e9 de l\u2019Ordre, elle a acc\u00e8s \u00e0 la biblioth\u00e8que\" \/>\n<meta property=\"og:url\" content=\"https:\/\/cchim.ca\/fr\/portail-de-lassurance-emploi\/portail-de-lassurance-emploi-acces-au-cerp\/partenariats-et-relations-externes-partage-des-connaissances\/\" \/>\n<meta property=\"og:site_name\" content=\"Canadian College of Health Information Management\" \/>\n<meta property=\"article:modified_time\" content=\"2024-09-07T22:25:52+00:00\" \/>\n<meta name=\"twitter:card\" content=\"summary_large_image\" \/>\n<meta name=\"twitter:label1\" content=\"Estimation du temps de lecture\" \/>\n\t<meta name=\"twitter:data1\" content=\"1 minute\" \/>\n<script type=\"application\/ld+json\" class=\"yoast-schema-graph\">{\"@context\":\"https:\\\/\\\/schema.org\",\"@graph\":[{\"@type\":\"WebPage\",\"@id\":\"https:\\\/\\\/cchim.ca\\\/fr\\\/portail-de-lassurance-emploi\\\/portail-de-lassurance-emploi-acces-au-cerp\\\/partenariats-et-relations-externes-partage-des-connaissances\\\/\",\"url\":\"https:\\\/\\\/cchim.ca\\\/fr\\\/portail-de-lassurance-emploi\\\/portail-de-lassurance-emploi-acces-au-cerp\\\/partenariats-et-relations-externes-partage-des-connaissances\\\/\",\"name\":\"Partenariats et relations externes - Partage des connaissances - Canadian College of Health Information Management\",\"isPartOf\":{\"@id\":\"https:\\\/\\\/cchim.ca\\\/#website\"},\"datePublished\":\"2021-09-16T21:51:41+00:00\",\"dateModified\":\"2024-09-07T22:25:52+00:00\",\"description\":\"Soumettre une demande \u00e0 l\u2019Ordre pour examiner un bien Lorsqu\u2019une organisation devient un partenaire abonn\u00e9 de l\u2019Ordre, elle a acc\u00e8s \u00e0 la biblioth\u00e8que\",\"breadcrumb\":{\"@id\":\"https:\\\/\\\/cchim.ca\\\/fr\\\/portail-de-lassurance-emploi\\\/portail-de-lassurance-emploi-acces-au-cerp\\\/partenariats-et-relations-externes-partage-des-connaissances\\\/#breadcrumb\"},\"inLanguage\":\"fr-CA\",\"potentialAction\":[{\"@type\":\"ReadAction\",\"target\":[\"https:\\\/\\\/cchim.ca\\\/fr\\\/portail-de-lassurance-emploi\\\/portail-de-lassurance-emploi-acces-au-cerp\\\/partenariats-et-relations-externes-partage-des-connaissances\\\/\"]}]},{\"@type\":\"BreadcrumbList\",\"@id\":\"https:\\\/\\\/cchim.ca\\\/fr\\\/portail-de-lassurance-emploi\\\/portail-de-lassurance-emploi-acces-au-cerp\\\/partenariats-et-relations-externes-partage-des-connaissances\\\/#breadcrumb\",\"itemListElement\":[{\"@type\":\"ListItem\",\"position\":1,\"name\":\"Home\",\"item\":\"https:\\\/\\\/cchim.ca\\\/fr\\\/accueil\\\/\"},{\"@type\":\"ListItem\",\"position\":2,\"name\":\"Portail de l\u2019assurance-emploi\",\"item\":\"https:\\\/\\\/cchim.ca\\\/fr\\\/portail-de-lassurance-emploi\\\/\"},{\"@type\":\"ListItem\",\"position\":3,\"name\":\"Portail de l\u2019assurance-emploi &#8211; Acc\u00e8s au CERP\",\"item\":\"https:\\\/\\\/cchim.ca\\\/fr\\\/portail-de-lassurance-emploi\\\/portail-de-lassurance-emploi-acces-au-cerp\\\/\"},{\"@type\":\"ListItem\",\"position\":4,\"name\":\"Partenariats et relations externes &#8211; Partage des connaissances\"}]},{\"@type\":\"WebSite\",\"@id\":\"https:\\\/\\\/cchim.ca\\\/#website\",\"url\":\"https:\\\/\\\/cchim.ca\\\/\",\"name\":\"Canadian College of Health Information Management\",\"description\":\"Accrediting academic institutions and certifying health information professionals\",\"publisher\":{\"@id\":\"https:\\\/\\\/cchim.ca\\\/#organization\"},\"alternateName\":\"CCHIM\",\"potentialAction\":[{\"@type\":\"SearchAction\",\"target\":{\"@type\":\"EntryPoint\",\"urlTemplate\":\"https:\\\/\\\/cchim.ca\\\/?s={search_term_string}\"},\"query-input\":{\"@type\":\"PropertyValueSpecification\",\"valueRequired\":true,\"valueName\":\"search_term_string\"}}],\"inLanguage\":\"fr-CA\"},{\"@type\":\"Organization\",\"@id\":\"https:\\\/\\\/cchim.ca\\\/#organization\",\"name\":\"Canadian College of Health Information Management\",\"alternateName\":\"CCHIM\",\"url\":\"https:\\\/\\\/cchim.ca\\\/\",\"logo\":{\"@type\":\"ImageObject\",\"inLanguage\":\"fr-CA\",\"@id\":\"https:\\\/\\\/cchim.ca\\\/#\\\/schema\\\/logo\\\/image\\\/\",\"url\":\"https:\\\/\\\/cchim.ca\\\/wp-content\\\/uploads\\\/2020\\\/08\\\/cropped-favicon.webp\",\"contentUrl\":\"https:\\\/\\\/cchim.ca\\\/wp-content\\\/uploads\\\/2020\\\/08\\\/cropped-favicon.webp\",\"width\":512,\"height\":512,\"caption\":\"Canadian College of Health Information Management\"},\"image\":{\"@id\":\"https:\\\/\\\/cchim.ca\\\/#\\\/schema\\\/logo\\\/image\\\/\"},\"description\":\"Canadian College of Health Information Management\",\"email\":\"support@echima.ca\",\"legalName\":\"Canadian College of Health Information Management\",\"foundingDate\":\"1972-09-07\",\"numberOfEmployees\":{\"@type\":\"QuantitativeValue\",\"minValue\":\"11\",\"maxValue\":\"50\"}}]}<\/script>\n<!-- \/ Yoast SEO Premium plugin. -->","yoast_head_json":{"title":"Partenariats et relations externes - Partage des connaissances - Canadian College of Health Information Management","description":"Soumettre une demande \u00e0 l\u2019Ordre pour examiner un bien Lorsqu\u2019une organisation devient un partenaire abonn\u00e9 de l\u2019Ordre, elle a acc\u00e8s \u00e0 la biblioth\u00e8que","robots":{"index":"index","follow":"follow","max-snippet":"max-snippet:-1","max-image-preview":"max-image-preview:large","max-video-preview":"max-video-preview:-1"},"canonical":"https:\/\/cchim.ca\/fr\/portail-de-lassurance-emploi\/portail-de-lassurance-emploi-acces-au-cerp\/partenariats-et-relations-externes-partage-des-connaissances\/","og_locale":"fr_CA","og_type":"article","og_title":"Partenariats et relations externes - Partage des connaissances","og_description":"Soumettre une demande \u00e0 l\u2019Ordre pour examiner un bien Lorsqu\u2019une organisation devient un partenaire abonn\u00e9 de l\u2019Ordre, elle a acc\u00e8s \u00e0 la biblioth\u00e8que","og_url":"https:\/\/cchim.ca\/fr\/portail-de-lassurance-emploi\/portail-de-lassurance-emploi-acces-au-cerp\/partenariats-et-relations-externes-partage-des-connaissances\/","og_site_name":"Canadian College of Health Information Management","article_modified_time":"2024-09-07T22:25:52+00:00","twitter_card":"summary_large_image","twitter_misc":{"Estimation du temps de lecture":"1 minute"},"schema":{"@context":"https:\/\/schema.org","@graph":[{"@type":"WebPage","@id":"https:\/\/cchim.ca\/fr\/portail-de-lassurance-emploi\/portail-de-lassurance-emploi-acces-au-cerp\/partenariats-et-relations-externes-partage-des-connaissances\/","url":"https:\/\/cchim.ca\/fr\/portail-de-lassurance-emploi\/portail-de-lassurance-emploi-acces-au-cerp\/partenariats-et-relations-externes-partage-des-connaissances\/","name":"Partenariats et relations externes - Partage des connaissances - Canadian College of Health Information Management","isPartOf":{"@id":"https:\/\/cchim.ca\/#website"},"datePublished":"2021-09-16T21:51:41+00:00","dateModified":"2024-09-07T22:25:52+00:00","description":"Soumettre une demande \u00e0 l\u2019Ordre pour examiner un bien Lorsqu\u2019une organisation devient un partenaire abonn\u00e9 de l\u2019Ordre, elle a acc\u00e8s \u00e0 la biblioth\u00e8que","breadcrumb":{"@id":"https:\/\/cchim.ca\/fr\/portail-de-lassurance-emploi\/portail-de-lassurance-emploi-acces-au-cerp\/partenariats-et-relations-externes-partage-des-connaissances\/#breadcrumb"},"inLanguage":"fr-CA","potentialAction":[{"@type":"ReadAction","target":["https:\/\/cchim.ca\/fr\/portail-de-lassurance-emploi\/portail-de-lassurance-emploi-acces-au-cerp\/partenariats-et-relations-externes-partage-des-connaissances\/"]}]},{"@type":"BreadcrumbList","@id":"https:\/\/cchim.ca\/fr\/portail-de-lassurance-emploi\/portail-de-lassurance-emploi-acces-au-cerp\/partenariats-et-relations-externes-partage-des-connaissances\/#breadcrumb","itemListElement":[{"@type":"ListItem","position":1,"name":"Home","item":"https:\/\/cchim.ca\/fr\/accueil\/"},{"@type":"ListItem","position":2,"name":"Portail de l\u2019assurance-emploi","item":"https:\/\/cchim.ca\/fr\/portail-de-lassurance-emploi\/"},{"@type":"ListItem","position":3,"name":"Portail de l\u2019assurance-emploi &#8211; Acc\u00e8s au CERP","item":"https:\/\/cchim.ca\/fr\/portail-de-lassurance-emploi\/portail-de-lassurance-emploi-acces-au-cerp\/"},{"@type":"ListItem","position":4,"name":"Partenariats et relations externes &#8211; Partage des connaissances"}]},{"@type":"WebSite","@id":"https:\/\/cchim.ca\/#website","url":"https:\/\/cchim.ca\/","name":"Canadian College of Health Information Management","description":"Accrediting academic institutions and certifying health information professionals","publisher":{"@id":"https:\/\/cchim.ca\/#organization"},"alternateName":"CCHIM","potentialAction":[{"@type":"SearchAction","target":{"@type":"EntryPoint","urlTemplate":"https:\/\/cchim.ca\/?s={search_term_string}"},"query-input":{"@type":"PropertyValueSpecification","valueRequired":true,"valueName":"search_term_string"}}],"inLanguage":"fr-CA"},{"@type":"Organization","@id":"https:\/\/cchim.ca\/#organization","name":"Canadian College of Health Information Management","alternateName":"CCHIM","url":"https:\/\/cchim.ca\/","logo":{"@type":"ImageObject","inLanguage":"fr-CA","@id":"https:\/\/cchim.ca\/#\/schema\/logo\/image\/","url":"https:\/\/cchim.ca\/wp-content\/uploads\/2020\/08\/cropped-favicon.webp","contentUrl":"https:\/\/cchim.ca\/wp-content\/uploads\/2020\/08\/cropped-favicon.webp","width":512,"height":512,"caption":"Canadian College of Health Information Management"},"image":{"@id":"https:\/\/cchim.ca\/#\/schema\/logo\/image\/"},"description":"Canadian College of Health Information Management","email":"support@echima.ca","legalName":"Canadian College of Health Information Management","foundingDate":"1972-09-07","numberOfEmployees":{"@type":"QuantitativeValue","minValue":"11","maxValue":"50"}}]}},"_links":{"self":[{"href":"https:\/\/cchim.ca\/fr\/wp-json\/wp\/v2\/pages\/885639","targetHints":{"allow":["GET"]}}],"collection":[{"href":"https:\/\/cchim.ca\/fr\/wp-json\/wp\/v2\/pages"}],"about":[{"href":"https:\/\/cchim.ca\/fr\/wp-json\/wp\/v2\/types\/page"}],"author":[{"embeddable":true,"href":"https:\/\/cchim.ca\/fr\/wp-json\/wp\/v2\/users\/8"}],"replies":[{"embeddable":true,"href":"https:\/\/cchim.ca\/fr\/wp-json\/wp\/v2\/comments?post=885639"}],"version-history":[{"count":0,"href":"https:\/\/cchim.ca\/fr\/wp-json\/wp\/v2\/pages\/885639\/revisions"}],"up":[{"embeddable":true,"href":"https:\/\/cchim.ca\/fr\/wp-json\/wp\/v2\/pages\/885642"}],"wp:attachment":[{"href":"https:\/\/cchim.ca\/fr\/wp-json\/wp\/v2\/media?parent=885639"}],"curies":[{"name":"wp","href":"https:\/\/api.w.org\/{rel}","templated":true}]}}