{"id":885600,"date":"2024-03-06T17:47:51","date_gmt":"2024-03-06T22:47:51","guid":{"rendered":"https:\/\/cchim.ca\/ressources-dapprentissage-supplementaires-esri\/"},"modified":"2024-09-14T11:42:30","modified_gmt":"2024-09-14T15:42:30","slug":"ressources-dapprentissage-supplementaires-esri","status":"publish","type":"page","link":"https:\/\/cchim.ca\/fr\/ressources-dapprentissage-supplementaires-esri\/","title":{"rendered":"Ressources d\u2019apprentissage suppl\u00e9mentaires &#8211; Esri"},"content":{"rendered":"\n<figure class=\"wp-block-image size-large is-resized\"><img fetchpriority=\"high\" decoding=\"async\" width=\"940\" height=\"270\" src=\"https:\/\/cchim.ca\/wp-content\/uploads\/2024\/05\/Esri_Canada_Emblem_R_tag_1C_Transparent-940x270.webp\" alt=\"\" class=\"wp-image-885428\" style=\"width:844px;height:auto\" srcset=\"https:\/\/cchim.ca\/wp-content\/uploads\/2024\/05\/Esri_Canada_Emblem_R_tag_1C_Transparent-940x270.webp 940w, https:\/\/cchim.ca\/wp-content\/uploads\/2024\/05\/Esri_Canada_Emblem_R_tag_1C_Transparent-650x187.webp 650w, https:\/\/cchim.ca\/wp-content\/uploads\/2024\/05\/Esri_Canada_Emblem_R_tag_1C_Transparent-768x221.webp 768w, https:\/\/cchim.ca\/wp-content\/uploads\/2024\/05\/Esri_Canada_Emblem_R_tag_1C_Transparent.webp 1165w\" sizes=\"(max-width: 940px) 100vw, 940px\" \/><\/figure>\n\n<h1 class=\"wp-block-heading\"><strong>Ressources d\u2019apprentissage suppl\u00e9mentaires<\/strong><\/h1>\n\n<div class=\"wp-block-group is-nowrap is-layout-flex wp-container-core-group-is-layout-ad2f72ca wp-block-group-is-layout-flex\">\n<figure class=\"wp-block-table is-style-stripes\"><table><tbody><tr><td>Acc\u00e9der aux ressources :<\/td><td><\/td><td><\/td><td><\/td><\/tr><tr><td><a href=\"https:\/\/www.echima.ca\/where-is-vaccine-hesitancy-in-canada\/\"><\/a><a href=\"https:\/\/www.echima.ca\/where-is-vaccine-hesitancy-in-canada\/\">O\u00f9 est l\u2019h\u00e9sitation \u00e0 la vaccination au Canada\u00a0?<\/a><\/td><td><\/td><td><\/td><td><\/td><\/tr><tr><td><a href=\"https:\/\/www.echima.ca\/esri-canada-why-where-matters\/\"><\/a><a href=\"https:\/\/www.echima.ca\/esri-canada-why-where-matters\/\">Pourquoi \u00ab\u00a0o\u00f9\u00a0\u00bb est important<\/a><\/td><td><\/td><td><\/td><td><\/td><\/tr><tr><td><a href=\"https:\/\/www.echima.ca\/back-to-school-during-covid-19-why-location-matters\/\"><\/a><a href=\"https:\/\/www.echima.ca\/back-to-school-during-covid-19-why-location-matters\/\">Retour \u00e0 l\u2019\u00e9cole pendant COVID-19\u00a0: pourquoi l\u2019emplacement est important<\/a><\/td><td><\/td><td><\/td><td><\/td><\/tr><tr><td><a href=\"https:\/\/www.echima.ca\/mapping-out-canadas-digital-public-health-future\/\"><\/a><a href=\"https:\/\/www.echima.ca\/mapping-out-canadas-digital-public-health-future\/\">Tracer l\u2019avenir de la sant\u00e9 publique num\u00e9rique au Canada<\/a><\/td><td><\/td><td><\/td><td><\/td><\/tr><tr><td><a href=\"https:\/\/www.echima.ca\/how-esri-canada-makes-geospatial-health-data-easy-to-find-and-use\/\"><\/a><a href=\"https:\/\/www.echima.ca\/how-esri-canada-makes-geospatial-health-data-easy-to-find-and-use\/\">Comment Esri Canada facilite la recherche et l\u2019utilisation des donn\u00e9es g\u00e9ospatiales sur la sant\u00e9<\/a><\/td><td><\/td><td><\/td><td><\/td><\/tr><\/tbody><\/table><\/figure>\n\n\n\n<div style=\"height:100px;width:0px\" aria-hidden=\"true\" class=\"wp-block-spacer wp-container-content-6388d5dc\"><\/div>\n\n\n\n<div class=\"wp-block-pb-card is-style-light-pattern\"><div class=\"wp-block-pb-card__content\">\n<figure class=\"wp-block-image size-medium is-resized\"><img decoding=\"async\" width=\"650\" height=\"650\" src=\"https:\/\/cchim.ca\/wp-content\/uploads\/2024\/03\/HIPWeek2021-0137-product-650x650.webp\" alt=\"\" class=\"wp-image-885387\" style=\"width:305px;height:auto\" srcset=\"https:\/\/cchim.ca\/wp-content\/uploads\/2024\/03\/HIPWeek2021-0137-product-650x650.webp 650w, https:\/\/cchim.ca\/wp-content\/uploads\/2024\/03\/HIPWeek2021-0137-product-940x940.webp 940w, https:\/\/cchim.ca\/wp-content\/uploads\/2024\/03\/HIPWeek2021-0137-product-225x225.webp 225w, https:\/\/cchim.ca\/wp-content\/uploads\/2024\/03\/HIPWeek2021-0137-product-768x768.webp 768w, https:\/\/cchim.ca\/wp-content\/uploads\/2024\/03\/HIPWeek2021-0137-product-1536x1536.webp 1536w, https:\/\/cchim.ca\/wp-content\/uploads\/2024\/03\/HIPWeek2021-0137-product.webp 1920w\" sizes=\"(max-width: 650px) 100vw, 650px\" \/><\/figure>\n\n\n\n<div style=\"height:22px\" aria-hidden=\"true\" class=\"wp-block-spacer\"><\/div>\n\n\n\n<div class=\"wp-block-buttons is-layout-flex wp-block-buttons-is-layout-flex\">\n<div class=\"wp-block-button\"><a class=\"wp-block-button__link wp-element-button\">Acheter la s\u00e9ance d\u2019information<\/a><\/div>\n<\/div>\n<\/div><\/div>\n<\/div>\n","protected":false},"excerpt":{"rendered":"<p>Ressources d\u2019apprentissage suppl\u00e9mentaires Acc\u00e9der aux ressources : O\u00f9 est l\u2019h\u00e9sitation \u00e0 la vaccination au Canada\u00a0? Pourquoi \u00ab\u00a0o\u00f9\u00a0\u00bb est important Retour \u00e0 l\u2019\u00e9cole pendant COVID-19\u00a0: pourquoi l\u2019emplacement est important Tracer l\u2019avenir de la sant\u00e9 publique num\u00e9rique au Canada Comment Esri Canada facilite la recherche et&#8230;<\/p>\n","protected":false},"author":10,"featured_media":0,"parent":0,"menu_order":0,"comment_status":"closed","ping_status":"closed","template":"","meta":{"footnotes":""},"class_list":["post-885600","page","type-page","status-publish","hentry"],"yoast_head":"<!-- This site is optimized with the Yoast SEO Premium plugin v26.2 (Yoast SEO v27.4) - https:\/\/yoast.com\/product\/yoast-seo-premium-wordpress\/ -->\n<title>Ressources d\u2019apprentissage suppl\u00e9mentaires - Esri - Canadian College of Health Information Management<\/title>\n<meta name=\"description\" content=\"Ressources d\u2019apprentissage suppl\u00e9mentaires Acc\u00e9der aux ressources :O\u00f9 est l\u2019h\u00e9sitation \u00e0 la vaccination au Canada\u00a0?Pourquoi \u00ab\u00a0o\u00f9\u00a0\u00bb est importantRetour \u00e0\" \/>\n<meta name=\"robots\" content=\"index, follow, max-snippet:-1, max-image-preview:large, max-video-preview:-1\" \/>\n<link rel=\"canonical\" href=\"https:\/\/cchim.ca\/fr\/ressources-dapprentissage-supplementaires-esri\/\" \/>\n<meta property=\"og:locale\" content=\"fr_CA\" \/>\n<meta property=\"og:type\" content=\"article\" \/>\n<meta property=\"og:title\" content=\"Ressources d\u2019apprentissage suppl\u00e9mentaires - Esri\" \/>\n<meta property=\"og:description\" content=\"Ressources d\u2019apprentissage suppl\u00e9mentaires Acc\u00e9der aux ressources :O\u00f9 est l\u2019h\u00e9sitation \u00e0 la vaccination au Canada\u00a0?Pourquoi \u00ab\u00a0o\u00f9\u00a0\u00bb est importantRetour \u00e0\" \/>\n<meta property=\"og:url\" content=\"https:\/\/cchim.ca\/fr\/ressources-dapprentissage-supplementaires-esri\/\" \/>\n<meta property=\"og:site_name\" content=\"Canadian College of Health Information Management\" \/>\n<meta property=\"article:modified_time\" content=\"2024-09-14T15:42:30+00:00\" \/>\n<meta property=\"og:image\" content=\"https:\/\/cchim.ca\/wp-content\/uploads\/2024\/05\/Esri_Canada_Emblem_R_tag_1C_Transparent-940x270.webp\" \/>\n<meta name=\"twitter:card\" content=\"summary_large_image\" \/>\n<script type=\"application\/ld+json\" class=\"yoast-schema-graph\">{\"@context\":\"https:\\\/\\\/schema.org\",\"@graph\":[{\"@type\":\"WebPage\",\"@id\":\"https:\\\/\\\/cchim.ca\\\/fr\\\/ressources-dapprentissage-supplementaires-esri\\\/\",\"url\":\"https:\\\/\\\/cchim.ca\\\/fr\\\/ressources-dapprentissage-supplementaires-esri\\\/\",\"name\":\"Ressources d\u2019apprentissage suppl\u00e9mentaires - Esri - Canadian College of Health Information Management\",\"isPartOf\":{\"@id\":\"https:\\\/\\\/cchim.ca\\\/#website\"},\"primaryImageOfPage\":{\"@id\":\"https:\\\/\\\/cchim.ca\\\/fr\\\/ressources-dapprentissage-supplementaires-esri\\\/#primaryimage\"},\"image\":{\"@id\":\"https:\\\/\\\/cchim.ca\\\/fr\\\/ressources-dapprentissage-supplementaires-esri\\\/#primaryimage\"},\"thumbnailUrl\":\"https:\\\/\\\/cchim.ca\\\/wp-content\\\/uploads\\\/2024\\\/05\\\/Esri_Canada_Emblem_R_tag_1C_Transparent-940x270.webp\",\"datePublished\":\"2024-03-06T22:47:51+00:00\",\"dateModified\":\"2024-09-14T15:42:30+00:00\",\"description\":\"Ressources d\u2019apprentissage suppl\u00e9mentaires Acc\u00e9der aux ressources :O\u00f9 est l\u2019h\u00e9sitation \u00e0 la vaccination au Canada\u00a0?Pourquoi \u00ab\u00a0o\u00f9\u00a0\u00bb est importantRetour \u00e0\",\"breadcrumb\":{\"@id\":\"https:\\\/\\\/cchim.ca\\\/fr\\\/ressources-dapprentissage-supplementaires-esri\\\/#breadcrumb\"},\"inLanguage\":\"fr-CA\",\"potentialAction\":[{\"@type\":\"ReadAction\",\"target\":[\"https:\\\/\\\/cchim.ca\\\/fr\\\/ressources-dapprentissage-supplementaires-esri\\\/\"]}]},{\"@type\":\"ImageObject\",\"inLanguage\":\"fr-CA\",\"@id\":\"https:\\\/\\\/cchim.ca\\\/fr\\\/ressources-dapprentissage-supplementaires-esri\\\/#primaryimage\",\"url\":\"https:\\\/\\\/cchim.ca\\\/wp-content\\\/uploads\\\/2024\\\/05\\\/Esri_Canada_Emblem_R_tag_1C_Transparent-940x270.webp\",\"contentUrl\":\"https:\\\/\\\/cchim.ca\\\/wp-content\\\/uploads\\\/2024\\\/05\\\/Esri_Canada_Emblem_R_tag_1C_Transparent-940x270.webp\"},{\"@type\":\"BreadcrumbList\",\"@id\":\"https:\\\/\\\/cchim.ca\\\/fr\\\/ressources-dapprentissage-supplementaires-esri\\\/#breadcrumb\",\"itemListElement\":[{\"@type\":\"ListItem\",\"position\":1,\"name\":\"Home\",\"item\":\"https:\\\/\\\/cchim.ca\\\/\"},{\"@type\":\"ListItem\",\"position\":2,\"name\":\"Ressources d\u2019apprentissage suppl\u00e9mentaires &#8211; Esri\"}]},{\"@type\":\"WebSite\",\"@id\":\"https:\\\/\\\/cchim.ca\\\/#website\",\"url\":\"https:\\\/\\\/cchim.ca\\\/\",\"name\":\"Canadian College of Health Information Management\",\"description\":\"Accrediting academic institutions and certifying health information professionals\",\"publisher\":{\"@id\":\"https:\\\/\\\/cchim.ca\\\/#organization\"},\"alternateName\":\"CCHIM\",\"potentialAction\":[{\"@type\":\"SearchAction\",\"target\":{\"@type\":\"EntryPoint\",\"urlTemplate\":\"https:\\\/\\\/cchim.ca\\\/?s={search_term_string}\"},\"query-input\":{\"@type\":\"PropertyValueSpecification\",\"valueRequired\":true,\"valueName\":\"search_term_string\"}}],\"inLanguage\":\"fr-CA\"},{\"@type\":\"Organization\",\"@id\":\"https:\\\/\\\/cchim.ca\\\/#organization\",\"name\":\"Canadian College of Health Information Management\",\"alternateName\":\"CCHIM\",\"url\":\"https:\\\/\\\/cchim.ca\\\/\",\"logo\":{\"@type\":\"ImageObject\",\"inLanguage\":\"fr-CA\",\"@id\":\"https:\\\/\\\/cchim.ca\\\/#\\\/schema\\\/logo\\\/image\\\/\",\"url\":\"https:\\\/\\\/cchim.ca\\\/wp-content\\\/uploads\\\/2020\\\/08\\\/cropped-favicon.webp\",\"contentUrl\":\"https:\\\/\\\/cchim.ca\\\/wp-content\\\/uploads\\\/2020\\\/08\\\/cropped-favicon.webp\",\"width\":512,\"height\":512,\"caption\":\"Canadian College of Health Information Management\"},\"image\":{\"@id\":\"https:\\\/\\\/cchim.ca\\\/#\\\/schema\\\/logo\\\/image\\\/\"},\"description\":\"Canadian College of Health Information Management\",\"email\":\"support@echima.ca\",\"legalName\":\"Canadian College of Health Information Management\",\"foundingDate\":\"1972-09-07\",\"numberOfEmployees\":{\"@type\":\"QuantitativeValue\",\"minValue\":\"11\",\"maxValue\":\"50\"}}]}<\/script>\n<!-- \/ Yoast SEO Premium plugin. -->","yoast_head_json":{"title":"Ressources d\u2019apprentissage suppl\u00e9mentaires - Esri - Canadian College of Health Information Management","description":"Ressources d\u2019apprentissage suppl\u00e9mentaires Acc\u00e9der aux ressources :O\u00f9 est l\u2019h\u00e9sitation \u00e0 la vaccination au Canada\u00a0?Pourquoi \u00ab\u00a0o\u00f9\u00a0\u00bb est importantRetour \u00e0","robots":{"index":"index","follow":"follow","max-snippet":"max-snippet:-1","max-image-preview":"max-image-preview:large","max-video-preview":"max-video-preview:-1"},"canonical":"https:\/\/cchim.ca\/fr\/ressources-dapprentissage-supplementaires-esri\/","og_locale":"fr_CA","og_type":"article","og_title":"Ressources d\u2019apprentissage suppl\u00e9mentaires - Esri","og_description":"Ressources d\u2019apprentissage suppl\u00e9mentaires Acc\u00e9der aux ressources :O\u00f9 est l\u2019h\u00e9sitation \u00e0 la vaccination au Canada\u00a0?Pourquoi \u00ab\u00a0o\u00f9\u00a0\u00bb est importantRetour \u00e0","og_url":"https:\/\/cchim.ca\/fr\/ressources-dapprentissage-supplementaires-esri\/","og_site_name":"Canadian College of Health Information Management","article_modified_time":"2024-09-14T15:42:30+00:00","og_image":[{"url":"https:\/\/cchim.ca\/wp-content\/uploads\/2024\/05\/Esri_Canada_Emblem_R_tag_1C_Transparent-940x270.webp","type":"","width":"","height":""}],"twitter_card":"summary_large_image","schema":{"@context":"https:\/\/schema.org","@graph":[{"@type":"WebPage","@id":"https:\/\/cchim.ca\/fr\/ressources-dapprentissage-supplementaires-esri\/","url":"https:\/\/cchim.ca\/fr\/ressources-dapprentissage-supplementaires-esri\/","name":"Ressources d\u2019apprentissage suppl\u00e9mentaires - Esri - Canadian College of Health Information Management","isPartOf":{"@id":"https:\/\/cchim.ca\/#website"},"primaryImageOfPage":{"@id":"https:\/\/cchim.ca\/fr\/ressources-dapprentissage-supplementaires-esri\/#primaryimage"},"image":{"@id":"https:\/\/cchim.ca\/fr\/ressources-dapprentissage-supplementaires-esri\/#primaryimage"},"thumbnailUrl":"https:\/\/cchim.ca\/wp-content\/uploads\/2024\/05\/Esri_Canada_Emblem_R_tag_1C_Transparent-940x270.webp","datePublished":"2024-03-06T22:47:51+00:00","dateModified":"2024-09-14T15:42:30+00:00","description":"Ressources d\u2019apprentissage suppl\u00e9mentaires Acc\u00e9der aux ressources :O\u00f9 est l\u2019h\u00e9sitation \u00e0 la vaccination au Canada\u00a0?Pourquoi \u00ab\u00a0o\u00f9\u00a0\u00bb est importantRetour \u00e0","breadcrumb":{"@id":"https:\/\/cchim.ca\/fr\/ressources-dapprentissage-supplementaires-esri\/#breadcrumb"},"inLanguage":"fr-CA","potentialAction":[{"@type":"ReadAction","target":["https:\/\/cchim.ca\/fr\/ressources-dapprentissage-supplementaires-esri\/"]}]},{"@type":"ImageObject","inLanguage":"fr-CA","@id":"https:\/\/cchim.ca\/fr\/ressources-dapprentissage-supplementaires-esri\/#primaryimage","url":"https:\/\/cchim.ca\/wp-content\/uploads\/2024\/05\/Esri_Canada_Emblem_R_tag_1C_Transparent-940x270.webp","contentUrl":"https:\/\/cchim.ca\/wp-content\/uploads\/2024\/05\/Esri_Canada_Emblem_R_tag_1C_Transparent-940x270.webp"},{"@type":"BreadcrumbList","@id":"https:\/\/cchim.ca\/fr\/ressources-dapprentissage-supplementaires-esri\/#breadcrumb","itemListElement":[{"@type":"ListItem","position":1,"name":"Home","item":"https:\/\/cchim.ca\/"},{"@type":"ListItem","position":2,"name":"Ressources d\u2019apprentissage suppl\u00e9mentaires &#8211; Esri"}]},{"@type":"WebSite","@id":"https:\/\/cchim.ca\/#website","url":"https:\/\/cchim.ca\/","name":"Canadian College of Health Information Management","description":"Accrediting academic institutions and certifying health information professionals","publisher":{"@id":"https:\/\/cchim.ca\/#organization"},"alternateName":"CCHIM","potentialAction":[{"@type":"SearchAction","target":{"@type":"EntryPoint","urlTemplate":"https:\/\/cchim.ca\/?s={search_term_string}"},"query-input":{"@type":"PropertyValueSpecification","valueRequired":true,"valueName":"search_term_string"}}],"inLanguage":"fr-CA"},{"@type":"Organization","@id":"https:\/\/cchim.ca\/#organization","name":"Canadian College of Health Information Management","alternateName":"CCHIM","url":"https:\/\/cchim.ca\/","logo":{"@type":"ImageObject","inLanguage":"fr-CA","@id":"https:\/\/cchim.ca\/#\/schema\/logo\/image\/","url":"https:\/\/cchim.ca\/wp-content\/uploads\/2020\/08\/cropped-favicon.webp","contentUrl":"https:\/\/cchim.ca\/wp-content\/uploads\/2020\/08\/cropped-favicon.webp","width":512,"height":512,"caption":"Canadian College of Health Information Management"},"image":{"@id":"https:\/\/cchim.ca\/#\/schema\/logo\/image\/"},"description":"Canadian College of Health Information Management","email":"support@echima.ca","legalName":"Canadian College of Health Information Management","foundingDate":"1972-09-07","numberOfEmployees":{"@type":"QuantitativeValue","minValue":"11","maxValue":"50"}}]}},"_links":{"self":[{"href":"https:\/\/cchim.ca\/fr\/wp-json\/wp\/v2\/pages\/885600","targetHints":{"allow":["GET"]}}],"collection":[{"href":"https:\/\/cchim.ca\/fr\/wp-json\/wp\/v2\/pages"}],"about":[{"href":"https:\/\/cchim.ca\/fr\/wp-json\/wp\/v2\/types\/page"}],"author":[{"embeddable":true,"href":"https:\/\/cchim.ca\/fr\/wp-json\/wp\/v2\/users\/10"}],"replies":[{"embeddable":true,"href":"https:\/\/cchim.ca\/fr\/wp-json\/wp\/v2\/comments?post=885600"}],"version-history":[{"count":0,"href":"https:\/\/cchim.ca\/fr\/wp-json\/wp\/v2\/pages\/885600\/revisions"}],"wp:attachment":[{"href":"https:\/\/cchim.ca\/fr\/wp-json\/wp\/v2\/media?parent=885600"}],"curies":[{"name":"wp","href":"https:\/\/api.w.org\/{rel}","templated":true}]}}