{"id":885594,"date":"2020-07-31T11:40:57","date_gmt":"2020-07-31T15:40:57","guid":{"rendered":"https:\/\/cchim.ca\/certification\/ctss\/"},"modified":"2020-07-31T11:40:57","modified_gmt":"2020-07-31T15:40:57","slug":"ctss","status":"publish","type":"page","link":"https:\/\/cchim.ca\/fr\/certification\/ctss\/","title":{"rendered":"CTSS"},"content":{"rendered":"\n<div class=\"wp-block-pb-section alignfull\"><div class=\"o-container\">\n<div class=\"o-row\">\n<div class=\"o-col u-5of12-md\">\n<h1 class=\"wp-block-heading\">CTSS<\/h1>\n\n\n\n<p class=\"is-style-intro\">Des sp\u00e9cialistes certifi\u00e9s des normes terminologiques permettent une communication efficace dans le secteur des soins de sant\u00e9 et assurent la coh\u00e9rence d\u2019un secteur en \u00e9volution rapide.<\/p>\n\n\n\n<p>Les normes terminologiques constituent la base de l\u2019\u00e9change d\u2019information clinique et d\u2019une communication efficace dans le domaine des soins de sant\u00e9.\nDes terminologies normalis\u00e9es sont n\u00e9cessaires pour partager efficacement les dossiers des patients dans le dossier de sant\u00e9 \u00e9lectronique interop\u00e9rable et pour g\u00e9rer le volume croissant d\u2019informations de sant\u00e9 \u00e9lectroniques.\nLes normes terminologiques utilis\u00e9es au Canada comprennent SNOMED CT, LOINC\/pCLOCD et CIM-10-CA\/CCI.  &nbsp;<\/p>\n<\/div>\n\n\n\n<div class=\"o-col u-6of12-md u-offset-1of12-md\">\n<h2 class=\"wp-block-heading\">Certification<\/h2>\n\n\n\n<p>Le Coll\u00e8ge canadien de gestion de l\u2019information sur la sant\u00e9 est l\u2019organisme de certification des professionnels de la gestion de l\u2019information sur la sant\u00e9 (GIS).\nLes candidats qui r\u00e9ussissent un programme de normes terminologiques agr\u00e9\u00e9 par le Coll\u00e8ge canadien de gestion de l\u2019information sur la sant\u00e9 peuvent \u00eatre admissibles \u00e0 recevoir un titre professionnel CTSS. <\/p>\n\n\n\n<h2 class=\"wp-block-heading\">Maintien de la certification<\/h2>\n\n\n\n<p>Les exigences relatives \u00e0 la confirmation et au maintien de ce titre professionnel sont les suivantes :<\/p>\n\n\n\n<ol class=\"wp-block-list\"><li>Renouvellement annuel de l\u2019adh\u00e9sion \u00e0 l\u2019Association canadienne de gestion de l\u2019information sur la sant\u00e9 (ACIMS)  <\/li><li>Respect de la <a href=\"https:\/\/cchim.ca\/about-the-college\/code-of-ethics\/\">d\u00e9ontologie<\/a><\/li><li>Obtention des cr\u00e9dits de formation professionnelle continue (CPE) requis selon le calendrier pr\u00e9vu \u00e0 la <a href=\"https:\/\/cchim.ca\/members\/continuing-professional-education-program\/cpe-program-policy\/\">politique de CPE<\/a><\/li><\/ol>\n\n\n\n<p class=\"is-style-small\">Le non-respect de l\u2019un de ces crit\u00e8res peut entra\u00eener la r\u00e9vocation de la certification.<\/p>\n<\/div>\n<\/div>\n<\/div><\/div>\n\n\n\n<div class=\"wp-block-pb-section alignfull is-style-white\"><div class=\"o-container\">\n<h2 class=\"wp-block-heading\">Ressources<\/h2>\n\n\n\n<div style=\"height:20px\" aria-hidden=\"true\" class=\"wp-block-spacer\"><\/div>\n\n\n\n<div class=\"o-block-grid o-block-grid-4-md\">\n<div class=\"o-block-grid__item\">\n<a class=\"wp-block-pb-card is-style-dark-pattern\" href=\"https:\/\/cchim.ca\/certification\/ctss\/ctss-eligibility-and-fees\/\"><div class=\"wp-block-pb-card__content\">\n<p class=\"has-text-align-center\">Admissibilit\u00e9 et frais du CTSS<\/p>\n<\/div><\/a>\n<\/div>\n\n\n\n<div class=\"o-block-grid__item\">\n<a class=\"wp-block-pb-card is-style-dark-pattern\" href=\"https:\/\/cchim.ca\/certification\/ctss\/ctss-requently-asked-questions\/\"><div class=\"wp-block-pb-card__content\">\n<p>Foire aux questions<\/p>\n<\/div><\/a>\n<\/div>\n\n\n\n<div class=\"o-block-grid__item\">\n<a class=\"wp-block-pb-card is-style-dark-pattern\" href=\"https:\/\/cchim.ca\/resource-library\/canadian-terminology-standards-certification-curricular-competencies\/\"><div class=\"wp-block-pb-card__content\">\n<p>Normes du programme d\u2019\u00e9tudes CTSS<\/p>\n<\/div><\/a>\n<\/div>\n<\/div>\n\n\n\n<h2 class=\"wp-block-heading\">Apprenez comment postuler<\/h2>\n\n\n\n<div style=\"height:20px\" aria-hidden=\"true\" class=\"wp-block-spacer\"><\/div>\n\n\n\n<div class=\"o-block-grid o-block-grid-4-md\">\n<div class=\"o-block-grid__item\">\n<a class=\"wp-block-pb-card is-style-dark-pattern\" href=\"https:\/\/cchim.ca\/certification\/ctss\/ctss-application-process\/\"><div class=\"wp-block-pb-card__content\">\n<p class=\"has-text-align-center\">Processus de demande de CTSS<\/p>\n<\/div><\/a>\n<\/div>\n<\/div>\n<\/div><\/div>\n","protected":false},"excerpt":{"rendered":"","protected":false},"author":10,"featured_media":0,"parent":105,"menu_order":3,"comment_status":"closed","ping_status":"closed","template":"","meta":{"footnotes":""},"class_list":["post-885594","page","type-page","status-publish","hentry"],"yoast_head":"<!-- This site is optimized with the Yoast SEO Premium plugin v26.2 (Yoast SEO v27.3) - https:\/\/yoast.com\/product\/yoast-seo-premium-wordpress\/ -->\n<title>CTSS - Canadian College of Health Information Management<\/title>\n<meta name=\"description\" content=\"CTSS Des sp\u00e9cialistes certifi\u00e9s des normes terminologiques permettent une communication efficace dans le secteur des soins de sant\u00e9 et assurent la\" \/>\n<meta name=\"robots\" content=\"index, follow, max-snippet:-1, max-image-preview:large, max-video-preview:-1\" \/>\n<link rel=\"canonical\" href=\"https:\/\/cchim.ca\/certification\/ctss\/\" \/>\n<meta property=\"og:locale\" content=\"fr_CA\" \/>\n<meta property=\"og:type\" content=\"article\" \/>\n<meta property=\"og:title\" content=\"CTSS\" \/>\n<meta property=\"og:description\" content=\"CTSS Des sp\u00e9cialistes certifi\u00e9s des normes terminologiques permettent une communication efficace dans le secteur des soins de sant\u00e9 et assurent la\" \/>\n<meta property=\"og:url\" content=\"https:\/\/cchim.ca\/certification\/ctss\/\" \/>\n<meta property=\"og:site_name\" content=\"Canadian College of Health Information Management\" \/>\n<meta name=\"twitter:card\" content=\"summary_large_image\" \/>\n<meta name=\"twitter:label1\" content=\"Estimation du temps de lecture\" \/>\n\t<meta name=\"twitter:data1\" content=\"1 minute\" \/>\n<script type=\"application\/ld+json\" class=\"yoast-schema-graph\">{\"@context\":\"https:\\\/\\\/schema.org\",\"@graph\":[{\"@type\":\"WebPage\",\"@id\":\"https:\\\/\\\/cchim.ca\\\/certification\\\/ctss\\\/\",\"url\":\"https:\\\/\\\/cchim.ca\\\/certification\\\/ctss\\\/\",\"name\":\"CTSS - Canadian College of Health Information Management\",\"isPartOf\":{\"@id\":\"https:\\\/\\\/cchim.ca\\\/#website\"},\"datePublished\":\"2020-07-31T15:40:57+00:00\",\"description\":\"CTSS Des sp\u00e9cialistes certifi\u00e9s des normes terminologiques permettent une communication efficace dans le secteur des soins de sant\u00e9 et assurent la\",\"breadcrumb\":{\"@id\":\"https:\\\/\\\/cchim.ca\\\/certification\\\/ctss\\\/#breadcrumb\"},\"inLanguage\":\"fr-CA\",\"potentialAction\":[{\"@type\":\"ReadAction\",\"target\":[\"https:\\\/\\\/cchim.ca\\\/certification\\\/ctss\\\/\"]}]},{\"@type\":\"BreadcrumbList\",\"@id\":\"https:\\\/\\\/cchim.ca\\\/certification\\\/ctss\\\/#breadcrumb\",\"itemListElement\":[{\"@type\":\"ListItem\",\"position\":1,\"name\":\"Home\",\"item\":\"https:\\\/\\\/cchim.ca\\\/fr\\\/accueil\\\/\"},{\"@type\":\"ListItem\",\"position\":2,\"name\":\"La certification\",\"item\":\"https:\\\/\\\/cchim.ca\\\/fr\\\/certification\\\/\"},{\"@type\":\"ListItem\",\"position\":3,\"name\":\"CTSS\"}]},{\"@type\":\"WebSite\",\"@id\":\"https:\\\/\\\/cchim.ca\\\/#website\",\"url\":\"https:\\\/\\\/cchim.ca\\\/\",\"name\":\"Canadian College of Health Information Management\",\"description\":\"Accrediting academic institutions and certifying health information professionals\",\"publisher\":{\"@id\":\"https:\\\/\\\/cchim.ca\\\/#organization\"},\"alternateName\":\"CCHIM\",\"potentialAction\":[{\"@type\":\"SearchAction\",\"target\":{\"@type\":\"EntryPoint\",\"urlTemplate\":\"https:\\\/\\\/cchim.ca\\\/?s={search_term_string}\"},\"query-input\":{\"@type\":\"PropertyValueSpecification\",\"valueRequired\":true,\"valueName\":\"search_term_string\"}}],\"inLanguage\":\"fr-CA\"},{\"@type\":\"Organization\",\"@id\":\"https:\\\/\\\/cchim.ca\\\/#organization\",\"name\":\"Canadian College of Health Information Management\",\"alternateName\":\"CCHIM\",\"url\":\"https:\\\/\\\/cchim.ca\\\/\",\"logo\":{\"@type\":\"ImageObject\",\"inLanguage\":\"fr-CA\",\"@id\":\"https:\\\/\\\/cchim.ca\\\/#\\\/schema\\\/logo\\\/image\\\/\",\"url\":\"https:\\\/\\\/cchim.ca\\\/wp-content\\\/uploads\\\/2020\\\/08\\\/cropped-favicon.webp\",\"contentUrl\":\"https:\\\/\\\/cchim.ca\\\/wp-content\\\/uploads\\\/2020\\\/08\\\/cropped-favicon.webp\",\"width\":512,\"height\":512,\"caption\":\"Canadian College of Health Information Management\"},\"image\":{\"@id\":\"https:\\\/\\\/cchim.ca\\\/#\\\/schema\\\/logo\\\/image\\\/\"},\"description\":\"Canadian College of Health Information Management\",\"email\":\"support@echima.ca\",\"legalName\":\"Canadian College of Health Information Management\",\"foundingDate\":\"1972-09-07\",\"numberOfEmployees\":{\"@type\":\"QuantitativeValue\",\"minValue\":\"11\",\"maxValue\":\"50\"}}]}<\/script>\n<!-- \/ Yoast SEO Premium plugin. -->","yoast_head_json":{"title":"CTSS - Canadian College of Health Information Management","description":"CTSS Des sp\u00e9cialistes certifi\u00e9s des normes terminologiques permettent une communication efficace dans le secteur des soins de sant\u00e9 et assurent la","robots":{"index":"index","follow":"follow","max-snippet":"max-snippet:-1","max-image-preview":"max-image-preview:large","max-video-preview":"max-video-preview:-1"},"canonical":"https:\/\/cchim.ca\/certification\/ctss\/","og_locale":"fr_CA","og_type":"article","og_title":"CTSS","og_description":"CTSS Des sp\u00e9cialistes certifi\u00e9s des normes terminologiques permettent une communication efficace dans le secteur des soins de sant\u00e9 et assurent la","og_url":"https:\/\/cchim.ca\/certification\/ctss\/","og_site_name":"Canadian College of Health Information Management","twitter_card":"summary_large_image","twitter_misc":{"Estimation du temps de lecture":"1 minute"},"schema":{"@context":"https:\/\/schema.org","@graph":[{"@type":"WebPage","@id":"https:\/\/cchim.ca\/certification\/ctss\/","url":"https:\/\/cchim.ca\/certification\/ctss\/","name":"CTSS - Canadian College of Health Information Management","isPartOf":{"@id":"https:\/\/cchim.ca\/#website"},"datePublished":"2020-07-31T15:40:57+00:00","description":"CTSS Des sp\u00e9cialistes certifi\u00e9s des normes terminologiques permettent une communication efficace dans le secteur des soins de sant\u00e9 et assurent la","breadcrumb":{"@id":"https:\/\/cchim.ca\/certification\/ctss\/#breadcrumb"},"inLanguage":"fr-CA","potentialAction":[{"@type":"ReadAction","target":["https:\/\/cchim.ca\/certification\/ctss\/"]}]},{"@type":"BreadcrumbList","@id":"https:\/\/cchim.ca\/certification\/ctss\/#breadcrumb","itemListElement":[{"@type":"ListItem","position":1,"name":"Home","item":"https:\/\/cchim.ca\/fr\/accueil\/"},{"@type":"ListItem","position":2,"name":"La certification","item":"https:\/\/cchim.ca\/fr\/certification\/"},{"@type":"ListItem","position":3,"name":"CTSS"}]},{"@type":"WebSite","@id":"https:\/\/cchim.ca\/#website","url":"https:\/\/cchim.ca\/","name":"Canadian College of Health Information Management","description":"Accrediting academic institutions and certifying health information professionals","publisher":{"@id":"https:\/\/cchim.ca\/#organization"},"alternateName":"CCHIM","potentialAction":[{"@type":"SearchAction","target":{"@type":"EntryPoint","urlTemplate":"https:\/\/cchim.ca\/?s={search_term_string}"},"query-input":{"@type":"PropertyValueSpecification","valueRequired":true,"valueName":"search_term_string"}}],"inLanguage":"fr-CA"},{"@type":"Organization","@id":"https:\/\/cchim.ca\/#organization","name":"Canadian College of Health Information Management","alternateName":"CCHIM","url":"https:\/\/cchim.ca\/","logo":{"@type":"ImageObject","inLanguage":"fr-CA","@id":"https:\/\/cchim.ca\/#\/schema\/logo\/image\/","url":"https:\/\/cchim.ca\/wp-content\/uploads\/2020\/08\/cropped-favicon.webp","contentUrl":"https:\/\/cchim.ca\/wp-content\/uploads\/2020\/08\/cropped-favicon.webp","width":512,"height":512,"caption":"Canadian College of Health Information Management"},"image":{"@id":"https:\/\/cchim.ca\/#\/schema\/logo\/image\/"},"description":"Canadian College of Health Information Management","email":"support@echima.ca","legalName":"Canadian College of Health Information Management","foundingDate":"1972-09-07","numberOfEmployees":{"@type":"QuantitativeValue","minValue":"11","maxValue":"50"}}]}},"_links":{"self":[{"href":"https:\/\/cchim.ca\/fr\/wp-json\/wp\/v2\/pages\/885594","targetHints":{"allow":["GET"]}}],"collection":[{"href":"https:\/\/cchim.ca\/fr\/wp-json\/wp\/v2\/pages"}],"about":[{"href":"https:\/\/cchim.ca\/fr\/wp-json\/wp\/v2\/types\/page"}],"author":[{"embeddable":true,"href":"https:\/\/cchim.ca\/fr\/wp-json\/wp\/v2\/users\/10"}],"replies":[{"embeddable":true,"href":"https:\/\/cchim.ca\/fr\/wp-json\/wp\/v2\/comments?post=885594"}],"version-history":[{"count":0,"href":"https:\/\/cchim.ca\/fr\/wp-json\/wp\/v2\/pages\/885594\/revisions"}],"up":[{"embeddable":true,"href":"https:\/\/cchim.ca\/fr\/wp-json\/wp\/v2\/pages\/105"}],"wp:attachment":[{"href":"https:\/\/cchim.ca\/fr\/wp-json\/wp\/v2\/media?parent=885594"}],"curies":[{"name":"wp","href":"https:\/\/api.w.org\/{rel}","templated":true}]}}