{"id":885592,"date":"2020-09-22T12:57:34","date_gmt":"2020-09-22T16:57:34","guid":{"rendered":"https:\/\/cchim.ca\/admissibilite-et-frais-du-ctss-nce\/"},"modified":"2025-07-28T14:48:52","modified_gmt":"2025-07-28T18:48:52","slug":"admissibilite-et-frais-du-ctss-nce","status":"publish","type":"page","link":"https:\/\/cchim.ca\/fr\/certification\/ctss\/admissibilite-et-frais-du-ctss-nce\/","title":{"rendered":"Admissibilit\u00e9 et frais des RCE du SCST"},"content":{"rendered":"\n<div class=\"wp-block-pb-section alignfull is-style-white\"><div class=\"o-container\">\n<h1 class=\"wp-block-heading\" id=\"h-ctss-eligibility-and-fees\"><span class=\"is-style-slug\">Le SSTC<\/span>Admissibilit\u00e9 et frais<\/h1>\n\n\n\n<div class=\"o-block-grid o-block-grid-2-md\">\n<div class=\"o-block-grid__item\">\n<div class=\"wp-block-pb-card is-style-default\"><div class=\"wp-block-pb-card__content\">\n<h2 class=\"wp-block-heading\" id=\"h-eligibility\">Conditions d\u2019admissibilit\u00e9<\/h2>\n\n\n\n<p>Pour \u00eatre admissibles \u00e0 la certification en normes terminologiques, les candidats doivent \u00eatre dipl\u00f4m\u00e9s d\u2019un programme de normes terminologiques agr\u00e9\u00e9 par le Coll\u00e8ge canadien de gestion de l\u2019information sur la sant\u00e9.<\/p>\n\n\n\n<div class=\"wp-block-buttons is-layout-flex wp-block-buttons-is-layout-flex\">\n<div class=\"wp-block-button\"><a class=\"wp-block-button__link wp-element-button\" href=\"\/program-directory\/?education=&amp;program_type=terminology-standards&amp;program_location=&amp;program_delivery=&amp;college_status=&amp;institution=\">Voir les programmes<\/a><\/div>\n<\/div>\n<\/div><\/div>\n<\/div>\n\n\n\n<div class=\"o-block-grid__item\">\n<div class=\"wp-block-pb-card is-style-default\"><div class=\"wp-block-pb-card__content\">\n<h2 class=\"wp-block-heading\" id=\"h-application-fees\">Frais de demande<\/h2>\n\n\n\n<figure class=\"wp-block-table\"><table><tbody><tr><td><strong>D\u00e9lai de demande<\/strong><\/td><td><strong>Prix r\u00e9gulier<\/strong>*<\/td><td><strong>Prix actuel<\/strong>*<\/td><\/tr><tr><td>Du 1er juillet 2025 au 28 f\u00e9vrier 2026<\/td><td>349 $ + taxes<\/td><td>199 $ + taxes<\/td><\/tr><\/tbody><\/table><figcaption class=\"wp-element-caption\">*Ces frais couvrent les processus de demande et d\u2019administration du SSTC.<br\/><\/figcaption><\/figure>\n<\/div><\/div>\n<\/div>\n<\/div>\n<\/div><\/div>\n","protected":false},"excerpt":{"rendered":"","protected":false},"author":8,"featured_media":0,"parent":885594,"menu_order":0,"comment_status":"closed","ping_status":"closed","template":"","meta":{"footnotes":""},"class_list":["post-885592","page","type-page","status-publish","hentry"],"yoast_head":"<!-- This site is optimized with the Yoast SEO Premium plugin v26.2 (Yoast SEO v27.3) - https:\/\/yoast.com\/product\/yoast-seo-premium-wordpress\/ -->\n<title>Admissibilit\u00e9 et frais des RCE du SCST - Canadian College of Health Information Management<\/title>\n<meta name=\"description\" content=\"Le SSTCAdmissibilit\u00e9 et frais Conditions d\u2019admissibilit\u00e9 Pour \u00eatre admissibles \u00e0 la certification en normes terminologiques, les candidats doivent \u00eatre\" \/>\n<meta name=\"robots\" content=\"index, follow, max-snippet:-1, max-image-preview:large, max-video-preview:-1\" \/>\n<link rel=\"canonical\" href=\"https:\/\/cchim.ca\/fr\/certification\/ctss\/admissibilite-et-frais-du-ctss-nce\/\" \/>\n<meta property=\"og:locale\" content=\"fr_CA\" \/>\n<meta property=\"og:type\" content=\"article\" \/>\n<meta property=\"og:title\" content=\"Admissibilit\u00e9 et frais des RCE du SCST\" \/>\n<meta property=\"og:description\" content=\"Le SSTCAdmissibilit\u00e9 et frais Conditions d\u2019admissibilit\u00e9 Pour \u00eatre admissibles \u00e0 la certification en normes terminologiques, les candidats doivent \u00eatre\" \/>\n<meta property=\"og:url\" content=\"https:\/\/cchim.ca\/fr\/certification\/ctss\/admissibilite-et-frais-du-ctss-nce\/\" \/>\n<meta property=\"og:site_name\" content=\"Canadian College of Health Information Management\" \/>\n<meta property=\"article:modified_time\" content=\"2025-07-28T18:48:52+00:00\" \/>\n<meta name=\"twitter:card\" content=\"summary_large_image\" \/>\n<script type=\"application\/ld+json\" class=\"yoast-schema-graph\">{\"@context\":\"https:\\\/\\\/schema.org\",\"@graph\":[{\"@type\":\"WebPage\",\"@id\":\"https:\\\/\\\/cchim.ca\\\/fr\\\/certification\\\/ctss\\\/admissibilite-et-frais-du-ctss-nce\\\/\",\"url\":\"https:\\\/\\\/cchim.ca\\\/fr\\\/certification\\\/ctss\\\/admissibilite-et-frais-du-ctss-nce\\\/\",\"name\":\"Admissibilit\u00e9 et frais des RCE du SCST - Canadian College of Health Information Management\",\"isPartOf\":{\"@id\":\"https:\\\/\\\/cchim.ca\\\/#website\"},\"datePublished\":\"2020-09-22T16:57:34+00:00\",\"dateModified\":\"2025-07-28T18:48:52+00:00\",\"description\":\"Le SSTCAdmissibilit\u00e9 et frais Conditions d\u2019admissibilit\u00e9 Pour \u00eatre admissibles \u00e0 la certification en normes terminologiques, les candidats doivent \u00eatre\",\"breadcrumb\":{\"@id\":\"https:\\\/\\\/cchim.ca\\\/fr\\\/certification\\\/ctss\\\/admissibilite-et-frais-du-ctss-nce\\\/#breadcrumb\"},\"inLanguage\":\"fr-CA\",\"potentialAction\":[{\"@type\":\"ReadAction\",\"target\":[\"https:\\\/\\\/cchim.ca\\\/fr\\\/certification\\\/ctss\\\/admissibilite-et-frais-du-ctss-nce\\\/\"]}]},{\"@type\":\"BreadcrumbList\",\"@id\":\"https:\\\/\\\/cchim.ca\\\/fr\\\/certification\\\/ctss\\\/admissibilite-et-frais-du-ctss-nce\\\/#breadcrumb\",\"itemListElement\":[{\"@type\":\"ListItem\",\"position\":1,\"name\":\"Home\",\"item\":\"https:\\\/\\\/cchim.ca\\\/\"},{\"@type\":\"ListItem\",\"position\":2,\"name\":\"La certification\",\"item\":\"https:\\\/\\\/cchim.ca\\\/fr\\\/certification\\\/\"},{\"@type\":\"ListItem\",\"position\":3,\"name\":\"CTSS\",\"item\":\"https:\\\/\\\/cchim.ca\\\/certification\\\/ctss\\\/\"},{\"@type\":\"ListItem\",\"position\":4,\"name\":\"Admissibilit\u00e9 et frais des RCE du SCST\"}]},{\"@type\":\"WebSite\",\"@id\":\"https:\\\/\\\/cchim.ca\\\/#website\",\"url\":\"https:\\\/\\\/cchim.ca\\\/\",\"name\":\"Canadian College of Health Information Management\",\"description\":\"Accrediting academic institutions and certifying health information professionals\",\"publisher\":{\"@id\":\"https:\\\/\\\/cchim.ca\\\/#organization\"},\"alternateName\":\"CCHIM\",\"potentialAction\":[{\"@type\":\"SearchAction\",\"target\":{\"@type\":\"EntryPoint\",\"urlTemplate\":\"https:\\\/\\\/cchim.ca\\\/?s={search_term_string}\"},\"query-input\":{\"@type\":\"PropertyValueSpecification\",\"valueRequired\":true,\"valueName\":\"search_term_string\"}}],\"inLanguage\":\"fr-CA\"},{\"@type\":\"Organization\",\"@id\":\"https:\\\/\\\/cchim.ca\\\/#organization\",\"name\":\"Canadian College of Health Information Management\",\"alternateName\":\"CCHIM\",\"url\":\"https:\\\/\\\/cchim.ca\\\/\",\"logo\":{\"@type\":\"ImageObject\",\"inLanguage\":\"fr-CA\",\"@id\":\"https:\\\/\\\/cchim.ca\\\/#\\\/schema\\\/logo\\\/image\\\/\",\"url\":\"https:\\\/\\\/cchim.ca\\\/wp-content\\\/uploads\\\/2020\\\/08\\\/cropped-favicon.webp\",\"contentUrl\":\"https:\\\/\\\/cchim.ca\\\/wp-content\\\/uploads\\\/2020\\\/08\\\/cropped-favicon.webp\",\"width\":512,\"height\":512,\"caption\":\"Canadian College of Health Information Management\"},\"image\":{\"@id\":\"https:\\\/\\\/cchim.ca\\\/#\\\/schema\\\/logo\\\/image\\\/\"},\"description\":\"Canadian College of Health Information Management\",\"email\":\"support@echima.ca\",\"legalName\":\"Canadian College of Health Information Management\",\"foundingDate\":\"1972-09-07\",\"numberOfEmployees\":{\"@type\":\"QuantitativeValue\",\"minValue\":\"11\",\"maxValue\":\"50\"}}]}<\/script>\n<!-- \/ Yoast SEO Premium plugin. -->","yoast_head_json":{"title":"Admissibilit\u00e9 et frais des RCE du SCST - Canadian College of Health Information Management","description":"Le SSTCAdmissibilit\u00e9 et frais Conditions d\u2019admissibilit\u00e9 Pour \u00eatre admissibles \u00e0 la certification en normes terminologiques, les candidats doivent \u00eatre","robots":{"index":"index","follow":"follow","max-snippet":"max-snippet:-1","max-image-preview":"max-image-preview:large","max-video-preview":"max-video-preview:-1"},"canonical":"https:\/\/cchim.ca\/fr\/certification\/ctss\/admissibilite-et-frais-du-ctss-nce\/","og_locale":"fr_CA","og_type":"article","og_title":"Admissibilit\u00e9 et frais des RCE du SCST","og_description":"Le SSTCAdmissibilit\u00e9 et frais Conditions d\u2019admissibilit\u00e9 Pour \u00eatre admissibles \u00e0 la certification en normes terminologiques, les candidats doivent \u00eatre","og_url":"https:\/\/cchim.ca\/fr\/certification\/ctss\/admissibilite-et-frais-du-ctss-nce\/","og_site_name":"Canadian College of Health Information Management","article_modified_time":"2025-07-28T18:48:52+00:00","twitter_card":"summary_large_image","schema":{"@context":"https:\/\/schema.org","@graph":[{"@type":"WebPage","@id":"https:\/\/cchim.ca\/fr\/certification\/ctss\/admissibilite-et-frais-du-ctss-nce\/","url":"https:\/\/cchim.ca\/fr\/certification\/ctss\/admissibilite-et-frais-du-ctss-nce\/","name":"Admissibilit\u00e9 et frais des RCE du SCST - Canadian College of Health Information Management","isPartOf":{"@id":"https:\/\/cchim.ca\/#website"},"datePublished":"2020-09-22T16:57:34+00:00","dateModified":"2025-07-28T18:48:52+00:00","description":"Le SSTCAdmissibilit\u00e9 et frais Conditions d\u2019admissibilit\u00e9 Pour \u00eatre admissibles \u00e0 la certification en normes terminologiques, les candidats doivent \u00eatre","breadcrumb":{"@id":"https:\/\/cchim.ca\/fr\/certification\/ctss\/admissibilite-et-frais-du-ctss-nce\/#breadcrumb"},"inLanguage":"fr-CA","potentialAction":[{"@type":"ReadAction","target":["https:\/\/cchim.ca\/fr\/certification\/ctss\/admissibilite-et-frais-du-ctss-nce\/"]}]},{"@type":"BreadcrumbList","@id":"https:\/\/cchim.ca\/fr\/certification\/ctss\/admissibilite-et-frais-du-ctss-nce\/#breadcrumb","itemListElement":[{"@type":"ListItem","position":1,"name":"Home","item":"https:\/\/cchim.ca\/"},{"@type":"ListItem","position":2,"name":"La certification","item":"https:\/\/cchim.ca\/fr\/certification\/"},{"@type":"ListItem","position":3,"name":"CTSS","item":"https:\/\/cchim.ca\/certification\/ctss\/"},{"@type":"ListItem","position":4,"name":"Admissibilit\u00e9 et frais des RCE du SCST"}]},{"@type":"WebSite","@id":"https:\/\/cchim.ca\/#website","url":"https:\/\/cchim.ca\/","name":"Canadian College of Health Information Management","description":"Accrediting academic institutions and certifying health information professionals","publisher":{"@id":"https:\/\/cchim.ca\/#organization"},"alternateName":"CCHIM","potentialAction":[{"@type":"SearchAction","target":{"@type":"EntryPoint","urlTemplate":"https:\/\/cchim.ca\/?s={search_term_string}"},"query-input":{"@type":"PropertyValueSpecification","valueRequired":true,"valueName":"search_term_string"}}],"inLanguage":"fr-CA"},{"@type":"Organization","@id":"https:\/\/cchim.ca\/#organization","name":"Canadian College of Health Information Management","alternateName":"CCHIM","url":"https:\/\/cchim.ca\/","logo":{"@type":"ImageObject","inLanguage":"fr-CA","@id":"https:\/\/cchim.ca\/#\/schema\/logo\/image\/","url":"https:\/\/cchim.ca\/wp-content\/uploads\/2020\/08\/cropped-favicon.webp","contentUrl":"https:\/\/cchim.ca\/wp-content\/uploads\/2020\/08\/cropped-favicon.webp","width":512,"height":512,"caption":"Canadian College of Health Information Management"},"image":{"@id":"https:\/\/cchim.ca\/#\/schema\/logo\/image\/"},"description":"Canadian College of Health Information Management","email":"support@echima.ca","legalName":"Canadian College of Health Information Management","foundingDate":"1972-09-07","numberOfEmployees":{"@type":"QuantitativeValue","minValue":"11","maxValue":"50"}}]}},"_links":{"self":[{"href":"https:\/\/cchim.ca\/fr\/wp-json\/wp\/v2\/pages\/885592","targetHints":{"allow":["GET"]}}],"collection":[{"href":"https:\/\/cchim.ca\/fr\/wp-json\/wp\/v2\/pages"}],"about":[{"href":"https:\/\/cchim.ca\/fr\/wp-json\/wp\/v2\/types\/page"}],"author":[{"embeddable":true,"href":"https:\/\/cchim.ca\/fr\/wp-json\/wp\/v2\/users\/8"}],"replies":[{"embeddable":true,"href":"https:\/\/cchim.ca\/fr\/wp-json\/wp\/v2\/comments?post=885592"}],"version-history":[{"count":0,"href":"https:\/\/cchim.ca\/fr\/wp-json\/wp\/v2\/pages\/885592\/revisions"}],"up":[{"embeddable":true,"href":"https:\/\/cchim.ca\/fr\/wp-json\/wp\/v2\/pages\/885594"}],"wp:attachment":[{"href":"https:\/\/cchim.ca\/fr\/wp-json\/wp\/v2\/media?parent=885592"}],"curies":[{"name":"wp","href":"https:\/\/api.w.org\/{rel}","templated":true}]}}