{"id":885160,"date":"2022-04-13T13:56:12","date_gmt":"2022-04-13T17:56:12","guid":{"rendered":"https:\/\/cchim.ca\/?page_id=885160"},"modified":"2024-09-14T15:23:56","modified_gmt":"2024-09-14T19:23:56","slug":"partenaires","status":"publish","type":"page","link":"https:\/\/cchim.ca\/fr\/partenaires\/","title":{"rendered":"Partenaires"},"content":{"rendered":"\t\t<div data-elementor-type=\"wp-page\" data-elementor-id=\"885160\" class=\"elementor elementor-885160 elementor-874260\" data-elementor-post-type=\"page\">\n\t\t\t\t<div data-particle_enable=\"false\" data-particle-mobile-disabled=\"false\" class=\"elementor-element elementor-element-33df73ca e-flex e-con-boxed e-con e-parent\" data-id=\"33df73ca\" data-element_type=\"container\" data-e-type=\"container\">\n\t\t\t\t\t<div class=\"e-con-inner\">\n\t\t\t\t<div class=\"elementor-element elementor-element-7d7153d9 elementor-widget elementor-widget-text-editor\" data-id=\"7d7153d9\" data-element_type=\"widget\" data-e-type=\"widget\" data-widget_type=\"text-editor.default\">\n\t\t\t\t<div class=\"elementor-widget-container\">\n\t\t\t\t\t\t\t\t\t<p>Accr\u00e9ditation<\/p>\n\t\t\t\t\t\t\t\t<\/div>\n\t\t\t\t<\/div>\n\t\t\t\t<div class=\"elementor-element elementor-element-4b13340f elementor-widget elementor-widget-heading\" data-id=\"4b13340f\" data-element_type=\"widget\" data-e-type=\"widget\" data-widget_type=\"heading.default\">\n\t\t\t\t<div class=\"elementor-widget-container\">\n\t\t\t\t\t<h1 class=\"elementor-heading-title elementor-size-default\">Obtenir l\u2019agr\u00e9ment de l\u2019Ordre<\/h1>\t\t\t\t<\/div>\n\t\t\t\t<\/div>\n\t\t\t\t<div class=\"elementor-element elementor-element-9a27d76 elementor-widget elementor-widget-spacer\" data-id=\"9a27d76\" data-element_type=\"widget\" data-e-type=\"widget\" data-widget_type=\"spacer.default\">\n\t\t\t\t<div class=\"elementor-widget-container\">\n\t\t\t\t\t\t\t<div class=\"elementor-spacer\">\n\t\t\t<div class=\"elementor-spacer-inner\"><\/div>\n\t\t<\/div>\n\t\t\t\t\t\t<\/div>\n\t\t\t\t<\/div>\n\t\t\t\t<div class=\"elementor-element elementor-element-5581f54f elementor-widget elementor-widget-text-editor\" data-id=\"5581f54f\" data-element_type=\"widget\" data-e-type=\"widget\" data-widget_type=\"text-editor.default\">\n\t\t\t\t<div class=\"elementor-widget-container\">\n\t\t\t\t\t\t\t\t\t<p>L\u2019Ordre est une soci\u00e9t\u00e9 nationale sans but lucratif qui \u00e9tablit les normes d\u2019agr\u00e9ment des \u00e9tablissements d\u2019enseignement et les normes de certification pour les professionnels de l\u2019information sur la sant\u00e9 au Canada.<\/p>\n<p>L\u2019Ordre travaille avec des partenaires universitaires et industriels, au Canada et \u00e0 l\u2019\u00e9tranger, pour faire progresser la profession de l\u2019information sur la sant\u00e9 et doter les apprenants des comp\u00e9tences et des habilet\u00e9s n\u00e9cessaires pour entrer sur le march\u00e9 du travail.<\/p>\t\t\t\t\t\t\t\t<\/div>\n\t\t\t\t<\/div>\n\t\t\t\t<div class=\"elementor-element elementor-element-554f571 elementor-align-center elementor-widget elementor-widget-button\" data-id=\"554f571\" data-element_type=\"widget\" data-e-type=\"widget\" data-widget_type=\"button.default\">\n\t\t\t\t<div class=\"elementor-widget-container\">\n\t\t\t\t\t\t\t\t\t<div class=\"elementor-button-wrapper\">\n\t\t\t\t\t<a class=\"elementor-button elementor-button-link elementor-size-sm\" href=\"https:\/\/healthinfocanada.ca\/about\/contact\/\">\n\t\t\t\t\t\t<span class=\"elementor-button-content-wrapper\">\n\t\t\t\t\t\t\t\t\t<span class=\"elementor-button-text\">Contactez-nous<\/span>\n\t\t\t\t\t<\/span>\n\t\t\t\t\t<\/a>\n\t\t\t\t<\/div>\n\t\t\t\t\t\t\t\t<\/div>\n\t\t\t\t<\/div>\n\t\t<div data-particle_enable=\"false\" data-particle-mobile-disabled=\"false\" class=\"elementor-element elementor-element-20db093b e-con-full e-flex e-con e-child\" data-id=\"20db093b\" data-element_type=\"container\" data-e-type=\"container\">\n\t\t\t\t<div class=\"elementor-element elementor-element-e63f1fc elementor-widget elementor-widget-video\" data-id=\"e63f1fc\" data-element_type=\"widget\" data-e-type=\"widget\" data-settings=\"{&quot;video_type&quot;:&quot;vimeo&quot;}\" data-widget_type=\"video.default\">\n\t\t\t\t<div class=\"elementor-widget-container\">\n\t\t\t\t\t\t\t<div class=\"elementor-wrapper elementor-open-inline\">\n\t\t\t<iframe class=\"elementor-video-iframe\" allowfullscreen allow=\"clipboard-write\" title=\"Lecteur vid\u00e9o vimeo\" src=\"https:\/\/player.vimeo.com\/video\/465843762?color&amp;autopause=0&amp;loop=0&amp;muted=0&amp;title=0&amp;portrait=0&amp;byline=0#t=\"><\/iframe>\t\t<\/div>\n\t\t\t\t\t\t<\/div>\n\t\t\t\t<\/div>\n\t\t\t\t<\/div>\n\t\t\t\t\t<\/div>\n\t\t\t\t<\/div>\n\t\t<div data-particle_enable=\"false\" data-particle-mobile-disabled=\"false\" class=\"elementor-element elementor-element-483d351 e-flex e-con-boxed e-con e-parent\" data-id=\"483d351\" data-element_type=\"container\" data-e-type=\"container\" data-settings=\"{&quot;background_background&quot;:&quot;gradient&quot;}\">\n\t\t\t\t\t<div class=\"e-con-inner\">\n\t\t\t\t<div class=\"elementor-element elementor-element-052068a elementor-widget elementor-widget-spacer\" data-id=\"052068a\" data-element_type=\"widget\" data-e-type=\"widget\" data-widget_type=\"spacer.default\">\n\t\t\t\t<div class=\"elementor-widget-container\">\n\t\t\t\t\t\t\t<div class=\"elementor-spacer\">\n\t\t\t<div class=\"elementor-spacer-inner\"><\/div>\n\t\t<\/div>\n\t\t\t\t\t\t<\/div>\n\t\t\t\t<\/div>\n\t\t\t\t\t<\/div>\n\t\t\t\t<\/div>\n\t\t<div data-particle_enable=\"false\" data-particle-mobile-disabled=\"false\" class=\"elementor-element elementor-element-7348ca5 e-flex e-con-boxed e-con e-parent\" data-id=\"7348ca5\" data-element_type=\"container\" data-e-type=\"container\" data-settings=\"{&quot;background_background&quot;:&quot;gradient&quot;}\">\n\t\t\t\t\t<div class=\"e-con-inner\">\n\t\t<div data-particle_enable=\"false\" data-particle-mobile-disabled=\"false\" class=\"elementor-element elementor-element-c000d2f e-con-full e-flex e-con e-child\" data-id=\"c000d2f\" data-element_type=\"container\" data-e-type=\"container\">\n\t\t\t\t<div class=\"elementor-element elementor-element-258f6f2 elementor-widget elementor-widget-image\" data-id=\"258f6f2\" data-element_type=\"widget\" data-e-type=\"widget\" data-widget_type=\"image.default\">\n\t\t\t\t<div class=\"elementor-widget-container\">\n\t\t\t\t\t\t\t\t\t\t\t\t\t\t\t<img fetchpriority=\"high\" decoding=\"async\" width=\"600\" height=\"600\" src=\"https:\/\/cchim.ca\/wp-content\/uploads\/2024\/09\/cchim-square.webp\" class=\"attachment-large size-large wp-image-885566\" alt=\"CCHIM Logo with Image\" \/>\t\t\t\t\t\t\t\t\t\t\t\t\t\t\t<\/div>\n\t\t\t\t<\/div>\n\t\t\t\t<\/div>\n\t\t<div data-particle_enable=\"false\" data-particle-mobile-disabled=\"false\" class=\"elementor-element elementor-element-a5420c7 e-con-full e-flex e-con e-child\" data-id=\"a5420c7\" data-element_type=\"container\" data-e-type=\"container\">\n\t\t\t\t<div class=\"elementor-element elementor-element-6f2f41f elementor-widget elementor-widget-spacer\" data-id=\"6f2f41f\" data-element_type=\"widget\" data-e-type=\"widget\" data-widget_type=\"spacer.default\">\n\t\t\t\t<div class=\"elementor-widget-container\">\n\t\t\t\t\t\t\t<div class=\"elementor-spacer\">\n\t\t\t<div class=\"elementor-spacer-inner\"><\/div>\n\t\t<\/div>\n\t\t\t\t\t\t<\/div>\n\t\t\t\t<\/div>\n\t\t\t\t<div class=\"elementor-element elementor-element-757f7a0 elementor-widget elementor-widget-heading\" data-id=\"757f7a0\" data-element_type=\"widget\" data-e-type=\"widget\" data-widget_type=\"heading.default\">\n\t\t\t\t<div class=\"elementor-widget-container\">\n\t\t\t\t\t<h2 class=\"elementor-heading-title elementor-size-default\">Devenez partenaire d\u00e8s aujourd\u2019hui<\/h2>\t\t\t\t<\/div>\n\t\t\t\t<\/div>\n\t\t\t\t<div class=\"elementor-element elementor-element-6fb5ebf elementor-widget elementor-widget-text-editor\" data-id=\"6fb5ebf\" data-element_type=\"widget\" data-e-type=\"widget\" data-widget_type=\"text-editor.default\">\n\t\t\t\t<div class=\"elementor-widget-container\">\n\t\t\t\t\t\t\t\t\t<div class=\"elementor-element elementor-element-b2a4fd2 elementor-widget elementor-widget-text-editor\" data-id=\"b2a4fd2\" data-element_type=\"widget\" data-widget_type=\"text-editor.default\">\n<div class=\"elementor-widget-container\">\n<p>Une information de qualit\u00e9 sur la sant\u00e9 permet aux gens de prendre de meilleures d\u00e9cisions.<\/p>\n<\/div>\n<\/div>\n<div class=\"elementor-element elementor-element-246171a elementor-widget elementor-widget-text-editor\" data-id=\"246171a\" data-element_type=\"widget\" data-widget_type=\"text-editor.default\">\n<div class=\"elementor-widget-container\">\n<p>Le Coll\u00e8ge canadien de gestion de l\u2019information sur la sant\u00e9 est une soci\u00e9t\u00e9 nationale sans but lucratif qui \u00e9tablit les normes d\u2019agr\u00e9ment des \u00e9tablissements d\u2019enseignement et les normes de certification pour les professionnels de l\u2019information sur la sant\u00e9 au Canada.<\/p>\n<\/div>\n<\/div>\n<div class=\"elementor-element elementor-element-e96c4c9 elementor-widget elementor-widget-text-editor\" data-id=\"e96c4c9\" data-element_type=\"widget\" data-widget_type=\"text-editor.default\">\n<div class=\"elementor-widget-container\">\n<p>En savoir plus sur<\/p>\n<p><strong><a href=\"https:\/\/healthinfocanada.ca\/about-the-college\/program-accreditation\/\">Accr\u00e9ditation<\/a><\/strong><\/p>\n<p><strong><a href=\"https:\/\/healthinfocanada.ca\/for-institutions\/cerp\/\">Ressources \u00e9ducatives<\/a><\/strong><\/p>\n<p><strong><a href=\"https:\/\/healthinfocanada.ca\/professional-certification\/browse-all-certifications\/\">La certification<\/a><\/strong><\/p>\n<p><strong><a href=\"https:\/\/healthinfocanada.ca\/membership\/\">Adh\u00e9sions \u00e9tudiantes<\/a><\/strong><\/p>\n<\/div>\n<\/div>\n\t\t\t\t\t\t\t\t<\/div>\n\t\t\t\t<\/div>\n\t\t\t\t<\/div>\n\t\t\t\t\t<\/div>\n\t\t\t\t<\/div>\n\t\t<div data-particle_enable=\"false\" data-particle-mobile-disabled=\"false\" class=\"elementor-element elementor-element-c70a0ec e-flex e-con-boxed e-con e-parent\" data-id=\"c70a0ec\" data-element_type=\"container\" data-e-type=\"container\">\n\t\t\t\t\t<div class=\"e-con-inner\">\n\t\t<div data-particle_enable=\"false\" data-particle-mobile-disabled=\"false\" class=\"elementor-element elementor-element-6b7e4d0 e-con-full e-flex e-con e-child\" data-id=\"6b7e4d0\" data-element_type=\"container\" data-e-type=\"container\">\n\t\t\t\t<div class=\"elementor-element elementor-element-f00e9ce elementor-widget elementor-widget-spacer\" data-id=\"f00e9ce\" data-element_type=\"widget\" data-e-type=\"widget\" data-widget_type=\"spacer.default\">\n\t\t\t\t<div class=\"elementor-widget-container\">\n\t\t\t\t\t\t\t<div class=\"elementor-spacer\">\n\t\t\t<div class=\"elementor-spacer-inner\"><\/div>\n\t\t<\/div>\n\t\t\t\t\t\t<\/div>\n\t\t\t\t<\/div>\n\t\t\t\t<div class=\"elementor-element elementor-element-848e3a7 elementor-widget elementor-widget-heading\" data-id=\"848e3a7\" data-element_type=\"widget\" data-e-type=\"widget\" data-widget_type=\"heading.default\">\n\t\t\t\t<div class=\"elementor-widget-container\">\n\t\t\t\t\t<h2 class=\"elementor-heading-title elementor-size-default\">Accr\u00e9ditation<\/h2>\t\t\t\t<\/div>\n\t\t\t\t<\/div>\n\t\t\t\t<div class=\"elementor-element elementor-element-0eccf23 elementor-widget elementor-widget-text-editor\" data-id=\"0eccf23\" data-element_type=\"widget\" data-e-type=\"widget\" data-widget_type=\"text-editor.default\">\n\t\t\t\t<div class=\"elementor-widget-container\">\n\t\t\t\t\t\t\t\t\t<p>L\u2019agr\u00e9ment d\u00e9montre au public qu\u2019un programme est conforme aux normes de l\u2019industrie, telles qu\u2019elles ont \u00e9t\u00e9 d\u00e9termin\u00e9es dans le cadre de l\u2019\u00e9valuation des besoins de l\u2019Ordre et de la consultation de l\u2019industrie.<br \/>\nIl s\u2019agit d\u2019un processus volontaire d\u2019autor\u00e9glementation visant \u00e0 reconna\u00eetre ceux qui respectent ou d\u00e9passent les normes \u00e9tablies pour l\u2019\u00e9ducation en mati\u00e8re d\u2019information sur la sant\u00e9.<br \/>\nL\u2019objectif de l\u2019agr\u00e9ment des programmes est d\u2019assurer l\u2019am\u00e9lioration continue de la qualit\u00e9 du contenu \u00e9ducatif afin de soutenir l\u2019\u00e9volution de l\u2019industrie de l\u2019information sur la sant\u00e9.  <\/p>\n<p>En savoir plus sur<\/p>\n<p><strong><a href=\"https:\/\/healthinfocanada.ca\/for-institutions\/program-accreditation\/\">Accr\u00e9ditation<\/a><\/strong><\/p>\n<p><strong><a href=\"https:\/\/cchim.ca\/program-directory\/\">Partenaires accr\u00e9dit\u00e9s actuels<\/a><\/strong><\/p>\n\t\t\t\t\t\t\t\t<\/div>\n\t\t\t\t<\/div>\n\t\t\t\t<\/div>\n\t\t<div data-particle_enable=\"false\" data-particle-mobile-disabled=\"false\" class=\"elementor-element elementor-element-46417d7 e-con-full e-flex e-con e-child\" data-id=\"46417d7\" data-element_type=\"container\" data-e-type=\"container\">\n\t\t\t\t<div class=\"elementor-element elementor-element-160a303 elementor-widget elementor-widget-spacer\" data-id=\"160a303\" data-element_type=\"widget\" data-e-type=\"widget\" data-widget_type=\"spacer.default\">\n\t\t\t\t<div class=\"elementor-widget-container\">\n\t\t\t\t\t\t\t<div class=\"elementor-spacer\">\n\t\t\t<div class=\"elementor-spacer-inner\"><\/div>\n\t\t<\/div>\n\t\t\t\t\t\t<\/div>\n\t\t\t\t<\/div>\n\t\t\t\t<div class=\"elementor-element elementor-element-5891fb3 elementor-widget elementor-widget-image\" data-id=\"5891fb3\" data-element_type=\"widget\" data-e-type=\"widget\" data-widget_type=\"image.default\">\n\t\t\t\t<div class=\"elementor-widget-container\">\n\t\t\t\t\t\t\t\t\t\t\t\t\t\t\t<img decoding=\"async\" width=\"940\" height=\"626\" src=\"https:\/\/cchim.ca\/wp-content\/uploads\/2022\/02\/AdobeStock_324968402-copy-940x626.jpeg\" class=\"attachment-large size-large wp-image-874262\" alt=\"Portrait of multi ethnic business duo\" srcset=\"https:\/\/cchim.ca\/wp-content\/uploads\/2022\/02\/AdobeStock_324968402-copy-940x626.jpeg 940w, https:\/\/cchim.ca\/wp-content\/uploads\/2022\/02\/AdobeStock_324968402-copy-650x433.jpeg 650w, https:\/\/cchim.ca\/wp-content\/uploads\/2022\/02\/AdobeStock_324968402-copy-768x512.jpeg 768w, https:\/\/cchim.ca\/wp-content\/uploads\/2022\/02\/AdobeStock_324968402-copy.jpeg 1400w\" sizes=\"(max-width: 940px) 100vw, 940px\" \/>\t\t\t\t\t\t\t\t\t\t\t\t\t\t\t<\/div>\n\t\t\t\t<\/div>\n\t\t\t\t<\/div>\n\t\t\t\t\t<\/div>\n\t\t\t\t<\/div>\n\t\t<div data-particle_enable=\"false\" data-particle-mobile-disabled=\"false\" class=\"elementor-element elementor-element-c3b9189 e-flex e-con-boxed e-con e-parent\" data-id=\"c3b9189\" data-element_type=\"container\" data-e-type=\"container\">\n\t\t\t\t\t<div class=\"e-con-inner\">\n\t\t\t\t<div class=\"elementor-element elementor-element-1cac355 elementor-widget elementor-widget-spacer\" data-id=\"1cac355\" data-element_type=\"widget\" data-e-type=\"widget\" data-widget_type=\"spacer.default\">\n\t\t\t\t<div class=\"elementor-widget-container\">\n\t\t\t\t\t\t\t<div class=\"elementor-spacer\">\n\t\t\t<div class=\"elementor-spacer-inner\"><\/div>\n\t\t<\/div>\n\t\t\t\t\t\t<\/div>\n\t\t\t\t<\/div>\n\t\t\t\t\t<\/div>\n\t\t\t\t<\/div>\n\t\t\t\t<\/div>\n\t\t","protected":false},"excerpt":{"rendered":"<p>Accr\u00e9ditation Obtenir l\u2019agr\u00e9ment de l\u2019Ordre L\u2019Ordre est une soci\u00e9t\u00e9 nationale sans but lucratif qui \u00e9tablit les normes d\u2019agr\u00e9ment des \u00e9tablissements d\u2019enseignement et les normes de certification pour les professionnels de l\u2019information sur la sant\u00e9 au Canada. L\u2019Ordre travaille avec des partenaires universitaires et industriels,&#8230;<\/p>\n","protected":false},"author":10,"featured_media":0,"parent":0,"menu_order":0,"comment_status":"closed","ping_status":"closed","template":"","meta":{"footnotes":""},"class_list":["post-885160","page","type-page","status-publish","hentry"],"yoast_head":"<!-- This site is optimized with the Yoast SEO Premium plugin v26.2 (Yoast SEO v27.3) - https:\/\/yoast.com\/product\/yoast-seo-premium-wordpress\/ -->\n<title>d\u2019accr\u00e9ditation - Canadian College of Health Information Management<\/title>\n<meta name=\"description\" content=\"Am\u00e9liorer les carri\u00e8res en information sur la sant\u00e9 gr\u00e2ce \u00e0 l\u2019agr\u00e9ment du Coll\u00e8ge canadien. Renseignez-vous sur les normes et les ressources disponibles.\" \/>\n<meta name=\"robots\" content=\"index, follow, max-snippet:-1, max-image-preview:large, max-video-preview:-1\" \/>\n<link rel=\"canonical\" href=\"https:\/\/cchim.ca\/partners\/\" \/>\n<meta property=\"og:locale\" content=\"fr_CA\" \/>\n<meta property=\"og:type\" content=\"article\" \/>\n<meta property=\"og:title\" content=\"Partenaires\" \/>\n<meta property=\"og:description\" content=\"Devenez partenaire d\u00e8s aujourd\u2019hui. Normes d\u2019agr\u00e9ment pour les \u00e9tablissements d\u2019enseignement et normes de certification pour les professionnels de l\u2019information sur la sant\u00e9 au Canada\" \/>\n<meta property=\"og:url\" content=\"https:\/\/cchim.ca\/partners\/\" \/>\n<meta property=\"og:site_name\" content=\"Canadian College of Health Information Management\" \/>\n<meta property=\"article:modified_time\" content=\"2024-09-14T19:23:56+00:00\" \/>\n<meta property=\"og:image\" content=\"https:\/\/cchim.ca\/wp-content\/uploads\/2024\/09\/cchim-square.webp\" \/>\n<meta name=\"twitter:card\" content=\"summary_large_image\" \/>\n<meta name=\"twitter:label1\" content=\"Estimation du temps de lecture\" \/>\n\t<meta name=\"twitter:data1\" content=\"8 minutes\" \/>\n<script type=\"application\/ld+json\" class=\"yoast-schema-graph\">{\"@context\":\"https:\\\/\\\/schema.org\",\"@graph\":[{\"@type\":\"WebPage\",\"@id\":\"https:\\\/\\\/cchim.ca\\\/partners\\\/\",\"url\":\"https:\\\/\\\/cchim.ca\\\/partners\\\/\",\"name\":\"d\u2019accr\u00e9ditation - Canadian College of Health Information Management\",\"isPartOf\":{\"@id\":\"https:\\\/\\\/cchim.ca\\\/#website\"},\"primaryImageOfPage\":{\"@id\":\"https:\\\/\\\/cchim.ca\\\/partners\\\/#primaryimage\"},\"image\":{\"@id\":\"https:\\\/\\\/cchim.ca\\\/partners\\\/#primaryimage\"},\"thumbnailUrl\":\"https:\\\/\\\/cchim.ca\\\/wp-content\\\/uploads\\\/2024\\\/09\\\/cchim-square.webp\",\"datePublished\":\"2022-04-13T17:56:12+00:00\",\"dateModified\":\"2024-09-14T19:23:56+00:00\",\"description\":\"Am\u00e9liorer les carri\u00e8res en information sur la sant\u00e9 gr\u00e2ce \u00e0 l\u2019agr\u00e9ment du Coll\u00e8ge canadien. Renseignez-vous sur les normes et les ressources disponibles.\",\"breadcrumb\":{\"@id\":\"https:\\\/\\\/cchim.ca\\\/partners\\\/#breadcrumb\"},\"inLanguage\":\"fr-CA\",\"potentialAction\":[{\"@type\":\"ReadAction\",\"target\":[\"https:\\\/\\\/cchim.ca\\\/partners\\\/\"]}]},{\"@type\":\"ImageObject\",\"inLanguage\":\"fr-CA\",\"@id\":\"https:\\\/\\\/cchim.ca\\\/partners\\\/#primaryimage\",\"url\":\"https:\\\/\\\/cchim.ca\\\/wp-content\\\/uploads\\\/2024\\\/09\\\/cchim-square.webp\",\"contentUrl\":\"https:\\\/\\\/cchim.ca\\\/wp-content\\\/uploads\\\/2024\\\/09\\\/cchim-square.webp\"},{\"@type\":\"BreadcrumbList\",\"@id\":\"https:\\\/\\\/cchim.ca\\\/partners\\\/#breadcrumb\",\"itemListElement\":[{\"@type\":\"ListItem\",\"position\":1,\"name\":\"Home\",\"item\":\"https:\\\/\\\/cchim.ca\\\/\"},{\"@type\":\"ListItem\",\"position\":2,\"name\":\"Partenaires\"}]},{\"@type\":\"WebSite\",\"@id\":\"https:\\\/\\\/cchim.ca\\\/#website\",\"url\":\"https:\\\/\\\/cchim.ca\\\/\",\"name\":\"Canadian College of Health Information Management\",\"description\":\"Accrediting academic institutions and certifying health information professionals\",\"publisher\":{\"@id\":\"https:\\\/\\\/cchim.ca\\\/#organization\"},\"alternateName\":\"CCHIM\",\"potentialAction\":[{\"@type\":\"SearchAction\",\"target\":{\"@type\":\"EntryPoint\",\"urlTemplate\":\"https:\\\/\\\/cchim.ca\\\/?s={search_term_string}\"},\"query-input\":{\"@type\":\"PropertyValueSpecification\",\"valueRequired\":true,\"valueName\":\"search_term_string\"}}],\"inLanguage\":\"fr-CA\"},{\"@type\":\"Organization\",\"@id\":\"https:\\\/\\\/cchim.ca\\\/#organization\",\"name\":\"Canadian College of Health Information Management\",\"alternateName\":\"CCHIM\",\"url\":\"https:\\\/\\\/cchim.ca\\\/\",\"logo\":{\"@type\":\"ImageObject\",\"inLanguage\":\"fr-CA\",\"@id\":\"https:\\\/\\\/cchim.ca\\\/#\\\/schema\\\/logo\\\/image\\\/\",\"url\":\"https:\\\/\\\/cchim.ca\\\/wp-content\\\/uploads\\\/2020\\\/08\\\/cropped-favicon.webp\",\"contentUrl\":\"https:\\\/\\\/cchim.ca\\\/wp-content\\\/uploads\\\/2020\\\/08\\\/cropped-favicon.webp\",\"width\":512,\"height\":512,\"caption\":\"Canadian College of Health Information Management\"},\"image\":{\"@id\":\"https:\\\/\\\/cchim.ca\\\/#\\\/schema\\\/logo\\\/image\\\/\"},\"description\":\"Canadian College of Health Information Management\",\"email\":\"support@echima.ca\",\"legalName\":\"Canadian College of Health Information Management\",\"foundingDate\":\"1972-09-07\",\"numberOfEmployees\":{\"@type\":\"QuantitativeValue\",\"minValue\":\"11\",\"maxValue\":\"50\"}}]}<\/script>\n<!-- \/ Yoast SEO Premium plugin. -->","yoast_head_json":{"title":"d\u2019accr\u00e9ditation - Canadian College of Health Information Management","description":"Am\u00e9liorer les carri\u00e8res en information sur la sant\u00e9 gr\u00e2ce \u00e0 l\u2019agr\u00e9ment du Coll\u00e8ge canadien. Renseignez-vous sur les normes et les ressources disponibles.","robots":{"index":"index","follow":"follow","max-snippet":"max-snippet:-1","max-image-preview":"max-image-preview:large","max-video-preview":"max-video-preview:-1"},"canonical":"https:\/\/cchim.ca\/partners\/","og_locale":"fr_CA","og_type":"article","og_title":"Partenaires","og_description":"Devenez partenaire d\u00e8s aujourd\u2019hui. Normes d\u2019agr\u00e9ment pour les \u00e9tablissements d\u2019enseignement et normes de certification pour les professionnels de l\u2019information sur la sant\u00e9 au Canada","og_url":"https:\/\/cchim.ca\/partners\/","og_site_name":"Canadian College of Health Information Management","article_modified_time":"2024-09-14T19:23:56+00:00","og_image":[{"url":"https:\/\/cchim.ca\/wp-content\/uploads\/2024\/09\/cchim-square.webp","type":"","width":"","height":""}],"twitter_card":"summary_large_image","twitter_misc":{"Estimation du temps de lecture":"8 minutes"},"schema":{"@context":"https:\/\/schema.org","@graph":[{"@type":"WebPage","@id":"https:\/\/cchim.ca\/partners\/","url":"https:\/\/cchim.ca\/partners\/","name":"d\u2019accr\u00e9ditation - Canadian College of Health Information Management","isPartOf":{"@id":"https:\/\/cchim.ca\/#website"},"primaryImageOfPage":{"@id":"https:\/\/cchim.ca\/partners\/#primaryimage"},"image":{"@id":"https:\/\/cchim.ca\/partners\/#primaryimage"},"thumbnailUrl":"https:\/\/cchim.ca\/wp-content\/uploads\/2024\/09\/cchim-square.webp","datePublished":"2022-04-13T17:56:12+00:00","dateModified":"2024-09-14T19:23:56+00:00","description":"Am\u00e9liorer les carri\u00e8res en information sur la sant\u00e9 gr\u00e2ce \u00e0 l\u2019agr\u00e9ment du Coll\u00e8ge canadien. Renseignez-vous sur les normes et les ressources disponibles.","breadcrumb":{"@id":"https:\/\/cchim.ca\/partners\/#breadcrumb"},"inLanguage":"fr-CA","potentialAction":[{"@type":"ReadAction","target":["https:\/\/cchim.ca\/partners\/"]}]},{"@type":"ImageObject","inLanguage":"fr-CA","@id":"https:\/\/cchim.ca\/partners\/#primaryimage","url":"https:\/\/cchim.ca\/wp-content\/uploads\/2024\/09\/cchim-square.webp","contentUrl":"https:\/\/cchim.ca\/wp-content\/uploads\/2024\/09\/cchim-square.webp"},{"@type":"BreadcrumbList","@id":"https:\/\/cchim.ca\/partners\/#breadcrumb","itemListElement":[{"@type":"ListItem","position":1,"name":"Home","item":"https:\/\/cchim.ca\/"},{"@type":"ListItem","position":2,"name":"Partenaires"}]},{"@type":"WebSite","@id":"https:\/\/cchim.ca\/#website","url":"https:\/\/cchim.ca\/","name":"Canadian College of Health Information Management","description":"Accrediting academic institutions and certifying health information professionals","publisher":{"@id":"https:\/\/cchim.ca\/#organization"},"alternateName":"CCHIM","potentialAction":[{"@type":"SearchAction","target":{"@type":"EntryPoint","urlTemplate":"https:\/\/cchim.ca\/?s={search_term_string}"},"query-input":{"@type":"PropertyValueSpecification","valueRequired":true,"valueName":"search_term_string"}}],"inLanguage":"fr-CA"},{"@type":"Organization","@id":"https:\/\/cchim.ca\/#organization","name":"Canadian College of Health Information Management","alternateName":"CCHIM","url":"https:\/\/cchim.ca\/","logo":{"@type":"ImageObject","inLanguage":"fr-CA","@id":"https:\/\/cchim.ca\/#\/schema\/logo\/image\/","url":"https:\/\/cchim.ca\/wp-content\/uploads\/2020\/08\/cropped-favicon.webp","contentUrl":"https:\/\/cchim.ca\/wp-content\/uploads\/2020\/08\/cropped-favicon.webp","width":512,"height":512,"caption":"Canadian College of Health Information Management"},"image":{"@id":"https:\/\/cchim.ca\/#\/schema\/logo\/image\/"},"description":"Canadian College of Health Information Management","email":"support@echima.ca","legalName":"Canadian College of Health Information Management","foundingDate":"1972-09-07","numberOfEmployees":{"@type":"QuantitativeValue","minValue":"11","maxValue":"50"}}]}},"_links":{"self":[{"href":"https:\/\/cchim.ca\/fr\/wp-json\/wp\/v2\/pages\/885160","targetHints":{"allow":["GET"]}}],"collection":[{"href":"https:\/\/cchim.ca\/fr\/wp-json\/wp\/v2\/pages"}],"about":[{"href":"https:\/\/cchim.ca\/fr\/wp-json\/wp\/v2\/types\/page"}],"author":[{"embeddable":true,"href":"https:\/\/cchim.ca\/fr\/wp-json\/wp\/v2\/users\/10"}],"replies":[{"embeddable":true,"href":"https:\/\/cchim.ca\/fr\/wp-json\/wp\/v2\/comments?post=885160"}],"version-history":[{"count":0,"href":"https:\/\/cchim.ca\/fr\/wp-json\/wp\/v2\/pages\/885160\/revisions"}],"wp:attachment":[{"href":"https:\/\/cchim.ca\/fr\/wp-json\/wp\/v2\/media?parent=885160"}],"curies":[{"name":"wp","href":"https:\/\/api.w.org\/{rel}","templated":true}]}}