{"id":877447,"date":"2022-10-20T09:33:31","date_gmt":"2022-10-20T13:33:31","guid":{"rendered":"https:\/\/cchim.ca\/?page_id=877447"},"modified":"2025-04-23T10:16:00","modified_gmt":"2025-04-23T14:16:00","slug":"professionals-changing-careers","status":"publish","type":"page","link":"https:\/\/cchim.ca\/fr\/joignez-vous-a-la-profession\/parcours-aiis\/professionals-changing-careers\/","title":{"rendered":"Professionnels qui changent de carri\u00e8re"},"content":{"rendered":"\n<div class=\"wp-block-pb-section alignfull\"><div class=\"o-container\">\n<div class=\"o-row u-justify-content-center\">\n<div class=\"o-col u-8of12-md\">\n<p><span class=\"is-style-slug\">Joignez-vous \u00e0 la profession<\/span><\/p>\n\n\n\n<h1 class=\"wp-block-heading\" id=\"h-professionals-changing-careers\">Professionnels qui changent de carri\u00e8re<\/h1>\n\n\n\n<p class=\"is-style-intro\">Les professionnels peuvent tirer parti de leurs comp\u00e9tences transf\u00e9rables de carri\u00e8res ant\u00e9rieures et se joindre \u00e0 la profession de l\u2019information sur la sant\u00e9. Choisissez parmi une vari\u00e9t\u00e9 de programmes partout au Canada pour en apprendre davantage sur la protection de la vie priv\u00e9e, le traitement \u00e9thique des donn\u00e9es, les normes de qualit\u00e9 des donn\u00e9es et la technologie des soins de sant\u00e9. Communiquez directement avec un partenaire en \u00e9ducation pour en savoir plus sur son programme.  <\/p>\n\n\n\n<div style=\"height:20px\" aria-hidden=\"true\" class=\"wp-block-spacer\"><\/div>\n\n\n\n<div class=\"wp-block-buttons is-layout-flex wp-block-buttons-is-layout-flex\">\n<div class=\"wp-block-button\"><a class=\"wp-block-button__link wp-element-button\" href=\"https:\/\/cchim.ca\/program-directory\/?education=&amp;program_type=health-information-certified-associate&amp;program_location=&amp;program_delivery=&amp;college_status=&amp;institution=\">Voir les programmes agr\u00e9\u00e9s<\/a><\/div>\n<\/div>\n\n\n\n<p>Veuillez lire la foire aux questions ci-dessous pour plus d\u2019informations sur la fa\u00e7on de devenir un associ\u00e9 certifi\u00e9.<\/p>\n<\/div>\n<\/div>\n<\/div><\/div>\n\n<div class=\"wp-block-pb-section alignfull is-style-white\"><div class=\"o-container\">\n<div class=\"o-row u-justify-content-center\">\n<div class=\"o-col u-8of12-md\">\n<h2 class=\"wp-block-heading\" id=\"h-frequently-asked-questions\">Foire aux questions<\/h2>\n\n\n\n<div class=\"wp-block-pb-accordion-item c-accordion__item js-accordion-item no-js\" data-initially-open=\"false\" data-click-to-close=\"true\" data-auto-close=\"true\" data-scroll=\"false\" data-scroll-offset=\"0\"><h2 id=\"at-8769566\" class=\"c-accordion__title js-accordion-controller\" role=\"button\">I\u2019m interested in learning more. Where can I find the program directory?<\/h2><div id=\"ac-8769566\" class=\"c-accordion__content\">\n<p>Veuillez cliquer sur le bouton ci-dessous pour acc\u00e9der au r\u00e9pertoire des programmes et voir tous les programmes associ\u00e9s agr\u00e9\u00e9s.<\/p>\n\n\n\n<div style=\"height:20px\" aria-hidden=\"true\" class=\"wp-block-spacer\"><\/div>\n\n\n\n<div class=\"wp-block-buttons is-layout-flex wp-block-buttons-is-layout-flex\">\n<div class=\"wp-block-button\"><a class=\"wp-block-button__link wp-element-button\" href=\"https:\/\/cchim.ca\/program-directory\/?education=&amp;program_type=health-information-associate&amp;program_location=&amp;program_delivery=&amp;college_status=&amp;institution=\">Voir les programmes agr\u00e9\u00e9s<\/a><\/div>\n<\/div>\n<\/div><\/div>\n\n\n\n<div class=\"wp-block-pb-accordion-item c-accordion__item js-accordion-item no-js\" data-initially-open=\"false\" data-click-to-close=\"true\" data-auto-close=\"true\" data-scroll=\"false\" data-scroll-offset=\"0\"><h2 id=\"at-8769567\" class=\"c-accordion__title js-accordion-controller\" role=\"button\">What types of courses are in an accredited health information associate program?<\/h2><div id=\"ac-8769567\" class=\"c-accordion__content\">\n<p>Veuillez consulter le programme qui vous int\u00e9resse pour en savoir plus sur les cours sp\u00e9cifiques offerts. Chaque programme agr\u00e9\u00e9 respecte les normes du programme d\u2019\u00e9tudes \u00e9tablies par le Coll\u00e8ge canadien de gestion de l\u2019information sur la sant\u00e9.<\/p>\n\n\n\n<div style=\"height:20px\" aria-hidden=\"true\" class=\"wp-block-spacer\"><\/div>\n\n\n\n<div class=\"wp-block-buttons is-layout-flex wp-block-buttons-is-layout-flex\">\n<div class=\"wp-block-button\"><a class=\"wp-block-button__link wp-element-button\" href=\"https:\/\/cchim.ca\/program-directory\/?education=&amp;program_type=health-information-associate&amp;program_location=&amp;program_delivery=&amp;college_status=&amp;institution=\">Voir les programmes agr\u00e9\u00e9s<\/a><\/div>\n<\/div>\n<\/div><\/div>\n\n\n\n<div class=\"wp-block-pb-accordion-item c-accordion__item js-accordion-item no-js\" data-initially-open=\"false\" data-click-to-close=\"true\" data-auto-close=\"true\" data-scroll=\"false\" data-scroll-offset=\"0\"><h2 id=\"at-8769568\" class=\"c-accordion__title js-accordion-controller\" role=\"button\">Where can I learn about a program\u2019s format, duration, tuition costs, and more?<\/h2><div id=\"ac-8769568\" class=\"c-accordion__content\">\n<p>Pour obtenir des renseignements sur le format du programme, la dur\u00e9e et les frais de scolarit\u00e9, veuillez consulter la page du programme de l\u2019\u00e9tablissement d\u2019enseignement.<\/p>\n\n\n\n<p>Veuillez cliquer sur le bouton ci-dessous pour acc\u00e9der au r\u00e9pertoire des programmes et voir tous les programmes agr\u00e9\u00e9s d\u2019associ\u00e9 en information sur la sant\u00e9. Ce r\u00e9pertoire peut \u00eatre filtr\u00e9 en fonction du niveau de scolarit\u00e9, du type, de l\u2019emplacement, du mode de prestation et du statut du coll\u00e8ge. <\/p>\n\n\n\n<div style=\"height:20px\" aria-hidden=\"true\" class=\"wp-block-spacer\"><\/div>\n\n\n\n<div class=\"wp-block-buttons is-layout-flex wp-block-buttons-is-layout-flex\">\n<div class=\"wp-block-button\"><a class=\"wp-block-button__link wp-element-button\" href=\"https:\/\/cchim.ca\/program-directory\/?education=&amp;program_type=health-information-associate&amp;program_location=&amp;program_delivery=&amp;college_status=&amp;institution=\">Voir les programmes agr\u00e9\u00e9s<\/a><\/div>\n<\/div>\n<\/div><\/div>\n\n\n\n<div class=\"wp-block-pb-accordion-item c-accordion__item js-accordion-item no-js\" data-initially-open=\"false\" data-click-to-close=\"true\" data-auto-close=\"true\" data-scroll=\"false\" data-scroll-offset=\"0\"><h2 id=\"at-8769569\" class=\"c-accordion__title js-accordion-controller\" role=\"button\">What is the best school and program to select?<\/h2><div id=\"ac-8769569\" class=\"c-accordion__content\">\n<p>Tous nos partenaires en \u00e9ducation ont suivi un processus d\u2019agr\u00e9ment rigoureux et sont aptes \u00e0 pr\u00e9parer les \u00e9tudiants \u00e0 passer le RCE du CHIM. Veuillez consulter notre r\u00e9pertoire de programmes et communiquer avec les \u00e9coles qui vous int\u00e9ressent. <\/p>\n\n\n\n<div style=\"height:20px\" aria-hidden=\"true\" class=\"wp-block-spacer\"><\/div>\n\n\n\n<div class=\"wp-block-buttons is-layout-flex wp-block-buttons-is-layout-flex\">\n<div class=\"wp-block-button\"><a class=\"wp-block-button__link wp-element-button\" href=\"https:\/\/cchim.ca\/program-directory\/?education=&amp;program_type=health-information-associate&amp;program_location=&amp;program_delivery=&amp;college_status=&amp;institution=\">Voir les programmes agr\u00e9\u00e9s<\/a><\/div>\n<\/div>\n<\/div><\/div>\n\n\n\n<div class=\"wp-block-pb-accordion-item c-accordion__item js-accordion-item no-js\" data-initially-open=\"false\" data-click-to-close=\"true\" data-auto-close=\"true\" data-scroll=\"false\" data-scroll-offset=\"0\"><h2 id=\"at-87695610\" class=\"c-accordion__title js-accordion-controller\" role=\"button\">Does every accredited program have a work placement or practicum?<\/h2><div id=\"ac-87695610\" class=\"c-accordion__content\">\n<p>Les programmes d\u2019associ\u00e9s agr\u00e9\u00e9s en information sur la sant\u00e9 exigent une exp\u00e9rience professionnelle avant l\u2019obtention de leur dipl\u00f4me. Veuillez consulter le programme qui vous int\u00e9resse pour en savoir plus sur cette exigence ou sur les changements apport\u00e9s en raison de la pand\u00e9mie. <\/p>\n\n\n\n<div style=\"height:20px\" aria-hidden=\"true\" class=\"wp-block-spacer\"><\/div>\n\n\n\n<div class=\"wp-block-buttons is-layout-flex wp-block-buttons-is-layout-flex\">\n<div class=\"wp-block-button\"><a class=\"wp-block-button__link wp-element-button\" href=\"https:\/\/cchim.ca\/program-directory\/?education=&amp;program_type=health-information-associate&amp;program_location=&amp;program_delivery=&amp;college_status=&amp;institution=\">Voir les programmes agr\u00e9\u00e9s<\/a><\/div>\n<\/div>\n<\/div><\/div>\n\n\n\n<div class=\"wp-block-pb-accordion-item c-accordion__item js-accordion-item no-js\" data-initially-open=\"false\" data-click-to-close=\"true\" data-auto-close=\"true\" data-scroll=\"false\" data-scroll-offset=\"0\"><h2 id=\"at-87695611\" class=\"c-accordion__title js-accordion-controller\" role=\"button\">Can I write the HICA NCE before I graduate from an accredited health information associate program?<\/h2><div id=\"ac-87695611\" class=\"c-accordion__content\">\n<p>Non. Nous reconnaissons qu\u2019il est particuli\u00e8rement difficile de trouver un stage pendant la pand\u00e9mie. Cependant, votre obligation d\u2019obtenir votre dipl\u00f4me de votre programme d\u2019associ\u00e9 doit encore \u00eatre respect\u00e9e avant de pouvoir passer le RCE HICA. Veuillez v\u00e9rifier aupr\u00e8s de votre \u00e9cole pour conna\u00eetre les modifications apport\u00e9es aux options ou aux exigences du stage pendant la pand\u00e9mie.  <\/p>\n<\/div><\/div>\n<\/div>\n<\/div>\n<\/div><\/div>\n","protected":false},"excerpt":{"rendered":"","protected":false},"author":10,"featured_media":0,"parent":877362,"menu_order":0,"comment_status":"closed","ping_status":"closed","template":"","meta":{"footnotes":""},"class_list":["post-877447","page","type-page","status-publish","hentry"],"yoast_head":"<!-- This site is optimized with the Yoast SEO Premium plugin v26.2 (Yoast SEO v27.3) - https:\/\/yoast.com\/product\/yoast-seo-premium-wordpress\/ -->\n<title>Professionnels qui changent de carri\u00e8re - Canadian College of Health Information Management<\/title>\n<meta name=\"description\" content=\"Joignez-vous \u00e0 la profession Professionnels qui changent de carri\u00e8re Les professionnels peuvent tirer parti de leurs comp\u00e9tences transf\u00e9rables de\" \/>\n<meta name=\"robots\" content=\"index, follow, max-snippet:-1, max-image-preview:large, max-video-preview:-1\" \/>\n<link rel=\"canonical\" href=\"https:\/\/cchim.ca\/fr\/joignez-vous-a-la-profession\/parcours-aiis\/professionals-changing-careers\/\" \/>\n<meta property=\"og:locale\" content=\"fr_CA\" \/>\n<meta property=\"og:type\" content=\"article\" \/>\n<meta property=\"og:title\" content=\"Professionnels qui changent de carri\u00e8re\" \/>\n<meta property=\"og:description\" content=\"Joignez-vous \u00e0 la profession Professionnels qui changent de carri\u00e8re Les professionnels peuvent tirer parti de leurs comp\u00e9tences transf\u00e9rables de\" \/>\n<meta property=\"og:url\" content=\"https:\/\/cchim.ca\/fr\/joignez-vous-a-la-profession\/parcours-aiis\/professionals-changing-careers\/\" \/>\n<meta property=\"og:site_name\" content=\"Canadian College of Health Information Management\" \/>\n<meta property=\"article:modified_time\" content=\"2025-04-23T14:16:00+00:00\" \/>\n<meta name=\"twitter:card\" content=\"summary_large_image\" \/>\n<meta name=\"twitter:label1\" content=\"Estimation du temps de lecture\" \/>\n\t<meta name=\"twitter:data1\" content=\"3 minutes\" \/>\n<script type=\"application\/ld+json\" class=\"yoast-schema-graph\">{\"@context\":\"https:\\\/\\\/schema.org\",\"@graph\":[{\"@type\":\"WebPage\",\"@id\":\"https:\\\/\\\/cchim.ca\\\/fr\\\/joignez-vous-a-la-profession\\\/parcours-aiis\\\/professionals-changing-careers\\\/\",\"url\":\"https:\\\/\\\/cchim.ca\\\/fr\\\/joignez-vous-a-la-profession\\\/parcours-aiis\\\/professionals-changing-careers\\\/\",\"name\":\"Professionnels qui changent de carri\u00e8re - Canadian College of Health Information Management\",\"isPartOf\":{\"@id\":\"https:\\\/\\\/cchim.ca\\\/#website\"},\"datePublished\":\"2022-10-20T13:33:31+00:00\",\"dateModified\":\"2025-04-23T14:16:00+00:00\",\"description\":\"Joignez-vous \u00e0 la profession Professionnels qui changent de carri\u00e8re Les professionnels peuvent tirer parti de leurs comp\u00e9tences transf\u00e9rables de\",\"breadcrumb\":{\"@id\":\"https:\\\/\\\/cchim.ca\\\/fr\\\/joignez-vous-a-la-profession\\\/parcours-aiis\\\/professionals-changing-careers\\\/#breadcrumb\"},\"inLanguage\":\"fr-CA\",\"potentialAction\":[{\"@type\":\"ReadAction\",\"target\":[\"https:\\\/\\\/cchim.ca\\\/fr\\\/joignez-vous-a-la-profession\\\/parcours-aiis\\\/professionals-changing-careers\\\/\"]}]},{\"@type\":\"BreadcrumbList\",\"@id\":\"https:\\\/\\\/cchim.ca\\\/fr\\\/joignez-vous-a-la-profession\\\/parcours-aiis\\\/professionals-changing-careers\\\/#breadcrumb\",\"itemListElement\":[{\"@type\":\"ListItem\",\"position\":1,\"name\":\"Home\",\"item\":\"https:\\\/\\\/cchim.ca\\\/\"},{\"@type\":\"ListItem\",\"position\":2,\"name\":\"Joignez-vous \u00e0 la profession\",\"item\":\"https:\\\/\\\/cchim.ca\\\/fr\\\/joignez-vous-a-la-profession\\\/\"},{\"@type\":\"ListItem\",\"position\":3,\"name\":\"Voies de l\u2019ICCA\",\"item\":\"https:\\\/\\\/cchim.ca\\\/fr\\\/joignez-vous-a-la-profession\\\/parcours-aiis\\\/\"},{\"@type\":\"ListItem\",\"position\":4,\"name\":\"Professionnels qui changent de carri\u00e8re\"}]},{\"@type\":\"WebSite\",\"@id\":\"https:\\\/\\\/cchim.ca\\\/#website\",\"url\":\"https:\\\/\\\/cchim.ca\\\/\",\"name\":\"Canadian College of Health Information Management\",\"description\":\"Accrediting academic institutions and certifying health information professionals\",\"publisher\":{\"@id\":\"https:\\\/\\\/cchim.ca\\\/#organization\"},\"alternateName\":\"CCHIM\",\"potentialAction\":[{\"@type\":\"SearchAction\",\"target\":{\"@type\":\"EntryPoint\",\"urlTemplate\":\"https:\\\/\\\/cchim.ca\\\/?s={search_term_string}\"},\"query-input\":{\"@type\":\"PropertyValueSpecification\",\"valueRequired\":true,\"valueName\":\"search_term_string\"}}],\"inLanguage\":\"fr-CA\"},{\"@type\":\"Organization\",\"@id\":\"https:\\\/\\\/cchim.ca\\\/#organization\",\"name\":\"Canadian College of Health Information Management\",\"alternateName\":\"CCHIM\",\"url\":\"https:\\\/\\\/cchim.ca\\\/\",\"logo\":{\"@type\":\"ImageObject\",\"inLanguage\":\"fr-CA\",\"@id\":\"https:\\\/\\\/cchim.ca\\\/#\\\/schema\\\/logo\\\/image\\\/\",\"url\":\"https:\\\/\\\/cchim.ca\\\/wp-content\\\/uploads\\\/2020\\\/08\\\/cropped-favicon.webp\",\"contentUrl\":\"https:\\\/\\\/cchim.ca\\\/wp-content\\\/uploads\\\/2020\\\/08\\\/cropped-favicon.webp\",\"width\":512,\"height\":512,\"caption\":\"Canadian College of Health Information Management\"},\"image\":{\"@id\":\"https:\\\/\\\/cchim.ca\\\/#\\\/schema\\\/logo\\\/image\\\/\"},\"description\":\"Canadian College of Health Information Management\",\"email\":\"support@echima.ca\",\"legalName\":\"Canadian College of Health Information Management\",\"foundingDate\":\"1972-09-07\",\"numberOfEmployees\":{\"@type\":\"QuantitativeValue\",\"minValue\":\"11\",\"maxValue\":\"50\"}}]}<\/script>\n<!-- \/ Yoast SEO Premium plugin. -->","yoast_head_json":{"title":"Professionnels qui changent de carri\u00e8re - Canadian College of Health Information Management","description":"Joignez-vous \u00e0 la profession Professionnels qui changent de carri\u00e8re Les professionnels peuvent tirer parti de leurs comp\u00e9tences transf\u00e9rables de","robots":{"index":"index","follow":"follow","max-snippet":"max-snippet:-1","max-image-preview":"max-image-preview:large","max-video-preview":"max-video-preview:-1"},"canonical":"https:\/\/cchim.ca\/fr\/joignez-vous-a-la-profession\/parcours-aiis\/professionals-changing-careers\/","og_locale":"fr_CA","og_type":"article","og_title":"Professionnels qui changent de carri\u00e8re","og_description":"Joignez-vous \u00e0 la profession Professionnels qui changent de carri\u00e8re Les professionnels peuvent tirer parti de leurs comp\u00e9tences transf\u00e9rables de","og_url":"https:\/\/cchim.ca\/fr\/joignez-vous-a-la-profession\/parcours-aiis\/professionals-changing-careers\/","og_site_name":"Canadian College of Health Information Management","article_modified_time":"2025-04-23T14:16:00+00:00","twitter_card":"summary_large_image","twitter_misc":{"Estimation du temps de lecture":"3 minutes"},"schema":{"@context":"https:\/\/schema.org","@graph":[{"@type":"WebPage","@id":"https:\/\/cchim.ca\/fr\/joignez-vous-a-la-profession\/parcours-aiis\/professionals-changing-careers\/","url":"https:\/\/cchim.ca\/fr\/joignez-vous-a-la-profession\/parcours-aiis\/professionals-changing-careers\/","name":"Professionnels qui changent de carri\u00e8re - Canadian College of Health Information Management","isPartOf":{"@id":"https:\/\/cchim.ca\/#website"},"datePublished":"2022-10-20T13:33:31+00:00","dateModified":"2025-04-23T14:16:00+00:00","description":"Joignez-vous \u00e0 la profession Professionnels qui changent de carri\u00e8re Les professionnels peuvent tirer parti de leurs comp\u00e9tences transf\u00e9rables de","breadcrumb":{"@id":"https:\/\/cchim.ca\/fr\/joignez-vous-a-la-profession\/parcours-aiis\/professionals-changing-careers\/#breadcrumb"},"inLanguage":"fr-CA","potentialAction":[{"@type":"ReadAction","target":["https:\/\/cchim.ca\/fr\/joignez-vous-a-la-profession\/parcours-aiis\/professionals-changing-careers\/"]}]},{"@type":"BreadcrumbList","@id":"https:\/\/cchim.ca\/fr\/joignez-vous-a-la-profession\/parcours-aiis\/professionals-changing-careers\/#breadcrumb","itemListElement":[{"@type":"ListItem","position":1,"name":"Home","item":"https:\/\/cchim.ca\/"},{"@type":"ListItem","position":2,"name":"Joignez-vous \u00e0 la profession","item":"https:\/\/cchim.ca\/fr\/joignez-vous-a-la-profession\/"},{"@type":"ListItem","position":3,"name":"Voies de l\u2019ICCA","item":"https:\/\/cchim.ca\/fr\/joignez-vous-a-la-profession\/parcours-aiis\/"},{"@type":"ListItem","position":4,"name":"Professionnels qui changent de carri\u00e8re"}]},{"@type":"WebSite","@id":"https:\/\/cchim.ca\/#website","url":"https:\/\/cchim.ca\/","name":"Canadian College of Health Information Management","description":"Accrediting academic institutions and certifying health information professionals","publisher":{"@id":"https:\/\/cchim.ca\/#organization"},"alternateName":"CCHIM","potentialAction":[{"@type":"SearchAction","target":{"@type":"EntryPoint","urlTemplate":"https:\/\/cchim.ca\/?s={search_term_string}"},"query-input":{"@type":"PropertyValueSpecification","valueRequired":true,"valueName":"search_term_string"}}],"inLanguage":"fr-CA"},{"@type":"Organization","@id":"https:\/\/cchim.ca\/#organization","name":"Canadian College of Health Information Management","alternateName":"CCHIM","url":"https:\/\/cchim.ca\/","logo":{"@type":"ImageObject","inLanguage":"fr-CA","@id":"https:\/\/cchim.ca\/#\/schema\/logo\/image\/","url":"https:\/\/cchim.ca\/wp-content\/uploads\/2020\/08\/cropped-favicon.webp","contentUrl":"https:\/\/cchim.ca\/wp-content\/uploads\/2020\/08\/cropped-favicon.webp","width":512,"height":512,"caption":"Canadian College of Health Information Management"},"image":{"@id":"https:\/\/cchim.ca\/#\/schema\/logo\/image\/"},"description":"Canadian College of Health Information Management","email":"support@echima.ca","legalName":"Canadian College of Health Information Management","foundingDate":"1972-09-07","numberOfEmployees":{"@type":"QuantitativeValue","minValue":"11","maxValue":"50"}}]}},"_links":{"self":[{"href":"https:\/\/cchim.ca\/fr\/wp-json\/wp\/v2\/pages\/877447","targetHints":{"allow":["GET"]}}],"collection":[{"href":"https:\/\/cchim.ca\/fr\/wp-json\/wp\/v2\/pages"}],"about":[{"href":"https:\/\/cchim.ca\/fr\/wp-json\/wp\/v2\/types\/page"}],"author":[{"embeddable":true,"href":"https:\/\/cchim.ca\/fr\/wp-json\/wp\/v2\/users\/10"}],"replies":[{"embeddable":true,"href":"https:\/\/cchim.ca\/fr\/wp-json\/wp\/v2\/comments?post=877447"}],"version-history":[{"count":0,"href":"https:\/\/cchim.ca\/fr\/wp-json\/wp\/v2\/pages\/877447\/revisions"}],"up":[{"embeddable":true,"href":"https:\/\/cchim.ca\/fr\/wp-json\/wp\/v2\/pages\/877362"}],"wp:attachment":[{"href":"https:\/\/cchim.ca\/fr\/wp-json\/wp\/v2\/media?parent=877447"}],"curies":[{"name":"wp","href":"https:\/\/api.w.org\/{rel}","templated":true}]}}