{"id":877446,"date":"2022-10-20T09:02:21","date_gmt":"2022-10-20T13:02:21","guid":{"rendered":"https:\/\/cchim.ca\/?page_id=877446"},"modified":"2026-04-29T09:24:55","modified_gmt":"2026-04-29T13:24:55","slug":"eleves-du-secondaire","status":"publish","type":"page","link":"https:\/\/cchim.ca\/fr\/joignez-vous-a-la-profession\/parcours-aiis\/eleves-du-secondaire\/","title":{"rendered":"\u00c9l\u00e8ves du secondaire"},"content":{"rendered":"\t\t<div data-elementor-type=\"wp-page\" data-elementor-id=\"877446\" class=\"elementor elementor-877446 elementor-876954\" data-elementor-post-type=\"page\">\n\t\t\t\t<div data-particle_enable=\"false\" data-particle-mobile-disabled=\"false\" class=\"elementor-element elementor-element-7c5f5f7b e-flex e-con-boxed e-con e-parent\" data-id=\"7c5f5f7b\" data-element_type=\"container\" data-e-type=\"container\">\n\t\t\t\t\t<div class=\"e-con-inner\">\n\t\t\t\t<div class=\"elementor-element elementor-element-13159e31 elementor-widget elementor-widget-text-editor\" data-id=\"13159e31\" data-element_type=\"widget\" data-e-type=\"widget\" data-widget_type=\"text-editor.default\">\n\t\t\t\t<div class=\"elementor-widget-container\">\n\t\t\t\t\t\t\t\t\t\n<div class=\"wp-block-pb-section alignfull\">\n<div class=\"o-container\">\n<div class=\"o-row u-justify-content-center\">\n<div class=\"o-col u-8of12-md\">\n<p><span class=\"is-style-slug\">Joignez-vous \u00e0 la profession<\/span><\/p>\n\n<h1>\u00c9l\u00e8ves du secondaire<\/h1>\n\n<p class=\"is-style-intro\">Les \u00e9l\u00e8ves du secondaire peuvent choisir parmi divers programmes d\u2019associ\u00e9s en information en sant\u00e9 pour devenir assistants en cabinet m\u00e9dical ou en soins primaires, commis d\u2019unit\u00e9 ou d\u2019enregistrement, entre autres. Contactez directement un partenaire \u00e9ducatif pour en savoir plus sur leur programme. <\/p>\n\n<div class=\"wp-block-spacer\" style=\"height: 20px;\" aria-hidden=\"true\"> <\/div>\n\n<div class=\"wp-block-buttons\">\n<div class=\"wp-block-button\"><a class=\"wp-block-button__link wp-element-button\" href=\"https:\/\/cchim.ca\/program-directory\/?education=&amp;program_type=health-information-certified-associate&amp;program_location=&amp;program_delivery=&amp;college_status=&amp;institution=\">Voir les programmes agr\u00e9\u00e9s<\/a><\/div>\n<\/div>\n\n<p>Veuillez lire la foire aux questions ci-dessous pour plus d\u2019informations sur la fa\u00e7on de devenir un associ\u00e9 certifi\u00e9.<\/p>\n<\/div>\n<\/div>\n<\/div>\n<\/div>\n\n<div class=\"wp-block-pb-section alignfull is-style-white\">\n<div class=\"o-container\">\n<div class=\"o-row u-justify-content-center\">\n<div class=\"o-col u-8of12-md\">\n<h2>Foire aux questions<\/h2>\n\n<div class=\"wp-block-pb-accordion-item c-accordion__item js-accordion-item no-js\" data-initially-open=\"false\" data-click-to-close=\"true\" data-auto-close=\"true\" data-scroll=\"false\" data-scroll-offset=\"0\">\n<h2 id=\"at-8769540\" class=\"c-accordion__title js-accordion-controller\" role=\"button\">O\u00f9 puis-je trouver le r\u00e9pertoire des programmes?<\/h2>\n<div id=\"ac-8769540\" class=\"c-accordion__content\">\n<p>Veuillez cliquer sur le bouton ci-dessous pour acc\u00e9der au r\u00e9pertoire des programmes et consulter tous les programmes associ\u00e9s en information en sant\u00e9 accr\u00e9dit\u00e9s.<\/p>\n\n<div class=\"wp-block-spacer\" style=\"height: 20px;\" aria-hidden=\"true\"> <\/div>\n\n<div class=\"wp-block-buttons\">\n<div class=\"wp-block-button\"><a class=\"wp-block-button__link wp-element-button\" href=\"https:\/\/cchim.ca\/program-directory\/?education=&amp;program_type=health-information-associate&amp;program_location=&amp;program_delivery=&amp;college_status=&amp;institution=\">Voir les programmes agr\u00e9\u00e9s<\/a><\/div>\n<\/div>\n<\/div>\n<\/div>\n\n<div class=\"wp-block-pb-accordion-item c-accordion__item js-accordion-item no-js\" data-initially-open=\"false\" data-click-to-close=\"true\" data-auto-close=\"true\" data-scroll=\"false\" data-scroll-offset=\"0\">\n<h2 id=\"at-8769541\" class=\"c-accordion__title js-accordion-controller\" role=\"button\">Je suis dipl\u00f4m\u00e9 du secondaire. Puis-je aller directement dans un programme d\u2019associ\u00e9 accr\u00e9dit\u00e9? <\/h2>\n<div id=\"ac-8769541\" class=\"c-accordion__content\">\n<p>Veuillez consulter le programme d\u2019int\u00e9r\u00eat pour identifier les crit\u00e8res d\u2019admission.  <\/p>\n<\/div>\n<\/div>\n\n<div class=\"wp-block-pb-accordion-item c-accordion__item js-accordion-item no-js\" data-initially-open=\"false\" data-click-to-close=\"true\" data-auto-close=\"true\" data-scroll=\"false\" data-scroll-offset=\"0\">\n<h2 id=\"at-8769542\" class=\"c-accordion__title js-accordion-controller\" role=\"button\">Quels types de cours sont offerts dans un programme d\u2019associ\u00e9 accr\u00e9dit\u00e9?<\/h2>\n<div id=\"ac-8769542\" class=\"c-accordion__content\">\n<p>Veuillez consulter le programme qui vous int\u00e9resse pour en savoir plus sur les cours sp\u00e9cifiques offerts.<\/p>\n\n<div class=\"wp-block-spacer\" style=\"height: 20px;\" aria-hidden=\"true\"> <\/div>\n\n<div class=\"wp-block-buttons\">\n<div class=\"wp-block-button\"><a class=\"wp-block-button__link wp-element-button\" href=\"https:\/\/cchim.ca\/program-directory\/?education=&amp;program_type=health-information-associate&amp;program_location=&amp;program_delivery=&amp;college_status=&amp;institution=\">Voir les programmes agr\u00e9\u00e9s<\/a><\/div>\n<\/div>\n<\/div>\n<\/div>\n\n<div class=\"wp-block-pb-accordion-item c-accordion__item js-accordion-item no-js\" data-initially-open=\"false\" data-click-to-close=\"true\" data-auto-close=\"true\" data-scroll=\"false\" data-scroll-offset=\"0\">\n<h2 id=\"at-8769543\" class=\"c-accordion__title js-accordion-controller\" role=\"button\">Quelle est la meilleure \u00e9cole et le meilleur programme \u00e0 s\u00e9lectionner&nbsp;?<\/h2>\n<div id=\"ac-8769543\" class=\"c-accordion__content\">\n<p>Tous nos partenaires \u00e9ducatifs ont suivi un processus rigoureux d\u2019accr\u00e9ditation de programme et sont adapt\u00e9s pour pr\u00e9parer les \u00e9tudiants \u00e0 passer le HICA NCE. Veuillez consulter notre annuaire des programmes et contacter les \u00e9coles qui vous int\u00e9ressent. <\/p>\n\n<div class=\"wp-block-spacer\" style=\"height: 20px;\" aria-hidden=\"true\"> <\/div>\n\n<div class=\"wp-block-buttons\">\n<div class=\"wp-block-button\"><a class=\"wp-block-button__link wp-element-button\" href=\"https:\/\/cchim.ca\/program-directory\/?education=&amp;program_type=health-information-associate&amp;program_location=&amp;program_delivery=&amp;college_status=&amp;institution=\">Voir les programmes agr\u00e9\u00e9s<\/a><\/div>\n<\/div>\n<\/div>\n<\/div>\n\n<div class=\"wp-block-pb-accordion-item c-accordion__item js-accordion-item no-js\" data-initially-open=\"false\" data-click-to-close=\"true\" data-auto-close=\"true\" data-scroll=\"false\" data-scroll-offset=\"0\">\n<h2 id=\"at-8769544\" class=\"c-accordion__title js-accordion-controller\" role=\"button\">O\u00f9 puis-je me renseigner sur le format, la dur\u00e9e, les frais de scolarit\u00e9 d\u2019un programme, etc.?<\/h2>\n<div id=\"ac-8769544\" class=\"c-accordion__content\">\n<p>Pour obtenir des renseignements sur le format du programme, la dur\u00e9e et les frais de scolarit\u00e9, veuillez consulter la page du programme de l\u2019\u00e9tablissement d\u2019enseignement.<\/p>\n\n<p>Veuillez cliquer sur le bouton ci-dessous pour acc\u00e9der au r\u00e9pertoire des programmes et consulter tous les programmes associ\u00e9s en information en sant\u00e9 accr\u00e9dit\u00e9s. Ce r\u00e9pertoire peut \u00eatre filtr\u00e9 selon le niveau d\u2019\u00e9ducation, le type, l\u2019emplacement, la m\u00e9thode de prestation et le statut universitaire. <\/p>\n\n<div class=\"wp-block-spacer\" style=\"height: 20px;\" aria-hidden=\"true\"> <\/div>\n\n<div class=\"wp-block-buttons\">\n<div class=\"wp-block-button\"><a class=\"wp-block-button__link wp-element-button\" href=\"https:\/\/cchim.ca\/program-directory\/?education=&amp;program_type=health-information-associate&amp;program_location=&amp;program_delivery=&amp;college_status=&amp;institution=\">Voir les programmes agr\u00e9\u00e9s<\/a><\/div>\n<\/div>\n<\/div>\n<\/div>\n\n<div class=\"wp-block-pb-accordion-item c-accordion__item js-accordion-item no-js\" data-initially-open=\"false\" data-click-to-close=\"true\" data-auto-close=\"true\" data-scroll=\"false\" data-scroll-offset=\"0\">\n<h2 id=\"at-8769545\" class=\"c-accordion__title js-accordion-controller\" role=\"button\">Est-ce que chaque programme agr\u00e9\u00e9 a un stage ou un stage&nbsp;?<\/h2>\n<div id=\"ac-8769545\" class=\"c-accordion__content\">\n<p>Les programmes accr\u00e9dit\u00e9s d\u2019associ\u00e9 en information en sant\u00e9 comportent une composante exp\u00e9rience pratique requise avant l\u2019obtention du dipl\u00f4me. Veuillez consulter le programme concern\u00e9 pour en savoir plus sur cette exigence ou sur tout changement caus\u00e9 par la pand\u00e9mie. <\/p>\n\n<div class=\"wp-block-spacer\" style=\"height: 20px;\" aria-hidden=\"true\"> <\/div>\n\n<div class=\"wp-block-buttons\">\n<div class=\"wp-block-button\"><a class=\"wp-block-button__link wp-element-button\" href=\"https:\/\/cchim.ca\/program-directory\/?education=&amp;program_type=health-information-associate&amp;program_location=&amp;program_delivery=&amp;college_status=&amp;institution=\">Voir les programmes agr\u00e9\u00e9s<\/a><\/div>\n<\/div>\n<\/div>\n<\/div>\n\n<div class=\"wp-block-pb-accordion-item c-accordion__item js-accordion-item no-js\" data-initially-open=\"false\" data-click-to-close=\"true\" data-auto-close=\"true\" data-scroll=\"false\" data-scroll-offset=\"0\">\n<h2 id=\"at-8769546\" class=\"c-accordion__title js-accordion-controller\" role=\"button\">Puis-je passer le HICA NCE avant d\u2019obtenir mon dipl\u00f4me d\u2019un programme d\u2019associ\u00e9 en information en sant\u00e9?<\/h2>\n<div id=\"ac-8769546\" class=\"c-accordion__content\">\n<p>Non. Nous reconnaissons qu\u2019il est particuli\u00e8rement difficile de trouver un stage pendant la pand\u00e9mie. Cependant, votre obligation d\u2019obtenir votre dipl\u00f4me de votre programme d\u2019associ\u00e9 doit encore \u00eatre respect\u00e9e avant de pouvoir passer le RCE HICA. Veuillez v\u00e9rifier aupr\u00e8s de votre \u00e9cole pour conna\u00eetre les modifications apport\u00e9es aux options ou aux exigences du stage pendant la pand\u00e9mie.  <\/p>\n<\/div>\n<\/div>\n<\/div>\n<\/div>\n<\/div>\n<\/div>\n\t\t\t\t\t\t\t\t<\/div>\n\t\t\t\t<\/div>\n\t\t\t\t\t<\/div>\n\t\t\t\t<\/div>\n\t\t\t\t<\/div>\n\t\t","protected":false},"excerpt":{"rendered":"<p>Joignez-vous \u00e0 la profession \u00c9l\u00e8ves du secondaire Les \u00e9l\u00e8ves du secondaire peuvent choisir parmi divers programmes d\u2019associ\u00e9s en information en sant\u00e9 pour devenir assistants en cabinet m\u00e9dical ou en soins primaires, commis d\u2019unit\u00e9 ou d\u2019enregistrement, entre autres. Contactez directement un partenaire \u00e9ducatif pour en&#8230;<\/p>\n","protected":false},"author":10,"featured_media":0,"parent":877362,"menu_order":0,"comment_status":"closed","ping_status":"closed","template":"","meta":{"footnotes":""},"class_list":["post-877446","page","type-page","status-publish","hentry"],"yoast_head":"<!-- This site is optimized with the Yoast SEO Premium plugin v26.2 (Yoast SEO v27.5) - https:\/\/yoast.com\/product\/yoast-seo-premium-wordpress\/ -->\n<title>\u00c9l\u00e8ves du secondaire - Canadian College of Health Information Management<\/title>\n<meta name=\"description\" content=\"Joignez-vous \u00e0 la profession \u00c9l\u00e8ves du secondaire Les \u00e9l\u00e8ves du secondaire peuvent choisir parmi divers programmes d\u2019associ\u00e9s en information en sant\u00e9 pour\" \/>\n<meta name=\"robots\" content=\"index, follow, max-snippet:-1, max-image-preview:large, max-video-preview:-1\" \/>\n<link rel=\"canonical\" href=\"https:\/\/cchim.ca\/fr\/joignez-vous-a-la-profession\/parcours-aiis\/eleves-du-secondaire\/\" \/>\n<meta property=\"og:locale\" content=\"fr_CA\" \/>\n<meta property=\"og:type\" content=\"article\" \/>\n<meta property=\"og:title\" content=\"\u00c9l\u00e8ves du secondaire\" \/>\n<meta property=\"og:description\" content=\"Joignez-vous \u00e0 la profession \u00c9l\u00e8ves du secondaire Les \u00e9l\u00e8ves du secondaire peuvent choisir parmi divers programmes d\u2019associ\u00e9s en information en sant\u00e9 pour\" \/>\n<meta property=\"og:url\" content=\"https:\/\/cchim.ca\/fr\/joignez-vous-a-la-profession\/parcours-aiis\/eleves-du-secondaire\/\" \/>\n<meta property=\"og:site_name\" content=\"Canadian College of Health Information Management\" \/>\n<meta property=\"article:modified_time\" content=\"2026-04-29T13:24:55+00:00\" \/>\n<meta name=\"twitter:card\" content=\"summary_large_image\" \/>\n<meta name=\"twitter:label1\" content=\"Estimation du temps de lecture\" \/>\n\t<meta name=\"twitter:data1\" content=\"2 minutes\" \/>\n<script type=\"application\/ld+json\" class=\"yoast-schema-graph\">{\"@context\":\"https:\\\/\\\/schema.org\",\"@graph\":[{\"@type\":\"WebPage\",\"@id\":\"https:\\\/\\\/cchim.ca\\\/fr\\\/joignez-vous-a-la-profession\\\/parcours-aiis\\\/eleves-du-secondaire\\\/\",\"url\":\"https:\\\/\\\/cchim.ca\\\/fr\\\/joignez-vous-a-la-profession\\\/parcours-aiis\\\/eleves-du-secondaire\\\/\",\"name\":\"\u00c9l\u00e8ves du secondaire - Canadian College of Health Information Management\",\"isPartOf\":{\"@id\":\"https:\\\/\\\/cchim.ca\\\/#website\"},\"datePublished\":\"2022-10-20T13:02:21+00:00\",\"dateModified\":\"2026-04-29T13:24:55+00:00\",\"description\":\"Joignez-vous \u00e0 la profession \u00c9l\u00e8ves du secondaire Les \u00e9l\u00e8ves du secondaire peuvent choisir parmi divers programmes d\u2019associ\u00e9s en information en sant\u00e9 pour\",\"breadcrumb\":{\"@id\":\"https:\\\/\\\/cchim.ca\\\/fr\\\/joignez-vous-a-la-profession\\\/parcours-aiis\\\/eleves-du-secondaire\\\/#breadcrumb\"},\"inLanguage\":\"fr-CA\",\"potentialAction\":[{\"@type\":\"ReadAction\",\"target\":[\"https:\\\/\\\/cchim.ca\\\/fr\\\/joignez-vous-a-la-profession\\\/parcours-aiis\\\/eleves-du-secondaire\\\/\"]}]},{\"@type\":\"BreadcrumbList\",\"@id\":\"https:\\\/\\\/cchim.ca\\\/fr\\\/joignez-vous-a-la-profession\\\/parcours-aiis\\\/eleves-du-secondaire\\\/#breadcrumb\",\"itemListElement\":[{\"@type\":\"ListItem\",\"position\":1,\"name\":\"Home\",\"item\":\"https:\\\/\\\/cchim.ca\\\/\"},{\"@type\":\"ListItem\",\"position\":2,\"name\":\"Joignez-vous \u00e0 la profession\",\"item\":\"https:\\\/\\\/cchim.ca\\\/fr\\\/joignez-vous-a-la-profession\\\/\"},{\"@type\":\"ListItem\",\"position\":3,\"name\":\"Voies de l\u2019ICCA\",\"item\":\"https:\\\/\\\/cchim.ca\\\/fr\\\/joignez-vous-a-la-profession\\\/parcours-aiis\\\/\"},{\"@type\":\"ListItem\",\"position\":4,\"name\":\"\u00c9l\u00e8ves du secondaire\"}]},{\"@type\":\"WebSite\",\"@id\":\"https:\\\/\\\/cchim.ca\\\/#website\",\"url\":\"https:\\\/\\\/cchim.ca\\\/\",\"name\":\"Canadian College of Health Information Management\",\"description\":\"Accrediting academic institutions and certifying health information professionals\",\"publisher\":{\"@id\":\"https:\\\/\\\/cchim.ca\\\/#organization\"},\"alternateName\":\"CCHIM\",\"potentialAction\":[{\"@type\":\"SearchAction\",\"target\":{\"@type\":\"EntryPoint\",\"urlTemplate\":\"https:\\\/\\\/cchim.ca\\\/?s={search_term_string}\"},\"query-input\":{\"@type\":\"PropertyValueSpecification\",\"valueRequired\":true,\"valueName\":\"search_term_string\"}}],\"inLanguage\":\"fr-CA\"},{\"@type\":\"Organization\",\"@id\":\"https:\\\/\\\/cchim.ca\\\/#organization\",\"name\":\"Canadian College of Health Information Management\",\"alternateName\":\"CCHIM\",\"url\":\"https:\\\/\\\/cchim.ca\\\/\",\"logo\":{\"@type\":\"ImageObject\",\"inLanguage\":\"fr-CA\",\"@id\":\"https:\\\/\\\/cchim.ca\\\/#\\\/schema\\\/logo\\\/image\\\/\",\"url\":\"https:\\\/\\\/cchim.ca\\\/wp-content\\\/uploads\\\/2020\\\/08\\\/cropped-favicon.webp\",\"contentUrl\":\"https:\\\/\\\/cchim.ca\\\/wp-content\\\/uploads\\\/2020\\\/08\\\/cropped-favicon.webp\",\"width\":512,\"height\":512,\"caption\":\"Canadian College of Health Information Management\"},\"image\":{\"@id\":\"https:\\\/\\\/cchim.ca\\\/#\\\/schema\\\/logo\\\/image\\\/\"},\"description\":\"Canadian College of Health Information Management\",\"email\":\"support@echima.ca\",\"legalName\":\"Canadian College of Health Information Management\",\"foundingDate\":\"1972-09-07\",\"numberOfEmployees\":{\"@type\":\"QuantitativeValue\",\"minValue\":\"11\",\"maxValue\":\"50\"}}]}<\/script>\n<!-- \/ Yoast SEO Premium plugin. -->","yoast_head_json":{"title":"\u00c9l\u00e8ves du secondaire - Canadian College of Health Information Management","description":"Joignez-vous \u00e0 la profession \u00c9l\u00e8ves du secondaire Les \u00e9l\u00e8ves du secondaire peuvent choisir parmi divers programmes d\u2019associ\u00e9s en information en sant\u00e9 pour","robots":{"index":"index","follow":"follow","max-snippet":"max-snippet:-1","max-image-preview":"max-image-preview:large","max-video-preview":"max-video-preview:-1"},"canonical":"https:\/\/cchim.ca\/fr\/joignez-vous-a-la-profession\/parcours-aiis\/eleves-du-secondaire\/","og_locale":"fr_CA","og_type":"article","og_title":"\u00c9l\u00e8ves du secondaire","og_description":"Joignez-vous \u00e0 la profession \u00c9l\u00e8ves du secondaire Les \u00e9l\u00e8ves du secondaire peuvent choisir parmi divers programmes d\u2019associ\u00e9s en information en sant\u00e9 pour","og_url":"https:\/\/cchim.ca\/fr\/joignez-vous-a-la-profession\/parcours-aiis\/eleves-du-secondaire\/","og_site_name":"Canadian College of Health Information Management","article_modified_time":"2026-04-29T13:24:55+00:00","twitter_card":"summary_large_image","twitter_misc":{"Estimation du temps de lecture":"2 minutes"},"schema":{"@context":"https:\/\/schema.org","@graph":[{"@type":"WebPage","@id":"https:\/\/cchim.ca\/fr\/joignez-vous-a-la-profession\/parcours-aiis\/eleves-du-secondaire\/","url":"https:\/\/cchim.ca\/fr\/joignez-vous-a-la-profession\/parcours-aiis\/eleves-du-secondaire\/","name":"\u00c9l\u00e8ves du secondaire - Canadian College of Health Information Management","isPartOf":{"@id":"https:\/\/cchim.ca\/#website"},"datePublished":"2022-10-20T13:02:21+00:00","dateModified":"2026-04-29T13:24:55+00:00","description":"Joignez-vous \u00e0 la profession \u00c9l\u00e8ves du secondaire Les \u00e9l\u00e8ves du secondaire peuvent choisir parmi divers programmes d\u2019associ\u00e9s en information en sant\u00e9 pour","breadcrumb":{"@id":"https:\/\/cchim.ca\/fr\/joignez-vous-a-la-profession\/parcours-aiis\/eleves-du-secondaire\/#breadcrumb"},"inLanguage":"fr-CA","potentialAction":[{"@type":"ReadAction","target":["https:\/\/cchim.ca\/fr\/joignez-vous-a-la-profession\/parcours-aiis\/eleves-du-secondaire\/"]}]},{"@type":"BreadcrumbList","@id":"https:\/\/cchim.ca\/fr\/joignez-vous-a-la-profession\/parcours-aiis\/eleves-du-secondaire\/#breadcrumb","itemListElement":[{"@type":"ListItem","position":1,"name":"Home","item":"https:\/\/cchim.ca\/"},{"@type":"ListItem","position":2,"name":"Joignez-vous \u00e0 la profession","item":"https:\/\/cchim.ca\/fr\/joignez-vous-a-la-profession\/"},{"@type":"ListItem","position":3,"name":"Voies de l\u2019ICCA","item":"https:\/\/cchim.ca\/fr\/joignez-vous-a-la-profession\/parcours-aiis\/"},{"@type":"ListItem","position":4,"name":"\u00c9l\u00e8ves du secondaire"}]},{"@type":"WebSite","@id":"https:\/\/cchim.ca\/#website","url":"https:\/\/cchim.ca\/","name":"Canadian College of Health Information Management","description":"Accrediting academic institutions and certifying health information professionals","publisher":{"@id":"https:\/\/cchim.ca\/#organization"},"alternateName":"CCHIM","potentialAction":[{"@type":"SearchAction","target":{"@type":"EntryPoint","urlTemplate":"https:\/\/cchim.ca\/?s={search_term_string}"},"query-input":{"@type":"PropertyValueSpecification","valueRequired":true,"valueName":"search_term_string"}}],"inLanguage":"fr-CA"},{"@type":"Organization","@id":"https:\/\/cchim.ca\/#organization","name":"Canadian College of Health Information Management","alternateName":"CCHIM","url":"https:\/\/cchim.ca\/","logo":{"@type":"ImageObject","inLanguage":"fr-CA","@id":"https:\/\/cchim.ca\/#\/schema\/logo\/image\/","url":"https:\/\/cchim.ca\/wp-content\/uploads\/2020\/08\/cropped-favicon.webp","contentUrl":"https:\/\/cchim.ca\/wp-content\/uploads\/2020\/08\/cropped-favicon.webp","width":512,"height":512,"caption":"Canadian College of Health Information Management"},"image":{"@id":"https:\/\/cchim.ca\/#\/schema\/logo\/image\/"},"description":"Canadian College of Health Information Management","email":"support@echima.ca","legalName":"Canadian College of Health Information Management","foundingDate":"1972-09-07","numberOfEmployees":{"@type":"QuantitativeValue","minValue":"11","maxValue":"50"}}]}},"_links":{"self":[{"href":"https:\/\/cchim.ca\/fr\/wp-json\/wp\/v2\/pages\/877446","targetHints":{"allow":["GET"]}}],"collection":[{"href":"https:\/\/cchim.ca\/fr\/wp-json\/wp\/v2\/pages"}],"about":[{"href":"https:\/\/cchim.ca\/fr\/wp-json\/wp\/v2\/types\/page"}],"author":[{"embeddable":true,"href":"https:\/\/cchim.ca\/fr\/wp-json\/wp\/v2\/users\/10"}],"replies":[{"embeddable":true,"href":"https:\/\/cchim.ca\/fr\/wp-json\/wp\/v2\/comments?post=877446"}],"version-history":[{"count":0,"href":"https:\/\/cchim.ca\/fr\/wp-json\/wp\/v2\/pages\/877446\/revisions"}],"up":[{"embeddable":true,"href":"https:\/\/cchim.ca\/fr\/wp-json\/wp\/v2\/pages\/877362"}],"wp:attachment":[{"href":"https:\/\/cchim.ca\/fr\/wp-json\/wp\/v2\/media?parent=877446"}],"curies":[{"name":"wp","href":"https:\/\/api.w.org\/{rel}","templated":true}]}}