{"id":877365,"date":"2022-10-20T08:54:23","date_gmt":"2022-10-20T12:54:23","guid":{"rendered":"https:\/\/cchim.ca\/?page_id=877365"},"modified":"2025-02-11T11:45:37","modified_gmt":"2025-02-11T16:45:37","slug":"professionnels-exercant-des-fonctions-denregistrement","status":"publish","type":"page","link":"https:\/\/cchim.ca\/fr\/joignez-vous-a-la-profession\/parcours-aiis\/professionnels-exercant-des-fonctions-denregistrement\/","title":{"rendered":"Professionnels dans des r\u00f4les d\u2019inscription"},"content":{"rendered":"\n<div class=\"wp-block-pb-section alignfull\"><div class=\"o-container\">\n<div class=\"o-row u-justify-content-center\">\n<div class=\"o-col u-8of12-md\">\n<p><span class=\"is-style-slug\">Joignez-vous \u00e0 la profession<\/span><\/p>\n\n\n\n<h1 class=\"wp-block-heading\" id=\"h-hica-certification-for-medical-office-administrators\">Certification HICA pour les administrateurs de cabinet m\u00e9dical<\/h1>\n\n\n\n<figure class=\"wp-block-embed is-type-video is-provider-vimeo wp-block-embed-vimeo wp-embed-aspect-16-9 wp-has-aspect-ratio\"><div class=\"wp-block-embed__wrapper\">\n<iframe src=\"https:\/\/player.vimeo.com\/video\/465843762?dnt=1&amp;app_id=122963\" width=\"940\" height=\"529\" frameborder=\"0\" allow=\"autoplay; fullscreen; picture-in-picture; clipboard-write\"><\/iframe>\n<\/div><\/figure>\n\n\n\n<div style=\"height:25px\" aria-hidden=\"true\" class=\"wp-block-spacer\"><\/div>\n\n\n\n<p class=\"is-style-intro\">La d\u00e9signation HICA repr\u00e9sente les administrateurs de m\u00e9decins agr\u00e9\u00e9s les plus fiables au Canada.<\/p>\n\n\n\n<p class=\"is-style-default\">Les personnes travaillant dans des r\u00f4les d\u2019administration de cabinet m\u00e9dical peuvent tirer parti de leur exp\u00e9rience professionnelle pertinente pour \u00eatre admissibles \u00e0 passer l\u2019examen national de certification (RCE) de l\u2019ICCA.<\/p>\n\n\n\n<div style=\"height:25px\" aria-hidden=\"true\" class=\"wp-block-spacer\"><\/div>\n\n\n\n<div class=\"wp-block-buttons is-layout-flex wp-block-buttons-is-layout-flex\">\n<div class=\"wp-block-button has-custom-width wp-block-button__width-25\"><a class=\"wp-block-button__link wp-element-button\" href=\"https:\/\/www.echima.ca\/product\/hica-experiential-package\/\">Devenez certifi\u00e9<\/a><\/div>\n<\/div>\n<\/div>\n<\/div>\n<\/div><\/div>\n\n<div class=\"wp-block-pb-section alignfull is-style-white\"><div class=\"o-container\">\n<div class=\"o-row u-justify-content-center\">\n<div class=\"o-col u-8of12-md\">\n<h2 class=\"wp-block-heading\" id=\"h-frequently-asked-questions\">Foire aux questions<\/h2>\n\n\n\n<div class=\"wp-block-pb-accordion-item c-accordion__item js-accordion-item no-js\" data-initially-open=\"false\" data-click-to-close=\"true\" data-auto-close=\"true\" data-scroll=\"false\" data-scroll-offset=\"0\"><h2 id=\"at-8769524\" class=\"c-accordion__title js-accordion-controller\" role=\"button\">I am currently working as a medical office assistant in primary care. Will this be recognized as relevant professional experience?<\/h2><div id=\"ac-8769524\" class=\"c-accordion__content\">\n<p>Oui. Les professionnels ayant le titre d\u2019associ\u00e9 peuvent \u00eatre employ\u00e9s dans les r\u00f4les exemplaires suivants :<\/p>\n\n\n\n<div class=\"o-row\">\n<div class=\"o-col u-4of12-md\">\n<ul class=\"wp-block-list\">\n<li>Commis \u00e0 l\u2019inscription<\/li>\n\n\n\n<li>R\u00e9ceptionniste<\/li>\n\n\n\n<li>Commis aux dossiers de sant\u00e9<\/li>\n\n\n\n<li>Employ\u00e9 de soutien de bureau<\/li>\n\n\n\n<li>Adjointe administrative<\/li>\n\n\n\n<li>Commis aux admissions<\/li>\n\n\n\n<li>Secr\u00e9taire<\/li>\n\n\n\n<li>Travailleur de soutien administratif<\/li>\n<\/ul>\n<\/div>\n\n\n\n<div class=\"o-col u-4of12-md\">\n<ul class=\"wp-block-list\">\n<li>Commis \u00e0 la r\u00e9ception<\/li>\n\n\n\n<li>Commis d\u2019unit\u00e9<\/li>\n\n\n\n<li>Commis de paroisse<\/li>\n\n\n\n<li>Adjointe de direction<\/li>\n\n\n\n<li>Assistante de cabinet m\u00e9dical<\/li>\n\n\n\n<li>Commis \u00e0 la saisie des donn\u00e9es<\/li>\n\n\n\n<li>Administrateur des soins primaires<\/li>\n<\/ul>\n<\/div>\n<\/div>\n<\/div><\/div>\n\n\n\n<div class=\"wp-block-pb-accordion-item c-accordion__item js-accordion-item no-js\" data-initially-open=\"false\" data-click-to-close=\"true\" data-auto-close=\"true\" data-scroll=\"false\" data-scroll-offset=\"0\"><h2 id=\"at-8769525\" class=\"c-accordion__title js-accordion-controller\" role=\"button\">How do I apply to write the HICA NCE?<\/h2><div id=\"ac-8769525\" class=\"c-accordion__content\">\n<p>Voir le <a href=\"https:\/\/cchim.ca\/fr\/certification\/aiis\/guide-de-candidature-a-lenc-daiis\/\">guide des RCE de l\u2019ICCA<\/a><\/p>\n<\/div><\/div>\n\n\n\n<div class=\"wp-block-pb-accordion-item c-accordion__item js-accordion-item no-js\" data-initially-open=\"false\" data-click-to-close=\"true\" data-auto-close=\"true\" data-scroll=\"false\" data-scroll-offset=\"0\"><h2 id=\"at-8769526\" class=\"c-accordion__title js-accordion-controller\" role=\"button\">How do I prepare and study for the HICA NCE?<\/h2><div id=\"ac-8769526\" class=\"c-accordion__content\">\n<p>Veuillez consulter le <a href=\"https:\/\/cchim.ca\/fr\/certification\/aiis\/guide-de-candidature-a-lenc-daiis\/\">guide des RCE de l\u2019ICCA<\/a>, section 3 : \u00c9tudier pour l\u2019examen.<\/p>\n<\/div><\/div>\n\n\n\n<div class=\"wp-block-pb-accordion-item c-accordion__item js-accordion-item no-js\" data-initially-open=\"false\" data-click-to-close=\"true\" data-auto-close=\"true\" data-scroll=\"false\" data-scroll-offset=\"0\"><h2 id=\"at-8769527\" class=\"c-accordion__title js-accordion-controller\" role=\"button\">If I pass the HICA NCE, what happens next?<\/h2><div id=\"ac-8769527\" class=\"c-accordion__content\">\n<p>Vous obtenirez un titre professionnel d\u2019associ\u00e9 certifi\u00e9 en information sur la sant\u00e9 (ICCA) du Coll\u00e8ge canadien de gestion de l\u2019information sur la sant\u00e9 et deviendrez membre associ\u00e9 de l\u2019ACIDS, l\u2019association canadienne de gestion de l\u2019information sur la sant\u00e9.<\/p>\n\n\n\n<p>Apprenez-en davantage sur les avantages et les caract\u00e9ristiques d\u2019un <a href=\"https:\/\/www.echima.ca\/membership\/\" target=\"_blank\" rel=\"noreferrer noopener\">membre de l\u2019ACIDS<\/a>.<\/p>\n<\/div><\/div>\n<\/div>\n<\/div>\n<\/div><\/div>\n","protected":false},"excerpt":{"rendered":"","protected":false},"author":10,"featured_media":0,"parent":877362,"menu_order":0,"comment_status":"closed","ping_status":"closed","template":"","meta":{"footnotes":""},"class_list":["post-877365","page","type-page","status-publish","hentry"],"yoast_head":"<!-- This site is optimized with the Yoast SEO Premium plugin v26.2 (Yoast SEO v27.3) - https:\/\/yoast.com\/product\/yoast-seo-premium-wordpress\/ -->\n<title>Professionnels dans des r\u00f4les d\u2019inscription - Canadian College of Health Information Management<\/title>\n<meta name=\"description\" content=\"Joignez-vous \u00e0 la profession Certification HICA pour les administrateurs de cabinet m\u00e9dical https:\/\/vimeo.com\/465843762 La d\u00e9signation HICA repr\u00e9sente les\" \/>\n<meta name=\"robots\" content=\"index, follow, max-snippet:-1, max-image-preview:large, max-video-preview:-1\" \/>\n<link rel=\"canonical\" href=\"https:\/\/cchim.ca\/fr\/joignez-vous-a-la-profession\/parcours-aiis\/professionnels-exercant-des-fonctions-denregistrement\/\" \/>\n<meta property=\"og:locale\" content=\"fr_CA\" \/>\n<meta property=\"og:type\" content=\"article\" \/>\n<meta property=\"og:title\" content=\"Professionnels dans des r\u00f4les d\u2019inscription\" \/>\n<meta property=\"og:description\" content=\"Joignez-vous \u00e0 la profession Certification HICA pour les administrateurs de cabinet m\u00e9dical https:\/\/vimeo.com\/465843762 La d\u00e9signation HICA repr\u00e9sente les\" \/>\n<meta property=\"og:url\" content=\"https:\/\/cchim.ca\/fr\/joignez-vous-a-la-profession\/parcours-aiis\/professionnels-exercant-des-fonctions-denregistrement\/\" \/>\n<meta property=\"og:site_name\" content=\"Canadian College of Health Information Management\" \/>\n<meta property=\"article:modified_time\" content=\"2025-02-11T16:45:37+00:00\" \/>\n<meta name=\"twitter:card\" content=\"summary_large_image\" \/>\n<meta name=\"twitter:label1\" content=\"Estimation du temps de lecture\" \/>\n\t<meta name=\"twitter:data1\" content=\"2 minutes\" \/>\n<script type=\"application\/ld+json\" class=\"yoast-schema-graph\">{\"@context\":\"https:\\\/\\\/schema.org\",\"@graph\":[{\"@type\":\"WebPage\",\"@id\":\"https:\\\/\\\/cchim.ca\\\/fr\\\/joignez-vous-a-la-profession\\\/parcours-aiis\\\/professionnels-exercant-des-fonctions-denregistrement\\\/\",\"url\":\"https:\\\/\\\/cchim.ca\\\/fr\\\/joignez-vous-a-la-profession\\\/parcours-aiis\\\/professionnels-exercant-des-fonctions-denregistrement\\\/\",\"name\":\"Professionnels dans des r\u00f4les d\u2019inscription - Canadian College of Health Information Management\",\"isPartOf\":{\"@id\":\"https:\\\/\\\/cchim.ca\\\/#website\"},\"datePublished\":\"2022-10-20T12:54:23+00:00\",\"dateModified\":\"2025-02-11T16:45:37+00:00\",\"description\":\"Joignez-vous \u00e0 la profession Certification HICA pour les administrateurs de cabinet m\u00e9dical https:\\\/\\\/vimeo.com\\\/465843762 La d\u00e9signation HICA repr\u00e9sente les\",\"breadcrumb\":{\"@id\":\"https:\\\/\\\/cchim.ca\\\/fr\\\/joignez-vous-a-la-profession\\\/parcours-aiis\\\/professionnels-exercant-des-fonctions-denregistrement\\\/#breadcrumb\"},\"inLanguage\":\"fr-CA\",\"potentialAction\":[{\"@type\":\"ReadAction\",\"target\":[\"https:\\\/\\\/cchim.ca\\\/fr\\\/joignez-vous-a-la-profession\\\/parcours-aiis\\\/professionnels-exercant-des-fonctions-denregistrement\\\/\"]}]},{\"@type\":\"BreadcrumbList\",\"@id\":\"https:\\\/\\\/cchim.ca\\\/fr\\\/joignez-vous-a-la-profession\\\/parcours-aiis\\\/professionnels-exercant-des-fonctions-denregistrement\\\/#breadcrumb\",\"itemListElement\":[{\"@type\":\"ListItem\",\"position\":1,\"name\":\"Home\",\"item\":\"https:\\\/\\\/cchim.ca\\\/fr\\\/accueil\\\/\"},{\"@type\":\"ListItem\",\"position\":2,\"name\":\"Joignez-vous \u00e0 la profession\",\"item\":\"https:\\\/\\\/cchim.ca\\\/fr\\\/joignez-vous-a-la-profession\\\/\"},{\"@type\":\"ListItem\",\"position\":3,\"name\":\"Voies de l\u2019ICCA\",\"item\":\"https:\\\/\\\/cchim.ca\\\/fr\\\/joignez-vous-a-la-profession\\\/parcours-aiis\\\/\"},{\"@type\":\"ListItem\",\"position\":4,\"name\":\"Professionnels dans des r\u00f4les d\u2019inscription\"}]},{\"@type\":\"WebSite\",\"@id\":\"https:\\\/\\\/cchim.ca\\\/#website\",\"url\":\"https:\\\/\\\/cchim.ca\\\/\",\"name\":\"Canadian College of Health Information Management\",\"description\":\"Accrediting academic institutions and certifying health information professionals\",\"publisher\":{\"@id\":\"https:\\\/\\\/cchim.ca\\\/#organization\"},\"alternateName\":\"CCHIM\",\"potentialAction\":[{\"@type\":\"SearchAction\",\"target\":{\"@type\":\"EntryPoint\",\"urlTemplate\":\"https:\\\/\\\/cchim.ca\\\/?s={search_term_string}\"},\"query-input\":{\"@type\":\"PropertyValueSpecification\",\"valueRequired\":true,\"valueName\":\"search_term_string\"}}],\"inLanguage\":\"fr-CA\"},{\"@type\":\"Organization\",\"@id\":\"https:\\\/\\\/cchim.ca\\\/#organization\",\"name\":\"Canadian College of Health Information Management\",\"alternateName\":\"CCHIM\",\"url\":\"https:\\\/\\\/cchim.ca\\\/\",\"logo\":{\"@type\":\"ImageObject\",\"inLanguage\":\"fr-CA\",\"@id\":\"https:\\\/\\\/cchim.ca\\\/#\\\/schema\\\/logo\\\/image\\\/\",\"url\":\"https:\\\/\\\/cchim.ca\\\/wp-content\\\/uploads\\\/2020\\\/08\\\/cropped-favicon.webp\",\"contentUrl\":\"https:\\\/\\\/cchim.ca\\\/wp-content\\\/uploads\\\/2020\\\/08\\\/cropped-favicon.webp\",\"width\":512,\"height\":512,\"caption\":\"Canadian College of Health Information Management\"},\"image\":{\"@id\":\"https:\\\/\\\/cchim.ca\\\/#\\\/schema\\\/logo\\\/image\\\/\"},\"description\":\"Canadian College of Health Information Management\",\"email\":\"support@echima.ca\",\"legalName\":\"Canadian College of Health Information Management\",\"foundingDate\":\"1972-09-07\",\"numberOfEmployees\":{\"@type\":\"QuantitativeValue\",\"minValue\":\"11\",\"maxValue\":\"50\"}}]}<\/script>\n<!-- \/ Yoast SEO Premium plugin. -->","yoast_head_json":{"title":"Professionnels dans des r\u00f4les d\u2019inscription - Canadian College of Health Information Management","description":"Joignez-vous \u00e0 la profession Certification HICA pour les administrateurs de cabinet m\u00e9dical https:\/\/vimeo.com\/465843762 La d\u00e9signation HICA repr\u00e9sente les","robots":{"index":"index","follow":"follow","max-snippet":"max-snippet:-1","max-image-preview":"max-image-preview:large","max-video-preview":"max-video-preview:-1"},"canonical":"https:\/\/cchim.ca\/fr\/joignez-vous-a-la-profession\/parcours-aiis\/professionnels-exercant-des-fonctions-denregistrement\/","og_locale":"fr_CA","og_type":"article","og_title":"Professionnels dans des r\u00f4les d\u2019inscription","og_description":"Joignez-vous \u00e0 la profession Certification HICA pour les administrateurs de cabinet m\u00e9dical https:\/\/vimeo.com\/465843762 La d\u00e9signation HICA repr\u00e9sente les","og_url":"https:\/\/cchim.ca\/fr\/joignez-vous-a-la-profession\/parcours-aiis\/professionnels-exercant-des-fonctions-denregistrement\/","og_site_name":"Canadian College of Health Information Management","article_modified_time":"2025-02-11T16:45:37+00:00","twitter_card":"summary_large_image","twitter_misc":{"Estimation du temps de lecture":"2 minutes"},"schema":{"@context":"https:\/\/schema.org","@graph":[{"@type":"WebPage","@id":"https:\/\/cchim.ca\/fr\/joignez-vous-a-la-profession\/parcours-aiis\/professionnels-exercant-des-fonctions-denregistrement\/","url":"https:\/\/cchim.ca\/fr\/joignez-vous-a-la-profession\/parcours-aiis\/professionnels-exercant-des-fonctions-denregistrement\/","name":"Professionnels dans des r\u00f4les d\u2019inscription - Canadian College of Health Information Management","isPartOf":{"@id":"https:\/\/cchim.ca\/#website"},"datePublished":"2022-10-20T12:54:23+00:00","dateModified":"2025-02-11T16:45:37+00:00","description":"Joignez-vous \u00e0 la profession Certification HICA pour les administrateurs de cabinet m\u00e9dical https:\/\/vimeo.com\/465843762 La d\u00e9signation HICA repr\u00e9sente les","breadcrumb":{"@id":"https:\/\/cchim.ca\/fr\/joignez-vous-a-la-profession\/parcours-aiis\/professionnels-exercant-des-fonctions-denregistrement\/#breadcrumb"},"inLanguage":"fr-CA","potentialAction":[{"@type":"ReadAction","target":["https:\/\/cchim.ca\/fr\/joignez-vous-a-la-profession\/parcours-aiis\/professionnels-exercant-des-fonctions-denregistrement\/"]}]},{"@type":"BreadcrumbList","@id":"https:\/\/cchim.ca\/fr\/joignez-vous-a-la-profession\/parcours-aiis\/professionnels-exercant-des-fonctions-denregistrement\/#breadcrumb","itemListElement":[{"@type":"ListItem","position":1,"name":"Home","item":"https:\/\/cchim.ca\/fr\/accueil\/"},{"@type":"ListItem","position":2,"name":"Joignez-vous \u00e0 la profession","item":"https:\/\/cchim.ca\/fr\/joignez-vous-a-la-profession\/"},{"@type":"ListItem","position":3,"name":"Voies de l\u2019ICCA","item":"https:\/\/cchim.ca\/fr\/joignez-vous-a-la-profession\/parcours-aiis\/"},{"@type":"ListItem","position":4,"name":"Professionnels dans des r\u00f4les d\u2019inscription"}]},{"@type":"WebSite","@id":"https:\/\/cchim.ca\/#website","url":"https:\/\/cchim.ca\/","name":"Canadian College of Health Information Management","description":"Accrediting academic institutions and certifying health information professionals","publisher":{"@id":"https:\/\/cchim.ca\/#organization"},"alternateName":"CCHIM","potentialAction":[{"@type":"SearchAction","target":{"@type":"EntryPoint","urlTemplate":"https:\/\/cchim.ca\/?s={search_term_string}"},"query-input":{"@type":"PropertyValueSpecification","valueRequired":true,"valueName":"search_term_string"}}],"inLanguage":"fr-CA"},{"@type":"Organization","@id":"https:\/\/cchim.ca\/#organization","name":"Canadian College of Health Information Management","alternateName":"CCHIM","url":"https:\/\/cchim.ca\/","logo":{"@type":"ImageObject","inLanguage":"fr-CA","@id":"https:\/\/cchim.ca\/#\/schema\/logo\/image\/","url":"https:\/\/cchim.ca\/wp-content\/uploads\/2020\/08\/cropped-favicon.webp","contentUrl":"https:\/\/cchim.ca\/wp-content\/uploads\/2020\/08\/cropped-favicon.webp","width":512,"height":512,"caption":"Canadian College of Health Information Management"},"image":{"@id":"https:\/\/cchim.ca\/#\/schema\/logo\/image\/"},"description":"Canadian College of Health Information Management","email":"support@echima.ca","legalName":"Canadian College of Health Information Management","foundingDate":"1972-09-07","numberOfEmployees":{"@type":"QuantitativeValue","minValue":"11","maxValue":"50"}}]}},"_links":{"self":[{"href":"https:\/\/cchim.ca\/fr\/wp-json\/wp\/v2\/pages\/877365","targetHints":{"allow":["GET"]}}],"collection":[{"href":"https:\/\/cchim.ca\/fr\/wp-json\/wp\/v2\/pages"}],"about":[{"href":"https:\/\/cchim.ca\/fr\/wp-json\/wp\/v2\/types\/page"}],"author":[{"embeddable":true,"href":"https:\/\/cchim.ca\/fr\/wp-json\/wp\/v2\/users\/10"}],"replies":[{"embeddable":true,"href":"https:\/\/cchim.ca\/fr\/wp-json\/wp\/v2\/comments?post=877365"}],"version-history":[{"count":0,"href":"https:\/\/cchim.ca\/fr\/wp-json\/wp\/v2\/pages\/877365\/revisions"}],"up":[{"embeddable":true,"href":"https:\/\/cchim.ca\/fr\/wp-json\/wp\/v2\/pages\/877362"}],"wp:attachment":[{"href":"https:\/\/cchim.ca\/fr\/wp-json\/wp\/v2\/media?parent=877365"}],"curies":[{"name":"wp","href":"https:\/\/api.w.org\/{rel}","templated":true}]}}