{"id":877200,"date":"2022-10-18T21:11:57","date_gmt":"2022-10-19T01:11:57","guid":{"rendered":"https:\/\/cchim.ca\/?page_id=877200"},"modified":"2022-11-25T14:33:49","modified_gmt":"2022-11-25T19:33:49","slug":"enc-daiis-admissibilite-et-calendrier-des-examens","status":"publish","type":"page","link":"https:\/\/cchim.ca\/fr\/certification\/aiis\/enc-daiis-admissibilite-et-calendrier-des-examens\/","title":{"rendered":"ENC d\u2019AIIS\u00a0\u2013 Admissibilit\u00e9 et calendrier des examens"},"content":{"rendered":"\n<h1 class=\"wp-block-heading\"><span class=\"is-style-half-sized\"><span class=\"is-style-slug\"><strong>Admissibilit\u00e9 et calendrier des examens<\/strong><\/span><\/span><\/h1>\n\n\n\n<h1 class=\"wp-block-heading\">ENC AIIS<\/h1>\n\n\n\n<h2 class=\"wp-block-heading\">Admissibilit\u00e9<\/h2>\n\n\n\n<p>Pour devenir professionnels associ\u00e9s inscrits, information sur la sant\u00e9 (AIIS) au Canada, les candidats doivent avoir obtenu un dipl\u00f4me d\u2019un programme d\u2019associ\u00e9 en information sur la sant\u00e9 accr\u00e9dit\u00e9 par le Coll\u00e8ge canadien des gestionnaires de l\u2019information de sant\u00e9.<\/p>\n\n\n\n<p>Peu importe le parcours, les candidats doivent passer l\u2019examen national de certification (ENC) en gestion de l\u2019information sur la sant\u00e9 (GIS).<\/p>\n\n\n\n<h2 class=\"wp-block-heading\">Dates des prochains examens<\/h2>\n\n\n\n<p>Dates de l\u2019ENC d\u2019AIIS&nbsp;2023:<\/p>\n\n\n\n<figure class=\"wp-block-table\"><table><thead><tr><th>P\u00e9riode d\u2019examen*&nbsp;<\/th><th>Date limite pour la candidature \u00e0 l\u2019examen, le paiement et le relev\u00e9 de notes&nbsp;<\/th><th>Frais<\/th><\/tr><\/thead><tbody><tr><td>15 au 19&nbsp;mai&nbsp;2023<\/td><td>1er&nbsp;mai&nbsp;2023<\/td><td>269,00&nbsp;$ + taxes applicables<\/td><\/tr><tr><td>14 au 18 ao\u00fbt 2023<\/td><td>31 juillet 2023<\/td><td>269,00&nbsp;$ + taxes applicables<\/td><\/tr><tr><td>20 au 24 novembre 2023<\/td><td>6 novembre 2023<\/td><td>269,00\u00a0$ + taxes applicables<\/td><\/tr><tr><td><\/td><td><\/td><td><\/td><\/tr><\/tbody><\/table><figcaption class=\"wp-element-caption\">* Selon le nombre de candidatures aux examens re\u00e7ues par le Coll\u00e8ge, ce dernier pourra ajouter des dates suppl\u00e9mentaires \u00e0 la p\u00e9riode d\u2019examen afin d\u2019offrir plus d\u2019options aux candidats. Des dates et des heures suppl\u00e9mentaires seront ajout\u00e9es au besoin.<\/figcaption><\/figure>\n\n\n\n<p><strong><strong>Les candidatures aux examens et les relev\u00e9s de notes ne seront pas examin\u00e9s avant la date limite d\u2019inscription<\/strong>.<\/strong>&nbsp;<\/p>\n\n\n\n<p><strong><strong>Les candidats admis aux examens recevront un courriel de la CHIMA deux ou trois jours* apr\u00e8s la date limite de candidature pour fixer la date et l\u2019heure de l\u2019examen<\/strong>. <\/strong><\/p>\n\n\n\n<h2 class=\"wp-block-heading\">Retrait de l\u2019examen<\/h2>\n\n\n\n<p>La demande de retrait d\u2019un examen doit nous parvenir par \u00e9crit dans les d\u00e9lais indiqu\u00e9s ci-dessous. La totalit\u00e9 des frais d\u2019examen sera rembours\u00e9e. Aucun remboursement ne sera effectu\u00e9 apr\u00e8s ces dates limites.<\/p>\n\n\n\n<figure class=\"wp-block-table\"><table><thead><tr><th>P\u00e9riode d\u2019examen<\/th><th>Date limite pour recevoir la demande de retrait<\/th><\/tr><\/thead><tbody><tr><td>15 au 19&nbsp;mai&nbsp;2023<\/td><td>1er&nbsp;mai&nbsp;2023<\/td><\/tr><tr><td>14 au 18 ao\u00fbt 2023<\/td><td>31 juillet 2023<\/td><\/tr><tr><td>20 au 24 novembre 2023<\/td><td>6 novembre 2023<\/td><\/tr><\/tbody><\/table><\/figure>\n","protected":false},"excerpt":{"rendered":"<p>Admissibilit\u00e9 et calendrier des examens ENC AIIS Admissibilit\u00e9 Pour devenir professionnels associ\u00e9s inscrits, information sur la sant\u00e9 (AIIS) au Canada, les candidats doivent avoir obtenu un dipl\u00f4me d\u2019un programme d\u2019associ\u00e9 en information sur la sant\u00e9 accr\u00e9dit\u00e9 par le Coll\u00e8ge canadien des gestionnaires de l\u2019information&#8230;<\/p>\n","protected":false},"author":8,"featured_media":0,"parent":877185,"menu_order":0,"comment_status":"closed","ping_status":"closed","template":"","meta":{"footnotes":""},"class_list":["post-877200","page","type-page","status-publish","hentry"],"yoast_head":"<!-- This site is optimized with the Yoast SEO Premium plugin v26.2 (Yoast SEO v27.3) - https:\/\/yoast.com\/product\/yoast-seo-premium-wordpress\/ -->\n<title>ENC d\u2019AIIS\u00a0\u2013 Admissibilit\u00e9 et calendrier des examens - Canadian College of Health Information Management<\/title>\n<meta name=\"description\" content=\"Admissibilit\u00e9 et calendrier des examens ENC AIIS Admissibilit\u00e9 Pour devenir professionnels associ\u00e9s inscrits, information sur la sant\u00e9 (AIIS) au Canada,\" \/>\n<meta name=\"robots\" content=\"index, follow, max-snippet:-1, max-image-preview:large, max-video-preview:-1\" \/>\n<link rel=\"canonical\" href=\"https:\/\/cchim.ca\/certification\/hica\/hica-nce-eligibility-and-dates\/\" \/>\n<meta property=\"og:locale\" content=\"fr_CA\" \/>\n<meta property=\"og:type\" content=\"article\" \/>\n<meta property=\"og:title\" content=\"ENC d\u2019AIIS\u00a0\u2013 Admissibilit\u00e9 et calendrier des examens\" \/>\n<meta property=\"og:description\" content=\"Admissibilit\u00e9 et calendrier des examens ENC AIIS Admissibilit\u00e9 Pour devenir professionnels associ\u00e9s inscrits, information sur la sant\u00e9 (AIIS) au Canada,\" \/>\n<meta property=\"og:url\" content=\"https:\/\/cchim.ca\/certification\/hica\/hica-nce-eligibility-and-dates\/\" \/>\n<meta property=\"og:site_name\" content=\"Canadian College of Health Information Management\" \/>\n<meta property=\"article:modified_time\" content=\"2022-11-25T19:33:49+00:00\" \/>\n<meta name=\"twitter:card\" content=\"summary_large_image\" \/>\n<meta name=\"twitter:label1\" content=\"Estimation du temps de lecture\" \/>\n\t<meta name=\"twitter:data1\" content=\"2 minutes\" \/>\n<script type=\"application\/ld+json\" class=\"yoast-schema-graph\">{\"@context\":\"https:\\\/\\\/schema.org\",\"@graph\":[{\"@type\":\"WebPage\",\"@id\":\"https:\\\/\\\/cchim.ca\\\/certification\\\/hica\\\/hica-nce-eligibility-and-dates\\\/\",\"url\":\"https:\\\/\\\/cchim.ca\\\/certification\\\/hica\\\/hica-nce-eligibility-and-dates\\\/\",\"name\":\"ENC d\u2019AIIS\u00a0\u2013 Admissibilit\u00e9 et calendrier des examens - Canadian College of Health Information Management\",\"isPartOf\":{\"@id\":\"https:\\\/\\\/cchim.ca\\\/#website\"},\"datePublished\":\"2022-10-19T01:11:57+00:00\",\"dateModified\":\"2022-11-25T19:33:49+00:00\",\"description\":\"Admissibilit\u00e9 et calendrier des examens ENC AIIS Admissibilit\u00e9 Pour devenir professionnels associ\u00e9s inscrits, information sur la sant\u00e9 (AIIS) au Canada,\",\"breadcrumb\":{\"@id\":\"https:\\\/\\\/cchim.ca\\\/certification\\\/hica\\\/hica-nce-eligibility-and-dates\\\/#breadcrumb\"},\"inLanguage\":\"fr-CA\",\"potentialAction\":[{\"@type\":\"ReadAction\",\"target\":[\"https:\\\/\\\/cchim.ca\\\/certification\\\/hica\\\/hica-nce-eligibility-and-dates\\\/\"]}]},{\"@type\":\"BreadcrumbList\",\"@id\":\"https:\\\/\\\/cchim.ca\\\/certification\\\/hica\\\/hica-nce-eligibility-and-dates\\\/#breadcrumb\",\"itemListElement\":[{\"@type\":\"ListItem\",\"position\":1,\"name\":\"Home\",\"item\":\"https:\\\/\\\/cchim.ca\\\/\"},{\"@type\":\"ListItem\",\"position\":2,\"name\":\"La certification\",\"item\":\"https:\\\/\\\/cchim.ca\\\/fr\\\/certification\\\/\"},{\"@type\":\"ListItem\",\"position\":3,\"name\":\"HICA\",\"item\":\"https:\\\/\\\/cchim.ca\\\/fr\\\/certification\\\/aiis\\\/\"},{\"@type\":\"ListItem\",\"position\":4,\"name\":\"ENC d\u2019AIIS\u00a0\u2013 Admissibilit\u00e9 et calendrier des examens\"}]},{\"@type\":\"WebSite\",\"@id\":\"https:\\\/\\\/cchim.ca\\\/#website\",\"url\":\"https:\\\/\\\/cchim.ca\\\/\",\"name\":\"Canadian College of Health Information Management\",\"description\":\"Accrediting academic institutions and certifying health information professionals\",\"publisher\":{\"@id\":\"https:\\\/\\\/cchim.ca\\\/#organization\"},\"alternateName\":\"CCHIM\",\"potentialAction\":[{\"@type\":\"SearchAction\",\"target\":{\"@type\":\"EntryPoint\",\"urlTemplate\":\"https:\\\/\\\/cchim.ca\\\/?s={search_term_string}\"},\"query-input\":{\"@type\":\"PropertyValueSpecification\",\"valueRequired\":true,\"valueName\":\"search_term_string\"}}],\"inLanguage\":\"fr-CA\"},{\"@type\":\"Organization\",\"@id\":\"https:\\\/\\\/cchim.ca\\\/#organization\",\"name\":\"Canadian College of Health Information Management\",\"alternateName\":\"CCHIM\",\"url\":\"https:\\\/\\\/cchim.ca\\\/\",\"logo\":{\"@type\":\"ImageObject\",\"inLanguage\":\"fr-CA\",\"@id\":\"https:\\\/\\\/cchim.ca\\\/#\\\/schema\\\/logo\\\/image\\\/\",\"url\":\"https:\\\/\\\/cchim.ca\\\/wp-content\\\/uploads\\\/2020\\\/08\\\/cropped-favicon.webp\",\"contentUrl\":\"https:\\\/\\\/cchim.ca\\\/wp-content\\\/uploads\\\/2020\\\/08\\\/cropped-favicon.webp\",\"width\":512,\"height\":512,\"caption\":\"Canadian College of Health Information Management\"},\"image\":{\"@id\":\"https:\\\/\\\/cchim.ca\\\/#\\\/schema\\\/logo\\\/image\\\/\"},\"description\":\"Canadian College of Health Information Management\",\"email\":\"support@echima.ca\",\"legalName\":\"Canadian College of Health Information Management\",\"foundingDate\":\"1972-09-07\",\"numberOfEmployees\":{\"@type\":\"QuantitativeValue\",\"minValue\":\"11\",\"maxValue\":\"50\"}}]}<\/script>\n<!-- \/ Yoast SEO Premium plugin. -->","yoast_head_json":{"title":"ENC d\u2019AIIS\u00a0\u2013 Admissibilit\u00e9 et calendrier des examens - Canadian College of Health Information Management","description":"Admissibilit\u00e9 et calendrier des examens ENC AIIS Admissibilit\u00e9 Pour devenir professionnels associ\u00e9s inscrits, information sur la sant\u00e9 (AIIS) au Canada,","robots":{"index":"index","follow":"follow","max-snippet":"max-snippet:-1","max-image-preview":"max-image-preview:large","max-video-preview":"max-video-preview:-1"},"canonical":"https:\/\/cchim.ca\/certification\/hica\/hica-nce-eligibility-and-dates\/","og_locale":"fr_CA","og_type":"article","og_title":"ENC d\u2019AIIS\u00a0\u2013 Admissibilit\u00e9 et calendrier des examens","og_description":"Admissibilit\u00e9 et calendrier des examens ENC AIIS Admissibilit\u00e9 Pour devenir professionnels associ\u00e9s inscrits, information sur la sant\u00e9 (AIIS) au Canada,","og_url":"https:\/\/cchim.ca\/certification\/hica\/hica-nce-eligibility-and-dates\/","og_site_name":"Canadian College of Health Information Management","article_modified_time":"2022-11-25T19:33:49+00:00","twitter_card":"summary_large_image","twitter_misc":{"Estimation du temps de lecture":"2 minutes"},"schema":{"@context":"https:\/\/schema.org","@graph":[{"@type":"WebPage","@id":"https:\/\/cchim.ca\/certification\/hica\/hica-nce-eligibility-and-dates\/","url":"https:\/\/cchim.ca\/certification\/hica\/hica-nce-eligibility-and-dates\/","name":"ENC d\u2019AIIS\u00a0\u2013 Admissibilit\u00e9 et calendrier des examens - Canadian College of Health Information Management","isPartOf":{"@id":"https:\/\/cchim.ca\/#website"},"datePublished":"2022-10-19T01:11:57+00:00","dateModified":"2022-11-25T19:33:49+00:00","description":"Admissibilit\u00e9 et calendrier des examens ENC AIIS Admissibilit\u00e9 Pour devenir professionnels associ\u00e9s inscrits, information sur la sant\u00e9 (AIIS) au Canada,","breadcrumb":{"@id":"https:\/\/cchim.ca\/certification\/hica\/hica-nce-eligibility-and-dates\/#breadcrumb"},"inLanguage":"fr-CA","potentialAction":[{"@type":"ReadAction","target":["https:\/\/cchim.ca\/certification\/hica\/hica-nce-eligibility-and-dates\/"]}]},{"@type":"BreadcrumbList","@id":"https:\/\/cchim.ca\/certification\/hica\/hica-nce-eligibility-and-dates\/#breadcrumb","itemListElement":[{"@type":"ListItem","position":1,"name":"Home","item":"https:\/\/cchim.ca\/"},{"@type":"ListItem","position":2,"name":"La certification","item":"https:\/\/cchim.ca\/fr\/certification\/"},{"@type":"ListItem","position":3,"name":"HICA","item":"https:\/\/cchim.ca\/fr\/certification\/aiis\/"},{"@type":"ListItem","position":4,"name":"ENC d\u2019AIIS\u00a0\u2013 Admissibilit\u00e9 et calendrier des examens"}]},{"@type":"WebSite","@id":"https:\/\/cchim.ca\/#website","url":"https:\/\/cchim.ca\/","name":"Canadian College of Health Information Management","description":"Accrediting academic institutions and certifying health information professionals","publisher":{"@id":"https:\/\/cchim.ca\/#organization"},"alternateName":"CCHIM","potentialAction":[{"@type":"SearchAction","target":{"@type":"EntryPoint","urlTemplate":"https:\/\/cchim.ca\/?s={search_term_string}"},"query-input":{"@type":"PropertyValueSpecification","valueRequired":true,"valueName":"search_term_string"}}],"inLanguage":"fr-CA"},{"@type":"Organization","@id":"https:\/\/cchim.ca\/#organization","name":"Canadian College of Health Information Management","alternateName":"CCHIM","url":"https:\/\/cchim.ca\/","logo":{"@type":"ImageObject","inLanguage":"fr-CA","@id":"https:\/\/cchim.ca\/#\/schema\/logo\/image\/","url":"https:\/\/cchim.ca\/wp-content\/uploads\/2020\/08\/cropped-favicon.webp","contentUrl":"https:\/\/cchim.ca\/wp-content\/uploads\/2020\/08\/cropped-favicon.webp","width":512,"height":512,"caption":"Canadian College of Health Information Management"},"image":{"@id":"https:\/\/cchim.ca\/#\/schema\/logo\/image\/"},"description":"Canadian College of Health Information Management","email":"support@echima.ca","legalName":"Canadian College of Health Information Management","foundingDate":"1972-09-07","numberOfEmployees":{"@type":"QuantitativeValue","minValue":"11","maxValue":"50"}}]}},"_links":{"self":[{"href":"https:\/\/cchim.ca\/fr\/wp-json\/wp\/v2\/pages\/877200","targetHints":{"allow":["GET"]}}],"collection":[{"href":"https:\/\/cchim.ca\/fr\/wp-json\/wp\/v2\/pages"}],"about":[{"href":"https:\/\/cchim.ca\/fr\/wp-json\/wp\/v2\/types\/page"}],"author":[{"embeddable":true,"href":"https:\/\/cchim.ca\/fr\/wp-json\/wp\/v2\/users\/8"}],"replies":[{"embeddable":true,"href":"https:\/\/cchim.ca\/fr\/wp-json\/wp\/v2\/comments?post=877200"}],"version-history":[{"count":0,"href":"https:\/\/cchim.ca\/fr\/wp-json\/wp\/v2\/pages\/877200\/revisions"}],"up":[{"embeddable":true,"href":"https:\/\/cchim.ca\/fr\/wp-json\/wp\/v2\/pages\/877185"}],"wp:attachment":[{"href":"https:\/\/cchim.ca\/fr\/wp-json\/wp\/v2\/media?parent=877200"}],"curies":[{"name":"wp","href":"https:\/\/api.w.org\/{rel}","templated":true}]}}