{"id":877185,"date":"2022-10-18T21:07:05","date_gmt":"2022-10-19T01:07:05","guid":{"rendered":"https:\/\/cchim.ca\/?page_id=877185"},"modified":"2025-09-05T15:01:25","modified_gmt":"2025-09-05T19:01:25","slug":"aiis","status":"publish","type":"page","link":"https:\/\/cchim.ca\/fr\/certification\/aiis\/","title":{"rendered":"HICA"},"content":{"rendered":"\t\t<div data-elementor-type=\"wp-page\" data-elementor-id=\"877185\" class=\"elementor elementor-877185 elementor-876899\" data-elementor-post-type=\"page\">\n\t\t\t\t<div data-particle_enable=\"false\" data-particle-mobile-disabled=\"false\" class=\"elementor-element elementor-element-a114a4f e-flex e-con-boxed e-con e-parent\" data-id=\"a114a4f\" data-element_type=\"container\" data-e-type=\"container\">\n\t\t\t\t\t<div class=\"e-con-inner\">\n\t\t<div data-particle_enable=\"false\" data-particle-mobile-disabled=\"false\" class=\"elementor-element elementor-element-48adc92 e-con-full e-flex e-con e-child\" data-id=\"48adc92\" data-element_type=\"container\" data-e-type=\"container\">\n\t\t\t\t<div class=\"elementor-element elementor-element-cdb31ff elementor-widget elementor-widget-text-editor\" data-id=\"cdb31ff\" data-element_type=\"widget\" data-e-type=\"widget\" data-widget_type=\"text-editor.default\">\n\t\t\t\t<div class=\"elementor-widget-container\">\n\t\t\t\t\t\t\t\t\t<h1 class=\"wp-block-heading\">HICA<\/h1>\n\n<p class=\"is-style-intro\">Les associ\u00e9s certifi\u00e9s en information sur la sant\u00e9 ont une compr\u00e9hension cibl\u00e9e de divers domaines de pratique.<\/p>\n\n<p>Il s\u2019agit notamment des connaissances cliniques, du professionnalisme dans les soins de sant\u00e9, de la gestion des bureaux de soins de sant\u00e9, de la technologie des soins de sant\u00e9 et des syst\u00e8mes de soins de sant\u00e9.<\/p>\t\t\t\t\t\t\t\t<\/div>\n\t\t\t\t<\/div>\n\t\t\t\t<\/div>\n\t\t\t\t<div class=\"elementor-element elementor-element-e64595e elementor-widget elementor-widget-spacer\" data-id=\"e64595e\" data-element_type=\"widget\" data-e-type=\"widget\" data-widget_type=\"spacer.default\">\n\t\t\t\t<div class=\"elementor-widget-container\">\n\t\t\t\t\t\t\t<div class=\"elementor-spacer\">\n\t\t\t<div class=\"elementor-spacer-inner\"><\/div>\n\t\t<\/div>\n\t\t\t\t\t\t<\/div>\n\t\t\t\t<\/div>\n\t\t<div data-particle_enable=\"false\" data-particle-mobile-disabled=\"false\" class=\"elementor-element elementor-element-2675a85 e-con-full e-flex e-con e-child\" data-id=\"2675a85\" data-element_type=\"container\" data-e-type=\"container\">\n\t\t\t\t<div class=\"elementor-element elementor-element-f3569ba elementor-widget elementor-widget-text-editor\" data-id=\"f3569ba\" data-element_type=\"widget\" data-e-type=\"widget\" data-widget_type=\"text-editor.default\">\n\t\t\t\t<div class=\"elementor-widget-container\">\n\t\t\t\t\t\t\t\t\t<h2 class=\"wp-block-heading\">La certification<\/h2>\n\n<p>Le Coll\u00e8ge canadien de gestion de l\u2019information sur la sant\u00e9 est l\u2019organisme de certification des professionnels de l\u2019information sur la sant\u00e9. Les candidats qui r\u00e9ussissent l\u2019examen national de certification (RCE) Health Information Certified Associate (HICA) obtiennent un titre professionnel HICA. Cet examen \u00e9value les comp\u00e9tences de niveau d\u2019entr\u00e9e des dipl\u00f4m\u00e9s des programmes de GHIM agr\u00e9\u00e9s.    <\/p>\n\n<h2 class=\"wp-block-heading\">Maintien de la certification<\/h2>\n\n<p>Les exigences relatives au maintien et au maintien de cette d\u00e9signation professionnelle sont les suivantes :<\/p>\n\n<ol>\n<li>Renouvellement annuel de l\u2019adh\u00e9sion \u00e0 l\u2019Association canadienne de gestion de l\u2019information sur la sant\u00e9 (ACIDS)  <\/li>\n\n<li>Respect du <a href=\"https:\/\/cchim.ca\/fr\/about-the-college\/code-de-deontologie\/\">code de d\u00e9ontologie<\/a> professionnelle<\/li>\n\n<li>Ach\u00e8vement des cr\u00e9dits de formation professionnelle continue (D\u00c9C) requis conform\u00e9ment au d\u00e9lai \u00e9tabli dans la politique sur les <a href=\"https:\/\/cchim.ca\/fr\/membres\/programme-de-formation-professionnelle-continue\/continuing-professional-education-program-policy\/\">D\u00c9C<\/a><\/li>\n<\/ol>\n\n<p class=\"is-style-small\">Le non-respect de l\u2019un ou l\u2019autre de ces crit\u00e8res peut entra\u00eener le retrait de l\u2019accr\u00e9ditation.<\/p>\t\t\t\t\t\t\t\t<\/div>\n\t\t\t\t<\/div>\n\t\t\t\t<div class=\"elementor-element elementor-element-2268526 elementor-widget elementor-widget-spacer\" data-id=\"2268526\" data-element_type=\"widget\" data-e-type=\"widget\" data-widget_type=\"spacer.default\">\n\t\t\t\t<div class=\"elementor-widget-container\">\n\t\t\t\t\t\t\t<div class=\"elementor-spacer\">\n\t\t\t<div class=\"elementor-spacer-inner\"><\/div>\n\t\t<\/div>\n\t\t\t\t\t\t<\/div>\n\t\t\t\t<\/div>\n\t\t\t\t<\/div>\n\t\t\t\t\t<\/div>\n\t\t\t\t<\/div>\n\t\t<div data-particle_enable=\"false\" data-particle-mobile-disabled=\"false\" class=\"elementor-element elementor-element-821a8d5 e-grid e-con-boxed e-con e-parent\" data-id=\"821a8d5\" data-element_type=\"container\" data-e-type=\"container\">\n\t\t\t\t\t<div class=\"e-con-inner\">\n\t\t\t\t<div class=\"elementor-element elementor-element-c94bddc elementor-widget elementor-widget-image\" data-id=\"c94bddc\" data-element_type=\"widget\" data-e-type=\"widget\" data-widget_type=\"image.default\">\n\t\t\t\t<div class=\"elementor-widget-container\">\n\t\t\t\t\t\t\t\t\t\t\t\t\t\t\t\t<a href=\"https:\/\/indd.adobe.com\/view\/9f3d3170-542c-4d9e-92b5-fc01f0f2344f\" target=\"_blank\">\n\t\t\t\t\t\t\t<img fetchpriority=\"high\" decoding=\"async\" width=\"336\" height=\"782\" src=\"https:\/\/cchim.ca\/wp-content\/uploads\/2024\/07\/HICA-Pamphlet-Student-Image.webp\" class=\"attachment-large size-large wp-image-885505\" alt=\"\" \/>\t\t\t\t\t\t\t\t<\/a>\n\t\t\t\t\t\t\t\t\t\t\t\t\t\t\t<\/div>\n\t\t\t\t<\/div>\n\t\t\t\t<div class=\"elementor-element elementor-element-1b5df63 elementor-widget elementor-widget-image\" data-id=\"1b5df63\" data-element_type=\"widget\" data-e-type=\"widget\" data-widget_type=\"image.default\">\n\t\t\t\t<div class=\"elementor-widget-container\">\n\t\t\t\t\t\t\t\t\t\t\t\t\t\t\t\t<a href=\"https:\/\/indd.adobe.com\/view\/8c0e528c-1281-4512-93be-646af6ab8edf\">\n\t\t\t\t\t\t\t<img decoding=\"async\" width=\"336\" height=\"782\" src=\"https:\/\/cchim.ca\/wp-content\/uploads\/2024\/07\/HICA-Pamphlet-Employer-Image.webp\" class=\"attachment-large size-large wp-image-885509\" alt=\"\" \/>\t\t\t\t\t\t\t\t<\/a>\n\t\t\t\t\t\t\t\t\t\t\t\t\t\t\t<\/div>\n\t\t\t\t<\/div>\n\t\t\t\t<div class=\"elementor-element elementor-element-cb4bbf2 elementor-widget elementor-widget-image\" data-id=\"cb4bbf2\" data-element_type=\"widget\" data-e-type=\"widget\" data-widget_type=\"image.default\">\n\t\t\t\t<div class=\"elementor-widget-container\">\n\t\t\t\t\t\t\t\t\t\t\t\t\t\t\t\t<a href=\"https:\/\/indd.adobe.com\/view\/b614e3b0-9d9e-4fa3-a943-9060d216fab4\">\n\t\t\t\t\t\t\t<img decoding=\"async\" width=\"336\" height=\"782\" src=\"https:\/\/cchim.ca\/wp-content\/uploads\/2024\/07\/HICA-Pamphlet-WorkingProf-Image.webp\" class=\"attachment-large size-large wp-image-885507\" alt=\"\" \/>\t\t\t\t\t\t\t\t<\/a>\n\t\t\t\t\t\t\t\t\t\t\t\t\t\t\t<\/div>\n\t\t\t\t<\/div>\n\t\t\t\t\t<\/div>\n\t\t\t\t<\/div>\n\t\t<div data-particle_enable=\"false\" data-particle-mobile-disabled=\"false\" class=\"elementor-element elementor-element-c21220e e-flex e-con-boxed e-con e-parent\" data-id=\"c21220e\" data-element_type=\"container\" data-e-type=\"container\">\n\t\t\t\t\t<div class=\"e-con-inner\">\n\t\t\t\t<div class=\"elementor-element elementor-element-38a29c7 elementor-widget elementor-widget-spacer\" data-id=\"38a29c7\" data-element_type=\"widget\" data-e-type=\"widget\" data-widget_type=\"spacer.default\">\n\t\t\t\t<div class=\"elementor-widget-container\">\n\t\t\t\t\t\t\t<div class=\"elementor-spacer\">\n\t\t\t<div class=\"elementor-spacer-inner\"><\/div>\n\t\t<\/div>\n\t\t\t\t\t\t<\/div>\n\t\t\t\t<\/div>\n\t\t\t\t<div class=\"elementor-element elementor-element-e593e44 elementor-widget elementor-widget-text-editor\" data-id=\"e593e44\" data-element_type=\"widget\" data-e-type=\"widget\" data-widget_type=\"text-editor.default\">\n\t\t\t\t<div class=\"elementor-widget-container\">\n\t\t\t\t\t\t\t\t\t<h1 class=\"wp-block-heading has-text-align-center\">\u00c9tablissement d\u2019enseignement? L\u2019accr\u00e9ditation est maintenant disponible <\/h1>\n\n<p class=\"has-text-align-center\">Communiquez avec le Coll\u00e8ge canadien de gestion de l\u2019information sur la sant\u00e9 pour en savoir plus sur l\u2019agr\u00e9ment.<\/p>\n\n<div class=\"wp-block-spacer\" style=\"height: 20px;\" aria-hidden=\"true\"> <\/div>\n\n<div class=\"wp-block-buttons\">\n\n<div class=\"wp-block-button is-style-ko\"><a class=\"wp-block-button__link wp-element-button\" href=\"https:\/\/cchim.ca\/fr\/agrement-de-programmes\/\">En savoir plus sur l\u2019agr\u00e9ment<\/a><\/div>\n\n<div class=\"wp-block-button is-style-outline\"><a class=\"wp-block-button__link wp-element-button\" href=\"https:\/\/cchim.ca\/fr\/hica-physicians\/\">D\u00e9couvrez comment HICA soutient les soins primaires<\/a><\/div>\n\n<div class=\"wp-block-button is-style-outline\"><a class=\"wp-block-button__link wp-element-button\" href=\"https:\/\/cchim.ca\/fr\/certification\/aiis\/hica-pour-les-soins-actifs\/\">D\u00e9couvrez comment HICA soutient les soins actifs<\/a><\/div>\n<\/div>\t\t\t\t\t\t\t\t<\/div>\n\t\t\t\t<\/div>\n\t\t\t\t<div class=\"elementor-element elementor-element-b29cad7 elementor-widget elementor-widget-spacer\" data-id=\"b29cad7\" data-element_type=\"widget\" data-e-type=\"widget\" data-widget_type=\"spacer.default\">\n\t\t\t\t<div class=\"elementor-widget-container\">\n\t\t\t\t\t\t\t<div class=\"elementor-spacer\">\n\t\t\t<div class=\"elementor-spacer-inner\"><\/div>\n\t\t<\/div>\n\t\t\t\t\t\t<\/div>\n\t\t\t\t<\/div>\n\t\t\t\t\t<\/div>\n\t\t\t\t<\/div>\n\t\t<div data-particle_enable=\"false\" data-particle-mobile-disabled=\"false\" class=\"elementor-element elementor-element-c8a9e9e e-flex e-con-boxed e-con e-parent\" data-id=\"c8a9e9e\" data-element_type=\"container\" data-e-type=\"container\">\n\t\t\t\t\t<div class=\"e-con-inner\">\n\t\t\t\t<div class=\"elementor-element elementor-element-7dfb42f elementor-widget elementor-widget-text-editor\" data-id=\"7dfb42f\" data-element_type=\"widget\" data-e-type=\"widget\" data-widget_type=\"text-editor.default\">\n\t\t\t\t<div class=\"elementor-widget-container\">\n\t\t\t\t\t\t\t\t\t<h2> <\/h2>\n<h1 class=\"wp-block-heading\">En savoir plus sur l\u2019examen national de certification HICA<\/h1>\n\n<p>Dans le guide des RCE de l\u2019ICCA, les sections suivantes sont pr\u00e9sent\u00e9es<\/p>\t\t\t\t\t\t\t\t<\/div>\n\t\t\t\t<\/div>\n\t\t\t\t<div class=\"elementor-element elementor-element-caaa1a5 elementor-widget elementor-widget-text-editor\" data-id=\"caaa1a5\" data-element_type=\"widget\" data-e-type=\"widget\" data-widget_type=\"text-editor.default\">\n\t\t\t\t<div class=\"elementor-widget-container\">\n\t\t\t\t\t\t\t\t\t<ul>\n<li>Section 1 : \u00c0 propos des RCE de l\u2019ICCA<\/li>\n\n<li>Section 2 : Demande d\u2019examen<\/li>\n\n<li>Section 3 : \u00c9tudier pour l\u2019examen<\/li>\n\n<li>Section 4 : Pr\u00e9paration de la journ\u00e9e d\u2019examen<\/li>\n\n<li>Section 5 : Passer l\u2019examen<\/li>\n\n<li>Section 6 : Recevoir les r\u00e9sultats<\/li>\n<\/ul>\t\t\t\t\t\t\t\t<\/div>\n\t\t\t\t<\/div>\n\t\t<div data-particle_enable=\"false\" data-particle-mobile-disabled=\"false\" class=\"elementor-element elementor-element-8a2f661 e-grid e-con-full e-con e-child\" data-id=\"8a2f661\" data-element_type=\"container\" data-e-type=\"container\">\n\t\t\t\t<div class=\"elementor-element elementor-element-8162ff1 elementor-widget elementor-widget-text-editor\" data-id=\"8162ff1\" data-element_type=\"widget\" data-e-type=\"widget\" data-widget_type=\"text-editor.default\">\n\t\t\t\t<div class=\"elementor-widget-container\">\n\t\t\t\t\t\t\t\t\t<p> <\/p>\n<p><a href=\"https:\/\/cchim.ca\/fr\/certification\/aiis\/guide-de-candidature-a-lenc-daiis\/\">Guide des RCE de l\u2019ICCA<\/a><\/p>\t\t\t\t\t\t\t\t<\/div>\n\t\t\t\t<\/div>\n\t\t\t\t<div class=\"elementor-element elementor-element-0e75f48 elementor-widget elementor-widget-text-editor\" data-id=\"0e75f48\" data-element_type=\"widget\" data-e-type=\"widget\" data-widget_type=\"text-editor.default\">\n\t\t\t\t<div class=\"elementor-widget-container\">\n\t\t\t\t\t\t\t\t\t<p> <\/p>\n<p><a href=\"https:\/\/cchim.ca\/fr\/joignez-vous-a-la-profession\/parcours-aiis\/\">Voies d\u2019acc\u00e8s de l\u2019HICA<\/a><\/p>\t\t\t\t\t\t\t\t<\/div>\n\t\t\t\t<\/div>\n\t\t\t\t<div class=\"elementor-element elementor-element-33bdf98 elementor-widget elementor-widget-text-editor\" data-id=\"33bdf98\" data-element_type=\"widget\" data-e-type=\"widget\" data-widget_type=\"text-editor.default\">\n\t\t\t\t<div class=\"elementor-widget-container\">\n\t\t\t\t\t\t\t\t\t<p> <\/p>\n<p><a href=\"https:\/\/cchim.ca\/fr\/certification\/national-certification-examinations\/nce-policies-rules-and-regulations\/\">Politiques et r\u00e8gles d\u2019examen national<\/a><\/p>\t\t\t\t\t\t\t\t<\/div>\n\t\t\t\t<\/div>\n\t\t\t\t<div class=\"elementor-element elementor-element-7edc5ed elementor-widget elementor-widget-text-editor\" data-id=\"7edc5ed\" data-element_type=\"widget\" data-e-type=\"widget\" data-widget_type=\"text-editor.default\">\n\t\t\t\t<div class=\"elementor-widget-container\">\n\t\t\t\t\t\t\t\t\t<p> <\/p>\n<p><a href=\"https:\/\/cchim.ca\/fr\/certification\/aiis\/enc-daiis-admissibilite-et-calendrier-des-examens\/\">Admissibilit\u00e9 et dates des RCE de l\u2019HICA<\/a><\/p>\t\t\t\t\t\t\t\t<\/div>\n\t\t\t\t<\/div>\n\t\t\t\t<div class=\"elementor-element elementor-element-895a9e5 elementor-widget elementor-widget-text-editor\" data-id=\"895a9e5\" data-element_type=\"widget\" data-e-type=\"widget\" data-widget_type=\"text-editor.default\">\n\t\t\t\t<div class=\"elementor-widget-container\">\n\t\t\t\t\t\t\t\t\t<p> <\/p>\n<p><a href=\"https:\/\/cchim.ca\/fr\/centre-daide-des-rce\/\">Centre d\u2019aide aux examens nationaux<\/a><\/p>\t\t\t\t\t\t\t\t<\/div>\n\t\t\t\t<\/div>\n\t\t\t\t<\/div>\n\t\t\t\t\t<\/div>\n\t\t\t\t<\/div>\n\t\t\t\t<\/div>\n\t\t","protected":false},"excerpt":{"rendered":"<p>HICA Les associ\u00e9s certifi\u00e9s en information sur la sant\u00e9 ont une compr\u00e9hension cibl\u00e9e de divers domaines de pratique. Il s\u2019agit notamment des connaissances cliniques, du professionnalisme dans les soins de sant\u00e9, de la gestion des bureaux de soins de sant\u00e9, de la technologie des&#8230;<\/p>\n","protected":false},"author":10,"featured_media":0,"parent":105,"menu_order":0,"comment_status":"closed","ping_status":"closed","template":"","meta":{"footnotes":""},"class_list":["post-877185","page","type-page","status-publish","hentry"],"yoast_head":"<!-- This site is optimized with the Yoast SEO Premium plugin v26.2 (Yoast SEO v27.3) - https:\/\/yoast.com\/product\/yoast-seo-premium-wordpress\/ -->\n<title>HICA - Canadian College of Health Information Management<\/title>\n<meta name=\"description\" content=\"HICA Les associ\u00e9s certifi\u00e9s en information sur la sant\u00e9 ont une compr\u00e9hension cibl\u00e9e de divers domaines de pratique. Il s\u2019agit notamment des connaissances\" \/>\n<meta name=\"robots\" content=\"index, follow, max-snippet:-1, max-image-preview:large, max-video-preview:-1\" \/>\n<link rel=\"canonical\" href=\"https:\/\/cchim.ca\/fr\/certification\/aiis\/\" \/>\n<meta property=\"og:locale\" content=\"fr_CA\" \/>\n<meta property=\"og:type\" content=\"article\" \/>\n<meta property=\"og:title\" content=\"HICA\" \/>\n<meta property=\"og:description\" content=\"HICA Les associ\u00e9s certifi\u00e9s en information sur la sant\u00e9 ont une compr\u00e9hension cibl\u00e9e de divers domaines de pratique. Il s\u2019agit notamment des connaissances\" \/>\n<meta property=\"og:url\" content=\"https:\/\/cchim.ca\/fr\/certification\/aiis\/\" \/>\n<meta property=\"og:site_name\" content=\"Canadian College of Health Information Management\" \/>\n<meta property=\"article:modified_time\" content=\"2025-09-05T19:01:25+00:00\" \/>\n<meta property=\"og:image\" content=\"https:\/\/cchim.ca\/wp-content\/uploads\/2024\/07\/HICA-Pamphlet-Student-Image.webp\" \/>\n\t<meta property=\"og:image:width\" content=\"336\" \/>\n\t<meta property=\"og:image:height\" content=\"782\" \/>\n\t<meta property=\"og:image:type\" content=\"image\/webp\" \/>\n<meta name=\"twitter:card\" content=\"summary_large_image\" \/>\n<meta name=\"twitter:label1\" content=\"Estimation du temps de lecture\" \/>\n\t<meta name=\"twitter:data1\" content=\"2 minutes\" \/>\n<script type=\"application\/ld+json\" class=\"yoast-schema-graph\">{\"@context\":\"https:\\\/\\\/schema.org\",\"@graph\":[{\"@type\":\"WebPage\",\"@id\":\"https:\\\/\\\/cchim.ca\\\/fr\\\/certification\\\/aiis\\\/\",\"url\":\"https:\\\/\\\/cchim.ca\\\/fr\\\/certification\\\/aiis\\\/\",\"name\":\"HICA - Canadian College of Health Information Management\",\"isPartOf\":{\"@id\":\"https:\\\/\\\/cchim.ca\\\/#website\"},\"primaryImageOfPage\":{\"@id\":\"https:\\\/\\\/cchim.ca\\\/fr\\\/certification\\\/aiis\\\/#primaryimage\"},\"image\":{\"@id\":\"https:\\\/\\\/cchim.ca\\\/fr\\\/certification\\\/aiis\\\/#primaryimage\"},\"thumbnailUrl\":\"https:\\\/\\\/cchim.ca\\\/wp-content\\\/uploads\\\/2024\\\/07\\\/HICA-Pamphlet-Student-Image.webp\",\"datePublished\":\"2022-10-19T01:07:05+00:00\",\"dateModified\":\"2025-09-05T19:01:25+00:00\",\"description\":\"HICA Les associ\u00e9s certifi\u00e9s en information sur la sant\u00e9 ont une compr\u00e9hension cibl\u00e9e de divers domaines de pratique. Il s\u2019agit notamment des connaissances\",\"breadcrumb\":{\"@id\":\"https:\\\/\\\/cchim.ca\\\/fr\\\/certification\\\/aiis\\\/#breadcrumb\"},\"inLanguage\":\"fr-CA\",\"potentialAction\":[{\"@type\":\"ReadAction\",\"target\":[\"https:\\\/\\\/cchim.ca\\\/fr\\\/certification\\\/aiis\\\/\"]}]},{\"@type\":\"ImageObject\",\"inLanguage\":\"fr-CA\",\"@id\":\"https:\\\/\\\/cchim.ca\\\/fr\\\/certification\\\/aiis\\\/#primaryimage\",\"url\":\"https:\\\/\\\/cchim.ca\\\/wp-content\\\/uploads\\\/2024\\\/07\\\/HICA-Pamphlet-Student-Image.webp\",\"contentUrl\":\"https:\\\/\\\/cchim.ca\\\/wp-content\\\/uploads\\\/2024\\\/07\\\/HICA-Pamphlet-Student-Image.webp\"},{\"@type\":\"BreadcrumbList\",\"@id\":\"https:\\\/\\\/cchim.ca\\\/fr\\\/certification\\\/aiis\\\/#breadcrumb\",\"itemListElement\":[{\"@type\":\"ListItem\",\"position\":1,\"name\":\"Home\",\"item\":\"https:\\\/\\\/cchim.ca\\\/\"},{\"@type\":\"ListItem\",\"position\":2,\"name\":\"La certification\",\"item\":\"https:\\\/\\\/cchim.ca\\\/fr\\\/certification\\\/\"},{\"@type\":\"ListItem\",\"position\":3,\"name\":\"HICA\"}]},{\"@type\":\"WebSite\",\"@id\":\"https:\\\/\\\/cchim.ca\\\/#website\",\"url\":\"https:\\\/\\\/cchim.ca\\\/\",\"name\":\"Canadian College of Health Information Management\",\"description\":\"Accrediting academic institutions and certifying health information professionals\",\"publisher\":{\"@id\":\"https:\\\/\\\/cchim.ca\\\/#organization\"},\"alternateName\":\"CCHIM\",\"potentialAction\":[{\"@type\":\"SearchAction\",\"target\":{\"@type\":\"EntryPoint\",\"urlTemplate\":\"https:\\\/\\\/cchim.ca\\\/?s={search_term_string}\"},\"query-input\":{\"@type\":\"PropertyValueSpecification\",\"valueRequired\":true,\"valueName\":\"search_term_string\"}}],\"inLanguage\":\"fr-CA\"},{\"@type\":\"Organization\",\"@id\":\"https:\\\/\\\/cchim.ca\\\/#organization\",\"name\":\"Canadian College of Health Information Management\",\"alternateName\":\"CCHIM\",\"url\":\"https:\\\/\\\/cchim.ca\\\/\",\"logo\":{\"@type\":\"ImageObject\",\"inLanguage\":\"fr-CA\",\"@id\":\"https:\\\/\\\/cchim.ca\\\/#\\\/schema\\\/logo\\\/image\\\/\",\"url\":\"https:\\\/\\\/cchim.ca\\\/wp-content\\\/uploads\\\/2020\\\/08\\\/cropped-favicon.webp\",\"contentUrl\":\"https:\\\/\\\/cchim.ca\\\/wp-content\\\/uploads\\\/2020\\\/08\\\/cropped-favicon.webp\",\"width\":512,\"height\":512,\"caption\":\"Canadian College of Health Information Management\"},\"image\":{\"@id\":\"https:\\\/\\\/cchim.ca\\\/#\\\/schema\\\/logo\\\/image\\\/\"},\"description\":\"Canadian College of Health Information Management\",\"email\":\"support@echima.ca\",\"legalName\":\"Canadian College of Health Information Management\",\"foundingDate\":\"1972-09-07\",\"numberOfEmployees\":{\"@type\":\"QuantitativeValue\",\"minValue\":\"11\",\"maxValue\":\"50\"}}]}<\/script>\n<!-- \/ Yoast SEO Premium plugin. -->","yoast_head_json":{"title":"HICA - Canadian College of Health Information Management","description":"HICA Les associ\u00e9s certifi\u00e9s en information sur la sant\u00e9 ont une compr\u00e9hension cibl\u00e9e de divers domaines de pratique. Il s\u2019agit notamment des connaissances","robots":{"index":"index","follow":"follow","max-snippet":"max-snippet:-1","max-image-preview":"max-image-preview:large","max-video-preview":"max-video-preview:-1"},"canonical":"https:\/\/cchim.ca\/fr\/certification\/aiis\/","og_locale":"fr_CA","og_type":"article","og_title":"HICA","og_description":"HICA Les associ\u00e9s certifi\u00e9s en information sur la sant\u00e9 ont une compr\u00e9hension cibl\u00e9e de divers domaines de pratique. Il s\u2019agit notamment des connaissances","og_url":"https:\/\/cchim.ca\/fr\/certification\/aiis\/","og_site_name":"Canadian College of Health Information Management","article_modified_time":"2025-09-05T19:01:25+00:00","og_image":[{"width":336,"height":782,"url":"https:\/\/cchim.ca\/wp-content\/uploads\/2024\/07\/HICA-Pamphlet-Student-Image.webp","type":"image\/webp"}],"twitter_card":"summary_large_image","twitter_misc":{"Estimation du temps de lecture":"2 minutes"},"schema":{"@context":"https:\/\/schema.org","@graph":[{"@type":"WebPage","@id":"https:\/\/cchim.ca\/fr\/certification\/aiis\/","url":"https:\/\/cchim.ca\/fr\/certification\/aiis\/","name":"HICA - Canadian College of Health Information Management","isPartOf":{"@id":"https:\/\/cchim.ca\/#website"},"primaryImageOfPage":{"@id":"https:\/\/cchim.ca\/fr\/certification\/aiis\/#primaryimage"},"image":{"@id":"https:\/\/cchim.ca\/fr\/certification\/aiis\/#primaryimage"},"thumbnailUrl":"https:\/\/cchim.ca\/wp-content\/uploads\/2024\/07\/HICA-Pamphlet-Student-Image.webp","datePublished":"2022-10-19T01:07:05+00:00","dateModified":"2025-09-05T19:01:25+00:00","description":"HICA Les associ\u00e9s certifi\u00e9s en information sur la sant\u00e9 ont une compr\u00e9hension cibl\u00e9e de divers domaines de pratique. Il s\u2019agit notamment des connaissances","breadcrumb":{"@id":"https:\/\/cchim.ca\/fr\/certification\/aiis\/#breadcrumb"},"inLanguage":"fr-CA","potentialAction":[{"@type":"ReadAction","target":["https:\/\/cchim.ca\/fr\/certification\/aiis\/"]}]},{"@type":"ImageObject","inLanguage":"fr-CA","@id":"https:\/\/cchim.ca\/fr\/certification\/aiis\/#primaryimage","url":"https:\/\/cchim.ca\/wp-content\/uploads\/2024\/07\/HICA-Pamphlet-Student-Image.webp","contentUrl":"https:\/\/cchim.ca\/wp-content\/uploads\/2024\/07\/HICA-Pamphlet-Student-Image.webp"},{"@type":"BreadcrumbList","@id":"https:\/\/cchim.ca\/fr\/certification\/aiis\/#breadcrumb","itemListElement":[{"@type":"ListItem","position":1,"name":"Home","item":"https:\/\/cchim.ca\/"},{"@type":"ListItem","position":2,"name":"La certification","item":"https:\/\/cchim.ca\/fr\/certification\/"},{"@type":"ListItem","position":3,"name":"HICA"}]},{"@type":"WebSite","@id":"https:\/\/cchim.ca\/#website","url":"https:\/\/cchim.ca\/","name":"Canadian College of Health Information Management","description":"Accrediting academic institutions and certifying health information professionals","publisher":{"@id":"https:\/\/cchim.ca\/#organization"},"alternateName":"CCHIM","potentialAction":[{"@type":"SearchAction","target":{"@type":"EntryPoint","urlTemplate":"https:\/\/cchim.ca\/?s={search_term_string}"},"query-input":{"@type":"PropertyValueSpecification","valueRequired":true,"valueName":"search_term_string"}}],"inLanguage":"fr-CA"},{"@type":"Organization","@id":"https:\/\/cchim.ca\/#organization","name":"Canadian College of Health Information Management","alternateName":"CCHIM","url":"https:\/\/cchim.ca\/","logo":{"@type":"ImageObject","inLanguage":"fr-CA","@id":"https:\/\/cchim.ca\/#\/schema\/logo\/image\/","url":"https:\/\/cchim.ca\/wp-content\/uploads\/2020\/08\/cropped-favicon.webp","contentUrl":"https:\/\/cchim.ca\/wp-content\/uploads\/2020\/08\/cropped-favicon.webp","width":512,"height":512,"caption":"Canadian College of Health Information Management"},"image":{"@id":"https:\/\/cchim.ca\/#\/schema\/logo\/image\/"},"description":"Canadian College of Health Information Management","email":"support@echima.ca","legalName":"Canadian College of Health Information Management","foundingDate":"1972-09-07","numberOfEmployees":{"@type":"QuantitativeValue","minValue":"11","maxValue":"50"}}]}},"_links":{"self":[{"href":"https:\/\/cchim.ca\/fr\/wp-json\/wp\/v2\/pages\/877185","targetHints":{"allow":["GET"]}}],"collection":[{"href":"https:\/\/cchim.ca\/fr\/wp-json\/wp\/v2\/pages"}],"about":[{"href":"https:\/\/cchim.ca\/fr\/wp-json\/wp\/v2\/types\/page"}],"author":[{"embeddable":true,"href":"https:\/\/cchim.ca\/fr\/wp-json\/wp\/v2\/users\/10"}],"replies":[{"embeddable":true,"href":"https:\/\/cchim.ca\/fr\/wp-json\/wp\/v2\/comments?post=877185"}],"version-history":[{"count":0,"href":"https:\/\/cchim.ca\/fr\/wp-json\/wp\/v2\/pages\/877185\/revisions"}],"up":[{"embeddable":true,"href":"https:\/\/cchim.ca\/fr\/wp-json\/wp\/v2\/pages\/105"}],"wp:attachment":[{"href":"https:\/\/cchim.ca\/fr\/wp-json\/wp\/v2\/media?parent=877185"}],"curies":[{"name":"wp","href":"https:\/\/api.w.org\/{rel}","templated":true}]}}