{"id":874398,"date":"2020-08-20T13:54:07","date_gmt":"2020-08-20T17:54:07","guid":{"rendered":"https:\/\/cchim.ca\/?page_id=874398"},"modified":"2024-09-14T15:48:55","modified_gmt":"2024-09-14T19:48:55","slug":"professionnels-internationaux","status":"publish","type":"page","link":"https:\/\/cchim.ca\/fr\/joignez-vous-a-la-profession\/parcours-cgis\/professionnels-internationaux\/","title":{"rendered":"Professionnels internationaux"},"content":{"rendered":"\n<h2 class=\"wp-block-heading\"><span class=\"is-style-slug\"><\/span><\/h2>\n\n<h2 class=\"wp-block-heading\" id=\"join-the-professioninternational-professionals\"><span class=\"is-style-slug\">Joignez-vous \u00e0 la profession<\/span>Professionnels internationaux<\/h2>\n\n<div class=\"wp-block-pb-section alignfull is-style-dark-pattern\"><div class=\"o-container\">\n<div class=\"o-row\">\n<div class=\"o-col u-6of12-md\">\n<figure class=\"wp-block-image size-large is-style-default\"><img fetchpriority=\"high\" decoding=\"async\" width=\"940\" height=\"627\" src=\"https:\/\/cchim.ca\/wp-content\/uploads\/2021\/01\/AdobeStock_320468236-copy-940x627.webp\" alt=\"Matin charg&#xE9;.&#10;Vue lat&#xE9;rale d&#x2019;un jeune d&#xE9;veloppeur Web dans un fauteuil roulant codant sur plusieurs &#xE9;crans d&#x2019;ordinateur et buvant du caf&#xE9; alors qu&#x2019;il &#xE9;tait assis sur son lieu de travail dans le bureau moderne \" class=\"wp-image-868829\" srcset=\"https:\/\/cchim.ca\/wp-content\/uploads\/2021\/01\/AdobeStock_320468236-copy-940x627.webp 940w, https:\/\/cchim.ca\/wp-content\/uploads\/2021\/01\/AdobeStock_320468236-copy-650x434.webp 650w, https:\/\/cchim.ca\/wp-content\/uploads\/2021\/01\/AdobeStock_320468236-copy-768x512.webp 768w, https:\/\/cchim.ca\/wp-content\/uploads\/2021\/01\/AdobeStock_320468236-copy.webp 1400w\" sizes=\"(max-width: 940px) 100vw, 940px\" \/><\/figure>\n<\/div>\n\n\n\n<div class=\"o-col u-6of12-md\">\n<div style=\"height:43px\" aria-hidden=\"true\" class=\"wp-block-spacer\"><\/div>\n\n\n\n<h2 class=\"wp-block-heading\" id=\"looking-to-earn-a-chim-designation-and-work-in-canada\">Vous cherchez \u00e0 obtenir une d\u00e9signation CHIM et \u00e0 travailler au Canada\u00a0?<\/h2>\n\n\n\n<p>Les professionnels internationaux peuvent choisir parmi une vari\u00e9t\u00e9 de programmes \u00e0 travers le Canada pour en apprendre davantage sur la gestion de l\u2019information sur la sant\u00e9.\nCommuniquez directement avec un partenaire en \u00e9ducation pour en savoir plus sur son programme.   <\/p>\n\n\n\n<div class=\"wp-block-buttons is-layout-flex wp-block-buttons-is-layout-flex\">\n<div class=\"wp-block-button is-style-ko\"><a class=\"wp-block-button__link\" href=\"https:\/\/cchim.ca\/program-directory\/\" target=\"_blank\" rel=\"noreferrer noopener\">Voir le r\u00e9pertoire des programmes<\/a><\/div>\n<\/div>\n\n\n\n<p>Lisez la foire aux questions et r\u00e9ponses ci-dessous pour obtenir de plus amples renseignements sur la fa\u00e7on d\u2019obtenir la certification au Canada.<\/p>\n<\/div>\n<\/div>\n<\/div><\/div>\n\n<div style=\"height:55px\" aria-hidden=\"true\" class=\"wp-block-spacer\"><\/div>\n\n<div class=\"o-row u-justify-content-center\">\n<div class=\"o-col u-8of12-md\">\n<figure class=\"wp-block-embed is-type-video is-provider-vimeo wp-block-embed-vimeo wp-embed-aspect-16-9 wp-has-aspect-ratio\"><div class=\"wp-block-embed__wrapper\"> \n<iframe title=\"Canadian College of Health Information Management\" src=\"https:\/\/player.vimeo.com\/video\/465843762?h=a366fc7817&amp;dnt=1&amp;app_id=122963\" width=\"940\" height=\"529\" frameborder=\"0\" allow=\"autoplay; fullscreen; picture-in-picture\" allowfullscreen><\/iframe>\n <\/div><\/figure>\n<\/div>\n<\/div>\n\n<div style=\"height:50px\" aria-hidden=\"true\" class=\"wp-block-spacer\"><\/div>\n\n<h2 class=\"has-text-align-center wp-block-heading\" id=\"stay-informed\">Restez inform\u00e9<\/h2>\n\n<p class=\"has-text-align-center\">Abonnez-vous pour obtenir des mises \u00e0 jour sur la profession de l\u2019information sur la sant\u00e9 de l\u2019ACIDS, l\u2019association de gestion de l\u2019information sur la sant\u00e9 du Canada.  <\/p>\n\n<div class=\"wp-block-buttons alignfull is-horizontal is-content-justification-center is-layout-flex wp-container-core-buttons-is-layout-499968f5 wp-block-buttons-is-layout-flex\">\n<div class=\"wp-block-button\"><a class=\"wp-block-button__link\" href=\"https:\/\/www.echima.ca\/subscribe-to-hear-from-chima\/\" target=\"_blank\" rel=\"noreferrer noopener\">Abonnez-vous aux courriels de l\u2019ACIDS<\/a><\/div>\n<\/div>\n\n<div style=\"height:50px\" aria-hidden=\"true\" class=\"wp-block-spacer\"><\/div>\n\n<h2 class=\"wp-block-heading\" id=\"frequently-asked-questions\">Foire aux questions<\/h2>\n\n<h2 class=\"wp-block-heading\"><span class=\"is-style-slug\"><\/span><\/h2>\n\n<div class=\"wp-block-pb-accordion-item c-accordion__item js-accordion-item no-js\" data-initially-open=\"false\" data-click-to-close=\"true\" data-auto-close=\"true\" data-scroll=\"false\" data-scroll-offset=\"0\"><h2 id=\"at-2230\" class=\"c-accordion__title js-accordion-controller\" role=\"button\">What professional designations are accepted through the AHIMA, HIMAA, or KAHIME reciprocal agreements?<\/h2><div id=\"ac-2230\" class=\"c-accordion__content\">\n<p>AHIMA \u2014 RHIT, RHIA<br\/>HIMAA : CHIM<br\/>KAHIME\u00a0: LUI<\/p>\n\n\n\n<div class=\"wp-block-buttons is-layout-flex wp-block-buttons-is-layout-flex\"><\/div>\n<\/div><\/div>\n\n<div class=\"wp-block-pb-accordion-item c-accordion__item js-accordion-item no-js\" data-initially-open=\"false\" data-click-to-close=\"true\" data-auto-close=\"true\" data-scroll=\"false\" data-scroll-offset=\"0\"><h2 id=\"at-2231\" class=\"c-accordion__title js-accordion-controller\" role=\"button\">I&rsquo;m interested in learning more. Where can I find the program directory?<\/h2><div id=\"ac-2231\" class=\"c-accordion__content\">\n<p>Veuillez cliquer sur le bouton ci-dessous pour acc\u00e9der au r\u00e9pertoire du programme et voir tous les programmes accr\u00e9dit\u00e9s HIM et Health Information Fundamentals.  <\/p>\n\n\n\n<div class=\"wp-block-buttons is-layout-flex wp-block-buttons-is-layout-flex\">\n<div class=\"wp-block-button\"><a class=\"wp-block-button__link\" href=\"https:\/\/cchim.ca\/program-directory\/?education==health-information-management====\">R\u00e9pertoire des programmes<\/a><\/div>\n<\/div>\n<\/div><\/div>\n\n<div class=\"wp-block-pb-accordion-item c-accordion__item js-accordion-item no-js\" data-initially-open=\"false\" data-click-to-close=\"true\" data-auto-close=\"true\" data-scroll=\"false\" data-scroll-offset=\"0\"><h2 id=\"at-2232\" class=\"c-accordion__title js-accordion-controller\" role=\"button\">Should I choose a certificate, diploma, or degree-level program?<\/h2><div id=\"ac-2232\" class=\"c-accordion__content\">\n<p>Cela d\u00e9pendra de vos int\u00e9r\u00eats, de vos objectifs de carri\u00e8re et des investissements financiers et de temps que vous \u00eates pr\u00eat \u00e0 faire.<\/p>\n\n\n\n<p>Un programme agr\u00e9\u00e9 de dipl\u00f4me en gestion de l\u2019information sur la sant\u00e9 fournit aux \u00e9tudiants la formation technique dont ils ont besoin pour entrer dans la profession dans des r\u00f4les tels qu\u2019un sp\u00e9cialiste de la classification et du codage ou de la gestion des graphiques, un analyste de la divulgation d\u2019informations ou de la confidentialit\u00e9, un abstractor de dossiers de sant\u00e9, et plus encore.\nCes programmes durent g\u00e9n\u00e9ralement deux ans. <\/p>\n\n\n\n<p>Un programme agr\u00e9\u00e9 de dipl\u00f4me en gestion de l\u2019information sur la sant\u00e9 offre aux \u00e9tudiants un m\u00e9lange de formation th\u00e9orique et de formation fond\u00e9e sur les applications.\nLes dipl\u00f4m\u00e9s peuvent entrer dans la profession \u00e0 un niveau interm\u00e9diaire dans des r\u00f4les tels que l\u2019aide \u00e0 la d\u00e9cision, la protection de la vie priv\u00e9e ou l\u2019analyste de la gestion de l\u2019information, le sp\u00e9cialiste des normes d\u2019information, le responsable de la transition et de la gestion du changement, et plus encore.\nCes programmes durent g\u00e9n\u00e9ralement de trois \u00e0 quatre ans.    <\/p>\n\n\n\n<p>Un programme agr\u00e9\u00e9 de gestion de l\u2019information sur la sant\u00e9 offre un m\u00e9lange de th\u00e9orie et de formation bas\u00e9e sur les applications.\nLes dipl\u00f4m\u00e9s peuvent entrer dans la profession \u00e0 un niveau interm\u00e9diaire dans des r\u00f4les tels que l\u2019aide \u00e0 la d\u00e9cision, la protection de la vie priv\u00e9e ou l\u2019analyste de la gestion de l\u2019information, le sp\u00e9cialiste des normes d\u2019information, le responsable de la transition et de la gestion du changement, et plus encore.\nCes programmes durent g\u00e9n\u00e9ralement de 3 \u00e0 4 ans.  <\/p>\n\n\n\n<p>Il est important de noter qu\u2019une combinaison d\u2019\u00e9tudes, de qualifications, de comp\u00e9tences et d\u2019exp\u00e9riences est prise en compte dans la d\u00e9cision d\u2019embauche d\u2019un employeur.  <\/p>\n\n\n\n\n<\/div><\/div>\n\n<div class=\"wp-block-pb-accordion-item c-accordion__item js-accordion-item no-js\" data-initially-open=\"false\" data-click-to-close=\"true\" data-auto-close=\"true\" data-scroll=\"false\" data-scroll-offset=\"0\"><h2 id=\"at-2233\" class=\"c-accordion__title js-accordion-controller\" role=\"button\">Where can I learn about a program&rsquo;s format, duration, tuition costs, and more?<\/h2><div id=\"ac-2233\" class=\"c-accordion__content\">\n<p>Pour obtenir des renseignements comme le format du programme, la dur\u00e9e et les frais de scolarit\u00e9, veuillez consulter la page du programme de l\u2019\u00e9tablissement d\u2019enseignement.<\/p>\n\n\n\n<p>Veuillez cliquer sur le bouton ci-dessous pour acc\u00e9der au r\u00e9pertoire des programmes et voir tous les programmes HIM accr\u00e9dit\u00e9s.\nCe r\u00e9pertoire peut \u00eatre filtr\u00e9 en fonction du niveau d\u2019\u00e9ducation, du type, de l\u2019emplacement, de la m\u00e9thode de prestation et du statut du coll\u00e8ge. <\/p>\n\n\n\n<div class=\"wp-block-buttons is-layout-flex wp-block-buttons-is-layout-flex\">\n<div class=\"wp-block-button\"><a class=\"wp-block-button__link\" href=\"https:\/\/cchim.ca\/program-directory\/?education==health-information-management====\">Voir le r\u00e9pertoire des programmes<\/a><\/div>\n<\/div>\n\n\n\n\n<\/div><\/div>\n\n<div class=\"wp-block-pb-accordion-item c-accordion__item js-accordion-item no-js\" data-initially-open=\"false\" data-click-to-close=\"true\" data-auto-close=\"true\" data-scroll=\"false\" data-scroll-offset=\"0\"><h2 id=\"at-2234\" class=\"c-accordion__title js-accordion-controller\" role=\"button\">What is the best school and program to select?<\/h2><div id=\"ac-2234\" class=\"c-accordion__content\">\n<p>Tous nos partenaires de l\u2019\u00e9ducation ont pass\u00e9 par un processus rigoureux d\u2019accr\u00e9ditation du programme et sont adapt\u00e9s pour pr\u00e9parer les \u00e9tudiants \u00e0 \u00e9crire le CHIM NCE.\nVeuillez visiter notre r\u00e9pertoire de programmes et contacter les \u00e9coles qui vous int\u00e9ressent ici\u00a0: <a href=\"\">https:\/\/cchim.ca\/program-directory\/<\/a>. <\/p>\n\n\n\n<div class=\"wp-block-buttons is-layout-flex wp-block-buttons-is-layout-flex\"><\/div>\n\n\n\n\n<\/div><\/div>\n\n<div class=\"wp-block-pb-accordion-item c-accordion__item js-accordion-item no-js\" data-initially-open=\"false\" data-click-to-close=\"true\" data-auto-close=\"true\" data-scroll=\"false\" data-scroll-offset=\"0\"><h2 id=\"at-2235\" class=\"c-accordion__title js-accordion-controller\" role=\"button\">Does every accredited program have a work placement or practicum?<\/h2><div id=\"ac-2235\" class=\"c-accordion__content\">\n<p><meta charset=\"utf-8\"\/>Les programmes de dipl\u00f4me et de grade HIM accr\u00e9dit\u00e9s exigent une exp\u00e9rience pratique avant l\u2019obtention du dipl\u00f4me.\nVeuillez consulter le programme d\u2019int\u00e9r\u00eat pour en savoir plus sur cette exigence ou sur tout changement apport\u00e9 en raison de la pand\u00e9mie.  <\/p>\n\n\n\n<div class=\"wp-block-buttons is-layout-flex wp-block-buttons-is-layout-flex\">\n<div class=\"wp-block-button\"><a class=\"wp-block-button__link\" href=\"https:\/\/cchim.ca\/program-directory\/?education==health-information-management====\">Voir le r\u00e9pertoire des programmes<\/a><\/div>\n<\/div>\n\n\n\n\n\n\n\n\n<\/div><\/div>\n\n<div class=\"wp-block-pb-accordion-item c-accordion__item js-accordion-item no-js\" data-initially-open=\"false\" data-click-to-close=\"true\" data-auto-close=\"true\" data-scroll=\"false\" data-scroll-offset=\"0\"><h2 id=\"at-2236\" class=\"c-accordion__title js-accordion-controller\" role=\"button\">Can I write the CHIM NCE before I graduate from an HIM program?<\/h2><div id=\"ac-2236\" class=\"c-accordion__content\">\n<p><meta charset=\"utf-8\"\/>Non.\nNous reconnaissons qu\u2019il est particuli\u00e8rement difficile de trouver un stage pendant la pand\u00e9mie.\nCependant, votre obligation d\u2019obtenir votre dipl\u00f4me de votre programme HIM doit toujours \u00eatre remplie avant que vous puissiez \u00e9crire le CHIM NCE.\nVeuillez v\u00e9rifier aupr\u00e8s de votre \u00e9cole pour conna\u00eetre toute modification apport\u00e9e aux options ou aux exigences de stage pendant la pand\u00e9mie.   <\/p>\n\n\n\n\n<\/div><\/div>\n\n<div class=\"wp-block-pb-accordion-item c-accordion__item js-accordion-item no-js\" data-initially-open=\"false\" data-click-to-close=\"true\" data-auto-close=\"true\" data-scroll=\"false\" data-scroll-offset=\"0\"><h2 id=\"at-2237\" class=\"c-accordion__title js-accordion-controller\" role=\"button\">If I graduate from an accredited Health Information Fundamentals or HIM program, can I become a Certified Health Information Management (CHIM) professional?<\/h2><div id=\"ac-2237\" class=\"c-accordion__content\">\n<p>Les dipl\u00f4m\u00e9s des programmes him accr\u00e9dit\u00e9s sont admissibles \u00e0 passer l\u2019examen national de certification CHIM.\nPour en savoir plus sur la certification, cliquez sur le bouton ci-dessous. <\/p>\n\n\n\n<div class=\"wp-block-buttons is-layout-flex wp-block-buttons-is-layout-flex\">\n<div class=\"wp-block-button\"><a class=\"wp-block-button__link\" href=\"https:\/\/cchim.ca\/fr\/certification\/chim\/\">Apprenez-en plus sur la fa\u00e7on de devenir un professionnel CHIM<\/a><\/div>\n<\/div>\n<\/div><\/div>\n","protected":false},"excerpt":{"rendered":"<p>Joignez-vous \u00e0 la professionProfessionnels internationaux Restez inform\u00e9 Abonnez-vous pour obtenir des mises \u00e0 jour sur la profession de l\u2019information sur la sant\u00e9 de l\u2019ACIDS, l\u2019association de gestion de l\u2019information sur la sant\u00e9 du Canada. Foire aux questions<\/p>\n","protected":false},"author":8,"featured_media":0,"parent":877336,"menu_order":10,"comment_status":"closed","ping_status":"closed","template":"","meta":{"footnotes":""},"class_list":["post-874398","page","type-page","status-publish","hentry"],"yoast_head":"<!-- This site is optimized with the Yoast SEO Premium plugin v26.2 (Yoast SEO v27.3) - https:\/\/yoast.com\/product\/yoast-seo-premium-wordpress\/ -->\n<title>Professionnels internationaux - Canadian College of Health Information Management<\/title>\n<meta name=\"description\" content=\"Joignez-vous \u00e0 la professionProfessionnels internationaux Vous cherchez \u00e0 obtenir une d\u00e9signation CHIM et \u00e0 travailler au Canada\u00a0? Les professionnels\" \/>\n<meta name=\"robots\" content=\"index, follow, max-snippet:-1, max-image-preview:large, max-video-preview:-1\" \/>\n<link rel=\"canonical\" href=\"https:\/\/cchim.ca\/fr\/joignez-vous-a-la-profession\/parcours-cgis\/professionnels-internationaux\/\" \/>\n<meta property=\"og:locale\" content=\"fr_CA\" \/>\n<meta property=\"og:type\" content=\"article\" \/>\n<meta property=\"og:title\" content=\"Professionnels internationaux\" \/>\n<meta property=\"og:description\" content=\"Joignez-vous \u00e0 la professionProfessionnels internationaux Vous cherchez \u00e0 obtenir une d\u00e9signation CHIM et \u00e0 travailler au Canada\u00a0? Les professionnels\" \/>\n<meta property=\"og:url\" content=\"https:\/\/cchim.ca\/fr\/joignez-vous-a-la-profession\/parcours-cgis\/professionnels-internationaux\/\" \/>\n<meta property=\"og:site_name\" content=\"Canadian College of Health Information Management\" \/>\n<meta property=\"article:modified_time\" content=\"2024-09-14T19:48:55+00:00\" \/>\n<meta property=\"og:image\" content=\"https:\/\/cchim.ca\/wp-content\/uploads\/2021\/01\/AdobeStock_320468236-copy-940x627.webp\" \/>\n<meta name=\"twitter:card\" content=\"summary_large_image\" \/>\n<meta name=\"twitter:label1\" content=\"Estimation du temps de lecture\" \/>\n\t<meta name=\"twitter:data1\" content=\"4 minutes\" \/>\n<script type=\"application\/ld+json\" class=\"yoast-schema-graph\">{\"@context\":\"https:\\\/\\\/schema.org\",\"@graph\":[{\"@type\":\"WebPage\",\"@id\":\"https:\\\/\\\/cchim.ca\\\/fr\\\/joignez-vous-a-la-profession\\\/parcours-cgis\\\/professionnels-internationaux\\\/\",\"url\":\"https:\\\/\\\/cchim.ca\\\/fr\\\/joignez-vous-a-la-profession\\\/parcours-cgis\\\/professionnels-internationaux\\\/\",\"name\":\"Professionnels internationaux - Canadian College of Health Information Management\",\"isPartOf\":{\"@id\":\"https:\\\/\\\/cchim.ca\\\/#website\"},\"primaryImageOfPage\":{\"@id\":\"https:\\\/\\\/cchim.ca\\\/fr\\\/joignez-vous-a-la-profession\\\/parcours-cgis\\\/professionnels-internationaux\\\/#primaryimage\"},\"image\":{\"@id\":\"https:\\\/\\\/cchim.ca\\\/fr\\\/joignez-vous-a-la-profession\\\/parcours-cgis\\\/professionnels-internationaux\\\/#primaryimage\"},\"thumbnailUrl\":\"https:\\\/\\\/cchim.ca\\\/wp-content\\\/uploads\\\/2021\\\/01\\\/AdobeStock_320468236-copy-940x627.webp\",\"datePublished\":\"2020-08-20T17:54:07+00:00\",\"dateModified\":\"2024-09-14T19:48:55+00:00\",\"description\":\"Joignez-vous \u00e0 la professionProfessionnels internationaux Vous cherchez \u00e0 obtenir une d\u00e9signation CHIM et \u00e0 travailler au Canada\u00a0? Les professionnels\",\"breadcrumb\":{\"@id\":\"https:\\\/\\\/cchim.ca\\\/fr\\\/joignez-vous-a-la-profession\\\/parcours-cgis\\\/professionnels-internationaux\\\/#breadcrumb\"},\"inLanguage\":\"fr-CA\",\"potentialAction\":[{\"@type\":\"ReadAction\",\"target\":[\"https:\\\/\\\/cchim.ca\\\/fr\\\/joignez-vous-a-la-profession\\\/parcours-cgis\\\/professionnels-internationaux\\\/\"]}]},{\"@type\":\"ImageObject\",\"inLanguage\":\"fr-CA\",\"@id\":\"https:\\\/\\\/cchim.ca\\\/fr\\\/joignez-vous-a-la-profession\\\/parcours-cgis\\\/professionnels-internationaux\\\/#primaryimage\",\"url\":\"https:\\\/\\\/cchim.ca\\\/wp-content\\\/uploads\\\/2021\\\/01\\\/AdobeStock_320468236-copy-940x627.webp\",\"contentUrl\":\"https:\\\/\\\/cchim.ca\\\/wp-content\\\/uploads\\\/2021\\\/01\\\/AdobeStock_320468236-copy-940x627.webp\"},{\"@type\":\"BreadcrumbList\",\"@id\":\"https:\\\/\\\/cchim.ca\\\/fr\\\/joignez-vous-a-la-profession\\\/parcours-cgis\\\/professionnels-internationaux\\\/#breadcrumb\",\"itemListElement\":[{\"@type\":\"ListItem\",\"position\":1,\"name\":\"Home\",\"item\":\"https:\\\/\\\/cchim.ca\\\/\"},{\"@type\":\"ListItem\",\"position\":2,\"name\":\"Joignez-vous \u00e0 la profession\",\"item\":\"https:\\\/\\\/cchim.ca\\\/fr\\\/joignez-vous-a-la-profession\\\/\"},{\"@type\":\"ListItem\",\"position\":3,\"name\":\"Voies CHIM\",\"item\":\"https:\\\/\\\/cchim.ca\\\/fr\\\/joignez-vous-a-la-profession\\\/parcours-cgis\\\/\"},{\"@type\":\"ListItem\",\"position\":4,\"name\":\"Professionnels internationaux\"}]},{\"@type\":\"WebSite\",\"@id\":\"https:\\\/\\\/cchim.ca\\\/#website\",\"url\":\"https:\\\/\\\/cchim.ca\\\/\",\"name\":\"Canadian College of Health Information Management\",\"description\":\"Accrediting academic institutions and certifying health information professionals\",\"publisher\":{\"@id\":\"https:\\\/\\\/cchim.ca\\\/#organization\"},\"alternateName\":\"CCHIM\",\"potentialAction\":[{\"@type\":\"SearchAction\",\"target\":{\"@type\":\"EntryPoint\",\"urlTemplate\":\"https:\\\/\\\/cchim.ca\\\/?s={search_term_string}\"},\"query-input\":{\"@type\":\"PropertyValueSpecification\",\"valueRequired\":true,\"valueName\":\"search_term_string\"}}],\"inLanguage\":\"fr-CA\"},{\"@type\":\"Organization\",\"@id\":\"https:\\\/\\\/cchim.ca\\\/#organization\",\"name\":\"Canadian College of Health Information Management\",\"alternateName\":\"CCHIM\",\"url\":\"https:\\\/\\\/cchim.ca\\\/\",\"logo\":{\"@type\":\"ImageObject\",\"inLanguage\":\"fr-CA\",\"@id\":\"https:\\\/\\\/cchim.ca\\\/#\\\/schema\\\/logo\\\/image\\\/\",\"url\":\"https:\\\/\\\/cchim.ca\\\/wp-content\\\/uploads\\\/2020\\\/08\\\/cropped-favicon.webp\",\"contentUrl\":\"https:\\\/\\\/cchim.ca\\\/wp-content\\\/uploads\\\/2020\\\/08\\\/cropped-favicon.webp\",\"width\":512,\"height\":512,\"caption\":\"Canadian College of Health Information Management\"},\"image\":{\"@id\":\"https:\\\/\\\/cchim.ca\\\/#\\\/schema\\\/logo\\\/image\\\/\"},\"description\":\"Canadian College of Health Information Management\",\"email\":\"support@echima.ca\",\"legalName\":\"Canadian College of Health Information Management\",\"foundingDate\":\"1972-09-07\",\"numberOfEmployees\":{\"@type\":\"QuantitativeValue\",\"minValue\":\"11\",\"maxValue\":\"50\"}}]}<\/script>\n<!-- \/ Yoast SEO Premium plugin. -->","yoast_head_json":{"title":"Professionnels internationaux - Canadian College of Health Information Management","description":"Joignez-vous \u00e0 la professionProfessionnels internationaux Vous cherchez \u00e0 obtenir une d\u00e9signation CHIM et \u00e0 travailler au Canada\u00a0? Les professionnels","robots":{"index":"index","follow":"follow","max-snippet":"max-snippet:-1","max-image-preview":"max-image-preview:large","max-video-preview":"max-video-preview:-1"},"canonical":"https:\/\/cchim.ca\/fr\/joignez-vous-a-la-profession\/parcours-cgis\/professionnels-internationaux\/","og_locale":"fr_CA","og_type":"article","og_title":"Professionnels internationaux","og_description":"Joignez-vous \u00e0 la professionProfessionnels internationaux Vous cherchez \u00e0 obtenir une d\u00e9signation CHIM et \u00e0 travailler au Canada\u00a0? Les professionnels","og_url":"https:\/\/cchim.ca\/fr\/joignez-vous-a-la-profession\/parcours-cgis\/professionnels-internationaux\/","og_site_name":"Canadian College of Health Information Management","article_modified_time":"2024-09-14T19:48:55+00:00","og_image":[{"url":"https:\/\/cchim.ca\/wp-content\/uploads\/2021\/01\/AdobeStock_320468236-copy-940x627.webp","type":"","width":"","height":""}],"twitter_card":"summary_large_image","twitter_misc":{"Estimation du temps de lecture":"4 minutes"},"schema":{"@context":"https:\/\/schema.org","@graph":[{"@type":"WebPage","@id":"https:\/\/cchim.ca\/fr\/joignez-vous-a-la-profession\/parcours-cgis\/professionnels-internationaux\/","url":"https:\/\/cchim.ca\/fr\/joignez-vous-a-la-profession\/parcours-cgis\/professionnels-internationaux\/","name":"Professionnels internationaux - Canadian College of Health Information Management","isPartOf":{"@id":"https:\/\/cchim.ca\/#website"},"primaryImageOfPage":{"@id":"https:\/\/cchim.ca\/fr\/joignez-vous-a-la-profession\/parcours-cgis\/professionnels-internationaux\/#primaryimage"},"image":{"@id":"https:\/\/cchim.ca\/fr\/joignez-vous-a-la-profession\/parcours-cgis\/professionnels-internationaux\/#primaryimage"},"thumbnailUrl":"https:\/\/cchim.ca\/wp-content\/uploads\/2021\/01\/AdobeStock_320468236-copy-940x627.webp","datePublished":"2020-08-20T17:54:07+00:00","dateModified":"2024-09-14T19:48:55+00:00","description":"Joignez-vous \u00e0 la professionProfessionnels internationaux Vous cherchez \u00e0 obtenir une d\u00e9signation CHIM et \u00e0 travailler au Canada\u00a0? Les professionnels","breadcrumb":{"@id":"https:\/\/cchim.ca\/fr\/joignez-vous-a-la-profession\/parcours-cgis\/professionnels-internationaux\/#breadcrumb"},"inLanguage":"fr-CA","potentialAction":[{"@type":"ReadAction","target":["https:\/\/cchim.ca\/fr\/joignez-vous-a-la-profession\/parcours-cgis\/professionnels-internationaux\/"]}]},{"@type":"ImageObject","inLanguage":"fr-CA","@id":"https:\/\/cchim.ca\/fr\/joignez-vous-a-la-profession\/parcours-cgis\/professionnels-internationaux\/#primaryimage","url":"https:\/\/cchim.ca\/wp-content\/uploads\/2021\/01\/AdobeStock_320468236-copy-940x627.webp","contentUrl":"https:\/\/cchim.ca\/wp-content\/uploads\/2021\/01\/AdobeStock_320468236-copy-940x627.webp"},{"@type":"BreadcrumbList","@id":"https:\/\/cchim.ca\/fr\/joignez-vous-a-la-profession\/parcours-cgis\/professionnels-internationaux\/#breadcrumb","itemListElement":[{"@type":"ListItem","position":1,"name":"Home","item":"https:\/\/cchim.ca\/"},{"@type":"ListItem","position":2,"name":"Joignez-vous \u00e0 la profession","item":"https:\/\/cchim.ca\/fr\/joignez-vous-a-la-profession\/"},{"@type":"ListItem","position":3,"name":"Voies CHIM","item":"https:\/\/cchim.ca\/fr\/joignez-vous-a-la-profession\/parcours-cgis\/"},{"@type":"ListItem","position":4,"name":"Professionnels internationaux"}]},{"@type":"WebSite","@id":"https:\/\/cchim.ca\/#website","url":"https:\/\/cchim.ca\/","name":"Canadian College of Health Information Management","description":"Accrediting academic institutions and certifying health information professionals","publisher":{"@id":"https:\/\/cchim.ca\/#organization"},"alternateName":"CCHIM","potentialAction":[{"@type":"SearchAction","target":{"@type":"EntryPoint","urlTemplate":"https:\/\/cchim.ca\/?s={search_term_string}"},"query-input":{"@type":"PropertyValueSpecification","valueRequired":true,"valueName":"search_term_string"}}],"inLanguage":"fr-CA"},{"@type":"Organization","@id":"https:\/\/cchim.ca\/#organization","name":"Canadian College of Health Information Management","alternateName":"CCHIM","url":"https:\/\/cchim.ca\/","logo":{"@type":"ImageObject","inLanguage":"fr-CA","@id":"https:\/\/cchim.ca\/#\/schema\/logo\/image\/","url":"https:\/\/cchim.ca\/wp-content\/uploads\/2020\/08\/cropped-favicon.webp","contentUrl":"https:\/\/cchim.ca\/wp-content\/uploads\/2020\/08\/cropped-favicon.webp","width":512,"height":512,"caption":"Canadian College of Health Information Management"},"image":{"@id":"https:\/\/cchim.ca\/#\/schema\/logo\/image\/"},"description":"Canadian College of Health Information Management","email":"support@echima.ca","legalName":"Canadian College of Health Information Management","foundingDate":"1972-09-07","numberOfEmployees":{"@type":"QuantitativeValue","minValue":"11","maxValue":"50"}}]}},"_links":{"self":[{"href":"https:\/\/cchim.ca\/fr\/wp-json\/wp\/v2\/pages\/874398","targetHints":{"allow":["GET"]}}],"collection":[{"href":"https:\/\/cchim.ca\/fr\/wp-json\/wp\/v2\/pages"}],"about":[{"href":"https:\/\/cchim.ca\/fr\/wp-json\/wp\/v2\/types\/page"}],"author":[{"embeddable":true,"href":"https:\/\/cchim.ca\/fr\/wp-json\/wp\/v2\/users\/8"}],"replies":[{"embeddable":true,"href":"https:\/\/cchim.ca\/fr\/wp-json\/wp\/v2\/comments?post=874398"}],"version-history":[{"count":0,"href":"https:\/\/cchim.ca\/fr\/wp-json\/wp\/v2\/pages\/874398\/revisions"}],"up":[{"embeddable":true,"href":"https:\/\/cchim.ca\/fr\/wp-json\/wp\/v2\/pages\/877336"}],"wp:attachment":[{"href":"https:\/\/cchim.ca\/fr\/wp-json\/wp\/v2\/media?parent=874398"}],"curies":[{"name":"wp","href":"https:\/\/api.w.org\/{rel}","templated":true}]}}