{"id":874390,"date":"2021-11-15T14:22:44","date_gmt":"2021-11-15T19:22:44","guid":{"rendered":"https:\/\/cchim.ca\/?page_id=874390"},"modified":"2024-09-14T15:26:07","modified_gmt":"2024-09-14T19:26:07","slug":"diplomes-universitaires","status":"publish","type":"page","link":"https:\/\/cchim.ca\/fr\/joignez-vous-a-la-profession\/parcours-cgis\/diplomes-universitaires\/","title":{"rendered":"Dipl\u00f4m\u00e9s de niveau sup\u00e9rieur"},"content":{"rendered":"\n<h2 class=\"wp-block-heading\" id=\"join-the-professiondegree-level-graduates\"><span class=\"is-style-slug\">Join the profession<\/span>Degree-level graduates<\/h2>\n\n<div class=\"wp-block-pb-section alignfull is-style-dark-pattern\"><div class=\"o-container\">\n<div class=\"o-row\">\n<div class=\"o-col u-6of12-md\">\n<figure class=\"wp-block-image size-large is-style-default\"><img fetchpriority=\"high\" decoding=\"async\" width=\"940\" height=\"614\" src=\"https:\/\/cchim.ca\/wp-content\/uploads\/2021\/11\/AdobeStock_212820113-copy-940x614.webp\" alt=\"Smiling young Asian businessman working alone at his office desk\" class=\"wp-image-872795\" srcset=\"https:\/\/cchim.ca\/wp-content\/uploads\/2021\/11\/AdobeStock_212820113-copy-940x614.webp 940w, https:\/\/cchim.ca\/wp-content\/uploads\/2021\/11\/AdobeStock_212820113-copy-650x424.webp 650w, https:\/\/cchim.ca\/wp-content\/uploads\/2021\/11\/AdobeStock_212820113-copy-768x501.webp 768w, https:\/\/cchim.ca\/wp-content\/uploads\/2021\/11\/AdobeStock_212820113-copy.webp 1400w\" sizes=\"(max-width: 940px) 100vw, 940px\" \/><\/figure>\n<\/div>\n\n\n\n<div class=\"o-col u-6of12-md\">\n<h2 class=\"wp-block-heading\" id=\"looking-to-apply-your-existing-degree-and-transferrable-skills-to-benefit-the-health-information-profession\">Looking to apply your existing degree and transferrable skills to benefit the health information profession?<\/h2>\n\n\n\n\n\n\n\n<p>Degree graduates can learn the fundamentals of health information through a certificate program that covers the following practice areas: information governance, technology, analytics, clinical knowledge, data quality, and privacy. Contact an education partner directly to learn more about their program. <\/p>\n\n\n\n<div class=\"wp-block-buttons is-layout-flex wp-block-buttons-is-layout-flex\">\n<div class=\"wp-block-button is-style-ko\"><a class=\"wp-block-button__link\" href=\"https:\/\/cchim.ca\/program-directory\/?education=&amp;program_type=health-information-fundamentals&amp;program_location=&amp;program_delivery=&amp;college_status=accredited&amp;institution=\" target=\"_blank\" rel=\"noreferrer noopener\">View all Health Information Fundamentals programs<\/a><\/div>\n<\/div>\n\n\n\n<p>Read the frequently asked questions and answers below for more information on choosing this pathway. <\/p>\n<\/div>\n<\/div>\n<\/div><\/div>\n\n<div style=\"height:55px\" aria-hidden=\"true\" class=\"wp-block-spacer\"><\/div>\n\n<div class=\"o-row u-justify-content-center\">\n<div class=\"o-col u-8of12-md\">\n<figure class=\"wp-block-embed is-type-video is-provider-vimeo wp-block-embed-vimeo wp-embed-aspect-16-9 wp-has-aspect-ratio\"><div class=\"wp-block-embed__wrapper\">\n<iframe title=\"Canadian College of Health Information Management\" src=\"https:\/\/player.vimeo.com\/video\/465843762?h=a366fc7817&amp;dnt=1&amp;app_id=122963\" width=\"940\" height=\"529\" frameborder=\"0\" allow=\"autoplay; fullscreen; picture-in-picture\" allowfullscreen><\/iframe>\n<\/div><\/figure>\n<\/div>\n<\/div>\n\n<div style=\"height:50px\" aria-hidden=\"true\" class=\"wp-block-spacer\"><\/div>\n\n<h2 class=\"has-text-align-center wp-block-heading\" id=\"stay-informed\">Stay informed<\/h2>\n\n<p class=\"has-text-align-center\">Subscribe to get updates on the health information profession from CHIMA, Canada\u2019s health information management association. <\/p>\n\n<div class=\"wp-block-buttons alignfull is-horizontal is-content-justification-center is-layout-flex wp-container-core-buttons-is-layout-499968f5 wp-block-buttons-is-layout-flex\">\n<div class=\"wp-block-button\"><a class=\"wp-block-button__link\" href=\"https:\/\/www.echima.ca\/subscribe-to-hear-from-chima\/\" target=\"_blank\" rel=\"noreferrer noopener\">Subscribe to CHIMA&rsquo;s emails<\/a><\/div>\n<\/div>\n\n<div style=\"height:50px\" aria-hidden=\"true\" class=\"wp-block-spacer\"><\/div>\n\n<h2 class=\"wp-block-heading\" id=\"frequently-asked-questions\">Frequently asked questions<\/h2>\n\n<div class=\"wp-block-pb-accordion-item c-accordion__item js-accordion-item no-js\" data-initially-open=\"false\" data-click-to-close=\"true\" data-auto-close=\"true\" data-scroll=\"false\" data-scroll-offset=\"0\"><h2 id=\"at-8727910\" class=\"c-accordion__title js-accordion-controller\" role=\"button\">I&rsquo;m a Canadian degree graduate. What transferrable skills are required in the health information profession?<\/h2><div id=\"ac-8727910\" class=\"c-accordion__content\">\n<p>Transferrable soft skills include communication, dependability, teamwork, organization, adaptability, leadership, and technology literacy. The health information profession welcomes people with backgrounds in finance, insurance, law, business management, statistics, health sciences, and more. <\/p>\n<\/div><\/div>\n\n<h2 class=\"wp-block-heading\"><span class=\"is-style-slug\"><\/span><\/h2>\n\n<div class=\"wp-block-pb-accordion-item c-accordion__item js-accordion-item no-js\" data-initially-open=\"false\" data-click-to-close=\"true\" data-auto-close=\"true\" data-scroll=\"false\" data-scroll-offset=\"0\"><h2 id=\"at-8727911\" class=\"c-accordion__title js-accordion-controller\" role=\"button\">Where can I learn about a program&rsquo;s format, duration, tuition costs, and more?<\/h2><div id=\"ac-8727911\" class=\"c-accordion__content\">\n<p>For information such as program format, duration, and tuition costs, please visit the educational institutions&rsquo; program page.<\/p>\n\n\n\n<p>Please click the button below to access the program directory and view all accredited HIM programs. This directory can be filtered based on education level, type, location, delivery method, and College status.<\/p>\n\n\n\n<div class=\"wp-block-buttons is-layout-flex wp-block-buttons-is-layout-flex\">\n<div class=\"wp-block-button\"><a class=\"wp-block-button__link\" href=\"https:\/\/cchim.ca\/program-directory\/?education=&amp;program_type=health-information-management&amp;program_location=&amp;program_delivery=&amp;college_status=&amp;institution=\">View program directory<\/a><\/div>\n<\/div>\n\n\n\n\n<\/div><\/div>\n\n<div class=\"wp-block-pb-accordion-item c-accordion__item js-accordion-item no-js\" data-initially-open=\"false\" data-click-to-close=\"true\" data-auto-close=\"true\" data-scroll=\"false\" data-scroll-offset=\"0\"><h2 id=\"at-8727912\" class=\"c-accordion__title js-accordion-controller\" role=\"button\">What is the best school and program to select?<\/h2><div id=\"ac-8727912\" class=\"c-accordion__content\">\n<p>All our education partners have\u00a0gone through a rigorous program accreditation process and are suitable for preparing students to write the CHIM NCE. Please visit our program directory and contact the schools\u00a0you\u2019re interested in\u00a0here:\u00a0<a href=\"https:\/\/cchim.ca\/program-directory\/\">https:\/\/cchim.ca\/program-directory\/<\/a><\/p>\n\n\n\n<div class=\"wp-block-buttons is-layout-flex wp-block-buttons-is-layout-flex\"><\/div>\n\n\n\n\n<\/div><\/div>\n\n<div class=\"wp-block-pb-accordion-item c-accordion__item js-accordion-item no-js\" data-initially-open=\"false\" data-click-to-close=\"true\" data-auto-close=\"true\" data-scroll=\"false\" data-scroll-offset=\"0\"><h2 id=\"at-8727913\" class=\"c-accordion__title js-accordion-controller\" role=\"button\">If I graduate from an accredited Health Information Fundamentals program, can I become a Certified Health Information Management (CHIM) professional?<\/h2><div id=\"ac-8727913\" class=\"c-accordion__content\">\n<p>Graduates of accredited Health Information Fundamentals programs are eligible to write the CHIM national certification examination. To learn more about certification, click the link below.<\/p>\n\n\n\n<div class=\"wp-block-buttons is-layout-flex wp-block-buttons-is-layout-flex\">\n<div class=\"wp-block-button\"><a class=\"wp-block-button__link\" href=\"https:\/\/cchim.ca\/fr\/certification\/chim\/\">Learn about becoming a CHIM professional<\/a><\/div>\n<\/div>\n<\/div><\/div>\n","protected":false},"excerpt":{"rendered":"<p>Join the professionDegree-level graduates Stay informed Subscribe to get updates on the health information profession from CHIMA, Canada\u2019s health information management association. Frequently asked questions<\/p>\n","protected":false},"author":8,"featured_media":0,"parent":877336,"menu_order":0,"comment_status":"closed","ping_status":"closed","template":"","meta":{"footnotes":""},"class_list":["post-874390","page","type-page","status-publish","hentry"],"yoast_head":"<!-- This site is optimized with the Yoast SEO Premium plugin v26.2 (Yoast SEO v27.3) - https:\/\/yoast.com\/product\/yoast-seo-premium-wordpress\/ -->\n<title>Dipl\u00f4m\u00e9s de niveau sup\u00e9rieur - Canadian College of Health Information Management<\/title>\n<meta name=\"description\" content=\"Join the professionDegree-level graduates Looking to apply your existing degree and transferrable skills to benefit the health information profession?\" \/>\n<meta name=\"robots\" content=\"index, follow, max-snippet:-1, max-image-preview:large, max-video-preview:-1\" \/>\n<link rel=\"canonical\" href=\"https:\/\/cchim.ca\/fr\/joignez-vous-a-la-profession\/parcours-cgis\/diplomes-universitaires\/\" \/>\n<meta property=\"og:locale\" content=\"fr_CA\" \/>\n<meta property=\"og:type\" content=\"article\" \/>\n<meta property=\"og:title\" content=\"Dipl\u00f4m\u00e9s de niveau sup\u00e9rieur\" \/>\n<meta property=\"og:description\" content=\"Join the professionDegree-level graduates Looking to apply your existing degree and transferrable skills to benefit the health information profession?\" \/>\n<meta property=\"og:url\" content=\"https:\/\/cchim.ca\/fr\/joignez-vous-a-la-profession\/parcours-cgis\/diplomes-universitaires\/\" \/>\n<meta property=\"og:site_name\" content=\"Canadian College of Health Information Management\" \/>\n<meta property=\"article:modified_time\" content=\"2024-09-14T19:26:07+00:00\" \/>\n<meta property=\"og:image\" content=\"https:\/\/cchim.ca\/wp-content\/uploads\/2021\/11\/AdobeStock_212820113-copy-940x614.webp\" \/>\n<meta name=\"twitter:card\" content=\"summary_large_image\" \/>\n<meta name=\"twitter:label1\" content=\"Estimation du temps de lecture\" \/>\n\t<meta name=\"twitter:data1\" content=\"2 minutes\" \/>\n<script type=\"application\/ld+json\" class=\"yoast-schema-graph\">{\"@context\":\"https:\\\/\\\/schema.org\",\"@graph\":[{\"@type\":\"WebPage\",\"@id\":\"https:\\\/\\\/cchim.ca\\\/fr\\\/joignez-vous-a-la-profession\\\/parcours-cgis\\\/diplomes-universitaires\\\/\",\"url\":\"https:\\\/\\\/cchim.ca\\\/fr\\\/joignez-vous-a-la-profession\\\/parcours-cgis\\\/diplomes-universitaires\\\/\",\"name\":\"Dipl\u00f4m\u00e9s de niveau sup\u00e9rieur - Canadian College of Health Information Management\",\"isPartOf\":{\"@id\":\"https:\\\/\\\/cchim.ca\\\/#website\"},\"primaryImageOfPage\":{\"@id\":\"https:\\\/\\\/cchim.ca\\\/fr\\\/joignez-vous-a-la-profession\\\/parcours-cgis\\\/diplomes-universitaires\\\/#primaryimage\"},\"image\":{\"@id\":\"https:\\\/\\\/cchim.ca\\\/fr\\\/joignez-vous-a-la-profession\\\/parcours-cgis\\\/diplomes-universitaires\\\/#primaryimage\"},\"thumbnailUrl\":\"https:\\\/\\\/cchim.ca\\\/wp-content\\\/uploads\\\/2021\\\/11\\\/AdobeStock_212820113-copy-940x614.webp\",\"datePublished\":\"2021-11-15T19:22:44+00:00\",\"dateModified\":\"2024-09-14T19:26:07+00:00\",\"description\":\"Join the professionDegree-level graduates Looking to apply your existing degree and transferrable skills to benefit the health information profession?\",\"breadcrumb\":{\"@id\":\"https:\\\/\\\/cchim.ca\\\/fr\\\/joignez-vous-a-la-profession\\\/parcours-cgis\\\/diplomes-universitaires\\\/#breadcrumb\"},\"inLanguage\":\"fr-CA\",\"potentialAction\":[{\"@type\":\"ReadAction\",\"target\":[\"https:\\\/\\\/cchim.ca\\\/fr\\\/joignez-vous-a-la-profession\\\/parcours-cgis\\\/diplomes-universitaires\\\/\"]}]},{\"@type\":\"ImageObject\",\"inLanguage\":\"fr-CA\",\"@id\":\"https:\\\/\\\/cchim.ca\\\/fr\\\/joignez-vous-a-la-profession\\\/parcours-cgis\\\/diplomes-universitaires\\\/#primaryimage\",\"url\":\"https:\\\/\\\/cchim.ca\\\/wp-content\\\/uploads\\\/2021\\\/11\\\/AdobeStock_212820113-copy-940x614.webp\",\"contentUrl\":\"https:\\\/\\\/cchim.ca\\\/wp-content\\\/uploads\\\/2021\\\/11\\\/AdobeStock_212820113-copy-940x614.webp\"},{\"@type\":\"BreadcrumbList\",\"@id\":\"https:\\\/\\\/cchim.ca\\\/fr\\\/joignez-vous-a-la-profession\\\/parcours-cgis\\\/diplomes-universitaires\\\/#breadcrumb\",\"itemListElement\":[{\"@type\":\"ListItem\",\"position\":1,\"name\":\"Home\",\"item\":\"https:\\\/\\\/cchim.ca\\\/\"},{\"@type\":\"ListItem\",\"position\":2,\"name\":\"Joignez-vous \u00e0 la profession\",\"item\":\"https:\\\/\\\/cchim.ca\\\/fr\\\/joignez-vous-a-la-profession\\\/\"},{\"@type\":\"ListItem\",\"position\":3,\"name\":\"Voies CHIM\",\"item\":\"https:\\\/\\\/cchim.ca\\\/fr\\\/joignez-vous-a-la-profession\\\/parcours-cgis\\\/\"},{\"@type\":\"ListItem\",\"position\":4,\"name\":\"Dipl\u00f4m\u00e9s de niveau sup\u00e9rieur\"}]},{\"@type\":\"WebSite\",\"@id\":\"https:\\\/\\\/cchim.ca\\\/#website\",\"url\":\"https:\\\/\\\/cchim.ca\\\/\",\"name\":\"Canadian College of Health Information Management\",\"description\":\"Accrediting academic institutions and certifying health information professionals\",\"publisher\":{\"@id\":\"https:\\\/\\\/cchim.ca\\\/#organization\"},\"alternateName\":\"CCHIM\",\"potentialAction\":[{\"@type\":\"SearchAction\",\"target\":{\"@type\":\"EntryPoint\",\"urlTemplate\":\"https:\\\/\\\/cchim.ca\\\/?s={search_term_string}\"},\"query-input\":{\"@type\":\"PropertyValueSpecification\",\"valueRequired\":true,\"valueName\":\"search_term_string\"}}],\"inLanguage\":\"fr-CA\"},{\"@type\":\"Organization\",\"@id\":\"https:\\\/\\\/cchim.ca\\\/#organization\",\"name\":\"Canadian College of Health Information Management\",\"alternateName\":\"CCHIM\",\"url\":\"https:\\\/\\\/cchim.ca\\\/\",\"logo\":{\"@type\":\"ImageObject\",\"inLanguage\":\"fr-CA\",\"@id\":\"https:\\\/\\\/cchim.ca\\\/#\\\/schema\\\/logo\\\/image\\\/\",\"url\":\"https:\\\/\\\/cchim.ca\\\/wp-content\\\/uploads\\\/2020\\\/08\\\/cropped-favicon.webp\",\"contentUrl\":\"https:\\\/\\\/cchim.ca\\\/wp-content\\\/uploads\\\/2020\\\/08\\\/cropped-favicon.webp\",\"width\":512,\"height\":512,\"caption\":\"Canadian College of Health Information Management\"},\"image\":{\"@id\":\"https:\\\/\\\/cchim.ca\\\/#\\\/schema\\\/logo\\\/image\\\/\"},\"description\":\"Canadian College of Health Information Management\",\"email\":\"support@echima.ca\",\"legalName\":\"Canadian College of Health Information Management\",\"foundingDate\":\"1972-09-07\",\"numberOfEmployees\":{\"@type\":\"QuantitativeValue\",\"minValue\":\"11\",\"maxValue\":\"50\"}}]}<\/script>\n<!-- \/ Yoast SEO Premium plugin. -->","yoast_head_json":{"title":"Dipl\u00f4m\u00e9s de niveau sup\u00e9rieur - Canadian College of Health Information Management","description":"Join the professionDegree-level graduates Looking to apply your existing degree and transferrable skills to benefit the health information profession?","robots":{"index":"index","follow":"follow","max-snippet":"max-snippet:-1","max-image-preview":"max-image-preview:large","max-video-preview":"max-video-preview:-1"},"canonical":"https:\/\/cchim.ca\/fr\/joignez-vous-a-la-profession\/parcours-cgis\/diplomes-universitaires\/","og_locale":"fr_CA","og_type":"article","og_title":"Dipl\u00f4m\u00e9s de niveau sup\u00e9rieur","og_description":"Join the professionDegree-level graduates Looking to apply your existing degree and transferrable skills to benefit the health information profession?","og_url":"https:\/\/cchim.ca\/fr\/joignez-vous-a-la-profession\/parcours-cgis\/diplomes-universitaires\/","og_site_name":"Canadian College of Health Information Management","article_modified_time":"2024-09-14T19:26:07+00:00","og_image":[{"url":"https:\/\/cchim.ca\/wp-content\/uploads\/2021\/11\/AdobeStock_212820113-copy-940x614.webp","type":"","width":"","height":""}],"twitter_card":"summary_large_image","twitter_misc":{"Estimation du temps de lecture":"2 minutes"},"schema":{"@context":"https:\/\/schema.org","@graph":[{"@type":"WebPage","@id":"https:\/\/cchim.ca\/fr\/joignez-vous-a-la-profession\/parcours-cgis\/diplomes-universitaires\/","url":"https:\/\/cchim.ca\/fr\/joignez-vous-a-la-profession\/parcours-cgis\/diplomes-universitaires\/","name":"Dipl\u00f4m\u00e9s de niveau sup\u00e9rieur - Canadian College of Health Information Management","isPartOf":{"@id":"https:\/\/cchim.ca\/#website"},"primaryImageOfPage":{"@id":"https:\/\/cchim.ca\/fr\/joignez-vous-a-la-profession\/parcours-cgis\/diplomes-universitaires\/#primaryimage"},"image":{"@id":"https:\/\/cchim.ca\/fr\/joignez-vous-a-la-profession\/parcours-cgis\/diplomes-universitaires\/#primaryimage"},"thumbnailUrl":"https:\/\/cchim.ca\/wp-content\/uploads\/2021\/11\/AdobeStock_212820113-copy-940x614.webp","datePublished":"2021-11-15T19:22:44+00:00","dateModified":"2024-09-14T19:26:07+00:00","description":"Join the professionDegree-level graduates Looking to apply your existing degree and transferrable skills to benefit the health information profession?","breadcrumb":{"@id":"https:\/\/cchim.ca\/fr\/joignez-vous-a-la-profession\/parcours-cgis\/diplomes-universitaires\/#breadcrumb"},"inLanguage":"fr-CA","potentialAction":[{"@type":"ReadAction","target":["https:\/\/cchim.ca\/fr\/joignez-vous-a-la-profession\/parcours-cgis\/diplomes-universitaires\/"]}]},{"@type":"ImageObject","inLanguage":"fr-CA","@id":"https:\/\/cchim.ca\/fr\/joignez-vous-a-la-profession\/parcours-cgis\/diplomes-universitaires\/#primaryimage","url":"https:\/\/cchim.ca\/wp-content\/uploads\/2021\/11\/AdobeStock_212820113-copy-940x614.webp","contentUrl":"https:\/\/cchim.ca\/wp-content\/uploads\/2021\/11\/AdobeStock_212820113-copy-940x614.webp"},{"@type":"BreadcrumbList","@id":"https:\/\/cchim.ca\/fr\/joignez-vous-a-la-profession\/parcours-cgis\/diplomes-universitaires\/#breadcrumb","itemListElement":[{"@type":"ListItem","position":1,"name":"Home","item":"https:\/\/cchim.ca\/"},{"@type":"ListItem","position":2,"name":"Joignez-vous \u00e0 la profession","item":"https:\/\/cchim.ca\/fr\/joignez-vous-a-la-profession\/"},{"@type":"ListItem","position":3,"name":"Voies CHIM","item":"https:\/\/cchim.ca\/fr\/joignez-vous-a-la-profession\/parcours-cgis\/"},{"@type":"ListItem","position":4,"name":"Dipl\u00f4m\u00e9s de niveau sup\u00e9rieur"}]},{"@type":"WebSite","@id":"https:\/\/cchim.ca\/#website","url":"https:\/\/cchim.ca\/","name":"Canadian College of Health Information Management","description":"Accrediting academic institutions and certifying health information professionals","publisher":{"@id":"https:\/\/cchim.ca\/#organization"},"alternateName":"CCHIM","potentialAction":[{"@type":"SearchAction","target":{"@type":"EntryPoint","urlTemplate":"https:\/\/cchim.ca\/?s={search_term_string}"},"query-input":{"@type":"PropertyValueSpecification","valueRequired":true,"valueName":"search_term_string"}}],"inLanguage":"fr-CA"},{"@type":"Organization","@id":"https:\/\/cchim.ca\/#organization","name":"Canadian College of Health Information Management","alternateName":"CCHIM","url":"https:\/\/cchim.ca\/","logo":{"@type":"ImageObject","inLanguage":"fr-CA","@id":"https:\/\/cchim.ca\/#\/schema\/logo\/image\/","url":"https:\/\/cchim.ca\/wp-content\/uploads\/2020\/08\/cropped-favicon.webp","contentUrl":"https:\/\/cchim.ca\/wp-content\/uploads\/2020\/08\/cropped-favicon.webp","width":512,"height":512,"caption":"Canadian College of Health Information Management"},"image":{"@id":"https:\/\/cchim.ca\/#\/schema\/logo\/image\/"},"description":"Canadian College of Health Information Management","email":"support@echima.ca","legalName":"Canadian College of Health Information Management","foundingDate":"1972-09-07","numberOfEmployees":{"@type":"QuantitativeValue","minValue":"11","maxValue":"50"}}]}},"_links":{"self":[{"href":"https:\/\/cchim.ca\/fr\/wp-json\/wp\/v2\/pages\/874390","targetHints":{"allow":["GET"]}}],"collection":[{"href":"https:\/\/cchim.ca\/fr\/wp-json\/wp\/v2\/pages"}],"about":[{"href":"https:\/\/cchim.ca\/fr\/wp-json\/wp\/v2\/types\/page"}],"author":[{"embeddable":true,"href":"https:\/\/cchim.ca\/fr\/wp-json\/wp\/v2\/users\/8"}],"replies":[{"embeddable":true,"href":"https:\/\/cchim.ca\/fr\/wp-json\/wp\/v2\/comments?post=874390"}],"version-history":[{"count":0,"href":"https:\/\/cchim.ca\/fr\/wp-json\/wp\/v2\/pages\/874390\/revisions"}],"up":[{"embeddable":true,"href":"https:\/\/cchim.ca\/fr\/wp-json\/wp\/v2\/pages\/877336"}],"wp:attachment":[{"href":"https:\/\/cchim.ca\/fr\/wp-json\/wp\/v2\/media?parent=874390"}],"curies":[{"name":"wp","href":"https:\/\/api.w.org\/{rel}","templated":true}]}}