{"id":874293,"date":"2022-02-23T19:51:09","date_gmt":"2022-02-24T00:51:09","guid":{"rendered":"https:\/\/cchim.ca\/?page_id=874293"},"modified":"2024-09-07T18:25:57","modified_gmt":"2024-09-07T22:25:57","slug":"joignez-vous-a-la-profession","status":"publish","type":"page","link":"https:\/\/cchim.ca\/fr\/joignez-vous-a-la-profession\/","title":{"rendered":"Joignez-vous \u00e0 la profession"},"content":{"rendered":"\n<div class=\"wp-block-pb-section alignfull is-style-dark-pattern\"><div class=\"o-container\">\n<h1 class=\"has-text-align-center wp-block-heading\" id=\"join-the-profession\">Joignez-vous \u00e0 la profession<\/h1>\n\n\n\n<div class=\"o-row u-justify-content-center\">\n<div class=\"o-col u-8of12-md\">\n<h2 class=\"has-text-align-center wp-block-heading\" id=\"certified-health-information-professionals-are-on-the-frontline-of-health-data-collecting-it-protecting-it-and-transforming-it-into-the-information-required-throughout-health-care-and-beyond\">Les professionnels certifi\u00e9s de l\u2019information sur la sant\u00e9 sont en premi\u00e8re ligne des donn\u00e9es sur la sant\u00e9 , en les recueillant, en les prot\u00e9geant et en les transformant en l\u2019information requise dans l\u2019ensemble des soins de sant\u00e9 et au-del\u00e0.<\/h2>\n\n\n\n<div style=\"height:20px\" aria-hidden=\"true\" class=\"wp-block-spacer\"><\/div>\n\n\n\n<figure class=\"wp-block-embed is-type-video is-provider-vimeo wp-block-embed-vimeo wp-embed-aspect-16-9 wp-has-aspect-ratio\"><div class=\"wp-block-embed__wrapper\"> \n<iframe title=\"Canadian College of Health Information Management\" src=\"https:\/\/player.vimeo.com\/video\/465843762?h=a366fc7817&amp;dnt=1&amp;app_id=122963\" width=\"940\" height=\"529\" frameborder=\"0\" allow=\"autoplay; fullscreen; picture-in-picture\" allowfullscreen><\/iframe>\n <\/div><\/figure>\n<\/div>\n<\/div>\n\n\n\n<div style=\"height:100px\" aria-hidden=\"true\" class=\"wp-block-spacer\"><\/div>\n\n\n\n<div class=\"o-block-grid o-block-grid-2-md\">\n<div class=\"o-block-grid__item\">\n<div class=\"wp-block-pb-card is-style-white\"><div class=\"wp-block-pb-card__content\">\n<h2 class=\"has-text-align-left wp-block-heading\">Voies d\u2019acc\u00e8s au CHIM<\/h2>\n\n\n\n<p class=\"is-style-default\">Les professionnels certifi\u00e9s en gestion de l\u2019information sur la sant\u00e9 (CHIM) ont une compr\u00e9hension cibl\u00e9e de divers domaines de pratique.<\/p>\n\n\n\n<p>Il s\u2019agit notamment de la gouvernance de l\u2019information, de la qualit\u00e9, de la terminologie m\u00e9dicale, de l\u2019analyse, de la technologie et de la confidentialit\u00e9.\nIls fournissent un leadership et des perspectives critiques sur la collecte, la protection et l\u2019acc\u00e8s aux donn\u00e9es de sant\u00e9. <\/p>\n\n\n\n<div style=\"height:20px\" aria-hidden=\"true\" class=\"wp-block-spacer\"><\/div>\n\n\n\n<div class=\"wp-block-buttons is-layout-flex wp-block-buttons-is-layout-flex\"><\/div>\n<\/div><\/div>\n<\/div>\n\n\n\n<div class=\"o-block-grid__item\">\n<div class=\"wp-block-pb-card is-style-white\"><div class=\"wp-block-pb-card__content\">\n<h2 class=\"has-text-align-left wp-block-heading\">Voies d\u2019acc\u00e8s \u00e0 l\u2019ICCAH<\/h2>\n\n\n\n<p class=\"is-style-default\">Les associ\u00e9s certifi\u00e9s en information sur la sant\u00e9 (HICA) ont une compr\u00e9hension cibl\u00e9e de divers domaines de pratique.<\/p>\n\n\n\n<p>Il s\u2019agit notamment des connaissances cliniques, du professionnalisme dans les soins de sant\u00e9, de la gestion des bureaux de soins de sant\u00e9, de la technologie des soins de sant\u00e9 et des syst\u00e8mes de soins de sant\u00e9.<\/p>\n\n\n\n<div style=\"height:20px\" aria-hidden=\"true\" class=\"wp-block-spacer\"><\/div>\n\n\n\n<div class=\"wp-block-buttons is-layout-flex wp-block-buttons-is-layout-flex\"><\/div>\n<\/div><\/div>\n<\/div>\n<\/div>\n<\/div><\/div>\n\n\n\n<div class=\"wp-block-pb-section alignfull is-style-white\"><div class=\"o-container\">\n<h2 class=\"has-text-align-center wp-block-heading\"><a href=\"https:\/\/cchim.ca\/join-the-profession\/hica-pathways\/chim-to-hica\/\"><a href=\"https:\/\/cchim.ca\/join-the-profession\/hica-pathways\/chim-to-hica\/\">En savoir plus sur le passage de la d\u00e9signation CHIM \u00e0 HICA.<\/a><\/a><\/h2>\n<\/div><\/div>\n","protected":false},"excerpt":{"rendered":"","protected":false},"author":8,"featured_media":0,"parent":0,"menu_order":0,"comment_status":"closed","ping_status":"closed","template":"","meta":{"footnotes":""},"class_list":["post-874293","page","type-page","status-publish","hentry"],"yoast_head":"<!-- This site is optimized with the Yoast SEO Premium plugin v26.2 (Yoast SEO v27.3) - https:\/\/yoast.com\/product\/yoast-seo-premium-wordpress\/ -->\n<title>Joignez-vous \u00e0 la profession - Canadian College of Health Information Management<\/title>\n<meta name=\"description\" content=\"Joignez-vous \u00e0 la profession Les professionnels certifi\u00e9s de l\u2019information sur la sant\u00e9 sont en premi\u00e8re ligne des donn\u00e9es sur la sant\u00e9 , en les\" \/>\n<meta name=\"robots\" content=\"index, follow, max-snippet:-1, max-image-preview:large, max-video-preview:-1\" \/>\n<link rel=\"canonical\" href=\"https:\/\/cchim.ca\/fr\/joignez-vous-a-la-profession\/\" \/>\n<meta property=\"og:locale\" content=\"fr_CA\" \/>\n<meta property=\"og:type\" content=\"article\" \/>\n<meta property=\"og:title\" content=\"Joignez-vous \u00e0 la profession\" \/>\n<meta property=\"og:description\" content=\"Joignez-vous \u00e0 la profession Les professionnels certifi\u00e9s de l\u2019information sur la sant\u00e9 sont en premi\u00e8re ligne des donn\u00e9es sur la sant\u00e9 , en les\" \/>\n<meta property=\"og:url\" content=\"https:\/\/cchim.ca\/fr\/joignez-vous-a-la-profession\/\" \/>\n<meta property=\"og:site_name\" content=\"Canadian College of Health Information Management\" \/>\n<meta property=\"article:modified_time\" content=\"2024-09-07T22:25:57+00:00\" \/>\n<meta name=\"twitter:card\" content=\"summary_large_image\" \/>\n<meta name=\"twitter:label1\" content=\"Estimation du temps de lecture\" \/>\n\t<meta name=\"twitter:data1\" content=\"1 minute\" \/>\n<script type=\"application\/ld+json\" class=\"yoast-schema-graph\">{\"@context\":\"https:\\\/\\\/schema.org\",\"@graph\":[{\"@type\":\"WebPage\",\"@id\":\"https:\\\/\\\/cchim.ca\\\/fr\\\/joignez-vous-a-la-profession\\\/\",\"url\":\"https:\\\/\\\/cchim.ca\\\/fr\\\/joignez-vous-a-la-profession\\\/\",\"name\":\"Joignez-vous \u00e0 la profession - Canadian College of Health Information Management\",\"isPartOf\":{\"@id\":\"https:\\\/\\\/cchim.ca\\\/#website\"},\"datePublished\":\"2022-02-24T00:51:09+00:00\",\"dateModified\":\"2024-09-07T22:25:57+00:00\",\"description\":\"Joignez-vous \u00e0 la profession Les professionnels certifi\u00e9s de l\u2019information sur la sant\u00e9 sont en premi\u00e8re ligne des donn\u00e9es sur la sant\u00e9 , en les\",\"breadcrumb\":{\"@id\":\"https:\\\/\\\/cchim.ca\\\/fr\\\/joignez-vous-a-la-profession\\\/#breadcrumb\"},\"inLanguage\":\"fr-CA\",\"potentialAction\":[{\"@type\":\"ReadAction\",\"target\":[\"https:\\\/\\\/cchim.ca\\\/fr\\\/joignez-vous-a-la-profession\\\/\"]}]},{\"@type\":\"BreadcrumbList\",\"@id\":\"https:\\\/\\\/cchim.ca\\\/fr\\\/joignez-vous-a-la-profession\\\/#breadcrumb\",\"itemListElement\":[{\"@type\":\"ListItem\",\"position\":1,\"name\":\"Home\",\"item\":\"https:\\\/\\\/cchim.ca\\\/\"},{\"@type\":\"ListItem\",\"position\":2,\"name\":\"Joignez-vous \u00e0 la profession\"}]},{\"@type\":\"WebSite\",\"@id\":\"https:\\\/\\\/cchim.ca\\\/#website\",\"url\":\"https:\\\/\\\/cchim.ca\\\/\",\"name\":\"Canadian College of Health Information Management\",\"description\":\"Accrediting academic institutions and certifying health information professionals\",\"publisher\":{\"@id\":\"https:\\\/\\\/cchim.ca\\\/#organization\"},\"alternateName\":\"CCHIM\",\"potentialAction\":[{\"@type\":\"SearchAction\",\"target\":{\"@type\":\"EntryPoint\",\"urlTemplate\":\"https:\\\/\\\/cchim.ca\\\/?s={search_term_string}\"},\"query-input\":{\"@type\":\"PropertyValueSpecification\",\"valueRequired\":true,\"valueName\":\"search_term_string\"}}],\"inLanguage\":\"fr-CA\"},{\"@type\":\"Organization\",\"@id\":\"https:\\\/\\\/cchim.ca\\\/#organization\",\"name\":\"Canadian College of Health Information Management\",\"alternateName\":\"CCHIM\",\"url\":\"https:\\\/\\\/cchim.ca\\\/\",\"logo\":{\"@type\":\"ImageObject\",\"inLanguage\":\"fr-CA\",\"@id\":\"https:\\\/\\\/cchim.ca\\\/#\\\/schema\\\/logo\\\/image\\\/\",\"url\":\"https:\\\/\\\/cchim.ca\\\/wp-content\\\/uploads\\\/2020\\\/08\\\/cropped-favicon.webp\",\"contentUrl\":\"https:\\\/\\\/cchim.ca\\\/wp-content\\\/uploads\\\/2020\\\/08\\\/cropped-favicon.webp\",\"width\":512,\"height\":512,\"caption\":\"Canadian College of Health Information Management\"},\"image\":{\"@id\":\"https:\\\/\\\/cchim.ca\\\/#\\\/schema\\\/logo\\\/image\\\/\"},\"description\":\"Canadian College of Health Information Management\",\"email\":\"support@echima.ca\",\"legalName\":\"Canadian College of Health Information Management\",\"foundingDate\":\"1972-09-07\",\"numberOfEmployees\":{\"@type\":\"QuantitativeValue\",\"minValue\":\"11\",\"maxValue\":\"50\"}}]}<\/script>\n<!-- \/ Yoast SEO Premium plugin. -->","yoast_head_json":{"title":"Joignez-vous \u00e0 la profession - Canadian College of Health Information Management","description":"Joignez-vous \u00e0 la profession Les professionnels certifi\u00e9s de l\u2019information sur la sant\u00e9 sont en premi\u00e8re ligne des donn\u00e9es sur la sant\u00e9 , en les","robots":{"index":"index","follow":"follow","max-snippet":"max-snippet:-1","max-image-preview":"max-image-preview:large","max-video-preview":"max-video-preview:-1"},"canonical":"https:\/\/cchim.ca\/fr\/joignez-vous-a-la-profession\/","og_locale":"fr_CA","og_type":"article","og_title":"Joignez-vous \u00e0 la profession","og_description":"Joignez-vous \u00e0 la profession Les professionnels certifi\u00e9s de l\u2019information sur la sant\u00e9 sont en premi\u00e8re ligne des donn\u00e9es sur la sant\u00e9 , en les","og_url":"https:\/\/cchim.ca\/fr\/joignez-vous-a-la-profession\/","og_site_name":"Canadian College of Health Information Management","article_modified_time":"2024-09-07T22:25:57+00:00","twitter_card":"summary_large_image","twitter_misc":{"Estimation du temps de lecture":"1 minute"},"schema":{"@context":"https:\/\/schema.org","@graph":[{"@type":"WebPage","@id":"https:\/\/cchim.ca\/fr\/joignez-vous-a-la-profession\/","url":"https:\/\/cchim.ca\/fr\/joignez-vous-a-la-profession\/","name":"Joignez-vous \u00e0 la profession - Canadian College of Health Information Management","isPartOf":{"@id":"https:\/\/cchim.ca\/#website"},"datePublished":"2022-02-24T00:51:09+00:00","dateModified":"2024-09-07T22:25:57+00:00","description":"Joignez-vous \u00e0 la profession Les professionnels certifi\u00e9s de l\u2019information sur la sant\u00e9 sont en premi\u00e8re ligne des donn\u00e9es sur la sant\u00e9 , en les","breadcrumb":{"@id":"https:\/\/cchim.ca\/fr\/joignez-vous-a-la-profession\/#breadcrumb"},"inLanguage":"fr-CA","potentialAction":[{"@type":"ReadAction","target":["https:\/\/cchim.ca\/fr\/joignez-vous-a-la-profession\/"]}]},{"@type":"BreadcrumbList","@id":"https:\/\/cchim.ca\/fr\/joignez-vous-a-la-profession\/#breadcrumb","itemListElement":[{"@type":"ListItem","position":1,"name":"Home","item":"https:\/\/cchim.ca\/"},{"@type":"ListItem","position":2,"name":"Joignez-vous \u00e0 la profession"}]},{"@type":"WebSite","@id":"https:\/\/cchim.ca\/#website","url":"https:\/\/cchim.ca\/","name":"Canadian College of Health Information Management","description":"Accrediting academic institutions and certifying health information professionals","publisher":{"@id":"https:\/\/cchim.ca\/#organization"},"alternateName":"CCHIM","potentialAction":[{"@type":"SearchAction","target":{"@type":"EntryPoint","urlTemplate":"https:\/\/cchim.ca\/?s={search_term_string}"},"query-input":{"@type":"PropertyValueSpecification","valueRequired":true,"valueName":"search_term_string"}}],"inLanguage":"fr-CA"},{"@type":"Organization","@id":"https:\/\/cchim.ca\/#organization","name":"Canadian College of Health Information Management","alternateName":"CCHIM","url":"https:\/\/cchim.ca\/","logo":{"@type":"ImageObject","inLanguage":"fr-CA","@id":"https:\/\/cchim.ca\/#\/schema\/logo\/image\/","url":"https:\/\/cchim.ca\/wp-content\/uploads\/2020\/08\/cropped-favicon.webp","contentUrl":"https:\/\/cchim.ca\/wp-content\/uploads\/2020\/08\/cropped-favicon.webp","width":512,"height":512,"caption":"Canadian College of Health Information Management"},"image":{"@id":"https:\/\/cchim.ca\/#\/schema\/logo\/image\/"},"description":"Canadian College of Health Information Management","email":"support@echima.ca","legalName":"Canadian College of Health Information Management","foundingDate":"1972-09-07","numberOfEmployees":{"@type":"QuantitativeValue","minValue":"11","maxValue":"50"}}]}},"_links":{"self":[{"href":"https:\/\/cchim.ca\/fr\/wp-json\/wp\/v2\/pages\/874293","targetHints":{"allow":["GET"]}}],"collection":[{"href":"https:\/\/cchim.ca\/fr\/wp-json\/wp\/v2\/pages"}],"about":[{"href":"https:\/\/cchim.ca\/fr\/wp-json\/wp\/v2\/types\/page"}],"author":[{"embeddable":true,"href":"https:\/\/cchim.ca\/fr\/wp-json\/wp\/v2\/users\/8"}],"replies":[{"embeddable":true,"href":"https:\/\/cchim.ca\/fr\/wp-json\/wp\/v2\/comments?post=874293"}],"version-history":[{"count":0,"href":"https:\/\/cchim.ca\/fr\/wp-json\/wp\/v2\/pages\/874293\/revisions"}],"wp:attachment":[{"href":"https:\/\/cchim.ca\/fr\/wp-json\/wp\/v2\/media?parent=874293"}],"curies":[{"name":"wp","href":"https:\/\/api.w.org\/{rel}","templated":true}]}}