{"id":874274,"date":"2022-02-22T17:55:52","date_gmt":"2022-02-22T22:55:52","guid":{"rendered":"https:\/\/cchim.ca\/?page_id=874274"},"modified":"2024-09-07T18:26:13","modified_gmt":"2024-09-07T22:26:13","slug":"american-health-information-management-association-ahima-reciprocal-agreement","status":"publish","type":"page","link":"https:\/\/cchim.ca\/fr\/certification\/chim\/american-health-information-management-association-ahima-reciprocal-agreement\/","title":{"rendered":"Accord de r\u00e9ciprocit\u00e9 de l\u2019American Health Information Management Association (AHIMA)"},"content":{"rendered":"\n<h1 class=\"wp-block-heading\">Accord de r\u00e9ciprocit\u00e9 de l\u2019American Health Information Management Association (AHIMA)<\/h1>\n\n\n\n<p>Le Coll\u00e8ge canadien de gestion de l\u2019information sur la sant\u00e9 a conclu une entente de r\u00e9ciprocit\u00e9 avec l\u2019American Health Information Management Association (AHIMA).\nCette entente permet aux titulaires de la d\u00e9signation de technicien d\u2019information sur la sant\u00e9 inscrit (RHIT) ou d\u2019administrateur d\u2019information sur la sant\u00e9 (RRSS) de l\u2019AHIMA de pr\u00e9senter une demande pour passer l\u2019examen national de certification (RCE) CHIM du Coll\u00e8ge. <\/p>\n\n\n\n<h2 class=\"wp-block-heading\">\u00c9ligibilit\u00e9<\/h2>\n\n\n\n<p>Pour \u00eatre admissible en vertu de l\u2019entente de r\u00e9ciprocit\u00e9 de l\u2019AHIMA, l\u2019Ordre exige une preuve de ce qui suit :<\/p>\n\n\n\n<ol class=\"wp-block-list\">\n<li>Preuve de certification RHIT ou RHIA active avec AHIMA  <\/li>\n<\/ol>\n\n\n\n<h2 class=\"wp-block-heading\">Processus de demande<\/h2>\n\n\n\n<p><strong>\u00c9tape 1<\/strong><\/p>\n\n\n\n<p>\u00catre membre affili\u00e9 actif \u00e0 l\u2019Association canadienne de gestion de l\u2019information sur la sant\u00e9.<\/p>\n\n\n\n<div class=\"wp-block-buttons is-layout-flex wp-block-buttons-is-layout-flex\"><\/div>\n\n\n\n<p><strong>\u00c9tape 2<\/strong><\/p>\n\n\n\n<p>Passez en revue le guide CHIM NCE du Coll\u00e8ge canadien de gestion de l\u2019information sur la sant\u00e9 et suivez les \u00e9tapes fournies.<\/p>\n\n\n\n<div class=\"wp-block-buttons is-layout-flex wp-block-buttons-is-layout-flex\"><\/div>\n\n\n\n\n","protected":false},"excerpt":{"rendered":"<p>Accord de r\u00e9ciprocit\u00e9 de l\u2019American Health Information Management Association (AHIMA) Le Coll\u00e8ge canadien de gestion de l\u2019information sur la sant\u00e9 a conclu une entente de r\u00e9ciprocit\u00e9 avec l\u2019American Health Information Management Association (AHIMA). Cette entente permet aux titulaires de la d\u00e9signation de technicien d\u2019information&#8230;<\/p>\n","protected":false},"author":10,"featured_media":0,"parent":867551,"menu_order":0,"comment_status":"closed","ping_status":"closed","template":"","meta":{"footnotes":""},"class_list":["post-874274","page","type-page","status-publish","hentry"],"yoast_head":"<!-- This site is optimized with the Yoast SEO Premium plugin v26.2 (Yoast SEO v27.3) - https:\/\/yoast.com\/product\/yoast-seo-premium-wordpress\/ -->\n<title>Accord de r\u00e9ciprocit\u00e9 de l\u2019American Health Information Management Association (AHIMA) - Canadian College of Health Information Management<\/title>\n<meta name=\"description\" content=\"Accord de r\u00e9ciprocit\u00e9 de l\u2019American Health Information Management Association (AHIMA) Le Coll\u00e8ge canadien de gestion de l\u2019information sur la sant\u00e9 a\" \/>\n<meta name=\"robots\" content=\"index, follow, max-snippet:-1, max-image-preview:large, max-video-preview:-1\" \/>\n<link rel=\"canonical\" href=\"https:\/\/cchim.ca\/fr\/certification\/chim\/american-health-information-management-association-ahima-reciprocal-agreement\/\" \/>\n<meta property=\"og:locale\" content=\"fr_CA\" \/>\n<meta property=\"og:type\" content=\"article\" \/>\n<meta property=\"og:title\" content=\"Accord de r\u00e9ciprocit\u00e9 de l\u2019American Health Information Management Association (AHIMA)\" \/>\n<meta property=\"og:description\" content=\"Accord de r\u00e9ciprocit\u00e9 de l\u2019American Health Information Management Association (AHIMA) Le Coll\u00e8ge canadien de gestion de l\u2019information sur la sant\u00e9 a\" \/>\n<meta property=\"og:url\" content=\"https:\/\/cchim.ca\/fr\/certification\/chim\/american-health-information-management-association-ahima-reciprocal-agreement\/\" \/>\n<meta property=\"og:site_name\" content=\"Canadian College of Health Information Management\" \/>\n<meta property=\"article:modified_time\" content=\"2024-09-07T22:26:13+00:00\" \/>\n<meta name=\"twitter:card\" content=\"summary_large_image\" \/>\n<meta name=\"twitter:label1\" content=\"Estimation du temps de lecture\" \/>\n\t<meta name=\"twitter:data1\" content=\"1 minute\" \/>\n<script type=\"application\/ld+json\" class=\"yoast-schema-graph\">{\"@context\":\"https:\\\/\\\/schema.org\",\"@graph\":[{\"@type\":\"WebPage\",\"@id\":\"https:\\\/\\\/cchim.ca\\\/fr\\\/certification\\\/chim\\\/american-health-information-management-association-ahima-reciprocal-agreement\\\/\",\"url\":\"https:\\\/\\\/cchim.ca\\\/fr\\\/certification\\\/chim\\\/american-health-information-management-association-ahima-reciprocal-agreement\\\/\",\"name\":\"Accord de r\u00e9ciprocit\u00e9 de l\u2019American Health Information Management Association (AHIMA) - Canadian College of Health Information Management\",\"isPartOf\":{\"@id\":\"https:\\\/\\\/cchim.ca\\\/#website\"},\"datePublished\":\"2022-02-22T22:55:52+00:00\",\"dateModified\":\"2024-09-07T22:26:13+00:00\",\"description\":\"Accord de r\u00e9ciprocit\u00e9 de l\u2019American Health Information Management Association (AHIMA) Le Coll\u00e8ge canadien de gestion de l\u2019information sur la sant\u00e9 a\",\"breadcrumb\":{\"@id\":\"https:\\\/\\\/cchim.ca\\\/fr\\\/certification\\\/chim\\\/american-health-information-management-association-ahima-reciprocal-agreement\\\/#breadcrumb\"},\"inLanguage\":\"fr-CA\",\"potentialAction\":[{\"@type\":\"ReadAction\",\"target\":[\"https:\\\/\\\/cchim.ca\\\/fr\\\/certification\\\/chim\\\/american-health-information-management-association-ahima-reciprocal-agreement\\\/\"]}]},{\"@type\":\"BreadcrumbList\",\"@id\":\"https:\\\/\\\/cchim.ca\\\/fr\\\/certification\\\/chim\\\/american-health-information-management-association-ahima-reciprocal-agreement\\\/#breadcrumb\",\"itemListElement\":[{\"@type\":\"ListItem\",\"position\":1,\"name\":\"Home\",\"item\":\"https:\\\/\\\/cchim.ca\\\/\"},{\"@type\":\"ListItem\",\"position\":2,\"name\":\"La certification\",\"item\":\"https:\\\/\\\/cchim.ca\\\/fr\\\/certification\\\/\"},{\"@type\":\"ListItem\",\"position\":3,\"name\":\"CHIM\",\"item\":\"https:\\\/\\\/cchim.ca\\\/fr\\\/certification\\\/chim\\\/\"},{\"@type\":\"ListItem\",\"position\":4,\"name\":\"Accord de r\u00e9ciprocit\u00e9 de l\u2019American Health Information Management Association (AHIMA)\"}]},{\"@type\":\"WebSite\",\"@id\":\"https:\\\/\\\/cchim.ca\\\/#website\",\"url\":\"https:\\\/\\\/cchim.ca\\\/\",\"name\":\"Canadian College of Health Information Management\",\"description\":\"Accrediting academic institutions and certifying health information professionals\",\"publisher\":{\"@id\":\"https:\\\/\\\/cchim.ca\\\/#organization\"},\"alternateName\":\"CCHIM\",\"potentialAction\":[{\"@type\":\"SearchAction\",\"target\":{\"@type\":\"EntryPoint\",\"urlTemplate\":\"https:\\\/\\\/cchim.ca\\\/?s={search_term_string}\"},\"query-input\":{\"@type\":\"PropertyValueSpecification\",\"valueRequired\":true,\"valueName\":\"search_term_string\"}}],\"inLanguage\":\"fr-CA\"},{\"@type\":\"Organization\",\"@id\":\"https:\\\/\\\/cchim.ca\\\/#organization\",\"name\":\"Canadian College of Health Information Management\",\"alternateName\":\"CCHIM\",\"url\":\"https:\\\/\\\/cchim.ca\\\/\",\"logo\":{\"@type\":\"ImageObject\",\"inLanguage\":\"fr-CA\",\"@id\":\"https:\\\/\\\/cchim.ca\\\/#\\\/schema\\\/logo\\\/image\\\/\",\"url\":\"https:\\\/\\\/cchim.ca\\\/wp-content\\\/uploads\\\/2020\\\/08\\\/cropped-favicon.webp\",\"contentUrl\":\"https:\\\/\\\/cchim.ca\\\/wp-content\\\/uploads\\\/2020\\\/08\\\/cropped-favicon.webp\",\"width\":512,\"height\":512,\"caption\":\"Canadian College of Health Information Management\"},\"image\":{\"@id\":\"https:\\\/\\\/cchim.ca\\\/#\\\/schema\\\/logo\\\/image\\\/\"},\"description\":\"Canadian College of Health Information Management\",\"email\":\"support@echima.ca\",\"legalName\":\"Canadian College of Health Information Management\",\"foundingDate\":\"1972-09-07\",\"numberOfEmployees\":{\"@type\":\"QuantitativeValue\",\"minValue\":\"11\",\"maxValue\":\"50\"}}]}<\/script>\n<!-- \/ Yoast SEO Premium plugin. -->","yoast_head_json":{"title":"Accord de r\u00e9ciprocit\u00e9 de l\u2019American Health Information Management Association (AHIMA) - Canadian College of Health Information Management","description":"Accord de r\u00e9ciprocit\u00e9 de l\u2019American Health Information Management Association (AHIMA) Le Coll\u00e8ge canadien de gestion de l\u2019information sur la sant\u00e9 a","robots":{"index":"index","follow":"follow","max-snippet":"max-snippet:-1","max-image-preview":"max-image-preview:large","max-video-preview":"max-video-preview:-1"},"canonical":"https:\/\/cchim.ca\/fr\/certification\/chim\/american-health-information-management-association-ahima-reciprocal-agreement\/","og_locale":"fr_CA","og_type":"article","og_title":"Accord de r\u00e9ciprocit\u00e9 de l\u2019American Health Information Management Association (AHIMA)","og_description":"Accord de r\u00e9ciprocit\u00e9 de l\u2019American Health Information Management Association (AHIMA) Le Coll\u00e8ge canadien de gestion de l\u2019information sur la sant\u00e9 a","og_url":"https:\/\/cchim.ca\/fr\/certification\/chim\/american-health-information-management-association-ahima-reciprocal-agreement\/","og_site_name":"Canadian College of Health Information Management","article_modified_time":"2024-09-07T22:26:13+00:00","twitter_card":"summary_large_image","twitter_misc":{"Estimation du temps de lecture":"1 minute"},"schema":{"@context":"https:\/\/schema.org","@graph":[{"@type":"WebPage","@id":"https:\/\/cchim.ca\/fr\/certification\/chim\/american-health-information-management-association-ahima-reciprocal-agreement\/","url":"https:\/\/cchim.ca\/fr\/certification\/chim\/american-health-information-management-association-ahima-reciprocal-agreement\/","name":"Accord de r\u00e9ciprocit\u00e9 de l\u2019American Health Information Management Association (AHIMA) - Canadian College of Health Information Management","isPartOf":{"@id":"https:\/\/cchim.ca\/#website"},"datePublished":"2022-02-22T22:55:52+00:00","dateModified":"2024-09-07T22:26:13+00:00","description":"Accord de r\u00e9ciprocit\u00e9 de l\u2019American Health Information Management Association (AHIMA) Le Coll\u00e8ge canadien de gestion de l\u2019information sur la sant\u00e9 a","breadcrumb":{"@id":"https:\/\/cchim.ca\/fr\/certification\/chim\/american-health-information-management-association-ahima-reciprocal-agreement\/#breadcrumb"},"inLanguage":"fr-CA","potentialAction":[{"@type":"ReadAction","target":["https:\/\/cchim.ca\/fr\/certification\/chim\/american-health-information-management-association-ahima-reciprocal-agreement\/"]}]},{"@type":"BreadcrumbList","@id":"https:\/\/cchim.ca\/fr\/certification\/chim\/american-health-information-management-association-ahima-reciprocal-agreement\/#breadcrumb","itemListElement":[{"@type":"ListItem","position":1,"name":"Home","item":"https:\/\/cchim.ca\/"},{"@type":"ListItem","position":2,"name":"La certification","item":"https:\/\/cchim.ca\/fr\/certification\/"},{"@type":"ListItem","position":3,"name":"CHIM","item":"https:\/\/cchim.ca\/fr\/certification\/chim\/"},{"@type":"ListItem","position":4,"name":"Accord de r\u00e9ciprocit\u00e9 de l\u2019American Health Information Management Association (AHIMA)"}]},{"@type":"WebSite","@id":"https:\/\/cchim.ca\/#website","url":"https:\/\/cchim.ca\/","name":"Canadian College of Health Information Management","description":"Accrediting academic institutions and certifying health information professionals","publisher":{"@id":"https:\/\/cchim.ca\/#organization"},"alternateName":"CCHIM","potentialAction":[{"@type":"SearchAction","target":{"@type":"EntryPoint","urlTemplate":"https:\/\/cchim.ca\/?s={search_term_string}"},"query-input":{"@type":"PropertyValueSpecification","valueRequired":true,"valueName":"search_term_string"}}],"inLanguage":"fr-CA"},{"@type":"Organization","@id":"https:\/\/cchim.ca\/#organization","name":"Canadian College of Health Information Management","alternateName":"CCHIM","url":"https:\/\/cchim.ca\/","logo":{"@type":"ImageObject","inLanguage":"fr-CA","@id":"https:\/\/cchim.ca\/#\/schema\/logo\/image\/","url":"https:\/\/cchim.ca\/wp-content\/uploads\/2020\/08\/cropped-favicon.webp","contentUrl":"https:\/\/cchim.ca\/wp-content\/uploads\/2020\/08\/cropped-favicon.webp","width":512,"height":512,"caption":"Canadian College of Health Information Management"},"image":{"@id":"https:\/\/cchim.ca\/#\/schema\/logo\/image\/"},"description":"Canadian College of Health Information Management","email":"support@echima.ca","legalName":"Canadian College of Health Information Management","foundingDate":"1972-09-07","numberOfEmployees":{"@type":"QuantitativeValue","minValue":"11","maxValue":"50"}}]}},"_links":{"self":[{"href":"https:\/\/cchim.ca\/fr\/wp-json\/wp\/v2\/pages\/874274","targetHints":{"allow":["GET"]}}],"collection":[{"href":"https:\/\/cchim.ca\/fr\/wp-json\/wp\/v2\/pages"}],"about":[{"href":"https:\/\/cchim.ca\/fr\/wp-json\/wp\/v2\/types\/page"}],"author":[{"embeddable":true,"href":"https:\/\/cchim.ca\/fr\/wp-json\/wp\/v2\/users\/10"}],"replies":[{"embeddable":true,"href":"https:\/\/cchim.ca\/fr\/wp-json\/wp\/v2\/comments?post=874274"}],"version-history":[{"count":0,"href":"https:\/\/cchim.ca\/fr\/wp-json\/wp\/v2\/pages\/874274\/revisions"}],"up":[{"embeddable":true,"href":"https:\/\/cchim.ca\/fr\/wp-json\/wp\/v2\/pages\/867551"}],"wp:attachment":[{"href":"https:\/\/cchim.ca\/fr\/wp-json\/wp\/v2\/media?parent=874274"}],"curies":[{"name":"wp","href":"https:\/\/api.w.org\/{rel}","templated":true}]}}