{"id":874258,"date":"2022-02-17T16:21:23","date_gmt":"2022-02-17T21:21:23","guid":{"rendered":"https:\/\/cchim.ca\/?page_id=874258"},"modified":"2022-02-17T16:21:23","modified_gmt":"2022-02-17T21:21:23","slug":"foire-aux-questions%ef%bf%bc","status":"publish","type":"page","link":"https:\/\/cchim.ca\/fr\/membres\/foire-aux-questions%ef%bf%bc\/","title":{"rendered":"Foire aux questions\ufffc"},"content":{"rendered":"\n<h1 class=\"wp-block-heading\" id=\"foire-aux-questions\">Foire aux questions<\/h1>\n\n\n\n<div class=\"wp-block-pb-section alignfull is-style-white\"><div class=\"o-container\">\n<div class=\"o-row\">\n<div class=\"o-col u-8of12-md\">\n<div class=\"wp-block-pb-accordion-item c-accordion__item js-accordion-item no-js\" data-initially-open=\"false\" data-click-to-close=\"true\" data-auto-close=\"true\" data-scroll=\"false\" data-scroll-offset=\"0\"><h2 id=\"at-8742580\" class=\"c-accordion__title js-accordion-controller\" role=\"button\">Comment puis-je devenir membre du Coll\u00e8ge canadien des gestionnaires de l\u2019information de sant\u00e9?<\/h2><div id=\"ac-8742580\" class=\"c-accordion__content\">\n<p>Pour en savoir plus sur l\u2019adh\u00e9sion, cliquez\u00a0<a href=\"https:\/\/cchim.ca\/members\/\">ici<\/a>. <\/p>\n<\/div><\/div>\n\n\n\n<div class=\"wp-block-pb-accordion-item c-accordion__item js-accordion-item no-js\" data-initially-open=\"false\" data-click-to-close=\"true\" data-auto-close=\"true\" data-scroll=\"false\" data-scroll-offset=\"0\"><h2 id=\"at-8742581\" class=\"c-accordion__title js-accordion-controller\" role=\"button\">Je suis membre de la CHIMA. Suis-je donc \u00e9galement membre du Coll\u00e8ge?<\/h2><div id=\"ac-8742581\" class=\"c-accordion__content\">\n<p>Non. Seuls les professionnels dont l\u2019adh\u00e9sion aupr\u00e8s du Coll\u00e8ge canadien des gestionnaires de l\u2019information de sant\u00e9 est en r\u00e8gle sont membres du Coll\u00e8ge.<\/p>\n\n\n\n<p>L\u2019adh\u00e9sion \u00e0 la CHIMA est ouverte aux \u00e9tudiants et affili\u00e9s. Veuillez visiter le\u00a0<a href=\"https:\/\/www.echima.ca\/membership\/\">site Web de la CHIMA<\/a>\u00a0pour en savoir plus. <\/p>\n<\/div><\/div>\n\n\n\n<div class=\"wp-block-pb-accordion-item c-accordion__item js-accordion-item no-js\" data-initially-open=\"false\" data-click-to-close=\"true\" data-auto-close=\"true\" data-scroll=\"false\" data-scroll-offset=\"0\"><h2 id=\"at-8742582\" class=\"c-accordion__title js-accordion-controller\" role=\"button\">Je n\u2019ai pas renouvel\u00e9 mon certificat. Comment le renouveler?<\/h2><div id=\"ac-8742582\" class=\"c-accordion__content\">\n<p>Consultez la page\u00a0<a href=\"https:\/\/cchim.ca\/certification\/recertification\/\">Renouvellement du certificat<\/a>.<\/p>\n<\/div><\/div>\n<\/div>\n\n\n\n<div class=\"o-col u-3of12-md u-offset-1of12-md\">\n<a class=\"wp-block-pb-card is-style-light-pattern\" href=\"\/members\/contact-the-college\/\"><div class=\"wp-block-pb-card__content\">\n<p class=\"has-text-align-center is-style-intro\">Contacter le Coll\u00e8ge<\/p>\n<\/div><\/a>\n<\/div>\n<\/div>\n<\/div><\/div>\n\n\n\n<div class=\"wp-block-pb-section alignfull is-style-white\"><div class=\"o-container\">\n<div class=\"o-row\">\n<div class=\"o-col u-8of12-md u-offset-1of12-md\"><\/div>\n<\/div>\n<\/div><\/div>\n","protected":false},"excerpt":{"rendered":"<p>Foire aux questions<\/p>\n","protected":false},"author":8,"featured_media":0,"parent":867547,"menu_order":0,"comment_status":"closed","ping_status":"closed","template":"","meta":{"footnotes":""},"class_list":["post-874258","page","type-page","status-publish","hentry"],"yoast_head":"<!-- This site is optimized with the Yoast SEO Premium plugin v26.2 (Yoast SEO v27.3) - https:\/\/yoast.com\/product\/yoast-seo-premium-wordpress\/ -->\n<title>Foire aux questions\ufffc - Canadian College of Health Information Management<\/title>\n<meta name=\"description\" content=\"Foire aux questions Comment puis-je devenir membre du Coll\u00e8ge canadien des gestionnaires de l\u2019information de sant\u00e9? Pour en savoir plus sur l\u2019adh\u00e9sion,\" \/>\n<meta name=\"robots\" content=\"index, follow, max-snippet:-1, max-image-preview:large, max-video-preview:-1\" \/>\n<link rel=\"canonical\" href=\"https:\/\/cchim.ca\/members\/frequently-asked-questions\/\" \/>\n<meta property=\"og:locale\" content=\"fr_CA\" \/>\n<meta property=\"og:type\" content=\"article\" \/>\n<meta property=\"og:title\" content=\"Foire aux questions\ufffc\" \/>\n<meta property=\"og:description\" content=\"Foire aux questions Comment puis-je devenir membre du Coll\u00e8ge canadien des gestionnaires de l\u2019information de sant\u00e9? Pour en savoir plus sur l\u2019adh\u00e9sion,\" \/>\n<meta property=\"og:url\" content=\"https:\/\/cchim.ca\/members\/frequently-asked-questions\/\" \/>\n<meta property=\"og:site_name\" content=\"Canadian College of Health Information Management\" \/>\n<meta name=\"twitter:card\" content=\"summary_large_image\" \/>\n<meta name=\"twitter:label1\" content=\"Estimation du temps de lecture\" \/>\n\t<meta name=\"twitter:data1\" content=\"1 minute\" \/>\n<script type=\"application\/ld+json\" class=\"yoast-schema-graph\">{\"@context\":\"https:\\\/\\\/schema.org\",\"@graph\":[{\"@type\":\"WebPage\",\"@id\":\"https:\\\/\\\/cchim.ca\\\/members\\\/frequently-asked-questions\\\/\",\"url\":\"https:\\\/\\\/cchim.ca\\\/members\\\/frequently-asked-questions\\\/\",\"name\":\"Foire aux questions\ufffc - Canadian College of Health Information Management\",\"isPartOf\":{\"@id\":\"https:\\\/\\\/cchim.ca\\\/#website\"},\"datePublished\":\"2022-02-17T21:21:23+00:00\",\"description\":\"Foire aux questions Comment puis-je devenir membre du Coll\u00e8ge canadien des gestionnaires de l\u2019information de sant\u00e9? Pour en savoir plus sur l\u2019adh\u00e9sion,\",\"breadcrumb\":{\"@id\":\"https:\\\/\\\/cchim.ca\\\/members\\\/frequently-asked-questions\\\/#breadcrumb\"},\"inLanguage\":\"fr-CA\",\"potentialAction\":[{\"@type\":\"ReadAction\",\"target\":[\"https:\\\/\\\/cchim.ca\\\/members\\\/frequently-asked-questions\\\/\"]}]},{\"@type\":\"BreadcrumbList\",\"@id\":\"https:\\\/\\\/cchim.ca\\\/members\\\/frequently-asked-questions\\\/#breadcrumb\",\"itemListElement\":[{\"@type\":\"ListItem\",\"position\":1,\"name\":\"Home\",\"item\":\"https:\\\/\\\/cchim.ca\\\/\"},{\"@type\":\"ListItem\",\"position\":2,\"name\":\"Membres\",\"item\":\"https:\\\/\\\/cchim.ca\\\/fr\\\/membres\\\/\"},{\"@type\":\"ListItem\",\"position\":3,\"name\":\"Foire aux questions\ufffc\"}]},{\"@type\":\"WebSite\",\"@id\":\"https:\\\/\\\/cchim.ca\\\/#website\",\"url\":\"https:\\\/\\\/cchim.ca\\\/\",\"name\":\"Canadian College of Health Information Management\",\"description\":\"Accrediting academic institutions and certifying health information professionals\",\"publisher\":{\"@id\":\"https:\\\/\\\/cchim.ca\\\/#organization\"},\"alternateName\":\"CCHIM\",\"potentialAction\":[{\"@type\":\"SearchAction\",\"target\":{\"@type\":\"EntryPoint\",\"urlTemplate\":\"https:\\\/\\\/cchim.ca\\\/?s={search_term_string}\"},\"query-input\":{\"@type\":\"PropertyValueSpecification\",\"valueRequired\":true,\"valueName\":\"search_term_string\"}}],\"inLanguage\":\"fr-CA\"},{\"@type\":\"Organization\",\"@id\":\"https:\\\/\\\/cchim.ca\\\/#organization\",\"name\":\"Canadian College of Health Information Management\",\"alternateName\":\"CCHIM\",\"url\":\"https:\\\/\\\/cchim.ca\\\/\",\"logo\":{\"@type\":\"ImageObject\",\"inLanguage\":\"fr-CA\",\"@id\":\"https:\\\/\\\/cchim.ca\\\/#\\\/schema\\\/logo\\\/image\\\/\",\"url\":\"https:\\\/\\\/cchim.ca\\\/wp-content\\\/uploads\\\/2020\\\/08\\\/cropped-favicon.webp\",\"contentUrl\":\"https:\\\/\\\/cchim.ca\\\/wp-content\\\/uploads\\\/2020\\\/08\\\/cropped-favicon.webp\",\"width\":512,\"height\":512,\"caption\":\"Canadian College of Health Information Management\"},\"image\":{\"@id\":\"https:\\\/\\\/cchim.ca\\\/#\\\/schema\\\/logo\\\/image\\\/\"},\"description\":\"Canadian College of Health Information Management\",\"email\":\"support@echima.ca\",\"legalName\":\"Canadian College of Health Information Management\",\"foundingDate\":\"1972-09-07\",\"numberOfEmployees\":{\"@type\":\"QuantitativeValue\",\"minValue\":\"11\",\"maxValue\":\"50\"}}]}<\/script>\n<!-- \/ Yoast SEO Premium plugin. -->","yoast_head_json":{"title":"Foire aux questions\ufffc - Canadian College of Health Information Management","description":"Foire aux questions Comment puis-je devenir membre du Coll\u00e8ge canadien des gestionnaires de l\u2019information de sant\u00e9? Pour en savoir plus sur l\u2019adh\u00e9sion,","robots":{"index":"index","follow":"follow","max-snippet":"max-snippet:-1","max-image-preview":"max-image-preview:large","max-video-preview":"max-video-preview:-1"},"canonical":"https:\/\/cchim.ca\/members\/frequently-asked-questions\/","og_locale":"fr_CA","og_type":"article","og_title":"Foire aux questions\ufffc","og_description":"Foire aux questions Comment puis-je devenir membre du Coll\u00e8ge canadien des gestionnaires de l\u2019information de sant\u00e9? Pour en savoir plus sur l\u2019adh\u00e9sion,","og_url":"https:\/\/cchim.ca\/members\/frequently-asked-questions\/","og_site_name":"Canadian College of Health Information Management","twitter_card":"summary_large_image","twitter_misc":{"Estimation du temps de lecture":"1 minute"},"schema":{"@context":"https:\/\/schema.org","@graph":[{"@type":"WebPage","@id":"https:\/\/cchim.ca\/members\/frequently-asked-questions\/","url":"https:\/\/cchim.ca\/members\/frequently-asked-questions\/","name":"Foire aux questions\ufffc - Canadian College of Health Information Management","isPartOf":{"@id":"https:\/\/cchim.ca\/#website"},"datePublished":"2022-02-17T21:21:23+00:00","description":"Foire aux questions Comment puis-je devenir membre du Coll\u00e8ge canadien des gestionnaires de l\u2019information de sant\u00e9? Pour en savoir plus sur l\u2019adh\u00e9sion,","breadcrumb":{"@id":"https:\/\/cchim.ca\/members\/frequently-asked-questions\/#breadcrumb"},"inLanguage":"fr-CA","potentialAction":[{"@type":"ReadAction","target":["https:\/\/cchim.ca\/members\/frequently-asked-questions\/"]}]},{"@type":"BreadcrumbList","@id":"https:\/\/cchim.ca\/members\/frequently-asked-questions\/#breadcrumb","itemListElement":[{"@type":"ListItem","position":1,"name":"Home","item":"https:\/\/cchim.ca\/"},{"@type":"ListItem","position":2,"name":"Membres","item":"https:\/\/cchim.ca\/fr\/membres\/"},{"@type":"ListItem","position":3,"name":"Foire aux questions\ufffc"}]},{"@type":"WebSite","@id":"https:\/\/cchim.ca\/#website","url":"https:\/\/cchim.ca\/","name":"Canadian College of Health Information Management","description":"Accrediting academic institutions and certifying health information professionals","publisher":{"@id":"https:\/\/cchim.ca\/#organization"},"alternateName":"CCHIM","potentialAction":[{"@type":"SearchAction","target":{"@type":"EntryPoint","urlTemplate":"https:\/\/cchim.ca\/?s={search_term_string}"},"query-input":{"@type":"PropertyValueSpecification","valueRequired":true,"valueName":"search_term_string"}}],"inLanguage":"fr-CA"},{"@type":"Organization","@id":"https:\/\/cchim.ca\/#organization","name":"Canadian College of Health Information Management","alternateName":"CCHIM","url":"https:\/\/cchim.ca\/","logo":{"@type":"ImageObject","inLanguage":"fr-CA","@id":"https:\/\/cchim.ca\/#\/schema\/logo\/image\/","url":"https:\/\/cchim.ca\/wp-content\/uploads\/2020\/08\/cropped-favicon.webp","contentUrl":"https:\/\/cchim.ca\/wp-content\/uploads\/2020\/08\/cropped-favicon.webp","width":512,"height":512,"caption":"Canadian College of Health Information Management"},"image":{"@id":"https:\/\/cchim.ca\/#\/schema\/logo\/image\/"},"description":"Canadian College of Health Information Management","email":"support@echima.ca","legalName":"Canadian College of Health Information Management","foundingDate":"1972-09-07","numberOfEmployees":{"@type":"QuantitativeValue","minValue":"11","maxValue":"50"}}]}},"_links":{"self":[{"href":"https:\/\/cchim.ca\/fr\/wp-json\/wp\/v2\/pages\/874258","targetHints":{"allow":["GET"]}}],"collection":[{"href":"https:\/\/cchim.ca\/fr\/wp-json\/wp\/v2\/pages"}],"about":[{"href":"https:\/\/cchim.ca\/fr\/wp-json\/wp\/v2\/types\/page"}],"author":[{"embeddable":true,"href":"https:\/\/cchim.ca\/fr\/wp-json\/wp\/v2\/users\/8"}],"replies":[{"embeddable":true,"href":"https:\/\/cchim.ca\/fr\/wp-json\/wp\/v2\/comments?post=874258"}],"version-history":[{"count":0,"href":"https:\/\/cchim.ca\/fr\/wp-json\/wp\/v2\/pages\/874258\/revisions"}],"up":[{"embeddable":true,"href":"https:\/\/cchim.ca\/fr\/wp-json\/wp\/v2\/pages\/867547"}],"wp:attachment":[{"href":"https:\/\/cchim.ca\/fr\/wp-json\/wp\/v2\/media?parent=874258"}],"curies":[{"name":"wp","href":"https:\/\/api.w.org\/{rel}","templated":true}]}}