{"id":874192,"date":"2021-03-10T14:11:00","date_gmt":"2021-03-10T19:11:00","guid":{"rendered":"https:\/\/cchim.ca\/?page_id=874192"},"modified":"2024-11-21T13:23:56","modified_gmt":"2024-11-21T18:23:56","slug":"entente-de-reciprocite-avec-lhealth-information-management-association-of-australia-limited-himaa","status":"publish","type":"page","link":"https:\/\/cchim.ca\/fr\/entente-de-reciprocite-avec-lhealth-information-management-association-of-australia-limited-himaa\/","title":{"rendered":"Accord de r\u00e9ciprocit\u00e9 de la Health Information Management Association of Australia Limited (HIMAA)"},"content":{"rendered":"\n<h1 class=\"wp-block-heading\" id=\"h-health-information-management-association-of-australia-limited-himaa-reciprocal-agreement\">Accord de r\u00e9ciprocit\u00e9 de la Health Information Management Association of Australia Limited (HIMAA)<\/h1>\n\n<p>Le Coll\u00e8ge canadien de gestion de l\u2019information sur la sant\u00e9 a conclu une entente de r\u00e9ciprocit\u00e9 avec la Health Information Management Association of Australia Limited (HIMAA). Les membres de l\u2019HIMAA peuvent devenir des professionnels certifi\u00e9s de la gestion de l\u2019information sur la sant\u00e9 (CHIM) au Canada gr\u00e2ce \u00e0 cette voie de classement avanc\u00e9e.   <\/p>\n\n<h2 class=\"wp-block-heading\" id=\"h-eligibility\">Conditions d\u2019admissibilit\u00e9<\/h2>\n\n<p>Pour \u00eatre admissible en vertu de l\u2019entente de r\u00e9ciprocit\u00e9 himaa, l\u2019Ordre exige une preuve de ce qui suit :<\/p>\n\n<ol class=\"wp-block-list\">\n<li>l\u2019obtention d\u2019un dipl\u00f4me de premier cycle d\u2019un programme de gestion de l\u2019information sur la sant\u00e9 en Australie\u00a0; et<\/li>\n\n\n\n<li>Confirmation de l\u2019adh\u00e9sion active \u00e0 HIMAA.<\/li>\n<\/ol>\n\n<h2 class=\"wp-block-heading\" id=\"h-application-process\">Processus de demande<\/h2>\n\n<p><strong>\u00c9tape 1<\/strong><\/p>\n\n<p>\u00catre membre affili\u00e9 actif \u00e0 l\u2019Association canadienne de gestion de l\u2019information sur la sant\u00e9.<\/p>\n\n<div class=\"wp-block-buttons is-layout-flex wp-block-buttons-is-layout-flex\">\n<div class=\"wp-block-button\"><a class=\"wp-block-button__link wp-element-button\" href=\"https:\/\/healthinfocanada.ca\/membership\/affiliate-chima-membership\/\" target=\"_blank\" rel=\"noreferrer noopener\">Acheter un abonnement affili\u00e9 \u00e0 l\u2019ACIDS<\/a><\/div>\n<\/div>\n\n<p><strong>\u00c9tape 2<\/strong><\/p>\n\n<p>Passez en revue le guide CHIM NCE du Coll\u00e8ge canadien de gestion de l\u2019information sur la sant\u00e9 et suivez les \u00e9tapes fournies.<\/p>\n\n<div class=\"wp-block-buttons is-layout-flex wp-block-buttons-is-layout-flex\">\n<div class=\"wp-block-button\"><a class=\"wp-block-button__link wp-element-button\" href=\"https:\/\/cchim.ca\/certification\/chim\/#chim-guide\">Consultez le guide CHIM NCE<\/a><\/div>\n<\/div>\n\n\n","protected":false},"excerpt":{"rendered":"<p>Accord de r\u00e9ciprocit\u00e9 de la Health Information Management Association of Australia Limited (HIMAA) Le Coll\u00e8ge canadien de gestion de l\u2019information sur la sant\u00e9 a conclu une entente de r\u00e9ciprocit\u00e9 avec la Health Information Management Association of Australia Limited (HIMAA). Les membres de l\u2019HIMAA peuvent&#8230;<\/p>\n","protected":false},"author":10,"featured_media":0,"parent":0,"menu_order":0,"comment_status":"closed","ping_status":"closed","template":"","meta":{"footnotes":""},"class_list":["post-874192","page","type-page","status-publish","hentry"],"yoast_head":"<!-- This site is optimized with the Yoast SEO Premium plugin v26.2 (Yoast SEO v27.3) - https:\/\/yoast.com\/product\/yoast-seo-premium-wordpress\/ -->\n<title>Accord de r\u00e9ciprocit\u00e9 de la Health Information Management Association of Australia Limited (HIMAA) - Canadian College of Health Information Management<\/title>\n<meta name=\"description\" content=\"Accord de r\u00e9ciprocit\u00e9 de la Health Information Management Association of Australia Limited (HIMAA) Le Coll\u00e8ge canadien de gestion de l\u2019information sur la\" \/>\n<meta name=\"robots\" content=\"index, follow, max-snippet:-1, max-image-preview:large, max-video-preview:-1\" \/>\n<link rel=\"canonical\" href=\"https:\/\/cchim.ca\/fr\/entente-de-reciprocite-avec-lhealth-information-management-association-of-australia-limited-himaa\/\" \/>\n<meta property=\"og:locale\" content=\"fr_CA\" \/>\n<meta property=\"og:type\" content=\"article\" \/>\n<meta property=\"og:title\" content=\"Accord de r\u00e9ciprocit\u00e9 de la Health Information Management Association of Australia Limited (HIMAA)\" \/>\n<meta property=\"og:description\" content=\"Accord de r\u00e9ciprocit\u00e9 de la Health Information Management Association of Australia Limited (HIMAA) Le Coll\u00e8ge canadien de gestion de l\u2019information sur la\" \/>\n<meta property=\"og:url\" content=\"https:\/\/cchim.ca\/fr\/entente-de-reciprocite-avec-lhealth-information-management-association-of-australia-limited-himaa\/\" \/>\n<meta property=\"og:site_name\" content=\"Canadian College of Health Information Management\" \/>\n<meta property=\"article:modified_time\" content=\"2024-11-21T18:23:56+00:00\" \/>\n<meta name=\"twitter:card\" content=\"summary_large_image\" \/>\n<meta name=\"twitter:label1\" content=\"Estimation du temps de lecture\" \/>\n\t<meta name=\"twitter:data1\" content=\"1 minute\" \/>\n<script type=\"application\/ld+json\" class=\"yoast-schema-graph\">{\"@context\":\"https:\\\/\\\/schema.org\",\"@graph\":[{\"@type\":\"WebPage\",\"@id\":\"https:\\\/\\\/cchim.ca\\\/fr\\\/entente-de-reciprocite-avec-lhealth-information-management-association-of-australia-limited-himaa\\\/\",\"url\":\"https:\\\/\\\/cchim.ca\\\/fr\\\/entente-de-reciprocite-avec-lhealth-information-management-association-of-australia-limited-himaa\\\/\",\"name\":\"Accord de r\u00e9ciprocit\u00e9 de la Health Information Management Association of Australia Limited (HIMAA) - Canadian College of Health Information Management\",\"isPartOf\":{\"@id\":\"https:\\\/\\\/cchim.ca\\\/#website\"},\"datePublished\":\"2021-03-10T19:11:00+00:00\",\"dateModified\":\"2024-11-21T18:23:56+00:00\",\"description\":\"Accord de r\u00e9ciprocit\u00e9 de la Health Information Management Association of Australia Limited (HIMAA) Le Coll\u00e8ge canadien de gestion de l\u2019information sur la\",\"breadcrumb\":{\"@id\":\"https:\\\/\\\/cchim.ca\\\/fr\\\/entente-de-reciprocite-avec-lhealth-information-management-association-of-australia-limited-himaa\\\/#breadcrumb\"},\"inLanguage\":\"fr-CA\",\"potentialAction\":[{\"@type\":\"ReadAction\",\"target\":[\"https:\\\/\\\/cchim.ca\\\/fr\\\/entente-de-reciprocite-avec-lhealth-information-management-association-of-australia-limited-himaa\\\/\"]}]},{\"@type\":\"BreadcrumbList\",\"@id\":\"https:\\\/\\\/cchim.ca\\\/fr\\\/entente-de-reciprocite-avec-lhealth-information-management-association-of-australia-limited-himaa\\\/#breadcrumb\",\"itemListElement\":[{\"@type\":\"ListItem\",\"position\":1,\"name\":\"Home\",\"item\":\"https:\\\/\\\/cchim.ca\\\/\"},{\"@type\":\"ListItem\",\"position\":2,\"name\":\"Accord de r\u00e9ciprocit\u00e9 de la Health Information Management Association of Australia Limited (HIMAA)\"}]},{\"@type\":\"WebSite\",\"@id\":\"https:\\\/\\\/cchim.ca\\\/#website\",\"url\":\"https:\\\/\\\/cchim.ca\\\/\",\"name\":\"Canadian College of Health Information Management\",\"description\":\"Accrediting academic institutions and certifying health information professionals\",\"publisher\":{\"@id\":\"https:\\\/\\\/cchim.ca\\\/#organization\"},\"alternateName\":\"CCHIM\",\"potentialAction\":[{\"@type\":\"SearchAction\",\"target\":{\"@type\":\"EntryPoint\",\"urlTemplate\":\"https:\\\/\\\/cchim.ca\\\/?s={search_term_string}\"},\"query-input\":{\"@type\":\"PropertyValueSpecification\",\"valueRequired\":true,\"valueName\":\"search_term_string\"}}],\"inLanguage\":\"fr-CA\"},{\"@type\":\"Organization\",\"@id\":\"https:\\\/\\\/cchim.ca\\\/#organization\",\"name\":\"Canadian College of Health Information Management\",\"alternateName\":\"CCHIM\",\"url\":\"https:\\\/\\\/cchim.ca\\\/\",\"logo\":{\"@type\":\"ImageObject\",\"inLanguage\":\"fr-CA\",\"@id\":\"https:\\\/\\\/cchim.ca\\\/#\\\/schema\\\/logo\\\/image\\\/\",\"url\":\"https:\\\/\\\/cchim.ca\\\/wp-content\\\/uploads\\\/2020\\\/08\\\/cropped-favicon.webp\",\"contentUrl\":\"https:\\\/\\\/cchim.ca\\\/wp-content\\\/uploads\\\/2020\\\/08\\\/cropped-favicon.webp\",\"width\":512,\"height\":512,\"caption\":\"Canadian College of Health Information Management\"},\"image\":{\"@id\":\"https:\\\/\\\/cchim.ca\\\/#\\\/schema\\\/logo\\\/image\\\/\"},\"description\":\"Canadian College of Health Information Management\",\"email\":\"support@echima.ca\",\"legalName\":\"Canadian College of Health Information Management\",\"foundingDate\":\"1972-09-07\",\"numberOfEmployees\":{\"@type\":\"QuantitativeValue\",\"minValue\":\"11\",\"maxValue\":\"50\"}}]}<\/script>\n<!-- \/ Yoast SEO Premium plugin. -->","yoast_head_json":{"title":"Accord de r\u00e9ciprocit\u00e9 de la Health Information Management Association of Australia Limited (HIMAA) - Canadian College of Health Information Management","description":"Accord de r\u00e9ciprocit\u00e9 de la Health Information Management Association of Australia Limited (HIMAA) Le Coll\u00e8ge canadien de gestion de l\u2019information sur la","robots":{"index":"index","follow":"follow","max-snippet":"max-snippet:-1","max-image-preview":"max-image-preview:large","max-video-preview":"max-video-preview:-1"},"canonical":"https:\/\/cchim.ca\/fr\/entente-de-reciprocite-avec-lhealth-information-management-association-of-australia-limited-himaa\/","og_locale":"fr_CA","og_type":"article","og_title":"Accord de r\u00e9ciprocit\u00e9 de la Health Information Management Association of Australia Limited (HIMAA)","og_description":"Accord de r\u00e9ciprocit\u00e9 de la Health Information Management Association of Australia Limited (HIMAA) Le Coll\u00e8ge canadien de gestion de l\u2019information sur la","og_url":"https:\/\/cchim.ca\/fr\/entente-de-reciprocite-avec-lhealth-information-management-association-of-australia-limited-himaa\/","og_site_name":"Canadian College of Health Information Management","article_modified_time":"2024-11-21T18:23:56+00:00","twitter_card":"summary_large_image","twitter_misc":{"Estimation du temps de lecture":"1 minute"},"schema":{"@context":"https:\/\/schema.org","@graph":[{"@type":"WebPage","@id":"https:\/\/cchim.ca\/fr\/entente-de-reciprocite-avec-lhealth-information-management-association-of-australia-limited-himaa\/","url":"https:\/\/cchim.ca\/fr\/entente-de-reciprocite-avec-lhealth-information-management-association-of-australia-limited-himaa\/","name":"Accord de r\u00e9ciprocit\u00e9 de la Health Information Management Association of Australia Limited (HIMAA) - Canadian College of Health Information Management","isPartOf":{"@id":"https:\/\/cchim.ca\/#website"},"datePublished":"2021-03-10T19:11:00+00:00","dateModified":"2024-11-21T18:23:56+00:00","description":"Accord de r\u00e9ciprocit\u00e9 de la Health Information Management Association of Australia Limited (HIMAA) Le Coll\u00e8ge canadien de gestion de l\u2019information sur la","breadcrumb":{"@id":"https:\/\/cchim.ca\/fr\/entente-de-reciprocite-avec-lhealth-information-management-association-of-australia-limited-himaa\/#breadcrumb"},"inLanguage":"fr-CA","potentialAction":[{"@type":"ReadAction","target":["https:\/\/cchim.ca\/fr\/entente-de-reciprocite-avec-lhealth-information-management-association-of-australia-limited-himaa\/"]}]},{"@type":"BreadcrumbList","@id":"https:\/\/cchim.ca\/fr\/entente-de-reciprocite-avec-lhealth-information-management-association-of-australia-limited-himaa\/#breadcrumb","itemListElement":[{"@type":"ListItem","position":1,"name":"Home","item":"https:\/\/cchim.ca\/"},{"@type":"ListItem","position":2,"name":"Accord de r\u00e9ciprocit\u00e9 de la Health Information Management Association of Australia Limited (HIMAA)"}]},{"@type":"WebSite","@id":"https:\/\/cchim.ca\/#website","url":"https:\/\/cchim.ca\/","name":"Canadian College of Health Information Management","description":"Accrediting academic institutions and certifying health information professionals","publisher":{"@id":"https:\/\/cchim.ca\/#organization"},"alternateName":"CCHIM","potentialAction":[{"@type":"SearchAction","target":{"@type":"EntryPoint","urlTemplate":"https:\/\/cchim.ca\/?s={search_term_string}"},"query-input":{"@type":"PropertyValueSpecification","valueRequired":true,"valueName":"search_term_string"}}],"inLanguage":"fr-CA"},{"@type":"Organization","@id":"https:\/\/cchim.ca\/#organization","name":"Canadian College of Health Information Management","alternateName":"CCHIM","url":"https:\/\/cchim.ca\/","logo":{"@type":"ImageObject","inLanguage":"fr-CA","@id":"https:\/\/cchim.ca\/#\/schema\/logo\/image\/","url":"https:\/\/cchim.ca\/wp-content\/uploads\/2020\/08\/cropped-favicon.webp","contentUrl":"https:\/\/cchim.ca\/wp-content\/uploads\/2020\/08\/cropped-favicon.webp","width":512,"height":512,"caption":"Canadian College of Health Information Management"},"image":{"@id":"https:\/\/cchim.ca\/#\/schema\/logo\/image\/"},"description":"Canadian College of Health Information Management","email":"support@echima.ca","legalName":"Canadian College of Health Information Management","foundingDate":"1972-09-07","numberOfEmployees":{"@type":"QuantitativeValue","minValue":"11","maxValue":"50"}}]}},"_links":{"self":[{"href":"https:\/\/cchim.ca\/fr\/wp-json\/wp\/v2\/pages\/874192","targetHints":{"allow":["GET"]}}],"collection":[{"href":"https:\/\/cchim.ca\/fr\/wp-json\/wp\/v2\/pages"}],"about":[{"href":"https:\/\/cchim.ca\/fr\/wp-json\/wp\/v2\/types\/page"}],"author":[{"embeddable":true,"href":"https:\/\/cchim.ca\/fr\/wp-json\/wp\/v2\/users\/10"}],"replies":[{"embeddable":true,"href":"https:\/\/cchim.ca\/fr\/wp-json\/wp\/v2\/comments?post=874192"}],"version-history":[{"count":0,"href":"https:\/\/cchim.ca\/fr\/wp-json\/wp\/v2\/pages\/874192\/revisions"}],"wp:attachment":[{"href":"https:\/\/cchim.ca\/fr\/wp-json\/wp\/v2\/media?parent=874192"}],"curies":[{"name":"wp","href":"https:\/\/api.w.org\/{rel}","templated":true}]}}