{"id":873847,"date":"2022-01-20T14:31:03","date_gmt":"2022-01-20T19:31:03","guid":{"rendered":"https:\/\/cchim.ca\/?page_id=873847"},"modified":"2024-09-07T18:25:54","modified_gmt":"2024-09-07T22:25:54","slug":"acces-aux-ressources-pedagogiques","status":"publish","type":"page","link":"https:\/\/cchim.ca\/fr\/programme-de-ressources-educatives-des-colleges\/abonnement-de-partenariat-collegial\/acces-aux-ressources-pedagogiques\/","title":{"rendered":"Acc\u00e8s \u00e0 des ressources \u00e9ducatives"},"content":{"rendered":"\n<h1 class=\"wp-block-heading\">Acc\u00e8s \u00e0 des ressources \u00e9ducatives<\/h1>\n\n\n\n<p>Une fois qu\u2019un \u00e9tablissement d\u2019enseignement est devenu un abonn\u00e9 au Programme de ressources \u00e9ducatives coll\u00e9giales (CERP), le corps professoral et les \u00e9tudiants peuvent suivre ces \u00e9tapes afin d\u2019acc\u00e9der \u00e0 leurs ressources \u00e9ducatives&nbsp;:<\/p>\n\n\n\n<div class=\"wp-block-pb-card is-style-white\"><div class=\"wp-block-pb-card__content\">\n<p><strong><em>IMPORTANT :<\/em><\/strong><\/p>\n\n\n\n<p><em>Ne partagez pas ces informations.\nL\u2019acc\u00e8s aux produits de l\u2019ICIS est limit\u00e9 aux \u00e9tudiants et aux membres du personnel de l\u2019\u00e9tablissement ayant une adh\u00e9sion valide \u00e0 l\u2019ACIDS.\nUn acc\u00e8s inappropri\u00e9 entra\u00eenera une suspension imm\u00e9diate de l\u2019acc\u00e8s \u00e0 l\u2019ICIS.  <\/em><\/p>\n<\/div><\/div>\n\n\n\n\n\n\n\n<p><strong>Boutique en ligne, centre d\u2019apprentissage et eQuery de l\u2019ICIS<\/strong><\/p>\n\n\n\n<div class=\"o-row\">\n<div class=\"o-col u-8of12-md\">\n<ol class=\"wp-block-list\">\n<li>Assurez-vous d\u2019avoir une <a href=\"https:\/\/www.echima.ca\/membership\/\" target=\"_blank\" rel=\"noreferrer noopener\">adh\u00e9sion \u00e0 la CHIMA<\/a> (p. ex., professionnel, \u00e9tudiant, affili\u00e9 ou retrait\u00e9)  <\/li>\n\n\n\n<li>Connectez-vous \u00e0 votre compte ACES (votre nom devrait appara\u00eetre, un indicateur que vous \u00eates connect\u00e9)<\/li>\n\n\n\n<li>S\u00e9lectionnez la fl\u00e8che \u00e0 c\u00f4t\u00e9 de votre nom et choisissez \u00ab&nbsp;Mon tableau de bord&nbsp;\u00bb<\/li>\n\n\n\n<li>Acc\u00e9dez \u00e0 \u00ab Coll\u00e8ge canadien de gestion de l\u2019information sur la sant\u00e9 \u00bb<\/li>\n\n\n\n<li>Cliquez sur la carte \u00ab&nbsp;Ressources \u00e9ducatives&nbsp;\u00bb pour tout voir<\/li>\n\n\n\n<li>Cliquez sur la carte \u00ab Ressources de l\u2019ICIS \u00bb pour en savoir plus  <\/li>\n\n\n\n<li>Remplissez le \u00ab Formulaire de demande d\u2019acc\u00e8s aux ressources de l\u2019ICIS \u00bb  <\/li>\n\n\n\n<li>Consultez votre courriel pour obtenir des instructions pour acc\u00e9der \u00e0 la boutique en ligne, au Centre d\u2019apprentissage et \u00e0 la recherche \u00e9lectronique par l\u2019entremise d\u2019une page Web prot\u00e9g\u00e9e par mot de passe (veuillez consulter votre dossier de courrier ind\u00e9sirable)<br><br> <\/li>\n<\/ol>\n<\/div>\n\n\n\n<div class=\"o-col u-4of12-md\"><\/div>\n<\/div>\n","protected":false},"excerpt":{"rendered":"<p>Acc\u00e8s \u00e0 des ressources \u00e9ducatives Une fois qu\u2019un \u00e9tablissement d\u2019enseignement est devenu un abonn\u00e9 au Programme de ressources \u00e9ducatives coll\u00e9giales (CERP), le corps professoral et les \u00e9tudiants peuvent suivre ces \u00e9tapes afin d\u2019acc\u00e9der \u00e0 leurs ressources \u00e9ducatives&nbsp;: Boutique en ligne, centre d\u2019apprentissage et eQuery&#8230;<\/p>\n","protected":false},"author":10,"featured_media":0,"parent":869517,"menu_order":0,"comment_status":"closed","ping_status":"closed","template":"","meta":{"footnotes":""},"class_list":["post-873847","page","type-page","status-publish","hentry"],"yoast_head":"<!-- This site is optimized with the Yoast SEO Premium plugin v26.2 (Yoast SEO v27.3) - https:\/\/yoast.com\/product\/yoast-seo-premium-wordpress\/ -->\n<title>Acc\u00e8s \u00e0 des ressources \u00e9ducatives - Canadian College of Health Information Management<\/title>\n<meta name=\"description\" content=\"Acc\u00e8s \u00e0 des ressources \u00e9ducatives Une fois qu\u2019un \u00e9tablissement d\u2019enseignement est devenu un abonn\u00e9 au Programme de ressources \u00e9ducatives coll\u00e9giales\" \/>\n<meta name=\"robots\" content=\"index, follow, max-snippet:-1, max-image-preview:large, max-video-preview:-1\" \/>\n<link rel=\"canonical\" href=\"https:\/\/cchim.ca\/fr\/programme-de-ressources-educatives-des-colleges\/abonnement-de-partenariat-collegial\/acces-aux-ressources-pedagogiques\/\" \/>\n<meta property=\"og:locale\" content=\"fr_CA\" \/>\n<meta property=\"og:type\" content=\"article\" \/>\n<meta property=\"og:title\" content=\"Acc\u00e8s \u00e0 des ressources \u00e9ducatives\" \/>\n<meta property=\"og:description\" content=\"Acc\u00e8s \u00e0 des ressources \u00e9ducatives Une fois qu\u2019un \u00e9tablissement d\u2019enseignement est devenu un abonn\u00e9 au Programme de ressources \u00e9ducatives coll\u00e9giales\" \/>\n<meta property=\"og:url\" content=\"https:\/\/cchim.ca\/fr\/programme-de-ressources-educatives-des-colleges\/abonnement-de-partenariat-collegial\/acces-aux-ressources-pedagogiques\/\" \/>\n<meta property=\"og:site_name\" content=\"Canadian College of Health Information Management\" \/>\n<meta property=\"article:modified_time\" content=\"2024-09-07T22:25:54+00:00\" \/>\n<meta name=\"twitter:card\" content=\"summary_large_image\" \/>\n<meta name=\"twitter:label1\" content=\"Estimation du temps de lecture\" \/>\n\t<meta name=\"twitter:data1\" content=\"1 minute\" \/>\n<script type=\"application\/ld+json\" class=\"yoast-schema-graph\">{\"@context\":\"https:\\\/\\\/schema.org\",\"@graph\":[{\"@type\":\"WebPage\",\"@id\":\"https:\\\/\\\/cchim.ca\\\/fr\\\/programme-de-ressources-educatives-des-colleges\\\/abonnement-de-partenariat-collegial\\\/acces-aux-ressources-pedagogiques\\\/\",\"url\":\"https:\\\/\\\/cchim.ca\\\/fr\\\/programme-de-ressources-educatives-des-colleges\\\/abonnement-de-partenariat-collegial\\\/acces-aux-ressources-pedagogiques\\\/\",\"name\":\"Acc\u00e8s \u00e0 des ressources \u00e9ducatives - Canadian College of Health Information Management\",\"isPartOf\":{\"@id\":\"https:\\\/\\\/cchim.ca\\\/#website\"},\"datePublished\":\"2022-01-20T19:31:03+00:00\",\"dateModified\":\"2024-09-07T22:25:54+00:00\",\"description\":\"Acc\u00e8s \u00e0 des ressources \u00e9ducatives Une fois qu\u2019un \u00e9tablissement d\u2019enseignement est devenu un abonn\u00e9 au Programme de ressources \u00e9ducatives coll\u00e9giales\",\"breadcrumb\":{\"@id\":\"https:\\\/\\\/cchim.ca\\\/fr\\\/programme-de-ressources-educatives-des-colleges\\\/abonnement-de-partenariat-collegial\\\/acces-aux-ressources-pedagogiques\\\/#breadcrumb\"},\"inLanguage\":\"fr-CA\",\"potentialAction\":[{\"@type\":\"ReadAction\",\"target\":[\"https:\\\/\\\/cchim.ca\\\/fr\\\/programme-de-ressources-educatives-des-colleges\\\/abonnement-de-partenariat-collegial\\\/acces-aux-ressources-pedagogiques\\\/\"]}]},{\"@type\":\"BreadcrumbList\",\"@id\":\"https:\\\/\\\/cchim.ca\\\/fr\\\/programme-de-ressources-educatives-des-colleges\\\/abonnement-de-partenariat-collegial\\\/acces-aux-ressources-pedagogiques\\\/#breadcrumb\",\"itemListElement\":[{\"@type\":\"ListItem\",\"position\":1,\"name\":\"Home\",\"item\":\"https:\\\/\\\/cchim.ca\\\/\"},{\"@type\":\"ListItem\",\"position\":2,\"name\":\"Programme de ressources \u00e9ducatives des coll\u00e8ges\",\"item\":\"https:\\\/\\\/cchim.ca\\\/cerp\\\/\"},{\"@type\":\"ListItem\",\"position\":3,\"name\":\"Institut canadien d\u2019information sur la sant\u00e9\",\"item\":\"https:\\\/\\\/cchim.ca\\\/fr\\\/programme-de-ressources-educatives-des-colleges\\\/abonnement-de-partenariat-collegial\\\/\"},{\"@type\":\"ListItem\",\"position\":4,\"name\":\"Acc\u00e8s \u00e0 des ressources \u00e9ducatives\"}]},{\"@type\":\"WebSite\",\"@id\":\"https:\\\/\\\/cchim.ca\\\/#website\",\"url\":\"https:\\\/\\\/cchim.ca\\\/\",\"name\":\"Canadian College of Health Information Management\",\"description\":\"Accrediting academic institutions and certifying health information professionals\",\"publisher\":{\"@id\":\"https:\\\/\\\/cchim.ca\\\/#organization\"},\"alternateName\":\"CCHIM\",\"potentialAction\":[{\"@type\":\"SearchAction\",\"target\":{\"@type\":\"EntryPoint\",\"urlTemplate\":\"https:\\\/\\\/cchim.ca\\\/?s={search_term_string}\"},\"query-input\":{\"@type\":\"PropertyValueSpecification\",\"valueRequired\":true,\"valueName\":\"search_term_string\"}}],\"inLanguage\":\"fr-CA\"},{\"@type\":\"Organization\",\"@id\":\"https:\\\/\\\/cchim.ca\\\/#organization\",\"name\":\"Canadian College of Health Information Management\",\"alternateName\":\"CCHIM\",\"url\":\"https:\\\/\\\/cchim.ca\\\/\",\"logo\":{\"@type\":\"ImageObject\",\"inLanguage\":\"fr-CA\",\"@id\":\"https:\\\/\\\/cchim.ca\\\/#\\\/schema\\\/logo\\\/image\\\/\",\"url\":\"https:\\\/\\\/cchim.ca\\\/wp-content\\\/uploads\\\/2020\\\/08\\\/cropped-favicon.webp\",\"contentUrl\":\"https:\\\/\\\/cchim.ca\\\/wp-content\\\/uploads\\\/2020\\\/08\\\/cropped-favicon.webp\",\"width\":512,\"height\":512,\"caption\":\"Canadian College of Health Information Management\"},\"image\":{\"@id\":\"https:\\\/\\\/cchim.ca\\\/#\\\/schema\\\/logo\\\/image\\\/\"},\"description\":\"Canadian College of Health Information Management\",\"email\":\"support@echima.ca\",\"legalName\":\"Canadian College of Health Information Management\",\"foundingDate\":\"1972-09-07\",\"numberOfEmployees\":{\"@type\":\"QuantitativeValue\",\"minValue\":\"11\",\"maxValue\":\"50\"}}]}<\/script>\n<!-- \/ Yoast SEO Premium plugin. -->","yoast_head_json":{"title":"Acc\u00e8s \u00e0 des ressources \u00e9ducatives - Canadian College of Health Information Management","description":"Acc\u00e8s \u00e0 des ressources \u00e9ducatives Une fois qu\u2019un \u00e9tablissement d\u2019enseignement est devenu un abonn\u00e9 au Programme de ressources \u00e9ducatives coll\u00e9giales","robots":{"index":"index","follow":"follow","max-snippet":"max-snippet:-1","max-image-preview":"max-image-preview:large","max-video-preview":"max-video-preview:-1"},"canonical":"https:\/\/cchim.ca\/fr\/programme-de-ressources-educatives-des-colleges\/abonnement-de-partenariat-collegial\/acces-aux-ressources-pedagogiques\/","og_locale":"fr_CA","og_type":"article","og_title":"Acc\u00e8s \u00e0 des ressources \u00e9ducatives","og_description":"Acc\u00e8s \u00e0 des ressources \u00e9ducatives Une fois qu\u2019un \u00e9tablissement d\u2019enseignement est devenu un abonn\u00e9 au Programme de ressources \u00e9ducatives coll\u00e9giales","og_url":"https:\/\/cchim.ca\/fr\/programme-de-ressources-educatives-des-colleges\/abonnement-de-partenariat-collegial\/acces-aux-ressources-pedagogiques\/","og_site_name":"Canadian College of Health Information Management","article_modified_time":"2024-09-07T22:25:54+00:00","twitter_card":"summary_large_image","twitter_misc":{"Estimation du temps de lecture":"1 minute"},"schema":{"@context":"https:\/\/schema.org","@graph":[{"@type":"WebPage","@id":"https:\/\/cchim.ca\/fr\/programme-de-ressources-educatives-des-colleges\/abonnement-de-partenariat-collegial\/acces-aux-ressources-pedagogiques\/","url":"https:\/\/cchim.ca\/fr\/programme-de-ressources-educatives-des-colleges\/abonnement-de-partenariat-collegial\/acces-aux-ressources-pedagogiques\/","name":"Acc\u00e8s \u00e0 des ressources \u00e9ducatives - Canadian College of Health Information Management","isPartOf":{"@id":"https:\/\/cchim.ca\/#website"},"datePublished":"2022-01-20T19:31:03+00:00","dateModified":"2024-09-07T22:25:54+00:00","description":"Acc\u00e8s \u00e0 des ressources \u00e9ducatives Une fois qu\u2019un \u00e9tablissement d\u2019enseignement est devenu un abonn\u00e9 au Programme de ressources \u00e9ducatives coll\u00e9giales","breadcrumb":{"@id":"https:\/\/cchim.ca\/fr\/programme-de-ressources-educatives-des-colleges\/abonnement-de-partenariat-collegial\/acces-aux-ressources-pedagogiques\/#breadcrumb"},"inLanguage":"fr-CA","potentialAction":[{"@type":"ReadAction","target":["https:\/\/cchim.ca\/fr\/programme-de-ressources-educatives-des-colleges\/abonnement-de-partenariat-collegial\/acces-aux-ressources-pedagogiques\/"]}]},{"@type":"BreadcrumbList","@id":"https:\/\/cchim.ca\/fr\/programme-de-ressources-educatives-des-colleges\/abonnement-de-partenariat-collegial\/acces-aux-ressources-pedagogiques\/#breadcrumb","itemListElement":[{"@type":"ListItem","position":1,"name":"Home","item":"https:\/\/cchim.ca\/"},{"@type":"ListItem","position":2,"name":"Programme de ressources \u00e9ducatives des coll\u00e8ges","item":"https:\/\/cchim.ca\/cerp\/"},{"@type":"ListItem","position":3,"name":"Institut canadien d\u2019information sur la sant\u00e9","item":"https:\/\/cchim.ca\/fr\/programme-de-ressources-educatives-des-colleges\/abonnement-de-partenariat-collegial\/"},{"@type":"ListItem","position":4,"name":"Acc\u00e8s \u00e0 des ressources \u00e9ducatives"}]},{"@type":"WebSite","@id":"https:\/\/cchim.ca\/#website","url":"https:\/\/cchim.ca\/","name":"Canadian College of Health Information Management","description":"Accrediting academic institutions and certifying health information professionals","publisher":{"@id":"https:\/\/cchim.ca\/#organization"},"alternateName":"CCHIM","potentialAction":[{"@type":"SearchAction","target":{"@type":"EntryPoint","urlTemplate":"https:\/\/cchim.ca\/?s={search_term_string}"},"query-input":{"@type":"PropertyValueSpecification","valueRequired":true,"valueName":"search_term_string"}}],"inLanguage":"fr-CA"},{"@type":"Organization","@id":"https:\/\/cchim.ca\/#organization","name":"Canadian College of Health Information Management","alternateName":"CCHIM","url":"https:\/\/cchim.ca\/","logo":{"@type":"ImageObject","inLanguage":"fr-CA","@id":"https:\/\/cchim.ca\/#\/schema\/logo\/image\/","url":"https:\/\/cchim.ca\/wp-content\/uploads\/2020\/08\/cropped-favicon.webp","contentUrl":"https:\/\/cchim.ca\/wp-content\/uploads\/2020\/08\/cropped-favicon.webp","width":512,"height":512,"caption":"Canadian College of Health Information Management"},"image":{"@id":"https:\/\/cchim.ca\/#\/schema\/logo\/image\/"},"description":"Canadian College of Health Information Management","email":"support@echima.ca","legalName":"Canadian College of Health Information Management","foundingDate":"1972-09-07","numberOfEmployees":{"@type":"QuantitativeValue","minValue":"11","maxValue":"50"}}]}},"_links":{"self":[{"href":"https:\/\/cchim.ca\/fr\/wp-json\/wp\/v2\/pages\/873847","targetHints":{"allow":["GET"]}}],"collection":[{"href":"https:\/\/cchim.ca\/fr\/wp-json\/wp\/v2\/pages"}],"about":[{"href":"https:\/\/cchim.ca\/fr\/wp-json\/wp\/v2\/types\/page"}],"author":[{"embeddable":true,"href":"https:\/\/cchim.ca\/fr\/wp-json\/wp\/v2\/users\/10"}],"replies":[{"embeddable":true,"href":"https:\/\/cchim.ca\/fr\/wp-json\/wp\/v2\/comments?post=873847"}],"version-history":[{"count":0,"href":"https:\/\/cchim.ca\/fr\/wp-json\/wp\/v2\/pages\/873847\/revisions"}],"up":[{"embeddable":true,"href":"https:\/\/cchim.ca\/fr\/wp-json\/wp\/v2\/pages\/869517"}],"wp:attachment":[{"href":"https:\/\/cchim.ca\/fr\/wp-json\/wp\/v2\/media?parent=873847"}],"curies":[{"name":"wp","href":"https:\/\/api.w.org\/{rel}","templated":true}]}}