{"id":873826,"date":"2021-04-29T20:46:37","date_gmt":"2021-04-30T00:46:37","guid":{"rendered":"https:\/\/cchim.ca\/?page_id=873826"},"modified":"2024-09-14T11:40:32","modified_gmt":"2024-09-14T15:40:32","slug":"adhesion-a-la-chima-pour-etudiants","status":"publish","type":"page","link":"https:\/\/cchim.ca\/fr\/adhesion-a-la-chima-pour-etudiants\/","title":{"rendered":"Acc\u00e8s aux adh\u00e9sions \u00e9tudiantes \u00e0 l\u2019ACIDS"},"content":{"rendered":"\n<div class=\"wp-block-media-text alignwide has-media-on-the-right is-stacked-on-mobile is-vertically-aligned-center\" style=\"grid-template-columns:auto 46%\"><div class=\"wp-block-media-text__content\">\n<h1 class=\"wp-block-heading\" id=\"h-access-to-chima-student-memberships\">Acc\u00e8s aux adh\u00e9sions \u00e9tudiantes \u00e0 l\u2019ACIDS<\/h1>\n\n\n\n<p class=\"has-text-align-left\">Lorsqu\u2019un \u00e9tablissement d\u2019enseignement devient abonn\u00e9 au Programme de ressources \u00e9ducatives coll\u00e9giales (CERP), ses \u00e9tudiants pourront acheter un <a href=\"https:\/\/www.echima.ca\/membership\/\" target=\"_blank\" rel=\"noreferrer noopener\">abonnement \u00e9tudiant \u00e0 l\u2019ACIDS<\/a>* et acc\u00e9der aux diverses fonctionnalit\u00e9s incluses.\nAuparavant, cela n\u2019\u00e9tait offert qu\u2019aux \u00e9tudiants inscrits \u00e0 des programmes agr\u00e9\u00e9s\u00a0; gr\u00e2ce \u00e0 cet abonnement, l\u2019acc\u00e8s \u00e0 l\u2019\u00e9chelle de l\u2019institution est accord\u00e9. <\/p>\n\n\n\n<div class=\"wp-block-buttons is-layout-flex wp-block-buttons-is-layout-flex\">\n<div class=\"wp-block-button\"><a class=\"wp-block-button__link wp-element-button\" href=\"https:\/\/cchim.ca\/about-the-college\/partners\/become-a-partner\/\">Devenez partenaire<\/a><\/div>\n\n\n\n<div class=\"wp-block-button\"><a class=\"wp-block-button__link wp-element-button\" href=\"https:\/\/cchim.ca\/fr\/certification\/\">En savoir plus sur la certification<\/a><\/div>\n<\/div>\n\n\n\n<p>*Pour que les \u00e9tudiants tentent de passer un examen national de certification avec l\u2019Ordre, les crit\u00e8res d\u2019admissibilit\u00e9 doivent \u00eatre respect\u00e9s.<\/p>\n<\/div><figure class=\"wp-block-media-text__media\"><img fetchpriority=\"high\" decoding=\"async\" width=\"768\" height=\"805\" src=\"https:\/\/cchim.ca\/wp-content\/uploads\/2024\/09\/student-person-768x805-1.webp\" alt=\"Image de l\u2019\u00e9tudiant\" class=\"wp-image-885551 size-full\" srcset=\"https:\/\/cchim.ca\/wp-content\/uploads\/2024\/09\/student-person-768x805-1.webp 768w, https:\/\/cchim.ca\/wp-content\/uploads\/2024\/09\/student-person-768x805-1-650x681.webp 650w\" sizes=\"(max-width: 768px) 100vw, 768px\" \/><\/figure><\/div>\n","protected":false},"excerpt":{"rendered":"","protected":false},"author":10,"featured_media":0,"parent":0,"menu_order":0,"comment_status":"closed","ping_status":"closed","template":"","meta":{"footnotes":""},"class_list":["post-873826","page","type-page","status-publish","hentry"],"yoast_head":"<!-- This site is optimized with the Yoast SEO Premium plugin v26.2 (Yoast SEO v27.5) - https:\/\/yoast.com\/product\/yoast-seo-premium-wordpress\/ -->\n<title>Adh\u00e9sion \u00e9tudiante \u00e0 la - Canadian College of Health Information Management<\/title>\n<meta name=\"description\" content=\"\u00c9levez votre \u00e9ducation avec une adh\u00e9sion \u00e9tudiante \u00e0 l\u2019ACIDS. Les membres \u00e9tudiants ont acc\u00e8s \u00e0 des ressources professionnelles et \u00e0 des possibilit\u00e9s de b\u00e9n\u00e9volat dans l\u2019industrie.\" \/>\n<meta name=\"robots\" content=\"index, follow, max-snippet:-1, max-image-preview:large, max-video-preview:-1\" \/>\n<link rel=\"canonical\" href=\"https:\/\/cchim.ca\/fr\/adhesion-a-la-chima-pour-etudiants\/\" \/>\n<meta property=\"og:locale\" content=\"fr_CA\" \/>\n<meta property=\"og:type\" content=\"article\" \/>\n<meta property=\"og:title\" content=\"Acc\u00e8s aux adh\u00e9sions \u00e9tudiantes \u00e0 l\u2019ACIDS\" \/>\n<meta property=\"og:description\" content=\"\u00c9levez votre \u00e9ducation avec une adh\u00e9sion \u00e9tudiante \u00e0 l\u2019ACIDS. Les membres \u00e9tudiants ont acc\u00e8s \u00e0 des ressources professionnelles et \u00e0 des possibilit\u00e9s de b\u00e9n\u00e9volat dans l\u2019industrie.\" \/>\n<meta property=\"og:url\" content=\"https:\/\/cchim.ca\/fr\/adhesion-a-la-chima-pour-etudiants\/\" \/>\n<meta property=\"og:site_name\" content=\"Canadian College of Health Information Management\" \/>\n<meta property=\"article:modified_time\" content=\"2024-09-14T15:40:32+00:00\" \/>\n<meta property=\"og:image\" content=\"https:\/\/cchim.ca\/wp-content\/uploads\/2024\/09\/student-person-768x805-1.webp\" \/>\n<meta name=\"twitter:card\" content=\"summary_large_image\" \/>\n<meta name=\"twitter:label1\" content=\"Estimation du temps de lecture\" \/>\n\t<meta name=\"twitter:data1\" content=\"1 minute\" \/>\n<script type=\"application\/ld+json\" class=\"yoast-schema-graph\">{\"@context\":\"https:\\\/\\\/schema.org\",\"@graph\":[{\"@type\":\"WebPage\",\"@id\":\"https:\\\/\\\/cchim.ca\\\/fr\\\/adhesion-a-la-chima-pour-etudiants\\\/\",\"url\":\"https:\\\/\\\/cchim.ca\\\/fr\\\/adhesion-a-la-chima-pour-etudiants\\\/\",\"name\":\"Adh\u00e9sion \u00e9tudiante \u00e0 la - Canadian College of Health Information Management\",\"isPartOf\":{\"@id\":\"https:\\\/\\\/cchim.ca\\\/#website\"},\"primaryImageOfPage\":{\"@id\":\"https:\\\/\\\/cchim.ca\\\/fr\\\/adhesion-a-la-chima-pour-etudiants\\\/#primaryimage\"},\"image\":{\"@id\":\"https:\\\/\\\/cchim.ca\\\/fr\\\/adhesion-a-la-chima-pour-etudiants\\\/#primaryimage\"},\"thumbnailUrl\":\"https:\\\/\\\/cchim.ca\\\/wp-content\\\/uploads\\\/2024\\\/09\\\/student-person-768x805-1.webp\",\"datePublished\":\"2021-04-30T00:46:37+00:00\",\"dateModified\":\"2024-09-14T15:40:32+00:00\",\"description\":\"\u00c9levez votre \u00e9ducation avec une adh\u00e9sion \u00e9tudiante \u00e0 l\u2019ACIDS. Les membres \u00e9tudiants ont acc\u00e8s \u00e0 des ressources professionnelles et \u00e0 des possibilit\u00e9s de b\u00e9n\u00e9volat dans l\u2019industrie.\",\"breadcrumb\":{\"@id\":\"https:\\\/\\\/cchim.ca\\\/fr\\\/adhesion-a-la-chima-pour-etudiants\\\/#breadcrumb\"},\"inLanguage\":\"fr-CA\",\"potentialAction\":[{\"@type\":\"ReadAction\",\"target\":[\"https:\\\/\\\/cchim.ca\\\/fr\\\/adhesion-a-la-chima-pour-etudiants\\\/\"]}]},{\"@type\":\"ImageObject\",\"inLanguage\":\"fr-CA\",\"@id\":\"https:\\\/\\\/cchim.ca\\\/fr\\\/adhesion-a-la-chima-pour-etudiants\\\/#primaryimage\",\"url\":\"https:\\\/\\\/cchim.ca\\\/wp-content\\\/uploads\\\/2024\\\/09\\\/student-person-768x805-1.webp\",\"contentUrl\":\"https:\\\/\\\/cchim.ca\\\/wp-content\\\/uploads\\\/2024\\\/09\\\/student-person-768x805-1.webp\"},{\"@type\":\"BreadcrumbList\",\"@id\":\"https:\\\/\\\/cchim.ca\\\/fr\\\/adhesion-a-la-chima-pour-etudiants\\\/#breadcrumb\",\"itemListElement\":[{\"@type\":\"ListItem\",\"position\":1,\"name\":\"Home\",\"item\":\"https:\\\/\\\/cchim.ca\\\/\"},{\"@type\":\"ListItem\",\"position\":2,\"name\":\"Acc\u00e8s aux adh\u00e9sions \u00e9tudiantes \u00e0 l\u2019ACIDS\"}]},{\"@type\":\"WebSite\",\"@id\":\"https:\\\/\\\/cchim.ca\\\/#website\",\"url\":\"https:\\\/\\\/cchim.ca\\\/\",\"name\":\"Canadian College of Health Information Management\",\"description\":\"Accrediting academic institutions and certifying health information professionals\",\"publisher\":{\"@id\":\"https:\\\/\\\/cchim.ca\\\/#organization\"},\"alternateName\":\"CCHIM\",\"potentialAction\":[{\"@type\":\"SearchAction\",\"target\":{\"@type\":\"EntryPoint\",\"urlTemplate\":\"https:\\\/\\\/cchim.ca\\\/?s={search_term_string}\"},\"query-input\":{\"@type\":\"PropertyValueSpecification\",\"valueRequired\":true,\"valueName\":\"search_term_string\"}}],\"inLanguage\":\"fr-CA\"},{\"@type\":\"Organization\",\"@id\":\"https:\\\/\\\/cchim.ca\\\/#organization\",\"name\":\"Canadian College of Health Information Management\",\"alternateName\":\"CCHIM\",\"url\":\"https:\\\/\\\/cchim.ca\\\/\",\"logo\":{\"@type\":\"ImageObject\",\"inLanguage\":\"fr-CA\",\"@id\":\"https:\\\/\\\/cchim.ca\\\/#\\\/schema\\\/logo\\\/image\\\/\",\"url\":\"https:\\\/\\\/cchim.ca\\\/wp-content\\\/uploads\\\/2020\\\/08\\\/cropped-favicon.webp\",\"contentUrl\":\"https:\\\/\\\/cchim.ca\\\/wp-content\\\/uploads\\\/2020\\\/08\\\/cropped-favicon.webp\",\"width\":512,\"height\":512,\"caption\":\"Canadian College of Health Information Management\"},\"image\":{\"@id\":\"https:\\\/\\\/cchim.ca\\\/#\\\/schema\\\/logo\\\/image\\\/\"},\"description\":\"Canadian College of Health Information Management\",\"email\":\"support@echima.ca\",\"legalName\":\"Canadian College of Health Information Management\",\"foundingDate\":\"1972-09-07\",\"numberOfEmployees\":{\"@type\":\"QuantitativeValue\",\"minValue\":\"11\",\"maxValue\":\"50\"}}]}<\/script>\n<!-- \/ Yoast SEO Premium plugin. -->","yoast_head_json":{"title":"Adh\u00e9sion \u00e9tudiante \u00e0 la - Canadian College of Health Information Management","description":"\u00c9levez votre \u00e9ducation avec une adh\u00e9sion \u00e9tudiante \u00e0 l\u2019ACIDS. Les membres \u00e9tudiants ont acc\u00e8s \u00e0 des ressources professionnelles et \u00e0 des possibilit\u00e9s de b\u00e9n\u00e9volat dans l\u2019industrie.","robots":{"index":"index","follow":"follow","max-snippet":"max-snippet:-1","max-image-preview":"max-image-preview:large","max-video-preview":"max-video-preview:-1"},"canonical":"https:\/\/cchim.ca\/fr\/adhesion-a-la-chima-pour-etudiants\/","og_locale":"fr_CA","og_type":"article","og_title":"Acc\u00e8s aux adh\u00e9sions \u00e9tudiantes \u00e0 l\u2019ACIDS","og_description":"\u00c9levez votre \u00e9ducation avec une adh\u00e9sion \u00e9tudiante \u00e0 l\u2019ACIDS. Les membres \u00e9tudiants ont acc\u00e8s \u00e0 des ressources professionnelles et \u00e0 des possibilit\u00e9s de b\u00e9n\u00e9volat dans l\u2019industrie.","og_url":"https:\/\/cchim.ca\/fr\/adhesion-a-la-chima-pour-etudiants\/","og_site_name":"Canadian College of Health Information Management","article_modified_time":"2024-09-14T15:40:32+00:00","og_image":[{"url":"https:\/\/cchim.ca\/wp-content\/uploads\/2024\/09\/student-person-768x805-1.webp","type":"","width":"","height":""}],"twitter_card":"summary_large_image","twitter_misc":{"Estimation du temps de lecture":"1 minute"},"schema":{"@context":"https:\/\/schema.org","@graph":[{"@type":"WebPage","@id":"https:\/\/cchim.ca\/fr\/adhesion-a-la-chima-pour-etudiants\/","url":"https:\/\/cchim.ca\/fr\/adhesion-a-la-chima-pour-etudiants\/","name":"Adh\u00e9sion \u00e9tudiante \u00e0 la - Canadian College of Health Information Management","isPartOf":{"@id":"https:\/\/cchim.ca\/#website"},"primaryImageOfPage":{"@id":"https:\/\/cchim.ca\/fr\/adhesion-a-la-chima-pour-etudiants\/#primaryimage"},"image":{"@id":"https:\/\/cchim.ca\/fr\/adhesion-a-la-chima-pour-etudiants\/#primaryimage"},"thumbnailUrl":"https:\/\/cchim.ca\/wp-content\/uploads\/2024\/09\/student-person-768x805-1.webp","datePublished":"2021-04-30T00:46:37+00:00","dateModified":"2024-09-14T15:40:32+00:00","description":"\u00c9levez votre \u00e9ducation avec une adh\u00e9sion \u00e9tudiante \u00e0 l\u2019ACIDS. Les membres \u00e9tudiants ont acc\u00e8s \u00e0 des ressources professionnelles et \u00e0 des possibilit\u00e9s de b\u00e9n\u00e9volat dans l\u2019industrie.","breadcrumb":{"@id":"https:\/\/cchim.ca\/fr\/adhesion-a-la-chima-pour-etudiants\/#breadcrumb"},"inLanguage":"fr-CA","potentialAction":[{"@type":"ReadAction","target":["https:\/\/cchim.ca\/fr\/adhesion-a-la-chima-pour-etudiants\/"]}]},{"@type":"ImageObject","inLanguage":"fr-CA","@id":"https:\/\/cchim.ca\/fr\/adhesion-a-la-chima-pour-etudiants\/#primaryimage","url":"https:\/\/cchim.ca\/wp-content\/uploads\/2024\/09\/student-person-768x805-1.webp","contentUrl":"https:\/\/cchim.ca\/wp-content\/uploads\/2024\/09\/student-person-768x805-1.webp"},{"@type":"BreadcrumbList","@id":"https:\/\/cchim.ca\/fr\/adhesion-a-la-chima-pour-etudiants\/#breadcrumb","itemListElement":[{"@type":"ListItem","position":1,"name":"Home","item":"https:\/\/cchim.ca\/"},{"@type":"ListItem","position":2,"name":"Acc\u00e8s aux adh\u00e9sions \u00e9tudiantes \u00e0 l\u2019ACIDS"}]},{"@type":"WebSite","@id":"https:\/\/cchim.ca\/#website","url":"https:\/\/cchim.ca\/","name":"Canadian College of Health Information Management","description":"Accrediting academic institutions and certifying health information professionals","publisher":{"@id":"https:\/\/cchim.ca\/#organization"},"alternateName":"CCHIM","potentialAction":[{"@type":"SearchAction","target":{"@type":"EntryPoint","urlTemplate":"https:\/\/cchim.ca\/?s={search_term_string}"},"query-input":{"@type":"PropertyValueSpecification","valueRequired":true,"valueName":"search_term_string"}}],"inLanguage":"fr-CA"},{"@type":"Organization","@id":"https:\/\/cchim.ca\/#organization","name":"Canadian College of Health Information Management","alternateName":"CCHIM","url":"https:\/\/cchim.ca\/","logo":{"@type":"ImageObject","inLanguage":"fr-CA","@id":"https:\/\/cchim.ca\/#\/schema\/logo\/image\/","url":"https:\/\/cchim.ca\/wp-content\/uploads\/2020\/08\/cropped-favicon.webp","contentUrl":"https:\/\/cchim.ca\/wp-content\/uploads\/2020\/08\/cropped-favicon.webp","width":512,"height":512,"caption":"Canadian College of Health Information Management"},"image":{"@id":"https:\/\/cchim.ca\/#\/schema\/logo\/image\/"},"description":"Canadian College of Health Information Management","email":"support@echima.ca","legalName":"Canadian College of Health Information Management","foundingDate":"1972-09-07","numberOfEmployees":{"@type":"QuantitativeValue","minValue":"11","maxValue":"50"}}]}},"_links":{"self":[{"href":"https:\/\/cchim.ca\/fr\/wp-json\/wp\/v2\/pages\/873826","targetHints":{"allow":["GET"]}}],"collection":[{"href":"https:\/\/cchim.ca\/fr\/wp-json\/wp\/v2\/pages"}],"about":[{"href":"https:\/\/cchim.ca\/fr\/wp-json\/wp\/v2\/types\/page"}],"author":[{"embeddable":true,"href":"https:\/\/cchim.ca\/fr\/wp-json\/wp\/v2\/users\/10"}],"replies":[{"embeddable":true,"href":"https:\/\/cchim.ca\/fr\/wp-json\/wp\/v2\/comments?post=873826"}],"version-history":[{"count":0,"href":"https:\/\/cchim.ca\/fr\/wp-json\/wp\/v2\/pages\/873826\/revisions"}],"wp:attachment":[{"href":"https:\/\/cchim.ca\/fr\/wp-json\/wp\/v2\/media?parent=873826"}],"curies":[{"name":"wp","href":"https:\/\/api.w.org\/{rel}","templated":true}]}}