{"id":869517,"date":"2021-04-16T14:22:58","date_gmt":"2021-04-16T18:22:58","guid":{"rendered":"https:\/\/cchim.ca\/?page_id=869517"},"modified":"2024-09-14T15:31:57","modified_gmt":"2024-09-14T19:31:57","slug":"abonnement-de-partenariat-collegial","status":"publish","type":"page","link":"https:\/\/cchim.ca\/fr\/programme-de-ressources-educatives-des-colleges\/abonnement-de-partenariat-collegial\/","title":{"rendered":"Institut canadien d\u2019information sur la sant\u00e9"},"content":{"rendered":"\n<h1 class=\"wp-block-heading\">Institut canadien d\u2019information sur la sant\u00e9<\/h1>\n\n<div class=\"wp-block-cover has-custom-content-position is-position-bottom-left\"><span aria-hidden=\"true\" class=\"wp-block-cover__background has-background-dim\"><\/span><img fetchpriority=\"high\" decoding=\"async\" width=\"1458\" height=\"1042\" class=\"wp-block-cover__image-background wp-image-869687\" alt=\"\" src=\"https:\/\/cchim.ca\/wp-content\/uploads\/2021\/04\/College-partnership-subscription5.webp\" data-object-fit=\"cover\" srcset=\"https:\/\/cchim.ca\/wp-content\/uploads\/2021\/04\/College-partnership-subscription5.webp 1458w, https:\/\/cchim.ca\/wp-content\/uploads\/2021\/04\/College-partnership-subscription5-650x465.webp 650w, https:\/\/cchim.ca\/wp-content\/uploads\/2021\/04\/College-partnership-subscription5-940x672.webp 940w, https:\/\/cchim.ca\/wp-content\/uploads\/2021\/04\/College-partnership-subscription5-768x549.webp 768w\" sizes=\"(max-width: 1458px) 100vw, 1458px\" \/><div class=\"wp-block-cover__inner-container is-layout-flow wp-block-cover-is-layout-flow\">\n<figure class=\"wp-block-image size-full is-resized\"><a href=\"https:\/\/www.cihi.ca\/en\"><img decoding=\"async\" src=\"https:\/\/cchim.ca\/wp-content\/uploads\/2021\/07\/CIHIlogoEN-full_300dpi.webp\" alt=\"\" class=\"wp-image-870744\" width=\"163\" height=\"77\"\/><\/a><\/figure>\n\n\n\n<p class=\"has-text-align-left is-style-intro\">L\u2019Institut canadien d\u2019information sur la sant\u00e9 (ICIS) contribue au Programme de ressources \u00e9ducatives des coll\u00e8ges (CERP).  <\/p>\n<\/div><\/div>\n\n<h2 class=\"wp-block-heading\"><\/h2>\n\n<div class=\"wp-block-pb-section alignfull is-style-dark-pattern\"><div class=\"o-container\">\n<h2 class=\"has-text-align-center wp-block-heading\">Ressources \u00e9ducatives<\/h2>\n\n\n\n<p class=\"has-text-align-center\">Gr\u00e2ce \u00e0 un <a href=\"https:\/\/cchim.ca\/fr\/partenariat-strategique-entre-linstitut-canadien-dinformation-sur-la-sante-le-college-canadien-des-professionnels-en-gestion-de-linformation-sur-la-sante-et-lassociation-canadienne-des-professionnels\/\">partenariat conjoint<\/a> avec l\u2019ICIS et l\u2019ACIDS, <br\/>les ressources suivantes seront mises \u00e0 la disposition des abonn\u00e9s du CERP.<\/p>\n<\/div><\/div>\n\n<div style=\"height:57px\" aria-hidden=\"true\" class=\"wp-block-spacer\"><\/div>\n\n<div class=\"o-row\">\n<div class=\"o-col u-6of12-md\">\n<div class=\"wp-block-pb-card is-style-light-pattern\"><div class=\"wp-block-pb-card__content\">\n<h2 class=\"wp-block-heading\">NOUVEAU : Fichiers <strong>analytiques de recherche de la Base de donn\u00e9es sur les cong\u00e9s de l\u2019ICIS (BDCP) <\/strong><\/h2>\n\n\n\n<p>L\u2019ICIS offre aux abonn\u00e9s du CERP l\u2019acc\u00e8s \u00e0 trois ans d\u2019\u00e9chantillons g\u00e9ographiques et cliniques anonymis\u00e9s \u00e0 partir des donn\u00e9es de la BDCP de l\u2019ICIS de 2016 \u00e0 2018.\nLes abonn\u00e9s recevront les exemples de donn\u00e9es accompagn\u00e9s d\u2019un document de mise en page du fichier pour fournir des instructions sur la lecture des donn\u00e9es.\nCes exemples de donn\u00e9es sont anonymis\u00e9s et les documents \u00e0 l\u2019appui sont disponibles en fran\u00e7ais et en anglais.    <\/p>\n\n\n\n<div class=\"wp-block-buttons is-layout-flex wp-block-buttons-is-layout-flex\">\n<div class=\"wp-block-button is-style-fill\"><a class=\"wp-block-button__link\" href=\"#FAQ\">Voir toutes les FAQ<\/a><\/div>\n<\/div>\n<\/div><\/div>\n<\/div>\n\n\n\n<div class=\"o-col u-6of12-md\">\n<div class=\"wp-block-pb-card\"><div class=\"wp-block-pb-card__content\">\n<h2 class=\"wp-block-heading\"><strong>Boutique en ligne de l\u2019ICIS<\/strong><\/h2>\n\n\n\n<p>La boutique en ligne de l\u2019ICIS offre l\u2019acc\u00e8s \u00e0 ses produits*, publications, manuels d\u2019instructions et autres outils, y compris les vues folio de la CIM-10-CA\/ICC (licence de 1 utilisateur).<br\/><br\/><em>*L\u2019acc\u00e8s \u00e0 certains produits est limit\u00e9 aux clients dont les organisations ont sign\u00e9 une entente avec l\u2019ICIS.<\/em><\/p>\n\n\n\n<div class=\"wp-block-buttons is-layout-flex wp-block-buttons-is-layout-flex\">\n<div class=\"wp-block-button\"><a class=\"wp-block-button__link\" href=\"https:\/\/secure.cihi.ca\/estore\/productbrowse.htm?locale=en\">Apprenez-en davantage sur le magasin en ligne de l\u2019ICIS<\/a><\/div>\n<\/div>\n<\/div><\/div>\n<\/div>\n<\/div>\n\n<div class=\"o-row\">\n<div class=\"o-col u-6of12-md\">\n<div class=\"wp-block-pb-card\"><div class=\"wp-block-pb-card__content\">\n<h2 class=\"wp-block-heading\"><strong>EQuery de l\u2019ICIS<\/strong><\/h2>\n\n\n\n<p>La recherche en ligne de l\u2019ICIS est une application Web qui consiste \u00e0 effectuer des recherches dans un r\u00e9pertoire de r\u00e9ponses sur des sujets li\u00e9s aux donn\u00e9es ou \u00e0 soumettre des questions sur diff\u00e9rents produits et services de l\u2019ICIS, y compris le codage des classifications.  <\/p>\n\n\n\n<div class=\"wp-block-buttons is-layout-flex wp-block-buttons-is-layout-flex\">\n<div class=\"wp-block-button\"><a class=\"wp-block-button__link\" href=\"https:\/\/www.cihi.ca\/en\/support-request-equery\">Apprenez-en davantage sur l\u2019eQuery de l\u2019ICIS<\/a><\/div>\n<\/div>\n<\/div><\/div>\n<\/div>\n\n\n\n<div class=\"o-col u-6of12-md\">\n<div class=\"wp-block-pb-card\"><div class=\"wp-block-pb-card__content\">\n<h2 class=\"wp-block-heading\"><strong>Centre d\u2019apprentissage de l\u2019ICIS<\/strong><\/h2>\n\n\n\n<p>Le Centre d\u2019apprentissage de l\u2019ICIS offre des cours \u00e9ducatifs* sur les bases de donn\u00e9es, les m\u00e9thodologies, les rapports et de nombreux autres sujets actuels en ligne, ainsi que des conf\u00e9rences Web et des vid\u00e9oconf\u00e9rences.  <br\/><br\/><em>*L\u2019acc\u00e8s \u00e0 certains cours est limit\u00e9 aux clients dont les organisations ont sign\u00e9 une entente avec l\u2019ICIS.  <\/em><\/p>\n\n\n\n<div class=\"wp-block-buttons is-layout-flex wp-block-buttons-is-layout-flex\">\n<div class=\"wp-block-button\"><a class=\"wp-block-button__link\" href=\"https:\/\/www.cihi.ca\/en\/news-events-and-education\/education\">Pour en savoir plus, page d\u2019\u00e9ducation de l\u2019ICIS<\/a><\/div>\n<\/div>\n<\/div><\/div>\n<\/div>\n<\/div>\n\n<div style=\"height:33px\" aria-hidden=\"true\" class=\"wp-block-spacer\"><\/div>\n\n<h2 class=\"wp-block-heading\" id=\"FAQ\">Foire aux questions<\/h2>\n\n<div class=\"wp-block-pb-accordion-item c-accordion__item js-accordion-item no-js\" data-initially-open=\"false\" data-click-to-close=\"true\" data-auto-close=\"true\" data-scroll=\"false\" data-scroll-offset=\"0\"><h2 id=\"at-8695090\" class=\"c-accordion__title js-accordion-controller\" role=\"button\">My school is a CERP subscriber. How can I access CIHI&rsquo;s eStore, Learning Centre, and eQuery?<\/h2><div id=\"ac-8695090\" class=\"c-accordion__content\">\n<ol class=\"wp-block-list\"><li>Assurez-vous d\u2019avoir une <a href=\"https:\/\/www.echima.ca\/membership\/\" target=\"_blank\" rel=\"noreferrer noopener\">adh\u00e9sion \u00e0 la CHIMA<\/a> (p. ex., professionnel, \u00e9tudiant, affili\u00e9 ou retrait\u00e9)<\/li><li>Connectez-vous \u00e0 votre compte ACES (votre nom doit appara\u00eetre comme un indicateur que vous \u00eates connect\u00e9)<\/li><li>S\u00e9lectionnez la fl\u00e8che \u00e0 c\u00f4t\u00e9 de votre nom et choisissez \u00ab\u00a0Mon tableau de bord\u00a0\u00bb<\/li><li>Acc\u00e9dez \u00e0 \u00ab Coll\u00e8ge canadien de gestion de l\u2019information sur la sant\u00e9 \u00bb<\/li><li>Cliquez sur la carte \u00ab\u00a0Ressources \u00e9ducatives\u00a0\u00bb pour tout voir<\/li><li>Cliquez sur la carte \u00ab Ressources de l\u2019ICIS \u00bb pour en savoir plus<\/li><li>Remplissez le \u00ab Formulaire de demande d\u2019acc\u00e8s aux ressources de l\u2019ICIS \u00bb<\/li><li>Consultez votre courriel pour obtenir des instructions pour acc\u00e9der \u00e0 la boutique en ligne, au Centre d\u2019apprentissage et \u00e0 la recherche \u00e9lectronique par l\u2019entremise d\u2019une page Web prot\u00e9g\u00e9e par mot de passe (veuillez consulter votre dossier de courrier ind\u00e9sirable)<\/li><\/ol>\n<\/div><\/div>\n\n<div class=\"wp-block-pb-accordion-item c-accordion__item js-accordion-item no-js\" data-initially-open=\"false\" data-click-to-close=\"true\" data-auto-close=\"true\" data-scroll=\"false\" data-scroll-offset=\"0\"><h2 id=\"at-8695091\" class=\"c-accordion__title js-accordion-controller\" role=\"button\">What is the Discharge Abstract Database (DAD)?<\/h2><div id=\"ac-8695091\" class=\"c-accordion__content\">\n<p>D\u00e9velopp\u00e9e \u00e0 l\u2019origine en 1963, la Base de donn\u00e9es sur les cong\u00e9s des patients (BDCP) saisit des renseignements administratifs, cliniques et d\u00e9mographiques sur les cong\u00e9s des h\u00f4pitaux (y compris les d\u00e9c\u00e8s, les d\u00e9parts et les transferts).\nLa couverture des donn\u00e9es contient des donn\u00e9es d\u00e9mographiques, administratives et cliniques sur toutes les s\u00e9parations (\u00e0 l\u2019exception des mortinaissances et des donneurs cadav\u00e9riques) des \u00e9tablissements de soins actifs pour patients hospitalis\u00e9s dans toutes les provinces et tous les territoires, \u00e0 l\u2019exception du Qu\u00e9bec. <\/p>\n<\/div><\/div>\n\n<div class=\"wp-block-pb-accordion-item c-accordion__item js-accordion-item no-js\" data-initially-open=\"false\" data-click-to-close=\"true\" data-auto-close=\"true\" data-scroll=\"false\" data-scroll-offset=\"0\"><h2 id=\"at-8695092\" class=\"c-accordion__title js-accordion-controller\" role=\"button\">Does the new CIHI sample data have the geographic and clinical datasets linked?<\/h2><div id=\"ac-8695092\" class=\"c-accordion__content\">\n<p>Non, ils ne sont pas li\u00e9s, et c\u2019est pour pr\u00e9server l\u2019anonymat.  <\/p>\n<\/div><\/div>\n\n<div class=\"wp-block-pb-accordion-item c-accordion__item js-accordion-item no-js\" data-initially-open=\"false\" data-click-to-close=\"true\" data-auto-close=\"true\" data-scroll=\"false\" data-scroll-offset=\"0\"><h2 id=\"at-8695093\" class=\"c-accordion__title js-accordion-controller\" role=\"button\">What is the sample size of data pulled from DAD for CERP subscribers?<\/h2><div id=\"ac-8695093\" class=\"c-accordion__content\">\n<p>Les donn\u00e9es extraites pour les abonn\u00e9s au CERP sont une taille d\u2019\u00e9chantillon de 10 % des fichiers g\u00e9ographiques et une taille d\u2019\u00e9chantillon de 10 % des fichiers cliniques.<\/p>\n<\/div><\/div>\n\n<div class=\"wp-block-pb-accordion-item c-accordion__item js-accordion-item no-js\" data-initially-open=\"false\" data-click-to-close=\"true\" data-auto-close=\"true\" data-scroll=\"false\" data-scroll-offset=\"0\"><h2 id=\"at-8695094\" class=\"c-accordion__title js-accordion-controller\" role=\"button\">Is there suppression of the diagnosis codes or other data?<\/h2><div id=\"ac-8695094\" class=\"c-accordion__content\">\n<p>Les codes de diagnostic sont tels qu\u2019ils apparaissent dans les enregistrements d\u2019\u00e9chantillons sans suppression.  <\/p>\n<\/div><\/div>\n\n<div class=\"wp-block-pb-accordion-item c-accordion__item js-accordion-item no-js\" data-initially-open=\"false\" data-click-to-close=\"true\" data-auto-close=\"true\" data-scroll=\"false\" data-scroll-offset=\"0\"><h2 id=\"at-8695095\" class=\"c-accordion__title js-accordion-controller\" role=\"button\">Will schools get access to data provided through the CIHI portal?<\/h2><div id=\"ac-8695095\" class=\"c-accordion__content\">\n<p>Non, le portail de l\u2019ICIS est un produit distinct de ce qui est offert dans le cadre du PROGRAMME.<\/p>\n<\/div><\/div>\n","protected":false},"excerpt":{"rendered":"<p>Institut canadien d\u2019information sur la sant\u00e9 Foire aux questions<\/p>\n","protected":false},"author":8,"featured_media":869688,"parent":885716,"menu_order":0,"comment_status":"closed","ping_status":"closed","template":"","meta":{"footnotes":""},"class_list":["post-869517","page","type-page","status-publish","has-post-thumbnail","hentry"],"yoast_head":"<!-- This site is optimized with the Yoast SEO Premium plugin v26.2 (Yoast SEO v27.3) - https:\/\/yoast.com\/product\/yoast-seo-premium-wordpress\/ -->\n<title>Institut canadien d\u2019information sur la sant\u00e9 - Canadian College of Health Information Management<\/title>\n<meta name=\"description\" content=\"Devenez un partenaire du Coll\u00e8ge canadien d\u2019information sur la sant\u00e9 et s\u00e9curisez des actifs d\u2019enseignement et de recherche pour votre \u00e9tablissement.\" \/>\n<meta name=\"robots\" content=\"noindex, nofollow\" \/>\n<meta property=\"og:locale\" content=\"fr_CA\" \/>\n<meta property=\"og:type\" content=\"article\" \/>\n<meta property=\"og:title\" content=\"Institut canadien d\u2019information sur la sant\u00e9\" \/>\n<meta property=\"og:description\" content=\"Devenez un partenaire du Coll\u00e8ge canadien d\u2019information sur la sant\u00e9 et s\u00e9curisez des actifs d\u2019enseignement et de recherche pour votre \u00e9tablissement.\" \/>\n<meta property=\"og:url\" content=\"https:\/\/cchim.ca\/fr\/programme-de-ressources-educatives-des-colleges\/abonnement-de-partenariat-collegial\/\" \/>\n<meta property=\"og:site_name\" content=\"Canadian College of Health Information Management\" \/>\n<meta property=\"article:modified_time\" content=\"2024-09-14T19:31:57+00:00\" \/>\n<meta property=\"og:image\" content=\"https:\/\/cchim.ca\/wp-content\/uploads\/2021\/04\/College-partnership-subscription5.webp\" \/>\n\t<meta property=\"og:image:width\" content=\"1458\" \/>\n\t<meta property=\"og:image:height\" content=\"1042\" \/>\n\t<meta property=\"og:image:type\" content=\"image\/jpeg\" \/>\n<meta name=\"twitter:card\" content=\"summary_large_image\" \/>\n<meta name=\"twitter:label1\" content=\"Estimation du temps de lecture\" \/>\n\t<meta name=\"twitter:data1\" content=\"4 minutes\" \/>\n<script type=\"application\/ld+json\" class=\"yoast-schema-graph\">{\"@context\":\"https:\\\/\\\/schema.org\",\"@graph\":[{\"@type\":\"WebPage\",\"@id\":\"https:\\\/\\\/cchim.ca\\\/fr\\\/programme-de-ressources-educatives-des-colleges\\\/abonnement-de-partenariat-collegial\\\/\",\"url\":\"https:\\\/\\\/cchim.ca\\\/fr\\\/programme-de-ressources-educatives-des-colleges\\\/abonnement-de-partenariat-collegial\\\/\",\"name\":\"Institut canadien d\u2019information sur la sant\u00e9 - Canadian College of Health Information Management\",\"isPartOf\":{\"@id\":\"https:\\\/\\\/cchim.ca\\\/#website\"},\"primaryImageOfPage\":{\"@id\":\"https:\\\/\\\/cchim.ca\\\/fr\\\/programme-de-ressources-educatives-des-colleges\\\/abonnement-de-partenariat-collegial\\\/#primaryimage\"},\"image\":{\"@id\":\"https:\\\/\\\/cchim.ca\\\/fr\\\/programme-de-ressources-educatives-des-colleges\\\/abonnement-de-partenariat-collegial\\\/#primaryimage\"},\"thumbnailUrl\":\"https:\\\/\\\/cchim.ca\\\/wp-content\\\/uploads\\\/2021\\\/04\\\/College-partnership-subscription5.webp\",\"datePublished\":\"2021-04-16T18:22:58+00:00\",\"dateModified\":\"2024-09-14T19:31:57+00:00\",\"description\":\"Devenez un partenaire du Coll\u00e8ge canadien d\u2019information sur la sant\u00e9 et s\u00e9curisez des actifs d\u2019enseignement et de recherche pour votre \u00e9tablissement.\",\"breadcrumb\":{\"@id\":\"https:\\\/\\\/cchim.ca\\\/fr\\\/programme-de-ressources-educatives-des-colleges\\\/abonnement-de-partenariat-collegial\\\/#breadcrumb\"},\"inLanguage\":\"fr-CA\",\"potentialAction\":[{\"@type\":\"ReadAction\",\"target\":[\"https:\\\/\\\/cchim.ca\\\/fr\\\/programme-de-ressources-educatives-des-colleges\\\/abonnement-de-partenariat-collegial\\\/\"]}]},{\"@type\":\"ImageObject\",\"inLanguage\":\"fr-CA\",\"@id\":\"https:\\\/\\\/cchim.ca\\\/fr\\\/programme-de-ressources-educatives-des-colleges\\\/abonnement-de-partenariat-collegial\\\/#primaryimage\",\"url\":\"https:\\\/\\\/cchim.ca\\\/wp-content\\\/uploads\\\/2021\\\/04\\\/College-partnership-subscription5.webp\",\"contentUrl\":\"https:\\\/\\\/cchim.ca\\\/wp-content\\\/uploads\\\/2021\\\/04\\\/College-partnership-subscription5.webp\",\"width\":1458,\"height\":1042},{\"@type\":\"BreadcrumbList\",\"@id\":\"https:\\\/\\\/cchim.ca\\\/fr\\\/programme-de-ressources-educatives-des-colleges\\\/abonnement-de-partenariat-collegial\\\/#breadcrumb\",\"itemListElement\":[{\"@type\":\"ListItem\",\"position\":1,\"name\":\"Home\",\"item\":\"https:\\\/\\\/cchim.ca\\\/\"},{\"@type\":\"ListItem\",\"position\":2,\"name\":\"Programme de ressources \u00e9ducatives des coll\u00e8ges\",\"item\":\"https:\\\/\\\/cchim.ca\\\/cerp\\\/\"},{\"@type\":\"ListItem\",\"position\":3,\"name\":\"Institut canadien d\u2019information sur la sant\u00e9\"}]},{\"@type\":\"WebSite\",\"@id\":\"https:\\\/\\\/cchim.ca\\\/#website\",\"url\":\"https:\\\/\\\/cchim.ca\\\/\",\"name\":\"Canadian College of Health Information Management\",\"description\":\"Accrediting academic institutions and certifying health information professionals\",\"publisher\":{\"@id\":\"https:\\\/\\\/cchim.ca\\\/#organization\"},\"alternateName\":\"CCHIM\",\"potentialAction\":[{\"@type\":\"SearchAction\",\"target\":{\"@type\":\"EntryPoint\",\"urlTemplate\":\"https:\\\/\\\/cchim.ca\\\/?s={search_term_string}\"},\"query-input\":{\"@type\":\"PropertyValueSpecification\",\"valueRequired\":true,\"valueName\":\"search_term_string\"}}],\"inLanguage\":\"fr-CA\"},{\"@type\":\"Organization\",\"@id\":\"https:\\\/\\\/cchim.ca\\\/#organization\",\"name\":\"Canadian College of Health Information Management\",\"alternateName\":\"CCHIM\",\"url\":\"https:\\\/\\\/cchim.ca\\\/\",\"logo\":{\"@type\":\"ImageObject\",\"inLanguage\":\"fr-CA\",\"@id\":\"https:\\\/\\\/cchim.ca\\\/#\\\/schema\\\/logo\\\/image\\\/\",\"url\":\"https:\\\/\\\/cchim.ca\\\/wp-content\\\/uploads\\\/2020\\\/08\\\/cropped-favicon.webp\",\"contentUrl\":\"https:\\\/\\\/cchim.ca\\\/wp-content\\\/uploads\\\/2020\\\/08\\\/cropped-favicon.webp\",\"width\":512,\"height\":512,\"caption\":\"Canadian College of Health Information Management\"},\"image\":{\"@id\":\"https:\\\/\\\/cchim.ca\\\/#\\\/schema\\\/logo\\\/image\\\/\"},\"description\":\"Canadian College of Health Information Management\",\"email\":\"support@echima.ca\",\"legalName\":\"Canadian College of Health Information Management\",\"foundingDate\":\"1972-09-07\",\"numberOfEmployees\":{\"@type\":\"QuantitativeValue\",\"minValue\":\"11\",\"maxValue\":\"50\"}}]}<\/script>\n<!-- \/ Yoast SEO Premium plugin. -->","yoast_head_json":{"title":"Institut canadien d\u2019information sur la sant\u00e9 - Canadian College of Health Information Management","description":"Devenez un partenaire du Coll\u00e8ge canadien d\u2019information sur la sant\u00e9 et s\u00e9curisez des actifs d\u2019enseignement et de recherche pour votre \u00e9tablissement.","robots":{"index":"noindex","follow":"nofollow"},"og_locale":"fr_CA","og_type":"article","og_title":"Institut canadien d\u2019information sur la sant\u00e9","og_description":"Devenez un partenaire du Coll\u00e8ge canadien d\u2019information sur la sant\u00e9 et s\u00e9curisez des actifs d\u2019enseignement et de recherche pour votre \u00e9tablissement.","og_url":"https:\/\/cchim.ca\/fr\/programme-de-ressources-educatives-des-colleges\/abonnement-de-partenariat-collegial\/","og_site_name":"Canadian College of Health Information Management","article_modified_time":"2024-09-14T19:31:57+00:00","og_image":[{"width":1458,"height":1042,"url":"https:\/\/cchim.ca\/wp-content\/uploads\/2021\/04\/College-partnership-subscription5.webp","type":"image\/jpeg"}],"twitter_card":"summary_large_image","twitter_misc":{"Estimation du temps de lecture":"4 minutes"},"schema":{"@context":"https:\/\/schema.org","@graph":[{"@type":"WebPage","@id":"https:\/\/cchim.ca\/fr\/programme-de-ressources-educatives-des-colleges\/abonnement-de-partenariat-collegial\/","url":"https:\/\/cchim.ca\/fr\/programme-de-ressources-educatives-des-colleges\/abonnement-de-partenariat-collegial\/","name":"Institut canadien d\u2019information sur la sant\u00e9 - Canadian College of Health Information Management","isPartOf":{"@id":"https:\/\/cchim.ca\/#website"},"primaryImageOfPage":{"@id":"https:\/\/cchim.ca\/fr\/programme-de-ressources-educatives-des-colleges\/abonnement-de-partenariat-collegial\/#primaryimage"},"image":{"@id":"https:\/\/cchim.ca\/fr\/programme-de-ressources-educatives-des-colleges\/abonnement-de-partenariat-collegial\/#primaryimage"},"thumbnailUrl":"https:\/\/cchim.ca\/wp-content\/uploads\/2021\/04\/College-partnership-subscription5.webp","datePublished":"2021-04-16T18:22:58+00:00","dateModified":"2024-09-14T19:31:57+00:00","description":"Devenez un partenaire du Coll\u00e8ge canadien d\u2019information sur la sant\u00e9 et s\u00e9curisez des actifs d\u2019enseignement et de recherche pour votre \u00e9tablissement.","breadcrumb":{"@id":"https:\/\/cchim.ca\/fr\/programme-de-ressources-educatives-des-colleges\/abonnement-de-partenariat-collegial\/#breadcrumb"},"inLanguage":"fr-CA","potentialAction":[{"@type":"ReadAction","target":["https:\/\/cchim.ca\/fr\/programme-de-ressources-educatives-des-colleges\/abonnement-de-partenariat-collegial\/"]}]},{"@type":"ImageObject","inLanguage":"fr-CA","@id":"https:\/\/cchim.ca\/fr\/programme-de-ressources-educatives-des-colleges\/abonnement-de-partenariat-collegial\/#primaryimage","url":"https:\/\/cchim.ca\/wp-content\/uploads\/2021\/04\/College-partnership-subscription5.webp","contentUrl":"https:\/\/cchim.ca\/wp-content\/uploads\/2021\/04\/College-partnership-subscription5.webp","width":1458,"height":1042},{"@type":"BreadcrumbList","@id":"https:\/\/cchim.ca\/fr\/programme-de-ressources-educatives-des-colleges\/abonnement-de-partenariat-collegial\/#breadcrumb","itemListElement":[{"@type":"ListItem","position":1,"name":"Home","item":"https:\/\/cchim.ca\/"},{"@type":"ListItem","position":2,"name":"Programme de ressources \u00e9ducatives des coll\u00e8ges","item":"https:\/\/cchim.ca\/cerp\/"},{"@type":"ListItem","position":3,"name":"Institut canadien d\u2019information sur la sant\u00e9"}]},{"@type":"WebSite","@id":"https:\/\/cchim.ca\/#website","url":"https:\/\/cchim.ca\/","name":"Canadian College of Health Information Management","description":"Accrediting academic institutions and certifying health information professionals","publisher":{"@id":"https:\/\/cchim.ca\/#organization"},"alternateName":"CCHIM","potentialAction":[{"@type":"SearchAction","target":{"@type":"EntryPoint","urlTemplate":"https:\/\/cchim.ca\/?s={search_term_string}"},"query-input":{"@type":"PropertyValueSpecification","valueRequired":true,"valueName":"search_term_string"}}],"inLanguage":"fr-CA"},{"@type":"Organization","@id":"https:\/\/cchim.ca\/#organization","name":"Canadian College of Health Information Management","alternateName":"CCHIM","url":"https:\/\/cchim.ca\/","logo":{"@type":"ImageObject","inLanguage":"fr-CA","@id":"https:\/\/cchim.ca\/#\/schema\/logo\/image\/","url":"https:\/\/cchim.ca\/wp-content\/uploads\/2020\/08\/cropped-favicon.webp","contentUrl":"https:\/\/cchim.ca\/wp-content\/uploads\/2020\/08\/cropped-favicon.webp","width":512,"height":512,"caption":"Canadian College of Health Information Management"},"image":{"@id":"https:\/\/cchim.ca\/#\/schema\/logo\/image\/"},"description":"Canadian College of Health Information Management","email":"support@echima.ca","legalName":"Canadian College of Health Information Management","foundingDate":"1972-09-07","numberOfEmployees":{"@type":"QuantitativeValue","minValue":"11","maxValue":"50"}}]}},"_links":{"self":[{"href":"https:\/\/cchim.ca\/fr\/wp-json\/wp\/v2\/pages\/869517","targetHints":{"allow":["GET"]}}],"collection":[{"href":"https:\/\/cchim.ca\/fr\/wp-json\/wp\/v2\/pages"}],"about":[{"href":"https:\/\/cchim.ca\/fr\/wp-json\/wp\/v2\/types\/page"}],"author":[{"embeddable":true,"href":"https:\/\/cchim.ca\/fr\/wp-json\/wp\/v2\/users\/8"}],"replies":[{"embeddable":true,"href":"https:\/\/cchim.ca\/fr\/wp-json\/wp\/v2\/comments?post=869517"}],"version-history":[{"count":0,"href":"https:\/\/cchim.ca\/fr\/wp-json\/wp\/v2\/pages\/869517\/revisions"}],"up":[{"embeddable":true,"href":"https:\/\/cchim.ca\/fr\/wp-json\/wp\/v2\/pages\/885716"}],"wp:featuredmedia":[{"embeddable":true,"href":"https:\/\/cchim.ca\/fr\/wp-json\/wp\/v2\/media\/869688"}],"wp:attachment":[{"href":"https:\/\/cchim.ca\/fr\/wp-json\/wp\/v2\/media?parent=869517"}],"curies":[{"name":"wp","href":"https:\/\/api.w.org\/{rel}","templated":true}]}}