{"id":867614,"date":"2020-09-23T15:46:39","date_gmt":"2020-09-23T19:46:39","guid":{"rendered":"https:\/\/cchim.ca\/?page_id=867614"},"modified":"2024-09-07T18:25:43","modified_gmt":"2024-09-07T22:25:43","slug":"health-information-management-association-of-australia-limited-himaa-reciprocal-agreement","status":"publish","type":"page","link":"https:\/\/cchim.ca\/fr\/certification\/chim\/health-information-management-association-of-australia-limited-himaa-reciprocal-agreement\/","title":{"rendered":"Conseil cor\u00e9en d\u2019accr\u00e9ditation pour l\u2019\u00e9ducation \u00e0 la gestion de la sant\u00e9 et de l\u2019information m\u00e9dicale (KAHIME)"},"content":{"rendered":"\n<h1 class=\"wp-block-heading\">Conseil cor\u00e9en d\u2019accr\u00e9ditation pour l\u2019\u00e9ducation \u00e0 la gestion de la sant\u00e9 et de l\u2019information m\u00e9dicale (KAHIME)<\/h1>\n\n\n\n<p>Le Coll\u00e8ge canadien de gestion de l\u2019information sur la sant\u00e9 a conclu une entente de r\u00e9ciprocit\u00e9 avec le Korean Accreditation Board for Health and Medical Information Management Education (KAHIME).\nCet accord permet aux membres du KAHIME de demander \u00e0 passer l\u2019examen de certification nationale CHIM de l\u2019Ordre. <\/p>\n\n\n\n<h2 class=\"wp-block-heading\">Conditions d\u2019admissibilit\u00e9<\/h2>\n\n\n\n<p>Afin d\u2019\u00eatre admissible en vertu de l\u2019accord de r\u00e9ciprocit\u00e9 KAHIME, l\u2019Ordre exige une preuve de ce qui suit :<\/p>\n\n\n\n<ol class=\"wp-block-list\">\n<li>Preuve de certification HIM active avec KAHIME<\/li>\n<\/ol>\n\n\n\n<h2 class=\"wp-block-heading\">Processus de demande<\/h2>\n\n\n\n<p><strong>\u00c9tape 1<\/strong><\/p>\n\n\n\n<p>\u00catre membre affili\u00e9 actif \u00e0 l\u2019Association canadienne de gestion de l\u2019information sur la sant\u00e9.<\/p>\n\n\n\n<div class=\"wp-block-buttons is-layout-flex wp-block-buttons-is-layout-flex\"><\/div>\n\n\n\n<p><strong>\u00c9tape 2<\/strong><\/p>\n\n\n\n<p>Passez en revue le guide CHIM NCE du Coll\u00e8ge canadien de gestion de l\u2019information sur la sant\u00e9 et suivez les \u00e9tapes fournies.<\/p>\n\n\n\n<div class=\"wp-block-buttons is-layout-flex wp-block-buttons-is-layout-flex\"><\/div>\n\n\n\n\n","protected":false},"excerpt":{"rendered":"<p>Conseil cor\u00e9en d\u2019accr\u00e9ditation pour l\u2019\u00e9ducation \u00e0 la gestion de la sant\u00e9 et de l\u2019information m\u00e9dicale (KAHIME) Le Coll\u00e8ge canadien de gestion de l\u2019information sur la sant\u00e9 a conclu une entente de r\u00e9ciprocit\u00e9 avec le Korean Accreditation Board for Health and Medical Information Management Education&#8230;<\/p>\n","protected":false},"author":10,"featured_media":0,"parent":867551,"menu_order":6,"comment_status":"closed","ping_status":"closed","template":"","meta":{"footnotes":""},"class_list":["post-867614","page","type-page","status-publish","hentry"],"yoast_head":"<!-- This site is optimized with the Yoast SEO Premium plugin v26.2 (Yoast SEO v27.3) - https:\/\/yoast.com\/product\/yoast-seo-premium-wordpress\/ -->\n<title>Conseil cor\u00e9en d\u2019accr\u00e9ditation pour l\u2019\u00e9ducation \u00e0 la gestion de la sant\u00e9 et de l\u2019information m\u00e9dicale (KAHIME) - Canadian College of Health Information Management<\/title>\n<meta name=\"description\" content=\"Conseil cor\u00e9en d\u2019accr\u00e9ditation pour l\u2019\u00e9ducation \u00e0 la gestion de la sant\u00e9 et de l\u2019information m\u00e9dicale (KAHIME) Le Coll\u00e8ge canadien de gestion de\" \/>\n<meta name=\"robots\" content=\"index, follow, max-snippet:-1, max-image-preview:large, max-video-preview:-1\" \/>\n<link rel=\"canonical\" href=\"https:\/\/cchim.ca\/fr\/certification\/chim\/health-information-management-association-of-australia-limited-himaa-reciprocal-agreement\/\" \/>\n<meta property=\"og:locale\" content=\"fr_CA\" \/>\n<meta property=\"og:type\" content=\"article\" \/>\n<meta property=\"og:title\" content=\"Conseil cor\u00e9en d\u2019accr\u00e9ditation pour l\u2019\u00e9ducation \u00e0 la gestion de la sant\u00e9 et de l\u2019information m\u00e9dicale (KAHIME)\" \/>\n<meta property=\"og:description\" content=\"Conseil cor\u00e9en d\u2019accr\u00e9ditation pour l\u2019\u00e9ducation \u00e0 la gestion de la sant\u00e9 et de l\u2019information m\u00e9dicale (KAHIME) Le Coll\u00e8ge canadien de gestion de\" \/>\n<meta property=\"og:url\" content=\"https:\/\/cchim.ca\/fr\/certification\/chim\/health-information-management-association-of-australia-limited-himaa-reciprocal-agreement\/\" \/>\n<meta property=\"og:site_name\" content=\"Canadian College of Health Information Management\" \/>\n<meta property=\"article:modified_time\" content=\"2024-09-07T22:25:43+00:00\" \/>\n<meta name=\"twitter:card\" content=\"summary_large_image\" \/>\n<meta name=\"twitter:label1\" content=\"Estimation du temps de lecture\" \/>\n\t<meta name=\"twitter:data1\" content=\"1 minute\" \/>\n<script type=\"application\/ld+json\" class=\"yoast-schema-graph\">{\"@context\":\"https:\\\/\\\/schema.org\",\"@graph\":[{\"@type\":\"WebPage\",\"@id\":\"https:\\\/\\\/cchim.ca\\\/fr\\\/certification\\\/chim\\\/health-information-management-association-of-australia-limited-himaa-reciprocal-agreement\\\/\",\"url\":\"https:\\\/\\\/cchim.ca\\\/fr\\\/certification\\\/chim\\\/health-information-management-association-of-australia-limited-himaa-reciprocal-agreement\\\/\",\"name\":\"Conseil cor\u00e9en d\u2019accr\u00e9ditation pour l\u2019\u00e9ducation \u00e0 la gestion de la sant\u00e9 et de l\u2019information m\u00e9dicale (KAHIME) - Canadian College of Health Information Management\",\"isPartOf\":{\"@id\":\"https:\\\/\\\/cchim.ca\\\/#website\"},\"datePublished\":\"2020-09-23T19:46:39+00:00\",\"dateModified\":\"2024-09-07T22:25:43+00:00\",\"description\":\"Conseil cor\u00e9en d\u2019accr\u00e9ditation pour l\u2019\u00e9ducation \u00e0 la gestion de la sant\u00e9 et de l\u2019information m\u00e9dicale (KAHIME) Le Coll\u00e8ge canadien de gestion de\",\"breadcrumb\":{\"@id\":\"https:\\\/\\\/cchim.ca\\\/fr\\\/certification\\\/chim\\\/health-information-management-association-of-australia-limited-himaa-reciprocal-agreement\\\/#breadcrumb\"},\"inLanguage\":\"fr-CA\",\"potentialAction\":[{\"@type\":\"ReadAction\",\"target\":[\"https:\\\/\\\/cchim.ca\\\/fr\\\/certification\\\/chim\\\/health-information-management-association-of-australia-limited-himaa-reciprocal-agreement\\\/\"]}]},{\"@type\":\"BreadcrumbList\",\"@id\":\"https:\\\/\\\/cchim.ca\\\/fr\\\/certification\\\/chim\\\/health-information-management-association-of-australia-limited-himaa-reciprocal-agreement\\\/#breadcrumb\",\"itemListElement\":[{\"@type\":\"ListItem\",\"position\":1,\"name\":\"Home\",\"item\":\"https:\\\/\\\/cchim.ca\\\/\"},{\"@type\":\"ListItem\",\"position\":2,\"name\":\"La certification\",\"item\":\"https:\\\/\\\/cchim.ca\\\/fr\\\/certification\\\/\"},{\"@type\":\"ListItem\",\"position\":3,\"name\":\"CHIM\",\"item\":\"https:\\\/\\\/cchim.ca\\\/fr\\\/certification\\\/chim\\\/\"},{\"@type\":\"ListItem\",\"position\":4,\"name\":\"Conseil cor\u00e9en d\u2019accr\u00e9ditation pour l\u2019\u00e9ducation \u00e0 la gestion de la sant\u00e9 et de l\u2019information m\u00e9dicale (KAHIME)\"}]},{\"@type\":\"WebSite\",\"@id\":\"https:\\\/\\\/cchim.ca\\\/#website\",\"url\":\"https:\\\/\\\/cchim.ca\\\/\",\"name\":\"Canadian College of Health Information Management\",\"description\":\"Accrediting academic institutions and certifying health information professionals\",\"publisher\":{\"@id\":\"https:\\\/\\\/cchim.ca\\\/#organization\"},\"alternateName\":\"CCHIM\",\"potentialAction\":[{\"@type\":\"SearchAction\",\"target\":{\"@type\":\"EntryPoint\",\"urlTemplate\":\"https:\\\/\\\/cchim.ca\\\/?s={search_term_string}\"},\"query-input\":{\"@type\":\"PropertyValueSpecification\",\"valueRequired\":true,\"valueName\":\"search_term_string\"}}],\"inLanguage\":\"fr-CA\"},{\"@type\":\"Organization\",\"@id\":\"https:\\\/\\\/cchim.ca\\\/#organization\",\"name\":\"Canadian College of Health Information Management\",\"alternateName\":\"CCHIM\",\"url\":\"https:\\\/\\\/cchim.ca\\\/\",\"logo\":{\"@type\":\"ImageObject\",\"inLanguage\":\"fr-CA\",\"@id\":\"https:\\\/\\\/cchim.ca\\\/#\\\/schema\\\/logo\\\/image\\\/\",\"url\":\"https:\\\/\\\/cchim.ca\\\/wp-content\\\/uploads\\\/2020\\\/08\\\/cropped-favicon.webp\",\"contentUrl\":\"https:\\\/\\\/cchim.ca\\\/wp-content\\\/uploads\\\/2020\\\/08\\\/cropped-favicon.webp\",\"width\":512,\"height\":512,\"caption\":\"Canadian College of Health Information Management\"},\"image\":{\"@id\":\"https:\\\/\\\/cchim.ca\\\/#\\\/schema\\\/logo\\\/image\\\/\"},\"description\":\"Canadian College of Health Information Management\",\"email\":\"support@echima.ca\",\"legalName\":\"Canadian College of Health Information Management\",\"foundingDate\":\"1972-09-07\",\"numberOfEmployees\":{\"@type\":\"QuantitativeValue\",\"minValue\":\"11\",\"maxValue\":\"50\"}}]}<\/script>\n<!-- \/ Yoast SEO Premium plugin. -->","yoast_head_json":{"title":"Conseil cor\u00e9en d\u2019accr\u00e9ditation pour l\u2019\u00e9ducation \u00e0 la gestion de la sant\u00e9 et de l\u2019information m\u00e9dicale (KAHIME) - Canadian College of Health Information Management","description":"Conseil cor\u00e9en d\u2019accr\u00e9ditation pour l\u2019\u00e9ducation \u00e0 la gestion de la sant\u00e9 et de l\u2019information m\u00e9dicale (KAHIME) Le Coll\u00e8ge canadien de gestion de","robots":{"index":"index","follow":"follow","max-snippet":"max-snippet:-1","max-image-preview":"max-image-preview:large","max-video-preview":"max-video-preview:-1"},"canonical":"https:\/\/cchim.ca\/fr\/certification\/chim\/health-information-management-association-of-australia-limited-himaa-reciprocal-agreement\/","og_locale":"fr_CA","og_type":"article","og_title":"Conseil cor\u00e9en d\u2019accr\u00e9ditation pour l\u2019\u00e9ducation \u00e0 la gestion de la sant\u00e9 et de l\u2019information m\u00e9dicale (KAHIME)","og_description":"Conseil cor\u00e9en d\u2019accr\u00e9ditation pour l\u2019\u00e9ducation \u00e0 la gestion de la sant\u00e9 et de l\u2019information m\u00e9dicale (KAHIME) Le Coll\u00e8ge canadien de gestion de","og_url":"https:\/\/cchim.ca\/fr\/certification\/chim\/health-information-management-association-of-australia-limited-himaa-reciprocal-agreement\/","og_site_name":"Canadian College of Health Information Management","article_modified_time":"2024-09-07T22:25:43+00:00","twitter_card":"summary_large_image","twitter_misc":{"Estimation du temps de lecture":"1 minute"},"schema":{"@context":"https:\/\/schema.org","@graph":[{"@type":"WebPage","@id":"https:\/\/cchim.ca\/fr\/certification\/chim\/health-information-management-association-of-australia-limited-himaa-reciprocal-agreement\/","url":"https:\/\/cchim.ca\/fr\/certification\/chim\/health-information-management-association-of-australia-limited-himaa-reciprocal-agreement\/","name":"Conseil cor\u00e9en d\u2019accr\u00e9ditation pour l\u2019\u00e9ducation \u00e0 la gestion de la sant\u00e9 et de l\u2019information m\u00e9dicale (KAHIME) - Canadian College of Health Information Management","isPartOf":{"@id":"https:\/\/cchim.ca\/#website"},"datePublished":"2020-09-23T19:46:39+00:00","dateModified":"2024-09-07T22:25:43+00:00","description":"Conseil cor\u00e9en d\u2019accr\u00e9ditation pour l\u2019\u00e9ducation \u00e0 la gestion de la sant\u00e9 et de l\u2019information m\u00e9dicale (KAHIME) Le Coll\u00e8ge canadien de gestion de","breadcrumb":{"@id":"https:\/\/cchim.ca\/fr\/certification\/chim\/health-information-management-association-of-australia-limited-himaa-reciprocal-agreement\/#breadcrumb"},"inLanguage":"fr-CA","potentialAction":[{"@type":"ReadAction","target":["https:\/\/cchim.ca\/fr\/certification\/chim\/health-information-management-association-of-australia-limited-himaa-reciprocal-agreement\/"]}]},{"@type":"BreadcrumbList","@id":"https:\/\/cchim.ca\/fr\/certification\/chim\/health-information-management-association-of-australia-limited-himaa-reciprocal-agreement\/#breadcrumb","itemListElement":[{"@type":"ListItem","position":1,"name":"Home","item":"https:\/\/cchim.ca\/"},{"@type":"ListItem","position":2,"name":"La certification","item":"https:\/\/cchim.ca\/fr\/certification\/"},{"@type":"ListItem","position":3,"name":"CHIM","item":"https:\/\/cchim.ca\/fr\/certification\/chim\/"},{"@type":"ListItem","position":4,"name":"Conseil cor\u00e9en d\u2019accr\u00e9ditation pour l\u2019\u00e9ducation \u00e0 la gestion de la sant\u00e9 et de l\u2019information m\u00e9dicale (KAHIME)"}]},{"@type":"WebSite","@id":"https:\/\/cchim.ca\/#website","url":"https:\/\/cchim.ca\/","name":"Canadian College of Health Information Management","description":"Accrediting academic institutions and certifying health information professionals","publisher":{"@id":"https:\/\/cchim.ca\/#organization"},"alternateName":"CCHIM","potentialAction":[{"@type":"SearchAction","target":{"@type":"EntryPoint","urlTemplate":"https:\/\/cchim.ca\/?s={search_term_string}"},"query-input":{"@type":"PropertyValueSpecification","valueRequired":true,"valueName":"search_term_string"}}],"inLanguage":"fr-CA"},{"@type":"Organization","@id":"https:\/\/cchim.ca\/#organization","name":"Canadian College of Health Information Management","alternateName":"CCHIM","url":"https:\/\/cchim.ca\/","logo":{"@type":"ImageObject","inLanguage":"fr-CA","@id":"https:\/\/cchim.ca\/#\/schema\/logo\/image\/","url":"https:\/\/cchim.ca\/wp-content\/uploads\/2020\/08\/cropped-favicon.webp","contentUrl":"https:\/\/cchim.ca\/wp-content\/uploads\/2020\/08\/cropped-favicon.webp","width":512,"height":512,"caption":"Canadian College of Health Information Management"},"image":{"@id":"https:\/\/cchim.ca\/#\/schema\/logo\/image\/"},"description":"Canadian College of Health Information Management","email":"support@echima.ca","legalName":"Canadian College of Health Information Management","foundingDate":"1972-09-07","numberOfEmployees":{"@type":"QuantitativeValue","minValue":"11","maxValue":"50"}}]}},"_links":{"self":[{"href":"https:\/\/cchim.ca\/fr\/wp-json\/wp\/v2\/pages\/867614","targetHints":{"allow":["GET"]}}],"collection":[{"href":"https:\/\/cchim.ca\/fr\/wp-json\/wp\/v2\/pages"}],"about":[{"href":"https:\/\/cchim.ca\/fr\/wp-json\/wp\/v2\/types\/page"}],"author":[{"embeddable":true,"href":"https:\/\/cchim.ca\/fr\/wp-json\/wp\/v2\/users\/10"}],"replies":[{"embeddable":true,"href":"https:\/\/cchim.ca\/fr\/wp-json\/wp\/v2\/comments?post=867614"}],"version-history":[{"count":0,"href":"https:\/\/cchim.ca\/fr\/wp-json\/wp\/v2\/pages\/867614\/revisions"}],"up":[{"embeddable":true,"href":"https:\/\/cchim.ca\/fr\/wp-json\/wp\/v2\/pages\/867551"}],"wp:attachment":[{"href":"https:\/\/cchim.ca\/fr\/wp-json\/wp\/v2\/media?parent=867614"}],"curies":[{"name":"wp","href":"https:\/\/api.w.org\/{rel}","templated":true}]}}