{"id":867608,"date":"2020-09-23T14:34:57","date_gmt":"2020-09-23T18:34:57","guid":{"rendered":"https:\/\/cchim.ca\/?page_id=867608"},"modified":"2024-09-07T18:26:05","modified_gmt":"2024-09-07T22:26:05","slug":"chim-nce-frequently-asked-questions","status":"publish","type":"page","link":"https:\/\/cchim.ca\/fr\/certification\/chim\/chim-nce-frequently-asked-questions\/","title":{"rendered":"Foire aux questions de CHIM NCE"},"content":{"rendered":"\n<h1 class=\"wp-block-heading\" id=\"frequently-asked-questionschim-nce\"><span class=\"is-style-slug\">Foire aux questions<\/span>CHIM NCE<\/h1>\n\n\n\n<div class=\"wp-block-pb-accordion-item c-accordion__item js-accordion-item no-js\" data-initially-open=\"false\" data-click-to-close=\"true\" data-auto-close=\"true\" data-scroll=\"false\" data-scroll-offset=\"0\"><h2 id=\"at-8675110\" class=\"c-accordion__title js-accordion-controller\" role=\"button\">\u00c9ligibilit\u00e9<\/h2><div id=\"ac-8675110\" class=\"c-accordion__content\">\n<p>Il y a deux fa\u00e7ons de devenir un professionnel certifi\u00e9 de la gestion de l\u2019information sur la sant\u00e9 (CHIM) au Canada :<\/p>\n\n\n\n<ol class=\"wp-block-list\">\n<li>En participant \u00e0 un <a href=\"https:\/\/cchim.ca\/program-directory\/?education=&amp;program_type=health-information-management&amp;program_location=&amp;program_delivery=&amp;college_status=accredited&amp;institution=\" target=\"_blank\" rel=\"noreferrer noopener nofollow\">programme him accr\u00e9dit\u00e9<\/a> par le Coll\u00e8ge canadien de gestion de l\u2019information sur la sant\u00e9.<\/li>\n\n\n\n<li>En d\u00e9tenant une certification reconnue d\u2019une association internationale en vertu d\u2019un accord de r\u00e9ciprocit\u00e9 avec le Coll\u00e8ge canadien de gestion de l\u2019information sur la sant\u00e9 :<\/li>\n<\/ol>\n\n\n\n<ul class=\"wp-block-list\">\n<li>Health Information Management Association of Australia (HIMAA) (en anglais seulement)<\/li>\n\n\n\n<li>American Health Information Management Association (AHIMA)<\/li>\n\n\n\n<li>Conseil cor\u00e9en d\u2019accr\u00e9ditation pour l\u2019\u00e9ducation \u00e0 la gestion de la sant\u00e9 et de l\u2019information m\u00e9dicale (KAHIME)<\/li>\n<\/ul>\n\n\n\n<p>Les deux voies ci-dessus exigent que les candidats r\u00e9ussissent l\u2019examen national de certification (RCE) du CHIM.<\/p>\n<\/div><\/div>\n\n\n\n<div class=\"wp-block-pb-accordion-item c-accordion__item js-accordion-item no-js\" data-initially-open=\"false\" data-click-to-close=\"true\" data-auto-close=\"true\" data-scroll=\"false\" data-scroll-offset=\"0\"><h2 id=\"at-8675111\" class=\"c-accordion__title js-accordion-controller\" role=\"button\">Maintien de la certification<\/h2><div id=\"ac-8675111\" class=\"c-accordion__content\">\n<p>Les exigences relatives \u00e0 la confirmation et au maintien de ce titre professionnel sont les suivantes :<\/p>\n\n\n\n<ul class=\"wp-block-list\">\n<li>Renouvellement annuel de l\u2019adh\u00e9sion \u00e0 l\u2019Association canadienne de gestion de l\u2019information sur la sant\u00e9 (ACIMS)<\/li>\n\n\n\n<li>Respect du code de d\u00e9ontologie professionnelle<\/li>\n\n\n\n<li>Ach\u00e8vement des cr\u00e9dits de formation professionnelle continue (D\u00c9C) requis conform\u00e9ment au d\u00e9lai \u00e9tabli dans la politique sur les D\u00c9C<\/li>\n<\/ul>\n\n\n\n<p>Le non-respect de l\u2019un de ces crit\u00e8res peut entra\u00eener la r\u00e9vocation de la certification.<\/p>\n<\/div><\/div>\n\n\n\n<div class=\"wp-block-pb-accordion-item c-accordion__item js-accordion-item no-js\" data-initially-open=\"false\" data-click-to-close=\"true\" data-auto-close=\"true\" data-scroll=\"false\" data-scroll-offset=\"0\"><h2 id=\"at-8675112\" class=\"c-accordion__title js-accordion-controller\" role=\"button\">Quelles sont les voies avanc\u00e9es pour devenir un professionnel certifi\u00e9 de la gestion de l\u2019information sur la sant\u00e9 (CHIM)&nbsp;?  <\/h2><div id=\"ac-8675112\" class=\"c-accordion__content\">\n<p>Accords de r\u00e9ciprocit\u00e9 :<\/p>\n\n\n\n<ul class=\"wp-block-list\">\n<li><a href=\"https:\/\/cchim.ca\/himaa-reciprocal-agreement\/\"><a href=\"https:\/\/cchim.ca\/himaa-reciprocal-agreement\/\">Health Information Management Association of Australia (HIMAA) (en anglais seulement)<\/a><\/a><\/li>\n\n\n\n<li><a href=\"https:\/\/cchim.ca\/certification\/chim\/ahima-reciprocal-agreement\/\"><a href=\"https:\/\/cchim.ca\/certification\/chim\/ahima-reciprocal-agreement\/\">American Health Information Management Association (AHIMA)<\/a><\/a><\/li>\n\n\n\n<li><a href=\"https:\/\/cchim.ca\/certification\/chim\/kahime-reciprocal-agreement\/\"><a href=\"https:\/\/cchim.ca\/certification\/chim\/kahime-reciprocal-agreement\/\">Conseil cor\u00e9en d\u2019accr\u00e9ditation pour l\u2019\u00e9ducation \u00e0 la gestion de la sant\u00e9 et de l\u2019information m\u00e9dicale (KAHIME)<\/a><\/a><\/li>\n<\/ul>\n\n\n\n\n<\/div><\/div>\n\n\n\n<div class=\"wp-block-pb-accordion-item c-accordion__item js-accordion-item no-js\" data-initially-open=\"false\" data-click-to-close=\"true\" data-auto-close=\"true\" data-scroll=\"false\" data-scroll-offset=\"0\"><h2 id=\"at-8675113\" class=\"c-accordion__title js-accordion-controller\" role=\"button\">J\u2019ai peu ou pas d\u2019\u00e9ducation en gestion de l\u2019information sur la sant\u00e9.\nQuelle est la meilleure voie pour moi&nbsp;? <\/h2><div id=\"ac-8675113\" class=\"c-accordion__content\">\n<p>Veuillez consulter le<a href=\"https:\/\/www.echima.ca\/program-directory\/\">r\u00e9pertoire des programmes<\/a>&nbsp;pour parcourir les&nbsp; programmes him accr\u00e9dit\u00e9s par le Coll\u00e8ge canadien de gestion de l\u2019information sur la sant\u00e9.<\/p>\n<\/div><\/div>\n\n\n\n<div class=\"wp-block-pb-accordion-item c-accordion__item js-accordion-item no-js\" data-initially-open=\"false\" data-click-to-close=\"true\" data-auto-close=\"true\" data-scroll=\"false\" data-scroll-offset=\"0\"><h2 id=\"at-8675114\" class=\"c-accordion__title js-accordion-controller\" role=\"button\"><br>Je suis dipl\u00f4m\u00e9e de la m\u00e9decine, de la pharmacie, des soins infirmiers ou d\u2019autres professions param\u00e9dicales form\u00e9es \u00e0 l\u2019\u00e9tranger.\nQuelle est la meilleure voie pour moi&nbsp;? <\/h2><div id=\"ac-8675114\" class=\"c-accordion__content\">\n<p>Veuillez consulter les <a href=\"https:\/\/cchim.ca\/certification\/chim\/chim-nce-eligibility-and-dates\/\">crit\u00e8res d\u2019admissibilit\u00e9<\/a>.<\/p>\n<\/div><\/div>\n\n\n\n<div class=\"wp-block-pb-accordion-item c-accordion__item js-accordion-item no-js\" data-initially-open=\"false\" data-click-to-close=\"true\" data-auto-close=\"true\" data-scroll=\"false\" data-scroll-offset=\"0\"><h2 id=\"at-8675115\" class=\"c-accordion__title js-accordion-controller\" role=\"button\"><br>J\u2019aimerais commencer une deuxi\u00e8me carri\u00e8re chez LUI.\nQuelle est la meilleure voie pour moi&nbsp;? <\/h2><div id=\"ac-8675115\" class=\"c-accordion__content\">\n<p>Veuillez consulter le<a href=\"https:\/\/www.echima.ca\/program-directory\/\">r\u00e9pertoire des programmes<\/a>&nbsp;pour parcourir les&nbsp; programmes him accr\u00e9dit\u00e9s par le Coll\u00e8ge canadien de gestion de l\u2019information sur la sant\u00e9.<\/p>\n<\/div><\/div>\n\n\n\n<div class=\"wp-block-pb-accordion-item c-accordion__item js-accordion-item no-js\" data-initially-open=\"false\" data-click-to-close=\"true\" data-auto-close=\"true\" data-scroll=\"false\" data-scroll-offset=\"0\"><h2 id=\"at-8675116\" class=\"c-accordion__title js-accordion-controller\" role=\"button\">Je veux suivre une formation pour devenir codeur m\u00e9dical.\nQuel chemin dois-je suivre&nbsp;? <\/h2><div id=\"ac-8675116\" class=\"c-accordion__content\">\n<p>La d\u00e9signation professionnelle reconnue pour&nbsp;les sp\u00e9cialistes de la classification et&nbsp;du codage&nbsp;(codeurs m\u00e9dicaux) au Canada est le titre professionnel&nbsp;CHIM.\nS\u2019il vous pla\u00eet visitez le &nbsp;<a href=\"https:\/\/www.echima.ca\/program-directory\/\">r\u00e9pertoire des programmes<\/a>&nbsp;pour parcourir les programmes HIM accr\u00e9dit\u00e9s par le Coll\u00e8ge canadien de gestion de l\u2019information sur la sant\u00e9.<\/p>\n<\/div><\/div>\n\n\n\n<div class=\"wp-block-pb-accordion-item c-accordion__item js-accordion-item no-js\" data-initially-open=\"false\" data-click-to-close=\"true\" data-auto-close=\"true\" data-scroll=\"false\" data-scroll-offset=\"0\"><h2 id=\"at-8675117\" class=\"c-accordion__title js-accordion-controller\" role=\"button\">Je travaille comme codeur m\u00e9dical \u00e0 l\u2019ext\u00e9rieur du Canada.\nReconnaissez-vous mes titres de comp\u00e9tences AHIMA ou AAPC&nbsp;? <br><\/h2><div id=\"ac-8675117\" class=\"c-accordion__content\">\n<p>Le titre de comp\u00e9tence reconnu pour les sp\u00e9cialistes de la classification et du codage (codeurs m\u00e9dicaux) au Canada est le titre professionnel CHIM.\nL\u2019exp\u00e9rience ant\u00e9rieure en mati\u00e8re de codage est appr\u00e9ci\u00e9e&nbsp;; cependant, pour une carri\u00e8re en tant que sp\u00e9cialiste du codage ici au Canada, nous vous recommandons de suivre un programme him accr\u00e9dit\u00e9.   <\/p>\n<\/div><\/div>\n\n\n\n<div class=\"wp-block-pb-accordion-item c-accordion__item js-accordion-item no-js\" data-initially-open=\"false\" data-click-to-close=\"true\" data-auto-close=\"true\" data-scroll=\"false\" data-scroll-offset=\"0\"><h2 id=\"at-8675118\" class=\"c-accordion__title js-accordion-controller\" role=\"button\">Je suis int\u00e9ress\u00e9 \u00e0 m\u2019inscrire \u00e0 un programme him accr\u00e9dit\u00e9 par le Coll\u00e8ge canadien de gestion de l\u2019information sur la sant\u00e9.\nQuelles sont mes options&nbsp;? <br><\/h2><div id=\"ac-8675118\" class=\"c-accordion__content\">\n<p>Il existe un certain nombre de programmes de HIM diff\u00e9rents au Canada qui sont accr\u00e9dit\u00e9s par le Coll\u00e8ge canadien de gestion de l\u2019information sur la sant\u00e9.\nS\u2019il vous pla\u00eet visitez le &nbsp;<a href=\"https:\/\/www.echima.ca\/program-directory\/\">r\u00e9pertoire des programmes<\/a>&nbsp;pour parcourir une liste compl\u00e8te des programmes de HIM accr\u00e9dit\u00e9s.\nVeuillez adresser toutes les demandes de renseignements au coordonnateur du&nbsp;programme&nbsp;de l\u2019\u00e9cole d\u2019int\u00e9r\u00eat&nbsp;; l\u2019Ordre n\u2019est pas en mesure de r\u00e9pondre aux questions propres au programme concernant le co\u00fbt, les conditions d\u2019admission, la dur\u00e9e ou les r\u00e9sultats avanc\u00e9s pour les \u00e9tudes ant\u00e9rieures. <\/p>\n<\/div><\/div>\n\n\n\n<div class=\"wp-block-pb-accordion-item c-accordion__item js-accordion-item no-js\" data-initially-open=\"false\" data-click-to-close=\"true\" data-auto-close=\"true\" data-scroll=\"false\" data-scroll-offset=\"0\"><h2 id=\"at-8675119\" class=\"c-accordion__title js-accordion-controller\" role=\"button\">Existe-t-il des options de formation en ligne pour les programmes de HIM agr\u00e9\u00e9s par le Coll\u00e8ge canadien de gestion de l\u2019information sur la sant\u00e9&nbsp;?<br><\/h2><div id=\"ac-8675119\" class=\"c-accordion__content\">\n<p>S\u2019il vous pla\u00eet visitez le&nbsp;<a href=\"https:\/\/www.echima.ca\/program-directory\/\">r\u00e9pertoire des programmes<\/a>&nbsp;pour parcourir les programmes de HIM accr\u00e9dit\u00e9s qui peuvent \u00eatre compl\u00e9t\u00e9s en ligne.\nVeuillez adresser toutes les demandes de renseignements au coordonnateur du&nbsp;programme&nbsp;de l\u2019\u00e9cole d\u2019int\u00e9r\u00eat&nbsp;; l\u2019Ordre n\u2019est pas en mesure de r\u00e9pondre aux questions propres au programme concernant le co\u00fbt, les conditions d\u2019admission, la dur\u00e9e ou les r\u00e9sultats avanc\u00e9s pour les \u00e9tudes ant\u00e9rieures. <\/p>\n<\/div><\/div>\n\n\n\n<div class=\"wp-block-pb-accordion-item c-accordion__item js-accordion-item no-js\" data-initially-open=\"false\" data-click-to-close=\"true\" data-auto-close=\"true\" data-scroll=\"false\" data-scroll-offset=\"0\"><h2 id=\"at-86751110\" class=\"c-accordion__title js-accordion-controller\" role=\"button\">Le Coll\u00e8ge canadien de gestion de l\u2019information sur la sant\u00e9 reconna\u00eet-il les dipl\u00f4m\u00e9s des programmes de HIM \u00e0 l\u2019ext\u00e9rieur du Canada&nbsp;?<br><\/h2><div id=\"ac-86751110\" class=\"c-accordion__content\">\n<p>L\u2019Ordre a conclu des ententes de&nbsp;r\u00e9ciprocit\u00e9 avec :  <\/p>\n\n\n\n<ul class=\"wp-block-list\">\n<li><a href=\"https:\/\/cchim.ca\/himaa-reciprocal-agreement\/\"><a href=\"https:\/\/cchim.ca\/himaa-reciprocal-agreement\/\">Health Information Management Association of Australia (HIMAA) (en anglais seulement)<\/a><\/a><\/li>\n\n\n\n<li><a href=\"https:\/\/cchim.ca\/certification\/chim\/ahima-reciprocal-agreement\/\"><a href=\"https:\/\/cchim.ca\/certification\/chim\/ahima-reciprocal-agreement\/\">American Health Information Management Association (AHIMA)<\/a><\/a><\/li>\n\n\n\n<li><a href=\"https:\/\/cchim.ca\/certification\/chim\/kahime-reciprocal-agreement\/\"><a href=\"https:\/\/cchim.ca\/certification\/chim\/kahime-reciprocal-agreement\/\">Conseil cor\u00e9en d\u2019accr\u00e9ditation pour l\u2019\u00e9ducation \u00e0 la gestion de la sant\u00e9 et de l\u2019information m\u00e9dicale (KAHIME)<\/a><\/a><\/li>\n<\/ul>\n<\/div><\/div>\n\n\n\n<div class=\"wp-block-pb-accordion-item c-accordion__item js-accordion-item no-js\" data-initially-open=\"false\" data-click-to-close=\"true\" data-auto-close=\"true\" data-scroll=\"false\" data-scroll-offset=\"0\"><h2 id=\"at-86751111\" class=\"c-accordion__title js-accordion-controller\" role=\"button\">Puis-je obtenir la certification CHIM si j\u2019ai \u00e9tudi\u00e9 dans un programme non-HIM dans le domaine des soins de sant\u00e9&nbsp;?<\/h2><div id=\"ac-86751111\" class=\"c-accordion__content\">\n<p>Veuillez visiter le<a href=\"https:\/\/www.echima.ca\/program-directory\/\">r\u00e9pertoire des<\/a>&nbsp; programmes &nbsp;pour parcourir une liste compl\u00e8te des programmes him accr\u00e9dit\u00e9s.<\/p>\n<\/div><\/div>\n","protected":false},"excerpt":{"rendered":"<p>Foire aux questionsCHIM NCE<\/p>\n","protected":false},"author":8,"featured_media":0,"parent":867551,"menu_order":1,"comment_status":"closed","ping_status":"closed","template":"","meta":{"footnotes":""},"class_list":["post-867608","page","type-page","status-publish","hentry"],"yoast_head":"<!-- This site is optimized with the Yoast SEO Premium plugin v26.2 (Yoast SEO v27.3) - https:\/\/yoast.com\/product\/yoast-seo-premium-wordpress\/ -->\n<title>Foire aux questions de CHIM NCE - Canadian College of Health Information Management<\/title>\n<meta name=\"description\" content=\"Foire aux questionsCHIM NCE \u00c9ligibilit\u00e9 Il y a deux fa\u00e7ons de devenir un professionnel certifi\u00e9 de la gestion de l\u2019information sur la sant\u00e9 (CHIM) au\" \/>\n<meta name=\"robots\" content=\"index, follow, max-snippet:-1, max-image-preview:large, max-video-preview:-1\" \/>\n<link rel=\"canonical\" href=\"https:\/\/cchim.ca\/fr\/certification\/chim\/chim-nce-frequently-asked-questions\/\" \/>\n<meta property=\"og:locale\" content=\"fr_CA\" \/>\n<meta property=\"og:type\" content=\"article\" \/>\n<meta property=\"og:title\" content=\"Foire aux questions de CHIM NCE\" \/>\n<meta property=\"og:description\" content=\"Foire aux questionsCHIM NCE \u00c9ligibilit\u00e9 Il y a deux fa\u00e7ons de devenir un professionnel certifi\u00e9 de la gestion de l\u2019information sur la sant\u00e9 (CHIM) au\" \/>\n<meta property=\"og:url\" content=\"https:\/\/cchim.ca\/fr\/certification\/chim\/chim-nce-frequently-asked-questions\/\" \/>\n<meta property=\"og:site_name\" content=\"Canadian College of Health Information Management\" \/>\n<meta property=\"article:modified_time\" content=\"2024-09-07T22:26:05+00:00\" \/>\n<meta name=\"twitter:card\" content=\"summary_large_image\" \/>\n<meta name=\"twitter:label1\" content=\"Estimation du temps de lecture\" \/>\n\t<meta name=\"twitter:data1\" content=\"1 minute\" \/>\n<script type=\"application\/ld+json\" class=\"yoast-schema-graph\">{\"@context\":\"https:\\\/\\\/schema.org\",\"@graph\":[{\"@type\":\"WebPage\",\"@id\":\"https:\\\/\\\/cchim.ca\\\/fr\\\/certification\\\/chim\\\/chim-nce-frequently-asked-questions\\\/\",\"url\":\"https:\\\/\\\/cchim.ca\\\/fr\\\/certification\\\/chim\\\/chim-nce-frequently-asked-questions\\\/\",\"name\":\"Foire aux questions de CHIM NCE - Canadian College of Health Information Management\",\"isPartOf\":{\"@id\":\"https:\\\/\\\/cchim.ca\\\/#website\"},\"datePublished\":\"2020-09-23T18:34:57+00:00\",\"dateModified\":\"2024-09-07T22:26:05+00:00\",\"description\":\"Foire aux questionsCHIM NCE \u00c9ligibilit\u00e9 Il y a deux fa\u00e7ons de devenir un professionnel certifi\u00e9 de la gestion de l\u2019information sur la sant\u00e9 (CHIM) au\",\"breadcrumb\":{\"@id\":\"https:\\\/\\\/cchim.ca\\\/fr\\\/certification\\\/chim\\\/chim-nce-frequently-asked-questions\\\/#breadcrumb\"},\"inLanguage\":\"fr-CA\",\"potentialAction\":[{\"@type\":\"ReadAction\",\"target\":[\"https:\\\/\\\/cchim.ca\\\/fr\\\/certification\\\/chim\\\/chim-nce-frequently-asked-questions\\\/\"]}]},{\"@type\":\"BreadcrumbList\",\"@id\":\"https:\\\/\\\/cchim.ca\\\/fr\\\/certification\\\/chim\\\/chim-nce-frequently-asked-questions\\\/#breadcrumb\",\"itemListElement\":[{\"@type\":\"ListItem\",\"position\":1,\"name\":\"Home\",\"item\":\"https:\\\/\\\/cchim.ca\\\/\"},{\"@type\":\"ListItem\",\"position\":2,\"name\":\"La certification\",\"item\":\"https:\\\/\\\/cchim.ca\\\/fr\\\/certification\\\/\"},{\"@type\":\"ListItem\",\"position\":3,\"name\":\"CHIM\",\"item\":\"https:\\\/\\\/cchim.ca\\\/fr\\\/certification\\\/chim\\\/\"},{\"@type\":\"ListItem\",\"position\":4,\"name\":\"Foire aux questions de CHIM NCE\"}]},{\"@type\":\"WebSite\",\"@id\":\"https:\\\/\\\/cchim.ca\\\/#website\",\"url\":\"https:\\\/\\\/cchim.ca\\\/\",\"name\":\"Canadian College of Health Information Management\",\"description\":\"Accrediting academic institutions and certifying health information professionals\",\"publisher\":{\"@id\":\"https:\\\/\\\/cchim.ca\\\/#organization\"},\"alternateName\":\"CCHIM\",\"potentialAction\":[{\"@type\":\"SearchAction\",\"target\":{\"@type\":\"EntryPoint\",\"urlTemplate\":\"https:\\\/\\\/cchim.ca\\\/?s={search_term_string}\"},\"query-input\":{\"@type\":\"PropertyValueSpecification\",\"valueRequired\":true,\"valueName\":\"search_term_string\"}}],\"inLanguage\":\"fr-CA\"},{\"@type\":\"Organization\",\"@id\":\"https:\\\/\\\/cchim.ca\\\/#organization\",\"name\":\"Canadian College of Health Information Management\",\"alternateName\":\"CCHIM\",\"url\":\"https:\\\/\\\/cchim.ca\\\/\",\"logo\":{\"@type\":\"ImageObject\",\"inLanguage\":\"fr-CA\",\"@id\":\"https:\\\/\\\/cchim.ca\\\/#\\\/schema\\\/logo\\\/image\\\/\",\"url\":\"https:\\\/\\\/cchim.ca\\\/wp-content\\\/uploads\\\/2020\\\/08\\\/cropped-favicon.webp\",\"contentUrl\":\"https:\\\/\\\/cchim.ca\\\/wp-content\\\/uploads\\\/2020\\\/08\\\/cropped-favicon.webp\",\"width\":512,\"height\":512,\"caption\":\"Canadian College of Health Information Management\"},\"image\":{\"@id\":\"https:\\\/\\\/cchim.ca\\\/#\\\/schema\\\/logo\\\/image\\\/\"},\"description\":\"Canadian College of Health Information Management\",\"email\":\"support@echima.ca\",\"legalName\":\"Canadian College of Health Information Management\",\"foundingDate\":\"1972-09-07\",\"numberOfEmployees\":{\"@type\":\"QuantitativeValue\",\"minValue\":\"11\",\"maxValue\":\"50\"}}]}<\/script>\n<!-- \/ Yoast SEO Premium plugin. -->","yoast_head_json":{"title":"Foire aux questions de CHIM NCE - Canadian College of Health Information Management","description":"Foire aux questionsCHIM NCE \u00c9ligibilit\u00e9 Il y a deux fa\u00e7ons de devenir un professionnel certifi\u00e9 de la gestion de l\u2019information sur la sant\u00e9 (CHIM) au","robots":{"index":"index","follow":"follow","max-snippet":"max-snippet:-1","max-image-preview":"max-image-preview:large","max-video-preview":"max-video-preview:-1"},"canonical":"https:\/\/cchim.ca\/fr\/certification\/chim\/chim-nce-frequently-asked-questions\/","og_locale":"fr_CA","og_type":"article","og_title":"Foire aux questions de CHIM NCE","og_description":"Foire aux questionsCHIM NCE \u00c9ligibilit\u00e9 Il y a deux fa\u00e7ons de devenir un professionnel certifi\u00e9 de la gestion de l\u2019information sur la sant\u00e9 (CHIM) au","og_url":"https:\/\/cchim.ca\/fr\/certification\/chim\/chim-nce-frequently-asked-questions\/","og_site_name":"Canadian College of Health Information Management","article_modified_time":"2024-09-07T22:26:05+00:00","twitter_card":"summary_large_image","twitter_misc":{"Estimation du temps de lecture":"1 minute"},"schema":{"@context":"https:\/\/schema.org","@graph":[{"@type":"WebPage","@id":"https:\/\/cchim.ca\/fr\/certification\/chim\/chim-nce-frequently-asked-questions\/","url":"https:\/\/cchim.ca\/fr\/certification\/chim\/chim-nce-frequently-asked-questions\/","name":"Foire aux questions de CHIM NCE - Canadian College of Health Information Management","isPartOf":{"@id":"https:\/\/cchim.ca\/#website"},"datePublished":"2020-09-23T18:34:57+00:00","dateModified":"2024-09-07T22:26:05+00:00","description":"Foire aux questionsCHIM NCE \u00c9ligibilit\u00e9 Il y a deux fa\u00e7ons de devenir un professionnel certifi\u00e9 de la gestion de l\u2019information sur la sant\u00e9 (CHIM) au","breadcrumb":{"@id":"https:\/\/cchim.ca\/fr\/certification\/chim\/chim-nce-frequently-asked-questions\/#breadcrumb"},"inLanguage":"fr-CA","potentialAction":[{"@type":"ReadAction","target":["https:\/\/cchim.ca\/fr\/certification\/chim\/chim-nce-frequently-asked-questions\/"]}]},{"@type":"BreadcrumbList","@id":"https:\/\/cchim.ca\/fr\/certification\/chim\/chim-nce-frequently-asked-questions\/#breadcrumb","itemListElement":[{"@type":"ListItem","position":1,"name":"Home","item":"https:\/\/cchim.ca\/"},{"@type":"ListItem","position":2,"name":"La certification","item":"https:\/\/cchim.ca\/fr\/certification\/"},{"@type":"ListItem","position":3,"name":"CHIM","item":"https:\/\/cchim.ca\/fr\/certification\/chim\/"},{"@type":"ListItem","position":4,"name":"Foire aux questions de CHIM NCE"}]},{"@type":"WebSite","@id":"https:\/\/cchim.ca\/#website","url":"https:\/\/cchim.ca\/","name":"Canadian College of Health Information Management","description":"Accrediting academic institutions and certifying health information professionals","publisher":{"@id":"https:\/\/cchim.ca\/#organization"},"alternateName":"CCHIM","potentialAction":[{"@type":"SearchAction","target":{"@type":"EntryPoint","urlTemplate":"https:\/\/cchim.ca\/?s={search_term_string}"},"query-input":{"@type":"PropertyValueSpecification","valueRequired":true,"valueName":"search_term_string"}}],"inLanguage":"fr-CA"},{"@type":"Organization","@id":"https:\/\/cchim.ca\/#organization","name":"Canadian College of Health Information Management","alternateName":"CCHIM","url":"https:\/\/cchim.ca\/","logo":{"@type":"ImageObject","inLanguage":"fr-CA","@id":"https:\/\/cchim.ca\/#\/schema\/logo\/image\/","url":"https:\/\/cchim.ca\/wp-content\/uploads\/2020\/08\/cropped-favicon.webp","contentUrl":"https:\/\/cchim.ca\/wp-content\/uploads\/2020\/08\/cropped-favicon.webp","width":512,"height":512,"caption":"Canadian College of Health Information Management"},"image":{"@id":"https:\/\/cchim.ca\/#\/schema\/logo\/image\/"},"description":"Canadian College of Health Information Management","email":"support@echima.ca","legalName":"Canadian College of Health Information Management","foundingDate":"1972-09-07","numberOfEmployees":{"@type":"QuantitativeValue","minValue":"11","maxValue":"50"}}]}},"_links":{"self":[{"href":"https:\/\/cchim.ca\/fr\/wp-json\/wp\/v2\/pages\/867608","targetHints":{"allow":["GET"]}}],"collection":[{"href":"https:\/\/cchim.ca\/fr\/wp-json\/wp\/v2\/pages"}],"about":[{"href":"https:\/\/cchim.ca\/fr\/wp-json\/wp\/v2\/types\/page"}],"author":[{"embeddable":true,"href":"https:\/\/cchim.ca\/fr\/wp-json\/wp\/v2\/users\/8"}],"replies":[{"embeddable":true,"href":"https:\/\/cchim.ca\/fr\/wp-json\/wp\/v2\/comments?post=867608"}],"version-history":[{"count":0,"href":"https:\/\/cchim.ca\/fr\/wp-json\/wp\/v2\/pages\/867608\/revisions"}],"up":[{"embeddable":true,"href":"https:\/\/cchim.ca\/fr\/wp-json\/wp\/v2\/pages\/867551"}],"wp:attachment":[{"href":"https:\/\/cchim.ca\/fr\/wp-json\/wp\/v2\/media?parent=867608"}],"curies":[{"name":"wp","href":"https:\/\/api.w.org\/{rel}","templated":true}]}}