{"id":867605,"date":"2020-09-18T17:14:41","date_gmt":"2020-09-18T21:14:41","guid":{"rendered":"https:\/\/cchim.ca\/?page_id=867605"},"modified":"2025-10-02T12:34:58","modified_gmt":"2025-10-02T16:34:58","slug":"chim-nce-eligibility-and-dates","status":"publish","type":"page","link":"https:\/\/cchim.ca\/fr\/certification\/chim\/chim-nce-eligibility-and-dates\/","title":{"rendered":"Admissibilit\u00e9 et dates des RCE CHIM"},"content":{"rendered":"\n<h1 class=\"wp-block-heading\"><span class=\"is-style-slug\">Admissibilit\u00e9 et dates<\/span>CHIM NCE<\/h1>\n\n<h2 class=\"wp-block-heading\">Conditions d\u2019admissibilit\u00e9<\/h2>\n\n<p>Il y a trois fa\u00e7ons de devenir un professionnel certifi\u00e9 de la gestion de l\u2019information sur la sant\u00e9 (CHIM) au Canada :  <\/p>\n\n<ol class=\"wp-block-list\">\n<li>Dans le cadre d\u2019un <a href=\"https:\/\/cchim.ca\/program-directory\/?education=&amp;program_type=health-information-management&amp;program_location=&amp;program_delivery=&amp;college_status=accredited&amp;institution=\">programme him accr\u00e9dit\u00e9<\/a> par le Coll\u00e8ge canadien de gestion de l\u2019information sur la sant\u00e9<\/li>\n\n\n\n<li>Dans le cadre <a href=\"https:\/\/cchim.ca\/program-directory\/?education=&amp;program_type=health-information-fundamentals&amp;program_location=&amp;program_delivery=&amp;college_status=accredited&amp;institution=\">d\u2019un programme d\u2019information fondamentale sur la sant\u00e9<\/a> agr\u00e9\u00e9 par le Coll\u00e8ge canadien de gestion de l\u2019information sur la sant\u00e9, <a href=\"https:\/\/cchim.ca\/join-the-profession\/degree-level-graduate\/\">jumel\u00e9 \u00e0 un dipl\u00f4me reconnu existant<\/a><\/li>\n\n\n\n<li>Accord de r\u00e9ciprocit\u00e9 :<ul><li><a href=\"https:\/\/cchim.ca\/fr\/entente-de-reciprocite-avec-lhealth-information-management-association-of-australia-limited-himaa\/\">Health Information Management Association of Australia (HIMAA) (en anglais seulement)<\/a><\/li><\/ul><ul><li><a href=\"https:\/\/cchim.ca\/fr\/certification\/chim\/american-health-information-management-association-ahima-reciprocal-agreement\/\">American Health Information Management Association (AHIMA)<\/a><\/li><\/ul>\n<ul class=\"wp-block-list\">\n<li><a href=\"https:\/\/cchim.ca\/fr\/certification\/chim\/health-information-management-association-of-australia-limited-himaa-reciprocal-agreement\/\">Conseil cor\u00e9en d\u2019accr\u00e9ditation pour l\u2019\u00e9ducation \u00e0 la gestion de la sant\u00e9 et de l\u2019information m\u00e9dicale (KAHIME)<\/a><\/li>\n<\/ul>\n<\/li>\n<\/ol>\n\n<div class=\"wp-block-buttons is-layout-flex wp-block-buttons-is-layout-flex\">\n<div class=\"wp-block-button\"><a class=\"wp-block-button__link wp-element-button\" href=\"https:\/\/cchim.ca\/certification\/chim\/chim-nce-frequently-asked-questions\/\">Foire aux questions<\/a><\/div>\n<\/div>\n\n<p>Toutes les voies exigent que les candidats \u00e9crivent l\u2019examen national de certification (RCE) du CHIM.<\/p>\n\n<h2 class=\"wp-block-heading\" id=\"chim-dates\">Dates d\u2019examen \u00e0 venir<\/h2>\n\n<p>Les prochaines dates des RCE CHIM sont les suivantes :<\/p>\n\n<figure class=\"wp-block-table\"><table><thead><tr><th>P\u00e9riode d\u2019examen*<\/th><th>Date limite de pr\u00e9sentation des demandes, des paiements et des relev\u00e9s de notes<\/th><th>Prix<\/th><\/tr><\/thead><tbody><tr><td>Du 27 au 31 octobre 2025<\/td><td>Le 6 octobre 2025<\/td><td>498,00 $ + taxes<\/td><\/tr><tr><td>Du 24 au 28 novembre 2025<\/td><td>Le 7 novembre 2025<\/td><td>498,00 $ + taxes<\/td><\/tr><tr><td>19-23 janvier 2026<\/td><td>2 janvier 2026<\/td><td>498,00 $ + taxes<\/td><\/tr><tr><td>20-24 avril 2026<\/td><td>1er avril 2026<\/td><td>498,00 $ + taxes<\/td><\/tr><tr><td>22-26 juin 2026<\/td><td>1er juin 2026<\/td><td>498,00 $ + taxes<\/td><\/tr><tr><td>20-24 juillet 2026<\/td><td>3 juillet 2026<\/td><td>498,00 $ + taxes<\/td><\/tr><tr><td>21-25 septembre 2026<\/td><td>2 septembre 2026<\/td><td>498,00 $ + taxes<\/td><\/tr><tr><td>23-27 novembre 2026<\/td><td>2 novembre 2026<\/td><td>498,00 $ + taxes<\/td><\/tr><\/tbody><\/table><figcaption class=\"wp-element-caption\">* Une p\u00e9riode d\u2019examen peut \u00eatre prolong\u00e9e pour offrir plus d\u2019options de dates aux candidats en fonction du volume de demandes re\u00e7ues par l\u2019Ordre. Des dates et des heures suppl\u00e9mentaires seront ajout\u00e9es au besoin.   <\/figcaption><\/figure>\n\n<p><strong>Les demandes et les relev\u00e9s de notes ne seront pas examin\u00e9s avant la date limite de pr\u00e9sentation des demandes.<\/strong> <\/p>\n\n<h2 class=\"wp-block-heading\" id=\"h-request-to-defer-or-withdraw\">Demande de report ou de retrait<\/h2>\n\n<p>Report : Un candidat peut reporter sa demande \u00e0 une prochaine s\u00e9ance des RCE. Le candidat est tenu d\u2019aviser l\u2019\u00e9quipe d\u2019examen au moyen d\u2019une demande de report au moins 10 jours ouvrables avant la s\u00e9ance d\u2019examen.   <strong>Veuillez noter qu\u2019une demande ne peut \u00eatre diff\u00e9r\u00e9e que trois fois au total.<\/strong><\/p>\n\n<p>Retrait : La demande d\u2019abandon d\u2019un examen doit \u00eatre re\u00e7ue par \u00e9crit dans les d\u00e9lais indiqu\u00e9s ci-dessous. Un remboursement de 100% des frais d\u2019examen sera accord\u00e9. Aucun remboursement ne sera effectu\u00e9 apr\u00e8s ces d\u00e9lais.  <\/p>\n\n<div class=\"wp-block-buttons is-layout-flex wp-block-buttons-is-layout-flex\">\n<div class=\"wp-block-button\"><a class=\"wp-block-button__link wp-element-button\" href=\"https:\/\/www.echima.ca\/request-to-withdraw-or-defer-form\/\" target=\"_blank\" rel=\"noreferrer noopener\">Pr\u00e9senter une demande de report ou de retrait<\/a><\/div>\n<\/div>\n\n<figure class=\"wp-block-table\"><table><thead><tr><th>P\u00e9riode d\u2019examen<\/th><th>Date limite de retrait<\/th><th>Date limite pour le report<\/th><\/tr><\/thead><tbody><tr><td>Du 27 au 31 octobre 2025<\/td><td>Le 6 octobre 2025<\/td><td>13 octobre 2025<\/td><\/tr><tr><td>Du 24 au 28 novembre 2025<\/td><td>Le 7 novembre 2025<\/td><td>10 novembre 2025<\/td><\/tr><tr><td>19-23 janvier 2026<\/td><td>2 janvier 2026<\/td><td>5 janvier 2026<\/td><\/tr><tr><td>20-24 avril 2026<\/td><td>1er avril 2026<\/td><td>6 avril 2026<\/td><\/tr><tr><td>22-26 juin 2026<\/td><td>1er juin 2026<\/td><td>8 juin 2026<\/td><\/tr><tr><td>20-24 juillet 2026<\/td><td>3 juillet 2026<\/td><td>6 juillet 2026<\/td><\/tr><tr><td>21-25 septembre 2026<\/td><td>2 septembre 2026<\/td><td>7 septembre 2026<\/td><\/tr><tr><td>23-27 novembre 2026<\/td><td>2 novembre 2026<\/td><td>9 novembre 2026<\/td><\/tr><\/tbody><\/table><\/figure>\n","protected":false},"excerpt":{"rendered":"<p>Admissibilit\u00e9 et datesCHIM NCE Conditions d\u2019admissibilit\u00e9 Il y a trois fa\u00e7ons de devenir un professionnel certifi\u00e9 de la gestion de l\u2019information sur la sant\u00e9 (CHIM) au Canada : Toutes les voies exigent que les candidats \u00e9crivent l\u2019examen national de certification (RCE) du CHIM. Dates&#8230;<\/p>\n","protected":false},"author":10,"featured_media":0,"parent":867551,"menu_order":4,"comment_status":"closed","ping_status":"closed","template":"","meta":{"footnotes":""},"class_list":["post-867605","page","type-page","status-publish","hentry"],"yoast_head":"<!-- This site is optimized with the Yoast SEO Premium plugin v26.2 (Yoast SEO v27.3) - https:\/\/yoast.com\/product\/yoast-seo-premium-wordpress\/ -->\n<title>Admissibilit\u00e9 et dates des RCE CHIM - Canadian College of Health Information Management<\/title>\n<meta name=\"description\" content=\"Admissibilit\u00e9 et datesCHIM NCE Conditions d\u2019admissibilit\u00e9 Il y a trois fa\u00e7ons de devenir un professionnel certifi\u00e9 de la gestion de l\u2019information sur la\" \/>\n<meta name=\"robots\" content=\"index, follow, max-snippet:-1, max-image-preview:large, max-video-preview:-1\" \/>\n<link rel=\"canonical\" href=\"https:\/\/cchim.ca\/fr\/certification\/chim\/chim-nce-eligibility-and-dates\/\" \/>\n<meta property=\"og:locale\" content=\"fr_CA\" \/>\n<meta property=\"og:type\" content=\"article\" \/>\n<meta property=\"og:title\" content=\"Admissibilit\u00e9 et dates des RCE CHIM\" \/>\n<meta property=\"og:description\" content=\"Admissibilit\u00e9 et datesCHIM NCE Conditions d\u2019admissibilit\u00e9 Il y a trois fa\u00e7ons de devenir un professionnel certifi\u00e9 de la gestion de l\u2019information sur la\" \/>\n<meta property=\"og:url\" content=\"https:\/\/cchim.ca\/fr\/certification\/chim\/chim-nce-eligibility-and-dates\/\" \/>\n<meta property=\"og:site_name\" content=\"Canadian College of Health Information Management\" \/>\n<meta property=\"article:modified_time\" content=\"2025-10-02T16:34:58+00:00\" \/>\n<meta name=\"twitter:card\" content=\"summary_large_image\" \/>\n<meta name=\"twitter:label1\" content=\"Estimation du temps de lecture\" \/>\n\t<meta name=\"twitter:data1\" content=\"2 minutes\" \/>\n<script type=\"application\/ld+json\" class=\"yoast-schema-graph\">{\"@context\":\"https:\\\/\\\/schema.org\",\"@graph\":[{\"@type\":\"WebPage\",\"@id\":\"https:\\\/\\\/cchim.ca\\\/fr\\\/certification\\\/chim\\\/chim-nce-eligibility-and-dates\\\/\",\"url\":\"https:\\\/\\\/cchim.ca\\\/fr\\\/certification\\\/chim\\\/chim-nce-eligibility-and-dates\\\/\",\"name\":\"Admissibilit\u00e9 et dates des RCE CHIM - Canadian College of Health Information Management\",\"isPartOf\":{\"@id\":\"https:\\\/\\\/cchim.ca\\\/#website\"},\"datePublished\":\"2020-09-18T21:14:41+00:00\",\"dateModified\":\"2025-10-02T16:34:58+00:00\",\"description\":\"Admissibilit\u00e9 et datesCHIM NCE Conditions d\u2019admissibilit\u00e9 Il y a trois fa\u00e7ons de devenir un professionnel certifi\u00e9 de la gestion de l\u2019information sur la\",\"breadcrumb\":{\"@id\":\"https:\\\/\\\/cchim.ca\\\/fr\\\/certification\\\/chim\\\/chim-nce-eligibility-and-dates\\\/#breadcrumb\"},\"inLanguage\":\"fr-CA\",\"potentialAction\":[{\"@type\":\"ReadAction\",\"target\":[\"https:\\\/\\\/cchim.ca\\\/fr\\\/certification\\\/chim\\\/chim-nce-eligibility-and-dates\\\/\"]}]},{\"@type\":\"BreadcrumbList\",\"@id\":\"https:\\\/\\\/cchim.ca\\\/fr\\\/certification\\\/chim\\\/chim-nce-eligibility-and-dates\\\/#breadcrumb\",\"itemListElement\":[{\"@type\":\"ListItem\",\"position\":1,\"name\":\"Home\",\"item\":\"https:\\\/\\\/cchim.ca\\\/\"},{\"@type\":\"ListItem\",\"position\":2,\"name\":\"La certification\",\"item\":\"https:\\\/\\\/cchim.ca\\\/fr\\\/certification\\\/\"},{\"@type\":\"ListItem\",\"position\":3,\"name\":\"CHIM\",\"item\":\"https:\\\/\\\/cchim.ca\\\/fr\\\/certification\\\/chim\\\/\"},{\"@type\":\"ListItem\",\"position\":4,\"name\":\"Admissibilit\u00e9 et dates des RCE CHIM\"}]},{\"@type\":\"WebSite\",\"@id\":\"https:\\\/\\\/cchim.ca\\\/#website\",\"url\":\"https:\\\/\\\/cchim.ca\\\/\",\"name\":\"Canadian College of Health Information Management\",\"description\":\"Accrediting academic institutions and certifying health information professionals\",\"publisher\":{\"@id\":\"https:\\\/\\\/cchim.ca\\\/#organization\"},\"alternateName\":\"CCHIM\",\"potentialAction\":[{\"@type\":\"SearchAction\",\"target\":{\"@type\":\"EntryPoint\",\"urlTemplate\":\"https:\\\/\\\/cchim.ca\\\/?s={search_term_string}\"},\"query-input\":{\"@type\":\"PropertyValueSpecification\",\"valueRequired\":true,\"valueName\":\"search_term_string\"}}],\"inLanguage\":\"fr-CA\"},{\"@type\":\"Organization\",\"@id\":\"https:\\\/\\\/cchim.ca\\\/#organization\",\"name\":\"Canadian College of Health Information Management\",\"alternateName\":\"CCHIM\",\"url\":\"https:\\\/\\\/cchim.ca\\\/\",\"logo\":{\"@type\":\"ImageObject\",\"inLanguage\":\"fr-CA\",\"@id\":\"https:\\\/\\\/cchim.ca\\\/#\\\/schema\\\/logo\\\/image\\\/\",\"url\":\"https:\\\/\\\/cchim.ca\\\/wp-content\\\/uploads\\\/2020\\\/08\\\/cropped-favicon.webp\",\"contentUrl\":\"https:\\\/\\\/cchim.ca\\\/wp-content\\\/uploads\\\/2020\\\/08\\\/cropped-favicon.webp\",\"width\":512,\"height\":512,\"caption\":\"Canadian College of Health Information Management\"},\"image\":{\"@id\":\"https:\\\/\\\/cchim.ca\\\/#\\\/schema\\\/logo\\\/image\\\/\"},\"description\":\"Canadian College of Health Information Management\",\"email\":\"support@echima.ca\",\"legalName\":\"Canadian College of Health Information Management\",\"foundingDate\":\"1972-09-07\",\"numberOfEmployees\":{\"@type\":\"QuantitativeValue\",\"minValue\":\"11\",\"maxValue\":\"50\"}}]}<\/script>\n<!-- \/ Yoast SEO Premium plugin. -->","yoast_head_json":{"title":"Admissibilit\u00e9 et dates des RCE CHIM - Canadian College of Health Information Management","description":"Admissibilit\u00e9 et datesCHIM NCE Conditions d\u2019admissibilit\u00e9 Il y a trois fa\u00e7ons de devenir un professionnel certifi\u00e9 de la gestion de l\u2019information sur la","robots":{"index":"index","follow":"follow","max-snippet":"max-snippet:-1","max-image-preview":"max-image-preview:large","max-video-preview":"max-video-preview:-1"},"canonical":"https:\/\/cchim.ca\/fr\/certification\/chim\/chim-nce-eligibility-and-dates\/","og_locale":"fr_CA","og_type":"article","og_title":"Admissibilit\u00e9 et dates des RCE CHIM","og_description":"Admissibilit\u00e9 et datesCHIM NCE Conditions d\u2019admissibilit\u00e9 Il y a trois fa\u00e7ons de devenir un professionnel certifi\u00e9 de la gestion de l\u2019information sur la","og_url":"https:\/\/cchim.ca\/fr\/certification\/chim\/chim-nce-eligibility-and-dates\/","og_site_name":"Canadian College of Health Information Management","article_modified_time":"2025-10-02T16:34:58+00:00","twitter_card":"summary_large_image","twitter_misc":{"Estimation du temps de lecture":"2 minutes"},"schema":{"@context":"https:\/\/schema.org","@graph":[{"@type":"WebPage","@id":"https:\/\/cchim.ca\/fr\/certification\/chim\/chim-nce-eligibility-and-dates\/","url":"https:\/\/cchim.ca\/fr\/certification\/chim\/chim-nce-eligibility-and-dates\/","name":"Admissibilit\u00e9 et dates des RCE CHIM - Canadian College of Health Information Management","isPartOf":{"@id":"https:\/\/cchim.ca\/#website"},"datePublished":"2020-09-18T21:14:41+00:00","dateModified":"2025-10-02T16:34:58+00:00","description":"Admissibilit\u00e9 et datesCHIM NCE Conditions d\u2019admissibilit\u00e9 Il y a trois fa\u00e7ons de devenir un professionnel certifi\u00e9 de la gestion de l\u2019information sur la","breadcrumb":{"@id":"https:\/\/cchim.ca\/fr\/certification\/chim\/chim-nce-eligibility-and-dates\/#breadcrumb"},"inLanguage":"fr-CA","potentialAction":[{"@type":"ReadAction","target":["https:\/\/cchim.ca\/fr\/certification\/chim\/chim-nce-eligibility-and-dates\/"]}]},{"@type":"BreadcrumbList","@id":"https:\/\/cchim.ca\/fr\/certification\/chim\/chim-nce-eligibility-and-dates\/#breadcrumb","itemListElement":[{"@type":"ListItem","position":1,"name":"Home","item":"https:\/\/cchim.ca\/"},{"@type":"ListItem","position":2,"name":"La certification","item":"https:\/\/cchim.ca\/fr\/certification\/"},{"@type":"ListItem","position":3,"name":"CHIM","item":"https:\/\/cchim.ca\/fr\/certification\/chim\/"},{"@type":"ListItem","position":4,"name":"Admissibilit\u00e9 et dates des RCE CHIM"}]},{"@type":"WebSite","@id":"https:\/\/cchim.ca\/#website","url":"https:\/\/cchim.ca\/","name":"Canadian College of Health Information Management","description":"Accrediting academic institutions and certifying health information professionals","publisher":{"@id":"https:\/\/cchim.ca\/#organization"},"alternateName":"CCHIM","potentialAction":[{"@type":"SearchAction","target":{"@type":"EntryPoint","urlTemplate":"https:\/\/cchim.ca\/?s={search_term_string}"},"query-input":{"@type":"PropertyValueSpecification","valueRequired":true,"valueName":"search_term_string"}}],"inLanguage":"fr-CA"},{"@type":"Organization","@id":"https:\/\/cchim.ca\/#organization","name":"Canadian College of Health Information Management","alternateName":"CCHIM","url":"https:\/\/cchim.ca\/","logo":{"@type":"ImageObject","inLanguage":"fr-CA","@id":"https:\/\/cchim.ca\/#\/schema\/logo\/image\/","url":"https:\/\/cchim.ca\/wp-content\/uploads\/2020\/08\/cropped-favicon.webp","contentUrl":"https:\/\/cchim.ca\/wp-content\/uploads\/2020\/08\/cropped-favicon.webp","width":512,"height":512,"caption":"Canadian College of Health Information Management"},"image":{"@id":"https:\/\/cchim.ca\/#\/schema\/logo\/image\/"},"description":"Canadian College of Health Information Management","email":"support@echima.ca","legalName":"Canadian College of Health Information Management","foundingDate":"1972-09-07","numberOfEmployees":{"@type":"QuantitativeValue","minValue":"11","maxValue":"50"}}]}},"_links":{"self":[{"href":"https:\/\/cchim.ca\/fr\/wp-json\/wp\/v2\/pages\/867605","targetHints":{"allow":["GET"]}}],"collection":[{"href":"https:\/\/cchim.ca\/fr\/wp-json\/wp\/v2\/pages"}],"about":[{"href":"https:\/\/cchim.ca\/fr\/wp-json\/wp\/v2\/types\/page"}],"author":[{"embeddable":true,"href":"https:\/\/cchim.ca\/fr\/wp-json\/wp\/v2\/users\/10"}],"replies":[{"embeddable":true,"href":"https:\/\/cchim.ca\/fr\/wp-json\/wp\/v2\/comments?post=867605"}],"version-history":[{"count":0,"href":"https:\/\/cchim.ca\/fr\/wp-json\/wp\/v2\/pages\/867605\/revisions"}],"up":[{"embeddable":true,"href":"https:\/\/cchim.ca\/fr\/wp-json\/wp\/v2\/pages\/867551"}],"wp:attachment":[{"href":"https:\/\/cchim.ca\/fr\/wp-json\/wp\/v2\/media?parent=867605"}],"curies":[{"name":"wp","href":"https:\/\/api.w.org\/{rel}","templated":true}]}}