{"id":867555,"date":"2020-07-31T11:43:26","date_gmt":"2020-07-31T15:43:26","guid":{"rendered":"https:\/\/cchim.ca\/?page_id=867555"},"modified":"2024-11-10T10:07:17","modified_gmt":"2024-11-10T15:07:17","slug":"repertoire-des-professionnels","status":"publish","type":"page","link":"https:\/\/cchim.ca\/fr\/membres\/repertoire-des-professionnels\/","title":{"rendered":"Registre des professionnels"},"content":{"rendered":"\n<h1 class=\"wp-block-heading\" id=\"h-registry-of-professionals\">Registre des professionnels<\/h1>\n\n<div class=\"o-row\">\n<div class=\"o-col u-8of12-md u-6of12-lg\">\n<p>Ce registre comprend tous les membres professionnels qui sont en r\u00e8gle avec le Coll\u00e8ge canadien de gestion de l\u2019information sur la sant\u00e9.<\/p>\n<\/div>\n<\/div>\n\n<h4 class=\"wp-block-heading\" id=\"h-2024-11-10-we-are-aware-of-the-issue-affecting-the-registry-our-team-is-actively-working-to-resolve-this-issue-if-you-need-assistance-in-validating-certification-we-would-be-pleased-to-help-please-contact-us\"><strong>2024-11-10\u00a0: Nous sommes conscients du probl\u00e8me qui touche le Registre. Notre \u00e9quipe travaille activement \u00e0 r\u00e9soudre ce probl\u00e8me. <\/strong> <a href=\"https:\/\/healthinfocanada.ca\/about\/contact\/\">Si vous avez besoin d\u2019aide pour valider la certification, nous serons heureux de vous aider\u00a0! S\u2019il vous pla\u00eet contactez-nous. <\/a><\/h4>\n\n<h2 class=\"wp-block-heading\" id=\"h-search-the-registry\">Effectuer une recherche dans le Registre<\/h2>\n\n<p>Veuillez communiquer avec l\u2019Ordre si votre nom ne figure pas dans le registre et que vous croyez qu\u2019il devrait l\u2019\u00eatre.<\/p>\n","protected":false},"excerpt":{"rendered":"<p>Registre des professionnels 2024-11-10\u00a0: Nous sommes conscients du probl\u00e8me qui touche le Registre. Notre \u00e9quipe travaille activement \u00e0 r\u00e9soudre ce probl\u00e8me. Si vous avez besoin d\u2019aide pour valider la certification, nous serons heureux de vous aider\u00a0! S\u2019il vous pla\u00eet contactez-nous. Effectuer une recherche dans&#8230;<\/p>\n","protected":false},"author":10,"featured_media":0,"parent":867547,"menu_order":0,"comment_status":"closed","ping_status":"closed","template":"","meta":{"footnotes":""},"class_list":["post-867555","page","type-page","status-publish","hentry"],"yoast_head":"<!-- This site is optimized with the Yoast SEO Premium plugin v26.2 (Yoast SEO v27.3) - https:\/\/yoast.com\/product\/yoast-seo-premium-wordpress\/ -->\n<title>Registre des professionnels - Canadian College of Health Information Management<\/title>\n<meta name=\"description\" content=\"Registre des professionnels Ce registre comprend tous les membres professionnels qui sont en r\u00e8gle avec le Coll\u00e8ge canadien de gestion de l\u2019information\" \/>\n<meta name=\"robots\" content=\"index, follow, max-snippet:-1, max-image-preview:large, max-video-preview:-1\" \/>\n<link rel=\"canonical\" href=\"https:\/\/cchim.ca\/fr\/membres\/repertoire-des-professionnels\/\" \/>\n<meta property=\"og:locale\" content=\"fr_CA\" \/>\n<meta property=\"og:type\" content=\"article\" \/>\n<meta property=\"og:title\" content=\"Registre des professionnels\" \/>\n<meta property=\"og:description\" content=\"Registre des professionnels Ce registre comprend tous les membres professionnels qui sont en r\u00e8gle avec le Coll\u00e8ge canadien de gestion de l\u2019information\" \/>\n<meta property=\"og:url\" content=\"https:\/\/cchim.ca\/fr\/membres\/repertoire-des-professionnels\/\" \/>\n<meta property=\"og:site_name\" content=\"Canadian College of Health Information Management\" \/>\n<meta property=\"article:modified_time\" content=\"2024-11-10T15:07:17+00:00\" \/>\n<meta name=\"twitter:card\" content=\"summary_large_image\" \/>\n<meta name=\"twitter:label1\" content=\"Estimation du temps de lecture\" \/>\n\t<meta name=\"twitter:data1\" content=\"1 minute\" \/>\n<script type=\"application\/ld+json\" class=\"yoast-schema-graph\">{\"@context\":\"https:\\\/\\\/schema.org\",\"@graph\":[{\"@type\":\"WebPage\",\"@id\":\"https:\\\/\\\/cchim.ca\\\/fr\\\/membres\\\/repertoire-des-professionnels\\\/\",\"url\":\"https:\\\/\\\/cchim.ca\\\/fr\\\/membres\\\/repertoire-des-professionnels\\\/\",\"name\":\"Registre des professionnels - Canadian College of Health Information Management\",\"isPartOf\":{\"@id\":\"https:\\\/\\\/cchim.ca\\\/#website\"},\"datePublished\":\"2020-07-31T15:43:26+00:00\",\"dateModified\":\"2024-11-10T15:07:17+00:00\",\"description\":\"Registre des professionnels Ce registre comprend tous les membres professionnels qui sont en r\u00e8gle avec le Coll\u00e8ge canadien de gestion de l\u2019information\",\"breadcrumb\":{\"@id\":\"https:\\\/\\\/cchim.ca\\\/fr\\\/membres\\\/repertoire-des-professionnels\\\/#breadcrumb\"},\"inLanguage\":\"fr-CA\",\"potentialAction\":[{\"@type\":\"ReadAction\",\"target\":[\"https:\\\/\\\/cchim.ca\\\/fr\\\/membres\\\/repertoire-des-professionnels\\\/\"]}]},{\"@type\":\"BreadcrumbList\",\"@id\":\"https:\\\/\\\/cchim.ca\\\/fr\\\/membres\\\/repertoire-des-professionnels\\\/#breadcrumb\",\"itemListElement\":[{\"@type\":\"ListItem\",\"position\":1,\"name\":\"Home\",\"item\":\"https:\\\/\\\/cchim.ca\\\/\"},{\"@type\":\"ListItem\",\"position\":2,\"name\":\"Membres\",\"item\":\"https:\\\/\\\/cchim.ca\\\/fr\\\/membres\\\/\"},{\"@type\":\"ListItem\",\"position\":3,\"name\":\"Registre des professionnels\"}]},{\"@type\":\"WebSite\",\"@id\":\"https:\\\/\\\/cchim.ca\\\/#website\",\"url\":\"https:\\\/\\\/cchim.ca\\\/\",\"name\":\"Canadian College of Health Information Management\",\"description\":\"Accrediting academic institutions and certifying health information professionals\",\"publisher\":{\"@id\":\"https:\\\/\\\/cchim.ca\\\/#organization\"},\"alternateName\":\"CCHIM\",\"potentialAction\":[{\"@type\":\"SearchAction\",\"target\":{\"@type\":\"EntryPoint\",\"urlTemplate\":\"https:\\\/\\\/cchim.ca\\\/?s={search_term_string}\"},\"query-input\":{\"@type\":\"PropertyValueSpecification\",\"valueRequired\":true,\"valueName\":\"search_term_string\"}}],\"inLanguage\":\"fr-CA\"},{\"@type\":\"Organization\",\"@id\":\"https:\\\/\\\/cchim.ca\\\/#organization\",\"name\":\"Canadian College of Health Information Management\",\"alternateName\":\"CCHIM\",\"url\":\"https:\\\/\\\/cchim.ca\\\/\",\"logo\":{\"@type\":\"ImageObject\",\"inLanguage\":\"fr-CA\",\"@id\":\"https:\\\/\\\/cchim.ca\\\/#\\\/schema\\\/logo\\\/image\\\/\",\"url\":\"https:\\\/\\\/cchim.ca\\\/wp-content\\\/uploads\\\/2020\\\/08\\\/cropped-favicon.webp\",\"contentUrl\":\"https:\\\/\\\/cchim.ca\\\/wp-content\\\/uploads\\\/2020\\\/08\\\/cropped-favicon.webp\",\"width\":512,\"height\":512,\"caption\":\"Canadian College of Health Information Management\"},\"image\":{\"@id\":\"https:\\\/\\\/cchim.ca\\\/#\\\/schema\\\/logo\\\/image\\\/\"},\"description\":\"Canadian College of Health Information Management\",\"email\":\"support@echima.ca\",\"legalName\":\"Canadian College of Health Information Management\",\"foundingDate\":\"1972-09-07\",\"numberOfEmployees\":{\"@type\":\"QuantitativeValue\",\"minValue\":\"11\",\"maxValue\":\"50\"}}]}<\/script>\n<!-- \/ Yoast SEO Premium plugin. -->","yoast_head_json":{"title":"Registre des professionnels - Canadian College of Health Information Management","description":"Registre des professionnels Ce registre comprend tous les membres professionnels qui sont en r\u00e8gle avec le Coll\u00e8ge canadien de gestion de l\u2019information","robots":{"index":"index","follow":"follow","max-snippet":"max-snippet:-1","max-image-preview":"max-image-preview:large","max-video-preview":"max-video-preview:-1"},"canonical":"https:\/\/cchim.ca\/fr\/membres\/repertoire-des-professionnels\/","og_locale":"fr_CA","og_type":"article","og_title":"Registre des professionnels","og_description":"Registre des professionnels Ce registre comprend tous les membres professionnels qui sont en r\u00e8gle avec le Coll\u00e8ge canadien de gestion de l\u2019information","og_url":"https:\/\/cchim.ca\/fr\/membres\/repertoire-des-professionnels\/","og_site_name":"Canadian College of Health Information Management","article_modified_time":"2024-11-10T15:07:17+00:00","twitter_card":"summary_large_image","twitter_misc":{"Estimation du temps de lecture":"1 minute"},"schema":{"@context":"https:\/\/schema.org","@graph":[{"@type":"WebPage","@id":"https:\/\/cchim.ca\/fr\/membres\/repertoire-des-professionnels\/","url":"https:\/\/cchim.ca\/fr\/membres\/repertoire-des-professionnels\/","name":"Registre des professionnels - Canadian College of Health Information Management","isPartOf":{"@id":"https:\/\/cchim.ca\/#website"},"datePublished":"2020-07-31T15:43:26+00:00","dateModified":"2024-11-10T15:07:17+00:00","description":"Registre des professionnels Ce registre comprend tous les membres professionnels qui sont en r\u00e8gle avec le Coll\u00e8ge canadien de gestion de l\u2019information","breadcrumb":{"@id":"https:\/\/cchim.ca\/fr\/membres\/repertoire-des-professionnels\/#breadcrumb"},"inLanguage":"fr-CA","potentialAction":[{"@type":"ReadAction","target":["https:\/\/cchim.ca\/fr\/membres\/repertoire-des-professionnels\/"]}]},{"@type":"BreadcrumbList","@id":"https:\/\/cchim.ca\/fr\/membres\/repertoire-des-professionnels\/#breadcrumb","itemListElement":[{"@type":"ListItem","position":1,"name":"Home","item":"https:\/\/cchim.ca\/"},{"@type":"ListItem","position":2,"name":"Membres","item":"https:\/\/cchim.ca\/fr\/membres\/"},{"@type":"ListItem","position":3,"name":"Registre des professionnels"}]},{"@type":"WebSite","@id":"https:\/\/cchim.ca\/#website","url":"https:\/\/cchim.ca\/","name":"Canadian College of Health Information Management","description":"Accrediting academic institutions and certifying health information professionals","publisher":{"@id":"https:\/\/cchim.ca\/#organization"},"alternateName":"CCHIM","potentialAction":[{"@type":"SearchAction","target":{"@type":"EntryPoint","urlTemplate":"https:\/\/cchim.ca\/?s={search_term_string}"},"query-input":{"@type":"PropertyValueSpecification","valueRequired":true,"valueName":"search_term_string"}}],"inLanguage":"fr-CA"},{"@type":"Organization","@id":"https:\/\/cchim.ca\/#organization","name":"Canadian College of Health Information Management","alternateName":"CCHIM","url":"https:\/\/cchim.ca\/","logo":{"@type":"ImageObject","inLanguage":"fr-CA","@id":"https:\/\/cchim.ca\/#\/schema\/logo\/image\/","url":"https:\/\/cchim.ca\/wp-content\/uploads\/2020\/08\/cropped-favicon.webp","contentUrl":"https:\/\/cchim.ca\/wp-content\/uploads\/2020\/08\/cropped-favicon.webp","width":512,"height":512,"caption":"Canadian College of Health Information Management"},"image":{"@id":"https:\/\/cchim.ca\/#\/schema\/logo\/image\/"},"description":"Canadian College of Health Information Management","email":"support@echima.ca","legalName":"Canadian College of Health Information Management","foundingDate":"1972-09-07","numberOfEmployees":{"@type":"QuantitativeValue","minValue":"11","maxValue":"50"}}]}},"_links":{"self":[{"href":"https:\/\/cchim.ca\/fr\/wp-json\/wp\/v2\/pages\/867555","targetHints":{"allow":["GET"]}}],"collection":[{"href":"https:\/\/cchim.ca\/fr\/wp-json\/wp\/v2\/pages"}],"about":[{"href":"https:\/\/cchim.ca\/fr\/wp-json\/wp\/v2\/types\/page"}],"author":[{"embeddable":true,"href":"https:\/\/cchim.ca\/fr\/wp-json\/wp\/v2\/users\/10"}],"replies":[{"embeddable":true,"href":"https:\/\/cchim.ca\/fr\/wp-json\/wp\/v2\/comments?post=867555"}],"version-history":[{"count":0,"href":"https:\/\/cchim.ca\/fr\/wp-json\/wp\/v2\/pages\/867555\/revisions"}],"up":[{"embeddable":true,"href":"https:\/\/cchim.ca\/fr\/wp-json\/wp\/v2\/pages\/867547"}],"wp:attachment":[{"href":"https:\/\/cchim.ca\/fr\/wp-json\/wp\/v2\/media?parent=867555"}],"curies":[{"name":"wp","href":"https:\/\/api.w.org\/{rel}","templated":true}]}}