{"id":867550,"date":"2020-07-31T11:40:39","date_gmt":"2020-07-31T15:40:39","guid":{"rendered":"https:\/\/cchim.ca\/?page_id=867550"},"modified":"2024-09-14T15:55:15","modified_gmt":"2024-09-14T19:55:15","slug":"la-certification-ca-compte","status":"publish","type":"page","link":"https:\/\/cchim.ca\/fr\/certification\/la-certification-ca-compte\/","title":{"rendered":"Pourquoi la certification est-elle importante&nbsp;?"},"content":{"rendered":"\n<div class=\"wp-block-cover alignfull has-background-dim\" style=\"background-image:url(https:\/\/cchim.ca\/wp-content\/uploads\/2020\/08\/cchim-woman-boardroom.webp);background-position:59% 30%\"><div class=\"wp-block-cover__inner-container is-layout-flow wp-block-cover-is-layout-flow\">\n<h1 class=\"wp-block-heading\"><span class=\"is-style-slug\">Pourquoi la certification est-elle importante\u00a0?<\/span>Les professionnels certifi\u00e9s r\u00e9duisent les risques organisationnels en prot\u00e9geant les renseignements de sant\u00e9 de nature d\u00e9licate<\/h1>\n<\/div><\/div>\n\n<div class=\"o-row\">\n<div class=\"o-col u-4of12-md\">\n<div class=\"wp-block-pb-card is-style-dark-pattern\"><div class=\"wp-block-pb-card__content\">\n<h2 class=\"wp-block-heading\">Des professionnels certifi\u00e9s de l\u2019information sur la sant\u00e9 sont \u00e9quip\u00e9s pour s\u2019assurer qu\u2019une organisation est bien pr\u00e9par\u00e9e \u00e0 traiter les donn\u00e9es les plus sensibles et les plus intimes des Canadiens.<\/h2>\n<\/div><\/div>\n<\/div>\n\n\n\n<div class=\"o-col u-7of12-md u-offset-1of12-md\">\n<h2 class=\"wp-block-heading\">Pourquoi les organisations devraient rechercher la certification dans l\u2019information sur la sant\u00e9\u00a0:<\/h2>\n\n\n\n<h3 class=\"wp-block-heading\">R\u00e9duire les risques organisationnels<\/h3>\n\n\n\n<p>Les renseignements sur la sant\u00e9 sont consid\u00e9r\u00e9s comme les renseignements les plus sensibles d\u2019une personne, et les cons\u00e9quences d\u2019un traitement inappropri\u00e9 peuvent \u00eatre graves.\nLes organisations qui emploient des professionnels de l\u2019information sur la sant\u00e9 certifi\u00e9s r\u00e9duisent leurs risques de rencontrer des risques financiers, \u00e9thiques et li\u00e9s \u00e0 la sant\u00e9.   <\/p>\n\n\n\n<h3 class=\"wp-block-heading\">Surveillance par le Coll\u00e8ge canadien de gestion de l\u2019information sur la sant\u00e9<\/h3>\n\n\n\n<p>Les professionnels certifi\u00e9s de l\u2019information sur la sant\u00e9 sont supervis\u00e9s par le Coll\u00e8ge canadien de gestion de l\u2019information sur la sant\u00e9 et adh\u00e8rent \u00e0 un code d\u2019\u00e9thique professionnel.\nAutor\u00e9glement\u00e9s par leurs pairs et l\u2019Ordre, les professionnels certifi\u00e9s sont tenus de respecter une norme de pratique plus \u00e9lev\u00e9e et des exigences en mati\u00e8re de formation continue. <\/p>\n\n\n\n<h3 class=\"wp-block-heading\">Un indicateur de connaissances<\/h3>\n\n\n\n<p>Les professionnels certifi\u00e9s par le Coll\u00e8ge canadien de gestion de l\u2019information sur la sant\u00e9 r\u00e9pondent \u00e0 des crit\u00e8res d\u2019admissibilit\u00e9 qui peuvent inclure l\u2019obtention d\u2019un dipl\u00f4me d\u2019un programme d\u2019information sur la sant\u00e9 agr\u00e9\u00e9 par l\u2019Ordre ou le respect des exigences pour un parcours avanc\u00e9.  <\/p>\n\n\n\n<h3 class=\"wp-block-heading\">\u00c9ducation continue et pertinente<\/h3>\n\n\n\n<p>Tous les professionnels certifi\u00e9s de l\u2019information sur la sant\u00e9 sont tenus de participer au programme de formation professionnelle continue.\nCe programme est con\u00e7u pour s\u2019assurer qu\u2019ils s\u2019appuient sur leurs connaissances et demeurent pertinents dans l\u2019industrie de l\u2019information sur la sant\u00e9 en constante \u00e9volution.   <\/p>\n<\/div>\n<\/div>\n","protected":false},"excerpt":{"rendered":"","protected":false},"author":10,"featured_media":0,"parent":105,"menu_order":1,"comment_status":"closed","ping_status":"closed","template":"","meta":{"footnotes":""},"class_list":["post-867550","page","type-page","status-publish","hentry"],"yoast_head":"<!-- This site is optimized with the Yoast SEO Premium plugin v26.2 (Yoast SEO v27.3) - https:\/\/yoast.com\/product\/yoast-seo-premium-wordpress\/ -->\n<title>Pourquoi la certification est-elle importante&nbsp;? - Canadian College of Health Information Management<\/title>\n<meta name=\"description\" content=\"Pourquoi la certification est-elle importante\u00a0?Les professionnels certifi\u00e9s r\u00e9duisent les risques organisationnels en prot\u00e9geant les renseignements de\" \/>\n<meta name=\"robots\" content=\"index, follow, max-snippet:-1, max-image-preview:large, max-video-preview:-1\" \/>\n<link rel=\"canonical\" href=\"https:\/\/cchim.ca\/fr\/certification\/la-certification-ca-compte\/\" \/>\n<meta property=\"og:locale\" content=\"fr_CA\" \/>\n<meta property=\"og:type\" content=\"article\" \/>\n<meta property=\"og:title\" content=\"Pourquoi la certification est-elle importante&nbsp;?\" \/>\n<meta property=\"og:description\" content=\"Pourquoi la certification est-elle importante\u00a0?Les professionnels certifi\u00e9s r\u00e9duisent les risques organisationnels en prot\u00e9geant les renseignements de\" \/>\n<meta property=\"og:url\" content=\"https:\/\/cchim.ca\/fr\/certification\/la-certification-ca-compte\/\" \/>\n<meta property=\"og:site_name\" content=\"Canadian College of Health Information Management\" \/>\n<meta property=\"article:modified_time\" content=\"2024-09-14T19:55:15+00:00\" \/>\n<meta name=\"twitter:card\" content=\"summary_large_image\" \/>\n<meta name=\"twitter:label1\" content=\"Estimation du temps de lecture\" \/>\n\t<meta name=\"twitter:data1\" content=\"2 minutes\" \/>\n<script type=\"application\/ld+json\" class=\"yoast-schema-graph\">{\"@context\":\"https:\\\/\\\/schema.org\",\"@graph\":[{\"@type\":\"WebPage\",\"@id\":\"https:\\\/\\\/cchim.ca\\\/fr\\\/certification\\\/la-certification-ca-compte\\\/\",\"url\":\"https:\\\/\\\/cchim.ca\\\/fr\\\/certification\\\/la-certification-ca-compte\\\/\",\"name\":\"Pourquoi la certification est-elle importante&nbsp;? - Canadian College of Health Information Management\",\"isPartOf\":{\"@id\":\"https:\\\/\\\/cchim.ca\\\/#website\"},\"datePublished\":\"2020-07-31T15:40:39+00:00\",\"dateModified\":\"2024-09-14T19:55:15+00:00\",\"description\":\"Pourquoi la certification est-elle importante\u00a0?Les professionnels certifi\u00e9s r\u00e9duisent les risques organisationnels en prot\u00e9geant les renseignements de\",\"breadcrumb\":{\"@id\":\"https:\\\/\\\/cchim.ca\\\/fr\\\/certification\\\/la-certification-ca-compte\\\/#breadcrumb\"},\"inLanguage\":\"fr-CA\",\"potentialAction\":[{\"@type\":\"ReadAction\",\"target\":[\"https:\\\/\\\/cchim.ca\\\/fr\\\/certification\\\/la-certification-ca-compte\\\/\"]}]},{\"@type\":\"BreadcrumbList\",\"@id\":\"https:\\\/\\\/cchim.ca\\\/fr\\\/certification\\\/la-certification-ca-compte\\\/#breadcrumb\",\"itemListElement\":[{\"@type\":\"ListItem\",\"position\":1,\"name\":\"Home\",\"item\":\"https:\\\/\\\/cchim.ca\\\/fr\\\/accueil\\\/\"},{\"@type\":\"ListItem\",\"position\":2,\"name\":\"La certification\",\"item\":\"https:\\\/\\\/cchim.ca\\\/fr\\\/certification\\\/\"},{\"@type\":\"ListItem\",\"position\":3,\"name\":\"Pourquoi la certification est-elle importante&nbsp;?\"}]},{\"@type\":\"WebSite\",\"@id\":\"https:\\\/\\\/cchim.ca\\\/#website\",\"url\":\"https:\\\/\\\/cchim.ca\\\/\",\"name\":\"Canadian College of Health Information Management\",\"description\":\"Accrediting academic institutions and certifying health information professionals\",\"publisher\":{\"@id\":\"https:\\\/\\\/cchim.ca\\\/#organization\"},\"alternateName\":\"CCHIM\",\"potentialAction\":[{\"@type\":\"SearchAction\",\"target\":{\"@type\":\"EntryPoint\",\"urlTemplate\":\"https:\\\/\\\/cchim.ca\\\/?s={search_term_string}\"},\"query-input\":{\"@type\":\"PropertyValueSpecification\",\"valueRequired\":true,\"valueName\":\"search_term_string\"}}],\"inLanguage\":\"fr-CA\"},{\"@type\":\"Organization\",\"@id\":\"https:\\\/\\\/cchim.ca\\\/#organization\",\"name\":\"Canadian College of Health Information Management\",\"alternateName\":\"CCHIM\",\"url\":\"https:\\\/\\\/cchim.ca\\\/\",\"logo\":{\"@type\":\"ImageObject\",\"inLanguage\":\"fr-CA\",\"@id\":\"https:\\\/\\\/cchim.ca\\\/#\\\/schema\\\/logo\\\/image\\\/\",\"url\":\"https:\\\/\\\/cchim.ca\\\/wp-content\\\/uploads\\\/2020\\\/08\\\/cropped-favicon.webp\",\"contentUrl\":\"https:\\\/\\\/cchim.ca\\\/wp-content\\\/uploads\\\/2020\\\/08\\\/cropped-favicon.webp\",\"width\":512,\"height\":512,\"caption\":\"Canadian College of Health Information Management\"},\"image\":{\"@id\":\"https:\\\/\\\/cchim.ca\\\/#\\\/schema\\\/logo\\\/image\\\/\"},\"description\":\"Canadian College of Health Information Management\",\"email\":\"support@echima.ca\",\"legalName\":\"Canadian College of Health Information Management\",\"foundingDate\":\"1972-09-07\",\"numberOfEmployees\":{\"@type\":\"QuantitativeValue\",\"minValue\":\"11\",\"maxValue\":\"50\"}}]}<\/script>\n<!-- \/ Yoast SEO Premium plugin. -->","yoast_head_json":{"title":"Pourquoi la certification est-elle importante&nbsp;? - Canadian College of Health Information Management","description":"Pourquoi la certification est-elle importante\u00a0?Les professionnels certifi\u00e9s r\u00e9duisent les risques organisationnels en prot\u00e9geant les renseignements de","robots":{"index":"index","follow":"follow","max-snippet":"max-snippet:-1","max-image-preview":"max-image-preview:large","max-video-preview":"max-video-preview:-1"},"canonical":"https:\/\/cchim.ca\/fr\/certification\/la-certification-ca-compte\/","og_locale":"fr_CA","og_type":"article","og_title":"Pourquoi la certification est-elle importante&nbsp;?","og_description":"Pourquoi la certification est-elle importante\u00a0?Les professionnels certifi\u00e9s r\u00e9duisent les risques organisationnels en prot\u00e9geant les renseignements de","og_url":"https:\/\/cchim.ca\/fr\/certification\/la-certification-ca-compte\/","og_site_name":"Canadian College of Health Information Management","article_modified_time":"2024-09-14T19:55:15+00:00","twitter_card":"summary_large_image","twitter_misc":{"Estimation du temps de lecture":"2 minutes"},"schema":{"@context":"https:\/\/schema.org","@graph":[{"@type":"WebPage","@id":"https:\/\/cchim.ca\/fr\/certification\/la-certification-ca-compte\/","url":"https:\/\/cchim.ca\/fr\/certification\/la-certification-ca-compte\/","name":"Pourquoi la certification est-elle importante&nbsp;? - Canadian College of Health Information Management","isPartOf":{"@id":"https:\/\/cchim.ca\/#website"},"datePublished":"2020-07-31T15:40:39+00:00","dateModified":"2024-09-14T19:55:15+00:00","description":"Pourquoi la certification est-elle importante\u00a0?Les professionnels certifi\u00e9s r\u00e9duisent les risques organisationnels en prot\u00e9geant les renseignements de","breadcrumb":{"@id":"https:\/\/cchim.ca\/fr\/certification\/la-certification-ca-compte\/#breadcrumb"},"inLanguage":"fr-CA","potentialAction":[{"@type":"ReadAction","target":["https:\/\/cchim.ca\/fr\/certification\/la-certification-ca-compte\/"]}]},{"@type":"BreadcrumbList","@id":"https:\/\/cchim.ca\/fr\/certification\/la-certification-ca-compte\/#breadcrumb","itemListElement":[{"@type":"ListItem","position":1,"name":"Home","item":"https:\/\/cchim.ca\/fr\/accueil\/"},{"@type":"ListItem","position":2,"name":"La certification","item":"https:\/\/cchim.ca\/fr\/certification\/"},{"@type":"ListItem","position":3,"name":"Pourquoi la certification est-elle importante&nbsp;?"}]},{"@type":"WebSite","@id":"https:\/\/cchim.ca\/#website","url":"https:\/\/cchim.ca\/","name":"Canadian College of Health Information Management","description":"Accrediting academic institutions and certifying health information professionals","publisher":{"@id":"https:\/\/cchim.ca\/#organization"},"alternateName":"CCHIM","potentialAction":[{"@type":"SearchAction","target":{"@type":"EntryPoint","urlTemplate":"https:\/\/cchim.ca\/?s={search_term_string}"},"query-input":{"@type":"PropertyValueSpecification","valueRequired":true,"valueName":"search_term_string"}}],"inLanguage":"fr-CA"},{"@type":"Organization","@id":"https:\/\/cchim.ca\/#organization","name":"Canadian College of Health Information Management","alternateName":"CCHIM","url":"https:\/\/cchim.ca\/","logo":{"@type":"ImageObject","inLanguage":"fr-CA","@id":"https:\/\/cchim.ca\/#\/schema\/logo\/image\/","url":"https:\/\/cchim.ca\/wp-content\/uploads\/2020\/08\/cropped-favicon.webp","contentUrl":"https:\/\/cchim.ca\/wp-content\/uploads\/2020\/08\/cropped-favicon.webp","width":512,"height":512,"caption":"Canadian College of Health Information Management"},"image":{"@id":"https:\/\/cchim.ca\/#\/schema\/logo\/image\/"},"description":"Canadian College of Health Information Management","email":"support@echima.ca","legalName":"Canadian College of Health Information Management","foundingDate":"1972-09-07","numberOfEmployees":{"@type":"QuantitativeValue","minValue":"11","maxValue":"50"}}]}},"_links":{"self":[{"href":"https:\/\/cchim.ca\/fr\/wp-json\/wp\/v2\/pages\/867550","targetHints":{"allow":["GET"]}}],"collection":[{"href":"https:\/\/cchim.ca\/fr\/wp-json\/wp\/v2\/pages"}],"about":[{"href":"https:\/\/cchim.ca\/fr\/wp-json\/wp\/v2\/types\/page"}],"author":[{"embeddable":true,"href":"https:\/\/cchim.ca\/fr\/wp-json\/wp\/v2\/users\/10"}],"replies":[{"embeddable":true,"href":"https:\/\/cchim.ca\/fr\/wp-json\/wp\/v2\/comments?post=867550"}],"version-history":[{"count":0,"href":"https:\/\/cchim.ca\/fr\/wp-json\/wp\/v2\/pages\/867550\/revisions"}],"up":[{"embeddable":true,"href":"https:\/\/cchim.ca\/fr\/wp-json\/wp\/v2\/pages\/105"}],"wp:attachment":[{"href":"https:\/\/cchim.ca\/fr\/wp-json\/wp\/v2\/media?parent=867550"}],"curies":[{"name":"wp","href":"https:\/\/api.w.org\/{rel}","templated":true}]}}