{"id":867547,"date":"2020-07-30T14:49:01","date_gmt":"2020-07-30T18:49:01","guid":{"rendered":"https:\/\/cchim.ca\/?page_id=867547"},"modified":"2024-09-14T15:55:15","modified_gmt":"2024-09-14T19:55:15","slug":"membres","status":"publish","type":"page","link":"https:\/\/cchim.ca\/fr\/membres\/","title":{"rendered":"Membres"},"content":{"rendered":"\n<div class=\"wp-block-cover alignfull has-background-dim\" style=\"background-image:url(https:\/\/cchim.ca\/wp-content\/uploads\/2020\/08\/cchim-woman-boardroom.webp);background-position:61% 27%\"><div class=\"wp-block-cover__inner-container is-layout-flow wp-block-cover-is-layout-flow\">\n<h1 class=\"wp-block-heading\"><span class=\"is-style-slug\">Membres<\/span>Pour les membres professionnels de l\u2019Ordre<\/h1>\n<\/div><\/div>\n\n<div class=\"wp-block-pb-section alignfull is-style-white\"><div class=\"o-container\">\n<div class=\"o-row\">\n<div class=\"o-col u-6of12-md\">\n<p class=\"is-style-intro\">Les membres professionnels sont appr\u00e9ci\u00e9s par les organisations de soins de sant\u00e9 \u00e0 travers le pays pour leur capacit\u00e9 \u00e0 assurer des donn\u00e9es de haute qualit\u00e9, \u00e0 prot\u00e9ger la vie priv\u00e9e, \u00e0 am\u00e9liorer la qualit\u00e9 des soins et \u00e0 \u00e9viter les silos entre les organisations.<\/p>\n\n\n\n<p>Les membres professionnels sont certifi\u00e9s par le Coll\u00e8ge canadien de gestion de l\u2019information sur la sant\u00e9 et d\u00e9tiennent un ou plusieurs titres professionnels.\nIls se distinguent dans l\u2019industrie de l\u2019information sur la sant\u00e9 avec l\u2019utilisation de ces d\u00e9signations. <\/p>\n\n\n\n<p>Tous les membres professionnels sont inscrits au Registre des professionnels de l\u2019Ordre et sont \u00e9galement membres de l\u2019ACIDS, l\u2019association canadienne de gestion de l\u2019information sur la sant\u00e9.  <\/p>\n\n\n\n<p>Les membres professionnels comprennent le droit de vote \u00e0 l\u2019assembl\u00e9e g\u00e9n\u00e9rale annuelle conjointe de l\u2019Ordre et de l\u2019ACIDS.  <\/p>\n\n\n\n<div style=\"height:30px\" aria-hidden=\"true\" class=\"wp-block-spacer\"><\/div>\n<\/div>\n\n\n\n<div class=\"o-col u-5of12-md u-offset-1of12-md\">\n<div class=\"wp-block-pb-card\"><div class=\"wp-block-pb-card__content\">\n<h3 class=\"wp-block-heading\">Exigences en mati\u00e8re d\u2019adh\u00e9sion professionnelle<\/h3>\n\n\n\n<ul class=\"wp-block-list\"><li>Respect du code d\u2019\u00e9thique de l\u2019ACIDS<\/li><li>Maintenir l\u2019apprentissage continu gr\u00e2ce au programme des D\u00c9C<\/li><li>Investir en vous-m\u00eame et dans la profession gr\u00e2ce \u00e0 l\u2019adh\u00e9sion annuelle<\/li><\/ul>\n<\/div><\/div>\n<\/div>\n<\/div>\n\n\n\n<div class=\"wp-block-buttons is-layout-flex wp-block-buttons-is-layout-flex\">\n<div class=\"wp-block-button\"><a class=\"wp-block-button__link\" href=\"https:\/\/www.echima.ca\/membership\/\" target=\"_blank\" rel=\"noreferrer noopener\">Devenez membre professionnel<\/a><\/div>\n<\/div>\n<\/div><\/div>\n\n\n","protected":false},"excerpt":{"rendered":"","protected":false},"author":10,"featured_media":0,"parent":0,"menu_order":15,"comment_status":"closed","ping_status":"closed","template":"","meta":{"footnotes":""},"class_list":["post-867547","page","type-page","status-publish","hentry"],"yoast_head":"<!-- This site is optimized with the Yoast SEO Premium plugin v26.2 (Yoast SEO v27.3) - https:\/\/yoast.com\/product\/yoast-seo-premium-wordpress\/ -->\n<title>Membres - Canadian College of Health Information Management<\/title>\n<meta name=\"description\" content=\"MembresPour les membres professionnels de l\u2019Ordre Les membres professionnels sont appr\u00e9ci\u00e9s par les organisations de soins de sant\u00e9 \u00e0 travers le pays pour\" \/>\n<meta name=\"robots\" content=\"index, follow, max-snippet:-1, max-image-preview:large, max-video-preview:-1\" \/>\n<link rel=\"canonical\" href=\"https:\/\/cchim.ca\/fr\/membres\/\" \/>\n<meta property=\"og:locale\" content=\"fr_CA\" \/>\n<meta property=\"og:type\" content=\"article\" \/>\n<meta property=\"og:title\" content=\"Membres\" \/>\n<meta property=\"og:description\" content=\"MembresPour les membres professionnels de l\u2019Ordre Les membres professionnels sont appr\u00e9ci\u00e9s par les organisations de soins de sant\u00e9 \u00e0 travers le pays pour\" \/>\n<meta property=\"og:url\" content=\"https:\/\/cchim.ca\/fr\/membres\/\" \/>\n<meta property=\"og:site_name\" content=\"Canadian College of Health Information Management\" \/>\n<meta property=\"article:modified_time\" content=\"2024-09-14T19:55:15+00:00\" \/>\n<meta name=\"twitter:card\" content=\"summary_large_image\" \/>\n<meta name=\"twitter:label1\" content=\"Estimation du temps de lecture\" \/>\n\t<meta name=\"twitter:data1\" content=\"1 minute\" \/>\n<script type=\"application\/ld+json\" class=\"yoast-schema-graph\">{\"@context\":\"https:\\\/\\\/schema.org\",\"@graph\":[{\"@type\":\"WebPage\",\"@id\":\"https:\\\/\\\/cchim.ca\\\/fr\\\/membres\\\/\",\"url\":\"https:\\\/\\\/cchim.ca\\\/fr\\\/membres\\\/\",\"name\":\"Membres - Canadian College of Health Information Management\",\"isPartOf\":{\"@id\":\"https:\\\/\\\/cchim.ca\\\/#website\"},\"datePublished\":\"2020-07-30T18:49:01+00:00\",\"dateModified\":\"2024-09-14T19:55:15+00:00\",\"description\":\"MembresPour les membres professionnels de l\u2019Ordre Les membres professionnels sont appr\u00e9ci\u00e9s par les organisations de soins de sant\u00e9 \u00e0 travers le pays pour\",\"breadcrumb\":{\"@id\":\"https:\\\/\\\/cchim.ca\\\/fr\\\/membres\\\/#breadcrumb\"},\"inLanguage\":\"fr-CA\",\"potentialAction\":[{\"@type\":\"ReadAction\",\"target\":[\"https:\\\/\\\/cchim.ca\\\/fr\\\/membres\\\/\"]}]},{\"@type\":\"BreadcrumbList\",\"@id\":\"https:\\\/\\\/cchim.ca\\\/fr\\\/membres\\\/#breadcrumb\",\"itemListElement\":[{\"@type\":\"ListItem\",\"position\":1,\"name\":\"Home\",\"item\":\"https:\\\/\\\/cchim.ca\\\/\"},{\"@type\":\"ListItem\",\"position\":2,\"name\":\"Membres\"}]},{\"@type\":\"WebSite\",\"@id\":\"https:\\\/\\\/cchim.ca\\\/#website\",\"url\":\"https:\\\/\\\/cchim.ca\\\/\",\"name\":\"Canadian College of Health Information Management\",\"description\":\"Accrediting academic institutions and certifying health information professionals\",\"publisher\":{\"@id\":\"https:\\\/\\\/cchim.ca\\\/#organization\"},\"alternateName\":\"CCHIM\",\"potentialAction\":[{\"@type\":\"SearchAction\",\"target\":{\"@type\":\"EntryPoint\",\"urlTemplate\":\"https:\\\/\\\/cchim.ca\\\/?s={search_term_string}\"},\"query-input\":{\"@type\":\"PropertyValueSpecification\",\"valueRequired\":true,\"valueName\":\"search_term_string\"}}],\"inLanguage\":\"fr-CA\"},{\"@type\":\"Organization\",\"@id\":\"https:\\\/\\\/cchim.ca\\\/#organization\",\"name\":\"Canadian College of Health Information Management\",\"alternateName\":\"CCHIM\",\"url\":\"https:\\\/\\\/cchim.ca\\\/\",\"logo\":{\"@type\":\"ImageObject\",\"inLanguage\":\"fr-CA\",\"@id\":\"https:\\\/\\\/cchim.ca\\\/#\\\/schema\\\/logo\\\/image\\\/\",\"url\":\"https:\\\/\\\/cchim.ca\\\/wp-content\\\/uploads\\\/2020\\\/08\\\/cropped-favicon.webp\",\"contentUrl\":\"https:\\\/\\\/cchim.ca\\\/wp-content\\\/uploads\\\/2020\\\/08\\\/cropped-favicon.webp\",\"width\":512,\"height\":512,\"caption\":\"Canadian College of Health Information Management\"},\"image\":{\"@id\":\"https:\\\/\\\/cchim.ca\\\/#\\\/schema\\\/logo\\\/image\\\/\"},\"description\":\"Canadian College of Health Information Management\",\"email\":\"support@echima.ca\",\"legalName\":\"Canadian College of Health Information Management\",\"foundingDate\":\"1972-09-07\",\"numberOfEmployees\":{\"@type\":\"QuantitativeValue\",\"minValue\":\"11\",\"maxValue\":\"50\"}}]}<\/script>\n<!-- \/ Yoast SEO Premium plugin. -->","yoast_head_json":{"title":"Membres - Canadian College of Health Information Management","description":"MembresPour les membres professionnels de l\u2019Ordre Les membres professionnels sont appr\u00e9ci\u00e9s par les organisations de soins de sant\u00e9 \u00e0 travers le pays pour","robots":{"index":"index","follow":"follow","max-snippet":"max-snippet:-1","max-image-preview":"max-image-preview:large","max-video-preview":"max-video-preview:-1"},"canonical":"https:\/\/cchim.ca\/fr\/membres\/","og_locale":"fr_CA","og_type":"article","og_title":"Membres","og_description":"MembresPour les membres professionnels de l\u2019Ordre Les membres professionnels sont appr\u00e9ci\u00e9s par les organisations de soins de sant\u00e9 \u00e0 travers le pays pour","og_url":"https:\/\/cchim.ca\/fr\/membres\/","og_site_name":"Canadian College of Health Information Management","article_modified_time":"2024-09-14T19:55:15+00:00","twitter_card":"summary_large_image","twitter_misc":{"Estimation du temps de lecture":"1 minute"},"schema":{"@context":"https:\/\/schema.org","@graph":[{"@type":"WebPage","@id":"https:\/\/cchim.ca\/fr\/membres\/","url":"https:\/\/cchim.ca\/fr\/membres\/","name":"Membres - Canadian College of Health Information Management","isPartOf":{"@id":"https:\/\/cchim.ca\/#website"},"datePublished":"2020-07-30T18:49:01+00:00","dateModified":"2024-09-14T19:55:15+00:00","description":"MembresPour les membres professionnels de l\u2019Ordre Les membres professionnels sont appr\u00e9ci\u00e9s par les organisations de soins de sant\u00e9 \u00e0 travers le pays pour","breadcrumb":{"@id":"https:\/\/cchim.ca\/fr\/membres\/#breadcrumb"},"inLanguage":"fr-CA","potentialAction":[{"@type":"ReadAction","target":["https:\/\/cchim.ca\/fr\/membres\/"]}]},{"@type":"BreadcrumbList","@id":"https:\/\/cchim.ca\/fr\/membres\/#breadcrumb","itemListElement":[{"@type":"ListItem","position":1,"name":"Home","item":"https:\/\/cchim.ca\/"},{"@type":"ListItem","position":2,"name":"Membres"}]},{"@type":"WebSite","@id":"https:\/\/cchim.ca\/#website","url":"https:\/\/cchim.ca\/","name":"Canadian College of Health Information Management","description":"Accrediting academic institutions and certifying health information professionals","publisher":{"@id":"https:\/\/cchim.ca\/#organization"},"alternateName":"CCHIM","potentialAction":[{"@type":"SearchAction","target":{"@type":"EntryPoint","urlTemplate":"https:\/\/cchim.ca\/?s={search_term_string}"},"query-input":{"@type":"PropertyValueSpecification","valueRequired":true,"valueName":"search_term_string"}}],"inLanguage":"fr-CA"},{"@type":"Organization","@id":"https:\/\/cchim.ca\/#organization","name":"Canadian College of Health Information Management","alternateName":"CCHIM","url":"https:\/\/cchim.ca\/","logo":{"@type":"ImageObject","inLanguage":"fr-CA","@id":"https:\/\/cchim.ca\/#\/schema\/logo\/image\/","url":"https:\/\/cchim.ca\/wp-content\/uploads\/2020\/08\/cropped-favicon.webp","contentUrl":"https:\/\/cchim.ca\/wp-content\/uploads\/2020\/08\/cropped-favicon.webp","width":512,"height":512,"caption":"Canadian College of Health Information Management"},"image":{"@id":"https:\/\/cchim.ca\/#\/schema\/logo\/image\/"},"description":"Canadian College of Health Information Management","email":"support@echima.ca","legalName":"Canadian College of Health Information Management","foundingDate":"1972-09-07","numberOfEmployees":{"@type":"QuantitativeValue","minValue":"11","maxValue":"50"}}]}},"_links":{"self":[{"href":"https:\/\/cchim.ca\/fr\/wp-json\/wp\/v2\/pages\/867547","targetHints":{"allow":["GET"]}}],"collection":[{"href":"https:\/\/cchim.ca\/fr\/wp-json\/wp\/v2\/pages"}],"about":[{"href":"https:\/\/cchim.ca\/fr\/wp-json\/wp\/v2\/types\/page"}],"author":[{"embeddable":true,"href":"https:\/\/cchim.ca\/fr\/wp-json\/wp\/v2\/users\/10"}],"replies":[{"embeddable":true,"href":"https:\/\/cchim.ca\/fr\/wp-json\/wp\/v2\/comments?post=867547"}],"version-history":[{"count":0,"href":"https:\/\/cchim.ca\/fr\/wp-json\/wp\/v2\/pages\/867547\/revisions"}],"wp:attachment":[{"href":"https:\/\/cchim.ca\/fr\/wp-json\/wp\/v2\/media?parent=867547"}],"curies":[{"name":"wp","href":"https:\/\/api.w.org\/{rel}","templated":true}]}}