{"id":105,"date":"2020-07-30T14:48:46","date_gmt":"2020-07-30T18:48:46","guid":{"rendered":"https:\/\/cchim.ca\/?page_id=105"},"modified":"2024-10-27T06:57:07","modified_gmt":"2024-10-27T10:57:07","slug":"certification","status":"publish","type":"page","link":"https:\/\/cchim.ca\/fr\/certification\/","title":{"rendered":"La certification"},"content":{"rendered":"\n<div class=\"wp-block-cover alignfull is-light\"><span aria-hidden=\"true\" class=\"wp-block-cover__background has-background-dim\"><\/span><img fetchpriority=\"high\" decoding=\"async\" width=\"1920\" height=\"1080\" class=\"wp-block-cover__image-background wp-image-140\" alt=\"\" src=\"https:\/\/cchim.ca\/wp-content\/uploads\/2020\/08\/cchim-woman-boardroom.webp\" data-object-fit=\"cover\" srcset=\"https:\/\/cchim.ca\/wp-content\/uploads\/2020\/08\/cchim-woman-boardroom.webp 1920w, https:\/\/cchim.ca\/wp-content\/uploads\/2020\/08\/cchim-woman-boardroom-650x366.webp 650w, https:\/\/cchim.ca\/wp-content\/uploads\/2020\/08\/cchim-woman-boardroom-940x529.webp 940w, https:\/\/cchim.ca\/wp-content\/uploads\/2020\/08\/cchim-woman-boardroom-768x432.webp 768w, https:\/\/cchim.ca\/wp-content\/uploads\/2020\/08\/cchim-woman-boardroom-1536x864.webp 1536w\" sizes=\"(max-width: 1920px) 100vw, 1920px\" \/><div class=\"wp-block-cover__inner-container is-layout-flow wp-block-cover-is-layout-flow\">\n<h1 class=\"wp-block-heading\"><span class=\"is-style-slug\">La certification<br\/><\/span>La certification apporte une plus grande confiance \u00e0 l\u2019information sur la sant\u00e9 des Canadiens<\/h1>\n<\/div><\/div>\n\n<div class=\"wp-block-pb-section alignfull is-style-white\"><div class=\"o-container\">\n<div class=\"o-row\">\n<div class=\"o-col u-5of12-md\">\n<p class=\"is-style-intro\">La certification indique aux employeurs qu\u2019un professionnel de l\u2019information sur la sant\u00e9 est cr\u00e9dible et qu\u2019il a d\u00e9montr\u00e9 son engagement envers l\u2019industrie.<\/p>\n\n\n\n<p>Les professionnels certifi\u00e9s de l\u2019information sur la sant\u00e9 sont supervis\u00e9s par le Coll\u00e8ge canadien de gestion de l\u2019information sur la sant\u00e9 et doivent adh\u00e9rer \u00e0 un code d\u2019\u00e9thique professionnel. Ils font partie du registre professionnel et sont admissibles \u00e0 utiliser leur(s) titre(s) professionnel(s) apr\u00e8s leur nom (p. ex., Mary Smith, CHIM).   <\/p>\n\n\n\n<p>La certification peut \u00eatre une exigence au sein des organisations et peut conduire \u00e0 un plus grand potentiel de gain ou des possibilit\u00e9s d\u2019avancement professionnel.  <\/p>\n<\/div>\n\n\n\n<div class=\"o-col u-6of12-md u-offset-1of12-md\">\n<div class=\"wp-block-pb-card is-style-light-pattern\"><div class=\"wp-block-pb-card__content\">\n<h2 class=\"wp-block-heading\">Professionnel<\/h2>\n\n\n\n<p>Un professionnel certifi\u00e9 de la gestion de l\u2019information sur la sant\u00e9 (CHIM) est comp\u00e9tent dans de nombreux domaines de pratique diff\u00e9rents, y compris la gouvernance de l\u2019information, la qualit\u00e9 des donn\u00e9es, les connaissances cliniques, l\u2019analyse, la confidentialit\u00e9 et la technologie.<\/p>\n<\/div><\/div>\n\n\n\n<div class=\"wp-block-pb-card is-style-light-pattern\"><div class=\"wp-block-pb-card__content\">\n<h2 class=\"wp-block-heading\">Associ\u00e9<\/h2>\n\n\n\n<p>Un professionnel associ\u00e9 certifi\u00e9 en information sur la sant\u00e9 (HICA) est comp\u00e9tent dans de nombreux domaines de pratique diff\u00e9rents, y compris les connaissances cliniques, le professionnalisme dans les soins de sant\u00e9, la gestion de bureaux de soins de sant\u00e9, la technologie des soins de sant\u00e9 et les syst\u00e8mes de soins de sant\u00e9.<\/p>\n<\/div><\/div>\n\n\n\n<div class=\"wp-block-pb-card is-style-light-pattern\"><div class=\"wp-block-pb-card__content\">\n<h2 class=\"wp-block-heading\">Sp\u00e9cialiste<\/h2>\n\n\n\n<p>Un sp\u00e9cialiste certifi\u00e9 est reconnu dans l\u2019industrie pour son domaine d\u2019expertise particulier. Des certifications sont actuellement disponibles pour la classification et le codage (CCCS), les normes terminologiques (CTSS) et l\u2019am\u00e9lioration de la documentation clinique (CCDIS). <\/p>\n<\/div><\/div>\n<\/div>\n<\/div>\n<\/div><\/div>\n\n<div class=\"wp-block-pb-section alignfull is-style-dark-pattern\"><div class=\"o-container\">\n<h2 class=\"wp-block-heading\" id=\"certification\">Certifications offertes par le Coll\u00e8ge canadien de gestion de l\u2019information sur la sant\u00e9<\/h2>\n\n\n\n<div class=\"o-block-grid o-block-grid-3-md\">\n<div class=\"o-block-grid__item\">\n<a class=\"wp-block-pb-card is-style-default\" href=\"https:\/\/cchim.ca\/certification\/chim\/\"><div class=\"wp-block-pb-card__content\">\n<h3 class=\"c-h2 wp-block-heading\">CHIM<br\/><span class=\"is-style-slug\">Gestion certifi\u00e9e de l\u2019information sur la sant\u00e9<\/span><\/h3>\n\n\n\n<p>Les professionnels du CHIM ont une compr\u00e9hension cibl\u00e9e des domaines de pratique suivants : gouvernance de l\u2019information, qualit\u00e9, terminologie m\u00e9dicale, analyse, technologie et protection de la vie priv\u00e9e. Ils fournissent un leadership et des perspectives critiques sur la collecte, la protection et l\u2019acc\u00e8s aux donn\u00e9es de sant\u00e9. <\/p>\n<\/div><\/a>\n<\/div>\n\n\n\n<div class=\"o-block-grid__item\">\n<a class=\"wp-block-pb-card is-style-default\" href=\"https:\/\/cchim.ca\/certification\/hica\/\"><div class=\"wp-block-pb-card__content\">\n<h3 class=\"c-h2 wp-block-heading\">HICA<br\/><span class=\"is-style-slug\">Associ\u00e9 certifi\u00e9 en information sur la sant\u00e9<\/span><\/h3>\n\n\n\n<p>Les associ\u00e9s certifi\u00e9s en information sur la sant\u00e9 ont une compr\u00e9hension cibl\u00e9e de divers domaines de pratique. Il s\u2019agit notamment de la gouvernance de l\u2019information, de la qualit\u00e9, de la terminologie m\u00e9dicale, de l\u2019analyse, de la technologie et de la protection de la vie priv\u00e9e.\nIls fournissent un leadership et des perspectives critiques sur la collecte, la protection et l\u2019acc\u00e8s aux donn\u00e9es de sant\u00e9. <\/p>\n<\/div><\/a>\n<\/div>\n\n\n\n<div class=\"o-block-grid__item\">\n<a class=\"wp-block-pb-card is-style-default\" href=\"https:\/\/cchim.ca\/certification\/ctss\/\"><div class=\"wp-block-pb-card__content\">\n<h3 class=\"c-h2 wp-block-heading\">CTSS<br\/><span class=\"is-style-slug\">Sp\u00e9cialiste certifi\u00e9 des normes terminologiques<\/span><\/h3>\n\n\n\n<p>Les sp\u00e9cialistes des normes terminologiques dirigent une communication efficace de l\u2019information sur la sant\u00e9, aident aux syst\u00e8mes de dossiers de sant\u00e9 \u00e9lectroniques et apportent de la clart\u00e9 \u00e0 une industrie en \u00e9volution rapide et en \u00e9volution.<\/p>\n<\/div><\/a>\n<\/div>\n\n\n\n<div class=\"o-block-grid__item\">\n<a class=\"wp-block-pb-card\" href=\"\/certification\/cccs\/\"><div class=\"wp-block-pb-card__content\">\n<h3 class=\"c-h2 wp-block-heading\">LE CCCS<br\/><span class=\"is-style-slug\">Sp\u00e9cialiste certifi\u00e9 de la classification et du codage<\/span><\/h3>\n\n\n\n<p>Les sp\u00e9cialistes de la classification et du codage d\u00e9chiffrent la documentation clinique et saisissant les donn\u00e9es sur la sant\u00e9 d\u2019une personne. Ces donn\u00e9es influent sur la prise de d\u00e9cisions \u00e0 l\u2019\u00e9chelle organisationnelle, provinciale, territoriale et nationale.   <\/p>\n<\/div><\/a>\n<\/div>\n\n\n\n<div class=\"o-block-grid__item\">\n<a class=\"wp-block-pb-card is-style-default\" href=\"https:\/\/cchim.ca\/certification\/ccdis\/\"><div class=\"wp-block-pb-card__content\">\n<h3 class=\"c-h2 wp-block-heading\">L\u2019ICCDIS<br\/><span class=\"is-style-slug\">Sp\u00e9cialiste certifi\u00e9 de l\u2019am\u00e9lioration de la documentation clinique<\/span><\/h3>\n\n\n\n<p>Les sp\u00e9cialistes de l\u2019am\u00e9lioration de la documentation clinique peaufinent la combinaison de cas afin d\u2019am\u00e9liorer la qualit\u00e9 des dossiers de sant\u00e9 des Canadiens. Ils veillent \u00e0 ce que l\u2019utilisation appropri\u00e9e des ressources puisse \u00eatre r\u00e9alis\u00e9e gr\u00e2ce \u00e0 une documentation clinique de qualit\u00e9.   <\/p>\n<\/div><\/a>\n<\/div>\n<\/div>\n<\/div><\/div>\n\n<div class=\"wp-block-pb-card is-style-white\"><div class=\"wp-block-pb-card__content\">\n<h2 class=\"wp-block-heading\">Recertification<\/h2>\n\n\n\n<p>Pour en savoir plus sur le processus de recertification des membres professionnels certifi\u00e9s inactifs, visitez la page de recertification.<\/p>\n\n\n\n<div class=\"wp-block-buttons is-layout-flex wp-block-buttons-is-layout-flex\">\n<div class=\"wp-block-button\"><a class=\"wp-block-button__link wp-element-button\" href=\"https:\/\/cchim.ca\/fr\/certification\/renouvellement-du-certificat\/chim-recertification\/\">En savoir plus sur la recertification<\/a><\/div>\n<\/div>\n<\/div><\/div>\n","protected":false},"excerpt":{"rendered":"","protected":false},"author":10,"featured_media":0,"parent":0,"menu_order":12,"comment_status":"closed","ping_status":"closed","template":"","meta":{"footnotes":""},"class_list":["post-105","page","type-page","status-publish","hentry"],"yoast_head":"<!-- This site is optimized with the Yoast SEO Premium plugin v26.2 (Yoast SEO v27.3) - https:\/\/yoast.com\/product\/yoast-seo-premium-wordpress\/ -->\n<title>La certification - Canadian College of Health Information Management<\/title>\n<meta name=\"description\" content=\"La certificationLa certification apporte une plus grande confiance \u00e0 l\u2019information sur la sant\u00e9 des Canadiens La certification indique aux employeurs\" \/>\n<meta name=\"robots\" content=\"index, follow, max-snippet:-1, max-image-preview:large, max-video-preview:-1\" \/>\n<link rel=\"canonical\" href=\"https:\/\/cchim.ca\/fr\/certification\/\" \/>\n<meta property=\"og:locale\" content=\"fr_CA\" \/>\n<meta property=\"og:type\" content=\"article\" \/>\n<meta property=\"og:title\" content=\"La certification\" \/>\n<meta property=\"og:description\" content=\"La certificationLa certification apporte une plus grande confiance \u00e0 l\u2019information sur la sant\u00e9 des Canadiens La certification indique aux employeurs\" \/>\n<meta property=\"og:url\" content=\"https:\/\/cchim.ca\/fr\/certification\/\" \/>\n<meta property=\"og:site_name\" content=\"Canadian College of Health Information Management\" \/>\n<meta property=\"article:modified_time\" content=\"2024-10-27T10:57:07+00:00\" \/>\n<meta property=\"og:image\" content=\"https:\/\/cchim.ca\/wp-content\/uploads\/2020\/08\/cchim-woman-boardroom.webp\" \/>\n\t<meta property=\"og:image:width\" content=\"1920\" \/>\n\t<meta property=\"og:image:height\" content=\"1080\" \/>\n\t<meta property=\"og:image:type\" content=\"image\/webp\" \/>\n<meta name=\"twitter:card\" content=\"summary_large_image\" \/>\n<meta name=\"twitter:label1\" content=\"Estimation du temps de lecture\" \/>\n\t<meta name=\"twitter:data1\" content=\"3 minutes\" \/>\n<script type=\"application\/ld+json\" class=\"yoast-schema-graph\">{\"@context\":\"https:\\\/\\\/schema.org\",\"@graph\":[{\"@type\":\"WebPage\",\"@id\":\"https:\\\/\\\/cchim.ca\\\/fr\\\/certification\\\/\",\"url\":\"https:\\\/\\\/cchim.ca\\\/fr\\\/certification\\\/\",\"name\":\"La certification - Canadian College of Health Information Management\",\"isPartOf\":{\"@id\":\"https:\\\/\\\/cchim.ca\\\/#website\"},\"primaryImageOfPage\":{\"@id\":\"https:\\\/\\\/cchim.ca\\\/fr\\\/certification\\\/#primaryimage\"},\"image\":{\"@id\":\"https:\\\/\\\/cchim.ca\\\/fr\\\/certification\\\/#primaryimage\"},\"thumbnailUrl\":\"https:\\\/\\\/cchim.ca\\\/wp-content\\\/uploads\\\/2020\\\/08\\\/cchim-woman-boardroom.webp\",\"datePublished\":\"2020-07-30T18:48:46+00:00\",\"dateModified\":\"2024-10-27T10:57:07+00:00\",\"description\":\"La certificationLa certification apporte une plus grande confiance \u00e0 l\u2019information sur la sant\u00e9 des Canadiens La certification indique aux employeurs\",\"breadcrumb\":{\"@id\":\"https:\\\/\\\/cchim.ca\\\/fr\\\/certification\\\/#breadcrumb\"},\"inLanguage\":\"fr-CA\",\"potentialAction\":[{\"@type\":\"ReadAction\",\"target\":[\"https:\\\/\\\/cchim.ca\\\/fr\\\/certification\\\/\"]}]},{\"@type\":\"ImageObject\",\"inLanguage\":\"fr-CA\",\"@id\":\"https:\\\/\\\/cchim.ca\\\/fr\\\/certification\\\/#primaryimage\",\"url\":\"https:\\\/\\\/cchim.ca\\\/wp-content\\\/uploads\\\/2020\\\/08\\\/cchim-woman-boardroom.webp\",\"contentUrl\":\"https:\\\/\\\/cchim.ca\\\/wp-content\\\/uploads\\\/2020\\\/08\\\/cchim-woman-boardroom.webp\"},{\"@type\":\"BreadcrumbList\",\"@id\":\"https:\\\/\\\/cchim.ca\\\/fr\\\/certification\\\/#breadcrumb\",\"itemListElement\":[{\"@type\":\"ListItem\",\"position\":1,\"name\":\"Home\",\"item\":\"https:\\\/\\\/cchim.ca\\\/\"},{\"@type\":\"ListItem\",\"position\":2,\"name\":\"La certification\"}]},{\"@type\":\"WebSite\",\"@id\":\"https:\\\/\\\/cchim.ca\\\/#website\",\"url\":\"https:\\\/\\\/cchim.ca\\\/\",\"name\":\"Canadian College of Health Information Management\",\"description\":\"Accrediting academic institutions and certifying health information professionals\",\"publisher\":{\"@id\":\"https:\\\/\\\/cchim.ca\\\/#organization\"},\"alternateName\":\"CCHIM\",\"potentialAction\":[{\"@type\":\"SearchAction\",\"target\":{\"@type\":\"EntryPoint\",\"urlTemplate\":\"https:\\\/\\\/cchim.ca\\\/?s={search_term_string}\"},\"query-input\":{\"@type\":\"PropertyValueSpecification\",\"valueRequired\":true,\"valueName\":\"search_term_string\"}}],\"inLanguage\":\"fr-CA\"},{\"@type\":\"Organization\",\"@id\":\"https:\\\/\\\/cchim.ca\\\/#organization\",\"name\":\"Canadian College of Health Information Management\",\"alternateName\":\"CCHIM\",\"url\":\"https:\\\/\\\/cchim.ca\\\/\",\"logo\":{\"@type\":\"ImageObject\",\"inLanguage\":\"fr-CA\",\"@id\":\"https:\\\/\\\/cchim.ca\\\/#\\\/schema\\\/logo\\\/image\\\/\",\"url\":\"https:\\\/\\\/cchim.ca\\\/wp-content\\\/uploads\\\/2020\\\/08\\\/cropped-favicon.webp\",\"contentUrl\":\"https:\\\/\\\/cchim.ca\\\/wp-content\\\/uploads\\\/2020\\\/08\\\/cropped-favicon.webp\",\"width\":512,\"height\":512,\"caption\":\"Canadian College of Health Information Management\"},\"image\":{\"@id\":\"https:\\\/\\\/cchim.ca\\\/#\\\/schema\\\/logo\\\/image\\\/\"},\"description\":\"Canadian College of Health Information Management\",\"email\":\"support@echima.ca\",\"legalName\":\"Canadian College of Health Information Management\",\"foundingDate\":\"1972-09-07\",\"numberOfEmployees\":{\"@type\":\"QuantitativeValue\",\"minValue\":\"11\",\"maxValue\":\"50\"}}]}<\/script>\n<!-- \/ Yoast SEO Premium plugin. -->","yoast_head_json":{"title":"La certification - Canadian College of Health Information Management","description":"La certificationLa certification apporte une plus grande confiance \u00e0 l\u2019information sur la sant\u00e9 des Canadiens La certification indique aux employeurs","robots":{"index":"index","follow":"follow","max-snippet":"max-snippet:-1","max-image-preview":"max-image-preview:large","max-video-preview":"max-video-preview:-1"},"canonical":"https:\/\/cchim.ca\/fr\/certification\/","og_locale":"fr_CA","og_type":"article","og_title":"La certification","og_description":"La certificationLa certification apporte une plus grande confiance \u00e0 l\u2019information sur la sant\u00e9 des Canadiens La certification indique aux employeurs","og_url":"https:\/\/cchim.ca\/fr\/certification\/","og_site_name":"Canadian College of Health Information Management","article_modified_time":"2024-10-27T10:57:07+00:00","og_image":[{"width":1920,"height":1080,"url":"https:\/\/cchim.ca\/wp-content\/uploads\/2020\/08\/cchim-woman-boardroom.webp","type":"image\/webp"}],"twitter_card":"summary_large_image","twitter_misc":{"Estimation du temps de lecture":"3 minutes"},"schema":{"@context":"https:\/\/schema.org","@graph":[{"@type":"WebPage","@id":"https:\/\/cchim.ca\/fr\/certification\/","url":"https:\/\/cchim.ca\/fr\/certification\/","name":"La certification - Canadian College of Health Information Management","isPartOf":{"@id":"https:\/\/cchim.ca\/#website"},"primaryImageOfPage":{"@id":"https:\/\/cchim.ca\/fr\/certification\/#primaryimage"},"image":{"@id":"https:\/\/cchim.ca\/fr\/certification\/#primaryimage"},"thumbnailUrl":"https:\/\/cchim.ca\/wp-content\/uploads\/2020\/08\/cchim-woman-boardroom.webp","datePublished":"2020-07-30T18:48:46+00:00","dateModified":"2024-10-27T10:57:07+00:00","description":"La certificationLa certification apporte une plus grande confiance \u00e0 l\u2019information sur la sant\u00e9 des Canadiens La certification indique aux employeurs","breadcrumb":{"@id":"https:\/\/cchim.ca\/fr\/certification\/#breadcrumb"},"inLanguage":"fr-CA","potentialAction":[{"@type":"ReadAction","target":["https:\/\/cchim.ca\/fr\/certification\/"]}]},{"@type":"ImageObject","inLanguage":"fr-CA","@id":"https:\/\/cchim.ca\/fr\/certification\/#primaryimage","url":"https:\/\/cchim.ca\/wp-content\/uploads\/2020\/08\/cchim-woman-boardroom.webp","contentUrl":"https:\/\/cchim.ca\/wp-content\/uploads\/2020\/08\/cchim-woman-boardroom.webp"},{"@type":"BreadcrumbList","@id":"https:\/\/cchim.ca\/fr\/certification\/#breadcrumb","itemListElement":[{"@type":"ListItem","position":1,"name":"Home","item":"https:\/\/cchim.ca\/"},{"@type":"ListItem","position":2,"name":"La certification"}]},{"@type":"WebSite","@id":"https:\/\/cchim.ca\/#website","url":"https:\/\/cchim.ca\/","name":"Canadian College of Health Information Management","description":"Accrediting academic institutions and certifying health information professionals","publisher":{"@id":"https:\/\/cchim.ca\/#organization"},"alternateName":"CCHIM","potentialAction":[{"@type":"SearchAction","target":{"@type":"EntryPoint","urlTemplate":"https:\/\/cchim.ca\/?s={search_term_string}"},"query-input":{"@type":"PropertyValueSpecification","valueRequired":true,"valueName":"search_term_string"}}],"inLanguage":"fr-CA"},{"@type":"Organization","@id":"https:\/\/cchim.ca\/#organization","name":"Canadian College of Health Information Management","alternateName":"CCHIM","url":"https:\/\/cchim.ca\/","logo":{"@type":"ImageObject","inLanguage":"fr-CA","@id":"https:\/\/cchim.ca\/#\/schema\/logo\/image\/","url":"https:\/\/cchim.ca\/wp-content\/uploads\/2020\/08\/cropped-favicon.webp","contentUrl":"https:\/\/cchim.ca\/wp-content\/uploads\/2020\/08\/cropped-favicon.webp","width":512,"height":512,"caption":"Canadian College of Health Information Management"},"image":{"@id":"https:\/\/cchim.ca\/#\/schema\/logo\/image\/"},"description":"Canadian College of Health Information Management","email":"support@echima.ca","legalName":"Canadian College of Health Information Management","foundingDate":"1972-09-07","numberOfEmployees":{"@type":"QuantitativeValue","minValue":"11","maxValue":"50"}}]}},"_links":{"self":[{"href":"https:\/\/cchim.ca\/fr\/wp-json\/wp\/v2\/pages\/105","targetHints":{"allow":["GET"]}}],"collection":[{"href":"https:\/\/cchim.ca\/fr\/wp-json\/wp\/v2\/pages"}],"about":[{"href":"https:\/\/cchim.ca\/fr\/wp-json\/wp\/v2\/types\/page"}],"author":[{"embeddable":true,"href":"https:\/\/cchim.ca\/fr\/wp-json\/wp\/v2\/users\/10"}],"replies":[{"embeddable":true,"href":"https:\/\/cchim.ca\/fr\/wp-json\/wp\/v2\/comments?post=105"}],"version-history":[{"count":0,"href":"https:\/\/cchim.ca\/fr\/wp-json\/wp\/v2\/pages\/105\/revisions"}],"wp:attachment":[{"href":"https:\/\/cchim.ca\/fr\/wp-json\/wp\/v2\/media?parent=105"}],"curies":[{"name":"wp","href":"https:\/\/api.w.org\/{rel}","templated":true}]}}